{"id":51900,"date":"2025-12-05T13:17:50","date_gmt":"2025-12-05T18:17:50","guid":{"rendered":"https:\/\/www.wiego.org\/?page_id=51900"},"modified":"2025-12-09T16:01:46","modified_gmt":"2025-12-09T21:01:46","slug":"alerte-ethique","status":"publish","type":"page","link":"https:\/\/www.wiego.org\/fr\/alerte-ethique\/","title":{"rendered":"Politique et proc\u00e9dure d\u2019alerte \u00e9thique de WIEGO"},"content":{"rendered":"<p>\u00c0 WIEGO, nous nous engageons \u00e0 suivre les plus hauts standards d\u2019int\u00e9grit\u00e9, de reddition de comptes et de conduite \u00e9thique. Nous voulons garantir que toute pr\u00e9occupation s\u00e9rieuse concernant des pratiques r\u00e9pr\u00e9hensibles au sein de notre organisation puisse \u00eatre signal\u00e9e en toute s\u00e9curit\u00e9 et trait\u00e9e de mani\u00e8re appropri\u00e9e. Cette politique et cette proc\u00e9dure expliquent comment lancer une alerte \u00e9thique et comment celle-ci sera trait\u00e9e.<\/p>\n<p>Si vous estimez avoir constat\u00e9 des pratiques r\u00e9pr\u00e9hensibles, des fautes professionnelles ou des comportements contraires \u00e0 l\u2019\u00e9thique dans le cadre des activit\u00e9s de WIEGO, nous vous encourageons \u00e0 nous en faire part d\u00e8s que possible. Toutes les alertes sont trait\u00e9es de mani\u00e8re confidentielle, et les personnes qui en font part sont prot\u00e9g\u00e9es contre toute forme de repr\u00e9sailles.<\/p>\n<h3>Qu\u2019est-ce que l\u2019alerte \u00e9thique ?<\/h3>\n<p>Le lancement d\u2019alerte consiste \u00e0 signaler des pr\u00e9occupations graves concernant des pratiques r\u00e9pr\u00e9hensibles susceptibles de nuire \u00e0 WIEGO, aux membres de son \u00e9quipe, \u00e0 ses partenaires ou aux personnes et communaut\u00e9s avec lesquelles nous travaillons. Cela peut inclure des activit\u00e9s criminelles, l\u2019utilisation impropre de fonds caritatifs, le non-respect de dispositions l\u00e9gales, des risques pour la sant\u00e9 et la s\u00e9curit\u00e9, des dommages environnementaux ou des tentatives visant \u00e0 dissimuler de telles pratiques r\u00e9pr\u00e9hensibles. Ces pr\u00e9occupations d\u00e9passent le cadre des probl\u00e8mes personnels et concernent des enjeux ayant une incidence sur l\u2019ensemble de l\u2019organisation.<\/p>\n<h3>Comment WIEGO traite les lancements d\u2019alertes \u00e9thiques<\/h3>\n<p>D\u00e8s qu\u2019une pr\u00e9occupation est soulev\u00e9e, WIEGO veille \u00e0 ce qu\u2019elle soit trait\u00e9e avec soin, confidentialit\u00e9 et impartialit\u00e9. Apr\u00e8s confirmation de r\u00e9ception par la personne de m\u00e9diation du Conseil d\u2019administration de WIEGO, la pr\u00e9occupation est examin\u00e9e afin de d\u00e9terminer si une enqu\u00eate officielle est n\u00e9cessaire. Si tel est le cas, une personne impartiale, interne ou externe, enqu\u00eatera sur les faits, recueillera les preuves pertinentes et pr\u00e9sentera ses conclusions au Conseil d\u2019administration de WIEGO. Des mesures correctives sont prises lorsque cela est n\u00e9cessaire, et toute personne qui fait part de ses pr\u00e9occupations de bonne foi b\u00e9n\u00e9ficie d\u2019une protection. Les lancements d\u2019alerte anonymes sont \u00e9galement pris en consid\u00e9ration, m\u00eame si l\u2019anonymat peut limiter les mesures de suivi.<\/p>\n<h6>Si vous souhaitez faire part d\u2019une pr\u00e9occupation, n\u2019h\u00e9sitez pas \u00e0 \u00e9crire \u00e0 <a href=\"mailto:whistleblowing@wiego.org\">whistleblowing@wiego.org<\/a>. Votre message sera trait\u00e9 avec discr\u00e9tion et confidentialit\u00e9, et nous vous encourageons \u00e0 partager autant d\u2019informations que vous le souhaitez afin que nous puissions vous r\u00e9pondre convenablement.<\/h6>\n","protected":false},"excerpt":{"rendered":"<p>Chez WIEGO, nous voulons assurer la protection de toute personne entrant en contact avec notre organisation. Nous avons un engagement pour sauvegarder la dignit\u00e9, la s\u00e9curit\u00e9 et les droits des travailleuse\u00b7eur\u00b7s de l\u2019informel et, puisque nous le prenons au s\u00e9rieux, notre souhait est de vous entendre si vous avez le sentiment que, d\u2019une mani\u00e8re ou d\u2019une autre, on a port\u00e9 atteint \u00e0 votre dignit\u00e9, \u00e0 votre s\u00e9curit\u00e9 ou \u00e0 vos droits lors de votre interaction avec WIEGO. Nous appelons cet aspect de notre action la \u00ab\u00a0Protection\u00a0\u00bb [Safeguarding].<\/p>\n","protected":false},"author":10,"featured_media":0,"parent":0,"menu_order":0,"comment_status":"closed","ping_status":"closed","template":"","meta":{"_acf_changed":false,"_relevanssi_hide_post":"","_relevanssi_hide_content":"","_relevanssi_pin_for_all":"","_relevanssi_pin_keywords":"","_relevanssi_unpin_keywords":"","_relevanssi_related_keywords":"","_relevanssi_related_include_ids":"0","_relevanssi_related_exclude_ids":"","_relevanssi_related_no_append":"","_relevanssi_related_not_related":"","_relevanssi_related_posts":"40769,26114,47149,40035,40041,40755,40037,26107,26097,26083","_relevanssi_noindex_reason":"","footnotes":""},"class_list":["post-51900","page","type-page","status-publish","hentry"],"acf":[],"yoast_head":"<!-- This site is optimized with the Yoast SEO Premium plugin v23.8 (Yoast SEO v27.0) - https:\/\/yoast.com\/product\/yoast-seo-premium-wordpress\/ -->\n<title>Politique et proc\u00e9dure d\u2019alerte \u00e9thique de WIEGO - WIEGO<\/title>\n<meta name=\"robots\" content=\"index, follow, max-snippet:-1, max-image-preview:large, max-video-preview:-1\" \/>\n<link rel=\"canonical\" href=\"https:\/\/www.wiego.org\/fr\/alerte-ethique\/\" \/>\n<meta property=\"og:locale\" content=\"fr_FR\" \/>\n<meta property=\"og:type\" content=\"article\" \/>\n<meta property=\"og:title\" content=\"Politique et proc\u00e9dure d\u2019alerte \u00e9thique de WIEGO\" \/>\n<meta property=\"og:description\" content=\"Chez WIEGO, nous voulons assurer la protection de toute personne entrant en contact avec notre organisation. Nous avons un engagement pour sauvegarder la dignit\u00e9, la s\u00e9curit\u00e9 et les droits des travailleuse\u00b7eur\u00b7s de l\u2019informel et, puisque nous le prenons au s\u00e9rieux, notre souhait est de vous entendre si vous avez le sentiment que, d\u2019une mani\u00e8re ou d\u2019une autre, on a port\u00e9 atteint \u00e0 votre dignit\u00e9, \u00e0 votre s\u00e9curit\u00e9 ou \u00e0 vos droits lors de votre interaction avec WIEGO. Nous appelons cet aspect de notre action la \u00ab\u00a0Protection\u00a0\u00bb [Safeguarding].\" \/>\n<meta property=\"og:url\" content=\"https:\/\/www.wiego.org\/fr\/alerte-ethique\/\" \/>\n<meta property=\"og:site_name\" content=\"WIEGO\" \/>\n<meta property=\"article:publisher\" content=\"https:\/\/www.facebook.com\/wiegoglobal\/\" \/>\n<meta property=\"article:modified_time\" content=\"2025-12-09T21:01:46+00:00\" \/>\n<meta property=\"og:image\" content=\"https:\/\/www.wiego.org\/wp-content\/uploads\/2024\/12\/WIEGO_Open-Graph_option-1-1024x538.png\" \/>\n\t<meta property=\"og:image:width\" content=\"1024\" \/>\n\t<meta property=\"og:image:height\" content=\"538\" \/>\n\t<meta property=\"og:image:type\" content=\"image\/png\" \/>\n<meta name=\"twitter:card\" content=\"summary_large_image\" \/>\n<meta name=\"twitter:site\" content=\"@wiegoglobal\" \/>\n<meta name=\"twitter:label1\" content=\"Est. reading time\" \/>\n\t<meta name=\"twitter:data1\" content=\"2 minutes\" \/>\n<script type=\"application\/ld+json\" class=\"yoast-schema-graph\">{\"@context\":\"https:\/\/schema.org\",\"@graph\":[{\"@type\":\"WebPage\",\"@id\":\"https:\/\/www.wiego.org\/fr\/alerte-ethique\/\",\"url\":\"https:\/\/www.wiego.org\/fr\/alerte-ethique\/\",\"name\":\"Politique et proc\u00e9dure d\u2019alerte \u00e9thique de WIEGO - WIEGO\",\"isPartOf\":{\"@id\":\"https:\/\/www.wiego.org\/fr\/#website\"},\"datePublished\":\"2025-12-05T18:17:50+00:00\",\"dateModified\":\"2025-12-09T21:01:46+00:00\",\"breadcrumb\":{\"@id\":\"https:\/\/www.wiego.org\/fr\/alerte-ethique\/#breadcrumb\"},\"inLanguage\":\"fr-FR\",\"potentialAction\":[{\"@type\":\"ReadAction\",\"target\":[\"https:\/\/www.wiego.org\/fr\/alerte-ethique\/\"]}]},{\"@type\":\"WebSite\",\"@id\":\"https:\/\/www.wiego.org\/fr\/#website\",\"url\":\"https:\/\/www.wiego.org\/fr\/\",\"name\":\"WIEGO\",\"description\":\"\",\"publisher\":{\"@id\":\"https:\/\/www.wiego.org\/fr\/#organization\"},\"potentialAction\":[{\"@type\":\"SearchAction\",\"target\":{\"@type\":\"EntryPoint\",\"urlTemplate\":\"https:\/\/www.wiego.org\/fr\/?s={search_term_string}\"},\"query-input\":{\"@type\":\"PropertyValueSpecification\",\"valueRequired\":true,\"valueName\":\"search_term_string\"}}],\"inLanguage\":\"fr-FR\"},{\"@type\":\"Organization\",\"@id\":\"https:\/\/www.wiego.org\/fr\/#organization\",\"name\":\"WIEGO\",\"url\":\"https:\/\/www.wiego.org\/fr\/\",\"logo\":{\"@type\":\"ImageObject\",\"inLanguage\":\"fr-FR\",\"@id\":\"https:\/\/www.wiego.org\/fr\/#\/schema\/logo\/image\/\",\"url\":\"https:\/\/www.wiego.org\/wp-content\/uploads\/2024\/12\/logo.svg\",\"contentUrl\":\"https:\/\/www.wiego.org\/wp-content\/uploads\/2024\/12\/logo.svg\",\"width\":142,\"height\":90,\"caption\":\"WIEGO\"},\"image\":{\"@id\":\"https:\/\/www.wiego.org\/fr\/#\/schema\/logo\/image\/\"},\"sameAs\":[\"https:\/\/www.facebook.com\/wiegoglobal\/\",\"https:\/\/x.com\/wiegoglobal\",\"https:\/\/www.linkedin.com\/company\/wiego\/\",\"https:\/\/www.youtube.com\/user\/wiegoglobal\"],\"description\":\"WIEGO is a global network that supports the movement of workers in informal employment.\"},{\"@type\":\"BreadcrumbList\",\"itemListElement\":[{\"@type\":\"ListItem\",\"position\":1,\"item\":{\"@id\":\"https:\/\/www.wiego.org\/fr\/\",\"name\":\"WIEGO\"}},{\"@type\":\"ListItem\",\"position\":2,\"item\":{\"@id\":\"https:\/\/www.wiego.org\/fr\/blog\/\",\"name\":\"Blog WIEGO\"}}],\"@id\":\"\/#breadcrumb\"}]}<\/script>\n<!-- \/ Yoast SEO Premium plugin. -->","yoast_head_json":{"title":"Politique et proc\u00e9dure d\u2019alerte \u00e9thique de WIEGO - WIEGO","robots":{"index":"index","follow":"follow","max-snippet":"max-snippet:-1","max-image-preview":"max-image-preview:large","max-video-preview":"max-video-preview:-1"},"canonical":"https:\/\/www.wiego.org\/fr\/alerte-ethique\/","og_locale":"fr_FR","og_type":"article","og_title":"Politique et proc\u00e9dure d\u2019alerte \u00e9thique de WIEGO","og_description":"Chez WIEGO, nous voulons assurer la protection de toute personne entrant en contact avec notre organisation. Nous avons un engagement pour sauvegarder la dignit\u00e9, la s\u00e9curit\u00e9 et les droits des travailleuse\u00b7eur\u00b7s de l\u2019informel et, puisque nous le prenons au s\u00e9rieux, notre souhait est de vous entendre si vous avez le sentiment que, d\u2019une mani\u00e8re ou d\u2019une autre, on a port\u00e9 atteint \u00e0 votre dignit\u00e9, \u00e0 votre s\u00e9curit\u00e9 ou \u00e0 vos droits lors de votre interaction avec WIEGO. Nous appelons cet aspect de notre action la \u00ab\u00a0Protection\u00a0\u00bb [Safeguarding].","og_url":"https:\/\/www.wiego.org\/fr\/alerte-ethique\/","og_site_name":"WIEGO","article_publisher":"https:\/\/www.facebook.com\/wiegoglobal\/","article_modified_time":"2025-12-09T21:01:46+00:00","og_image":[{"width":1024,"height":538,"url":"https:\/\/www.wiego.org\/wp-content\/uploads\/2024\/12\/WIEGO_Open-Graph_option-1-1024x538.png","type":"image\/png"}],"twitter_card":"summary_large_image","twitter_site":"@wiegoglobal","twitter_misc":{"Est. reading time":"2 minutes"},"schema":{"@context":"https:\/\/schema.org","@graph":[{"@type":"WebPage","@id":"https:\/\/www.wiego.org\/fr\/alerte-ethique\/","url":"https:\/\/www.wiego.org\/fr\/alerte-ethique\/","name":"Politique et proc\u00e9dure d\u2019alerte \u00e9thique de WIEGO - WIEGO","isPartOf":{"@id":"https:\/\/www.wiego.org\/fr\/#website"},"datePublished":"2025-12-05T18:17:50+00:00","dateModified":"2025-12-09T21:01:46+00:00","breadcrumb":{"@id":"https:\/\/www.wiego.org\/fr\/alerte-ethique\/#breadcrumb"},"inLanguage":"fr-FR","potentialAction":[{"@type":"ReadAction","target":["https:\/\/www.wiego.org\/fr\/alerte-ethique\/"]}]},{"@type":"WebSite","@id":"https:\/\/www.wiego.org\/fr\/#website","url":"https:\/\/www.wiego.org\/fr\/","name":"WIEGO","description":"","publisher":{"@id":"https:\/\/www.wiego.org\/fr\/#organization"},"potentialAction":[{"@type":"SearchAction","target":{"@type":"EntryPoint","urlTemplate":"https:\/\/www.wiego.org\/fr\/?s={search_term_string}"},"query-input":{"@type":"PropertyValueSpecification","valueRequired":true,"valueName":"search_term_string"}}],"inLanguage":"fr-FR"},{"@type":"Organization","@id":"https:\/\/www.wiego.org\/fr\/#organization","name":"WIEGO","url":"https:\/\/www.wiego.org\/fr\/","logo":{"@type":"ImageObject","inLanguage":"fr-FR","@id":"https:\/\/www.wiego.org\/fr\/#\/schema\/logo\/image\/","url":"https:\/\/www.wiego.org\/wp-content\/uploads\/2024\/12\/logo.svg","contentUrl":"https:\/\/www.wiego.org\/wp-content\/uploads\/2024\/12\/logo.svg","width":142,"height":90,"caption":"WIEGO"},"image":{"@id":"https:\/\/www.wiego.org\/fr\/#\/schema\/logo\/image\/"},"sameAs":["https:\/\/www.facebook.com\/wiegoglobal\/","https:\/\/x.com\/wiegoglobal","https:\/\/www.linkedin.com\/company\/wiego\/","https:\/\/www.youtube.com\/user\/wiegoglobal"],"description":"WIEGO is a global network that supports the movement of workers in informal employment."},{"@type":"BreadcrumbList","itemListElement":[{"@type":"ListItem","position":1,"item":{"@id":"https:\/\/www.wiego.org\/fr\/","name":"WIEGO"}},{"@type":"ListItem","position":2,"item":{"@id":"https:\/\/www.wiego.org\/fr\/blog\/","name":"Blog WIEGO"}}],"@id":"\/#breadcrumb"}]}},"_links":{"self":[{"href":"https:\/\/www.wiego.org\/fr\/wp-json\/wp\/v2\/pages\/51900","targetHints":{"allow":["GET"]}}],"collection":[{"href":"https:\/\/www.wiego.org\/fr\/wp-json\/wp\/v2\/pages"}],"about":[{"href":"https:\/\/www.wiego.org\/fr\/wp-json\/wp\/v2\/types\/page"}],"author":[{"embeddable":true,"href":"https:\/\/www.wiego.org\/fr\/wp-json\/wp\/v2\/users\/10"}],"replies":[{"embeddable":true,"href":"https:\/\/www.wiego.org\/fr\/wp-json\/wp\/v2\/comments?post=51900"}],"version-history":[{"count":6,"href":"https:\/\/www.wiego.org\/fr\/wp-json\/wp\/v2\/pages\/51900\/revisions"}],"predecessor-version":[{"id":51976,"href":"https:\/\/www.wiego.org\/fr\/wp-json\/wp\/v2\/pages\/51900\/revisions\/51976"}],"wp:attachment":[{"href":"https:\/\/www.wiego.org\/fr\/wp-json\/wp\/v2\/media?parent=51900"}],"curies":[{"name":"wp","href":"https:\/\/api.w.org\/{rel}","templated":true}]}}