{"id":50897,"date":"2019-06-11T17:19:04","date_gmt":"2019-06-11T21:19:04","guid":{"rendered":"https:\/\/www.wiego.org\/?page_id=50897"},"modified":"2026-01-26T21:07:47","modified_gmt":"2026-01-27T02:07:47","slug":"nous-contacter","status":"publish","type":"page","link":"https:\/\/www.wiego.org\/fr\/nous-contacter\/","title":{"rendered":"Nous contacter"},"content":{"rendered":"<h3>WIEGO est un r\u00e9seau mondial dont le si\u00e8ge social est situ\u00e9 au Royaume-Uni.<\/h3>\n<p>Vous pouvez nous contacter \u00e0 l&#8217;adresse ci-dessous ou utiliser le formulaire ci-dessous. Veuillez pr\u00e9voir plusieurs jours pour obtenir une r\u00e9ponse.<\/p>\n<p><strong>REMARQUE : nous ne sommes pas en mesure de r\u00e9pondre aux nombreuses demandes d&#8217;aide \u00e0 la recherche que nous recevons de la part d&#8217;\u00e9tudiants.<\/strong><\/p>\n<h3>Bureau des op\u00e9rations<\/h3>\n<p>Women in Informal Employment: Globalizing and Organizing (WIEGO) Limited<br \/>\n521 Royal Exchange<br \/>\nManchester M2 7EN<br \/>\nRoyaume-Uni<\/p>\n<p><strong>T\u00e9l\u00e9phone: <\/strong>44-161-819-1200\u00a0 \u00a0 \u00a0 \u00a0|\u00a0 \u00a0 \u00a0 \u00a0<strong>Email: <\/strong>wiego@wiego.org<\/p>\n<p><em>Organisme caritatif enregistr\u00e9 sous le num\u00e9ro 1143510, agr\u00e9\u00e9 par la Charities Commission of England and Wales (Commission des organismes caritatifs d&#8217;Angleterre et du Pays de Galles).<br \/>\nEntreprise enregistr\u00e9e sous le num\u00e9ro 06273538, agr\u00e9\u00e9e par le Registrar of Companies for England and Wales (Registraire des soci\u00e9t\u00e9s d\u2019Angleterre et du Pays de Galles).<br \/>\n<\/em><\/p>\n<p class=\"indented-content-block\"><strong><a href=\"https:\/\/www.wiego.org\/fr\/salle-de-presse\/\">Salle de presse<\/a>\u00a0 \u00a0 \u00a0 |\u00a0 \u00a0 \u00a0 <a href=\"https:\/\/www.wiego.org\/fr\/faire-equipe-avec-wiego\/\">Faire \u00e9quipe avec WIEGO<\/a><\/strong><\/p>\n","protected":false},"excerpt":{"rendered":"<p>WIEGO est un r\u00e9seau mondial dont le si\u00e8ge social est situ\u00e9 au Royaume-Uni. Vous pouvez nous contacter \u00e0 l&#8217;adresse ci-dessous ou utiliser le formulaire ci-dessous. Veuillez pr\u00e9voir plusieurs jours pour obtenir une r\u00e9ponse. REMARQUE : nous ne sommes pas en mesure de r\u00e9pondre aux nombreuses demandes d&#8217;aide \u00e0 la recherche que nous recevons de la [&hellip;]<\/p>\n","protected":false},"author":10,"featured_media":0,"parent":0,"menu_order":0,"comment_status":"closed","ping_status":"closed","template":"","meta":{"_acf_changed":false,"_relevanssi_hide_post":"","_relevanssi_hide_content":"","_relevanssi_pin_for_all":"","_relevanssi_pin_keywords":"","_relevanssi_unpin_keywords":"","_relevanssi_related_keywords":"","_relevanssi_related_include_ids":"0","_relevanssi_related_exclude_ids":"","_relevanssi_related_no_append":"","_relevanssi_related_not_related":"","_relevanssi_related_posts":"40259,26153,39745,40156,39767,45866,39739,40820,40039,26144","_relevanssi_noindex_reason":"","footnotes":""},"class_list":["post-50897","page","type-page","status-publish","hentry"],"acf":[],"yoast_head":"<!-- This site is optimized with the Yoast SEO Premium plugin v23.8 (Yoast SEO v27.0) - https:\/\/yoast.com\/product\/yoast-seo-premium-wordpress\/ -->\n<title>Nous contacter - WIEGO<\/title>\n<meta name=\"robots\" content=\"index, follow, max-snippet:-1, max-image-preview:large, max-video-preview:-1\" \/>\n<link rel=\"canonical\" href=\"https:\/\/www.wiego.org\/fr\/nous-contacter\/\" \/>\n<meta property=\"og:locale\" content=\"fr_FR\" \/>\n<meta property=\"og:type\" content=\"article\" \/>\n<meta property=\"og:title\" content=\"Nous contacter\" \/>\n<meta property=\"og:description\" content=\"WIEGO est un r\u00e9seau mondial dont le si\u00e8ge social est situ\u00e9 au Royaume-Uni. Vous pouvez nous contacter \u00e0 l&#8217;adresse ci-dessous ou utiliser le formulaire ci-dessous. Veuillez pr\u00e9voir plusieurs jours pour obtenir une r\u00e9ponse. REMARQUE : nous ne sommes pas en mesure de r\u00e9pondre aux nombreuses demandes d&#8217;aide \u00e0 la recherche que nous recevons de la [&hellip;]\" \/>\n<meta property=\"og:url\" content=\"https:\/\/www.wiego.org\/fr\/nous-contacter\/\" \/>\n<meta property=\"og:site_name\" content=\"WIEGO\" \/>\n<meta property=\"article:publisher\" content=\"https:\/\/www.facebook.com\/wiegoglobal\/\" \/>\n<meta property=\"article:modified_time\" content=\"2026-01-27T02:07:47+00:00\" \/>\n<meta property=\"og:image\" content=\"https:\/\/www.wiego.org\/wp-content\/uploads\/2024\/12\/WIEGO_Open-Graph_option-1-1024x538.png\" \/>\n\t<meta property=\"og:image:width\" content=\"1024\" \/>\n\t<meta property=\"og:image:height\" content=\"538\" \/>\n\t<meta property=\"og:image:type\" content=\"image\/png\" \/>\n<meta name=\"twitter:card\" content=\"summary_large_image\" \/>\n<meta name=\"twitter:site\" content=\"@wiegoglobal\" \/>\n<meta name=\"twitter:label1\" content=\"Est. reading time\" \/>\n\t<meta name=\"twitter:data1\" content=\"1 minute\" \/>\n<script type=\"application\/ld+json\" class=\"yoast-schema-graph\">{\"@context\":\"https:\/\/schema.org\",\"@graph\":[{\"@type\":\"WebPage\",\"@id\":\"https:\/\/www.wiego.org\/fr\/nous-contacter\/\",\"url\":\"https:\/\/www.wiego.org\/fr\/nous-contacter\/\",\"name\":\"Nous contacter - WIEGO\",\"isPartOf\":{\"@id\":\"https:\/\/www.wiego.org\/fr\/#website\"},\"datePublished\":\"2019-06-11T21:19:04+00:00\",\"dateModified\":\"2026-01-27T02:07:47+00:00\",\"breadcrumb\":{\"@id\":\"https:\/\/www.wiego.org\/fr\/nous-contacter\/#breadcrumb\"},\"inLanguage\":\"fr-FR\",\"potentialAction\":[{\"@type\":\"ReadAction\",\"target\":[\"https:\/\/www.wiego.org\/fr\/nous-contacter\/\"]}]},{\"@type\":\"WebSite\",\"@id\":\"https:\/\/www.wiego.org\/fr\/#website\",\"url\":\"https:\/\/www.wiego.org\/fr\/\",\"name\":\"WIEGO\",\"description\":\"\",\"publisher\":{\"@id\":\"https:\/\/www.wiego.org\/fr\/#organization\"},\"potentialAction\":[{\"@type\":\"SearchAction\",\"target\":{\"@type\":\"EntryPoint\",\"urlTemplate\":\"https:\/\/www.wiego.org\/fr\/?s={search_term_string}\"},\"query-input\":{\"@type\":\"PropertyValueSpecification\",\"valueRequired\":true,\"valueName\":\"search_term_string\"}}],\"inLanguage\":\"fr-FR\"},{\"@type\":\"Organization\",\"@id\":\"https:\/\/www.wiego.org\/fr\/#organization\",\"name\":\"WIEGO\",\"url\":\"https:\/\/www.wiego.org\/fr\/\",\"logo\":{\"@type\":\"ImageObject\",\"inLanguage\":\"fr-FR\",\"@id\":\"https:\/\/www.wiego.org\/fr\/#\/schema\/logo\/image\/\",\"url\":\"https:\/\/www.wiego.org\/wp-content\/uploads\/2024\/12\/logo.svg\",\"contentUrl\":\"https:\/\/www.wiego.org\/wp-content\/uploads\/2024\/12\/logo.svg\",\"width\":142,\"height\":90,\"caption\":\"WIEGO\"},\"image\":{\"@id\":\"https:\/\/www.wiego.org\/fr\/#\/schema\/logo\/image\/\"},\"sameAs\":[\"https:\/\/www.facebook.com\/wiegoglobal\/\",\"https:\/\/x.com\/wiegoglobal\",\"https:\/\/www.linkedin.com\/company\/wiego\/\",\"https:\/\/www.youtube.com\/user\/wiegoglobal\"],\"description\":\"WIEGO is a global network that supports the movement of workers in informal employment.\"},{\"@type\":\"BreadcrumbList\",\"itemListElement\":[{\"@type\":\"ListItem\",\"position\":1,\"item\":{\"@id\":\"https:\/\/www.wiego.org\/fr\/\",\"name\":\"WIEGO\"}},{\"@type\":\"ListItem\",\"position\":2,\"item\":{\"@id\":\"https:\/\/www.wiego.org\/fr\/blog\/\",\"name\":\"Blog WIEGO\"}}],\"@id\":\"\/#breadcrumb\"}]}<\/script>\n<!-- \/ Yoast SEO Premium plugin. -->","yoast_head_json":{"title":"Nous contacter - WIEGO","robots":{"index":"index","follow":"follow","max-snippet":"max-snippet:-1","max-image-preview":"max-image-preview:large","max-video-preview":"max-video-preview:-1"},"canonical":"https:\/\/www.wiego.org\/fr\/nous-contacter\/","og_locale":"fr_FR","og_type":"article","og_title":"Nous contacter","og_description":"WIEGO est un r\u00e9seau mondial dont le si\u00e8ge social est situ\u00e9 au Royaume-Uni. Vous pouvez nous contacter \u00e0 l&#8217;adresse ci-dessous ou utiliser le formulaire ci-dessous. Veuillez pr\u00e9voir plusieurs jours pour obtenir une r\u00e9ponse. REMARQUE : nous ne sommes pas en mesure de r\u00e9pondre aux nombreuses demandes d&#8217;aide \u00e0 la recherche que nous recevons de la [&hellip;]","og_url":"https:\/\/www.wiego.org\/fr\/nous-contacter\/","og_site_name":"WIEGO","article_publisher":"https:\/\/www.facebook.com\/wiegoglobal\/","article_modified_time":"2026-01-27T02:07:47+00:00","og_image":[{"width":1024,"height":538,"url":"https:\/\/www.wiego.org\/wp-content\/uploads\/2024\/12\/WIEGO_Open-Graph_option-1-1024x538.png","type":"image\/png"}],"twitter_card":"summary_large_image","twitter_site":"@wiegoglobal","twitter_misc":{"Est. reading time":"1 minute"},"schema":{"@context":"https:\/\/schema.org","@graph":[{"@type":"WebPage","@id":"https:\/\/www.wiego.org\/fr\/nous-contacter\/","url":"https:\/\/www.wiego.org\/fr\/nous-contacter\/","name":"Nous contacter - WIEGO","isPartOf":{"@id":"https:\/\/www.wiego.org\/fr\/#website"},"datePublished":"2019-06-11T21:19:04+00:00","dateModified":"2026-01-27T02:07:47+00:00","breadcrumb":{"@id":"https:\/\/www.wiego.org\/fr\/nous-contacter\/#breadcrumb"},"inLanguage":"fr-FR","potentialAction":[{"@type":"ReadAction","target":["https:\/\/www.wiego.org\/fr\/nous-contacter\/"]}]},{"@type":"WebSite","@id":"https:\/\/www.wiego.org\/fr\/#website","url":"https:\/\/www.wiego.org\/fr\/","name":"WIEGO","description":"","publisher":{"@id":"https:\/\/www.wiego.org\/fr\/#organization"},"potentialAction":[{"@type":"SearchAction","target":{"@type":"EntryPoint","urlTemplate":"https:\/\/www.wiego.org\/fr\/?s={search_term_string}"},"query-input":{"@type":"PropertyValueSpecification","valueRequired":true,"valueName":"search_term_string"}}],"inLanguage":"fr-FR"},{"@type":"Organization","@id":"https:\/\/www.wiego.org\/fr\/#organization","name":"WIEGO","url":"https:\/\/www.wiego.org\/fr\/","logo":{"@type":"ImageObject","inLanguage":"fr-FR","@id":"https:\/\/www.wiego.org\/fr\/#\/schema\/logo\/image\/","url":"https:\/\/www.wiego.org\/wp-content\/uploads\/2024\/12\/logo.svg","contentUrl":"https:\/\/www.wiego.org\/wp-content\/uploads\/2024\/12\/logo.svg","width":142,"height":90,"caption":"WIEGO"},"image":{"@id":"https:\/\/www.wiego.org\/fr\/#\/schema\/logo\/image\/"},"sameAs":["https:\/\/www.facebook.com\/wiegoglobal\/","https:\/\/x.com\/wiegoglobal","https:\/\/www.linkedin.com\/company\/wiego\/","https:\/\/www.youtube.com\/user\/wiegoglobal"],"description":"WIEGO is a global network that supports the movement of workers in informal employment."},{"@type":"BreadcrumbList","itemListElement":[{"@type":"ListItem","position":1,"item":{"@id":"https:\/\/www.wiego.org\/fr\/","name":"WIEGO"}},{"@type":"ListItem","position":2,"item":{"@id":"https:\/\/www.wiego.org\/fr\/blog\/","name":"Blog WIEGO"}}],"@id":"\/#breadcrumb"}]}},"_links":{"self":[{"href":"https:\/\/www.wiego.org\/fr\/wp-json\/wp\/v2\/pages\/50897","targetHints":{"allow":["GET"]}}],"collection":[{"href":"https:\/\/www.wiego.org\/fr\/wp-json\/wp\/v2\/pages"}],"about":[{"href":"https:\/\/www.wiego.org\/fr\/wp-json\/wp\/v2\/types\/page"}],"author":[{"embeddable":true,"href":"https:\/\/www.wiego.org\/fr\/wp-json\/wp\/v2\/users\/10"}],"replies":[{"embeddable":true,"href":"https:\/\/www.wiego.org\/fr\/wp-json\/wp\/v2\/comments?post=50897"}],"version-history":[{"count":8,"href":"https:\/\/www.wiego.org\/fr\/wp-json\/wp\/v2\/pages\/50897\/revisions"}],"predecessor-version":[{"id":53132,"href":"https:\/\/www.wiego.org\/fr\/wp-json\/wp\/v2\/pages\/50897\/revisions\/53132"}],"wp:attachment":[{"href":"https:\/\/www.wiego.org\/fr\/wp-json\/wp\/v2\/media?parent=50897"}],"curies":[{"name":"wp","href":"https:\/\/api.w.org\/{rel}","templated":true}]}}