{"id":40769,"date":"2022-08-11T21:06:13","date_gmt":"2022-08-12T01:06:13","guid":{"rendered":"https:\/\/www.wiego.org\/?page_id=40769"},"modified":"2024-12-01T13:09:31","modified_gmt":"2024-12-01T18:09:31","slug":"groupes-de-travailleurs","status":"publish","type":"page","link":"https:\/\/www.wiego.org\/fr\/comprendre-economie-informelle\/groupes-de-travailleurs\/","title":{"rendered":"Groupes de travailleurs dans l&#8217;\u00e9conomie informelle"},"content":{"rendered":"<p>\u00c0 travers le monde, une portion significative de l\u2019emploi informel en milieu urbain est compos\u00e9e par ces quatre secteurs d\u2019activit\u00e9 : le travail domestique, le travail \u00e0 domicile, la vente de rue ou le commerce de march\u00e9 et la r\u00e9cup\u00e9ration de mat\u00e9riaux.<\/p>\n<p>Il s\u2019av\u00e8re que, dans ces secteurs d\u2019activit\u00e9s, les femmes sont souvent surrepr\u00e9sent\u00e9es. Bien que les conditions de travail et les revenus varient d\u2019un secteur \u00e0 l\u2019autre, les travailleuse\u00b7eur\u00b7s de l\u2019informel ont, toutes et tous, ceci en commun : le droit du travail ne les reconna\u00eet ni les prot\u00e8ge de mani\u00e8re ad\u00e9quate et les avantages et protections de l\u2019emploi les \u00e9chappent.<\/p>\n\n\n\n\n\n","protected":false},"excerpt":{"rendered":"<p>\u00c0 travers le monde, une portion significative de l\u2019emploi informel en milieu urbain est compos\u00e9e par ces quatre secteurs d\u2019activit\u00e9 : le travail domestique, le travail \u00e0 domicile, la vente de rue ou le commerce de march\u00e9 et la r\u00e9cup\u00e9ration de mat\u00e9riaux. Il s\u2019av\u00e8re que, dans ces secteurs d\u2019activit\u00e9s, les femmes sont souvent surrepr\u00e9sent\u00e9es. Bien [&hellip;]<\/p>\n","protected":false},"author":10,"featured_media":0,"parent":40200,"menu_order":0,"comment_status":"closed","ping_status":"closed","template":"","meta":{"_acf_changed":false,"_relevanssi_hide_post":"","_relevanssi_hide_content":"","_relevanssi_pin_for_all":"","_relevanssi_pin_keywords":"","_relevanssi_unpin_keywords":"","_relevanssi_related_keywords":"","_relevanssi_related_include_ids":"0","_relevanssi_related_exclude_ids":"","_relevanssi_related_no_append":"","_relevanssi_related_not_related":"","_relevanssi_related_posts":"40864,26086,40782,26136,26081,40206,40755,39745,40035,26133","_relevanssi_noindex_reason":"","footnotes":""},"class_list":["post-40769","page","type-page","status-publish","hentry"],"acf":[],"yoast_head":"<!-- This site is optimized with the Yoast SEO Premium plugin v23.8 (Yoast SEO v27.0) - https:\/\/yoast.com\/product\/yoast-seo-premium-wordpress\/ -->\n<title>Groupes de travailleurs dans l&#039;\u00e9conomie informelle - WIEGO<\/title>\n<meta name=\"robots\" content=\"index, follow, max-snippet:-1, max-image-preview:large, max-video-preview:-1\" \/>\n<link rel=\"canonical\" href=\"https:\/\/www.wiego.org\/fr\/comprendre-economie-informelle\/groupes-de-travailleurs\/\" \/>\n<meta property=\"og:locale\" content=\"fr_FR\" \/>\n<meta property=\"og:type\" content=\"article\" \/>\n<meta property=\"og:title\" content=\"Groupes de travailleurs dans l&#039;\u00e9conomie informelle\" \/>\n<meta property=\"og:description\" content=\"\u00c0 travers le monde, une portion significative de l\u2019emploi informel en milieu urbain est compos\u00e9e par ces quatre secteurs d\u2019activit\u00e9 : le travail domestique, le travail \u00e0 domicile, la vente de rue ou le commerce de march\u00e9 et la r\u00e9cup\u00e9ration de mat\u00e9riaux. Il s\u2019av\u00e8re que, dans ces secteurs d\u2019activit\u00e9s, les femmes sont souvent surrepr\u00e9sent\u00e9es. Bien [&hellip;]\" \/>\n<meta property=\"og:url\" content=\"https:\/\/www.wiego.org\/fr\/comprendre-economie-informelle\/groupes-de-travailleurs\/\" \/>\n<meta property=\"og:site_name\" content=\"WIEGO\" \/>\n<meta property=\"article:publisher\" content=\"https:\/\/www.facebook.com\/wiegoglobal\/\" \/>\n<meta property=\"article:modified_time\" content=\"2024-12-01T18:09:31+00:00\" \/>\n<meta property=\"og:image\" content=\"https:\/\/www.wiego.org\/wp-content\/uploads\/2024\/12\/WIEGO_Open-Graph_option-1-1024x538.png\" \/>\n\t<meta property=\"og:image:width\" content=\"1024\" \/>\n\t<meta property=\"og:image:height\" content=\"538\" \/>\n\t<meta property=\"og:image:type\" content=\"image\/png\" \/>\n<meta name=\"twitter:card\" content=\"summary_large_image\" \/>\n<meta name=\"twitter:site\" content=\"@wiegoglobal\" \/>\n<script type=\"application\/ld+json\" class=\"yoast-schema-graph\">{\"@context\":\"https:\/\/schema.org\",\"@graph\":[{\"@type\":\"WebPage\",\"@id\":\"https:\/\/www.wiego.org\/fr\/comprendre-economie-informelle\/groupes-de-travailleurs\/\",\"url\":\"https:\/\/www.wiego.org\/fr\/comprendre-economie-informelle\/groupes-de-travailleurs\/\",\"name\":\"Groupes de travailleurs dans l'\u00e9conomie informelle - WIEGO\",\"isPartOf\":{\"@id\":\"https:\/\/www.wiego.org\/fr\/#website\"},\"datePublished\":\"2022-08-12T01:06:13+00:00\",\"dateModified\":\"2024-12-01T18:09:31+00:00\",\"breadcrumb\":{\"@id\":\"https:\/\/www.wiego.org\/fr\/comprendre-economie-informelle\/groupes-de-travailleurs\/#breadcrumb\"},\"inLanguage\":\"fr-FR\",\"potentialAction\":[{\"@type\":\"ReadAction\",\"target\":[\"https:\/\/www.wiego.org\/fr\/comprendre-economie-informelle\/groupes-de-travailleurs\/\"]}]},{\"@type\":\"WebSite\",\"@id\":\"https:\/\/www.wiego.org\/fr\/#website\",\"url\":\"https:\/\/www.wiego.org\/fr\/\",\"name\":\"WIEGO\",\"description\":\"\",\"publisher\":{\"@id\":\"https:\/\/www.wiego.org\/fr\/#organization\"},\"potentialAction\":[{\"@type\":\"SearchAction\",\"target\":{\"@type\":\"EntryPoint\",\"urlTemplate\":\"https:\/\/www.wiego.org\/fr\/?s={search_term_string}\"},\"query-input\":{\"@type\":\"PropertyValueSpecification\",\"valueRequired\":true,\"valueName\":\"search_term_string\"}}],\"inLanguage\":\"fr-FR\"},{\"@type\":\"Organization\",\"@id\":\"https:\/\/www.wiego.org\/fr\/#organization\",\"name\":\"WIEGO\",\"url\":\"https:\/\/www.wiego.org\/fr\/\",\"logo\":{\"@type\":\"ImageObject\",\"inLanguage\":\"fr-FR\",\"@id\":\"https:\/\/www.wiego.org\/fr\/#\/schema\/logo\/image\/\",\"url\":\"https:\/\/www.wiego.org\/wp-content\/uploads\/2024\/12\/logo.svg\",\"contentUrl\":\"https:\/\/www.wiego.org\/wp-content\/uploads\/2024\/12\/logo.svg\",\"width\":142,\"height\":90,\"caption\":\"WIEGO\"},\"image\":{\"@id\":\"https:\/\/www.wiego.org\/fr\/#\/schema\/logo\/image\/\"},\"sameAs\":[\"https:\/\/www.facebook.com\/wiegoglobal\/\",\"https:\/\/x.com\/wiegoglobal\",\"https:\/\/www.linkedin.com\/company\/wiego\/\",\"https:\/\/www.youtube.com\/user\/wiegoglobal\"],\"description\":\"WIEGO is a global network that supports the movement of workers in informal employment.\"},{\"@type\":\"BreadcrumbList\",\"itemListElement\":[{\"@type\":\"ListItem\",\"position\":1,\"item\":{\"@id\":\"https:\/\/www.wiego.org\/fr\/\",\"name\":\"WIEGO\"}},{\"@type\":\"ListItem\",\"position\":2,\"item\":{\"@id\":\"https:\/\/www.wiego.org\/fr\/blog\/\",\"name\":\"Blog WIEGO\"}}],\"@id\":\"\/#breadcrumb\"}]}<\/script>\n<!-- \/ Yoast SEO Premium plugin. -->","yoast_head_json":{"title":"Groupes de travailleurs dans l'\u00e9conomie informelle - WIEGO","robots":{"index":"index","follow":"follow","max-snippet":"max-snippet:-1","max-image-preview":"max-image-preview:large","max-video-preview":"max-video-preview:-1"},"canonical":"https:\/\/www.wiego.org\/fr\/comprendre-economie-informelle\/groupes-de-travailleurs\/","og_locale":"fr_FR","og_type":"article","og_title":"Groupes de travailleurs dans l'\u00e9conomie informelle","og_description":"\u00c0 travers le monde, une portion significative de l\u2019emploi informel en milieu urbain est compos\u00e9e par ces quatre secteurs d\u2019activit\u00e9 : le travail domestique, le travail \u00e0 domicile, la vente de rue ou le commerce de march\u00e9 et la r\u00e9cup\u00e9ration de mat\u00e9riaux. Il s\u2019av\u00e8re que, dans ces secteurs d\u2019activit\u00e9s, les femmes sont souvent surrepr\u00e9sent\u00e9es. Bien [&hellip;]","og_url":"https:\/\/www.wiego.org\/fr\/comprendre-economie-informelle\/groupes-de-travailleurs\/","og_site_name":"WIEGO","article_publisher":"https:\/\/www.facebook.com\/wiegoglobal\/","article_modified_time":"2024-12-01T18:09:31+00:00","og_image":[{"width":1024,"height":538,"url":"https:\/\/www.wiego.org\/wp-content\/uploads\/2024\/12\/WIEGO_Open-Graph_option-1-1024x538.png","type":"image\/png"}],"twitter_card":"summary_large_image","twitter_site":"@wiegoglobal","schema":{"@context":"https:\/\/schema.org","@graph":[{"@type":"WebPage","@id":"https:\/\/www.wiego.org\/fr\/comprendre-economie-informelle\/groupes-de-travailleurs\/","url":"https:\/\/www.wiego.org\/fr\/comprendre-economie-informelle\/groupes-de-travailleurs\/","name":"Groupes de travailleurs dans l'\u00e9conomie informelle - WIEGO","isPartOf":{"@id":"https:\/\/www.wiego.org\/fr\/#website"},"datePublished":"2022-08-12T01:06:13+00:00","dateModified":"2024-12-01T18:09:31+00:00","breadcrumb":{"@id":"https:\/\/www.wiego.org\/fr\/comprendre-economie-informelle\/groupes-de-travailleurs\/#breadcrumb"},"inLanguage":"fr-FR","potentialAction":[{"@type":"ReadAction","target":["https:\/\/www.wiego.org\/fr\/comprendre-economie-informelle\/groupes-de-travailleurs\/"]}]},{"@type":"WebSite","@id":"https:\/\/www.wiego.org\/fr\/#website","url":"https:\/\/www.wiego.org\/fr\/","name":"WIEGO","description":"","publisher":{"@id":"https:\/\/www.wiego.org\/fr\/#organization"},"potentialAction":[{"@type":"SearchAction","target":{"@type":"EntryPoint","urlTemplate":"https:\/\/www.wiego.org\/fr\/?s={search_term_string}"},"query-input":{"@type":"PropertyValueSpecification","valueRequired":true,"valueName":"search_term_string"}}],"inLanguage":"fr-FR"},{"@type":"Organization","@id":"https:\/\/www.wiego.org\/fr\/#organization","name":"WIEGO","url":"https:\/\/www.wiego.org\/fr\/","logo":{"@type":"ImageObject","inLanguage":"fr-FR","@id":"https:\/\/www.wiego.org\/fr\/#\/schema\/logo\/image\/","url":"https:\/\/www.wiego.org\/wp-content\/uploads\/2024\/12\/logo.svg","contentUrl":"https:\/\/www.wiego.org\/wp-content\/uploads\/2024\/12\/logo.svg","width":142,"height":90,"caption":"WIEGO"},"image":{"@id":"https:\/\/www.wiego.org\/fr\/#\/schema\/logo\/image\/"},"sameAs":["https:\/\/www.facebook.com\/wiegoglobal\/","https:\/\/x.com\/wiegoglobal","https:\/\/www.linkedin.com\/company\/wiego\/","https:\/\/www.youtube.com\/user\/wiegoglobal"],"description":"WIEGO is a global network that supports the movement of workers in informal employment."},{"@type":"BreadcrumbList","itemListElement":[{"@type":"ListItem","position":1,"item":{"@id":"https:\/\/www.wiego.org\/fr\/","name":"WIEGO"}},{"@type":"ListItem","position":2,"item":{"@id":"https:\/\/www.wiego.org\/fr\/blog\/","name":"Blog WIEGO"}}],"@id":"\/#breadcrumb"}]}},"_links":{"self":[{"href":"https:\/\/www.wiego.org\/fr\/wp-json\/wp\/v2\/pages\/40769","targetHints":{"allow":["GET"]}}],"collection":[{"href":"https:\/\/www.wiego.org\/fr\/wp-json\/wp\/v2\/pages"}],"about":[{"href":"https:\/\/www.wiego.org\/fr\/wp-json\/wp\/v2\/types\/page"}],"author":[{"embeddable":true,"href":"https:\/\/www.wiego.org\/fr\/wp-json\/wp\/v2\/users\/10"}],"replies":[{"embeddable":true,"href":"https:\/\/www.wiego.org\/fr\/wp-json\/wp\/v2\/comments?post=40769"}],"version-history":[{"count":4,"href":"https:\/\/www.wiego.org\/fr\/wp-json\/wp\/v2\/pages\/40769\/revisions"}],"predecessor-version":[{"id":43408,"href":"https:\/\/www.wiego.org\/fr\/wp-json\/wp\/v2\/pages\/40769\/revisions\/43408"}],"up":[{"embeddable":true,"href":"https:\/\/www.wiego.org\/fr\/wp-json\/wp\/v2\/pages\/40200"}],"wp:attachment":[{"href":"https:\/\/www.wiego.org\/fr\/wp-json\/wp\/v2\/media?parent=40769"}],"curies":[{"name":"wp","href":"https:\/\/api.w.org\/{rel}","templated":true}]}}