{"id":39740,"date":"2024-07-12T15:41:26","date_gmt":"2024-07-12T19:41:26","guid":{"rendered":"https:\/\/www.wiego.org\/?page_id=39740"},"modified":"2025-01-20T18:19:33","modified_gmt":"2025-01-20T23:19:33","slug":"mission","status":"publish","type":"page","link":"https:\/\/www.wiego.org\/fr\/mission\/","title":{"rendered":"Notre mission"},"content":{"rendered":"<p>WIEGO est un r\u00e9seau mondial consacr\u00e9 \u00e0 soutenir le mouvement des travailleurs de l\u2019informel, en particulier les femmes et les personnes d\u00e9munies.<\/p>\n<p>Notre mission consiste \u00e0 am\u00e9liorer leurs conditions de travail et \u00e0 mettre en question les syst\u00e8mes \u00e0 l\u2019origine de la pauvret\u00e9 et des in\u00e9galit\u00e9s afin de b\u00e2tir un monde du travail plus juste.<\/p>\n<p>Voici notre conviction : entre les mains des travailleuse\u00b7eur\u00b7s, les donn\u00e9es sont source de pouvoir. WIEGO \u00e9labore des statistiques, m\u00e8ne des recherches et des analyses des politiques publiques pour que les travailleuse\u00b7eur\u00b7s puissent ensuite s\u2019en servir dans leur plaidoyer.<\/p>\n<p>Nos valeurs, centr\u00e9es sur le respect, la solidarit\u00e9, le soin et l\u2019inclusion, fa\u00e7onnent la mani\u00e8re dont nous soutenons les travailleuse\u00b7eur\u00b7s de l\u2019informel et dont nous servons le mouvement des travailleuse\u00b7eur\u00b7s en g\u00e9n\u00e9ral.<\/p>\n","protected":false},"excerpt":{"rendered":"<p>WIEGO est un r\u00e9seau mondial consacr\u00e9 \u00e0 soutenir le mouvement des travailleurs de l\u2019informel, en particulier les femmes et les personnes d\u00e9munies. Notre mission consiste \u00e0 am\u00e9liorer leurs conditions de travail et \u00e0 mettre en question les syst\u00e8mes \u00e0 l\u2019origine de la pauvret\u00e9 et des in\u00e9galit\u00e9s afin de b\u00e2tir un monde du travail plus juste. [&hellip;]<\/p>\n","protected":false},"author":10,"featured_media":39557,"parent":0,"menu_order":0,"comment_status":"closed","ping_status":"closed","template":"","meta":{"_acf_changed":false,"_relevanssi_hide_post":"","_relevanssi_hide_content":"","_relevanssi_pin_for_all":"","_relevanssi_pin_keywords":"","_relevanssi_unpin_keywords":"","_relevanssi_related_keywords":"","_relevanssi_related_include_ids":"0","_relevanssi_related_exclude_ids":"","_relevanssi_related_no_append":"","_relevanssi_related_not_related":"","_relevanssi_related_posts":"40237,26091,41193,40039,40192,40248,26144,26081,26114,40872","_relevanssi_noindex_reason":"","footnotes":""},"class_list":["post-39740","page","type-page","status-publish","has-post-thumbnail","hentry"],"acf":[],"yoast_head":"<!-- This site is optimized with the Yoast SEO Premium plugin v23.8 (Yoast SEO v27.4) - https:\/\/yoast.com\/product\/yoast-seo-premium-wordpress\/ -->\n<title>Notre mission - WIEGO<\/title>\n<meta name=\"robots\" content=\"index, follow, max-snippet:-1, max-image-preview:large, max-video-preview:-1\" \/>\n<link rel=\"canonical\" href=\"https:\/\/www.wiego.org\/fr\/mission\/\" \/>\n<meta property=\"og:locale\" content=\"fr_FR\" \/>\n<meta property=\"og:type\" content=\"article\" \/>\n<meta property=\"og:title\" content=\"Notre mission\" \/>\n<meta property=\"og:description\" content=\"WIEGO est un r\u00e9seau mondial consacr\u00e9 \u00e0 soutenir le mouvement des travailleurs de l\u2019informel, en particulier les femmes et les personnes d\u00e9munies. Notre mission consiste \u00e0 am\u00e9liorer leurs conditions de travail et \u00e0 mettre en question les syst\u00e8mes \u00e0 l\u2019origine de la pauvret\u00e9 et des in\u00e9galit\u00e9s afin de b\u00e2tir un monde du travail plus juste. [&hellip;]\" \/>\n<meta property=\"og:url\" content=\"https:\/\/www.wiego.org\/fr\/mission\/\" \/>\n<meta property=\"og:site_name\" content=\"WIEGO\" \/>\n<meta property=\"article:publisher\" content=\"https:\/\/www.facebook.com\/wiegoglobal\/\" \/>\n<meta property=\"article:modified_time\" content=\"2025-01-20T23:19:33+00:00\" \/>\n<meta property=\"og:image\" content=\"https:\/\/www.wiego.org\/wp-content\/uploads\/2024\/10\/south-african-domestic-service-allied-workers-union-sadsawu.jpg\" \/>\n\t<meta property=\"og:image:width\" content=\"2560\" \/>\n\t<meta property=\"og:image:height\" content=\"1707\" \/>\n\t<meta property=\"og:image:type\" content=\"image\/jpeg\" \/>\n<meta name=\"twitter:card\" content=\"summary_large_image\" \/>\n<meta name=\"twitter:site\" content=\"@wiegoglobal\" \/>\n<meta name=\"twitter:label1\" content=\"Est. reading time\" \/>\n\t<meta name=\"twitter:data1\" content=\"1 minute\" \/>\n<script type=\"application\/ld+json\" class=\"yoast-schema-graph\">{\"@context\":\"https:\\\/\\\/schema.org\",\"@graph\":[{\"@type\":\"WebPage\",\"@id\":\"https:\\\/\\\/www.wiego.org\\\/fr\\\/mission\\\/\",\"url\":\"https:\\\/\\\/www.wiego.org\\\/fr\\\/mission\\\/\",\"name\":\"Notre mission - WIEGO\",\"isPartOf\":{\"@id\":\"https:\\\/\\\/www.wiego.org\\\/fr\\\/#website\"},\"primaryImageOfPage\":{\"@id\":\"https:\\\/\\\/www.wiego.org\\\/fr\\\/mission\\\/#primaryimage\"},\"image\":{\"@id\":\"https:\\\/\\\/www.wiego.org\\\/fr\\\/mission\\\/#primaryimage\"},\"thumbnailUrl\":\"https:\\\/\\\/www.wiego.org\\\/wp-content\\\/uploads\\\/2024\\\/10\\\/south-african-domestic-service-allied-workers-union-sadsawu.jpg\",\"datePublished\":\"2024-07-12T19:41:26+00:00\",\"dateModified\":\"2025-01-20T23:19:33+00:00\",\"breadcrumb\":{\"@id\":\"https:\\\/\\\/www.wiego.org\\\/fr\\\/mission\\\/#breadcrumb\"},\"inLanguage\":\"fr-FR\",\"potentialAction\":[{\"@type\":\"ReadAction\",\"target\":[\"https:\\\/\\\/www.wiego.org\\\/fr\\\/mission\\\/\"]}]},{\"@type\":\"ImageObject\",\"inLanguage\":\"fr-FR\",\"@id\":\"https:\\\/\\\/www.wiego.org\\\/fr\\\/mission\\\/#primaryimage\",\"url\":\"https:\\\/\\\/www.wiego.org\\\/wp-content\\\/uploads\\\/2024\\\/10\\\/south-african-domestic-service-allied-workers-union-sadsawu.jpg\",\"contentUrl\":\"https:\\\/\\\/www.wiego.org\\\/wp-content\\\/uploads\\\/2024\\\/10\\\/south-african-domestic-service-allied-workers-union-sadsawu.jpg\",\"width\":2560,\"height\":1707,\"caption\":\"Many members of the South African Domestic Service and Allied Workers Union (SADSAWU) gathered at a Saturday meeting to talk about problems with their employers, ranging from underpayment, unpaid overtime, and high charges for accommodations. The union offers guidance to its more than 8,000 members, tries to negotiate with employers, and helps workers make complaints to the labour board. FULLY RELEASED - GROUP CONSENT NUMBER: JHB013 (ALL WOMEN IN PICTURE SIGNED CONSENT FORMS)\"},{\"@type\":\"WebSite\",\"@id\":\"https:\\\/\\\/www.wiego.org\\\/fr\\\/#website\",\"url\":\"https:\\\/\\\/www.wiego.org\\\/fr\\\/\",\"name\":\"WIEGO\",\"description\":\"\",\"publisher\":{\"@id\":\"https:\\\/\\\/www.wiego.org\\\/fr\\\/#organization\"},\"potentialAction\":[{\"@type\":\"SearchAction\",\"target\":{\"@type\":\"EntryPoint\",\"urlTemplate\":\"https:\\\/\\\/www.wiego.org\\\/fr\\\/?s={search_term_string}\"},\"query-input\":{\"@type\":\"PropertyValueSpecification\",\"valueRequired\":true,\"valueName\":\"search_term_string\"}}],\"inLanguage\":\"fr-FR\"},{\"@type\":\"Organization\",\"@id\":\"https:\\\/\\\/www.wiego.org\\\/fr\\\/#organization\",\"name\":\"WIEGO\",\"url\":\"https:\\\/\\\/www.wiego.org\\\/fr\\\/\",\"logo\":{\"@type\":\"ImageObject\",\"inLanguage\":\"fr-FR\",\"@id\":\"https:\\\/\\\/www.wiego.org\\\/fr\\\/#\\\/schema\\\/logo\\\/image\\\/\",\"url\":\"https:\\\/\\\/www.wiego.org\\\/wp-content\\\/uploads\\\/2024\\\/12\\\/logo.svg\",\"contentUrl\":\"https:\\\/\\\/www.wiego.org\\\/wp-content\\\/uploads\\\/2024\\\/12\\\/logo.svg\",\"width\":142,\"height\":90,\"caption\":\"WIEGO\"},\"image\":{\"@id\":\"https:\\\/\\\/www.wiego.org\\\/fr\\\/#\\\/schema\\\/logo\\\/image\\\/\"},\"sameAs\":[\"https:\\\/\\\/www.facebook.com\\\/wiegoglobal\\\/\",\"https:\\\/\\\/x.com\\\/wiegoglobal\",\"https:\\\/\\\/www.linkedin.com\\\/company\\\/wiego\\\/\",\"https:\\\/\\\/www.youtube.com\\\/user\\\/wiegoglobal\"],\"description\":\"WIEGO is a global network that supports the movement of workers in informal employment.\"},{\"@type\":\"BreadcrumbList\",\"itemListElement\":[{\"@type\":\"ListItem\",\"position\":1,\"item\":{\"@id\":\"https:\\\/\\\/www.wiego.org\\\/fr\\\/\",\"name\":\"WIEGO\"}},{\"@type\":\"ListItem\",\"position\":2,\"item\":{\"@id\":\"https:\\\/\\\/www.wiego.org\\\/fr\\\/blog\\\/\",\"name\":\"Blog WIEGO\"}}],\"@id\":\"\\\/#breadcrumb\"}]}<\/script>\n<!-- \/ Yoast SEO Premium plugin. -->","yoast_head_json":{"title":"Notre mission - WIEGO","robots":{"index":"index","follow":"follow","max-snippet":"max-snippet:-1","max-image-preview":"max-image-preview:large","max-video-preview":"max-video-preview:-1"},"canonical":"https:\/\/www.wiego.org\/fr\/mission\/","og_locale":"fr_FR","og_type":"article","og_title":"Notre mission","og_description":"WIEGO est un r\u00e9seau mondial consacr\u00e9 \u00e0 soutenir le mouvement des travailleurs de l\u2019informel, en particulier les femmes et les personnes d\u00e9munies. Notre mission consiste \u00e0 am\u00e9liorer leurs conditions de travail et \u00e0 mettre en question les syst\u00e8mes \u00e0 l\u2019origine de la pauvret\u00e9 et des in\u00e9galit\u00e9s afin de b\u00e2tir un monde du travail plus juste. [&hellip;]","og_url":"https:\/\/www.wiego.org\/fr\/mission\/","og_site_name":"WIEGO","article_publisher":"https:\/\/www.facebook.com\/wiegoglobal\/","article_modified_time":"2025-01-20T23:19:33+00:00","og_image":[{"width":2560,"height":1707,"url":"https:\/\/www.wiego.org\/wp-content\/uploads\/2024\/10\/south-african-domestic-service-allied-workers-union-sadsawu.jpg","type":"image\/jpeg"}],"twitter_card":"summary_large_image","twitter_site":"@wiegoglobal","twitter_misc":{"Est. reading time":"1 minute"},"schema":{"@context":"https:\/\/schema.org","@graph":[{"@type":"WebPage","@id":"https:\/\/www.wiego.org\/fr\/mission\/","url":"https:\/\/www.wiego.org\/fr\/mission\/","name":"Notre mission - WIEGO","isPartOf":{"@id":"https:\/\/www.wiego.org\/fr\/#website"},"primaryImageOfPage":{"@id":"https:\/\/www.wiego.org\/fr\/mission\/#primaryimage"},"image":{"@id":"https:\/\/www.wiego.org\/fr\/mission\/#primaryimage"},"thumbnailUrl":"https:\/\/www.wiego.org\/wp-content\/uploads\/2024\/10\/south-african-domestic-service-allied-workers-union-sadsawu.jpg","datePublished":"2024-07-12T19:41:26+00:00","dateModified":"2025-01-20T23:19:33+00:00","breadcrumb":{"@id":"https:\/\/www.wiego.org\/fr\/mission\/#breadcrumb"},"inLanguage":"fr-FR","potentialAction":[{"@type":"ReadAction","target":["https:\/\/www.wiego.org\/fr\/mission\/"]}]},{"@type":"ImageObject","inLanguage":"fr-FR","@id":"https:\/\/www.wiego.org\/fr\/mission\/#primaryimage","url":"https:\/\/www.wiego.org\/wp-content\/uploads\/2024\/10\/south-african-domestic-service-allied-workers-union-sadsawu.jpg","contentUrl":"https:\/\/www.wiego.org\/wp-content\/uploads\/2024\/10\/south-african-domestic-service-allied-workers-union-sadsawu.jpg","width":2560,"height":1707,"caption":"Many members of the South African Domestic Service and Allied Workers Union (SADSAWU) gathered at a Saturday meeting to talk about problems with their employers, ranging from underpayment, unpaid overtime, and high charges for accommodations. The union offers guidance to its more than 8,000 members, tries to negotiate with employers, and helps workers make complaints to the labour board. FULLY RELEASED - GROUP CONSENT NUMBER: JHB013 (ALL WOMEN IN PICTURE SIGNED CONSENT FORMS)"},{"@type":"WebSite","@id":"https:\/\/www.wiego.org\/fr\/#website","url":"https:\/\/www.wiego.org\/fr\/","name":"WIEGO","description":"","publisher":{"@id":"https:\/\/www.wiego.org\/fr\/#organization"},"potentialAction":[{"@type":"SearchAction","target":{"@type":"EntryPoint","urlTemplate":"https:\/\/www.wiego.org\/fr\/?s={search_term_string}"},"query-input":{"@type":"PropertyValueSpecification","valueRequired":true,"valueName":"search_term_string"}}],"inLanguage":"fr-FR"},{"@type":"Organization","@id":"https:\/\/www.wiego.org\/fr\/#organization","name":"WIEGO","url":"https:\/\/www.wiego.org\/fr\/","logo":{"@type":"ImageObject","inLanguage":"fr-FR","@id":"https:\/\/www.wiego.org\/fr\/#\/schema\/logo\/image\/","url":"https:\/\/www.wiego.org\/wp-content\/uploads\/2024\/12\/logo.svg","contentUrl":"https:\/\/www.wiego.org\/wp-content\/uploads\/2024\/12\/logo.svg","width":142,"height":90,"caption":"WIEGO"},"image":{"@id":"https:\/\/www.wiego.org\/fr\/#\/schema\/logo\/image\/"},"sameAs":["https:\/\/www.facebook.com\/wiegoglobal\/","https:\/\/x.com\/wiegoglobal","https:\/\/www.linkedin.com\/company\/wiego\/","https:\/\/www.youtube.com\/user\/wiegoglobal"],"description":"WIEGO is a global network that supports the movement of workers in informal employment."},{"@type":"BreadcrumbList","itemListElement":[{"@type":"ListItem","position":1,"item":{"@id":"https:\/\/www.wiego.org\/fr\/","name":"WIEGO"}},{"@type":"ListItem","position":2,"item":{"@id":"https:\/\/www.wiego.org\/fr\/blog\/","name":"Blog WIEGO"}}],"@id":"\/#breadcrumb"}]}},"_links":{"self":[{"href":"https:\/\/www.wiego.org\/fr\/wp-json\/wp\/v2\/pages\/39740","targetHints":{"allow":["GET"]}}],"collection":[{"href":"https:\/\/www.wiego.org\/fr\/wp-json\/wp\/v2\/pages"}],"about":[{"href":"https:\/\/www.wiego.org\/fr\/wp-json\/wp\/v2\/types\/page"}],"author":[{"embeddable":true,"href":"https:\/\/www.wiego.org\/fr\/wp-json\/wp\/v2\/users\/10"}],"replies":[{"embeddable":true,"href":"https:\/\/www.wiego.org\/fr\/wp-json\/wp\/v2\/comments?post=39740"}],"version-history":[{"count":2,"href":"https:\/\/www.wiego.org\/fr\/wp-json\/wp\/v2\/pages\/39740\/revisions"}],"predecessor-version":[{"id":44633,"href":"https:\/\/www.wiego.org\/fr\/wp-json\/wp\/v2\/pages\/39740\/revisions\/44633"}],"wp:featuredmedia":[{"embeddable":true,"href":"https:\/\/www.wiego.org\/fr\/wp-json\/wp\/v2\/media\/39557"}],"wp:attachment":[{"href":"https:\/\/www.wiego.org\/fr\/wp-json\/wp\/v2\/media?parent=39740"}],"curies":[{"name":"wp","href":"https:\/\/api.w.org\/{rel}","templated":true}]}}