{"id":26153,"date":"2023-01-13T02:14:34","date_gmt":"2023-01-13T07:14:34","guid":{"rendered":"https:\/\/wiego.local\/fr-la-protection-par-wiego\/"},"modified":"2025-01-20T18:35:10","modified_gmt":"2025-01-20T23:35:10","slug":"dispositif-protection-wiego","status":"publish","type":"page","link":"https:\/\/www.wiego.org\/fr\/dispositif-protection-wiego\/","title":{"rendered":"Le dispositif de protection de WIEGO"},"content":{"rendered":"<p>\u00c0 WIEGO, nous souhaitons garantir la s\u00e9curit\u00e9 de toute personne entrant en contact avec notre organisation. Nous nous engageons \u00e0 faire respecter la dignit\u00e9, la s\u00e9curit\u00e9 et les droits des travailleuse\u00b7eur\u00b7s de l\u2019informel. Ainsi, en prenant cet engagement \u00e0 c\u0153ur, notre souhait est de mettre ce dispositif \u00e0 votre \u00e9coute si vous avez le sentiment que, d\u2019une mani\u00e8re ou d\u2019une autre, on a port\u00e9 atteinte \u00e0 votre dignit\u00e9, \u00e0 votre s\u00e9curit\u00e9 ou \u00e0 vos droits lors de vos interactions avec WIEGO. Cet aspect de notre action, nous l\u2019appelons \u00ab\u00a0Dispositif de protection\u00a0\u00bb ou \u00ab\u00a0Safeguarding\u00a0\u00bb.<\/p>\n<p>Si vous consid\u00e9rez que WIEGO, notre personnel, nos prestataires ou nos repr\u00e9sentant\u00b7e\u00b7s ont manqu\u00e9 \u00e0 ce dispositif, nous vous prions de nous en faire part imm\u00e9diatement. Toute inqui\u00e9tude sera prise au s\u00e9rieux. Veuillez nous envoyer un message \u00e0 <a href=\"mailto:safeguarding@wiego.org\">safeguarding@wiego.org<\/a>. Les pr\u00e9occupations soulev\u00e9es seront confi\u00e9es aux services des op\u00e9rations ou au comit\u00e9 de gestion du Conseil d\u2019administration de WIEGO, qui l\u2019examineront et en feront un suivi en fonction de la nature du probl\u00e8me pr\u00e9sent\u00e9.<\/p>\n<p>Veuillez noter que les informations venant de sources anonymes seront \u00e9valu\u00e9es et pourront donner lieu \u00e0 une enqu\u00eate. Cependant, les all\u00e9gations anonymes sont souvent plus difficiles \u00e0 poursuivre, car il se peut que WIEGO n\u2019ait pas la possibilit\u00e9 de clarifier les informations fournies ou de poser des questions. Si vous choisissez de rester anonyme, veuillez nous faire parvenir autant de d\u00e9tails que possibles.<\/p>\n<h6>Garantir la dignit\u00e9, la s\u00e9curit\u00e9 et les droits de toutes les personnes qui interagissent avec WIEGO. Signalez d\u2019\u00e9ventuelles irr\u00e9gularit\u00e9s \u00e0 <a href=\"mailto:safeguarding@wiego.org\">safeguarding@wiego.org<\/a>. Votre s\u00e9curit\u00e9 est notre priorit\u00e9.<\/h6>\n","protected":false},"excerpt":{"rendered":"<p>Chez WIEGO, nous voulons assurer la protection de toute personne entrant en contact avec notre organisation. Nous avons un engagement pour sauvegarder la dignit\u00e9, la s\u00e9curit\u00e9 et les droits des travailleuse\u00b7eur\u00b7s de l\u2019informel et, puisque nous le prenons au s\u00e9rieux, notre souhait est de vous entendre si vous avez le sentiment que, d\u2019une mani\u00e8re ou d\u2019une autre, on a port\u00e9 atteint \u00e0 votre dignit\u00e9, \u00e0 votre s\u00e9curit\u00e9 ou \u00e0 vos droits lors de votre interaction avec WIEGO. Nous appelons cet aspect de notre action la \u00ab\u00a0Protection\u00a0\u00bb [Safeguarding].<\/p>\n","protected":false},"author":2,"featured_media":0,"parent":0,"menu_order":0,"comment_status":"closed","ping_status":"closed","template":"","meta":{"_acf_changed":false,"_relevanssi_hide_post":"","_relevanssi_hide_content":"","_relevanssi_pin_for_all":"","_relevanssi_pin_keywords":"","_relevanssi_unpin_keywords":"","_relevanssi_related_keywords":"","_relevanssi_related_include_ids":"0","_relevanssi_related_exclude_ids":"","_relevanssi_related_no_append":"","_relevanssi_related_not_related":"","_relevanssi_related_posts":"40257,40035,43331,26097,26081,40037,40044,32878,40175,39663","_relevanssi_noindex_reason":"","footnotes":""},"class_list":["post-26153","page","type-page","status-publish","hentry"],"acf":[],"yoast_head":"<!-- This site is optimized with the Yoast SEO Premium plugin v23.8 (Yoast SEO v27.0) - https:\/\/yoast.com\/product\/yoast-seo-premium-wordpress\/ -->\n<title>Le dispositif de protection de WIEGO - WIEGO<\/title>\n<meta name=\"robots\" content=\"index, follow, max-snippet:-1, max-image-preview:large, max-video-preview:-1\" \/>\n<link rel=\"canonical\" href=\"https:\/\/www.wiego.org\/fr\/dispositif-protection-wiego\/\" \/>\n<meta property=\"og:locale\" content=\"fr_FR\" \/>\n<meta property=\"og:type\" content=\"article\" \/>\n<meta property=\"og:title\" content=\"Le dispositif de protection de WIEGO\" \/>\n<meta property=\"og:description\" content=\"Chez WIEGO, nous voulons assurer la protection de toute personne entrant en contact avec notre organisation. Nous avons un engagement pour sauvegarder la dignit\u00e9, la s\u00e9curit\u00e9 et les droits des travailleuse\u00b7eur\u00b7s de l\u2019informel et, puisque nous le prenons au s\u00e9rieux, notre souhait est de vous entendre si vous avez le sentiment que, d\u2019une mani\u00e8re ou d\u2019une autre, on a port\u00e9 atteint \u00e0 votre dignit\u00e9, \u00e0 votre s\u00e9curit\u00e9 ou \u00e0 vos droits lors de votre interaction avec WIEGO. Nous appelons cet aspect de notre action la \u00ab\u00a0Protection\u00a0\u00bb [Safeguarding].\" \/>\n<meta property=\"og:url\" content=\"https:\/\/www.wiego.org\/fr\/dispositif-protection-wiego\/\" \/>\n<meta property=\"og:site_name\" content=\"WIEGO\" \/>\n<meta property=\"article:publisher\" content=\"https:\/\/www.facebook.com\/wiegoglobal\/\" \/>\n<meta property=\"article:modified_time\" content=\"2025-01-20T23:35:10+00:00\" \/>\n<meta property=\"og:image\" content=\"https:\/\/www.wiego.org\/wp-content\/uploads\/2024\/12\/WIEGO_Open-Graph_option-1-1024x538.png\" \/>\n\t<meta property=\"og:image:width\" content=\"1024\" \/>\n\t<meta property=\"og:image:height\" content=\"538\" \/>\n\t<meta property=\"og:image:type\" content=\"image\/png\" \/>\n<meta name=\"twitter:card\" content=\"summary_large_image\" \/>\n<meta name=\"twitter:site\" content=\"@wiegoglobal\" \/>\n<meta name=\"twitter:label1\" content=\"Est. reading time\" \/>\n\t<meta name=\"twitter:data1\" content=\"2 minutes\" \/>\n<script type=\"application\/ld+json\" class=\"yoast-schema-graph\">{\"@context\":\"https:\/\/schema.org\",\"@graph\":[{\"@type\":\"WebPage\",\"@id\":\"https:\/\/www.wiego.org\/fr\/dispositif-protection-wiego\/\",\"url\":\"https:\/\/www.wiego.org\/fr\/dispositif-protection-wiego\/\",\"name\":\"Le dispositif de protection de WIEGO - WIEGO\",\"isPartOf\":{\"@id\":\"https:\/\/www.wiego.org\/fr\/#website\"},\"datePublished\":\"2023-01-13T07:14:34+00:00\",\"dateModified\":\"2025-01-20T23:35:10+00:00\",\"breadcrumb\":{\"@id\":\"https:\/\/www.wiego.org\/fr\/dispositif-protection-wiego\/#breadcrumb\"},\"inLanguage\":\"fr-FR\",\"potentialAction\":[{\"@type\":\"ReadAction\",\"target\":[\"https:\/\/www.wiego.org\/fr\/dispositif-protection-wiego\/\"]}]},{\"@type\":\"WebSite\",\"@id\":\"https:\/\/www.wiego.org\/fr\/#website\",\"url\":\"https:\/\/www.wiego.org\/fr\/\",\"name\":\"WIEGO\",\"description\":\"\",\"publisher\":{\"@id\":\"https:\/\/www.wiego.org\/fr\/#organization\"},\"potentialAction\":[{\"@type\":\"SearchAction\",\"target\":{\"@type\":\"EntryPoint\",\"urlTemplate\":\"https:\/\/www.wiego.org\/fr\/?s={search_term_string}\"},\"query-input\":{\"@type\":\"PropertyValueSpecification\",\"valueRequired\":true,\"valueName\":\"search_term_string\"}}],\"inLanguage\":\"fr-FR\"},{\"@type\":\"Organization\",\"@id\":\"https:\/\/www.wiego.org\/fr\/#organization\",\"name\":\"WIEGO\",\"url\":\"https:\/\/www.wiego.org\/fr\/\",\"logo\":{\"@type\":\"ImageObject\",\"inLanguage\":\"fr-FR\",\"@id\":\"https:\/\/www.wiego.org\/fr\/#\/schema\/logo\/image\/\",\"url\":\"https:\/\/www.wiego.org\/wp-content\/uploads\/2024\/12\/logo.svg\",\"contentUrl\":\"https:\/\/www.wiego.org\/wp-content\/uploads\/2024\/12\/logo.svg\",\"width\":142,\"height\":90,\"caption\":\"WIEGO\"},\"image\":{\"@id\":\"https:\/\/www.wiego.org\/fr\/#\/schema\/logo\/image\/\"},\"sameAs\":[\"https:\/\/www.facebook.com\/wiegoglobal\/\",\"https:\/\/x.com\/wiegoglobal\",\"https:\/\/www.linkedin.com\/company\/wiego\/\",\"https:\/\/www.youtube.com\/user\/wiegoglobal\"],\"description\":\"WIEGO is a global network that supports the movement of workers in informal employment.\"},{\"@type\":\"BreadcrumbList\",\"itemListElement\":[{\"@type\":\"ListItem\",\"position\":1,\"item\":{\"@id\":\"https:\/\/www.wiego.org\/fr\/\",\"name\":\"WIEGO\"}},{\"@type\":\"ListItem\",\"position\":2,\"item\":{\"@id\":\"https:\/\/www.wiego.org\/fr\/blog\/\",\"name\":\"Blog WIEGO\"}}],\"@id\":\"\/#breadcrumb\"}]}<\/script>\n<!-- \/ Yoast SEO Premium plugin. -->","yoast_head_json":{"title":"Le dispositif de protection de WIEGO - WIEGO","robots":{"index":"index","follow":"follow","max-snippet":"max-snippet:-1","max-image-preview":"max-image-preview:large","max-video-preview":"max-video-preview:-1"},"canonical":"https:\/\/www.wiego.org\/fr\/dispositif-protection-wiego\/","og_locale":"fr_FR","og_type":"article","og_title":"Le dispositif de protection de WIEGO","og_description":"Chez WIEGO, nous voulons assurer la protection de toute personne entrant en contact avec notre organisation. Nous avons un engagement pour sauvegarder la dignit\u00e9, la s\u00e9curit\u00e9 et les droits des travailleuse\u00b7eur\u00b7s de l\u2019informel et, puisque nous le prenons au s\u00e9rieux, notre souhait est de vous entendre si vous avez le sentiment que, d\u2019une mani\u00e8re ou d\u2019une autre, on a port\u00e9 atteint \u00e0 votre dignit\u00e9, \u00e0 votre s\u00e9curit\u00e9 ou \u00e0 vos droits lors de votre interaction avec WIEGO. Nous appelons cet aspect de notre action la \u00ab\u00a0Protection\u00a0\u00bb [Safeguarding].","og_url":"https:\/\/www.wiego.org\/fr\/dispositif-protection-wiego\/","og_site_name":"WIEGO","article_publisher":"https:\/\/www.facebook.com\/wiegoglobal\/","article_modified_time":"2025-01-20T23:35:10+00:00","og_image":[{"width":1024,"height":538,"url":"https:\/\/www.wiego.org\/wp-content\/uploads\/2024\/12\/WIEGO_Open-Graph_option-1-1024x538.png","type":"image\/png"}],"twitter_card":"summary_large_image","twitter_site":"@wiegoglobal","twitter_misc":{"Est. reading time":"2 minutes"},"schema":{"@context":"https:\/\/schema.org","@graph":[{"@type":"WebPage","@id":"https:\/\/www.wiego.org\/fr\/dispositif-protection-wiego\/","url":"https:\/\/www.wiego.org\/fr\/dispositif-protection-wiego\/","name":"Le dispositif de protection de WIEGO - WIEGO","isPartOf":{"@id":"https:\/\/www.wiego.org\/fr\/#website"},"datePublished":"2023-01-13T07:14:34+00:00","dateModified":"2025-01-20T23:35:10+00:00","breadcrumb":{"@id":"https:\/\/www.wiego.org\/fr\/dispositif-protection-wiego\/#breadcrumb"},"inLanguage":"fr-FR","potentialAction":[{"@type":"ReadAction","target":["https:\/\/www.wiego.org\/fr\/dispositif-protection-wiego\/"]}]},{"@type":"WebSite","@id":"https:\/\/www.wiego.org\/fr\/#website","url":"https:\/\/www.wiego.org\/fr\/","name":"WIEGO","description":"","publisher":{"@id":"https:\/\/www.wiego.org\/fr\/#organization"},"potentialAction":[{"@type":"SearchAction","target":{"@type":"EntryPoint","urlTemplate":"https:\/\/www.wiego.org\/fr\/?s={search_term_string}"},"query-input":{"@type":"PropertyValueSpecification","valueRequired":true,"valueName":"search_term_string"}}],"inLanguage":"fr-FR"},{"@type":"Organization","@id":"https:\/\/www.wiego.org\/fr\/#organization","name":"WIEGO","url":"https:\/\/www.wiego.org\/fr\/","logo":{"@type":"ImageObject","inLanguage":"fr-FR","@id":"https:\/\/www.wiego.org\/fr\/#\/schema\/logo\/image\/","url":"https:\/\/www.wiego.org\/wp-content\/uploads\/2024\/12\/logo.svg","contentUrl":"https:\/\/www.wiego.org\/wp-content\/uploads\/2024\/12\/logo.svg","width":142,"height":90,"caption":"WIEGO"},"image":{"@id":"https:\/\/www.wiego.org\/fr\/#\/schema\/logo\/image\/"},"sameAs":["https:\/\/www.facebook.com\/wiegoglobal\/","https:\/\/x.com\/wiegoglobal","https:\/\/www.linkedin.com\/company\/wiego\/","https:\/\/www.youtube.com\/user\/wiegoglobal"],"description":"WIEGO is a global network that supports the movement of workers in informal employment."},{"@type":"BreadcrumbList","itemListElement":[{"@type":"ListItem","position":1,"item":{"@id":"https:\/\/www.wiego.org\/fr\/","name":"WIEGO"}},{"@type":"ListItem","position":2,"item":{"@id":"https:\/\/www.wiego.org\/fr\/blog\/","name":"Blog WIEGO"}}],"@id":"\/#breadcrumb"}]}},"_links":{"self":[{"href":"https:\/\/www.wiego.org\/fr\/wp-json\/wp\/v2\/pages\/26153","targetHints":{"allow":["GET"]}}],"collection":[{"href":"https:\/\/www.wiego.org\/fr\/wp-json\/wp\/v2\/pages"}],"about":[{"href":"https:\/\/www.wiego.org\/fr\/wp-json\/wp\/v2\/types\/page"}],"author":[{"embeddable":true,"href":"https:\/\/www.wiego.org\/fr\/wp-json\/wp\/v2\/users\/2"}],"replies":[{"embeddable":true,"href":"https:\/\/www.wiego.org\/fr\/wp-json\/wp\/v2\/comments?post=26153"}],"version-history":[{"count":3,"href":"https:\/\/www.wiego.org\/fr\/wp-json\/wp\/v2\/pages\/26153\/revisions"}],"predecessor-version":[{"id":44695,"href":"https:\/\/www.wiego.org\/fr\/wp-json\/wp\/v2\/pages\/26153\/revisions\/44695"}],"wp:attachment":[{"href":"https:\/\/www.wiego.org\/fr\/wp-json\/wp\/v2\/media?parent=26153"}],"curies":[{"name":"wp","href":"https:\/\/api.w.org\/{rel}","templated":true}]}}