{"id":26144,"date":"2021-09-10T18:35:27","date_gmt":"2021-09-10T22:35:27","guid":{"rendered":"https:\/\/wiego.local\/fr-les-retombees-positives-du-projet-villes-focales-accra\/"},"modified":"2024-07-11T10:44:33","modified_gmt":"2024-07-11T14:44:33","slug":"les-retombees-positives-du-projet-villes-focales-accra","status":"publish","type":"page","link":"https:\/\/www.wiego.org\/fr\/les-retombees-positives-du-projet-villes-focales-accra\/","title":{"rendered":"Les retomb\u00e9es positives du projet Villes focales \u00e0 Accra"},"content":{"rendered":"<h3 style=\"line-height: 1.2; background-color: rgb(255, 255, 255); padding: 0pt 0pt 8pt;\">Am\u00e9lioration, par la n\u00e9gociation, des conditions de travail et des avantages sociaux<\/h3>\n<p style=\"line-height:1.2; background-color:#ffffff; padding:0pt 0pt 8pt 0pt\">En 2011, r\u00e9uni\u00b7e\u00b7s en atelier multipartite par l\u2019entremise des repr\u00e9sentant\u00b7e\u00b7s, les travailleuse\u00b7eur\u00b7s de l\u2019\u00e9conomie informelle, les autorit\u00e9s nationales et locales ont engag\u00e9 des n\u00e9gociations pour am\u00e9liorer la sant\u00e9 et la s\u00e9curit\u00e9 au travail (SST) au sein des march\u00e9s informels. Concr\u00e8tement, ces n\u00e9gociations, regroup\u00e9es en trois volets \u2014 la mise en place d\u2019extincteurs dans les march\u00e9s appartenant au domaine public, le d\u00e9bouchage des canalisations dans les march\u00e9s et aux alentours et l\u2019am\u00e9lioration de la gestion des d\u00e9chets \u2014 ont amen\u00e9 le gouvernement \u00e0 s\u2019engager en faveur des deux premiers et \u00e0 \u00e9tablir un comit\u00e9 de suivi appel\u00e9 \u00e0 \u00e9valuer l\u2019efficacit\u00e9 des entreprises priv\u00e9es charg\u00e9es de la gestion des d\u00e9chets.<\/p>\n<p><a href=\"\/node\/187\">En savoir plus sur les avanc\u00e9es de la SST au Ghana<\/a><\/p>\n<h3>Acc\u00e8s des <em>kayayei<\/em> aux soins de sant\u00e9<\/h3>\n<p>En 2012, WIEGO a facilit\u00e9 un dialogue sur la politique de sant\u00e9, et ce, entre les porteuses de charge (appel\u00e9es <em>kayayei<\/em> au Ghana) et des repr\u00e9sentant\u00b7e\u00b7s de la <em>National Health Insurance Authority<\/em> (Autorit\u00e9 nationale d\u2019assurance-maladie) et du minist\u00e8re ghan\u00e9en de la Sant\u00e9. Au cours de ce dialogue, les <em>kayayei<\/em> ont exprim\u00e9 leurs frustrations face aux difficult\u00e9s d\u2019acc\u00e8s aux services de sant\u00e9, en raison des cotisations \u00e9lev\u00e9es et du manque d\u2019informations claires. Les discussions ont d\u00e9bouch\u00e9 sur deux engagements importants, \u00e0 savoir : le <em>National Health Insurance System<\/em> a accept\u00e9 une r\u00e9duction n\u00e9goci\u00e9e (\u00e0 $2,50 USD) des cotisations annuelles et l\u2019organisation d\u2019une campagne d\u2019affiliation r\u00e9serv\u00e9e aux <em>kayayei<\/em>. Plus de mille <em>kayayei<\/em> se sont inscrit\u00b7e\u00b7s comme r\u00e9sultat. <a data-entity-substitution=\"canonical\" data-entity-type=\"node\" data-entity-uuid=\"c88dbe75-6fde-40de-bdef-b716b422bb54\" href=\"\/ghana-health-policy-dialogue\">En savoir plus<\/a> \u00e0 propos du dialogue sur la politique de sant\u00e9.<\/p>\n<h3>Dialogue entre les autorit\u00e9s municipales et les commer\u00e7ant\u00b7e\u00b7s de rue<\/h3>\n<p>En 2013, WIEGO a facilit\u00e9 un dialogue politique entre les commer\u00e7ant\u00b7e\u00b7s de rue de l\u2019informel et les repr\u00e9sentant\u00b7e\u00b7s de l\u2019Assembl\u00e9e m\u00e9tropolitaine d\u2019Accra (AMA) et de l\u2019Assembl\u00e9e municipale de Ga East.<\/p>\n<p><a href=\"\/node\/257\">En savoir plus<\/a> sur les commer\u00e7ant\u00b7e\u00b7s de rue qui ont pu faire entendre leurs pr\u00e9occupations aupr\u00e8s des responsables municipaux.<\/p>\n<h3>Plaidoyer en faveur de l\u2019abolition du p\u00e9age appliqu\u00e9 aux <em>kayayei<\/em><\/h3>\n<p>En 2016, les OB ont, lors d\u2019une r\u00e9union publique avec tous les partis politiques, entendu les candidats proposer des politiques et programmes de soutien \u00e0 l\u2019\u00e9conomie informelle. \u00c0 leur tour, les OB, par la voix de leurs repr\u00e9sentant\u00b7e\u00b7s, ont expos\u00e9 leurs propositions et pr\u00e9occupations, la principale \u00e9tant le p\u00e9age que la municipalit\u00e9 d\u2019Accra a impos\u00e9 aux kayayei. Le p\u00e9age part du principe que les <em>kayayei<\/em> sont des travailleuse\u00b7eur\u00b7s ind\u00e9pendant\u00b7e\u00b7s, alors qu\u2019en r\u00e9alit\u00e9 ce sont des travailleuse\u00b7eur\u00b7s salari\u00e9\u00b7e\u00b7s au service des vendeuse\u00b7eur\u00b7s et des client\u00b7e\u00b7s. Le Nouveau parti patriotique (NPP), outre son engagement \u00e0 abolir le p\u00e9age, a pr\u00e9sent\u00e9 d\u2019autres propositions favorables aux travailleuse\u00b7eur\u00b7s de l\u2019informel, notamment un projet de renforcement des capacit\u00e9s des <em>kayayei<\/em>, la constitution d\u2019un fonds de cr\u00e9dits aux vendeuse\u00b7eur\u00b7s de march\u00e9, la mise au point des infrastructures des march\u00e9s et le d\u00e9veloppement de r\u00e9gimes d\u2019assurance.<\/p>\n<p>Apr\u00e8s la victoire du NPP aux \u00e9lections de 2016, les kayayei, en guise d\u2019amorce du dialogue avec le nouveau gouvernement pour lui rappeler sa promesse, ont organis\u00e9 une marche victorieuse. Cette action a port\u00e9 ses fruits puisque, le 2 mars 2017, le nouveau ministre des Finances a annonc\u00e9 la suppression du p\u00e9age.<\/p>\n","protected":false},"excerpt":{"rendered":"<p>Am\u00e9lioration, par la n\u00e9gociation, des conditions de travail et des avantages sociaux<\/p>\n<p>En 2011, r\u00e9uni\u00b7e\u00b7s en atelier multipartite par l\u2019entremise des repr\u00e9sentant\u00b7e\u00b7s, les travailleuse\u00b7eur\u00b7s de l\u2019\u00e9conomie informelle, les autorit\u00e9s nationales et locales ont engag\u00e9 des n\u00e9gociations pour am\u00e9liorer la sant\u00e9 et la s\u00e9curit\u00e9 au travail (SST) au sein des march\u00e9s informels.<\/p>\n","protected":false},"author":2,"featured_media":14252,"parent":0,"menu_order":0,"comment_status":"closed","ping_status":"closed","template":"","meta":{"_acf_changed":false,"_relevanssi_hide_post":"","_relevanssi_hide_content":"","_relevanssi_pin_for_all":"","_relevanssi_pin_keywords":"","_relevanssi_unpin_keywords":"","_relevanssi_related_keywords":"","_relevanssi_related_include_ids":"","_relevanssi_related_exclude_ids":"","_relevanssi_related_no_append":"","_relevanssi_related_not_related":"","_relevanssi_related_posts":"","_relevanssi_noindex_reason":"","footnotes":""},"class_list":["post-26144","page","type-page","status-publish","has-post-thumbnail","hentry","region-accra","region-afrique"],"acf":[],"yoast_head":"<!-- This site is optimized with the Yoast SEO Premium plugin v23.8 (Yoast SEO v27.0) - https:\/\/yoast.com\/product\/yoast-seo-premium-wordpress\/ -->\n<title>Les retomb\u00e9es positives du projet Villes focales \u00e0 Accra - WIEGO<\/title>\n<meta name=\"robots\" content=\"index, follow, max-snippet:-1, max-image-preview:large, max-video-preview:-1\" \/>\n<link rel=\"canonical\" href=\"https:\/\/www.wiego.org\/fr\/les-retombees-positives-du-projet-villes-focales-accra\/\" \/>\n<meta property=\"og:locale\" content=\"fr_FR\" \/>\n<meta property=\"og:type\" content=\"article\" \/>\n<meta property=\"og:title\" content=\"Les retomb\u00e9es positives du projet Villes focales \u00e0 Accra\" \/>\n<meta property=\"og:description\" content=\"Am\u00e9lioration, par la n\u00e9gociation, des conditions de travail et des avantages sociaux En 2011, r\u00e9uni\u00b7e\u00b7s en atelier multipartite par l\u2019entremise des repr\u00e9sentant\u00b7e\u00b7s, les travailleuse\u00b7eur\u00b7s de l\u2019\u00e9conomie informelle, les autorit\u00e9s nationales et locales ont engag\u00e9 des n\u00e9gociations pour am\u00e9liorer la sant\u00e9 et la s\u00e9curit\u00e9 au travail (SST) au sein des march\u00e9s informels.\" \/>\n<meta property=\"og:url\" content=\"https:\/\/www.wiego.org\/fr\/les-retombees-positives-du-projet-villes-focales-accra\/\" \/>\n<meta property=\"og:site_name\" content=\"WIEGO\" \/>\n<meta property=\"article:publisher\" content=\"https:\/\/www.facebook.com\/wiegoglobal\/\" \/>\n<meta property=\"article:modified_time\" content=\"2024-07-11T14:44:33+00:00\" \/>\n<meta property=\"og:image\" content=\"https:\/\/www.wiego.org\/wp-content\/uploads\/2020\/04\/mamuna-mohammed-kayayei-agbogbloshie-market-accra-ghana-scaled.jpg\" \/>\n\t<meta property=\"og:image:width\" content=\"2880\" \/>\n\t<meta property=\"og:image:height\" content=\"1920\" \/>\n\t<meta property=\"og:image:type\" content=\"image\/jpeg\" \/>\n<meta name=\"twitter:card\" content=\"summary_large_image\" \/>\n<meta name=\"twitter:site\" content=\"@wiegoglobal\" \/>\n<meta name=\"twitter:label1\" content=\"Est. reading time\" \/>\n\t<meta name=\"twitter:data1\" content=\"3 minutes\" \/>\n<script type=\"application\/ld+json\" class=\"yoast-schema-graph\">{\"@context\":\"https:\/\/schema.org\",\"@graph\":[{\"@type\":\"WebPage\",\"@id\":\"https:\/\/www.wiego.org\/fr\/les-retombees-positives-du-projet-villes-focales-accra\/\",\"url\":\"https:\/\/www.wiego.org\/fr\/les-retombees-positives-du-projet-villes-focales-accra\/\",\"name\":\"Les retomb\u00e9es positives du projet Villes focales \u00e0 Accra - WIEGO\",\"isPartOf\":{\"@id\":\"https:\/\/www.wiego.org\/fr\/#website\"},\"primaryImageOfPage\":{\"@id\":\"https:\/\/www.wiego.org\/fr\/les-retombees-positives-du-projet-villes-focales-accra\/#primaryimage\"},\"image\":{\"@id\":\"https:\/\/www.wiego.org\/fr\/les-retombees-positives-du-projet-villes-focales-accra\/#primaryimage\"},\"thumbnailUrl\":\"https:\/\/www.wiego.org\/wp-content\/uploads\/2020\/04\/mamuna-mohammed-kayayei-agbogbloshie-market-accra-ghana-scaled.jpg\",\"datePublished\":\"2021-09-10T22:35:27+00:00\",\"dateModified\":\"2024-07-11T14:44:33+00:00\",\"breadcrumb\":{\"@id\":\"https:\/\/www.wiego.org\/fr\/les-retombees-positives-du-projet-villes-focales-accra\/#breadcrumb\"},\"inLanguage\":\"fr-FR\",\"potentialAction\":[{\"@type\":\"ReadAction\",\"target\":[\"https:\/\/www.wiego.org\/fr\/les-retombees-positives-du-projet-villes-focales-accra\/\"]}]},{\"@type\":\"ImageObject\",\"inLanguage\":\"fr-FR\",\"@id\":\"https:\/\/www.wiego.org\/fr\/les-retombees-positives-du-projet-villes-focales-accra\/#primaryimage\",\"url\":\"https:\/\/www.wiego.org\/wp-content\/uploads\/2020\/04\/mamuna-mohammed-kayayei-agbogbloshie-market-accra-ghana-scaled.jpg\",\"contentUrl\":\"https:\/\/www.wiego.org\/wp-content\/uploads\/2020\/04\/mamuna-mohammed-kayayei-agbogbloshie-market-accra-ghana-scaled.jpg\",\"width\":2880,\"height\":1920,\"caption\":\"Mamuna Mohammed, a head load porter (or kayayei) carries bananas through Agbogbloshie Market, a thriving central market for fruits and vegetables in Accra. With support from WIEGO, many kayayei at Agbogbloshie have experienced improved social protection. In 2012, WIEGO facilitated a Health Policy Dialogue in Accra with key government, civil society, and informal sector stakeholders, including the kayayei themselves. This allowed the kayayei to discuss and share experiences of Ghana\u2019s National Health Insurance Scheme (NHIS) with key health policymakers, who identified possible ways to incorporate these workers into the scheme and explore strategies to provide them with support in accessing health services. It was a successful result: 1,000 kayayei were able to register and gain better information on available health care services through the Ghanaian National Insurance Scheme.\"},{\"@type\":\"WebSite\",\"@id\":\"https:\/\/www.wiego.org\/fr\/#website\",\"url\":\"https:\/\/www.wiego.org\/fr\/\",\"name\":\"WIEGO\",\"description\":\"\",\"publisher\":{\"@id\":\"https:\/\/www.wiego.org\/fr\/#organization\"},\"potentialAction\":[{\"@type\":\"SearchAction\",\"target\":{\"@type\":\"EntryPoint\",\"urlTemplate\":\"https:\/\/www.wiego.org\/fr\/?s={search_term_string}\"},\"query-input\":{\"@type\":\"PropertyValueSpecification\",\"valueRequired\":true,\"valueName\":\"search_term_string\"}}],\"inLanguage\":\"fr-FR\"},{\"@type\":\"Organization\",\"@id\":\"https:\/\/www.wiego.org\/fr\/#organization\",\"name\":\"WIEGO\",\"url\":\"https:\/\/www.wiego.org\/fr\/\",\"logo\":{\"@type\":\"ImageObject\",\"inLanguage\":\"fr-FR\",\"@id\":\"https:\/\/www.wiego.org\/fr\/#\/schema\/logo\/image\/\",\"url\":\"https:\/\/www.wiego.org\/wp-content\/uploads\/2024\/12\/logo.svg\",\"contentUrl\":\"https:\/\/www.wiego.org\/wp-content\/uploads\/2024\/12\/logo.svg\",\"width\":142,\"height\":90,\"caption\":\"WIEGO\"},\"image\":{\"@id\":\"https:\/\/www.wiego.org\/fr\/#\/schema\/logo\/image\/\"},\"sameAs\":[\"https:\/\/www.facebook.com\/wiegoglobal\/\",\"https:\/\/x.com\/wiegoglobal\",\"https:\/\/www.linkedin.com\/company\/wiego\/\",\"https:\/\/www.youtube.com\/user\/wiegoglobal\"],\"description\":\"WIEGO is a global network that supports the movement of workers in informal employment.\"},{\"@type\":\"BreadcrumbList\",\"itemListElement\":[{\"@type\":\"ListItem\",\"position\":1,\"item\":{\"@id\":\"https:\/\/www.wiego.org\/fr\/\",\"name\":\"WIEGO\"}},{\"@type\":\"ListItem\",\"position\":2,\"item\":{\"@id\":\"https:\/\/www.wiego.org\/fr\/blog\/\",\"name\":\"Blog WIEGO\"}}],\"@id\":\"\/#breadcrumb\"}]}<\/script>\n<!-- \/ Yoast SEO Premium plugin. -->","yoast_head_json":{"title":"Les retomb\u00e9es positives du projet Villes focales \u00e0 Accra - WIEGO","robots":{"index":"index","follow":"follow","max-snippet":"max-snippet:-1","max-image-preview":"max-image-preview:large","max-video-preview":"max-video-preview:-1"},"canonical":"https:\/\/www.wiego.org\/fr\/les-retombees-positives-du-projet-villes-focales-accra\/","og_locale":"fr_FR","og_type":"article","og_title":"Les retomb\u00e9es positives du projet Villes focales \u00e0 Accra","og_description":"Am\u00e9lioration, par la n\u00e9gociation, des conditions de travail et des avantages sociaux En 2011, r\u00e9uni\u00b7e\u00b7s en atelier multipartite par l\u2019entremise des repr\u00e9sentant\u00b7e\u00b7s, les travailleuse\u00b7eur\u00b7s de l\u2019\u00e9conomie informelle, les autorit\u00e9s nationales et locales ont engag\u00e9 des n\u00e9gociations pour am\u00e9liorer la sant\u00e9 et la s\u00e9curit\u00e9 au travail (SST) au sein des march\u00e9s informels.","og_url":"https:\/\/www.wiego.org\/fr\/les-retombees-positives-du-projet-villes-focales-accra\/","og_site_name":"WIEGO","article_publisher":"https:\/\/www.facebook.com\/wiegoglobal\/","article_modified_time":"2024-07-11T14:44:33+00:00","og_image":[{"width":2880,"height":1920,"url":"https:\/\/www.wiego.org\/wp-content\/uploads\/2020\/04\/mamuna-mohammed-kayayei-agbogbloshie-market-accra-ghana-scaled.jpg","type":"image\/jpeg"}],"twitter_card":"summary_large_image","twitter_site":"@wiegoglobal","twitter_misc":{"Est. reading time":"3 minutes"},"schema":{"@context":"https:\/\/schema.org","@graph":[{"@type":"WebPage","@id":"https:\/\/www.wiego.org\/fr\/les-retombees-positives-du-projet-villes-focales-accra\/","url":"https:\/\/www.wiego.org\/fr\/les-retombees-positives-du-projet-villes-focales-accra\/","name":"Les retomb\u00e9es positives du projet Villes focales \u00e0 Accra - WIEGO","isPartOf":{"@id":"https:\/\/www.wiego.org\/fr\/#website"},"primaryImageOfPage":{"@id":"https:\/\/www.wiego.org\/fr\/les-retombees-positives-du-projet-villes-focales-accra\/#primaryimage"},"image":{"@id":"https:\/\/www.wiego.org\/fr\/les-retombees-positives-du-projet-villes-focales-accra\/#primaryimage"},"thumbnailUrl":"https:\/\/www.wiego.org\/wp-content\/uploads\/2020\/04\/mamuna-mohammed-kayayei-agbogbloshie-market-accra-ghana-scaled.jpg","datePublished":"2021-09-10T22:35:27+00:00","dateModified":"2024-07-11T14:44:33+00:00","breadcrumb":{"@id":"https:\/\/www.wiego.org\/fr\/les-retombees-positives-du-projet-villes-focales-accra\/#breadcrumb"},"inLanguage":"fr-FR","potentialAction":[{"@type":"ReadAction","target":["https:\/\/www.wiego.org\/fr\/les-retombees-positives-du-projet-villes-focales-accra\/"]}]},{"@type":"ImageObject","inLanguage":"fr-FR","@id":"https:\/\/www.wiego.org\/fr\/les-retombees-positives-du-projet-villes-focales-accra\/#primaryimage","url":"https:\/\/www.wiego.org\/wp-content\/uploads\/2020\/04\/mamuna-mohammed-kayayei-agbogbloshie-market-accra-ghana-scaled.jpg","contentUrl":"https:\/\/www.wiego.org\/wp-content\/uploads\/2020\/04\/mamuna-mohammed-kayayei-agbogbloshie-market-accra-ghana-scaled.jpg","width":2880,"height":1920,"caption":"Mamuna Mohammed, a head load porter (or kayayei) carries bananas through Agbogbloshie Market, a thriving central market for fruits and vegetables in Accra. With support from WIEGO, many kayayei at Agbogbloshie have experienced improved social protection. In 2012, WIEGO facilitated a Health Policy Dialogue in Accra with key government, civil society, and informal sector stakeholders, including the kayayei themselves. This allowed the kayayei to discuss and share experiences of Ghana\u2019s National Health Insurance Scheme (NHIS) with key health policymakers, who identified possible ways to incorporate these workers into the scheme and explore strategies to provide them with support in accessing health services. It was a successful result: 1,000 kayayei were able to register and gain better information on available health care services through the Ghanaian National Insurance Scheme."},{"@type":"WebSite","@id":"https:\/\/www.wiego.org\/fr\/#website","url":"https:\/\/www.wiego.org\/fr\/","name":"WIEGO","description":"","publisher":{"@id":"https:\/\/www.wiego.org\/fr\/#organization"},"potentialAction":[{"@type":"SearchAction","target":{"@type":"EntryPoint","urlTemplate":"https:\/\/www.wiego.org\/fr\/?s={search_term_string}"},"query-input":{"@type":"PropertyValueSpecification","valueRequired":true,"valueName":"search_term_string"}}],"inLanguage":"fr-FR"},{"@type":"Organization","@id":"https:\/\/www.wiego.org\/fr\/#organization","name":"WIEGO","url":"https:\/\/www.wiego.org\/fr\/","logo":{"@type":"ImageObject","inLanguage":"fr-FR","@id":"https:\/\/www.wiego.org\/fr\/#\/schema\/logo\/image\/","url":"https:\/\/www.wiego.org\/wp-content\/uploads\/2024\/12\/logo.svg","contentUrl":"https:\/\/www.wiego.org\/wp-content\/uploads\/2024\/12\/logo.svg","width":142,"height":90,"caption":"WIEGO"},"image":{"@id":"https:\/\/www.wiego.org\/fr\/#\/schema\/logo\/image\/"},"sameAs":["https:\/\/www.facebook.com\/wiegoglobal\/","https:\/\/x.com\/wiegoglobal","https:\/\/www.linkedin.com\/company\/wiego\/","https:\/\/www.youtube.com\/user\/wiegoglobal"],"description":"WIEGO is a global network that supports the movement of workers in informal employment."},{"@type":"BreadcrumbList","itemListElement":[{"@type":"ListItem","position":1,"item":{"@id":"https:\/\/www.wiego.org\/fr\/","name":"WIEGO"}},{"@type":"ListItem","position":2,"item":{"@id":"https:\/\/www.wiego.org\/fr\/blog\/","name":"Blog WIEGO"}}],"@id":"\/#breadcrumb"}]}},"_links":{"self":[{"href":"https:\/\/www.wiego.org\/fr\/wp-json\/wp\/v2\/pages\/26144","targetHints":{"allow":["GET"]}}],"collection":[{"href":"https:\/\/www.wiego.org\/fr\/wp-json\/wp\/v2\/pages"}],"about":[{"href":"https:\/\/www.wiego.org\/fr\/wp-json\/wp\/v2\/types\/page"}],"author":[{"embeddable":true,"href":"https:\/\/www.wiego.org\/fr\/wp-json\/wp\/v2\/users\/2"}],"replies":[{"embeddable":true,"href":"https:\/\/www.wiego.org\/fr\/wp-json\/wp\/v2\/comments?post=26144"}],"version-history":[{"count":0,"href":"https:\/\/www.wiego.org\/fr\/wp-json\/wp\/v2\/pages\/26144\/revisions"}],"wp:featuredmedia":[{"embeddable":true,"href":"https:\/\/www.wiego.org\/fr\/wp-json\/wp\/v2\/media\/14252"}],"wp:attachment":[{"href":"https:\/\/www.wiego.org\/fr\/wp-json\/wp\/v2\/media?parent=26144"}],"curies":[{"name":"wp","href":"https:\/\/api.w.org\/{rel}","templated":true}]}}