{"id":26136,"date":"2021-02-10T20:34:52","date_gmt":"2021-02-11T01:34:52","guid":{"rendered":"https:\/\/wiego.local\/fr-etude-sur-la-crise-de-la-covid-19-et-leconomie-informelle-evenements-et-webinaires\/"},"modified":"2024-07-11T10:44:32","modified_gmt":"2024-07-11T14:44:32","slug":"etude-sur-la-crise-de-la-covid-19-et-leconomie-informelle-evenements-et-webinaires","status":"publish","type":"page","link":"https:\/\/www.wiego.org\/fr\/etude-sur-la-crise-de-la-covid-19-et-leconomie-informelle-evenements-et-webinaires\/","title":{"rendered":"\u00c9tude sur la crise de la COVID-19 et l&#8217;\u00e9conomie informelle : \u00c9v\u00e9nements et webinaires"},"content":{"rendered":"<h3>\u00c9v\u00e9nements et webinaires :<\/h3>\n<table border=\"0\" cellpadding=\"0\" cellspacing=\"0\" style=\"width: 100%;\">\n<tbody>\n<tr>\n<td>\n<p><img decoding=\"async\" alt=\"Webinar video thumbnail Moving from Relief to Recovery in Delhi\" data-entity-type=\"file\" data-entity-uuid=\"fe47856d-bfaf-4b59-90a2-8b87d353515b\" src=\"\/sites\/default\/files\/inline-images\/Webinar_video_thumbnail_Moving_from_Relief_to_Recovery_in_Delhi.jpg\" class=\"align-left\" width=\"276\" height=\"179\" loading=\"lazy\" \/><\/p>\n<h5>24 February 2021<\/h5>\n<p><strong>Webinar: COVID-19 Crisis &#038; the Informal Economy: Moving from Relief to Recovery in Delhi<\/strong><\/p>\n<p><a class=\"btn btn-orange\" href=\"https:\/\/youtu.be\/tDwD9iI_238\">English<\/a> \u00a0 \u00a0 \u00a0 \u00a0 <a class=\"btn btn-orange\" href=\"https:\/\/youtu.be\/XslMvuYmOjY\">\u0939\u093f\u0928\u094d\u0926\u0940<\/a><\/p>\n<\/td>\n<\/tr>\n<\/tbody>\n<\/table>\n<table border=\"0\" cellpadding=\"0\" cellspacing=\"0\" style=\"width: 100%;\">\n<tbody>\n<tr>\n<td>\n<p><img decoding=\"async\" alt=\"webinar Women, Informal Work and Covid-19: Data-based policy Considerations\" data-entity-type=\"file\" data-entity-uuid=\"f2e6690a-2ca7-4f95-8b51-19cfc809db0a\" src=\"\/sites\/default\/files\/inline-images\/WIEGO_JHB_0649_thumbnail.jpg\" class=\"align-left\" width=\"276\" height=\"179\" loading=\"lazy\" \/><\/p>\n<h5>21 October 2020 &#8211; 21 October 2020<\/h5>\n<p><strong>Webinar: <a href=\"https:\/\/www.wiego.org\/events\/women-informal-work-covid-19-data-based-policy-considerations\">Women, Informal Work &#038; COVID-19: Data-based Policy Considerations<\/a><\/strong><\/p>\n<\/td>\n<\/tr>\n<\/tbody>\n<\/table>\n<table border=\"0\" cellpadding=\"0\" cellspacing=\"0\" style=\"width: 100%;\">\n<tbody>\n<tr>\n<td>\n<p><img decoding=\"async\" alt=\"Women in the World of Work at World Social Forum 2021 thumbnail\" data-entity-type=\"file\" data-entity-uuid=\"09fef79f-09da-4a18-ba05-b26a12642241\" src=\"\/sites\/default\/files\/inline-images\/Women_in_the_World_of_Work_at_World_Social_Forum_2021_thumbnail.jpg\" class=\"align-left\" width=\"276\" height=\"179\" loading=\"lazy\" \/><\/p>\n<h5>24 to 31 January 2020<\/h5>\n<p><strong>Webinar: <\/strong><a href=\"https:\/\/www.facebook.com\/watch\/live\/?v=789270545270149&#038;ref=watch_permalink\"><strong>Women in the World of Work at World Social Forum 2021<\/strong><\/a><\/p>\n<\/td>\n<\/tr>\n<\/tbody>\n<\/table>\n<h3>Demandes m\u00e9diatiques\u00a0:<\/h3>\n<p>G\u00e9n\u00e9ral\u00a0:\u00a0<a href=\"mailto:Media@wiego.org\">media@wiego.org<\/a>\u00a0\u00a0<\/p>\n<p>Contact (anglais): Nicole Pryor,\u00a0<a href=\"mailto:nicole.pryor@wiego.org\">nicole.pryor@wiego.org<\/a>\u00a0ou +64 27 239 2575 (NZT)<br \/>\nContact (espagnol): Graciela Mora,\u00a0<a href=\"mailto:graciela.mora@wiego.org\">graciela.mora@wiego.org<\/a>\u00a0ou +506 8358 5592 (UTC\/GMT -6 heures)<\/p>\n<hr \/>\n<p class=\"text-align-center\"><a class=\"btn btn-orange\" href=\"https:\/\/www.wiego.org\/fr\/etude-sur-la-crise-de-la-covid-19-et-leconomie-informelle\">\u00c9tude sur la crise de la COVID-19 et l&#8217;\u00e9conomie informelle<\/a><\/p>\n","protected":false},"excerpt":{"rendered":"<p>\u00c9v\u00e9nements et webinaires :<\/p>\n","protected":false},"author":2,"featured_media":18782,"parent":0,"menu_order":0,"comment_status":"closed","ping_status":"closed","template":"","meta":{"_acf_changed":false,"_relevanssi_hide_post":"","_relevanssi_hide_content":"","_relevanssi_pin_for_all":"","_relevanssi_pin_keywords":"","_relevanssi_unpin_keywords":"","_relevanssi_related_keywords":"","_relevanssi_related_include_ids":"","_relevanssi_related_exclude_ids":"","_relevanssi_related_no_append":"","_relevanssi_related_not_related":"","_relevanssi_related_posts":"39749,26084,45850,40192,40838,40782,26144,40347,40035,39746","_relevanssi_noindex_reason":"","footnotes":""},"class_list":["post-26136","page","type-page","status-publish","has-post-thumbnail","hentry","economy-theme-avenir-du-travail","economy-theme-estudio-crisis-covid-19","economy-theme-histoire-debats-theorie","economy-theme-moyens-de-subsistance","economy-theme-plaidoyer-negociations-mondial","economy-theme-statistiques"],"acf":[],"yoast_head":"<!-- This site is optimized with the Yoast SEO Premium plugin v23.8 (Yoast SEO v27.0) - https:\/\/yoast.com\/product\/yoast-seo-premium-wordpress\/ -->\n<title>\u00c9tude sur la crise de la COVID-19 et l&#039;\u00e9conomie informelle : \u00c9v\u00e9nements et webinaires - WIEGO<\/title>\n<meta name=\"robots\" content=\"index, follow, max-snippet:-1, max-image-preview:large, max-video-preview:-1\" \/>\n<link rel=\"canonical\" href=\"https:\/\/www.wiego.org\/fr\/etude-sur-la-crise-de-la-covid-19-et-leconomie-informelle-evenements-et-webinaires\/\" \/>\n<meta property=\"og:locale\" content=\"fr_FR\" \/>\n<meta property=\"og:type\" content=\"article\" \/>\n<meta property=\"og:title\" content=\"\u00c9tude sur la crise de la COVID-19 et l&#039;\u00e9conomie informelle : \u00c9v\u00e9nements et webinaires\" \/>\n<meta property=\"og:description\" content=\"\u00c9v\u00e9nements et webinaires :\" \/>\n<meta property=\"og:url\" content=\"https:\/\/www.wiego.org\/fr\/etude-sur-la-crise-de-la-covid-19-et-leconomie-informelle-evenements-et-webinaires\/\" \/>\n<meta property=\"og:site_name\" content=\"WIEGO\" \/>\n<meta property=\"article:publisher\" content=\"https:\/\/www.facebook.com\/wiegoglobal\/\" \/>\n<meta property=\"article:modified_time\" content=\"2024-07-11T14:44:32+00:00\" \/>\n<meta property=\"og:image\" content=\"http:\/\/www.wiego.org\/wp-content\/uploads\/2021\/12\/Policy_Insights_No_8_Hero.jpg\" \/>\n\t<meta property=\"og:image:width\" content=\"1140\" \/>\n\t<meta property=\"og:image:height\" content=\"430\" \/>\n\t<meta property=\"og:image:type\" content=\"image\/jpeg\" \/>\n<meta name=\"twitter:card\" content=\"summary_large_image\" \/>\n<meta name=\"twitter:site\" content=\"@wiegoglobal\" \/>\n<script type=\"application\/ld+json\" class=\"yoast-schema-graph\">{\"@context\":\"https:\/\/schema.org\",\"@graph\":[{\"@type\":\"WebPage\",\"@id\":\"https:\/\/www.wiego.org\/fr\/etude-sur-la-crise-de-la-covid-19-et-leconomie-informelle-evenements-et-webinaires\/\",\"url\":\"https:\/\/www.wiego.org\/fr\/etude-sur-la-crise-de-la-covid-19-et-leconomie-informelle-evenements-et-webinaires\/\",\"name\":\"\u00c9tude sur la crise de la COVID-19 et l'\u00e9conomie informelle : \u00c9v\u00e9nements et webinaires - WIEGO\",\"isPartOf\":{\"@id\":\"https:\/\/www.wiego.org\/fr\/#website\"},\"primaryImageOfPage\":{\"@id\":\"https:\/\/www.wiego.org\/fr\/etude-sur-la-crise-de-la-covid-19-et-leconomie-informelle-evenements-et-webinaires\/#primaryimage\"},\"image\":{\"@id\":\"https:\/\/www.wiego.org\/fr\/etude-sur-la-crise-de-la-covid-19-et-leconomie-informelle-evenements-et-webinaires\/#primaryimage\"},\"thumbnailUrl\":\"https:\/\/www.wiego.org\/wp-content\/uploads\/2021\/12\/Policy_Insights_No_8_Hero.jpg\",\"datePublished\":\"2021-02-11T01:34:52+00:00\",\"dateModified\":\"2024-07-11T14:44:32+00:00\",\"breadcrumb\":{\"@id\":\"https:\/\/www.wiego.org\/fr\/etude-sur-la-crise-de-la-covid-19-et-leconomie-informelle-evenements-et-webinaires\/#breadcrumb\"},\"inLanguage\":\"fr-FR\",\"potentialAction\":[{\"@type\":\"ReadAction\",\"target\":[\"https:\/\/www.wiego.org\/fr\/etude-sur-la-crise-de-la-covid-19-et-leconomie-informelle-evenements-et-webinaires\/\"]}]},{\"@type\":\"ImageObject\",\"inLanguage\":\"fr-FR\",\"@id\":\"https:\/\/www.wiego.org\/fr\/etude-sur-la-crise-de-la-covid-19-et-leconomie-informelle-evenements-et-webinaires\/#primaryimage\",\"url\":\"https:\/\/www.wiego.org\/wp-content\/uploads\/2021\/12\/Policy_Insights_No_8_Hero.jpg\",\"contentUrl\":\"https:\/\/www.wiego.org\/wp-content\/uploads\/2021\/12\/Policy_Insights_No_8_Hero.jpg\",\"width\":1140,\"height\":430,\"caption\":\"Four working women wearing masks\"},{\"@type\":\"WebSite\",\"@id\":\"https:\/\/www.wiego.org\/fr\/#website\",\"url\":\"https:\/\/www.wiego.org\/fr\/\",\"name\":\"WIEGO\",\"description\":\"\",\"publisher\":{\"@id\":\"https:\/\/www.wiego.org\/fr\/#organization\"},\"potentialAction\":[{\"@type\":\"SearchAction\",\"target\":{\"@type\":\"EntryPoint\",\"urlTemplate\":\"https:\/\/www.wiego.org\/fr\/?s={search_term_string}\"},\"query-input\":{\"@type\":\"PropertyValueSpecification\",\"valueRequired\":true,\"valueName\":\"search_term_string\"}}],\"inLanguage\":\"fr-FR\"},{\"@type\":\"Organization\",\"@id\":\"https:\/\/www.wiego.org\/fr\/#organization\",\"name\":\"WIEGO\",\"url\":\"https:\/\/www.wiego.org\/fr\/\",\"logo\":{\"@type\":\"ImageObject\",\"inLanguage\":\"fr-FR\",\"@id\":\"https:\/\/www.wiego.org\/fr\/#\/schema\/logo\/image\/\",\"url\":\"https:\/\/www.wiego.org\/wp-content\/uploads\/2024\/12\/logo.svg\",\"contentUrl\":\"https:\/\/www.wiego.org\/wp-content\/uploads\/2024\/12\/logo.svg\",\"width\":142,\"height\":90,\"caption\":\"WIEGO\"},\"image\":{\"@id\":\"https:\/\/www.wiego.org\/fr\/#\/schema\/logo\/image\/\"},\"sameAs\":[\"https:\/\/www.facebook.com\/wiegoglobal\/\",\"https:\/\/x.com\/wiegoglobal\",\"https:\/\/www.linkedin.com\/company\/wiego\/\",\"https:\/\/www.youtube.com\/user\/wiegoglobal\"],\"description\":\"WIEGO is a global network that supports the movement of workers in informal employment.\"},{\"@type\":\"BreadcrumbList\",\"itemListElement\":[{\"@type\":\"ListItem\",\"position\":1,\"item\":{\"@id\":\"https:\/\/www.wiego.org\/fr\/\",\"name\":\"WIEGO\"}},{\"@type\":\"ListItem\",\"position\":2,\"item\":{\"@id\":\"https:\/\/www.wiego.org\/fr\/blog\/\",\"name\":\"Blog WIEGO\"}}],\"@id\":\"\/#breadcrumb\"}]}<\/script>\n<!-- \/ Yoast SEO Premium plugin. -->","yoast_head_json":{"title":"\u00c9tude sur la crise de la COVID-19 et l'\u00e9conomie informelle : \u00c9v\u00e9nements et webinaires - WIEGO","robots":{"index":"index","follow":"follow","max-snippet":"max-snippet:-1","max-image-preview":"max-image-preview:large","max-video-preview":"max-video-preview:-1"},"canonical":"https:\/\/www.wiego.org\/fr\/etude-sur-la-crise-de-la-covid-19-et-leconomie-informelle-evenements-et-webinaires\/","og_locale":"fr_FR","og_type":"article","og_title":"\u00c9tude sur la crise de la COVID-19 et l'\u00e9conomie informelle : \u00c9v\u00e9nements et webinaires","og_description":"\u00c9v\u00e9nements et webinaires :","og_url":"https:\/\/www.wiego.org\/fr\/etude-sur-la-crise-de-la-covid-19-et-leconomie-informelle-evenements-et-webinaires\/","og_site_name":"WIEGO","article_publisher":"https:\/\/www.facebook.com\/wiegoglobal\/","article_modified_time":"2024-07-11T14:44:32+00:00","og_image":[{"width":1140,"height":430,"url":"http:\/\/www.wiego.org\/wp-content\/uploads\/2021\/12\/Policy_Insights_No_8_Hero.jpg","type":"image\/jpeg"}],"twitter_card":"summary_large_image","twitter_site":"@wiegoglobal","schema":{"@context":"https:\/\/schema.org","@graph":[{"@type":"WebPage","@id":"https:\/\/www.wiego.org\/fr\/etude-sur-la-crise-de-la-covid-19-et-leconomie-informelle-evenements-et-webinaires\/","url":"https:\/\/www.wiego.org\/fr\/etude-sur-la-crise-de-la-covid-19-et-leconomie-informelle-evenements-et-webinaires\/","name":"\u00c9tude sur la crise de la COVID-19 et l'\u00e9conomie informelle : \u00c9v\u00e9nements et webinaires - WIEGO","isPartOf":{"@id":"https:\/\/www.wiego.org\/fr\/#website"},"primaryImageOfPage":{"@id":"https:\/\/www.wiego.org\/fr\/etude-sur-la-crise-de-la-covid-19-et-leconomie-informelle-evenements-et-webinaires\/#primaryimage"},"image":{"@id":"https:\/\/www.wiego.org\/fr\/etude-sur-la-crise-de-la-covid-19-et-leconomie-informelle-evenements-et-webinaires\/#primaryimage"},"thumbnailUrl":"https:\/\/www.wiego.org\/wp-content\/uploads\/2021\/12\/Policy_Insights_No_8_Hero.jpg","datePublished":"2021-02-11T01:34:52+00:00","dateModified":"2024-07-11T14:44:32+00:00","breadcrumb":{"@id":"https:\/\/www.wiego.org\/fr\/etude-sur-la-crise-de-la-covid-19-et-leconomie-informelle-evenements-et-webinaires\/#breadcrumb"},"inLanguage":"fr-FR","potentialAction":[{"@type":"ReadAction","target":["https:\/\/www.wiego.org\/fr\/etude-sur-la-crise-de-la-covid-19-et-leconomie-informelle-evenements-et-webinaires\/"]}]},{"@type":"ImageObject","inLanguage":"fr-FR","@id":"https:\/\/www.wiego.org\/fr\/etude-sur-la-crise-de-la-covid-19-et-leconomie-informelle-evenements-et-webinaires\/#primaryimage","url":"https:\/\/www.wiego.org\/wp-content\/uploads\/2021\/12\/Policy_Insights_No_8_Hero.jpg","contentUrl":"https:\/\/www.wiego.org\/wp-content\/uploads\/2021\/12\/Policy_Insights_No_8_Hero.jpg","width":1140,"height":430,"caption":"Four working women wearing masks"},{"@type":"WebSite","@id":"https:\/\/www.wiego.org\/fr\/#website","url":"https:\/\/www.wiego.org\/fr\/","name":"WIEGO","description":"","publisher":{"@id":"https:\/\/www.wiego.org\/fr\/#organization"},"potentialAction":[{"@type":"SearchAction","target":{"@type":"EntryPoint","urlTemplate":"https:\/\/www.wiego.org\/fr\/?s={search_term_string}"},"query-input":{"@type":"PropertyValueSpecification","valueRequired":true,"valueName":"search_term_string"}}],"inLanguage":"fr-FR"},{"@type":"Organization","@id":"https:\/\/www.wiego.org\/fr\/#organization","name":"WIEGO","url":"https:\/\/www.wiego.org\/fr\/","logo":{"@type":"ImageObject","inLanguage":"fr-FR","@id":"https:\/\/www.wiego.org\/fr\/#\/schema\/logo\/image\/","url":"https:\/\/www.wiego.org\/wp-content\/uploads\/2024\/12\/logo.svg","contentUrl":"https:\/\/www.wiego.org\/wp-content\/uploads\/2024\/12\/logo.svg","width":142,"height":90,"caption":"WIEGO"},"image":{"@id":"https:\/\/www.wiego.org\/fr\/#\/schema\/logo\/image\/"},"sameAs":["https:\/\/www.facebook.com\/wiegoglobal\/","https:\/\/x.com\/wiegoglobal","https:\/\/www.linkedin.com\/company\/wiego\/","https:\/\/www.youtube.com\/user\/wiegoglobal"],"description":"WIEGO is a global network that supports the movement of workers in informal employment."},{"@type":"BreadcrumbList","itemListElement":[{"@type":"ListItem","position":1,"item":{"@id":"https:\/\/www.wiego.org\/fr\/","name":"WIEGO"}},{"@type":"ListItem","position":2,"item":{"@id":"https:\/\/www.wiego.org\/fr\/blog\/","name":"Blog WIEGO"}}],"@id":"\/#breadcrumb"}]}},"_links":{"self":[{"href":"https:\/\/www.wiego.org\/fr\/wp-json\/wp\/v2\/pages\/26136","targetHints":{"allow":["GET"]}}],"collection":[{"href":"https:\/\/www.wiego.org\/fr\/wp-json\/wp\/v2\/pages"}],"about":[{"href":"https:\/\/www.wiego.org\/fr\/wp-json\/wp\/v2\/types\/page"}],"author":[{"embeddable":true,"href":"https:\/\/www.wiego.org\/fr\/wp-json\/wp\/v2\/users\/2"}],"replies":[{"embeddable":true,"href":"https:\/\/www.wiego.org\/fr\/wp-json\/wp\/v2\/comments?post=26136"}],"version-history":[{"count":0,"href":"https:\/\/www.wiego.org\/fr\/wp-json\/wp\/v2\/pages\/26136\/revisions"}],"wp:featuredmedia":[{"embeddable":true,"href":"https:\/\/www.wiego.org\/fr\/wp-json\/wp\/v2\/media\/18782"}],"wp:attachment":[{"href":"https:\/\/www.wiego.org\/fr\/wp-json\/wp\/v2\/media?parent=26136"}],"curies":[{"name":"wp","href":"https:\/\/api.w.org\/{rel}","templated":true}]}}