{"id":26135,"date":"2021-01-29T00:07:17","date_gmt":"2021-01-29T05:07:17","guid":{"rendered":"https:\/\/wiego.local\/fr-etude-sur-la-crise-de-la-covid-19-et-leconomie-informelle-blogs\/"},"modified":"2024-07-11T10:44:32","modified_gmt":"2024-07-11T14:44:32","slug":"etude-sur-la-crise-de-la-covid-19-et-leconomie-informelle-blogs","status":"publish","type":"page","link":"https:\/\/www.wiego.org\/fr\/etude-sur-la-crise-de-la-covid-19-et-leconomie-informelle-blogs\/","title":{"rendered":"\u00c9tude sur la crise de la COVID-19 et l&#8217;\u00e9conomie informelle : Blogs"},"content":{"rendered":"<h3>Blogs :<\/h3>\n<table border=\"0\" cellpadding=\"0\" cellspacing=\"0\" style=\"width: 100%;\">\n<tbody>\n<tr>\n<td>\n<h4><img decoding=\"async\" alt=\"Street vendor in Accra, Ghana\" data-entity-type=\"file\" data-entity-uuid=\"f8c33381-3181-49da-8035-ad97a7fa5370\" src=\"\/sites\/default\/files\/inline-images\/Accra_SV_Benjamin-Forson_1034_thumb.jpg\" class=\"align-right\" width=\"276\" height=\"179\" loading=\"lazy\" \/>Des travailleuse\u00b7eur\u00b7s de l&#8217;\u00e9conomie informelle t\u00e9moignent des enjeux cruciaux relatifs \u00e0 la COVID-19<\/h4>\n<nav aria-label=\"Tabs\" role=\"navigation\">\n<p>Les travailleuse\u00b7eur\u00b7s de l&#8217;\u00e9conomie informelle ont perdu pr\u00e8s de 80 % de leurs revenus lorsque la pand\u00e9mie est arriv\u00e9e. Essentiel\u00b7le\u00b7s au maintien des syst\u00e8mes d&#8217;alimentation, de soins et de gestion des d\u00e9chets pendant la crise, elles\u00b7ils ont pourtant \u00e9t\u00e9 les plus durement touch\u00e9\u00b7e\u00b7s, car elles\u00b7ils ne pouvaient pas cotiser aux r\u00e9gimes de s\u00e9curit\u00e9 sociale et \u00e9taient exclu\u00b7e\u00b7s des prestations destin\u00e9es aux personnes les plus vuln\u00e9rables.<\/p>\n<p><a class=\"btn btn-orange\" data-entity-substitution=\"canonical\" data-entity-type=\"node\" data-entity-uuid=\"8396ede4-a217-4c1b-ad13-e70497cddc6b\" href=\"https:\/\/www.wiego.org\/fr\/blog\/des-travailleuseeurs-de-leconomie-informelle-temoignent-des-enjeux-cruciaux-relatifs-la-covid\/\">English<\/a> \u00a0\u00a0\u00a0\u00a0\u00a0\u00a0 <a class=\"btn btn-orange\" href=\"https:\/\/www.wiego.org\/blog\/aspectos-cruciales-sobre-la-covid-19-testimonios-de-trabajadorxs-en-la-economia-informal\/\">Espa\u00f1ol<\/a> \u00a0\u00a0\u00a0\u00a0\u00a0\u00a0 <a class=\"btn btn-orange\" href=\"https:\/\/www.wiego.org\/blog\/des-travailleuseeurs-de-leconomie-informelle-temoignent-des-enjeux-cruciaux-relatifs-la-covid\/\">Fran\u00e7ais<\/a><\/p>\n<\/nav>\n<\/td>\n<\/tr>\n<\/tbody>\n<\/table>\n<hr \/>\n<table border=\"0\" cellpadding=\"0\" cellspacing=\"0\" style=\"width: 100%;\">\n<tbody>\n<tr>\n<td>\n<h4><img decoding=\"async\" alt=\"Abena Konadu, a trader at Tema Lorry Station Market, along the footpath to the station.\" data-entity-type=\"file\" data-entity-uuid=\"b8203f06-d128-40f5-b9cc-d90295243dd1\" src=\"\/sites\/default\/files\/inline-images\/Accra_SV_Benjamin-Forson_0973-thumb.jpg\" class=\"align-right\" width=\"276\" height=\"179\" loading=\"lazy\" \/>Cr\u00e9er un \u00e9lan pour \u00e9largir la protection sociale<\/h4>\n<nav aria-label=\"Tabs\" role=\"navigation\">\n<p>Mike Rogan et Laura Alfers de WIEGO discutent de la fa\u00e7on dont la pand\u00e9mie a soulign\u00e9 l&#8217;importance de la protection sociale et des services publics pour garantir les moyens de subsistance des femmes et des hommes travaillant dans l&#8217;\u00e9conomie informelle, alors que WIEGO se pr\u00e9pare \u00e0 rejoindre la Conf\u00e9rence internationale du Travail o\u00f9 ces questions seront d\u00e9battues.<\/p>\n<p><a class=\"btn btn-orange\" data-entity-substitution=\"canonical\" data-entity-type=\"node\" data-entity-uuid=\"050dbdbf-fa3e-4ca8-a2db-829b65d458a1\" href=\"https:\/\/www.wiego.org\/fr\/blog\/creer-un-elan-pour-elargir-la-protection-sociale\/\">English<\/a> \u00a0\u00a0\u00a0\u00a0\u00a0\u00a0 <a class=\"btn btn-orange\" href=\"https:\/\/www.wiego.org\/blog\/tomar-impulso-para-ampliar-la-proteccion-social\/\">Espa\u00f1ol<\/a> \u00a0\u00a0\u00a0\u00a0\u00a0\u00a0 <a class=\"btn btn-orange\" href=\"https:\/\/www.wiego.org\/blog\/creer-un-elan-pour-elargir-la-protection-sociale\/\">Fran\u00e7ais<\/a><\/p>\n<\/nav>\n<\/td>\n<\/tr>\n<\/tbody>\n<\/table>\n<hr \/>\n<table border=\"0\" cellpadding=\"0\" cellspacing=\"0\" style=\"width: 100%;\">\n<tbody>\n<tr>\n<td>\n<h4><img decoding=\"async\" alt=\"Informal Workers See a Long Road to Recovery Ahead \u2014 Unless Governments Act\" data-entity-type=\"file\" data-entity-uuid=\"4bdb1781-d788-428f-9bc0-d3d706590ae9\" src=\"\/sites\/default\/files\/inline-images\/Accra_SV_Benjamin-Forson.jpg\" class=\"align-right\" width=\"276\" height=\"179\" loading=\"lazy\" \/>Les travailleuse\u00b7eur\u00b7s de l\u2019informel pr\u00e9voient un long chemin vers la reprise \u2013 \u00e0 moins que les gouvernements passent \u00e0 l\u2019action \u2013<\/h4>\n<nav aria-label=\"Tabs\" role=\"navigation\">\n<p>Les informations recueillies lors du premier cycle de l\u2019\u00e9tude sur la crise de la COVID-19 et l\u2019\u00e9conomie informelle men\u00e9e par WIEGO dans 12 villes mettent en \u00e9vidence trois patrons communs aux diff\u00e9rents groupes de travailleuse\u2022eur\u2022s et aux diff\u00e9rents continents. Le premier patron consiste dans une chute soudaine et massive des revenus. \u00c9tant donn\u00e9 que plusieurs travailleuse\u2022eur\u2022s de l\u2019informel gagnent leur vie au jour le jour afin de satisfaire leurs besoins fondamentaux, et compte tenu des liens entre le travail informel et la pauvret\u00e9 avant m\u00eame la pand\u00e9mie, cette interruption des revenus a eu des cons\u00e9quences s\u00e9v\u00e8res pour les travailleuse\u2022eur\u2022s et leurs m\u00e9nages. Dans le deuxi\u00e8me patron, la port\u00e9e des transferts de fonds d\u2019urgence et de l\u2019aide alimentaire dans les premiers mois de la crise a \u00e9t\u00e9 limit\u00e9e et in\u00e9gale. Pour le troisi\u00e8me, en cons\u00e9quence, les travailleuse\u2022eur\u2022s ont eu recours \u00e0 des strat\u00e9gies de survie qui \u00e9rodent les actifs qu\u2019elles ont pu accumuler, leur laissant un long chemin \u00e0 parcourir pour atteindre la reprise.<\/p>\n<p><a class=\"btn btn-orange\" href=\"https:\/\/www.wiego.org\/blog\/informal-workers-see-long-road-recovery-ahead-unless-governments-act\/\">English<\/a> \u00a0\u00a0\u00a0\u00a0\u00a0\u00a0 <a class=\"btn btn-orange\" href=\"https:\/\/www.wiego.org\/blog\/trabajadoras-y-trabajadores-en-empleo-informal-ven-un-largo-camino-hacia-la-recuperacion-menos\/\">Espa\u00f1ol<\/a> \u00a0\u00a0\u00a0\u00a0\u00a0\u00a0 <a class=\"btn btn-orange\" href=\"https:\/\/www.wiego.org\/blog\/les-travailleuseeurs-de-linformel-prevoient-un-long-chemin-vers-la-reprise-moins-que-les\/\">Fran\u00e7ais<\/a><\/p>\n<\/nav>\n<\/td>\n<\/tr>\n<\/tbody>\n<\/table>\n<hr \/>\n<table border=\"0\" cellpadding=\"0\" cellspacing=\"0\" style=\"width: 100%;\">\n<tbody>\n<tr>\n<td>\n<h4><img decoding=\"async\" alt=\"We need to listen to the workers: WIEGO partners conduct COVID-19 Global Impact Study\" data-entity-type=\"file\" data-entity-uuid=\"969392c7-33fb-443c-8142-9fca66bf5ed9\" src=\"\/sites\/default\/files\/inline-images\/We_need_to_listen_to_the_workers.jpg\" class=\"align-right\" width=\"276\" height=\"179\" loading=\"lazy\" \/>Nous devons \u00e9couter les travailleuse\u00b7eur\u00b7s : Alli\u00e9s de WIEGO m\u00e8nent une \u00e9tude sur l\u2019impact mondial de la COVID-19<\/h4>\n<nav aria-label=\"Tabs\" role=\"navigation\">\n<p>Il n\u2019y a pas d\u2019indicateurs \u00e9conomiques aussi importants ou r\u00e9v\u00e9lateurs que les mots des travailleuse\u00b7eur\u00b7s. Aujourd\u2019hui, les voix des travailleuse\u00b7eur\u00b7s de l\u2019\u00e9conomie informelle, qui repr\u00e9sentent 60 % de l\u2019emploi mondial, nous aident \u00e0 surmonter les difficult\u00e9s, l\u2019injustice et les possibilit\u00e9s de transformation au sein de notre syst\u00e8me \u00e9conomique, mises \u00e0 nu par COVID-19. WIEGO et nos partenaires, nous sommes \u00e0 l\u2019\u00e9coute des travailleuse\u00b7eur\u00b7s de l\u2019\u00e9conomie informelle \u00e0 long terme dans le cadre de notre \u00e9tude : La crise de la COVID-19 et l&#8217;\u00e9conomie informelle.<\/p>\n<p><a class=\"btn btn-orange\" href=\"https:\/\/www.wiego.org\/blog\/we-need-listen-workers-wiego-partners-conduct-covid-19-global-impact-study\/\">English<\/a> \u00a0\u00a0\u00a0\u00a0\u00a0\u00a0 <a class=\"btn btn-orange\" href=\"https:\/\/www.wiego.org\/blog\/debemos-escuchar-lxs-trabajadorxs-aliados-de-wiego-realizan-un-estudio-sobre-el-impacto\/\">Espa\u00f1ol<\/a> \u00a0\u00a0\u00a0\u00a0\u00a0\u00a0 <a class=\"btn btn-orange\" href=\"https:\/\/www.wiego.org\/blog\/nous-devons-ecouter-les-travailleuseeurs-allies-de-wiego-menent-une-etude-sur-limpact-mondial\/\">Fran\u00e7ais<\/a><\/p>\n<\/nav>\n<\/td>\n<\/tr>\n<\/tbody>\n<\/table>\n<hr \/>\n<h3>Demandes m\u00e9diatiques\u00a0:<\/h3>\n<p>G\u00e9n\u00e9ral\u00a0:\u00a0<a href=\"mailto:Media@wiego.org\">media@wiego.org<\/a>\u00a0\u00a0<\/p>\n<p>Contact (anglais): Nicole Pryor,\u00a0<a href=\"mailto:nicole.pryor@wiego.org\">nicole.pryor@wiego.org<\/a>\u00a0ou +64 27 239 2575 (NZT)<br \/>\nContact (espagnol): Graciela Mora,\u00a0<a href=\"mailto:graciela.mora@wiego.org\">graciela.mora@wiego.org<\/a>\u00a0ou +506 8358 5592 (UTC\/GMT -6 heures)<\/p>\n<hr \/>\n<p class=\"text-align-center\"><a class=\"btn btn-orange\" href=\"https:\/\/www.wiego.org\/fr\/etude-sur-la-crise-de-la-covid-19-et-leconomie-informelle\">\u00c9tude sur la crise de la COVID-19 et l&#8217;\u00e9conomie informelle<\/a><\/p>\n","protected":false},"excerpt":{"rendered":"<p>Blogs :<\/p>\n<p>\t\t\tDes travailleuse\u00b7eur\u00b7s de l&#8217;\u00e9conomie informelle t\u00e9moignent des enjeux cruciaux relatifs \u00e0 la COVID-19<\/p>\n<p>\t\t\tLes travailleuse\u00b7eur\u00b7s de l&#8217;\u00e9conomie informelle ont perdu pr\u00e8s de 80<\/p>\n","protected":false},"author":2,"featured_media":18782,"parent":0,"menu_order":0,"comment_status":"closed","ping_status":"closed","template":"","meta":{"_acf_changed":false,"_relevanssi_hide_post":"","_relevanssi_hide_content":"","_relevanssi_pin_for_all":"","_relevanssi_pin_keywords":"","_relevanssi_unpin_keywords":"","_relevanssi_related_keywords":"","_relevanssi_related_include_ids":"","_relevanssi_related_exclude_ids":"","_relevanssi_related_no_append":"","_relevanssi_related_not_related":"","_relevanssi_related_posts":"","_relevanssi_noindex_reason":"","footnotes":""},"class_list":["post-26135","page","type-page","status-publish","has-post-thumbnail","hentry","economy-theme-estudio-crisis-covid-19","economy-theme-liens-avec-la-croissance-economique-la-crise","economy-theme-moyens-de-subsistance","economy-theme-pauvrete-inegalite","economy-theme-plaidoyer-negociations-mondial"],"acf":[],"yoast_head":"<!-- This site is optimized with the Yoast SEO Premium plugin v23.8 (Yoast SEO v27.0) - https:\/\/yoast.com\/product\/yoast-seo-premium-wordpress\/ -->\n<title>\u00c9tude sur la crise de la COVID-19 et l&#039;\u00e9conomie informelle : Blogs - WIEGO<\/title>\n<meta name=\"robots\" content=\"index, follow, max-snippet:-1, max-image-preview:large, max-video-preview:-1\" \/>\n<link rel=\"canonical\" href=\"https:\/\/www.wiego.org\/fr\/etude-sur-la-crise-de-la-covid-19-et-leconomie-informelle-blogs\/\" \/>\n<meta property=\"og:locale\" content=\"fr_FR\" \/>\n<meta property=\"og:type\" content=\"article\" \/>\n<meta property=\"og:title\" content=\"\u00c9tude sur la crise de la COVID-19 et l&#039;\u00e9conomie informelle : Blogs\" \/>\n<meta property=\"og:description\" content=\"Blogs :   Des travailleuse\u00b7eur\u00b7s de l&#039;\u00e9conomie informelle t\u00e9moignent des enjeux cruciaux relatifs \u00e0 la COVID-19   Les travailleuse\u00b7eur\u00b7s de l&#039;\u00e9conomie informelle ont perdu pr\u00e8s de 80\" \/>\n<meta property=\"og:url\" content=\"https:\/\/www.wiego.org\/fr\/etude-sur-la-crise-de-la-covid-19-et-leconomie-informelle-blogs\/\" \/>\n<meta property=\"og:site_name\" content=\"WIEGO\" \/>\n<meta property=\"article:publisher\" content=\"https:\/\/www.facebook.com\/wiegoglobal\/\" \/>\n<meta property=\"article:modified_time\" content=\"2024-07-11T14:44:32+00:00\" \/>\n<meta property=\"og:image\" content=\"http:\/\/www.wiego.org\/wp-content\/uploads\/2021\/12\/Policy_Insights_No_8_Hero.jpg\" \/>\n\t<meta property=\"og:image:width\" content=\"1140\" \/>\n\t<meta property=\"og:image:height\" content=\"430\" \/>\n\t<meta property=\"og:image:type\" content=\"image\/jpeg\" \/>\n<meta name=\"twitter:card\" content=\"summary_large_image\" \/>\n<meta name=\"twitter:site\" content=\"@wiegoglobal\" \/>\n<meta name=\"twitter:label1\" content=\"Est. reading time\" \/>\n\t<meta name=\"twitter:data1\" content=\"3 minutes\" \/>\n<script type=\"application\/ld+json\" class=\"yoast-schema-graph\">{\"@context\":\"https:\/\/schema.org\",\"@graph\":[{\"@type\":\"WebPage\",\"@id\":\"https:\/\/www.wiego.org\/fr\/etude-sur-la-crise-de-la-covid-19-et-leconomie-informelle-blogs\/\",\"url\":\"https:\/\/www.wiego.org\/fr\/etude-sur-la-crise-de-la-covid-19-et-leconomie-informelle-blogs\/\",\"name\":\"\u00c9tude sur la crise de la COVID-19 et l'\u00e9conomie informelle : Blogs - WIEGO\",\"isPartOf\":{\"@id\":\"https:\/\/www.wiego.org\/fr\/#website\"},\"primaryImageOfPage\":{\"@id\":\"https:\/\/www.wiego.org\/fr\/etude-sur-la-crise-de-la-covid-19-et-leconomie-informelle-blogs\/#primaryimage\"},\"image\":{\"@id\":\"https:\/\/www.wiego.org\/fr\/etude-sur-la-crise-de-la-covid-19-et-leconomie-informelle-blogs\/#primaryimage\"},\"thumbnailUrl\":\"https:\/\/www.wiego.org\/wp-content\/uploads\/2021\/12\/Policy_Insights_No_8_Hero.jpg\",\"datePublished\":\"2021-01-29T05:07:17+00:00\",\"dateModified\":\"2024-07-11T14:44:32+00:00\",\"breadcrumb\":{\"@id\":\"https:\/\/www.wiego.org\/fr\/etude-sur-la-crise-de-la-covid-19-et-leconomie-informelle-blogs\/#breadcrumb\"},\"inLanguage\":\"fr-FR\",\"potentialAction\":[{\"@type\":\"ReadAction\",\"target\":[\"https:\/\/www.wiego.org\/fr\/etude-sur-la-crise-de-la-covid-19-et-leconomie-informelle-blogs\/\"]}]},{\"@type\":\"ImageObject\",\"inLanguage\":\"fr-FR\",\"@id\":\"https:\/\/www.wiego.org\/fr\/etude-sur-la-crise-de-la-covid-19-et-leconomie-informelle-blogs\/#primaryimage\",\"url\":\"https:\/\/www.wiego.org\/wp-content\/uploads\/2021\/12\/Policy_Insights_No_8_Hero.jpg\",\"contentUrl\":\"https:\/\/www.wiego.org\/wp-content\/uploads\/2021\/12\/Policy_Insights_No_8_Hero.jpg\",\"width\":1140,\"height\":430,\"caption\":\"Four working women wearing masks\"},{\"@type\":\"WebSite\",\"@id\":\"https:\/\/www.wiego.org\/fr\/#website\",\"url\":\"https:\/\/www.wiego.org\/fr\/\",\"name\":\"WIEGO\",\"description\":\"\",\"publisher\":{\"@id\":\"https:\/\/www.wiego.org\/fr\/#organization\"},\"potentialAction\":[{\"@type\":\"SearchAction\",\"target\":{\"@type\":\"EntryPoint\",\"urlTemplate\":\"https:\/\/www.wiego.org\/fr\/?s={search_term_string}\"},\"query-input\":{\"@type\":\"PropertyValueSpecification\",\"valueRequired\":true,\"valueName\":\"search_term_string\"}}],\"inLanguage\":\"fr-FR\"},{\"@type\":\"Organization\",\"@id\":\"https:\/\/www.wiego.org\/fr\/#organization\",\"name\":\"WIEGO\",\"url\":\"https:\/\/www.wiego.org\/fr\/\",\"logo\":{\"@type\":\"ImageObject\",\"inLanguage\":\"fr-FR\",\"@id\":\"https:\/\/www.wiego.org\/fr\/#\/schema\/logo\/image\/\",\"url\":\"https:\/\/www.wiego.org\/wp-content\/uploads\/2024\/12\/logo.svg\",\"contentUrl\":\"https:\/\/www.wiego.org\/wp-content\/uploads\/2024\/12\/logo.svg\",\"width\":142,\"height\":90,\"caption\":\"WIEGO\"},\"image\":{\"@id\":\"https:\/\/www.wiego.org\/fr\/#\/schema\/logo\/image\/\"},\"sameAs\":[\"https:\/\/www.facebook.com\/wiegoglobal\/\",\"https:\/\/x.com\/wiegoglobal\",\"https:\/\/www.linkedin.com\/company\/wiego\/\",\"https:\/\/www.youtube.com\/user\/wiegoglobal\"],\"description\":\"WIEGO is a global network that supports the movement of workers in informal employment.\"},{\"@type\":\"BreadcrumbList\",\"itemListElement\":[{\"@type\":\"ListItem\",\"position\":1,\"item\":{\"@id\":\"https:\/\/www.wiego.org\/fr\/\",\"name\":\"WIEGO\"}},{\"@type\":\"ListItem\",\"position\":2,\"item\":{\"@id\":\"https:\/\/www.wiego.org\/fr\/blog\/\",\"name\":\"Blog WIEGO\"}}],\"@id\":\"\/#breadcrumb\"}]}<\/script>\n<!-- \/ Yoast SEO Premium plugin. -->","yoast_head_json":{"title":"\u00c9tude sur la crise de la COVID-19 et l'\u00e9conomie informelle : Blogs - WIEGO","robots":{"index":"index","follow":"follow","max-snippet":"max-snippet:-1","max-image-preview":"max-image-preview:large","max-video-preview":"max-video-preview:-1"},"canonical":"https:\/\/www.wiego.org\/fr\/etude-sur-la-crise-de-la-covid-19-et-leconomie-informelle-blogs\/","og_locale":"fr_FR","og_type":"article","og_title":"\u00c9tude sur la crise de la COVID-19 et l'\u00e9conomie informelle : Blogs","og_description":"Blogs :   Des travailleuse\u00b7eur\u00b7s de l'\u00e9conomie informelle t\u00e9moignent des enjeux cruciaux relatifs \u00e0 la COVID-19   Les travailleuse\u00b7eur\u00b7s de l'\u00e9conomie informelle ont perdu pr\u00e8s de 80","og_url":"https:\/\/www.wiego.org\/fr\/etude-sur-la-crise-de-la-covid-19-et-leconomie-informelle-blogs\/","og_site_name":"WIEGO","article_publisher":"https:\/\/www.facebook.com\/wiegoglobal\/","article_modified_time":"2024-07-11T14:44:32+00:00","og_image":[{"width":1140,"height":430,"url":"http:\/\/www.wiego.org\/wp-content\/uploads\/2021\/12\/Policy_Insights_No_8_Hero.jpg","type":"image\/jpeg"}],"twitter_card":"summary_large_image","twitter_site":"@wiegoglobal","twitter_misc":{"Est. reading time":"3 minutes"},"schema":{"@context":"https:\/\/schema.org","@graph":[{"@type":"WebPage","@id":"https:\/\/www.wiego.org\/fr\/etude-sur-la-crise-de-la-covid-19-et-leconomie-informelle-blogs\/","url":"https:\/\/www.wiego.org\/fr\/etude-sur-la-crise-de-la-covid-19-et-leconomie-informelle-blogs\/","name":"\u00c9tude sur la crise de la COVID-19 et l'\u00e9conomie informelle : Blogs - WIEGO","isPartOf":{"@id":"https:\/\/www.wiego.org\/fr\/#website"},"primaryImageOfPage":{"@id":"https:\/\/www.wiego.org\/fr\/etude-sur-la-crise-de-la-covid-19-et-leconomie-informelle-blogs\/#primaryimage"},"image":{"@id":"https:\/\/www.wiego.org\/fr\/etude-sur-la-crise-de-la-covid-19-et-leconomie-informelle-blogs\/#primaryimage"},"thumbnailUrl":"https:\/\/www.wiego.org\/wp-content\/uploads\/2021\/12\/Policy_Insights_No_8_Hero.jpg","datePublished":"2021-01-29T05:07:17+00:00","dateModified":"2024-07-11T14:44:32+00:00","breadcrumb":{"@id":"https:\/\/www.wiego.org\/fr\/etude-sur-la-crise-de-la-covid-19-et-leconomie-informelle-blogs\/#breadcrumb"},"inLanguage":"fr-FR","potentialAction":[{"@type":"ReadAction","target":["https:\/\/www.wiego.org\/fr\/etude-sur-la-crise-de-la-covid-19-et-leconomie-informelle-blogs\/"]}]},{"@type":"ImageObject","inLanguage":"fr-FR","@id":"https:\/\/www.wiego.org\/fr\/etude-sur-la-crise-de-la-covid-19-et-leconomie-informelle-blogs\/#primaryimage","url":"https:\/\/www.wiego.org\/wp-content\/uploads\/2021\/12\/Policy_Insights_No_8_Hero.jpg","contentUrl":"https:\/\/www.wiego.org\/wp-content\/uploads\/2021\/12\/Policy_Insights_No_8_Hero.jpg","width":1140,"height":430,"caption":"Four working women wearing masks"},{"@type":"WebSite","@id":"https:\/\/www.wiego.org\/fr\/#website","url":"https:\/\/www.wiego.org\/fr\/","name":"WIEGO","description":"","publisher":{"@id":"https:\/\/www.wiego.org\/fr\/#organization"},"potentialAction":[{"@type":"SearchAction","target":{"@type":"EntryPoint","urlTemplate":"https:\/\/www.wiego.org\/fr\/?s={search_term_string}"},"query-input":{"@type":"PropertyValueSpecification","valueRequired":true,"valueName":"search_term_string"}}],"inLanguage":"fr-FR"},{"@type":"Organization","@id":"https:\/\/www.wiego.org\/fr\/#organization","name":"WIEGO","url":"https:\/\/www.wiego.org\/fr\/","logo":{"@type":"ImageObject","inLanguage":"fr-FR","@id":"https:\/\/www.wiego.org\/fr\/#\/schema\/logo\/image\/","url":"https:\/\/www.wiego.org\/wp-content\/uploads\/2024\/12\/logo.svg","contentUrl":"https:\/\/www.wiego.org\/wp-content\/uploads\/2024\/12\/logo.svg","width":142,"height":90,"caption":"WIEGO"},"image":{"@id":"https:\/\/www.wiego.org\/fr\/#\/schema\/logo\/image\/"},"sameAs":["https:\/\/www.facebook.com\/wiegoglobal\/","https:\/\/x.com\/wiegoglobal","https:\/\/www.linkedin.com\/company\/wiego\/","https:\/\/www.youtube.com\/user\/wiegoglobal"],"description":"WIEGO is a global network that supports the movement of workers in informal employment."},{"@type":"BreadcrumbList","itemListElement":[{"@type":"ListItem","position":1,"item":{"@id":"https:\/\/www.wiego.org\/fr\/","name":"WIEGO"}},{"@type":"ListItem","position":2,"item":{"@id":"https:\/\/www.wiego.org\/fr\/blog\/","name":"Blog WIEGO"}}],"@id":"\/#breadcrumb"}]}},"_links":{"self":[{"href":"https:\/\/www.wiego.org\/fr\/wp-json\/wp\/v2\/pages\/26135","targetHints":{"allow":["GET"]}}],"collection":[{"href":"https:\/\/www.wiego.org\/fr\/wp-json\/wp\/v2\/pages"}],"about":[{"href":"https:\/\/www.wiego.org\/fr\/wp-json\/wp\/v2\/types\/page"}],"author":[{"embeddable":true,"href":"https:\/\/www.wiego.org\/fr\/wp-json\/wp\/v2\/users\/2"}],"replies":[{"embeddable":true,"href":"https:\/\/www.wiego.org\/fr\/wp-json\/wp\/v2\/comments?post=26135"}],"version-history":[{"count":0,"href":"https:\/\/www.wiego.org\/fr\/wp-json\/wp\/v2\/pages\/26135\/revisions"}],"wp:featuredmedia":[{"embeddable":true,"href":"https:\/\/www.wiego.org\/fr\/wp-json\/wp\/v2\/media\/18782"}],"wp:attachment":[{"href":"https:\/\/www.wiego.org\/fr\/wp-json\/wp\/v2\/media?parent=26135"}],"curies":[{"name":"wp","href":"https:\/\/api.w.org\/{rel}","templated":true}]}}