{"id":26134,"date":"2021-01-26T18:22:15","date_gmt":"2021-01-26T23:22:15","guid":{"rendered":"https:\/\/wiego.local\/fr-etude-sur-la-crise-de-la-covid-19-et-leconomie-informelle-fiches-dinformation-par-ville\/"},"modified":"2024-07-11T10:44:32","modified_gmt":"2024-07-11T14:44:32","slug":"etude-sur-la-crise-de-la-covid-19-et-leconomie-informelle-fiches-dinformation-par-ville","status":"publish","type":"page","link":"https:\/\/www.wiego.org\/fr\/etude-sur-la-crise-de-la-covid-19-et-leconomie-informelle-fiches-dinformation-par-ville\/","title":{"rendered":"\u00c9tude sur la crise de la COVID-19 et l&#8217;\u00e9conomie informelle : Fiches d&#8217;information par ville"},"content":{"rendered":"<h3 class=\"emphasized-intro-text\">Fiches d&#8217;information par ville :<\/h3>\n<h4>1 &#8211; Accra (Ghana)<\/h4>\n<ul>\n<li><a data-entity-substitution=\"canonical\" data-entity-type=\"node\" data-entity-uuid=\"058c8e2d-17cd-42ec-bc23-89ab3a08d2ad\" href=\"\/resources\/covid-19-crisis-and-informal-economy-accra-ghana-lasting-impacts-and-agenda-recovery\">COVID-19 Crisis and the Informal Economy in Accra, Ghana: Lasting Impacts and an Agenda for Recovery<\/a> (f\u00e9vrier 2022)<\/li>\n<li><a data-entity-substitution=\"canonical\" data-entity-type=\"node\" data-entity-uuid=\"6b8e5701-5730-4065-848e-beb709c55ab5\" href=\"\/publications\/covid-19-crisis-and-informal-economy-informal-workers-accra-ghana\">COVID-19 Crisis and the Informal Economy: Informal Workers in Accra, Ghana<\/a>\u00a0(janvier 2021)<\/li>\n<\/ul>\n<h4>2- Ahmedabad (Inde)<\/h4>\n<ul>\n<li><a data-entity-substitution=\"canonical\" data-entity-type=\"node\" data-entity-uuid=\"a87b6ca5-297c-4f57-94e6-0146a49c394d\" href=\"\/resources\/covid-19-crisis-and-informal-economy-ahmedabad-india-lasting-impacts-and-agenda-recovery\">COVID-19 Crisis and the Informal Economy in Ahmedabad, India: Lasting Impacts and an Agenda for Recovery<\/a> (f\u00e9vrier 2022)<\/li>\n<li><a data-entity-substitution=\"canonical\" data-entity-type=\"node\" data-entity-uuid=\"a908934a-d3b3-43be-b4e7-903596ceee0b\" href=\"\/publications\/covid-19-crisis-and-informal-economy-informal-workers-ahmedabad-india\">COVID-19 Crisis and the Informal Economy: Informal Workers in Ahmedabad, India<\/a>\u00a0(d\u00e9cembre 2020)<\/li>\n<\/ul>\n<p><a class=\"btn btn-orange\" href=\"https:\/\/www.wiego.org\/publications\/covid-19-crisis-and-informal-economy-informal-workers-ahmedabad-india\">English<\/a> \u00a0\u00a0\u00a0 <a class=\"btn btn-orange\" href=\"https:\/\/www.wiego.org\/sites\/default\/files\/publications\/file\/WIEGO_FactSheet_Ahmedabad%20Gujurati.pdf\">Gujurati<\/a><\/p>\n<h4>3- Bangkok (Tha\u00eflande)<\/h4>\n<ul>\n<li><a data-entity-substitution=\"canonical\" data-entity-type=\"node\" data-entity-uuid=\"92d59646-8507-420b-8cca-db098c59233e\" href=\"\/resources\/covid-19-crisis-and-informal-economy-bangkok-thailand-lasting-impacts-and-agenda-recovery\">COVID-19 Crisis and the Informal Economy in Bangkok, Thailand: Lasting Impacts and an Agenda for Recovery<\/a> (avril 2022)<\/li>\n<li><a data-entity-substitution=\"canonical\" data-entity-type=\"node\" data-entity-uuid=\"a0ca08ed-4012-4ea1-b758-82d69679f091\" href=\"\/publications\/covid-19-crisis-and-informal-economy-informal-workers-bangkok-thailand\">COVID-19 Crisis and the Informal Economy: Informal Workers in Bangkok, Thailand<\/a>\u00a0(f\u00e9vrier 2021)<\/li>\n<\/ul>\n<h4>4- Dakar (S\u00e9n\u00e9gal)<\/h4>\n<ul>\n<li><a data-entity-substitution=\"canonical\" data-entity-type=\"node\" data-entity-uuid=\"f8d2a612-6ed4-4ce1-ac30-182b5478d964\" href=\"\/fr\/ressources\/la-crise-de-la-covid-19-et-leconomie-informelle-dakar-senegal-impacts-durables-et-agenda\">La crise de la COVID-19 et l&#8217;\u00e9conomie informelle \u00e0 Dakar, S\u00e9n\u00e9gal : impacts durables et agenda de redressement<\/a> (f\u00e9vrier 2022)<\/li>\n<li><a data-entity-substitution=\"canonical\" data-entity-type=\"node\" data-entity-uuid=\"ffedd048-6909-4145-a92e-334250e9f295\" href=\"\/publications\/la-crise-de-la-covid-19-et-leconomie-informelle-recuperatriceeurs-de-dechets-en-emploi\">La crise de la COVID-19 et l\u2019\u00e9conomie informelle : r\u00e9cup\u00e9ratrice\u00b7eur\u00b7s de d\u00e9chets en emploi informel \u00e0 Dakar<\/a>\u00a0(mars 2021)<\/li>\n<\/ul>\n<h4>5- Dar es Salaam (Tanzanie)<\/h4>\n<ul>\n<li><a data-entity-substitution=\"canonical\" data-entity-type=\"node\" data-entity-uuid=\"98c7090b-e519-4408-9f8f-ee4f9d0ed4fd\" href=\"\/resources\/covid-19-crisis-and-informal-economy-dar-es-salaam-tanzania-lasting-impacts-and-agenda\">COVID-19 Crisis and the Informal Economy in Dar es Salaam, Tanzania: Lasting Impacts and an Agenda for Recovery<\/a>\u00a0(mars 2022)<\/li>\n<li><a data-entity-substitution=\"canonical\" data-entity-type=\"node\" data-entity-uuid=\"b9b5bbfc-bdca-4253-a1b4-cfe9ce1bf727\" href=\"\/publications\/covid-19-crisis-and-informal-economy-informal-workers-dar-es-salaam-tanzania\">COVID-19 Crisis and the Informal Economy: Informal Workers in Dar es Salaam, Tanzania<\/a>\u00a0(janvier 2021)<\/li>\n<\/ul>\n<p><a class=\"btn btn-orange\" data-entity-substitution=\"canonical\" data-entity-type=\"node\" data-entity-uuid=\"b9b5bbfc-bdca-4253-a1b4-cfe9ce1bf727\" href=\"\/publications\/covid-19-crisis-and-informal-economy-informal-workers-dar-es-salaam-tanzania\">English<\/a> \u00a0\u00a0\u00a0 <a class=\"btn btn-orange\" data-entity-substitution=\"canonical\" data-entity-type=\"node\" data-entity-uuid=\"45e71095-9050-4487-b88f-00f53072c00a\" href=\"\/publications\/athari-za-janga-la-corona-katika-sekta-isiyo-rasmi-wafanyakazi-wa-sekta-isiyo-rasmi\">Swahili<\/a><\/p>\n<h4>6- Delhi (Inde)<\/h4>\n<ul>\n<li><a data-entity-substitution=\"canonical\" data-entity-type=\"node\" data-entity-uuid=\"4ac2bf67-d9a0-4a78-bae0-4371669e4434\" href=\"\/resources\/covid-19-crisis-and-informal-economy-delhi-india-continued-economic-impact-and-uneven\">COVID-19 Crisis and the Informal Economy in Delhi, India: Continued Economic Impact and Uneven Recovery<\/a> (mars\/avril 2022)<\/li>\n<\/ul>\n<p><a class=\"btn btn-orange\" data-entity-substitution=\"canonical\" data-entity-type=\"node\" data-entity-uuid=\"4ac2bf67-d9a0-4a78-bae0-4371669e4434\" href=\"\/resources\/covid-19-crisis-and-informal-economy-delhi-india-continued-economic-impact-and-uneven\">English<\/a> \u00a0\u00a0\u00a0 <a class=\"btn btn-orange\" data-entity-substitution=\"canonical\" data-entity-type=\"node\" data-entity-uuid=\"79298407-d3fd-4190-acef-4b4ef71e9e85\" href=\"\/resources\/dailalai-bhaarata-maen-covid-19-sankata-aura-asangathaita-kasaetara-caalauu-arathaika\">Hindi<\/a><\/p>\n<ul>\n<li><a data-entity-substitution=\"canonical\" data-entity-type=\"node\" data-entity-uuid=\"6aa0a85b-07d1-4e41-b92a-84dc1dedad27\" href=\"\/publications\/covid-19-crisis-and-informal-economy-informal-workers-delhi-india\">COVID-19 Crisis and the Informal Economy: Informal Workers in Delhi, India<\/a>\u00a0(d\u00e9cembre 2020)<\/li>\n<\/ul>\n<p><a class=\"btn btn-orange\" data-entity-substitution=\"canonical\" data-entity-type=\"node\" data-entity-uuid=\"6aa0a85b-07d1-4e41-b92a-84dc1dedad27\" href=\"\/publications\/covid-19-crisis-and-informal-economy-informal-workers-delhi-india\">English<\/a> \u00a0\u00a0\u00a0 <a class=\"btn btn-orange\" data-entity-substitution=\"canonical\" data-entity-type=\"node\" data-entity-uuid=\"66c98d82-7cd9-4eac-8760-85f393102e5b\" href=\"\/publications\/covid-19-crisis-and-informal-economy-informal-workers-delhi-india-delhi-version\">Hindi<\/a><\/p>\n<h4>7- Durban (Afrique du Sud)<\/h4>\n<ul>\n<li><a data-entity-substitution=\"canonical\" data-entity-type=\"node\" data-entity-uuid=\"1aa564e9-8e43-4d2f-87c0-9090f6f07140\" href=\"\/resources\/covid-19-crisis-and-informal-economy-durban-south-africa-lasting-impacts-and-agenda\">COVID-19 Crisis and the Informal Economy in Durban, South Africa: Lasting Impacts and an Agenda for Recovery<\/a> (janvier 2022)<\/li>\n<li><a data-entity-substitution=\"canonical\" data-entity-type=\"node\" data-entity-uuid=\"72460ced-a003-4e38-9aef-7101e4c20f8d\" href=\"\/publications\/covid-19-crisis-and-informal-economy-informal-workers-durban-south-africa\">COVID-19 Crisis and the Informal Economy: Informal Workers in Durban, South Africa<\/a>\u00a0(janvier 2021)<\/li>\n<\/ul>\n<h4>8- Lima (P\u00e9rou)<\/h4>\n<ul>\n<li><a data-entity-substitution=\"canonical\" data-entity-type=\"node\" data-entity-uuid=\"59c62d46-9979-49c9-bbd4-7f22499f5dac\" href=\"\/es\/recursos\/la-crisis-de-la-covid-19-y-la-economia-informal-en-lima-peru-impactos-duraderos-y-una-0\">La crisis de la COVID-19 y la econom\u00eda informal en Lima, Per\u00fa: impactos duraderos y una agenda para la recuperaci\u00f3n<\/a>\u00a0(d\u00e9cembre 2021)<\/li>\n<li><a data-entity-substitution=\"canonical\" data-entity-type=\"node\" data-entity-uuid=\"3c86899b-800b-4424-9884-caaa6c522199\" href=\"\/publications\/la-crisis-de-la-covid-19-y-la-economia-informal-trabajadoras-y-trabajadores-en-empleo\">La crisis de la COVID-19 y la econom\u00eda informal: Trabajadoras y trabajadores en empleo informal en Lima, Per\u00fa<\/a>\u00a0(f\u00e9vrier 2021)<\/li>\n<\/ul>\n<h4>9- Mexico (Mexique)<\/h4>\n<ul>\n<li><a data-entity-substitution=\"canonical\" data-entity-type=\"node\" data-entity-uuid=\"46e408d3-6d01-47e0-8a62-54aacd71abac\" href=\"\/resources\/la-crisis-del-covid-19-y-la-economia-informal-en-ciudad-de-mexico-mexico-impactos\">La crisis del COVID-19 y la econom\u00eda informal en Ciudad de M\u00e9xico, M\u00e9xico: Impactos persistentes y una agenda para la recuperaci\u00f3n<\/a>\u00a0(d\u00e9cembre 2021)<\/li>\n<li><a data-entity-substitution=\"canonical\" data-entity-type=\"node\" data-entity-uuid=\"7bc587c8-8c2c-4672-837a-62109f6862e5\" href=\"\/es\/publications\/la-crisis-del-covid-19-y-la-economia-informal-trabajadoras-y-trabajadores-en-empleo\">La crisis del COVID-19 y la econom\u00eda informal: Trabajadoras y trabajadores en empleo informal en Ciudad de M\u00e9xico, M\u00e9xico<\/a>\u00a0(mars 2021)<\/li>\n<\/ul>\n<h4>10- Pleven (Bulgarie)<\/h4>\n<ul>\n<li><a data-entity-substitution=\"canonical\" data-entity-type=\"node\" data-entity-uuid=\"8ef6f806-e751-4410-817d-ceac48b03301\" href=\"\/resources\/covid-19-crisis-and-informal-economy-pleven-bulgaria-lasting-impacts-and-agenda-recovery\">COVID-19 Crisis and the Informal Economy in Pleven, Bulgaria: Lasting Impacts and an Agenda for Recovery<\/a>\u00a0(d\u00e9cembre 2021)<\/li>\n<li><a data-entity-substitution=\"canonical\" data-entity-type=\"node\" data-entity-uuid=\"6dcb3d04-13a2-4610-8ecf-db98ea20d76e\" href=\"\/publications\/covid-19-crisis-and-informal-economy-informal-workers-pleven-bulgaria\">COVID-19 Crisis and the Informal Economy: Informal Workers in Pleven, Bulgaria<\/a>\u00a0(d\u00e9cembre 2020)<\/li>\n<\/ul>\n<p><a class=\"btn btn-orange\" data-entity-substitution=\"canonical\" data-entity-type=\"node\" data-entity-uuid=\"6dcb3d04-13a2-4610-8ecf-db98ea20d76e\" href=\"\/publications\/covid-19-crisis-and-informal-economy-informal-workers-pleven-bulgaria\">English<\/a> \u00a0\u00a0\u00a0 <a class=\"btn btn-orange\" data-entity-substitution=\"canonical\" data-entity-type=\"node\" data-entity-uuid=\"15a8b8fa-e3cb-4ee0-85d6-ae18f1efbf25\" href=\"\/publications\/krizata-covid-19-i-neformalnata-ikonomika-neformalnite-rabotnici-v-pleven-blgariya\">Bulgarian<\/a><\/p>\n<h4>11- New York (\u00c9tats-Unis)<\/h4>\n<ul>\n<li><a data-entity-substitution=\"canonical\" data-entity-type=\"node\" data-entity-uuid=\"1bfbb27b-b53d-49e6-8640-3ec83e99e6dc\" href=\"\/resources\/covid-19-crisis-and-canners-new-york-city-usa-lasting-impacts-and-agenda-recovery\">COVID-19 Crisis and Canners in New York City, USA: Lasting Impacts and an Agenda for Recovery<\/a>\u00a0(d\u00e9cembre 2021)<\/li>\n<li><a data-entity-substitution=\"canonical\" data-entity-type=\"node\" data-entity-uuid=\"6ce5f437-f227-4284-8796-12cdc1728472\" href=\"\/resources\/covid-19-crisis-and-street-vendors-new-york-city-usa-lasting-impacts-and-agenda-recovery\">COVID-19 Crisis and Street Vendors in New York City, USA: Lasting Impacts and an Agenda for Recovery<\/a>\u00a0(d\u00e9cembre 2021)<\/li>\n<li><a data-entity-substitution=\"canonical\" data-entity-type=\"node\" data-entity-uuid=\"181c6405-11ce-40bf-b84a-6c344cf74345\" href=\"\/publications\/covid-19-crisis-and-informal-economy-street-vendors-new-york-city-usa\">COVID-19 Crisis and the Informal Economy: Street Vendors in New York City, USA<\/a>\u00a0(janvier 2021)<\/li>\n<li><a data-entity-substitution=\"canonical\" data-entity-type=\"node\" data-entity-uuid=\"b44647b5-e982-47b0-9866-755c8b1c4197\" href=\"\/publications\/covid-19-crisis-and-informal-economy-canners-new-york-city-usa\">COVID-19 Crisis and the Informal Economy: Canners in New York City, USA<\/a>\u00a0(janvier 2021)<\/li>\n<\/ul>\n<h4>12- Tiruppur (Inde)<\/h4>\n<ul>\n<li><a data-entity-substitution=\"canonical\" data-entity-type=\"node\" data-entity-uuid=\"90212d7c-218c-4f6c-ad33-f7cabeeed35c\" href=\"\/resources\/covid-19-crisis-and-informal-economy-tiruppur-india-lasting-impacts-and-agenda-recovery\">COVID-19 Crisis and the Informal Economy in Tiruppur, India: Lasting Impacts and an Agenda for Recovery<\/a>\u00a0(d\u00e9cembre 2021)<\/li>\n<li><a data-entity-substitution=\"canonical\" data-entity-type=\"node\" data-entity-uuid=\"af607489-94b0-41b9-bdc7-e3f2f43d6c4c\" href=\"\/publications\/covid-19-crisis-and-informal-economy-home-based-workers-tiruppur-india\">COVID-19 Crisis and the Informal Economy: Home-Based Workers in Tiruppur, India<\/a>\u00a0(janvier 2021)<\/li>\n<\/ul>\n<p><a class=\"btn btn-orange\" data-entity-substitution=\"canonical\" data-entity-type=\"node\" data-entity-uuid=\"af607489-94b0-41b9-bdc7-e3f2f43d6c4c\" href=\"\/publications\/covid-19-crisis-and-informal-economy-home-based-workers-tiruppur-india\">English<\/a> \u00a0\u00a0\u00a0 <a class=\"btn btn-orange\" data-entity-substitution=\"canonical\" data-entity-type=\"node\" data-entity-uuid=\"2eb53e9c-ed95-48fe-8bab-0d94eee65e11\" href=\"\/resources\/covid-19-dw-tiruppur-india\">Tamil<\/a><\/p>\n<hr \/>\n<h3>Demandes m\u00e9diatiques\u00a0:<\/h3>\n<p>G\u00e9n\u00e9ral\u00a0:\u00a0<a href=\"mailto:Media@wiego.org\">media@wiego.org<\/a>\u00a0\u00a0<\/p>\n<p>Contact (anglais): Nicole Pryor,\u00a0<a href=\"mailto:nicole.pryor@wiego.org\">nicole.pryor@wiego.org<\/a>\u00a0ou +64 27 239 2575 (NZT)<br \/>\nContact (espagnol): Graciela Mora,\u00a0<a href=\"mailto:graciela.mora@wiego.org\">graciela.mora@wiego.org<\/a>\u00a0ou +506 8358 5592 (UTC\/GMT -6 heures)<\/p>\n<hr \/>\n<p class=\"text-align-center\"><a class=\"btn btn-orange\" href=\"https:\/\/www.wiego.org\/fr\/etude-sur-la-crise-de-la-covid-19-et-leconomie-informelle\">\u00c9tude sur la crise de la COVID-19 et l&#8217;\u00e9conomie informelle<\/a><\/p>\n","protected":false},"excerpt":{"rendered":"<p>Fiches d&#8217;information par ville :<\/p>\n<p>1 &#8211; Accra (Ghana)<\/p>\n<p>COVID-19 Crisis and the Informal Economy in Accra, Ghana: Lasting Impacts and an Agenda for Recovery (f\u00e9vrier 2022)<\/p>\n","protected":false},"author":2,"featured_media":18782,"parent":0,"menu_order":0,"comment_status":"closed","ping_status":"closed","template":"","meta":{"_acf_changed":false,"_relevanssi_hide_post":"","_relevanssi_hide_content":"","_relevanssi_pin_for_all":"","_relevanssi_pin_keywords":"","_relevanssi_unpin_keywords":"","_relevanssi_related_keywords":"","_relevanssi_related_include_ids":"","_relevanssi_related_exclude_ids":"","_relevanssi_related_no_append":"","_relevanssi_related_not_related":"","_relevanssi_related_posts":"","_relevanssi_noindex_reason":"","footnotes":""},"class_list":["post-26134","page","type-page","status-publish","has-post-thumbnail","hentry","economy-theme-estudio-crisis-covid-19","economy-theme-histoire-debats-theorie","economy-theme-moyens-de-subsistance","economy-theme-plaidoyer-negociations-mondial","occupational-group-recuperatriceeurs-de-materiaux","occupational-group-travailleuseeurs-a-domicile","occupational-group-travailleuseeurs-domestiques","occupational-group-vendeuseeurs-de-rue-de-marche"],"acf":[],"yoast_head":"<!-- This site is optimized with the Yoast SEO Premium plugin v23.8 (Yoast SEO v27.0) - https:\/\/yoast.com\/product\/yoast-seo-premium-wordpress\/ -->\n<title>\u00c9tude sur la crise de la COVID-19 et l&#039;\u00e9conomie informelle : Fiches d&#039;information par ville - WIEGO<\/title>\n<meta name=\"robots\" content=\"index, follow, max-snippet:-1, max-image-preview:large, max-video-preview:-1\" \/>\n<link rel=\"canonical\" href=\"https:\/\/www.wiego.org\/fr\/etude-sur-la-crise-de-la-covid-19-et-leconomie-informelle-fiches-dinformation-par-ville\/\" \/>\n<meta property=\"og:locale\" content=\"fr_FR\" \/>\n<meta property=\"og:type\" content=\"article\" \/>\n<meta property=\"og:title\" content=\"\u00c9tude sur la crise de la COVID-19 et l&#039;\u00e9conomie informelle : Fiches d&#039;information par ville\" \/>\n<meta property=\"og:description\" content=\"Fiches d&#039;information par ville : 1 - Accra (Ghana) COVID-19 Crisis and the Informal Economy in Accra, Ghana: Lasting Impacts and an Agenda for Recovery (f\u00e9vrier 2022)\" \/>\n<meta property=\"og:url\" content=\"https:\/\/www.wiego.org\/fr\/etude-sur-la-crise-de-la-covid-19-et-leconomie-informelle-fiches-dinformation-par-ville\/\" \/>\n<meta property=\"og:site_name\" content=\"WIEGO\" \/>\n<meta property=\"article:publisher\" content=\"https:\/\/www.facebook.com\/wiegoglobal\/\" \/>\n<meta property=\"article:modified_time\" content=\"2024-07-11T14:44:32+00:00\" \/>\n<meta property=\"og:image\" content=\"https:\/\/www.wiego.org\/wp-content\/uploads\/2021\/12\/Policy_Insights_No_8_Hero.jpg\" \/>\n\t<meta property=\"og:image:width\" content=\"1140\" \/>\n\t<meta property=\"og:image:height\" content=\"430\" \/>\n\t<meta property=\"og:image:type\" content=\"image\/jpeg\" \/>\n<meta name=\"twitter:card\" content=\"summary_large_image\" \/>\n<meta name=\"twitter:site\" content=\"@wiegoglobal\" \/>\n<meta name=\"twitter:label1\" content=\"Est. reading time\" \/>\n\t<meta name=\"twitter:data1\" content=\"3 minutes\" \/>\n<script type=\"application\/ld+json\" class=\"yoast-schema-graph\">{\"@context\":\"https:\/\/schema.org\",\"@graph\":[{\"@type\":\"WebPage\",\"@id\":\"https:\/\/www.wiego.org\/fr\/etude-sur-la-crise-de-la-covid-19-et-leconomie-informelle-fiches-dinformation-par-ville\/\",\"url\":\"https:\/\/www.wiego.org\/fr\/etude-sur-la-crise-de-la-covid-19-et-leconomie-informelle-fiches-dinformation-par-ville\/\",\"name\":\"\u00c9tude sur la crise de la COVID-19 et l'\u00e9conomie informelle : Fiches d'information par ville - WIEGO\",\"isPartOf\":{\"@id\":\"https:\/\/www.wiego.org\/fr\/#website\"},\"primaryImageOfPage\":{\"@id\":\"https:\/\/www.wiego.org\/fr\/etude-sur-la-crise-de-la-covid-19-et-leconomie-informelle-fiches-dinformation-par-ville\/#primaryimage\"},\"image\":{\"@id\":\"https:\/\/www.wiego.org\/fr\/etude-sur-la-crise-de-la-covid-19-et-leconomie-informelle-fiches-dinformation-par-ville\/#primaryimage\"},\"thumbnailUrl\":\"https:\/\/www.wiego.org\/wp-content\/uploads\/2021\/12\/Policy_Insights_No_8_Hero.jpg\",\"datePublished\":\"2021-01-26T23:22:15+00:00\",\"dateModified\":\"2024-07-11T14:44:32+00:00\",\"breadcrumb\":{\"@id\":\"https:\/\/www.wiego.org\/fr\/etude-sur-la-crise-de-la-covid-19-et-leconomie-informelle-fiches-dinformation-par-ville\/#breadcrumb\"},\"inLanguage\":\"fr-FR\",\"potentialAction\":[{\"@type\":\"ReadAction\",\"target\":[\"https:\/\/www.wiego.org\/fr\/etude-sur-la-crise-de-la-covid-19-et-leconomie-informelle-fiches-dinformation-par-ville\/\"]}]},{\"@type\":\"ImageObject\",\"inLanguage\":\"fr-FR\",\"@id\":\"https:\/\/www.wiego.org\/fr\/etude-sur-la-crise-de-la-covid-19-et-leconomie-informelle-fiches-dinformation-par-ville\/#primaryimage\",\"url\":\"https:\/\/www.wiego.org\/wp-content\/uploads\/2021\/12\/Policy_Insights_No_8_Hero.jpg\",\"contentUrl\":\"https:\/\/www.wiego.org\/wp-content\/uploads\/2021\/12\/Policy_Insights_No_8_Hero.jpg\",\"width\":1140,\"height\":430,\"caption\":\"Four working women wearing masks\"},{\"@type\":\"WebSite\",\"@id\":\"https:\/\/www.wiego.org\/fr\/#website\",\"url\":\"https:\/\/www.wiego.org\/fr\/\",\"name\":\"WIEGO\",\"description\":\"\",\"publisher\":{\"@id\":\"https:\/\/www.wiego.org\/fr\/#organization\"},\"potentialAction\":[{\"@type\":\"SearchAction\",\"target\":{\"@type\":\"EntryPoint\",\"urlTemplate\":\"https:\/\/www.wiego.org\/fr\/?s={search_term_string}\"},\"query-input\":{\"@type\":\"PropertyValueSpecification\",\"valueRequired\":true,\"valueName\":\"search_term_string\"}}],\"inLanguage\":\"fr-FR\"},{\"@type\":\"Organization\",\"@id\":\"https:\/\/www.wiego.org\/fr\/#organization\",\"name\":\"WIEGO\",\"url\":\"https:\/\/www.wiego.org\/fr\/\",\"logo\":{\"@type\":\"ImageObject\",\"inLanguage\":\"fr-FR\",\"@id\":\"https:\/\/www.wiego.org\/fr\/#\/schema\/logo\/image\/\",\"url\":\"https:\/\/www.wiego.org\/wp-content\/uploads\/2024\/12\/logo.svg\",\"contentUrl\":\"https:\/\/www.wiego.org\/wp-content\/uploads\/2024\/12\/logo.svg\",\"width\":142,\"height\":90,\"caption\":\"WIEGO\"},\"image\":{\"@id\":\"https:\/\/www.wiego.org\/fr\/#\/schema\/logo\/image\/\"},\"sameAs\":[\"https:\/\/www.facebook.com\/wiegoglobal\/\",\"https:\/\/x.com\/wiegoglobal\",\"https:\/\/www.linkedin.com\/company\/wiego\/\",\"https:\/\/www.youtube.com\/user\/wiegoglobal\"],\"description\":\"WIEGO is a global network that supports the movement of workers in informal employment.\"},{\"@type\":\"BreadcrumbList\",\"itemListElement\":[{\"@type\":\"ListItem\",\"position\":1,\"item\":{\"@id\":\"https:\/\/www.wiego.org\/fr\/\",\"name\":\"WIEGO\"}},{\"@type\":\"ListItem\",\"position\":2,\"item\":{\"@id\":\"https:\/\/www.wiego.org\/fr\/blog\/\",\"name\":\"Blog WIEGO\"}}],\"@id\":\"\/#breadcrumb\"}]}<\/script>\n<!-- \/ Yoast SEO Premium plugin. -->","yoast_head_json":{"title":"\u00c9tude sur la crise de la COVID-19 et l'\u00e9conomie informelle : Fiches d'information par ville - WIEGO","robots":{"index":"index","follow":"follow","max-snippet":"max-snippet:-1","max-image-preview":"max-image-preview:large","max-video-preview":"max-video-preview:-1"},"canonical":"https:\/\/www.wiego.org\/fr\/etude-sur-la-crise-de-la-covid-19-et-leconomie-informelle-fiches-dinformation-par-ville\/","og_locale":"fr_FR","og_type":"article","og_title":"\u00c9tude sur la crise de la COVID-19 et l'\u00e9conomie informelle : Fiches d'information par ville","og_description":"Fiches d'information par ville : 1 - Accra (Ghana) COVID-19 Crisis and the Informal Economy in Accra, Ghana: Lasting Impacts and an Agenda for Recovery (f\u00e9vrier 2022)","og_url":"https:\/\/www.wiego.org\/fr\/etude-sur-la-crise-de-la-covid-19-et-leconomie-informelle-fiches-dinformation-par-ville\/","og_site_name":"WIEGO","article_publisher":"https:\/\/www.facebook.com\/wiegoglobal\/","article_modified_time":"2024-07-11T14:44:32+00:00","og_image":[{"width":1140,"height":430,"url":"https:\/\/www.wiego.org\/wp-content\/uploads\/2021\/12\/Policy_Insights_No_8_Hero.jpg","type":"image\/jpeg"}],"twitter_card":"summary_large_image","twitter_site":"@wiegoglobal","twitter_misc":{"Est. reading time":"3 minutes"},"schema":{"@context":"https:\/\/schema.org","@graph":[{"@type":"WebPage","@id":"https:\/\/www.wiego.org\/fr\/etude-sur-la-crise-de-la-covid-19-et-leconomie-informelle-fiches-dinformation-par-ville\/","url":"https:\/\/www.wiego.org\/fr\/etude-sur-la-crise-de-la-covid-19-et-leconomie-informelle-fiches-dinformation-par-ville\/","name":"\u00c9tude sur la crise de la COVID-19 et l'\u00e9conomie informelle : Fiches d'information par ville - WIEGO","isPartOf":{"@id":"https:\/\/www.wiego.org\/fr\/#website"},"primaryImageOfPage":{"@id":"https:\/\/www.wiego.org\/fr\/etude-sur-la-crise-de-la-covid-19-et-leconomie-informelle-fiches-dinformation-par-ville\/#primaryimage"},"image":{"@id":"https:\/\/www.wiego.org\/fr\/etude-sur-la-crise-de-la-covid-19-et-leconomie-informelle-fiches-dinformation-par-ville\/#primaryimage"},"thumbnailUrl":"https:\/\/www.wiego.org\/wp-content\/uploads\/2021\/12\/Policy_Insights_No_8_Hero.jpg","datePublished":"2021-01-26T23:22:15+00:00","dateModified":"2024-07-11T14:44:32+00:00","breadcrumb":{"@id":"https:\/\/www.wiego.org\/fr\/etude-sur-la-crise-de-la-covid-19-et-leconomie-informelle-fiches-dinformation-par-ville\/#breadcrumb"},"inLanguage":"fr-FR","potentialAction":[{"@type":"ReadAction","target":["https:\/\/www.wiego.org\/fr\/etude-sur-la-crise-de-la-covid-19-et-leconomie-informelle-fiches-dinformation-par-ville\/"]}]},{"@type":"ImageObject","inLanguage":"fr-FR","@id":"https:\/\/www.wiego.org\/fr\/etude-sur-la-crise-de-la-covid-19-et-leconomie-informelle-fiches-dinformation-par-ville\/#primaryimage","url":"https:\/\/www.wiego.org\/wp-content\/uploads\/2021\/12\/Policy_Insights_No_8_Hero.jpg","contentUrl":"https:\/\/www.wiego.org\/wp-content\/uploads\/2021\/12\/Policy_Insights_No_8_Hero.jpg","width":1140,"height":430,"caption":"Four working women wearing masks"},{"@type":"WebSite","@id":"https:\/\/www.wiego.org\/fr\/#website","url":"https:\/\/www.wiego.org\/fr\/","name":"WIEGO","description":"","publisher":{"@id":"https:\/\/www.wiego.org\/fr\/#organization"},"potentialAction":[{"@type":"SearchAction","target":{"@type":"EntryPoint","urlTemplate":"https:\/\/www.wiego.org\/fr\/?s={search_term_string}"},"query-input":{"@type":"PropertyValueSpecification","valueRequired":true,"valueName":"search_term_string"}}],"inLanguage":"fr-FR"},{"@type":"Organization","@id":"https:\/\/www.wiego.org\/fr\/#organization","name":"WIEGO","url":"https:\/\/www.wiego.org\/fr\/","logo":{"@type":"ImageObject","inLanguage":"fr-FR","@id":"https:\/\/www.wiego.org\/fr\/#\/schema\/logo\/image\/","url":"https:\/\/www.wiego.org\/wp-content\/uploads\/2024\/12\/logo.svg","contentUrl":"https:\/\/www.wiego.org\/wp-content\/uploads\/2024\/12\/logo.svg","width":142,"height":90,"caption":"WIEGO"},"image":{"@id":"https:\/\/www.wiego.org\/fr\/#\/schema\/logo\/image\/"},"sameAs":["https:\/\/www.facebook.com\/wiegoglobal\/","https:\/\/x.com\/wiegoglobal","https:\/\/www.linkedin.com\/company\/wiego\/","https:\/\/www.youtube.com\/user\/wiegoglobal"],"description":"WIEGO is a global network that supports the movement of workers in informal employment."},{"@type":"BreadcrumbList","itemListElement":[{"@type":"ListItem","position":1,"item":{"@id":"https:\/\/www.wiego.org\/fr\/","name":"WIEGO"}},{"@type":"ListItem","position":2,"item":{"@id":"https:\/\/www.wiego.org\/fr\/blog\/","name":"Blog WIEGO"}}],"@id":"\/#breadcrumb"}]}},"_links":{"self":[{"href":"https:\/\/www.wiego.org\/fr\/wp-json\/wp\/v2\/pages\/26134","targetHints":{"allow":["GET"]}}],"collection":[{"href":"https:\/\/www.wiego.org\/fr\/wp-json\/wp\/v2\/pages"}],"about":[{"href":"https:\/\/www.wiego.org\/fr\/wp-json\/wp\/v2\/types\/page"}],"author":[{"embeddable":true,"href":"https:\/\/www.wiego.org\/fr\/wp-json\/wp\/v2\/users\/2"}],"replies":[{"embeddable":true,"href":"https:\/\/www.wiego.org\/fr\/wp-json\/wp\/v2\/comments?post=26134"}],"version-history":[{"count":0,"href":"https:\/\/www.wiego.org\/fr\/wp-json\/wp\/v2\/pages\/26134\/revisions"}],"wp:featuredmedia":[{"embeddable":true,"href":"https:\/\/www.wiego.org\/fr\/wp-json\/wp\/v2\/media\/18782"}],"wp:attachment":[{"href":"https:\/\/www.wiego.org\/fr\/wp-json\/wp\/v2\/media?parent=26134"}],"curies":[{"name":"wp","href":"https:\/\/api.w.org\/{rel}","templated":true}]}}