{"id":26133,"date":"2020-12-16T16:52:54","date_gmt":"2020-12-16T21:52:54","guid":{"rendered":"https:\/\/wiego.local\/fr-etude-sur-la-crise-de-la-covid-19-et-leconomie-informelle-recommendations-en-matiere-de-politiques\/"},"modified":"2024-07-11T10:44:32","modified_gmt":"2024-07-11T14:44:32","slug":"etude-sur-la-crise-de-la-covid-19-et-leconomie-informelle-recommendations-en-matiere-de-politiques","status":"publish","type":"page","link":"https:\/\/www.wiego.org\/fr\/etude-sur-la-crise-de-la-covid-19-et-leconomie-informelle-recommendations-en-matiere-de-politiques\/","title":{"rendered":"\u00c9tude sur la crise de la COVID-19 et l&#8217;\u00e9conomie informelle : Recommendations en mati\u00e8re de politiques"},"content":{"rendered":"<h3>Recommendations en mati\u00e8re de politiques :<\/h3>\n<table border=\"0\" cellpadding=\"0\" cellspacing=\"0\" style=\"width: 100%;\">\n<tbody>\n<tr>\n<td>\n<p><img decoding=\"async\" alt=\"Policy Insights No. 9 - COVID-19 Vaccination and Informal Workers: Immunize, Don\u2019t Marginalize thumbnail\" height=\"195.5\" src=\"https:\/\/www.wiego.org\/sites\/default\/files\/2022-02\/policy-insights-9-thumbnail.png\" width=\"138\" class=\"align-left\" \/><\/p>\n<h5>Conclusions principales et recommandations en mati\u00e8re de politiques<\/h5>\n<p><strong>La COVID-19 et les travailleuse\u00b7eur\u00b7s de l\u2019informel : oui \u00e0 la vaccination, non \u00e0 la marginalisation\u00a0<\/strong>f\u00e9vrier 2022. Christy Braham. <em>Perspectives politiques n\u00b0 9<\/em><\/p>\n<p><a class=\"btn btn-orange\" href=\"https:\/\/www.wiego.org\/resources\/covid-19-vaccination-and-informal-workers-immunize-dont-marginalize\">English<\/a>\u00a0\u00a0\u00a0\u00a0\u00a0\u00a0 <a class=\"btn btn-orange\" href=\"\/es\/node\/9000\">Espa\u00f1ol<\/a> \u00a0\u00a0\u00a0\u00a0\u00a0\u00a0 <a class=\"btn btn-orange\" data-entity-substitution=\"canonical\" data-entity-type=\"node\" data-entity-uuid=\"046e1cd6-e219-432d-bc6b-f741c3eea17e\" href=\"\/fr\/ressources\/la-covid-19-et-les-travailleuseeurs-de-linformel-oui-la-vaccination-non-la\">Fran\u00e7ais<\/a><\/p>\n<\/td>\n<\/tr>\n<\/tbody>\n<\/table>\n<table border=\"0\" cellpadding=\"0\" cellspacing=\"0\" style=\"width: 100%;\">\n<tbody>\n<tr>\n<td>\n<p><img decoding=\"async\" alt=\"Policy Insights No. 8 thumbnail\" height=\"195.5\" src=\"https:\/\/www.wiego.org\/sites\/default\/files\/inline-images\/Policy_Insights_No_8_thumbnail.jpg\" width=\"138\" class=\"align-left\" \/><\/p>\n<h5>Conclusions principales et recommandations en mati\u00e8re de politiques<\/h5>\n<p><strong>The Crisis is Far from Over for Informal Workers (Global Findings, Round 2)\u00a0<\/strong>November 2021. Sarah Orleans Reed, Michael Rogan, Erofili Grapsa, Ghida Ismail and Marcela Valdivia.\u00a0<em>Policy Insights No. 8<\/em><\/p>\n<p><a class=\"btn btn-orange\" href=\"https:\/\/www.wiego.org\/resources\/COVID-Global-policy-insights\">English<\/a><\/p>\n<p><em>R\u00e9sum\u00e9 <\/em>disponible en\u00a0<a data-entity-substitution=\"canonical\" data-entity-type=\"node\" data-entity-uuid=\"5eb8c83a-f5be-4ac1-94ec-3b35708076f9\" href=\"\/fr\/ressources\/resume-la-crise-est-loin-detre-finie-pour-les-travailleuseeurs-de-linformel-0\">English<\/a>, <a href=\"\/es\/node\/8926\">Espa\u00f1ol<\/a>, <a href=\"\/fr\/node\/8926\">Fran\u00e7ais<\/a><\/p>\n<\/td>\n<\/tr>\n<\/tbody>\n<\/table>\n<table border=\"0\" cellpadding=\"0\" cellspacing=\"0\" style=\"width: 100%;\">\n<tbody>\n<tr>\n<td>\n<p><img decoding=\"async\" alt=\"Policy Insights No. 7 - Understanding the Immediate Impacts on Waste Pickers thumbnail\" height=\"195.5\" src=\"https:\/\/www.wiego.org\/sites\/default\/files\/2021-06\/PolicyInsights7.png\" width=\"138\" class=\"align-left\" \/><\/p>\n<h5>Conclusions principales et recommandations en mati\u00e8re de politiques<\/h5>\n<p><strong>Les effets directs de la crise sur les re\u0301cupe\u0301ratrice\u00b7eur\u00b7s de mate\u0301riaux\u00a0<\/strong>May 2021. Chris Hartmann, Christine Hegel, Owusu Boampong and Erofili Grapsa.\u00a0<em>Perspectives politiques n\u00b0 7<\/em><\/p>\n<p><a class=\"btn btn-orange\" href=\"https:\/\/www.wiego.org\/resources\/covid-19-crisis-understanding-immediate-impacts-waste-pickers\">English<\/a>\u00a0\u00a0\u00a0\u00a0\u00a0\u00a0 <a class=\"btn btn-orange\" href=\"https:\/\/www.wiego.org\/resources\/dilucidar-el-impacto-directo-de-la-crisis-en-las-recicladoras-y-recicladores\">Espa\u00f1ol<\/a> \u00a0\u00a0\u00a0\u00a0\u00a0\u00a0 <a class=\"btn btn-orange\" href=\"https:\/\/www.wiego.org\/resources\/les-e-ets-directs-de-la-crise-sur-les-recuperatriceeurs-de-materiaux\">Fran\u00e7ais<\/a><\/p>\n<\/td>\n<\/tr>\n<\/tbody>\n<\/table>\n<table border=\"0\" cellpadding=\"0\" cellspacing=\"0\" style=\"width: 100%;\">\n<tbody>\n<tr>\n<td>\n<p><img decoding=\"async\" alt=\"Policy Insights No. 6 - Internal Migrants in the Informal Economy: COVID-19 Lessons thumbnail\" height=\"195.5\" src=\"https:\/\/www.wiego.org\/sites\/default\/files\/2021-05\/PolicyInsights6.png\" width=\"138\" class=\"align-left\" \/><\/p>\n<h5>Conclusions principales et recommandations en mati\u00e8re de politiques<\/h5>\n<p><strong>Internal Migrants in the Informal Economy: COVID-19 Lessons\u00a0<\/strong>May 2021. Ghida Ismail and Marcela Valdivia.\u00a0<em>Policy Insights No. 6<\/em><\/p>\n<p><a class=\"btn btn-orange\" href=\"https:\/\/www.wiego.org\/resources\/internal-migrants-informal-economy-covid-19-lessons\">English<\/a><\/p>\n<\/td>\n<\/tr>\n<\/tbody>\n<\/table>\n<table border=\"0\" cellpadding=\"0\" cellspacing=\"0\" style=\"width: 100%;\">\n<tbody>\n<tr>\n<td>\n<p><img decoding=\"async\" alt=\"Policy Insights No. 5 - Older Informal Workers in the COVID-19 Crisis thumbnail\" height=\"195.5\" src=\"https:\/\/www.wiego.org\/sites\/default\/files\/2021-05\/PolicyInsights5.png\" width=\"138\" class=\"align-left\" \/><\/p>\n<h5>Conclusions principales et recommandations en mati\u00e8re de politiques<\/h5>\n<p><strong>Older Informal Workers in the COVID-19 Crisis\u00a0<\/strong>May 2021. Laura Alfers, Flavia Galvani, Erofili Grapsa, Florian Juergens-Grant and Aura Sevilla.\u00a0<em>Policy Insights No. 5<\/em><\/p>\n<p><a class=\"btn btn-orange\" href=\"https:\/\/www.wiego.org\/resources\/older-informal-workers-covid-19-crisis\">English<\/a><\/p>\n<\/td>\n<\/tr>\n<\/tbody>\n<\/table>\n<table border=\"0\" cellpadding=\"0\" cellspacing=\"0\" style=\"width: 100%;\">\n<tbody>\n<tr>\n<td>\n<p><img decoding=\"async\" alt=\"The Triple Crisis: Impact of COVID-19 on Informal Workers\u2019 Care Responsibilities, Paid Work and Earnings thumbnail\" height=\"195.5\" src=\"https:\/\/www.wiego.org\/sites\/default\/files\/2021-05\/PolicyInsights4_0.png\" width=\"138\" class=\"align-left\" \/><\/p>\n<h5>Conclusions principales et recommandations en mati\u00e8re de politiques<\/h5>\n<p><strong>Essentiel\u00b7le\u00b7s mais non prot\u00e9g\u00e9\u00b7e\u00b7s : comment les travailleuse\u00b7eur\u00b7s de l\u2019informel ont-elles\u00b7ils fait face aux risques sanitaires de la pand\u00e9mie ?\u00a0<\/strong>Avril 2021. Christy Braham and Ana Carolina Ogando.\u00a0<em>Perspectives politiques n\u00b0 4<\/em><\/p>\n<p><a class=\"btn btn-orange\" href=\"https:\/\/www.wiego.org\/resources\/essential-unprotected-how-have-informal-workers-navigated-health-risks-pandemic\">English<\/a>\u00a0\u00a0\u00a0\u00a0\u00a0\u00a0 <a class=\"btn btn-orange\" href=\"https:\/\/www.wiego.org\/resources\/imprescindibles-pero-desprotegidas-como-han-sorteado-las-personas-trabajadoras-en-empleo\">Espa\u00f1ol<\/a> \u00a0\u00a0\u00a0\u00a0\u00a0\u00a0 <a class=\"btn btn-orange\" href=\"https:\/\/www.wiego.org\/resources\/essentielles-mais-non-protegees-comment-les-travailleuseeurs-de-linformel-ont-ellesils\">Fran\u00e7ais<\/a><\/p>\n<\/td>\n<\/tr>\n<\/tbody>\n<\/table>\n<table border=\"0\" cellpadding=\"0\" cellspacing=\"0\" style=\"width: 100%;\">\n<tbody>\n<tr>\n<td>\n<p><img decoding=\"async\" alt=\"The Triple Crisis: Impact of COVID-19 on Informal Workers\u2019 Care Responsibilities, Paid Work and Earnings thumbnail\" height=\"195.5\" src=\"https:\/\/www.wiego.org\/sites\/default\/files\/2021-03\/PolicyInsights3.png\" width=\"138\" class=\"align-left\" \/><\/p>\n<h5>Conclusions principales et recommandations en mati\u00e8re de politiques<\/h5>\n<p><strong>La triple crise : les responsabilit\u00e9s de soin, le travail r\u00e9mun\u00e9r\u00e9 et les revenus des travailleuse\u00b7eur\u00b7s de l\u2019informel sous l\u2019effet de la COVID-19<\/strong><strong>.\u00a0<\/strong>Mars 2021. Ana Carolina Ogando, Michael Rogan and Rachel Moussi\u00e9.\u00a0<em>Perspectives politiques n\u00b0 3<\/em><\/p>\n<p><a class=\"btn btn-orange\" href=\"https:\/\/www.wiego.org\/resources\/triple-crisis-impact-covid-19-informal-workers-care-responsibilities-paid-work-and\">English<\/a>\u00a0\u00a0\u00a0\u00a0\u00a0\u00a0 <a class=\"btn btn-orange\" href=\"https:\/\/www.wiego.org\/resources\/la-triple-crisis-el-impacto-de-la-covid-19-en-las-responsabilidades-de-cuidado-el-trabajo\">Espa\u00f1ol<\/a> \u00a0\u00a0\u00a0\u00a0\u00a0\u00a0 <a class=\"btn btn-orange\" href=\"https:\/\/www.wiego.org\/resources\/la-triple-crise-les-responsabilites-de-soin-le-travail-remunere-et-les-revenus-des\">Fran\u00e7ais<\/a><\/p>\n<\/td>\n<\/tr>\n<\/tbody>\n<\/table>\n<table border=\"0\" cellpadding=\"0\" cellspacing=\"0\" style=\"width: 100%;\">\n<tbody>\n<tr>\n<td>\n<p><img decoding=\"async\" alt=\"Informal Workers and the Social Protection Response to COVID-19:  Who got relief? How? And did it make a difference? thumbnail\" data-entity-type=\"file\" data-entity-uuid=\"f9a171b6-f6d9-47a1-8b50-58b4877ddde9\" height=\"195.5\" src=\"\/sites\/default\/files\/inline-images\/Alfers-workers-COVID19-social-protection-policy-insight-2-Dec-2020.png\" width=\"138\" class=\"align-left\" loading=\"lazy\" \/><\/p>\n<h5>Conclusions principales et recommandations en mati\u00e8re de politiques<\/h5>\n<p><strong>Les travailleuse\u00b7eur\u00b7s de l\u2019informel et la r\u00e9ponse de la protection sociale \u00e0 la COVID-19 : Qui a re\u00e7u de l\u2019aide ? Comment ? Et cela a fait la diff\u00e9rence ? <\/strong>D\u00e9cembre 2020. Laura Alfers, Ghida Ismail and Marcela Valdivia.\u00a0<em>Perspectives politiques n\u00b0 2<\/em><\/p>\n<p><a class=\"btn btn-orange\" href=\"https:\/\/www.wiego.org\/publications\/informal-workers-and-social-protection-response-covid-19-policy-implications-2\">English<\/a> \u00a0\u00a0\u00a0\u00a0\u00a0\u00a0 <a class=\"btn btn-orange\" href=\"https:\/\/www.wiego.org\/resources\/las-personas-trabajadoras-en-empleo-informal-y-la-respuesta-de-proteccion-social-la-covid\">Espa\u00f1ol<\/a> \u00a0\u00a0\u00a0\u00a0\u00a0\u00a0 <a class=\"btn btn-orange\" href=\"https:\/\/www.wiego.org\/resources\/les-travailleuseeurs-de-linformel-et-la-reponse-de-la-protection-sociale-la-covid-19-qui\">Fran\u00e7ais<\/a><\/p>\n<\/td>\n<\/tr>\n<\/tbody>\n<\/table>\n<table border=\"0\" cellpadding=\"0\" cellspacing=\"0\" style=\"width: 100%;\">\n<tbody>\n<tr>\n<td>\n<p><img decoding=\"async\" alt=\"Informal Workers See a Long Road to Recovery Ahead \u2014 Unless Governments Act thumbnail\" data-entity-type=\"file\" data-entity-uuid=\"f4431c9a-1e0b-4789-bdd9-690c15e64538\" height=\"195.5\" src=\"\/sites\/default\/files\/inline-images\/Informal-Workers-See-a-Long-Road-to-Recovery-Ahead-Unless-Governments-Act.png\" width=\"138\" class=\"align-left\" loading=\"lazy\" \/><\/p>\n<h5>Conclusions principales et recommandations en mati\u00e8re de politiques<\/h5>\n<p><strong>Les travailleuse\u00b7eur\u00b7s de l\u2019informel pr\u00e9voient un long chemin vers la reprise \u2013 \u00e0 moins que les gouvernements passent \u00e0 l\u2019action \u2013\u00a0<\/strong>Novembre 2020.<strong> <\/strong>Sally Roever and Michael Rogan. <em>Perspectives politiques n\u00b0 1<\/em><\/p>\n<p><a class=\"btn btn-orange\" href=\"https:\/\/www.wiego.org\/resources\/informal-workers-see-long-road-recovery-ahead-unless-governments-act\">English<\/a> \u00a0\u00a0\u00a0\u00a0\u00a0\u00a0 <a class=\"btn btn-orange\" href=\"https:\/\/www.wiego.org\/resources\/trabajadoras-y-trabajadores-en-empleo-informal-ven-un-largo-camino-hacia-la-recuperacion\">Espa\u00f1ol<\/a> \u00a0\u00a0\u00a0\u00a0\u00a0\u00a0 <a class=\"btn btn-orange\" href=\"https:\/\/www.wiego.org\/resources\/les-travailleuseeurs-de-linformel-prevoient-un-long-chemin-vers-la-reprise-moins-que-les\">Fran\u00e7ais<\/a><\/p>\n<\/td>\n<\/tr>\n<\/tbody>\n<\/table>\n<h3>Demandes m\u00e9diatiques\u00a0:<\/h3>\n<p>G\u00e9n\u00e9ral\u00a0:\u00a0<a href=\"mailto:Media@wiego.org\">media@wiego.org<\/a>\u00a0\u00a0<\/p>\n<p>Contact (anglais): Nicole Pryor,\u00a0<a href=\"mailto:nicole.pryor@wiego.org\">nicole.pryor@wiego.org<\/a>\u00a0ou +64 27 239 2575 (NZT)<br \/>\nContact (espagnol): Graciela Mora,\u00a0<a href=\"mailto:graciela.mora@wiego.org\">graciela.mora@wiego.org<\/a>\u00a0ou +506 8358 5592 (UTC\/GMT -6 heures)<\/p>\n<hr \/>\n<p class=\"text-align-center\"><a class=\"btn btn-orange\" href=\"https:\/\/www.wiego.org\/fr\/etude-sur-la-crise-de-la-covid-19-et-leconomie-informelle\">\u00c9tude sur la crise de la COVID-19 et l&#8217;\u00e9conomie informelle<\/a><\/p>\n","protected":false},"excerpt":{"rendered":"<p>Recommendations en mati\u00e8re de politiques :<\/p>\n","protected":false},"author":2,"featured_media":18782,"parent":0,"menu_order":0,"comment_status":"closed","ping_status":"closed","template":"","meta":{"_acf_changed":false,"_relevanssi_hide_post":"","_relevanssi_hide_content":"","_relevanssi_pin_for_all":"","_relevanssi_pin_keywords":"","_relevanssi_unpin_keywords":"","_relevanssi_related_keywords":"","_relevanssi_related_include_ids":"","_relevanssi_related_exclude_ids":"","_relevanssi_related_no_append":"","_relevanssi_related_not_related":"","_relevanssi_related_posts":"","_relevanssi_noindex_reason":"","footnotes":""},"class_list":["post-26133","page","type-page","status-publish","has-post-thumbnail","hentry","economy-theme-estudio-crisis-covid-19","economy-theme-histoire-debats-theorie","economy-theme-moyens-de-subsistance","economy-theme-plaidoyer-negociations-mondial"],"acf":[],"yoast_head":"<!-- This site is optimized with the Yoast SEO Premium plugin v23.8 (Yoast SEO v27.0) - https:\/\/yoast.com\/product\/yoast-seo-premium-wordpress\/ -->\n<title>\u00c9tude sur la crise de la COVID-19 et l&#039;\u00e9conomie informelle : Recommendations en mati\u00e8re de politiques - WIEGO<\/title>\n<meta name=\"robots\" content=\"index, follow, max-snippet:-1, max-image-preview:large, max-video-preview:-1\" \/>\n<link rel=\"canonical\" href=\"https:\/\/www.wiego.org\/fr\/etude-sur-la-crise-de-la-covid-19-et-leconomie-informelle-recommendations-en-matiere-de-politiques\/\" \/>\n<meta property=\"og:locale\" content=\"fr_FR\" \/>\n<meta property=\"og:type\" content=\"article\" \/>\n<meta property=\"og:title\" content=\"\u00c9tude sur la crise de la COVID-19 et l&#039;\u00e9conomie informelle : Recommendations en mati\u00e8re de politiques\" \/>\n<meta property=\"og:description\" content=\"Recommendations en mati\u00e8re de politiques :\" \/>\n<meta property=\"og:url\" content=\"https:\/\/www.wiego.org\/fr\/etude-sur-la-crise-de-la-covid-19-et-leconomie-informelle-recommendations-en-matiere-de-politiques\/\" \/>\n<meta property=\"og:site_name\" content=\"WIEGO\" \/>\n<meta property=\"article:publisher\" content=\"https:\/\/www.facebook.com\/wiegoglobal\/\" \/>\n<meta property=\"article:modified_time\" content=\"2024-07-11T14:44:32+00:00\" \/>\n<meta property=\"og:image\" content=\"http:\/\/www.wiego.org\/wp-content\/uploads\/2021\/12\/Policy_Insights_No_8_Hero.jpg\" \/>\n\t<meta property=\"og:image:width\" content=\"1140\" \/>\n\t<meta property=\"og:image:height\" content=\"430\" \/>\n\t<meta property=\"og:image:type\" content=\"image\/jpeg\" \/>\n<meta name=\"twitter:card\" content=\"summary_large_image\" \/>\n<meta name=\"twitter:site\" content=\"@wiegoglobal\" \/>\n<meta name=\"twitter:label1\" content=\"Est. reading time\" \/>\n\t<meta name=\"twitter:data1\" content=\"2 minutes\" \/>\n<script type=\"application\/ld+json\" class=\"yoast-schema-graph\">{\"@context\":\"https:\/\/schema.org\",\"@graph\":[{\"@type\":\"WebPage\",\"@id\":\"https:\/\/www.wiego.org\/fr\/etude-sur-la-crise-de-la-covid-19-et-leconomie-informelle-recommendations-en-matiere-de-politiques\/\",\"url\":\"https:\/\/www.wiego.org\/fr\/etude-sur-la-crise-de-la-covid-19-et-leconomie-informelle-recommendations-en-matiere-de-politiques\/\",\"name\":\"\u00c9tude sur la crise de la COVID-19 et l'\u00e9conomie informelle : Recommendations en mati\u00e8re de politiques - WIEGO\",\"isPartOf\":{\"@id\":\"https:\/\/www.wiego.org\/fr\/#website\"},\"primaryImageOfPage\":{\"@id\":\"https:\/\/www.wiego.org\/fr\/etude-sur-la-crise-de-la-covid-19-et-leconomie-informelle-recommendations-en-matiere-de-politiques\/#primaryimage\"},\"image\":{\"@id\":\"https:\/\/www.wiego.org\/fr\/etude-sur-la-crise-de-la-covid-19-et-leconomie-informelle-recommendations-en-matiere-de-politiques\/#primaryimage\"},\"thumbnailUrl\":\"https:\/\/www.wiego.org\/wp-content\/uploads\/2021\/12\/Policy_Insights_No_8_Hero.jpg\",\"datePublished\":\"2020-12-16T21:52:54+00:00\",\"dateModified\":\"2024-07-11T14:44:32+00:00\",\"breadcrumb\":{\"@id\":\"https:\/\/www.wiego.org\/fr\/etude-sur-la-crise-de-la-covid-19-et-leconomie-informelle-recommendations-en-matiere-de-politiques\/#breadcrumb\"},\"inLanguage\":\"fr-FR\",\"potentialAction\":[{\"@type\":\"ReadAction\",\"target\":[\"https:\/\/www.wiego.org\/fr\/etude-sur-la-crise-de-la-covid-19-et-leconomie-informelle-recommendations-en-matiere-de-politiques\/\"]}]},{\"@type\":\"ImageObject\",\"inLanguage\":\"fr-FR\",\"@id\":\"https:\/\/www.wiego.org\/fr\/etude-sur-la-crise-de-la-covid-19-et-leconomie-informelle-recommendations-en-matiere-de-politiques\/#primaryimage\",\"url\":\"https:\/\/www.wiego.org\/wp-content\/uploads\/2021\/12\/Policy_Insights_No_8_Hero.jpg\",\"contentUrl\":\"https:\/\/www.wiego.org\/wp-content\/uploads\/2021\/12\/Policy_Insights_No_8_Hero.jpg\",\"width\":1140,\"height\":430,\"caption\":\"Four working women wearing masks\"},{\"@type\":\"WebSite\",\"@id\":\"https:\/\/www.wiego.org\/fr\/#website\",\"url\":\"https:\/\/www.wiego.org\/fr\/\",\"name\":\"WIEGO\",\"description\":\"\",\"publisher\":{\"@id\":\"https:\/\/www.wiego.org\/fr\/#organization\"},\"potentialAction\":[{\"@type\":\"SearchAction\",\"target\":{\"@type\":\"EntryPoint\",\"urlTemplate\":\"https:\/\/www.wiego.org\/fr\/?s={search_term_string}\"},\"query-input\":{\"@type\":\"PropertyValueSpecification\",\"valueRequired\":true,\"valueName\":\"search_term_string\"}}],\"inLanguage\":\"fr-FR\"},{\"@type\":\"Organization\",\"@id\":\"https:\/\/www.wiego.org\/fr\/#organization\",\"name\":\"WIEGO\",\"url\":\"https:\/\/www.wiego.org\/fr\/\",\"logo\":{\"@type\":\"ImageObject\",\"inLanguage\":\"fr-FR\",\"@id\":\"https:\/\/www.wiego.org\/fr\/#\/schema\/logo\/image\/\",\"url\":\"https:\/\/www.wiego.org\/wp-content\/uploads\/2024\/12\/logo.svg\",\"contentUrl\":\"https:\/\/www.wiego.org\/wp-content\/uploads\/2024\/12\/logo.svg\",\"width\":142,\"height\":90,\"caption\":\"WIEGO\"},\"image\":{\"@id\":\"https:\/\/www.wiego.org\/fr\/#\/schema\/logo\/image\/\"},\"sameAs\":[\"https:\/\/www.facebook.com\/wiegoglobal\/\",\"https:\/\/x.com\/wiegoglobal\",\"https:\/\/www.linkedin.com\/company\/wiego\/\",\"https:\/\/www.youtube.com\/user\/wiegoglobal\"],\"description\":\"WIEGO is a global network that supports the movement of workers in informal employment.\"},{\"@type\":\"BreadcrumbList\",\"itemListElement\":[{\"@type\":\"ListItem\",\"position\":1,\"item\":{\"@id\":\"https:\/\/www.wiego.org\/fr\/\",\"name\":\"WIEGO\"}},{\"@type\":\"ListItem\",\"position\":2,\"item\":{\"@id\":\"https:\/\/www.wiego.org\/fr\/blog\/\",\"name\":\"Blog WIEGO\"}}],\"@id\":\"\/#breadcrumb\"}]}<\/script>\n<!-- \/ Yoast SEO Premium plugin. -->","yoast_head_json":{"title":"\u00c9tude sur la crise de la COVID-19 et l'\u00e9conomie informelle : Recommendations en mati\u00e8re de politiques - WIEGO","robots":{"index":"index","follow":"follow","max-snippet":"max-snippet:-1","max-image-preview":"max-image-preview:large","max-video-preview":"max-video-preview:-1"},"canonical":"https:\/\/www.wiego.org\/fr\/etude-sur-la-crise-de-la-covid-19-et-leconomie-informelle-recommendations-en-matiere-de-politiques\/","og_locale":"fr_FR","og_type":"article","og_title":"\u00c9tude sur la crise de la COVID-19 et l'\u00e9conomie informelle : Recommendations en mati\u00e8re de politiques","og_description":"Recommendations en mati\u00e8re de politiques :","og_url":"https:\/\/www.wiego.org\/fr\/etude-sur-la-crise-de-la-covid-19-et-leconomie-informelle-recommendations-en-matiere-de-politiques\/","og_site_name":"WIEGO","article_publisher":"https:\/\/www.facebook.com\/wiegoglobal\/","article_modified_time":"2024-07-11T14:44:32+00:00","og_image":[{"width":1140,"height":430,"url":"http:\/\/www.wiego.org\/wp-content\/uploads\/2021\/12\/Policy_Insights_No_8_Hero.jpg","type":"image\/jpeg"}],"twitter_card":"summary_large_image","twitter_site":"@wiegoglobal","twitter_misc":{"Est. reading time":"2 minutes"},"schema":{"@context":"https:\/\/schema.org","@graph":[{"@type":"WebPage","@id":"https:\/\/www.wiego.org\/fr\/etude-sur-la-crise-de-la-covid-19-et-leconomie-informelle-recommendations-en-matiere-de-politiques\/","url":"https:\/\/www.wiego.org\/fr\/etude-sur-la-crise-de-la-covid-19-et-leconomie-informelle-recommendations-en-matiere-de-politiques\/","name":"\u00c9tude sur la crise de la COVID-19 et l'\u00e9conomie informelle : Recommendations en mati\u00e8re de politiques - WIEGO","isPartOf":{"@id":"https:\/\/www.wiego.org\/fr\/#website"},"primaryImageOfPage":{"@id":"https:\/\/www.wiego.org\/fr\/etude-sur-la-crise-de-la-covid-19-et-leconomie-informelle-recommendations-en-matiere-de-politiques\/#primaryimage"},"image":{"@id":"https:\/\/www.wiego.org\/fr\/etude-sur-la-crise-de-la-covid-19-et-leconomie-informelle-recommendations-en-matiere-de-politiques\/#primaryimage"},"thumbnailUrl":"https:\/\/www.wiego.org\/wp-content\/uploads\/2021\/12\/Policy_Insights_No_8_Hero.jpg","datePublished":"2020-12-16T21:52:54+00:00","dateModified":"2024-07-11T14:44:32+00:00","breadcrumb":{"@id":"https:\/\/www.wiego.org\/fr\/etude-sur-la-crise-de-la-covid-19-et-leconomie-informelle-recommendations-en-matiere-de-politiques\/#breadcrumb"},"inLanguage":"fr-FR","potentialAction":[{"@type":"ReadAction","target":["https:\/\/www.wiego.org\/fr\/etude-sur-la-crise-de-la-covid-19-et-leconomie-informelle-recommendations-en-matiere-de-politiques\/"]}]},{"@type":"ImageObject","inLanguage":"fr-FR","@id":"https:\/\/www.wiego.org\/fr\/etude-sur-la-crise-de-la-covid-19-et-leconomie-informelle-recommendations-en-matiere-de-politiques\/#primaryimage","url":"https:\/\/www.wiego.org\/wp-content\/uploads\/2021\/12\/Policy_Insights_No_8_Hero.jpg","contentUrl":"https:\/\/www.wiego.org\/wp-content\/uploads\/2021\/12\/Policy_Insights_No_8_Hero.jpg","width":1140,"height":430,"caption":"Four working women wearing masks"},{"@type":"WebSite","@id":"https:\/\/www.wiego.org\/fr\/#website","url":"https:\/\/www.wiego.org\/fr\/","name":"WIEGO","description":"","publisher":{"@id":"https:\/\/www.wiego.org\/fr\/#organization"},"potentialAction":[{"@type":"SearchAction","target":{"@type":"EntryPoint","urlTemplate":"https:\/\/www.wiego.org\/fr\/?s={search_term_string}"},"query-input":{"@type":"PropertyValueSpecification","valueRequired":true,"valueName":"search_term_string"}}],"inLanguage":"fr-FR"},{"@type":"Organization","@id":"https:\/\/www.wiego.org\/fr\/#organization","name":"WIEGO","url":"https:\/\/www.wiego.org\/fr\/","logo":{"@type":"ImageObject","inLanguage":"fr-FR","@id":"https:\/\/www.wiego.org\/fr\/#\/schema\/logo\/image\/","url":"https:\/\/www.wiego.org\/wp-content\/uploads\/2024\/12\/logo.svg","contentUrl":"https:\/\/www.wiego.org\/wp-content\/uploads\/2024\/12\/logo.svg","width":142,"height":90,"caption":"WIEGO"},"image":{"@id":"https:\/\/www.wiego.org\/fr\/#\/schema\/logo\/image\/"},"sameAs":["https:\/\/www.facebook.com\/wiegoglobal\/","https:\/\/x.com\/wiegoglobal","https:\/\/www.linkedin.com\/company\/wiego\/","https:\/\/www.youtube.com\/user\/wiegoglobal"],"description":"WIEGO is a global network that supports the movement of workers in informal employment."},{"@type":"BreadcrumbList","itemListElement":[{"@type":"ListItem","position":1,"item":{"@id":"https:\/\/www.wiego.org\/fr\/","name":"WIEGO"}},{"@type":"ListItem","position":2,"item":{"@id":"https:\/\/www.wiego.org\/fr\/blog\/","name":"Blog WIEGO"}}],"@id":"\/#breadcrumb"}]}},"_links":{"self":[{"href":"https:\/\/www.wiego.org\/fr\/wp-json\/wp\/v2\/pages\/26133","targetHints":{"allow":["GET"]}}],"collection":[{"href":"https:\/\/www.wiego.org\/fr\/wp-json\/wp\/v2\/pages"}],"about":[{"href":"https:\/\/www.wiego.org\/fr\/wp-json\/wp\/v2\/types\/page"}],"author":[{"embeddable":true,"href":"https:\/\/www.wiego.org\/fr\/wp-json\/wp\/v2\/users\/2"}],"replies":[{"embeddable":true,"href":"https:\/\/www.wiego.org\/fr\/wp-json\/wp\/v2\/comments?post=26133"}],"version-history":[{"count":0,"href":"https:\/\/www.wiego.org\/fr\/wp-json\/wp\/v2\/pages\/26133\/revisions"}],"wp:featuredmedia":[{"embeddable":true,"href":"https:\/\/www.wiego.org\/fr\/wp-json\/wp\/v2\/media\/18782"}],"wp:attachment":[{"href":"https:\/\/www.wiego.org\/fr\/wp-json\/wp\/v2\/media?parent=26133"}],"curies":[{"name":"wp","href":"https:\/\/api.w.org\/{rel}","templated":true}]}}