{"id":26131,"date":"2020-12-15T16:07:07","date_gmt":"2020-12-15T21:07:07","guid":{"rendered":"https:\/\/wiego.local\/fr-etude-sur-la-crise-de-la-covid-19-et-leconomie-informelle-constatations-globales\/"},"modified":"2024-07-11T10:44:32","modified_gmt":"2024-07-11T14:44:32","slug":"etude-sur-la-crise-de-la-covid-19-et-leconomie-informelle-constatations-globales","status":"publish","type":"page","link":"https:\/\/www.wiego.org\/fr\/etude-sur-la-crise-de-la-covid-19-et-leconomie-informelle-constatations-globales\/","title":{"rendered":"\u00c9tude sur la crise de la COVID-19 et l&#8217;\u00e9conomie informelle : Constatations globales"},"content":{"rendered":"<h3>Constatations globales :<\/h3>\n<p>L&#8217;<strong>\u00e9tude sur la crise de la COVID-19 et l&#8217;\u00e9conomie informelle<\/strong> est une \u00e9tude longitudinale multi-villes coordonn\u00e9e par WIEGO qui \u00e9value l&#8217;impact de la crise de la COVID-19 sur des groupes professionnels sp\u00e9cifiques de travailleuse\u00b7eur\u00b7s de l\u2019informel et leurs m\u00e9nages, en mettant l&#8217;accent sur les travailleuses domestiques, les travailleuse\u00b7eur\u00b7s \u00e0 domicile, les vendeuse\u00b7eur\u00b7s de rue et les r\u00e9cup\u00e9ratrice\u00b7eur\u00b7s de mat\u00e9riaux. Le r\u00e9sum\u00e9 global du premier cycle pr\u00e9sente les principales conclusions du premier tour de l\u2019enqu\u00eate et des entretiens \u2013 men\u00e9s en juin et juillet 2020 (milieu d&#8217;ann\u00e9e) \u2013 dans 12 villes et accompagne des <a data-entity-substitution=\"canonical\" data-entity-type=\"node\" data-entity-uuid=\"62d00481-9ba6-4e86-88f9-f4b80606ab2a\" href=\"https:\/\/www.wiego.org\/fr\/etude-sur-la-crise-de-la-covid-19-et-leconomie-informelle-fiches-dinformation-par-ville\/\">fiches d&#8217;information<\/a> qui fournissent des r\u00e9sultats plus d\u00e9taill\u00e9s au niveau des villes. Une deuxi\u00e8me s\u00e9rie de recherches sur le terrain a \u00e9t\u00e9 men\u00e9e \u00e0 la mi-2021 pour mesurer les <a data-entity-substitution=\"canonical\" data-entity-type=\"node\" data-entity-uuid=\"27f9a1f5-2118-426a-8e42-988a51ae454b\" href=\"\/resources\/COVID-Global-policy-insights\">impacts continus<\/a> de la crise.<\/p>\n<hr \/>\n<table border=\"0\" cellpadding=\"0\" cellspacing=\"0\" style=\"width: 100%;\">\n<tbody>\n<tr>\n<td>\n<p><img loading=\"lazy\" decoding=\"async\" alt=\"Infographic thumbnail\" data-entity-type=\"file\" height=\"195\" src=\"\/sites\/default\/files\/2022-06\/infographic-thumbnail.png\" width=\"138\" class=\"align-left\" \/><br \/><strong>Le long COVID \u00e9conomique pour les travailleuse\u00b7eur\u00b7s de l&#8217;informel<\/strong> juillet 2022.<\/p>\n<p>English:\u00a0 \u00a0 \u00a0<a class=\"btn btn-orange\" href=\"https:\/\/www.wiego.org\/resources\/long-economic-covid-worlds-working-class-infographic\">R\u00e9sum\u00e9<\/a>\u00a0\u00a0\u00a0\u00a0\u00a0\u00a0 <a class=\"btn btn-orange\" href=\"https:\/\/www.wiego.org\/sites\/default\/files\/resources\/file\/long-economic-covid-for-the-world%E2%80%99s-working-class-infographic.pdf\">Infographie (PDF)<\/a><\/p>\n<p>Espa\u00f1ol:\u00a0 \u00a0\u00a0<a class=\"btn btn-orange\" href=\"\/es\/node\/9076\">R\u00e9sum\u00e9<\/a>\u00a0\u00a0\u00a0\u00a0\u00a0\u00a0 <a class=\"btn btn-orange\" href=\"https:\/\/www.wiego.org\/sites\/default\/files\/resources\/file\/una-covid-economica-prolongada-para-la-clase-trabajadora-en-el-mundo-infografia.pdf\">Infographie (PDF)<\/a><\/p>\n<p>Fran\u00e7ais:\u00a0 \u00a0<a class=\"btn btn-orange\" href=\"\/fr\/node\/9076\">R\u00e9sum\u00e9<\/a>\u00a0\u00a0\u00a0\u00a0\u00a0\u00a0 <a class=\"btn btn-orange\" href=\"https:\/\/www.wiego.org\/sites\/default\/files\/resources\/file\/le-long-covid-economique-pour-la-classe-ouvriere-du-monde-infographie.pdf\"> Infographie (PDF)<\/a><\/p>\n<\/td>\n<\/tr>\n<\/tbody>\n<\/table>\n<table border=\"0\" cellpadding=\"0\" cellspacing=\"0\" style=\"width: 100%;\">\n<tbody>\n<tr>\n<td>\n<p><img decoding=\"async\" alt=\"COVID-19 and Informal Work in 11 Cities: Recovery Pathways Amidst Continued Crisis thumbnail\" data-entity-type=\"file\" data-entity-uuid=\"179700d0-6d1c-49ea-88f0-69fc756c34b9\" height=\"195.5\" src=\"\/sites\/default\/files\/inline-images\/11-cities-report-2022.jpg\" width=\"138\" class=\"align-left\" loading=\"lazy\" \/><br \/><strong>COVID-19 and Informal Work in 11 Cities: Recovery Pathways Amidst Continued Crisis<\/strong> July 2022. WIEGO. 2022. COVID-19 and Informal Work in 11 Cities: Recovery Pathways Amidst Continued Crisis. WIEGO Working Paper No. 43. Manchester, UK: WIEGO.<\/p>\n<p>\u00a0<\/p>\n<p><a class=\"btn btn-orange\" data-entity-substitution=\"canonical\" data-entity-type=\"node\" data-entity-uuid=\"4e6841e5-02f7-497a-a531-65df5eea27e3\" href=\"\/publications\/covid-19-and-informal-work-11-cities-recovery-pathways-amidst-continued-crisis\">R\u00e9sum\u00e9<\/a>\u00a0\u00a0\u00a0\u00a0\u00a0\u00a0 <a class=\"btn btn-orange\" href=\"https:\/\/www.wiego.org\/sites\/default\/files\/publications\/file\/WIEGO_Working%20Paper%20No%2043.pdf\">Aller \u00e0 la publication (PDF)<\/a><\/p>\n<\/td>\n<\/tr>\n<\/tbody>\n<\/table>\n<table border=\"0\" cellpadding=\"0\" cellspacing=\"0\" style=\"width: 100%;\">\n<tbody>\n<tr>\n<td>\n<p><img decoding=\"async\" alt=\"COVID-19 and Informal Work in 11 Cities \u2013 Executive Summary\" data-entity-type=\"file\" data-entity-uuid=\"7cf518b6-f678-4e3a-aba4-1109ebe3ed77\" height=\"195.5\" src=\"\/sites\/default\/files\/inline-images\/11-cities-executive-summary-2022.jpg\" width=\"138\" class=\"align-left\" loading=\"lazy\" \/><br \/><strong>La COVID-19 et le travail informel dans 11 villes : R\u00e9sum\u00e9<\/strong> juillet 2022.<\/p>\n<p>English:\u00a0 \u00a0 \u00a0<a class=\"btn btn-orange\" href=\"https:\/\/www.wiego.org\/publications\/covid-19-and-informal-work-11-cities-executive-summary\">R\u00e9sum\u00e9<\/a>\u00a0\u00a0\u00a0\u00a0\u00a0\u00a0 <a class=\"btn btn-orange\" href=\"https:\/\/www.wiego.org\/sites\/default\/files\/publications\/file\/COVID-19%20Executive%20Summary%20Round%202%20for%20web.pdf\">Aller \u00e0 la publication (PDF)<\/a><\/p>\n<p>Espa\u00f1ol:\u00a0 \u00a0\u00a0<a class=\"btn btn-orange\" href=\"\/es\/node\/9075\">R\u00e9sum\u00e9<\/a>\u00a0\u00a0\u00a0\u00a0\u00a0\u00a0 <a class=\"btn btn-orange\" href=\"https:\/\/www.wiego.org\/sites\/default\/files\/publications\/file\/covid-19-la-crisis-continua-11-ciudades.pdf\">Aller \u00e0 la publication (PDF)<\/a><\/p>\n<p>Fran\u00e7ais:\u00a0 \u00a0<a class=\"btn btn-orange\" href=\"\/fr\/node\/9075\">R\u00e9sum\u00e9<\/a>\u00a0\u00a0\u00a0\u00a0\u00a0\u00a0 <a class=\"btn btn-orange\" href=\"https:\/\/www.wiego.org\/sites\/default\/files\/publications\/file\/covid-19-la%20crise-persistante-11-villes.pdf\">Aller \u00e0 la publication (PDF)<\/a><\/p>\n<\/td>\n<\/tr>\n<\/tbody>\n<\/table>\n<table border=\"0\" cellpadding=\"0\" cellspacing=\"0\" style=\"width: 100%;\">\n<tbody>\n<tr>\n<td>\n<p><img decoding=\"async\" alt=\"COVID-19 and the Informal Economy: Round 1 Global Summary thumbnail\" data-entity-type=\"file\" data-entity-uuid=\"170524d4-a92b-4bd2-828a-8fc1d4c87d76\" height=\"195.5\" src=\"\/sites\/default\/files\/inline-images\/COVID-10-Global-Summary_Report-thumbnail.jpg\" width=\"138\" class=\"align-left\" loading=\"lazy\" \/><br \/><strong>COVID-19 Crisis and the Informal Economy: Round 1 Global Summary <\/strong>July 2021. WIEGO.2021.COVID-19 and the Informal Economy: Round 1 Global Summary. Manchester, UK: WIEGO.<\/p>\n<p>\u00a0<\/p>\n<p><a class=\"btn btn-orange\" href=\"https:\/\/www.wiego.org\/publications\/covid-19-and-informal-economy-round-1-global-summary\">R\u00e9sum\u00e9<\/a>\u00a0\u00a0\u00a0\u00a0\u00a0\u00a0 <a class=\"btn btn-orange\" href=\"https:\/\/www.wiego.org\/sites\/default\/files\/publications\/file\/IDRC-WIEGO%20COVID-19%20Study%20Round%201%20Global%20Summary%20for%20web_0.pdf\">Aller \u00e0 la publication (PDF<\/a><\/p>\n<\/td>\n<\/tr>\n<\/tbody>\n<\/table>\n<table border=\"0\" cellpadding=\"0\" cellspacing=\"0\" style=\"width: 100%;\">\n<tbody>\n<tr>\n<td>\n<p><img decoding=\"async\" alt=\"COVID-19 Crisis and the Informal Economy: Executive Summary thumbnail\" data-entity-type=\"file\" data-entity-uuid=\"17586271-d725-491d-8176-7c0b03a02e11\" height=\"195.5\" src=\"\/sites\/default\/files\/inline-images\/COVID-19-Executive-Summary-thumbnail.jpg\" width=\"138\" class=\"align-left\" loading=\"lazy\" \/><br \/><strong>La crise de la COVID-19 et l\u2019\u00e9conomie informelle : R\u00e9sum\u00e9<\/strong> Juillet 2021.<\/p>\n<p>English:\u00a0 \u00a0 \u00a0<a class=\"btn btn-orange\" href=\"https:\/\/www.wiego.org\/publications\/covid-19-crisis-and-informal-economy-executive-summary\">R\u00e9sum\u00e9<\/a>\u00a0\u00a0\u00a0\u00a0\u00a0\u00a0 <a class=\"btn btn-orange\" href=\"https:\/\/www.wiego.org\/sites\/default\/files\/publications\/file\/COVID-19%20Crisis%20-%20Executive%20Summary%20-%20July%202021%20-%20web_0.pdf\">Aller \u00e0 la publication (PDF)<\/a><\/p>\n<p>Espa\u00f1ol:\u00a0 \u00a0\u00a0<a class=\"btn btn-orange\" href=\"https:\/\/www.wiego.org\/publications\/la-crisis-de-la-covid-19-y-la-economia-informal-resumen-ejecutivo\">R\u00e9sum\u00e9<\/a>\u00a0\u00a0\u00a0\u00a0\u00a0\u00a0 <a class=\"btn btn-orange\" href=\"https:\/\/www.wiego.org\/sites\/default\/files\/publications\/file\/La%20crisis%20de%20la%20COVID-19%20-%20Resumen%20ejecutivo%20-%20Julio%202021%20-web_0.pdf\">Aller \u00e0 la publication (PDF)<\/a><\/p>\n<p>Fran\u00e7ais:\u00a0 \u00a0<a class=\"btn btn-orange\" href=\"https:\/\/www.wiego.org\/publications\/la-crise-de-la-covid-19-et-leconomie-informelle-resume\">R\u00e9sum\u00e9<\/a>\u00a0\u00a0\u00a0\u00a0\u00a0\u00a0 <a class=\"btn btn-orange\" href=\"https:\/\/www.wiego.org\/sites\/default\/files\/publications\/file\/La%20crise%20de%20la%20COVID-19%20-%20Re%CC%81sume%CC%81%20-%20Juillet%202021%20-%20web.pdf\">Aller \u00e0 la publication (PDF)<\/a><\/p>\n<\/td>\n<\/tr>\n<\/tbody>\n<\/table>\n<table border=\"0\" cellpadding=\"0\" cellspacing=\"0\" style=\"width: 100%;\">\n<tbody>\n<tr>\n<td>\n<p><img decoding=\"async\" alt=\"COVID-19 and Informal Work: Distinct Pathways of Impact and Recovery in 11 Cities Around the World\" data-entity-type=\"file\" data-entity-uuid=\"c9f4fa96-cc7a-47bc-b87b-71fafdd0fd7d\" height=\"195.5\" src=\"\/sites\/default\/files\/inline-images\/COVID-19_Informal_Work_Distinct_Pathways_of_Impact_and_Recovery_in_11_Cities_Around_the_World.jpg\" width=\"138\" class=\"align-left\" loading=\"lazy\" \/><br \/><strong>COVID-19 and Informal Work: Distinct Pathways of Impact and Recovery in 11 Cities Around the World <\/strong>May 2021. Chen, Marty, Erofili Grapsa, Ghida Ismail, Mike Rogan, Marcela Valdivia, Laura Alfers, Jenna Harvey, Ana Carolina Ogando, Sarah Orleans Reed and Sally Roever. WIEGO Working Paper No. 42<\/p>\n<p><a class=\"btn btn-orange\" href=\"https:\/\/www.wiego.org\/publications\/covid-19-and-informal-work-distinct-pathways-impact-and-recovery-11-cities-around\">R\u00e9sum\u00e9<\/a>\u00a0\u00a0\u00a0\u00a0\u00a0\u00a0 <a class=\"btn btn-orange\" href=\"https:\/\/www.wiego.org\/sites\/default\/files\/publications\/file\/WIEGO_Working%20Paper%20No%2042%20May%202021.pdf\">Aller \u00e0 la publication (PDF)<\/a><\/p>\n<\/td>\n<\/tr>\n<\/tbody>\n<\/table>\n<table border=\"0\" cellpadding=\"0\" cellspacing=\"0\" style=\"width: 100%;\">\n<tbody>\n<tr>\n<td>\n<p><img decoding=\"async\" alt=\"COVID-19 and informal work: Evidence from 11 cities thumbnail\" data-entity-type=\"file\" data-entity-uuid=\"85c09342-828c-46ea-8e03-91654a0adfa6\" height=\"195.5\" src=\"\/sites\/default\/files\/inline-images\/COVID-19_and_informal_work-_Evidence_from_11_cities_thumbnail.jpg\" width=\"138\" class=\"align-left\" loading=\"lazy\" \/><br \/><strong>COVID-19 and informal work: Evidence from 11 cities<\/strong> &#8211; 26 June 2021.<\/p>\n<p>Chen, M., Grapsa, E., Ismail, G., Rogan, M., Valdivia, M., Alfers, L., Harvey, J., Ogando, A.C., Reed, S.O. and Roever, S. (2021), COVID-19 and informal work: Evidence from 11 cities. International Labour Review. Accepted Author Manuscript. <a href=\"https:\/\/doi.org\/10.1111\/ilr.12221\">https:\/\/doi.org\/10.1111\/ilr.12221<\/a><\/p>\n<p>This article presents the findings of a study in 11 cities across five geographic regions on the impacts of the COVID-19 crisis on different groups of informal workers and their households. Four domains of impact are detailed: impact on work and income, food and hunger, care and other household responsibilities and on the coping strategies of informal workers households. The article also compares the role of government and of organizations of informal workers in providing relief and other support to informal workers and considers worker demands for a better deal for informal workers going forward.<\/p>\n<p><a class=\"btn btn-orange\" href=\"https:\/\/onlinelibrary.wiley.com\/doi\/full\/10.1111\/ilr.12221\">Lien externe avec paywall<\/a><\/p>\n<\/td>\n<\/tr>\n<\/tbody>\n<\/table>\n<hr \/>\n<h3>Demandes m\u00e9diatiques\u00a0:<\/h3>\n<p>G\u00e9n\u00e9ral\u00a0: <a href=\"mailto:Media@wiego.org\">media@wiego.org<\/a><\/p>\n<p>Contact (anglais)\u00a0: Nicole Pryor, <a href=\"mailto:nicole.pryor@wiego.org\">nicole.pryor@wiego.org<\/a> ou +64 27 239 2575 (NZT)<br \/>\nContact (espagnol)\u00a0: Graciela Mora, <a href=\"mailto:graciela.mora@wiego.org\">graciela.mora@wiego.org<\/a> ou +506 8358 5592 (UTC\/GMT -6 heures)<\/p>\n<hr \/>\n<p class=\"text-align-center\"><a class=\"btn btn-orange\" href=\"https:\/\/www.wiego.org\/fr\/etude-sur-la-crise-de-la-covid-19-et-leconomie-informelle\">\u00c9tude sur la crise de la COVID-19 et l&#8217;\u00e9conomie informelle<\/a><\/p>\n","protected":false},"excerpt":{"rendered":"<p>Constatations globales :<\/p>\n<p>L&#8217;\u00e9tude sur la crise de la COVID-19 et l&#8217;\u00e9conomie informelle est une \u00e9tude longitudinale multi-villes coordonn\u00e9e par WIEGO qui \u00e9value l&#8217;impact de la crise de la COVID-19 sur des groupes professionnels sp\u00e9cifiques de travailleuse\u00b7eur\u00b7s de l\u2019informel et leurs m\u00e9nages, en mettant l&#8217;accent sur les travailleuses domestiques, les travailleuse\u00b7eur\u00b7s \u00e0 domicile, les vendeuse\u00b7eur\u00b7s de rue et les r\u00e9cup\u00e9ratrice\u00b7eur\u00b7s de mat\u00e9riaux.<\/p>\n","protected":false},"author":2,"featured_media":18782,"parent":0,"menu_order":0,"comment_status":"closed","ping_status":"closed","template":"","meta":{"_acf_changed":false,"_relevanssi_hide_post":"","_relevanssi_hide_content":"","_relevanssi_pin_for_all":"","_relevanssi_pin_keywords":"","_relevanssi_unpin_keywords":"","_relevanssi_related_keywords":"","_relevanssi_related_include_ids":"","_relevanssi_related_exclude_ids":"","_relevanssi_related_no_append":"","_relevanssi_related_not_related":"","_relevanssi_related_posts":"","_relevanssi_noindex_reason":"","footnotes":""},"class_list":["post-26131","page","type-page","status-publish","has-post-thumbnail","hentry","economy-theme-estudio-crisis-covid-19","economy-theme-histoire-debats-theorie","economy-theme-moyens-de-subsistance","economy-theme-plaidoyer-negociations-mondial"],"acf":[],"yoast_head":"<!-- This site is optimized with the Yoast SEO Premium plugin v23.8 (Yoast SEO v27.0) - https:\/\/yoast.com\/product\/yoast-seo-premium-wordpress\/ -->\n<title>\u00c9tude sur la crise de la COVID-19 et l&#039;\u00e9conomie informelle : Constatations globales - WIEGO<\/title>\n<meta name=\"robots\" content=\"index, follow, max-snippet:-1, max-image-preview:large, max-video-preview:-1\" \/>\n<link rel=\"canonical\" href=\"https:\/\/www.wiego.org\/fr\/etude-sur-la-crise-de-la-covid-19-et-leconomie-informelle-constatations-globales\/\" \/>\n<meta property=\"og:locale\" content=\"fr_FR\" \/>\n<meta property=\"og:type\" content=\"article\" \/>\n<meta property=\"og:title\" content=\"\u00c9tude sur la crise de la COVID-19 et l&#039;\u00e9conomie informelle : Constatations globales\" \/>\n<meta property=\"og:description\" content=\"Constatations globales : L&#039;\u00e9tude sur la crise de la COVID-19 et l&#039;\u00e9conomie informelle est une \u00e9tude longitudinale multi-villes coordonn\u00e9e par WIEGO qui \u00e9value l&#039;impact de la crise de la COVID-19 sur des groupes professionnels sp\u00e9cifiques de travailleuse\u00b7eur\u00b7s de l\u2019informel et leurs m\u00e9nages, en mettant l&#039;accent sur les travailleuses domestiques, les travailleuse\u00b7eur\u00b7s \u00e0 domicile, les vendeuse\u00b7eur\u00b7s de rue et les r\u00e9cup\u00e9ratrice\u00b7eur\u00b7s de mat\u00e9riaux.\" \/>\n<meta property=\"og:url\" content=\"https:\/\/www.wiego.org\/fr\/etude-sur-la-crise-de-la-covid-19-et-leconomie-informelle-constatations-globales\/\" \/>\n<meta property=\"og:site_name\" content=\"WIEGO\" \/>\n<meta property=\"article:publisher\" content=\"https:\/\/www.facebook.com\/wiegoglobal\/\" \/>\n<meta property=\"article:modified_time\" content=\"2024-07-11T14:44:32+00:00\" \/>\n<meta property=\"og:image\" content=\"https:\/\/www.wiego.org\/wp-content\/uploads\/2021\/12\/Policy_Insights_No_8_Hero.jpg\" \/>\n\t<meta property=\"og:image:width\" content=\"1140\" \/>\n\t<meta property=\"og:image:height\" content=\"430\" \/>\n\t<meta property=\"og:image:type\" content=\"image\/jpeg\" \/>\n<meta name=\"twitter:card\" content=\"summary_large_image\" \/>\n<meta name=\"twitter:site\" content=\"@wiegoglobal\" \/>\n<meta name=\"twitter:label1\" content=\"Est. reading time\" \/>\n\t<meta name=\"twitter:data1\" content=\"3 minutes\" \/>\n<script type=\"application\/ld+json\" class=\"yoast-schema-graph\">{\"@context\":\"https:\/\/schema.org\",\"@graph\":[{\"@type\":\"WebPage\",\"@id\":\"https:\/\/www.wiego.org\/fr\/etude-sur-la-crise-de-la-covid-19-et-leconomie-informelle-constatations-globales\/\",\"url\":\"https:\/\/www.wiego.org\/fr\/etude-sur-la-crise-de-la-covid-19-et-leconomie-informelle-constatations-globales\/\",\"name\":\"\u00c9tude sur la crise de la COVID-19 et l'\u00e9conomie informelle : Constatations globales - WIEGO\",\"isPartOf\":{\"@id\":\"https:\/\/www.wiego.org\/fr\/#website\"},\"primaryImageOfPage\":{\"@id\":\"https:\/\/www.wiego.org\/fr\/etude-sur-la-crise-de-la-covid-19-et-leconomie-informelle-constatations-globales\/#primaryimage\"},\"image\":{\"@id\":\"https:\/\/www.wiego.org\/fr\/etude-sur-la-crise-de-la-covid-19-et-leconomie-informelle-constatations-globales\/#primaryimage\"},\"thumbnailUrl\":\"https:\/\/www.wiego.org\/wp-content\/uploads\/2021\/12\/Policy_Insights_No_8_Hero.jpg\",\"datePublished\":\"2020-12-15T21:07:07+00:00\",\"dateModified\":\"2024-07-11T14:44:32+00:00\",\"breadcrumb\":{\"@id\":\"https:\/\/www.wiego.org\/fr\/etude-sur-la-crise-de-la-covid-19-et-leconomie-informelle-constatations-globales\/#breadcrumb\"},\"inLanguage\":\"fr-FR\",\"potentialAction\":[{\"@type\":\"ReadAction\",\"target\":[\"https:\/\/www.wiego.org\/fr\/etude-sur-la-crise-de-la-covid-19-et-leconomie-informelle-constatations-globales\/\"]}]},{\"@type\":\"ImageObject\",\"inLanguage\":\"fr-FR\",\"@id\":\"https:\/\/www.wiego.org\/fr\/etude-sur-la-crise-de-la-covid-19-et-leconomie-informelle-constatations-globales\/#primaryimage\",\"url\":\"https:\/\/www.wiego.org\/wp-content\/uploads\/2021\/12\/Policy_Insights_No_8_Hero.jpg\",\"contentUrl\":\"https:\/\/www.wiego.org\/wp-content\/uploads\/2021\/12\/Policy_Insights_No_8_Hero.jpg\",\"width\":1140,\"height\":430,\"caption\":\"Four working women wearing masks\"},{\"@type\":\"WebSite\",\"@id\":\"https:\/\/www.wiego.org\/fr\/#website\",\"url\":\"https:\/\/www.wiego.org\/fr\/\",\"name\":\"WIEGO\",\"description\":\"\",\"publisher\":{\"@id\":\"https:\/\/www.wiego.org\/fr\/#organization\"},\"potentialAction\":[{\"@type\":\"SearchAction\",\"target\":{\"@type\":\"EntryPoint\",\"urlTemplate\":\"https:\/\/www.wiego.org\/fr\/?s={search_term_string}\"},\"query-input\":{\"@type\":\"PropertyValueSpecification\",\"valueRequired\":true,\"valueName\":\"search_term_string\"}}],\"inLanguage\":\"fr-FR\"},{\"@type\":\"Organization\",\"@id\":\"https:\/\/www.wiego.org\/fr\/#organization\",\"name\":\"WIEGO\",\"url\":\"https:\/\/www.wiego.org\/fr\/\",\"logo\":{\"@type\":\"ImageObject\",\"inLanguage\":\"fr-FR\",\"@id\":\"https:\/\/www.wiego.org\/fr\/#\/schema\/logo\/image\/\",\"url\":\"https:\/\/www.wiego.org\/wp-content\/uploads\/2024\/12\/logo.svg\",\"contentUrl\":\"https:\/\/www.wiego.org\/wp-content\/uploads\/2024\/12\/logo.svg\",\"width\":142,\"height\":90,\"caption\":\"WIEGO\"},\"image\":{\"@id\":\"https:\/\/www.wiego.org\/fr\/#\/schema\/logo\/image\/\"},\"sameAs\":[\"https:\/\/www.facebook.com\/wiegoglobal\/\",\"https:\/\/x.com\/wiegoglobal\",\"https:\/\/www.linkedin.com\/company\/wiego\/\",\"https:\/\/www.youtube.com\/user\/wiegoglobal\"],\"description\":\"WIEGO is a global network that supports the movement of workers in informal employment.\"},{\"@type\":\"BreadcrumbList\",\"itemListElement\":[{\"@type\":\"ListItem\",\"position\":1,\"item\":{\"@id\":\"https:\/\/www.wiego.org\/fr\/\",\"name\":\"WIEGO\"}},{\"@type\":\"ListItem\",\"position\":2,\"item\":{\"@id\":\"https:\/\/www.wiego.org\/fr\/blog\/\",\"name\":\"Blog WIEGO\"}}],\"@id\":\"\/#breadcrumb\"}]}<\/script>\n<!-- \/ Yoast SEO Premium plugin. -->","yoast_head_json":{"title":"\u00c9tude sur la crise de la COVID-19 et l'\u00e9conomie informelle : Constatations globales - WIEGO","robots":{"index":"index","follow":"follow","max-snippet":"max-snippet:-1","max-image-preview":"max-image-preview:large","max-video-preview":"max-video-preview:-1"},"canonical":"https:\/\/www.wiego.org\/fr\/etude-sur-la-crise-de-la-covid-19-et-leconomie-informelle-constatations-globales\/","og_locale":"fr_FR","og_type":"article","og_title":"\u00c9tude sur la crise de la COVID-19 et l'\u00e9conomie informelle : Constatations globales","og_description":"Constatations globales : L'\u00e9tude sur la crise de la COVID-19 et l'\u00e9conomie informelle est une \u00e9tude longitudinale multi-villes coordonn\u00e9e par WIEGO qui \u00e9value l'impact de la crise de la COVID-19 sur des groupes professionnels sp\u00e9cifiques de travailleuse\u00b7eur\u00b7s de l\u2019informel et leurs m\u00e9nages, en mettant l'accent sur les travailleuses domestiques, les travailleuse\u00b7eur\u00b7s \u00e0 domicile, les vendeuse\u00b7eur\u00b7s de rue et les r\u00e9cup\u00e9ratrice\u00b7eur\u00b7s de mat\u00e9riaux.","og_url":"https:\/\/www.wiego.org\/fr\/etude-sur-la-crise-de-la-covid-19-et-leconomie-informelle-constatations-globales\/","og_site_name":"WIEGO","article_publisher":"https:\/\/www.facebook.com\/wiegoglobal\/","article_modified_time":"2024-07-11T14:44:32+00:00","og_image":[{"width":1140,"height":430,"url":"https:\/\/www.wiego.org\/wp-content\/uploads\/2021\/12\/Policy_Insights_No_8_Hero.jpg","type":"image\/jpeg"}],"twitter_card":"summary_large_image","twitter_site":"@wiegoglobal","twitter_misc":{"Est. reading time":"3 minutes"},"schema":{"@context":"https:\/\/schema.org","@graph":[{"@type":"WebPage","@id":"https:\/\/www.wiego.org\/fr\/etude-sur-la-crise-de-la-covid-19-et-leconomie-informelle-constatations-globales\/","url":"https:\/\/www.wiego.org\/fr\/etude-sur-la-crise-de-la-covid-19-et-leconomie-informelle-constatations-globales\/","name":"\u00c9tude sur la crise de la COVID-19 et l'\u00e9conomie informelle : Constatations globales - WIEGO","isPartOf":{"@id":"https:\/\/www.wiego.org\/fr\/#website"},"primaryImageOfPage":{"@id":"https:\/\/www.wiego.org\/fr\/etude-sur-la-crise-de-la-covid-19-et-leconomie-informelle-constatations-globales\/#primaryimage"},"image":{"@id":"https:\/\/www.wiego.org\/fr\/etude-sur-la-crise-de-la-covid-19-et-leconomie-informelle-constatations-globales\/#primaryimage"},"thumbnailUrl":"https:\/\/www.wiego.org\/wp-content\/uploads\/2021\/12\/Policy_Insights_No_8_Hero.jpg","datePublished":"2020-12-15T21:07:07+00:00","dateModified":"2024-07-11T14:44:32+00:00","breadcrumb":{"@id":"https:\/\/www.wiego.org\/fr\/etude-sur-la-crise-de-la-covid-19-et-leconomie-informelle-constatations-globales\/#breadcrumb"},"inLanguage":"fr-FR","potentialAction":[{"@type":"ReadAction","target":["https:\/\/www.wiego.org\/fr\/etude-sur-la-crise-de-la-covid-19-et-leconomie-informelle-constatations-globales\/"]}]},{"@type":"ImageObject","inLanguage":"fr-FR","@id":"https:\/\/www.wiego.org\/fr\/etude-sur-la-crise-de-la-covid-19-et-leconomie-informelle-constatations-globales\/#primaryimage","url":"https:\/\/www.wiego.org\/wp-content\/uploads\/2021\/12\/Policy_Insights_No_8_Hero.jpg","contentUrl":"https:\/\/www.wiego.org\/wp-content\/uploads\/2021\/12\/Policy_Insights_No_8_Hero.jpg","width":1140,"height":430,"caption":"Four working women wearing masks"},{"@type":"WebSite","@id":"https:\/\/www.wiego.org\/fr\/#website","url":"https:\/\/www.wiego.org\/fr\/","name":"WIEGO","description":"","publisher":{"@id":"https:\/\/www.wiego.org\/fr\/#organization"},"potentialAction":[{"@type":"SearchAction","target":{"@type":"EntryPoint","urlTemplate":"https:\/\/www.wiego.org\/fr\/?s={search_term_string}"},"query-input":{"@type":"PropertyValueSpecification","valueRequired":true,"valueName":"search_term_string"}}],"inLanguage":"fr-FR"},{"@type":"Organization","@id":"https:\/\/www.wiego.org\/fr\/#organization","name":"WIEGO","url":"https:\/\/www.wiego.org\/fr\/","logo":{"@type":"ImageObject","inLanguage":"fr-FR","@id":"https:\/\/www.wiego.org\/fr\/#\/schema\/logo\/image\/","url":"https:\/\/www.wiego.org\/wp-content\/uploads\/2024\/12\/logo.svg","contentUrl":"https:\/\/www.wiego.org\/wp-content\/uploads\/2024\/12\/logo.svg","width":142,"height":90,"caption":"WIEGO"},"image":{"@id":"https:\/\/www.wiego.org\/fr\/#\/schema\/logo\/image\/"},"sameAs":["https:\/\/www.facebook.com\/wiegoglobal\/","https:\/\/x.com\/wiegoglobal","https:\/\/www.linkedin.com\/company\/wiego\/","https:\/\/www.youtube.com\/user\/wiegoglobal"],"description":"WIEGO is a global network that supports the movement of workers in informal employment."},{"@type":"BreadcrumbList","itemListElement":[{"@type":"ListItem","position":1,"item":{"@id":"https:\/\/www.wiego.org\/fr\/","name":"WIEGO"}},{"@type":"ListItem","position":2,"item":{"@id":"https:\/\/www.wiego.org\/fr\/blog\/","name":"Blog WIEGO"}}],"@id":"\/#breadcrumb"}]}},"_links":{"self":[{"href":"https:\/\/www.wiego.org\/fr\/wp-json\/wp\/v2\/pages\/26131","targetHints":{"allow":["GET"]}}],"collection":[{"href":"https:\/\/www.wiego.org\/fr\/wp-json\/wp\/v2\/pages"}],"about":[{"href":"https:\/\/www.wiego.org\/fr\/wp-json\/wp\/v2\/types\/page"}],"author":[{"embeddable":true,"href":"https:\/\/www.wiego.org\/fr\/wp-json\/wp\/v2\/users\/2"}],"replies":[{"embeddable":true,"href":"https:\/\/www.wiego.org\/fr\/wp-json\/wp\/v2\/comments?post=26131"}],"version-history":[{"count":0,"href":"https:\/\/www.wiego.org\/fr\/wp-json\/wp\/v2\/pages\/26131\/revisions"}],"wp:featuredmedia":[{"embeddable":true,"href":"https:\/\/www.wiego.org\/fr\/wp-json\/wp\/v2\/media\/18782"}],"wp:attachment":[{"href":"https:\/\/www.wiego.org\/fr\/wp-json\/wp\/v2\/media?parent=26131"}],"curies":[{"name":"wp","href":"https:\/\/api.w.org\/{rel}","templated":true}]}}