{"id":26107,"date":"2019-08-08T14:11:27","date_gmt":"2019-08-08T18:11:27","guid":{"rendered":"https:\/\/wiego.local\/fr-politiques-urbaines-past-activities\/"},"modified":"2024-07-11T10:44:31","modified_gmt":"2024-07-11T14:44:31","slug":"politiques-urbaines-past-activities","status":"publish","type":"page","link":"https:\/\/www.wiego.org\/fr\/politiques-urbaines-past-activities\/","title":{"rendered":"Politiques urbaines : Past Activities"},"content":{"rendered":"<p><img decoding=\"async\" alt=\"head porter\" data-entity-type=\"file\" data-entity-uuid=\"6b3931e7-cc65-432c-bc9c-da9f60a497d3\" height=\"319\" src=\"\/sites\/default\/files\/inline-images\/UrbanPolicies_ActivitiesAccomplishments.jpg\" width=\"303\" class=\"align-left\" loading=\"lazy\" \/><\/p>\n<p><a data-entity-substitution=\"canonical\" data-entity-type=\"node\" data-entity-uuid=\"43748836-fcbb-45fe-9640-702304046999\" href=\"\/inclusive-cities-project\">Le Projet villes inclusives<\/a>\u00a0: le PPU a \u00e9t\u00e9 essentiel \u00e0 la mise en \u0153uvre d\u2019un projet multinational qui s\u2019est d\u00e9roul\u00e9 de 2008-14 avec des partenaires d\u2019Asie, d\u2019Afrique et d\u2019Am\u00e9rique latine. <a data-entity-substitution=\"canonical\" data-entity-type=\"node\" data-entity-uuid=\"43748836-fcbb-45fe-9640-702304046999\" href=\"\/inclusive-cities-project\">Cliquez ici pour en savoir plus<\/a>. <a data-entity-substitution=\"canonical\" data-entity-type=\"node\" data-entity-uuid=\"f6cb5f84-727d-49b6-9672-14845557e1b8\" href=\"\/publications\/building-inclusive-cities-highlights-inclusive-cities-project\">Construire des villes inclusives\u00a0: Faits saillants du Projet des villes inclusives,<\/a> refl\u00e8te les impacts du projet.<\/p>\n<p><a data-entity-substitution=\"canonical\" data-entity-type=\"node\" data-entity-uuid=\"2b9a2ef3-e7ef-4c78-9690-df632c0b5ac2\" href=\"\/informal-economy-monitoring-study-iems\">\u00c9tude sur l\u2019\u00e9conomie informelle<\/a>\u00a0: Cette \u00e9tude de dix villes a \u00e9valu\u00e9 les r\u00e9alit\u00e9s auxquelles les travailleuse\u00b7eur\u00b7s de l\u2019informel sont confront\u00e9\u00b7e\u00b7s. Les recherches qualitatives et quantitatives effectu\u00e9es en 2012 se sont combin\u00e9es pour offrir une compr\u00e9hension approfondie de la fa\u00e7on dont les travailleuse\u00b7eur\u00b7s \u00e0 domicile, les vendeuse\u00b7eur\u00b7s de rue et les r\u00e9cup\u00e9ratrice\u00b7eur\u00b7s de mat\u00e9riaux sont touch\u00e9\u00b7e\u00b7s par les tendances \u00e9conomiques, les politiques et les pratiques urbaines, la dynamique de la cha\u00eene de valeur et d\u2019autres forces \u00e9conomiques et sociales. \u00c0 ce jour, aucune autre \u00e9tude n\u2019a rendu ces moteurs visibles \u00e0 la fois pour les travailleuse\u00b7eu\u00b7rs de l\u2019\u00e9conomie informelle et pour les d\u00e9cideuse\u00b7eur\u00b7s politiques gr\u00e2ce \u00e0 des recherches comparatives syst\u00e9matiques combinant des m\u00e9thodes qualitatives (participatives) et quantitatives. L\u2019IEMS est \u00e9galement unique en ce qu\u2019elle met les r\u00e9sultats de la recherche entre les mains des travailleuse\u00b7eur\u00b7s de l\u2019\u00e9conomie informelle et de leurs organisations.<\/p>\n<p><a data-entity-substitution=\"canonical\" data-entity-type=\"node\" data-entity-uuid=\"1a7fd899-b15c-4908-a49a-a60baaea1c27\" href=\"\/informal-economy-budget-analysis\">Analyse budg\u00e9taire de l\u2019\u00e9conomie informelle<\/a>\u00a0: Initi\u00e9e par le mouvement des femmes, l\u2019interrogation de l\u2019allocation des ressources dans les budgets gouvernementaux s\u2019est av\u00e9r\u00e9e \u00eatre un puissant outil d\u2019analyse des politiques et de plaidoyer. WIEGO s\u2019est efforc\u00e9 d\u2019adapter ces techniques \u00e0 l\u2019\u00e9conomie informelle. L\u2019analyse des allocations budg\u00e9taires pour les travailleuse\u00b7eur\u00b7s de l\u2019\u00e9conomie informelle a \u00e9t\u00e9 effectu\u00e9e au Br\u00e9sil, au Pakistan, au P\u00e9rou et aux Philippines et, plus r\u00e9cemment, \u00e0 Accra (Ghana) et \u00e0 Durban (Afrique du Sud).<\/p>\n<p><a data-entity-substitution=\"canonical\" data-entity-type=\"node\" data-entity-uuid=\"e6f8fba5-68a4-4a56-8dca-ce7edb39039f\" href=\"https:\/\/www.wiego.org\/fr\/politiques-urbaines-past-activities\/\">Premiers travaux de WIEGO sur la vente de rue<\/a>\u00a0: le PPU a termin\u00e9 une s\u00e9rie de projets de recherche comparative sur le statut des vendeuse\u00b7eur\u00b7s de rue et des associations de vendeuse\u00b7eur\u00b7s de rue dans le contexte de l\u2019environnement r\u00e9glementaire urbain. Cette \u00e9tude a \u00e9t\u00e9 suivie d\u2019une s\u00e9rie de dialogues politiques locaux, nationaux et internationaux pour diffuser les r\u00e9sultats et les le\u00e7ons de ces \u00e9tudes.<\/p>\n","protected":false},"excerpt":{"rendered":"<p>Le Projet villes inclusives\u00a0: le PPU a \u00e9t\u00e9 essentiel \u00e0 la mise en \u0153uvre d\u2019un projet multinational qui s\u2019est d\u00e9roul\u00e9 de 2008-14 avec des partenaires d\u2019Asie, d\u2019Afrique et d\u2019Am\u00e9rique latine. Cliquez ici pour en savoir plus. Construire des villes inclusives\u00a0: Faits saillants du Projet des villes inclusives, refl\u00e8te les impacts du projet. \u00c9tude sur l\u2019\u00e9conomie [&hellip;]<\/p>\n","protected":false},"author":2,"featured_media":0,"parent":0,"menu_order":0,"comment_status":"closed","ping_status":"closed","template":"","meta":{"_acf_changed":false,"_relevanssi_hide_post":"","_relevanssi_hide_content":"","_relevanssi_pin_for_all":"","_relevanssi_pin_keywords":"","_relevanssi_unpin_keywords":"","_relevanssi_related_keywords":"","_relevanssi_related_include_ids":"","_relevanssi_related_exclude_ids":"","_relevanssi_related_no_append":"","_relevanssi_related_not_related":"","_relevanssi_related_posts":"","_relevanssi_noindex_reason":"","footnotes":""},"class_list":["post-26107","page","type-page","status-publish","hentry","economy-theme-planification-conception-urbaines"],"acf":[],"yoast_head":"<!-- This site is optimized with the Yoast SEO Premium plugin v23.8 (Yoast SEO v27.0) - https:\/\/yoast.com\/product\/yoast-seo-premium-wordpress\/ -->\n<title>Politiques urbaines : Past Activities - WIEGO<\/title>\n<meta name=\"robots\" content=\"index, follow, max-snippet:-1, max-image-preview:large, max-video-preview:-1\" \/>\n<link rel=\"canonical\" href=\"https:\/\/www.wiego.org\/fr\/politiques-urbaines-past-activities\/\" \/>\n<meta property=\"og:locale\" content=\"fr_FR\" \/>\n<meta property=\"og:type\" content=\"article\" \/>\n<meta property=\"og:title\" content=\"Politiques urbaines : Past Activities\" \/>\n<meta property=\"og:description\" content=\"Le Projet villes inclusives\u00a0: le PPU a \u00e9t\u00e9 essentiel \u00e0 la mise en \u0153uvre d\u2019un projet multinational qui s\u2019est d\u00e9roul\u00e9 de 2008-14 avec des partenaires d\u2019Asie, d\u2019Afrique et d\u2019Am\u00e9rique latine. Cliquez ici pour en savoir plus. Construire des villes inclusives\u00a0: Faits saillants du Projet des villes inclusives, refl\u00e8te les impacts du projet. \u00c9tude sur l\u2019\u00e9conomie [&hellip;]\" \/>\n<meta property=\"og:url\" content=\"https:\/\/www.wiego.org\/fr\/politiques-urbaines-past-activities\/\" \/>\n<meta property=\"og:site_name\" content=\"WIEGO\" \/>\n<meta property=\"article:publisher\" content=\"https:\/\/www.facebook.com\/wiegoglobal\/\" \/>\n<meta property=\"article:modified_time\" content=\"2024-07-11T14:44:31+00:00\" \/>\n<meta property=\"og:image\" content=\"https:\/\/www.wiego.org\/wp-content\/uploads\/2024\/12\/WIEGO_Open-Graph_option-1-1024x538.png\" \/>\n\t<meta property=\"og:image:width\" content=\"1024\" \/>\n\t<meta property=\"og:image:height\" content=\"538\" \/>\n\t<meta property=\"og:image:type\" content=\"image\/png\" \/>\n<meta name=\"twitter:card\" content=\"summary_large_image\" \/>\n<meta name=\"twitter:site\" content=\"@wiegoglobal\" \/>\n<meta name=\"twitter:label1\" content=\"Est. reading time\" \/>\n\t<meta name=\"twitter:data1\" content=\"2 minutes\" \/>\n<script type=\"application\/ld+json\" class=\"yoast-schema-graph\">{\"@context\":\"https:\/\/schema.org\",\"@graph\":[{\"@type\":\"WebPage\",\"@id\":\"https:\/\/www.wiego.org\/fr\/politiques-urbaines-past-activities\/\",\"url\":\"https:\/\/www.wiego.org\/fr\/politiques-urbaines-past-activities\/\",\"name\":\"Politiques urbaines : Past Activities - WIEGO\",\"isPartOf\":{\"@id\":\"https:\/\/www.wiego.org\/fr\/#website\"},\"datePublished\":\"2019-08-08T18:11:27+00:00\",\"dateModified\":\"2024-07-11T14:44:31+00:00\",\"breadcrumb\":{\"@id\":\"https:\/\/www.wiego.org\/fr\/politiques-urbaines-past-activities\/#breadcrumb\"},\"inLanguage\":\"fr-FR\",\"potentialAction\":[{\"@type\":\"ReadAction\",\"target\":[\"https:\/\/www.wiego.org\/fr\/politiques-urbaines-past-activities\/\"]}]},{\"@type\":\"WebSite\",\"@id\":\"https:\/\/www.wiego.org\/fr\/#website\",\"url\":\"https:\/\/www.wiego.org\/fr\/\",\"name\":\"WIEGO\",\"description\":\"\",\"publisher\":{\"@id\":\"https:\/\/www.wiego.org\/fr\/#organization\"},\"potentialAction\":[{\"@type\":\"SearchAction\",\"target\":{\"@type\":\"EntryPoint\",\"urlTemplate\":\"https:\/\/www.wiego.org\/fr\/?s={search_term_string}\"},\"query-input\":{\"@type\":\"PropertyValueSpecification\",\"valueRequired\":true,\"valueName\":\"search_term_string\"}}],\"inLanguage\":\"fr-FR\"},{\"@type\":\"Organization\",\"@id\":\"https:\/\/www.wiego.org\/fr\/#organization\",\"name\":\"WIEGO\",\"url\":\"https:\/\/www.wiego.org\/fr\/\",\"logo\":{\"@type\":\"ImageObject\",\"inLanguage\":\"fr-FR\",\"@id\":\"https:\/\/www.wiego.org\/fr\/#\/schema\/logo\/image\/\",\"url\":\"https:\/\/www.wiego.org\/wp-content\/uploads\/2024\/12\/logo.svg\",\"contentUrl\":\"https:\/\/www.wiego.org\/wp-content\/uploads\/2024\/12\/logo.svg\",\"width\":142,\"height\":90,\"caption\":\"WIEGO\"},\"image\":{\"@id\":\"https:\/\/www.wiego.org\/fr\/#\/schema\/logo\/image\/\"},\"sameAs\":[\"https:\/\/www.facebook.com\/wiegoglobal\/\",\"https:\/\/x.com\/wiegoglobal\",\"https:\/\/www.linkedin.com\/company\/wiego\/\",\"https:\/\/www.youtube.com\/user\/wiegoglobal\"],\"description\":\"WIEGO is a global network that supports the movement of workers in informal employment.\"},{\"@type\":\"BreadcrumbList\",\"itemListElement\":[{\"@type\":\"ListItem\",\"position\":1,\"item\":{\"@id\":\"https:\/\/www.wiego.org\/fr\/\",\"name\":\"WIEGO\"}},{\"@type\":\"ListItem\",\"position\":2,\"item\":{\"@id\":\"https:\/\/www.wiego.org\/fr\/blog\/\",\"name\":\"Blog WIEGO\"}}],\"@id\":\"\/#breadcrumb\"}]}<\/script>\n<!-- \/ Yoast SEO Premium plugin. -->","yoast_head_json":{"title":"Politiques urbaines : Past Activities - WIEGO","robots":{"index":"index","follow":"follow","max-snippet":"max-snippet:-1","max-image-preview":"max-image-preview:large","max-video-preview":"max-video-preview:-1"},"canonical":"https:\/\/www.wiego.org\/fr\/politiques-urbaines-past-activities\/","og_locale":"fr_FR","og_type":"article","og_title":"Politiques urbaines : Past Activities","og_description":"Le Projet villes inclusives\u00a0: le PPU a \u00e9t\u00e9 essentiel \u00e0 la mise en \u0153uvre d\u2019un projet multinational qui s\u2019est d\u00e9roul\u00e9 de 2008-14 avec des partenaires d\u2019Asie, d\u2019Afrique et d\u2019Am\u00e9rique latine. Cliquez ici pour en savoir plus. Construire des villes inclusives\u00a0: Faits saillants du Projet des villes inclusives, refl\u00e8te les impacts du projet. \u00c9tude sur l\u2019\u00e9conomie [&hellip;]","og_url":"https:\/\/www.wiego.org\/fr\/politiques-urbaines-past-activities\/","og_site_name":"WIEGO","article_publisher":"https:\/\/www.facebook.com\/wiegoglobal\/","article_modified_time":"2024-07-11T14:44:31+00:00","og_image":[{"width":1024,"height":538,"url":"https:\/\/www.wiego.org\/wp-content\/uploads\/2024\/12\/WIEGO_Open-Graph_option-1-1024x538.png","type":"image\/png"}],"twitter_card":"summary_large_image","twitter_site":"@wiegoglobal","twitter_misc":{"Est. reading time":"2 minutes"},"schema":{"@context":"https:\/\/schema.org","@graph":[{"@type":"WebPage","@id":"https:\/\/www.wiego.org\/fr\/politiques-urbaines-past-activities\/","url":"https:\/\/www.wiego.org\/fr\/politiques-urbaines-past-activities\/","name":"Politiques urbaines : Past Activities - WIEGO","isPartOf":{"@id":"https:\/\/www.wiego.org\/fr\/#website"},"datePublished":"2019-08-08T18:11:27+00:00","dateModified":"2024-07-11T14:44:31+00:00","breadcrumb":{"@id":"https:\/\/www.wiego.org\/fr\/politiques-urbaines-past-activities\/#breadcrumb"},"inLanguage":"fr-FR","potentialAction":[{"@type":"ReadAction","target":["https:\/\/www.wiego.org\/fr\/politiques-urbaines-past-activities\/"]}]},{"@type":"WebSite","@id":"https:\/\/www.wiego.org\/fr\/#website","url":"https:\/\/www.wiego.org\/fr\/","name":"WIEGO","description":"","publisher":{"@id":"https:\/\/www.wiego.org\/fr\/#organization"},"potentialAction":[{"@type":"SearchAction","target":{"@type":"EntryPoint","urlTemplate":"https:\/\/www.wiego.org\/fr\/?s={search_term_string}"},"query-input":{"@type":"PropertyValueSpecification","valueRequired":true,"valueName":"search_term_string"}}],"inLanguage":"fr-FR"},{"@type":"Organization","@id":"https:\/\/www.wiego.org\/fr\/#organization","name":"WIEGO","url":"https:\/\/www.wiego.org\/fr\/","logo":{"@type":"ImageObject","inLanguage":"fr-FR","@id":"https:\/\/www.wiego.org\/fr\/#\/schema\/logo\/image\/","url":"https:\/\/www.wiego.org\/wp-content\/uploads\/2024\/12\/logo.svg","contentUrl":"https:\/\/www.wiego.org\/wp-content\/uploads\/2024\/12\/logo.svg","width":142,"height":90,"caption":"WIEGO"},"image":{"@id":"https:\/\/www.wiego.org\/fr\/#\/schema\/logo\/image\/"},"sameAs":["https:\/\/www.facebook.com\/wiegoglobal\/","https:\/\/x.com\/wiegoglobal","https:\/\/www.linkedin.com\/company\/wiego\/","https:\/\/www.youtube.com\/user\/wiegoglobal"],"description":"WIEGO is a global network that supports the movement of workers in informal employment."},{"@type":"BreadcrumbList","itemListElement":[{"@type":"ListItem","position":1,"item":{"@id":"https:\/\/www.wiego.org\/fr\/","name":"WIEGO"}},{"@type":"ListItem","position":2,"item":{"@id":"https:\/\/www.wiego.org\/fr\/blog\/","name":"Blog WIEGO"}}],"@id":"\/#breadcrumb"}]}},"_links":{"self":[{"href":"https:\/\/www.wiego.org\/fr\/wp-json\/wp\/v2\/pages\/26107","targetHints":{"allow":["GET"]}}],"collection":[{"href":"https:\/\/www.wiego.org\/fr\/wp-json\/wp\/v2\/pages"}],"about":[{"href":"https:\/\/www.wiego.org\/fr\/wp-json\/wp\/v2\/types\/page"}],"author":[{"embeddable":true,"href":"https:\/\/www.wiego.org\/fr\/wp-json\/wp\/v2\/users\/2"}],"replies":[{"embeddable":true,"href":"https:\/\/www.wiego.org\/fr\/wp-json\/wp\/v2\/comments?post=26107"}],"version-history":[{"count":0,"href":"https:\/\/www.wiego.org\/fr\/wp-json\/wp\/v2\/pages\/26107\/revisions"}],"wp:attachment":[{"href":"https:\/\/www.wiego.org\/fr\/wp-json\/wp\/v2\/media?parent=26107"}],"curies":[{"name":"wp","href":"https:\/\/api.w.org\/{rel}","templated":true}]}}