{"id":26097,"date":"2019-07-30T21:51:53","date_gmt":"2019-07-31T01:51:53","guid":{"rendered":"https:\/\/wiego.local\/fr-about-us-what-we-do-wiego-manifesto\/"},"modified":"2024-07-11T10:44:30","modified_gmt":"2024-07-11T14:44:30","slug":"about-us-what-we-do-wiego-manifesto","status":"publish","type":"page","link":"https:\/\/www.wiego.org\/fr\/notre-action\/about-us-what-we-do-wiego-manifesto\/","title":{"rendered":"WIEGO Manifesto"},"content":{"rendered":"<p class=\"emphasized-intro-text\">\u00ab\u00a0Dans la plupart des pays en voie de d\u00e9veloppement, plus de la moiti\u00e9 de la force de travail urbaine est informelle. Pourtant, les travailleuse\u00b7eur\u00b7s de l\u2019informel \u2013 et leurs moyens de subsistance \u2013 ont tendance \u00e0 \u00eatre ignor\u00e9s ou exclus de l\u2019urbanisme et du d\u00e9veloppement \u00e9conomique local. Aucune inclusion sociale ou financi\u00e8re ne peut compenser l\u2019exclusion des plans municipaux et des politiques \u00e9conomiques. La force de travail urbaine informelle, en particulier les travailleuse\u00b7eur\u00b7s d\u00e9muni\u00b7e\u00b7s, doit \u00eatre reconnue, valoris\u00e9e et soutenue en tant qu\u2019agents \u00e9conomiques qui contribuent \u00e0 l\u2019\u00e9conomie et \u00e0 la soci\u00e9t\u00e9.\u00a0\u00bb<\/p>\n<p class=\"text-align-right\">\u2013 <a data-entity-substitution=\"canonical\" data-entity-type=\"node\" data-entity-uuid=\"4d3d0346-c942-4a46-a5d2-66f2e30a842a\" href=\"\/specialists\/marty-chen\">Marty Chen<\/a>, conseill\u00e8re s\u00e9nior du r\u00e9seau WIEGO et conf\u00e9renci\u00e8re en politiques publiques, professeure affili\u00e9e \u00e0 la Harvard Kennedy School, Harvard Graduate School of Design.<\/p>\n<hr \/>\n<h2>Principe #1<\/h2>\n<p>Le ch\u00f4mage et le sous-emploi g\u00e9n\u00e9ralis\u00e9s ainsi que l\u2019in\u00e9galit\u00e9 croissante des revenus sont au c\u0153ur du d\u00e9fi du d\u00e9veloppement aujourd\u2019hui. Soutenir la force de travail informelle est la voie pour lutter contre le ch\u00f4mage, le sous-emploi et l\u2019in\u00e9galit\u00e9 des revenus, car la plupart des travailleuse\u00b7eur\u00b7s d\u00e9muni\u00b7e\u00b7s sont employ\u00e9\u00b7e\u00b7s dans l\u2019\u00e9conomie informelle o\u00f9, en moyenne, les revenus sont faibles, les co\u00fbts et les risques sont \u00e9lev\u00e9s. Il est donc difficile pour les travailleuse\u00b7eur\u00b7s d\u00e9muni\u00b7e\u00b7s de sortir de la pauvret\u00e9 sans services de soutien et sans un environnement politique favorable.<\/p>\n<hr \/>\n<h2>Principe #2<\/h2>\n<p>L\u2019emploi informel devrait \u00eatre reconnu comme la plus grande partie de l\u2019emploi total \u2013 la norme \u2013 dans les pays en voie de d\u00e9veloppement et l\u2019\u00e9conomie informelle devrait \u00eatre consid\u00e9r\u00e9e comme faisant partie de la solution, et non comme un obstacle, au d\u00e9veloppement \u00e9conomique et humain. Pourtant, l\u2019\u00e9conomie informelle est stigmatis\u00e9e dans la th\u00e9orie \u00e9conomique et par les planificatrice\u00b7eur\u00b7s \u00e9conomiques comme ill\u00e9gale, souterraine, noire ou grise. Mais l\u2019ensemble de l\u2019\u00e9conomie informelle ne devrait pas \u00eatre mis dans le m\u00eame sac : la majeure partie de la force de travail informelle est compos\u00e9e de travailleuse\u00b7eur\u00b7s d\u00e9muni\u00b7e\u00b7s qui tentent de gagner honn\u00eatement leur vie dans un milieu instable. Les travailleuse\u00b7eur\u00b7s ind\u00e9pendant\u00b7e\u00b7s de l\u2019\u00e9conomie informelle devraient \u00eatre consid\u00e9r\u00e9\u00b7e\u00b7s comme innocent\u00b7e\u00b7s jusqu\u2019\u00e0 prouver le contraire des r\u00e9glementations et de la fiscalit\u00e9, et non l\u2019inverse. Par exemple, relativement peu de travailleuse\u00b7eur\u00b7s ind\u00e9pendant\u00b7e\u00b7s en emploi informel embauchent des travailleuse\u00b7eur\u00b7s : en d\u2019autres termes, relativement peu de travailleuse\u00b7eur\u00b7s ind\u00e9pendant\u00b7e\u00b7s en emploi informel se soustraient \u00e0 la r\u00e9glementation du travail. D\u2019autre part, une partie croissante des entreprises formelles \u2013 tant priv\u00e9es que publiques \u2013 embauchent des travailleuse\u00b7eur\u00b7s de mani\u00e8re informelle, sans avantages sociaux ni protection sociale : en d\u2019autres termes, en \u00e9vitant les r\u00e9glementations du travail. Cela se produit \u00e0 la fois dans les pays o\u00f9 les r\u00e9glementations du travail sont strictes et o\u00f9 elles sont laxistes, et aussi dans les pays o\u00f9 les r\u00e9glementations du travail n\u2019ont pas chang\u00e9 depuis de nombreuses ann\u00e9es.<\/p>\n<hr \/>\n<h2>Principe #3<\/h2>\n<p>Aucun degr\u00e9 d\u2019inclusion sociale des travailleuse\u00b7eur\u00b7s d\u00e9muni\u00b7e\u00b7s ne compensera leur exclusion \u2013 ou leur inclusion \u00e0 des conditions d\u00e9favorables \u2013 des opportunit\u00e9s \u00e9conomiques, des march\u00e9s financiers et de produits, et de la planification \u00e9conomique. Et aucune inclusion sociale des travailleuse\u00b7eur\u00b7s d\u00e9muni\u00b7e\u00b7s ne compensera leur manque de pouvoir \u00e9conomique et de droits \u00e9conomiques. Ce qu\u2019il faut, en d\u2019autres termes, ce sont des politiques et des interventions qui int\u00e8grent les moyens de subsistance informels dans la planification urbaine et \u00e9conomique, qui s\u2019attaquent aux obstacles institutionnels auxquels elles\u00b7ils sont confront\u00e9\u00b7e\u00b7s et qui augmentent la demande pour leurs biens et services.<\/p>\n<hr \/>\n<h2>Principe #4<\/h2>\n<p>Les lois, r\u00e9glementations et politiques existantes reposent \u2013\u00a0ou ont tendance \u00e0 \u00eatre biais\u00e9es\u00a0\u2013 sur l\u2019emploi formel et les entreprises formelles. Prenons le cas des villes et des travailleuse\u00b7eur\u00b7s urbains en emploi informel. Voici comment WIEGO comprend et aborde le d\u00e9fi du d\u00e9veloppement urbain pour les travailleuse\u00b7eur\u00b7s d\u00e9muni\u00b7e\u00b7s\u00a0:<\/p>\n<h4>Informalit\u00e9 urbaine, exclusion et in\u00e9galit\u00e9<\/h4>\n<ul>\n<li>les entreprises informelles constituent une large base de l\u2019\u00e9conomie urbaine, mais elles doivent faire face \u00e0 de grandes difficult\u00e9s de concurrence pour l\u2019acc\u00e8s \u00e0 l\u2019espace public et aux ressources \u00e0 partir d\u2019une position d\u2019invisibilit\u00e9 et d\u2019impuissance.<\/li>\n<li>les \u00e9tablissements informels sont des sites de centres de production\/industriels \u2013 pourtant souvent expuls\u00e9s \u00e0 court pr\u00e9avis vers la p\u00e9riph\u00e9rie des villes \u00e0 de longues distances des march\u00e9s et des client\u00b7e\u00b7s \u2013.<\/li>\n<li>les travailleuse\u00b7eur\u00b7s d\u00e9muni\u00b7e\u00b7s n\u2019ont pas de droits sur la ville, \u00e0 l\u2019espace ni aux ressources publics ; leurs moyens de subsistance ne sont pas int\u00e9gr\u00e9s dans l\u2019urbanisme ou le d\u00e9veloppement \u00e9conomique local.<\/li>\n<li>les administrations municipales sont souvent de connivence avec les promoteurs immobiliers et d\u2019autres int\u00e9r\u00eats \u00e9conomiques puissants. L\u2019espace public devient donc un champ de bataille entre celles\u00b7ceux qui ont le pouvoir et celles\u00b7ceux qui ne l\u2019ont pas ; la consommation des riches est privil\u00e9gi\u00e9e par rapport \u00e0 la production des personnes d\u00e9muni\u00b7e\u00b7s (consid\u00e9rons la prolif\u00e9ration des centres commerciaux o\u00f9 il y avait autrefois des march\u00e9s naturels de vendeuse\u00b7eur\u00b7s de rue\u00a0<\/li>\n<\/ul>\n<h4>Approche WIEGO<\/h4>\n<ul>\n<li>comprendre et mettre en valeur l\u2019\u00e9conomie politique des villes<\/li>\n<li>pr\u00e9ciser les droits \u00e9conomiques de groupes sp\u00e9cifiques de travailleuse\u00b7eur\u00b7s d\u00e9muni\u00b7e\u00b7s dans l\u2019\u00e9conomie informelle : notamment les travailleuse\u00b7eur\u00b7s \u00e0 domicile, les vendeuse\u00b7eur\u00b7s de rue, les travailleuses domestiques et les r\u00e9cup\u00e9ratrice\u00b7eur\u00b7s de mat\u00e9riaux<\/li>\n<li>op\u00e9rer la m\u00e9diation entre les urbanistes\/fonctionnaires et les travailleuse\u00b7eur\u00b7s d\u00e9muni\u00b7e\u00b7s<\/li>\n<li>faire le pont entre les d\u00e9bats\/discours urbains dominants et la r\u00e9alit\u00e9 du terrain\/les travailleuse\u00b7eur\u00b7s d\u00e9muni\u00b7e\u00b7s<\/li>\n<\/ul>\n","protected":false},"excerpt":{"rendered":"<p>\u00ab\u00a0Dans la plupart des pays en voie de d\u00e9veloppement, plus de la moiti\u00e9 de la force de travail urbaine est informelle. Pourtant, les travailleuse\u00b7eur\u00b7s de l\u2019informel \u2013 et leurs moyens de subsistance \u2013 ont tendance \u00e0 \u00eatre ignor\u00e9s ou exclus de l\u2019urbanisme et du d\u00e9veloppement \u00e9conomique local. Aucune inclusion sociale ou financi\u00e8re ne peut compenser l\u2019exclusion des plans municipaux et des politiques \u00e9conomiques.<\/p>\n","protected":false},"author":2,"featured_media":0,"parent":40045,"menu_order":0,"comment_status":"closed","ping_status":"closed","template":"","meta":{"_acf_changed":false,"_relevanssi_hide_post":"","_relevanssi_hide_content":"","_relevanssi_pin_for_all":"","_relevanssi_pin_keywords":"","_relevanssi_unpin_keywords":"","_relevanssi_related_keywords":"","_relevanssi_related_include_ids":"","_relevanssi_related_exclude_ids":"","_relevanssi_related_no_append":"","_relevanssi_related_not_related":"","_relevanssi_related_posts":"","_relevanssi_noindex_reason":"","footnotes":""},"class_list":["post-26097","page","type-page","status-publish","hentry"],"acf":[],"yoast_head":"<!-- This site is optimized with the Yoast SEO Premium plugin v23.8 (Yoast SEO v27.0) - https:\/\/yoast.com\/product\/yoast-seo-premium-wordpress\/ -->\n<title>WIEGO Manifesto - WIEGO<\/title>\n<meta name=\"robots\" content=\"index, follow, max-snippet:-1, max-image-preview:large, max-video-preview:-1\" \/>\n<link rel=\"canonical\" href=\"https:\/\/www.wiego.org\/fr\/notre-action\/about-us-what-we-do-wiego-manifesto\/\" \/>\n<meta property=\"og:locale\" content=\"fr_FR\" \/>\n<meta property=\"og:type\" content=\"article\" \/>\n<meta property=\"og:title\" content=\"WIEGO Manifesto\" \/>\n<meta property=\"og:description\" content=\"\u00ab\u00a0Dans la plupart des pays en voie de d\u00e9veloppement, plus de la moiti\u00e9 de la force de travail urbaine est informelle. Pourtant, les travailleuse\u00b7eur\u00b7s de l\u2019informel \u2013 et leurs moyens de subsistance \u2013 ont tendance \u00e0 \u00eatre ignor\u00e9s ou exclus de l\u2019urbanisme et du d\u00e9veloppement \u00e9conomique local. Aucune inclusion sociale ou financi\u00e8re ne peut compenser l\u2019exclusion des plans municipaux et des politiques \u00e9conomiques.\" \/>\n<meta property=\"og:url\" content=\"https:\/\/www.wiego.org\/fr\/notre-action\/about-us-what-we-do-wiego-manifesto\/\" \/>\n<meta property=\"og:site_name\" content=\"WIEGO\" \/>\n<meta property=\"article:publisher\" content=\"https:\/\/www.facebook.com\/wiegoglobal\/\" \/>\n<meta property=\"article:modified_time\" content=\"2024-07-11T14:44:30+00:00\" \/>\n<meta property=\"og:image\" content=\"https:\/\/www.wiego.org\/wp-content\/uploads\/2024\/12\/WIEGO_Open-Graph_option-1-1024x538.png\" \/>\n\t<meta property=\"og:image:width\" content=\"1024\" \/>\n\t<meta property=\"og:image:height\" content=\"538\" \/>\n\t<meta property=\"og:image:type\" content=\"image\/png\" \/>\n<meta name=\"twitter:card\" content=\"summary_large_image\" \/>\n<meta name=\"twitter:site\" content=\"@wiegoglobal\" \/>\n<meta name=\"twitter:label1\" content=\"Est. reading time\" \/>\n\t<meta name=\"twitter:data1\" content=\"5 minutes\" \/>\n<script type=\"application\/ld+json\" class=\"yoast-schema-graph\">{\"@context\":\"https:\/\/schema.org\",\"@graph\":[{\"@type\":\"WebPage\",\"@id\":\"https:\/\/www.wiego.org\/fr\/notre-action\/about-us-what-we-do-wiego-manifesto\/\",\"url\":\"https:\/\/www.wiego.org\/fr\/notre-action\/about-us-what-we-do-wiego-manifesto\/\",\"name\":\"WIEGO Manifesto - WIEGO\",\"isPartOf\":{\"@id\":\"https:\/\/www.wiego.org\/fr\/#website\"},\"datePublished\":\"2019-07-31T01:51:53+00:00\",\"dateModified\":\"2024-07-11T14:44:30+00:00\",\"breadcrumb\":{\"@id\":\"https:\/\/www.wiego.org\/fr\/notre-action\/about-us-what-we-do-wiego-manifesto\/#breadcrumb\"},\"inLanguage\":\"fr-FR\",\"potentialAction\":[{\"@type\":\"ReadAction\",\"target\":[\"https:\/\/www.wiego.org\/fr\/notre-action\/about-us-what-we-do-wiego-manifesto\/\"]}]},{\"@type\":\"WebSite\",\"@id\":\"https:\/\/www.wiego.org\/fr\/#website\",\"url\":\"https:\/\/www.wiego.org\/fr\/\",\"name\":\"WIEGO\",\"description\":\"\",\"publisher\":{\"@id\":\"https:\/\/www.wiego.org\/fr\/#organization\"},\"potentialAction\":[{\"@type\":\"SearchAction\",\"target\":{\"@type\":\"EntryPoint\",\"urlTemplate\":\"https:\/\/www.wiego.org\/fr\/?s={search_term_string}\"},\"query-input\":{\"@type\":\"PropertyValueSpecification\",\"valueRequired\":true,\"valueName\":\"search_term_string\"}}],\"inLanguage\":\"fr-FR\"},{\"@type\":\"Organization\",\"@id\":\"https:\/\/www.wiego.org\/fr\/#organization\",\"name\":\"WIEGO\",\"url\":\"https:\/\/www.wiego.org\/fr\/\",\"logo\":{\"@type\":\"ImageObject\",\"inLanguage\":\"fr-FR\",\"@id\":\"https:\/\/www.wiego.org\/fr\/#\/schema\/logo\/image\/\",\"url\":\"https:\/\/www.wiego.org\/wp-content\/uploads\/2024\/12\/logo.svg\",\"contentUrl\":\"https:\/\/www.wiego.org\/wp-content\/uploads\/2024\/12\/logo.svg\",\"width\":142,\"height\":90,\"caption\":\"WIEGO\"},\"image\":{\"@id\":\"https:\/\/www.wiego.org\/fr\/#\/schema\/logo\/image\/\"},\"sameAs\":[\"https:\/\/www.facebook.com\/wiegoglobal\/\",\"https:\/\/x.com\/wiegoglobal\",\"https:\/\/www.linkedin.com\/company\/wiego\/\",\"https:\/\/www.youtube.com\/user\/wiegoglobal\"],\"description\":\"WIEGO is a global network that supports the movement of workers in informal employment.\"},{\"@type\":\"BreadcrumbList\",\"itemListElement\":[{\"@type\":\"ListItem\",\"position\":1,\"item\":{\"@id\":\"https:\/\/www.wiego.org\/fr\/\",\"name\":\"WIEGO\"}},{\"@type\":\"ListItem\",\"position\":2,\"item\":{\"@id\":\"https:\/\/www.wiego.org\/fr\/blog\/\",\"name\":\"Blog WIEGO\"}}],\"@id\":\"\/#breadcrumb\"}]}<\/script>\n<!-- \/ Yoast SEO Premium plugin. -->","yoast_head_json":{"title":"WIEGO Manifesto - WIEGO","robots":{"index":"index","follow":"follow","max-snippet":"max-snippet:-1","max-image-preview":"max-image-preview:large","max-video-preview":"max-video-preview:-1"},"canonical":"https:\/\/www.wiego.org\/fr\/notre-action\/about-us-what-we-do-wiego-manifesto\/","og_locale":"fr_FR","og_type":"article","og_title":"WIEGO Manifesto","og_description":"\u00ab\u00a0Dans la plupart des pays en voie de d\u00e9veloppement, plus de la moiti\u00e9 de la force de travail urbaine est informelle. Pourtant, les travailleuse\u00b7eur\u00b7s de l\u2019informel \u2013 et leurs moyens de subsistance \u2013 ont tendance \u00e0 \u00eatre ignor\u00e9s ou exclus de l\u2019urbanisme et du d\u00e9veloppement \u00e9conomique local. Aucune inclusion sociale ou financi\u00e8re ne peut compenser l\u2019exclusion des plans municipaux et des politiques \u00e9conomiques.","og_url":"https:\/\/www.wiego.org\/fr\/notre-action\/about-us-what-we-do-wiego-manifesto\/","og_site_name":"WIEGO","article_publisher":"https:\/\/www.facebook.com\/wiegoglobal\/","article_modified_time":"2024-07-11T14:44:30+00:00","og_image":[{"width":1024,"height":538,"url":"https:\/\/www.wiego.org\/wp-content\/uploads\/2024\/12\/WIEGO_Open-Graph_option-1-1024x538.png","type":"image\/png"}],"twitter_card":"summary_large_image","twitter_site":"@wiegoglobal","twitter_misc":{"Est. reading time":"5 minutes"},"schema":{"@context":"https:\/\/schema.org","@graph":[{"@type":"WebPage","@id":"https:\/\/www.wiego.org\/fr\/notre-action\/about-us-what-we-do-wiego-manifesto\/","url":"https:\/\/www.wiego.org\/fr\/notre-action\/about-us-what-we-do-wiego-manifesto\/","name":"WIEGO Manifesto - WIEGO","isPartOf":{"@id":"https:\/\/www.wiego.org\/fr\/#website"},"datePublished":"2019-07-31T01:51:53+00:00","dateModified":"2024-07-11T14:44:30+00:00","breadcrumb":{"@id":"https:\/\/www.wiego.org\/fr\/notre-action\/about-us-what-we-do-wiego-manifesto\/#breadcrumb"},"inLanguage":"fr-FR","potentialAction":[{"@type":"ReadAction","target":["https:\/\/www.wiego.org\/fr\/notre-action\/about-us-what-we-do-wiego-manifesto\/"]}]},{"@type":"WebSite","@id":"https:\/\/www.wiego.org\/fr\/#website","url":"https:\/\/www.wiego.org\/fr\/","name":"WIEGO","description":"","publisher":{"@id":"https:\/\/www.wiego.org\/fr\/#organization"},"potentialAction":[{"@type":"SearchAction","target":{"@type":"EntryPoint","urlTemplate":"https:\/\/www.wiego.org\/fr\/?s={search_term_string}"},"query-input":{"@type":"PropertyValueSpecification","valueRequired":true,"valueName":"search_term_string"}}],"inLanguage":"fr-FR"},{"@type":"Organization","@id":"https:\/\/www.wiego.org\/fr\/#organization","name":"WIEGO","url":"https:\/\/www.wiego.org\/fr\/","logo":{"@type":"ImageObject","inLanguage":"fr-FR","@id":"https:\/\/www.wiego.org\/fr\/#\/schema\/logo\/image\/","url":"https:\/\/www.wiego.org\/wp-content\/uploads\/2024\/12\/logo.svg","contentUrl":"https:\/\/www.wiego.org\/wp-content\/uploads\/2024\/12\/logo.svg","width":142,"height":90,"caption":"WIEGO"},"image":{"@id":"https:\/\/www.wiego.org\/fr\/#\/schema\/logo\/image\/"},"sameAs":["https:\/\/www.facebook.com\/wiegoglobal\/","https:\/\/x.com\/wiegoglobal","https:\/\/www.linkedin.com\/company\/wiego\/","https:\/\/www.youtube.com\/user\/wiegoglobal"],"description":"WIEGO is a global network that supports the movement of workers in informal employment."},{"@type":"BreadcrumbList","itemListElement":[{"@type":"ListItem","position":1,"item":{"@id":"https:\/\/www.wiego.org\/fr\/","name":"WIEGO"}},{"@type":"ListItem","position":2,"item":{"@id":"https:\/\/www.wiego.org\/fr\/blog\/","name":"Blog WIEGO"}}],"@id":"\/#breadcrumb"}]}},"_links":{"self":[{"href":"https:\/\/www.wiego.org\/fr\/wp-json\/wp\/v2\/pages\/26097","targetHints":{"allow":["GET"]}}],"collection":[{"href":"https:\/\/www.wiego.org\/fr\/wp-json\/wp\/v2\/pages"}],"about":[{"href":"https:\/\/www.wiego.org\/fr\/wp-json\/wp\/v2\/types\/page"}],"author":[{"embeddable":true,"href":"https:\/\/www.wiego.org\/fr\/wp-json\/wp\/v2\/users\/2"}],"replies":[{"embeddable":true,"href":"https:\/\/www.wiego.org\/fr\/wp-json\/wp\/v2\/comments?post=26097"}],"version-history":[{"count":0,"href":"https:\/\/www.wiego.org\/fr\/wp-json\/wp\/v2\/pages\/26097\/revisions"}],"up":[{"embeddable":true,"href":"https:\/\/www.wiego.org\/fr\/wp-json\/wp\/v2\/pages\/40045"}],"wp:attachment":[{"href":"https:\/\/www.wiego.org\/fr\/wp-json\/wp\/v2\/media?parent=26097"}],"curies":[{"name":"wp","href":"https:\/\/api.w.org\/{rel}","templated":true}]}}