{"id":26095,"date":"2019-07-30T18:58:27","date_gmt":"2019-07-30T22:58:27","guid":{"rendered":"https:\/\/wiego.local\/fr-membres-institutionnels-de-wiego\/"},"modified":"2024-07-11T10:44:29","modified_gmt":"2024-07-11T14:44:29","slug":"membres-institutionnels-de-wiego","status":"publish","type":"page","link":"https:\/\/www.wiego.org\/fr\/membres-institutionnels-de-wiego\/","title":{"rendered":"Membres institutionnels de WIEGO"},"content":{"rendered":"<p>Les syndicats, les coop\u00e9ratives et les associations des travailleuse\u00b7eur\u00b7s de l\u2019informel qui ont \u00e9t\u00e9 active\u00b7if\u00b7s au sein de WIEGO sont invit\u00e9\u00b7e\u00b7s \u00e0 devenir membres institutionnels. En septembre 2018, les organisations des travailleuse\u00b7eur\u00b7s de l\u2019informel suivantes \u00e9taient membres institutionnels de WIEGO.\u00a0<\/p>\n<h2>International<\/h2>\n<ul>\n<li><a href=\"https:\/\/idwfed.org\/fr\" target=\"_blank\" rel=\"noopener\">F\u00e9d\u00e9ration internationale des travailleuses domestiques (FITD)<\/a><\/li>\n<li><a href=\"https:\/\/www.iuf.org\/fr\/\" target=\"_blank\" rel=\"noopener\">Syndicat international des travailleuse\u00b7eur\u00b7s de l&#8217;alimentation, de l&#8217;agriculture, de l&#8217;h\u00f4tellerie-restauration, du tabac et des branches connexes (UITA)<\/a><\/li>\n<li><a href=\"http:\/\/streetnet.org.za\" target=\"_blank\" rel=\"noopener\">StreetNet International<\/a><\/li>\n<\/ul>\n<h2>R\u00e9gional<\/h2>\n<ul>\n<li><a href=\"https:\/\/hnsa.org.in\" target=\"_blank\" rel=\"noopener\">HomeNet de l\u2019Asie du Sud<\/a><\/li>\n<li><a href=\"https:\/\/homenetsea.org\" target=\"_blank\" rel=\"noopener\">HomeNet de l\u2019Asie du Sud-Est<\/a><\/li>\n<li><a href=\"https:\/\/www.facebook.com\/RedRecicladores\/\" target=\"_blank\" rel=\"noopener\">R\u00e9seau Latino-Am\u00e9ricaine de r\u00e9cup\u00e9rateurs (Red Lacre)<\/a><\/li>\n<\/ul>\n<h2>Par r\u00e9gion<\/h2>\n<ul>\n<li><a href=\"#africa\">Afrique<\/a><\/li>\n<li><a href=\"#asia\">Asie<\/a><\/li>\n<li><a href=\"#europe\">Europe<\/a><\/li>\n<li><a href=\"#latin\">Am\u00e9rique latine<\/a><\/li>\n<\/ul>\n<hr \/>\n<h3><a id=\"africa\" name=\"africa\"><\/a>Afrique<\/h3>\n<h4>R\u00e9publique d\u00e9mocratique du Congo<\/h4>\n<ul>\n<li><a href=\"\/ligue-pour-le-droit-de-la-femme-congolaise-ldfc\">Ligue pour le Droit de la Femme Congolaise (LDFC)<\/a><\/li>\n<\/ul>\n<h4>Ghana<\/h4>\n<ul>\n<li><a href=\"https:\/\/ghanatuc.com\" target=\"_blank\" rel=\"noopener\">Congr\u00e8s des syndicats (Trades Union Congress &#8211; Ghana)<\/a><\/li>\n<li><a href=\"\/informal-hawkers-and-vendors-association-ghana-ihvag\">Association des vendeuse\u00b7eur\u00b7s et vendeuse\u00b7eur\u00b7s ambulant\u00b7e\u00b7s de l&#8217;informel du Ghana (IHVAG)<\/a><\/li>\n<\/ul>\n<h4>Guin\u00e9e<\/h4>\n<ul>\n<li><a href=\"\/confederation-nationale-des-travailleurs-de-guinee-cntg\">Conf\u00e9d\u00e9ration Nationale des Travailleurs de Guin\u00e9e (CNTG)<\/a><\/li>\n<\/ul>\n<h4>Kenya<\/h4>\n<ul>\n<li><a href=\"https:\/\/kenasvit.wordpress.com\" target=\"_blank\" rel=\"noopener\">Alliance nationale de vendeuse\u00b7eur\u00b7s de rue et de l\u2019informel de Kenya (KENASVIT)<\/a><\/li>\n<\/ul>\n<h4>Malawi<\/h4>\n<ul>\n<li><a href=\"\/malawi-union-informal-sector-mufis\">Syndicat du secteur informel de Malawi (MUFIS)<\/a><\/li>\n<\/ul>\n<h4>Mozambique<\/h4>\n<ul>\n<li><a href=\"\/associacao-da-economia-informal-de-mocambique-aeimo\">Association de l\u2019\u00e9conomie informelle du Mozambique (AEIMO)<\/a><\/li>\n<\/ul>\n<h4>Niger<\/h4>\n<ul>\n<li><a href=\"\/federation-nationale-des-syndicats-fenasein\">Federation Nationale des Syndicats (FENASEIN)<\/a><\/li>\n<li><a href=\"\/union-general-de-syndicats-de-leconomie-informelle-du-niger-ugsein\">L&#8217;Union G\u00e9n\u00e9rale des Syndicats de l&#8217;\u00e9conomie informelle du Niger (UGSEIN)<\/a><\/li>\n<\/ul>\n<h4>S\u00e9n\u00e9gal<\/h4>\n<ul>\n<li><a href=\"http:\/\/www.cnts.sn\" target=\"_blank\" rel=\"noopener\">Conf\u00e9d\u00e9ration Nationale des Travailleurs du S\u00e9n\u00e9gal (CNTS)<\/a><\/li>\n<li><a href=\"\/syndicat-unique-et-democratique-du-mareyeurs-du-senegal-sudems\">Syndicat Unique et D\u00e9mocratique du Mareyeurs du S\u00e9n\u00e9gal (SUDEMS)<\/a><\/li>\n<\/ul>\n<h4>Swaziland<\/h4>\n<ul>\n<li><a href=\"\/coalition-informal-economy-associations-swaziland-cieas\">Coalition des associations de l\u2019\u00e9conomie informelle du Swaziland (CIEAS)<\/a><\/li>\n<\/ul>\n<h4>Togo<\/h4>\n<ul>\n<li><a href=\"\/le-syndicat-des-vendeurs-de-materiaux-de-construction-du-togo-syvemacot\">Syndicat des Vendeurs de Mat\u00e9riaux de Construction du Togo (SYVEMACOT)<\/a><\/li>\n<\/ul>\n<h4>Zambie<\/h4>\n<ul>\n<li><a href=\"\/alliance-zambian-informal-economy-associations-aziea\">Alliance des associations de l\u2019\u00e9conomieinformelle de Zambie (AZIEA)<\/a><\/li>\n<\/ul>\n<h4>Zimbabwe<\/h4>\n<ul>\n<li><a href=\"\/zimbabwe-chamber-informal-economy-associations-zciea\">Chambre des associations de l&#8217;\u00e9conomie informelle du Zimbabwe (ZCIEA)<\/a><\/li>\n<\/ul>\n<h3><a id=\"asia\" name=\"asia\"><\/a>Asie<\/h3>\n<h4>Bangladesh<\/h4>\n<ul>\n<li><a href=\"\/labour-informal-economy-lie\">Travail dans l\u2019\u00e9conomie informelle (LIE)<\/a><\/li>\n<\/ul>\n<h4>Inde<\/h4>\n<ul>\n<li><a href=\"https:\/\/sewabharat.org\" target=\"_blank\" rel=\"noopener\">F\u00e9d\u00e9ration indienne de l&#8217;Association des Femmes Ind\u00e9pendantes (SEWA Bharat)<\/a><\/li>\n<li><a href=\"http:\/\/www.kkpkp-pune.org\" target=\"_blank\" rel=\"noopener\">Kagad Kach Patra Kashtakari Panchayat (KKPKP)<\/a><\/li>\n<li><a href=\"http:\/\/nasvinet.org\" target=\"_blank\" rel=\"noopener\">Association national des vendeuse\u00b7eur\u00b7s de rue d\u2019Inde (NASVI)<\/a><\/li>\n<li><a href=\"https:\/\/www.sewa.org\" target=\"_blank\" rel=\"noopener\">Association des Femmes Ind\u00e9pendantes (SEWA)<\/a><\/li>\n<\/ul>\n<h4>N\u00e9pal<\/h4>\n<ul>\n<li><a href=\"http:\/\/www.gefont.org\/\" target=\"_blank\" rel=\"noopener\">F\u00e9d\u00e9ration g\u00e9n\u00e9rale des syndicats n\u00e9palais (GEFONT)<\/a><\/li>\n<\/ul>\n<h4>Philippines<\/h4>\n<ul>\n<li>\n<p><a href=\"http:\/\/patamaba.net\" target=\"_blank\" rel=\"noopener\">Pambansang Kalipunan ng mga Manggagawang Impormal sa Pilipinas (PATAMABA)<\/a><\/p>\n<\/li>\n<\/ul>\n<h4>Tha\u00eflande<\/h4>\n<ul>\n<li><a href=\"https:\/\/www.wiego.org\/homenet-thailand\">HomeNet Tha\u00eflande<\/a><\/li>\n<\/ul>\n<h3><a id=\"europe\" name=\"europe\"><\/a>Europe<\/h3>\n<h4>Bulgarie<\/h4>\n<ul>\n<li><a href=\"\/association-home-based-workers-bulgaria-ahbw\">Association des travailleuse\u00b7eur\u00b7s \u00e0 domicile, Bulgarie (AHBW)<\/a><\/li>\n<\/ul>\n<h3><a id=\"latin\" name=\"latin\"><\/a>Am\u00e9rique Latine<\/h3>\n<h4>Argentine<\/h4>\n<ul>\n<li><a href=\"http:\/\/ctepargentina.org\/\" target=\"_blank\" rel=\"noopener\">Uni\u00f3n de Trabajadores y Trabajadoras de la Econom\u00eda Popular (UTEP)<\/a><\/li>\n<li><a href=\"\/sindicato-de-vendedores-ambulantes-de-la-republica-argentina-sivara\">Syndicat de vendeuse\u00b7eur\u00b7s de rue de la R\u00e9publique argentine (SIVARA)<\/a><\/li>\n<\/ul>\n<h4>Br\u00e9sil<\/h4>\n<ul>\n<li><a href=\"http:\/\/mncr.org.br\/\" target=\"_blank\" rel=\"noopener\">Mouvement national des r\u00e9cup\u00e9ratrice\u00b7eur\u00b7s de mat\u00e9riaux recyclables (MNCR)<\/a><\/li>\n<\/ul>\n<h4><a id=\"chile\" name=\"chile\"><\/a>Chili<\/h4>\n<ul>\n<li><a href=\"\/sindicato-de-trabajadores-independientes-ambulantes-del-transporte-y-anexos-sintraloc\">Syndicat des travailleuse\u00b7eur\u00b7s de rue ind\u00e9pendant\u00b7e\u00b7s, du transport et autres (SINTRALOC)<\/a><\/li>\n<\/ul>\n<h4>Colombie<\/h4>\n<ul>\n<li><a href=\"https:\/\/www.anrcolombia.org\/\" target=\"_blank\" rel=\"noopener\">Association nationale des r\u00e9cup\u00e9ratrice\u00b7eur\u00b7s (ANR)<\/a><\/li>\n<\/ul>\n<h4>P\u00e9rou<\/h4>\n<ul>\n<li><a href=\"https:\/\/www.youtube.com\/watch?v=ZgP_6upsmnI\" target=\"_blank\" rel=\"noopener\">R\u00e9seau national de travailleuse\u00b7eur\u00b7s ind\u00e9pentant\u00b7e\u00b7s (RENATTA)<\/a><\/li>\n<\/ul>\n<h4>Venezuela<\/h4>\n<ul>\n<li><a href=\"\/federacion-unica-de-trabajadores-no-dependientes-de-venezuela-futrand\">F\u00e9d\u00e9ration unique de travailleuse\u00b7eur\u00b7s non d\u00e9pendant\u00b7e\u00b7s du Venezuela (FUTRAND)<\/a><\/li>\n<\/ul>\n<hr \/>\n<p>Lisez le <a href=\"https:\/\/www.wiego.org\/wiego-mbo-newsletter\">Bulletin d\u2019information aux OB de WIEGO<\/a>, un bulletin d\u2019information pour les organisations de base (OB) des travailleuse\u00b7eur\u00b7s de l\u2019informel.<\/p>\n","protected":false},"excerpt":{"rendered":"<p>Les syndicats, les coop\u00e9ratives et les associations des travailleuse\u00b7eur\u00b7s de l\u2019informel qui ont \u00e9t\u00e9 active\u00b7if\u00b7s au sein de WIEGO sont invit\u00e9\u00b7e\u00b7s \u00e0 devenir membres institutionnels. En septembre 2018, les organisations des travailleuse\u00b7eur\u00b7s de l\u2019informel suivantes \u00e9taient membres institutionnels de WIEGO.\u00a0<\/p>\n","protected":false},"author":2,"featured_media":0,"parent":0,"menu_order":0,"comment_status":"closed","ping_status":"closed","template":"","meta":{"_acf_changed":false,"_relevanssi_hide_post":"","_relevanssi_hide_content":"","_relevanssi_pin_for_all":"","_relevanssi_pin_keywords":"","_relevanssi_unpin_keywords":"","_relevanssi_related_keywords":"","_relevanssi_related_include_ids":"","_relevanssi_related_exclude_ids":"","_relevanssi_related_no_append":"","_relevanssi_related_not_related":"","_relevanssi_related_posts":"","_relevanssi_noindex_reason":"","footnotes":""},"class_list":["post-26095","page","type-page","status-publish","hentry"],"acf":[],"yoast_head":"<!-- This site is optimized with the Yoast SEO Premium plugin v23.8 (Yoast SEO v27.0) - https:\/\/yoast.com\/product\/yoast-seo-premium-wordpress\/ -->\n<title>Membres institutionnels de WIEGO - WIEGO<\/title>\n<meta name=\"robots\" content=\"index, follow, max-snippet:-1, max-image-preview:large, max-video-preview:-1\" \/>\n<link rel=\"canonical\" href=\"https:\/\/www.wiego.org\/fr\/membres-institutionnels-de-wiego\/\" \/>\n<meta property=\"og:locale\" content=\"fr_FR\" \/>\n<meta property=\"og:type\" content=\"article\" \/>\n<meta property=\"og:title\" content=\"Membres institutionnels de WIEGO\" \/>\n<meta property=\"og:description\" content=\"Les syndicats, les coop\u00e9ratives et les associations des travailleuse\u00b7eur\u00b7s de l\u2019informel qui ont \u00e9t\u00e9 active\u00b7if\u00b7s au sein de WIEGO sont invit\u00e9\u00b7e\u00b7s \u00e0 devenir membres institutionnels. En septembre 2018, les organisations des travailleuse\u00b7eur\u00b7s de l\u2019informel suivantes \u00e9taient membres institutionnels de WIEGO.\u00a0\" \/>\n<meta property=\"og:url\" content=\"https:\/\/www.wiego.org\/fr\/membres-institutionnels-de-wiego\/\" \/>\n<meta property=\"og:site_name\" content=\"WIEGO\" \/>\n<meta property=\"article:publisher\" content=\"https:\/\/www.facebook.com\/wiegoglobal\/\" \/>\n<meta property=\"article:modified_time\" content=\"2024-07-11T14:44:29+00:00\" \/>\n<meta property=\"og:image\" content=\"https:\/\/www.wiego.org\/wp-content\/uploads\/2024\/12\/WIEGO_Open-Graph_option-1-1024x538.png\" \/>\n\t<meta property=\"og:image:width\" content=\"1024\" \/>\n\t<meta property=\"og:image:height\" content=\"538\" \/>\n\t<meta property=\"og:image:type\" content=\"image\/png\" \/>\n<meta name=\"twitter:card\" content=\"summary_large_image\" \/>\n<meta name=\"twitter:site\" content=\"@wiegoglobal\" \/>\n<meta name=\"twitter:label1\" content=\"Est. reading time\" \/>\n\t<meta name=\"twitter:data1\" content=\"3 minutes\" \/>\n<script type=\"application\/ld+json\" class=\"yoast-schema-graph\">{\"@context\":\"https:\/\/schema.org\",\"@graph\":[{\"@type\":\"WebPage\",\"@id\":\"https:\/\/www.wiego.org\/fr\/membres-institutionnels-de-wiego\/\",\"url\":\"https:\/\/www.wiego.org\/fr\/membres-institutionnels-de-wiego\/\",\"name\":\"Membres institutionnels de WIEGO - WIEGO\",\"isPartOf\":{\"@id\":\"https:\/\/www.wiego.org\/fr\/#website\"},\"datePublished\":\"2019-07-30T22:58:27+00:00\",\"dateModified\":\"2024-07-11T14:44:29+00:00\",\"breadcrumb\":{\"@id\":\"https:\/\/www.wiego.org\/fr\/membres-institutionnels-de-wiego\/#breadcrumb\"},\"inLanguage\":\"fr-FR\",\"potentialAction\":[{\"@type\":\"ReadAction\",\"target\":[\"https:\/\/www.wiego.org\/fr\/membres-institutionnels-de-wiego\/\"]}]},{\"@type\":\"WebSite\",\"@id\":\"https:\/\/www.wiego.org\/fr\/#website\",\"url\":\"https:\/\/www.wiego.org\/fr\/\",\"name\":\"WIEGO\",\"description\":\"\",\"publisher\":{\"@id\":\"https:\/\/www.wiego.org\/fr\/#organization\"},\"potentialAction\":[{\"@type\":\"SearchAction\",\"target\":{\"@type\":\"EntryPoint\",\"urlTemplate\":\"https:\/\/www.wiego.org\/fr\/?s={search_term_string}\"},\"query-input\":{\"@type\":\"PropertyValueSpecification\",\"valueRequired\":true,\"valueName\":\"search_term_string\"}}],\"inLanguage\":\"fr-FR\"},{\"@type\":\"Organization\",\"@id\":\"https:\/\/www.wiego.org\/fr\/#organization\",\"name\":\"WIEGO\",\"url\":\"https:\/\/www.wiego.org\/fr\/\",\"logo\":{\"@type\":\"ImageObject\",\"inLanguage\":\"fr-FR\",\"@id\":\"https:\/\/www.wiego.org\/fr\/#\/schema\/logo\/image\/\",\"url\":\"https:\/\/www.wiego.org\/wp-content\/uploads\/2024\/12\/logo.svg\",\"contentUrl\":\"https:\/\/www.wiego.org\/wp-content\/uploads\/2024\/12\/logo.svg\",\"width\":142,\"height\":90,\"caption\":\"WIEGO\"},\"image\":{\"@id\":\"https:\/\/www.wiego.org\/fr\/#\/schema\/logo\/image\/\"},\"sameAs\":[\"https:\/\/www.facebook.com\/wiegoglobal\/\",\"https:\/\/x.com\/wiegoglobal\",\"https:\/\/www.linkedin.com\/company\/wiego\/\",\"https:\/\/www.youtube.com\/user\/wiegoglobal\"],\"description\":\"WIEGO is a global network that supports the movement of workers in informal employment.\"},{\"@type\":\"BreadcrumbList\",\"itemListElement\":[{\"@type\":\"ListItem\",\"position\":1,\"item\":{\"@id\":\"https:\/\/www.wiego.org\/fr\/\",\"name\":\"WIEGO\"}},{\"@type\":\"ListItem\",\"position\":2,\"item\":{\"@id\":\"https:\/\/www.wiego.org\/fr\/blog\/\",\"name\":\"Blog WIEGO\"}}],\"@id\":\"\/#breadcrumb\"}]}<\/script>\n<!-- \/ Yoast SEO Premium plugin. -->","yoast_head_json":{"title":"Membres institutionnels de WIEGO - WIEGO","robots":{"index":"index","follow":"follow","max-snippet":"max-snippet:-1","max-image-preview":"max-image-preview:large","max-video-preview":"max-video-preview:-1"},"canonical":"https:\/\/www.wiego.org\/fr\/membres-institutionnels-de-wiego\/","og_locale":"fr_FR","og_type":"article","og_title":"Membres institutionnels de WIEGO","og_description":"Les syndicats, les coop\u00e9ratives et les associations des travailleuse\u00b7eur\u00b7s de l\u2019informel qui ont \u00e9t\u00e9 active\u00b7if\u00b7s au sein de WIEGO sont invit\u00e9\u00b7e\u00b7s \u00e0 devenir membres institutionnels. En septembre 2018, les organisations des travailleuse\u00b7eur\u00b7s de l\u2019informel suivantes \u00e9taient membres institutionnels de WIEGO.\u00a0","og_url":"https:\/\/www.wiego.org\/fr\/membres-institutionnels-de-wiego\/","og_site_name":"WIEGO","article_publisher":"https:\/\/www.facebook.com\/wiegoglobal\/","article_modified_time":"2024-07-11T14:44:29+00:00","og_image":[{"width":1024,"height":538,"url":"https:\/\/www.wiego.org\/wp-content\/uploads\/2024\/12\/WIEGO_Open-Graph_option-1-1024x538.png","type":"image\/png"}],"twitter_card":"summary_large_image","twitter_site":"@wiegoglobal","twitter_misc":{"Est. reading time":"3 minutes"},"schema":{"@context":"https:\/\/schema.org","@graph":[{"@type":"WebPage","@id":"https:\/\/www.wiego.org\/fr\/membres-institutionnels-de-wiego\/","url":"https:\/\/www.wiego.org\/fr\/membres-institutionnels-de-wiego\/","name":"Membres institutionnels de WIEGO - WIEGO","isPartOf":{"@id":"https:\/\/www.wiego.org\/fr\/#website"},"datePublished":"2019-07-30T22:58:27+00:00","dateModified":"2024-07-11T14:44:29+00:00","breadcrumb":{"@id":"https:\/\/www.wiego.org\/fr\/membres-institutionnels-de-wiego\/#breadcrumb"},"inLanguage":"fr-FR","potentialAction":[{"@type":"ReadAction","target":["https:\/\/www.wiego.org\/fr\/membres-institutionnels-de-wiego\/"]}]},{"@type":"WebSite","@id":"https:\/\/www.wiego.org\/fr\/#website","url":"https:\/\/www.wiego.org\/fr\/","name":"WIEGO","description":"","publisher":{"@id":"https:\/\/www.wiego.org\/fr\/#organization"},"potentialAction":[{"@type":"SearchAction","target":{"@type":"EntryPoint","urlTemplate":"https:\/\/www.wiego.org\/fr\/?s={search_term_string}"},"query-input":{"@type":"PropertyValueSpecification","valueRequired":true,"valueName":"search_term_string"}}],"inLanguage":"fr-FR"},{"@type":"Organization","@id":"https:\/\/www.wiego.org\/fr\/#organization","name":"WIEGO","url":"https:\/\/www.wiego.org\/fr\/","logo":{"@type":"ImageObject","inLanguage":"fr-FR","@id":"https:\/\/www.wiego.org\/fr\/#\/schema\/logo\/image\/","url":"https:\/\/www.wiego.org\/wp-content\/uploads\/2024\/12\/logo.svg","contentUrl":"https:\/\/www.wiego.org\/wp-content\/uploads\/2024\/12\/logo.svg","width":142,"height":90,"caption":"WIEGO"},"image":{"@id":"https:\/\/www.wiego.org\/fr\/#\/schema\/logo\/image\/"},"sameAs":["https:\/\/www.facebook.com\/wiegoglobal\/","https:\/\/x.com\/wiegoglobal","https:\/\/www.linkedin.com\/company\/wiego\/","https:\/\/www.youtube.com\/user\/wiegoglobal"],"description":"WIEGO is a global network that supports the movement of workers in informal employment."},{"@type":"BreadcrumbList","itemListElement":[{"@type":"ListItem","position":1,"item":{"@id":"https:\/\/www.wiego.org\/fr\/","name":"WIEGO"}},{"@type":"ListItem","position":2,"item":{"@id":"https:\/\/www.wiego.org\/fr\/blog\/","name":"Blog WIEGO"}}],"@id":"\/#breadcrumb"}]}},"_links":{"self":[{"href":"https:\/\/www.wiego.org\/fr\/wp-json\/wp\/v2\/pages\/26095","targetHints":{"allow":["GET"]}}],"collection":[{"href":"https:\/\/www.wiego.org\/fr\/wp-json\/wp\/v2\/pages"}],"about":[{"href":"https:\/\/www.wiego.org\/fr\/wp-json\/wp\/v2\/types\/page"}],"author":[{"embeddable":true,"href":"https:\/\/www.wiego.org\/fr\/wp-json\/wp\/v2\/users\/2"}],"replies":[{"embeddable":true,"href":"https:\/\/www.wiego.org\/fr\/wp-json\/wp\/v2\/comments?post=26095"}],"version-history":[{"count":0,"href":"https:\/\/www.wiego.org\/fr\/wp-json\/wp\/v2\/pages\/26095\/revisions"}],"wp:attachment":[{"href":"https:\/\/www.wiego.org\/fr\/wp-json\/wp\/v2\/media?parent=26095"}],"curies":[{"name":"wp","href":"https:\/\/api.w.org\/{rel}","templated":true}]}}