{"id":26093,"date":"2019-07-30T16:00:52","date_gmt":"2019-07-30T20:00:52","guid":{"rendered":"https:\/\/wiego.local\/fr-portrait-statistique\/"},"modified":"2024-07-11T10:44:29","modified_gmt":"2024-07-11T14:44:29","slug":"portrait-statistique","status":"publish","type":"page","link":"https:\/\/www.wiego.org\/fr\/portrait-statistique\/","title":{"rendered":"Portrait statistique"},"content":{"rendered":"<p>Pour \u00e9clairer les politiques \u00e9conomiques et sociales, il est utile de disposer de statistiques sur l\u2019ampleur, la composition, la contribution et autres dimensions de l\u2019\u00e9conomie informelle.\u00a0Or, comme il s\u2019agit d\u2019un domaine relativement nouveau du d\u00e9veloppement statistique, jusqu\u2019\u00e0 r\u00e9cemment les donn\u00e9es sur l\u2019emploi informel et l\u2019\u00e9conomie informelle \u00e9taient plut\u00f4t limit\u00e9es.<\/p>\n<h3>D\u00e9nombrement des travailleurs informels du monde entier : un instantan\u00e9 mondial<\/h3>\n<p>Les toutes premi\u00e8res estimations mondiales de la taille de l\u2019emploi informel (<a href=\"http:\/\/www.wiego.org\/publications\/women-and-men-informal-economy-statistical-picture-3rd-edition\">OIT 2018<\/a>) montrent que <strong>61 %<\/strong> de tous les travailleurs, soit <strong>2 milliards de travailleurs dans le monde<\/strong>, le sont \u00e0 titre informel ! Les estimations r\u00e9v\u00e8lent une relation claire entre les faibles niveaux de PIB et les niveaux \u00e9lev\u00e9s d\u2019emploi informel dans les pays.<\/p>\n<h4>\u00c0 L\u2019\u00c9CHELLE MONDALE<\/h4>\n<p><strong>Emploi informel en pourcentage de l\u2019emploi total, rural et urbain <\/strong><\/p>\n<table>\n<tbody>\n<tr>\n<td width=\"205\"><strong>Pays par niveau de revenu*<\/strong><\/td>\n<td width=\"78\"><strong>Total<\/strong><\/td>\n<td width=\"78\"><strong>Rural<\/strong><\/td>\n<td width=\"78\"><strong>Urbain<\/strong><\/td>\n<\/tr>\n<tr>\n<td width=\"205\">Tous les pays<\/td>\n<td width=\"78\">61<\/td>\n<td width=\"78\">80<\/td>\n<td width=\"78\">44<\/td>\n<\/tr>\n<tr>\n<td width=\"205\">Pays en voie de d\u00e9veloppement<\/td>\n<td width=\"78\">90<\/td>\n<td width=\"78\">90<\/td>\n<td width=\"78\">79<\/td>\n<\/tr>\n<tr>\n<td width=\"205\">Pays \u00e9mergents<\/td>\n<td width=\"78\">67<\/td>\n<td width=\"78\">83<\/td>\n<td width=\"78\">51<\/td>\n<\/tr>\n<tr>\n<td width=\"205\">Pays d\u00e9velopp\u00e9s<\/td>\n<td width=\"78\">18<\/td>\n<td width=\"78\">22<\/td>\n<td width=\"78\">17<\/td>\n<\/tr>\n<\/tbody>\n<\/table>\n<p><sup>*<\/sup>D\u00e9finitions (2018) de la Banque mondiale fond\u00e9es sur les niveaux de revenu brut par habitant des pays<\/p>\n<h4>PAR R\u00c9GION<\/h4>\n<p><strong>Emploi informel en pourcentage de l\u2019emploi total par r\u00e9gion (\u00e0 l\u2019exclusion des pays d\u00e9velopp\u00e9s)<\/strong><\/p>\n<table>\n<tbody>\n<tr>\n<td width=\"361\"><strong>R\u00e9gion<\/strong><\/td>\n<td width=\"60\"><strong>\u00a0<\/strong><\/td>\n<\/tr>\n<tr>\n<td width=\"361\">Afrique subsaharienne (\u00e0 l\u2019exclusion de l\u2019Afrique australe)<\/td>\n<td width=\"60\">92<\/td>\n<\/tr>\n<tr>\n<td width=\"361\">Afrique subsaharienne dans son ensemble<\/td>\n<td width=\"60\">89<\/td>\n<\/tr>\n<tr>\n<td width=\"361\">Asie du sud<\/td>\n<td width=\"60\">88<\/td>\n<\/tr>\n<tr>\n<td width=\"361\">Asie de l\u2019Est et du Sud-Est (hors Chine)<\/td>\n<td width=\"60\">77<\/td>\n<\/tr>\n<tr>\n<td width=\"361\">Moyen-Orient et Afrique du Nord<\/td>\n<td width=\"60\">68<\/td>\n<\/tr>\n<tr>\n<td width=\"361\">Am\u00e9rique latine et Cara\u00efbes<\/td>\n<td width=\"60\">54<\/td>\n<\/tr>\n<tr>\n<td width=\"361\">Europe de l\u2019Est et Asie centrale<\/td>\n<td width=\"60\">37<\/td>\n<\/tr>\n<\/tbody>\n<\/table>\n<h4>PAR SEXE<\/h4>\n<p>\u00c0 l\u2019\u00e9chelle mondiale, les taux d\u2019emploi informel sont plus \u00e9lev\u00e9s chez les hommes que chez les femmes. Cependant, dans 56 % des pays, les taux d\u2019emploi informel chez les femmes sont plus \u00e9lev\u00e9s. Les taux d\u2019emploi informel des femmes sont plus \u00e9lev\u00e9s que ceux des hommes dans les pays \u00e0 faible revenu. Les taux d\u2019emploi et\/ou d\u2019emploi informel inf\u00e9rieurs chez les femmes dans de nombreux pays \u00e9mergents contribuent \u00e0 la moyenne mondiale plus \u00e9lev\u00e9e chez les hommes. <strong>Emploi informel en pourcentage de l\u2019emploi total, femmes et hommes<\/strong><\/p>\n<table>\n<tbody>\n<tr>\n<td width=\"175\"><strong>Pays par niveau de revenu<\/strong><\/td>\n<td width=\"96\"><strong>Total <\/strong><\/td>\n<td width=\"96\"><strong>Femmes <\/strong><\/td>\n<td width=\"102\"><strong>Hommes <\/strong><\/td>\n<\/tr>\n<tr>\n<td width=\"175\">Tous les pays<\/td>\n<td width=\"96\">61<\/td>\n<td width=\"96\">58<\/td>\n<td width=\"102\">63<\/td>\n<\/tr>\n<tr>\n<td width=\"175\">Pays en voie de d\u00e9veloppement<\/td>\n<td width=\"96\">90<\/td>\n<td width=\"96\">92<\/td>\n<td width=\"102\">87<\/td>\n<\/tr>\n<tr>\n<td width=\"175\">Pays \u00e9mergents<\/td>\n<td width=\"96\">67<\/td>\n<td width=\"96\">64<\/td>\n<td width=\"102\">69<\/td>\n<\/tr>\n<tr>\n<td width=\"175\">Pays d\u00e9velopp\u00e9s<\/td>\n<td width=\"96\">18<\/td>\n<td width=\"96\">18<\/td>\n<td width=\"102\">19<\/td>\n<\/tr>\n<\/tbody>\n<\/table>\n<h4>PAR STATUT DANS L\u2019EMPLOI<\/h4>\n<p>\u00c0 l\u2019\u00e9chelle mondiale, 55 % des travailleurs sont salari\u00e9s, tandis que 45 % sont des travailleurs ind\u00e9pendants. Toutefois, parmi les travailleurs informels du monde, 64 % sont des travailleurs ind\u00e9pendants. <strong>Composition de l\u2019emploi informel par statut dans l\u2019emploi (en pourcentage)<\/strong><\/p>\n<table>\n<tbody>\n<tr>\n<td width=\"184\"><strong>Pays par niveau de revenu<\/strong><\/td>\n<td width=\"123\"><strong>Emploi salari\u00e9<\/strong><\/td>\n<td width=\"170\"><strong>Travail ind\u00e9pendant<\/strong><\/td>\n<\/tr>\n<tr>\n<td width=\"184\">Tous les pays<\/td>\n<td width=\"123\">36<\/td>\n<td width=\"170\">64<\/td>\n<\/tr>\n<tr>\n<td width=\"184\">Pays en voie de d\u00e9veloppement<\/td>\n<td width=\"123\">21<\/td>\n<td width=\"170\">79<\/td>\n<\/tr>\n<tr>\n<td width=\"184\">Pays \u00e9mergents<\/td>\n<td width=\"123\">37<\/td>\n<td width=\"170\">63<\/td>\n<\/tr>\n<tr>\n<td width=\"184\">Pays d\u00e9velopp\u00e9s<\/td>\n<td width=\"123\">51<\/td>\n<td width=\"170\">49<\/td>\n<\/tr>\n<\/tbody>\n<\/table>\n<p>Voir plus de donn\u00e9es:\u00a0<a href=\"https:\/\/www.wiego.org\/sites\/default\/files\/migrated\/resources\/files\/WIEGO-Global-Statistics-Snapshot-Pamphlet-French-2019.pdf\">D\u00e9nombrement des travailleurs informels du monde entier : un instantan\u00e9 mondial<\/a><\/p>\n","protected":false},"excerpt":{"rendered":"<p>Pour \u00e9clairer les politiques \u00e9conomiques et sociales, il est utile de disposer de statistiques sur l\u2019ampleur, la composition, la contribution et autres dimensions de l\u2019\u00e9conomie informelle.\u00a0Or, comme il s\u2019agit d\u2019un domaine relativement nouveau du d\u00e9veloppement statistique, jusqu\u2019\u00e0 r\u00e9cemment les donn\u00e9es sur l\u2019emploi informel et l\u2019\u00e9conomie informelle \u00e9taient plut\u00f4t limit\u00e9es.<\/p>\n","protected":false},"author":2,"featured_media":0,"parent":0,"menu_order":0,"comment_status":"closed","ping_status":"closed","template":"","meta":{"_acf_changed":false,"_relevanssi_hide_post":"","_relevanssi_hide_content":"","_relevanssi_pin_for_all":"","_relevanssi_pin_keywords":"","_relevanssi_unpin_keywords":"","_relevanssi_related_keywords":"","_relevanssi_related_include_ids":"","_relevanssi_related_exclude_ids":"","_relevanssi_related_no_append":"","_relevanssi_related_not_related":"","_relevanssi_related_posts":"","_relevanssi_noindex_reason":"","footnotes":""},"class_list":["post-26093","page","type-page","status-publish","hentry"],"acf":[],"yoast_head":"<!-- This site is optimized with the Yoast SEO Premium plugin v23.8 (Yoast SEO v27.0) - https:\/\/yoast.com\/product\/yoast-seo-premium-wordpress\/ -->\n<title>Portrait statistique - WIEGO<\/title>\n<meta name=\"robots\" content=\"index, follow, max-snippet:-1, max-image-preview:large, max-video-preview:-1\" \/>\n<link rel=\"canonical\" href=\"https:\/\/www.wiego.org\/fr\/portrait-statistique\/\" \/>\n<meta property=\"og:locale\" content=\"fr_FR\" \/>\n<meta property=\"og:type\" content=\"article\" \/>\n<meta property=\"og:title\" content=\"Portrait statistique\" \/>\n<meta property=\"og:description\" content=\"Pour \u00e9clairer les politiques \u00e9conomiques et sociales, il est utile de disposer de statistiques sur l\u2019ampleur, la composition, la contribution et autres dimensions de l\u2019\u00e9conomie informelle.\u00a0Or, comme il s\u2019agit d\u2019un domaine relativement nouveau du d\u00e9veloppement statistique, jusqu\u2019\u00e0 r\u00e9cemment les donn\u00e9es sur l\u2019emploi informel et l\u2019\u00e9conomie informelle \u00e9taient plut\u00f4t limit\u00e9es.\" \/>\n<meta property=\"og:url\" content=\"https:\/\/www.wiego.org\/fr\/portrait-statistique\/\" \/>\n<meta property=\"og:site_name\" content=\"WIEGO\" \/>\n<meta property=\"article:publisher\" content=\"https:\/\/www.facebook.com\/wiegoglobal\/\" \/>\n<meta property=\"article:modified_time\" content=\"2024-07-11T14:44:29+00:00\" \/>\n<meta property=\"og:image\" content=\"https:\/\/www.wiego.org\/wp-content\/uploads\/2024\/12\/WIEGO_Open-Graph_option-1-1024x538.png\" \/>\n\t<meta property=\"og:image:width\" content=\"1024\" \/>\n\t<meta property=\"og:image:height\" content=\"538\" \/>\n\t<meta property=\"og:image:type\" content=\"image\/png\" \/>\n<meta name=\"twitter:card\" content=\"summary_large_image\" \/>\n<meta name=\"twitter:site\" content=\"@wiegoglobal\" \/>\n<meta name=\"twitter:label1\" content=\"Est. reading time\" \/>\n\t<meta name=\"twitter:data1\" content=\"2 minutes\" \/>\n<script type=\"application\/ld+json\" class=\"yoast-schema-graph\">{\"@context\":\"https:\/\/schema.org\",\"@graph\":[{\"@type\":\"WebPage\",\"@id\":\"https:\/\/www.wiego.org\/fr\/portrait-statistique\/\",\"url\":\"https:\/\/www.wiego.org\/fr\/portrait-statistique\/\",\"name\":\"Portrait statistique - WIEGO\",\"isPartOf\":{\"@id\":\"https:\/\/www.wiego.org\/fr\/#website\"},\"datePublished\":\"2019-07-30T20:00:52+00:00\",\"dateModified\":\"2024-07-11T14:44:29+00:00\",\"breadcrumb\":{\"@id\":\"https:\/\/www.wiego.org\/fr\/portrait-statistique\/#breadcrumb\"},\"inLanguage\":\"fr-FR\",\"potentialAction\":[{\"@type\":\"ReadAction\",\"target\":[\"https:\/\/www.wiego.org\/fr\/portrait-statistique\/\"]}]},{\"@type\":\"WebSite\",\"@id\":\"https:\/\/www.wiego.org\/fr\/#website\",\"url\":\"https:\/\/www.wiego.org\/fr\/\",\"name\":\"WIEGO\",\"description\":\"\",\"publisher\":{\"@id\":\"https:\/\/www.wiego.org\/fr\/#organization\"},\"potentialAction\":[{\"@type\":\"SearchAction\",\"target\":{\"@type\":\"EntryPoint\",\"urlTemplate\":\"https:\/\/www.wiego.org\/fr\/?s={search_term_string}\"},\"query-input\":{\"@type\":\"PropertyValueSpecification\",\"valueRequired\":true,\"valueName\":\"search_term_string\"}}],\"inLanguage\":\"fr-FR\"},{\"@type\":\"Organization\",\"@id\":\"https:\/\/www.wiego.org\/fr\/#organization\",\"name\":\"WIEGO\",\"url\":\"https:\/\/www.wiego.org\/fr\/\",\"logo\":{\"@type\":\"ImageObject\",\"inLanguage\":\"fr-FR\",\"@id\":\"https:\/\/www.wiego.org\/fr\/#\/schema\/logo\/image\/\",\"url\":\"https:\/\/www.wiego.org\/wp-content\/uploads\/2024\/12\/logo.svg\",\"contentUrl\":\"https:\/\/www.wiego.org\/wp-content\/uploads\/2024\/12\/logo.svg\",\"width\":142,\"height\":90,\"caption\":\"WIEGO\"},\"image\":{\"@id\":\"https:\/\/www.wiego.org\/fr\/#\/schema\/logo\/image\/\"},\"sameAs\":[\"https:\/\/www.facebook.com\/wiegoglobal\/\",\"https:\/\/x.com\/wiegoglobal\",\"https:\/\/www.linkedin.com\/company\/wiego\/\",\"https:\/\/www.youtube.com\/user\/wiegoglobal\"],\"description\":\"WIEGO is a global network that supports the movement of workers in informal employment.\"},{\"@type\":\"BreadcrumbList\",\"itemListElement\":[{\"@type\":\"ListItem\",\"position\":1,\"item\":{\"@id\":\"https:\/\/www.wiego.org\/fr\/\",\"name\":\"WIEGO\"}},{\"@type\":\"ListItem\",\"position\":2,\"item\":{\"@id\":\"https:\/\/www.wiego.org\/fr\/blog\/\",\"name\":\"Blog WIEGO\"}}],\"@id\":\"\/#breadcrumb\"}]}<\/script>\n<!-- \/ Yoast SEO Premium plugin. -->","yoast_head_json":{"title":"Portrait statistique - WIEGO","robots":{"index":"index","follow":"follow","max-snippet":"max-snippet:-1","max-image-preview":"max-image-preview:large","max-video-preview":"max-video-preview:-1"},"canonical":"https:\/\/www.wiego.org\/fr\/portrait-statistique\/","og_locale":"fr_FR","og_type":"article","og_title":"Portrait statistique","og_description":"Pour \u00e9clairer les politiques \u00e9conomiques et sociales, il est utile de disposer de statistiques sur l\u2019ampleur, la composition, la contribution et autres dimensions de l\u2019\u00e9conomie informelle.\u00a0Or, comme il s\u2019agit d\u2019un domaine relativement nouveau du d\u00e9veloppement statistique, jusqu\u2019\u00e0 r\u00e9cemment les donn\u00e9es sur l\u2019emploi informel et l\u2019\u00e9conomie informelle \u00e9taient plut\u00f4t limit\u00e9es.","og_url":"https:\/\/www.wiego.org\/fr\/portrait-statistique\/","og_site_name":"WIEGO","article_publisher":"https:\/\/www.facebook.com\/wiegoglobal\/","article_modified_time":"2024-07-11T14:44:29+00:00","og_image":[{"width":1024,"height":538,"url":"https:\/\/www.wiego.org\/wp-content\/uploads\/2024\/12\/WIEGO_Open-Graph_option-1-1024x538.png","type":"image\/png"}],"twitter_card":"summary_large_image","twitter_site":"@wiegoglobal","twitter_misc":{"Est. reading time":"2 minutes"},"schema":{"@context":"https:\/\/schema.org","@graph":[{"@type":"WebPage","@id":"https:\/\/www.wiego.org\/fr\/portrait-statistique\/","url":"https:\/\/www.wiego.org\/fr\/portrait-statistique\/","name":"Portrait statistique - WIEGO","isPartOf":{"@id":"https:\/\/www.wiego.org\/fr\/#website"},"datePublished":"2019-07-30T20:00:52+00:00","dateModified":"2024-07-11T14:44:29+00:00","breadcrumb":{"@id":"https:\/\/www.wiego.org\/fr\/portrait-statistique\/#breadcrumb"},"inLanguage":"fr-FR","potentialAction":[{"@type":"ReadAction","target":["https:\/\/www.wiego.org\/fr\/portrait-statistique\/"]}]},{"@type":"WebSite","@id":"https:\/\/www.wiego.org\/fr\/#website","url":"https:\/\/www.wiego.org\/fr\/","name":"WIEGO","description":"","publisher":{"@id":"https:\/\/www.wiego.org\/fr\/#organization"},"potentialAction":[{"@type":"SearchAction","target":{"@type":"EntryPoint","urlTemplate":"https:\/\/www.wiego.org\/fr\/?s={search_term_string}"},"query-input":{"@type":"PropertyValueSpecification","valueRequired":true,"valueName":"search_term_string"}}],"inLanguage":"fr-FR"},{"@type":"Organization","@id":"https:\/\/www.wiego.org\/fr\/#organization","name":"WIEGO","url":"https:\/\/www.wiego.org\/fr\/","logo":{"@type":"ImageObject","inLanguage":"fr-FR","@id":"https:\/\/www.wiego.org\/fr\/#\/schema\/logo\/image\/","url":"https:\/\/www.wiego.org\/wp-content\/uploads\/2024\/12\/logo.svg","contentUrl":"https:\/\/www.wiego.org\/wp-content\/uploads\/2024\/12\/logo.svg","width":142,"height":90,"caption":"WIEGO"},"image":{"@id":"https:\/\/www.wiego.org\/fr\/#\/schema\/logo\/image\/"},"sameAs":["https:\/\/www.facebook.com\/wiegoglobal\/","https:\/\/x.com\/wiegoglobal","https:\/\/www.linkedin.com\/company\/wiego\/","https:\/\/www.youtube.com\/user\/wiegoglobal"],"description":"WIEGO is a global network that supports the movement of workers in informal employment."},{"@type":"BreadcrumbList","itemListElement":[{"@type":"ListItem","position":1,"item":{"@id":"https:\/\/www.wiego.org\/fr\/","name":"WIEGO"}},{"@type":"ListItem","position":2,"item":{"@id":"https:\/\/www.wiego.org\/fr\/blog\/","name":"Blog WIEGO"}}],"@id":"\/#breadcrumb"}]}},"_links":{"self":[{"href":"https:\/\/www.wiego.org\/fr\/wp-json\/wp\/v2\/pages\/26093","targetHints":{"allow":["GET"]}}],"collection":[{"href":"https:\/\/www.wiego.org\/fr\/wp-json\/wp\/v2\/pages"}],"about":[{"href":"https:\/\/www.wiego.org\/fr\/wp-json\/wp\/v2\/types\/page"}],"author":[{"embeddable":true,"href":"https:\/\/www.wiego.org\/fr\/wp-json\/wp\/v2\/users\/2"}],"replies":[{"embeddable":true,"href":"https:\/\/www.wiego.org\/fr\/wp-json\/wp\/v2\/comments?post=26093"}],"version-history":[{"count":0,"href":"https:\/\/www.wiego.org\/fr\/wp-json\/wp\/v2\/pages\/26093\/revisions"}],"wp:attachment":[{"href":"https:\/\/www.wiego.org\/fr\/wp-json\/wp\/v2\/media?parent=26093"}],"curies":[{"name":"wp","href":"https:\/\/api.w.org\/{rel}","templated":true}]}}