{"id":26092,"date":"2019-07-30T15:56:40","date_gmt":"2019-07-30T19:56:40","guid":{"rendered":"https:\/\/wiego.local\/fr-statistiques\/"},"modified":"2024-07-11T10:44:29","modified_gmt":"2024-07-11T14:44:29","slug":"statistiques","status":"publish","type":"page","link":"https:\/\/www.wiego.org\/fr\/statistiques\/","title":{"rendered":"Statistiques"},"content":{"rendered":"<h2>L\u2019\u00e9conomie informelle et la statistique<\/h2>\n<p>Dans les diff\u00e9rents domaines statistiques, l\u2019analyse de l\u2019emploi informel et des travailleuses et travailleurs de l\u2019informel s\u2019est introduit tr\u00e8s r\u00e9cemment. Nous examinons sous cette rubrique des donn\u00e9es disponibles, ainsi que des concepts, d\u00e9finitions et m\u00e9thodes \u00e9tayant ce domaine de recherche en pleine croissance.<\/p>\n<h3>Tableau statistique<\/h3>\n<p>Il nous faut des statistiques sur la taille, la composition, la contribution et d\u2019autres aspects de l\u2019\u00e9conomie informelle afin que les politiques \u00e9conomiques et sociales reposent sur des informations pr\u00e9cises. Jusqu\u2019\u00e0 r\u00e9cemment, on ne disposait que de donn\u00e9es limit\u00e9es portant sur l\u2019emploi et l\u2019\u00e9conomie informels. Cette rubrique contient des indicateurs cl\u00e9s autour de la taille et la composition de l\u2019\u00e9conomie informelle dans des pays tant en voie de d\u00e9veloppement que d\u00e9velopp\u00e9s.<\/p>\n<p>En savoir plus sur le <a href=\"https:\/\/www.wiego.org\/fr\/portrait-statistique\">Tableau statistique<\/a>.\u00a0<br \/>\nConsultez \u00e9galement <a href=\"https:\/\/www.wiego.org\/resources\/women-and-paid-work-key-facts\">Les facteurs essentiels aux femmes et au travail r\u00e9mun\u00e9r\u00e9<\/a> (2016).<\/p>\n<h3>Des concepts, d\u00e9finitions et m\u00e9thodes statistiques<\/h3>\n<p style=\"text-align:justify; margin-top:8px; margin-bottom:8px\">Sans un dialogue et une collaboration entre les statisticiennes et statisticiens, d\u2019une part, et les personnes utilisant des statistiques, d\u2019une autre, on manquera encore de donn\u00e9es fiables pour fournir la formulation de politiques. Toute personne int\u00e9ress\u00e9e souhaitant exploiter au maximum les donn\u00e9es disponibles sur l\u2019emploi informel trouvera sous cette rubrique les informations n\u00e9cessaires pour entamer des discussions avec des producteurs de statistiques en vue de leur faire part des besoins de donn\u00e9es additionnelles.<\/p>\n<p>En savoir plus sur\u00a0<a href=\"https:\/\/www.wiego.org\/informal-economy\/statistics\/concepts-definitions-methods\">Concepts, d\u00e9finitions et m\u00e9thodes<\/a>.<\/p>\n<h3>L&#8217;\u00e9laboration de statistiques sur l\u2019\u00e9conomie informelle<\/h3>\n<p style=\"text-align:justify; margin-top:8px; margin-bottom:8px\">Les statistiques sur l\u2019\u00e9conomie informelle ont fait leur apparition \u00e0 une \u00e9poque relativement r\u00e9cente. En 1993, la Conf\u00e9rence internationale des statisticiens du travail pr\u00e9conisa une d\u00e9finition statistique du secteur informel et des progr\u00e8s substantiels ont \u00e9t\u00e9 r\u00e9alis\u00e9s depuis \u2014 pour lesquels les efforts de collaboration entre des statisticiens publics, les personnes \u00e0 vocation de plaidoyer et d\u2019autres utilisateurs de donn\u00e9es ont jou\u00e9 un r\u00f4le important.<\/p>\n<p>En savoir plus sur\u00a0<a href=\"https:\/\/www.wiego.org\/informal-economy\/statistics\/development-statistics-informal-economy\">L&#8217;\u00e9laboration de statistiques sur l\u2019\u00e9conomie informelle<\/a>.<\/p>\n<p>\u00a0<\/p>\n<p>Consultez tous les\u00a0<a href=\"https:\/\/www.wiego.org\/search?search_api_fulltext=&#038;field_informal_economy_topic%5B105%5D=105&#038;type%5Bblog%5D=blog&#038;field_language%5B82%5D=82&#038;field_authors=\">blogs de WIEGO concertant les statistiques<\/a><\/p>\n<p>\u00a0<\/p>\n","protected":false},"excerpt":{"rendered":"<p>L\u2019\u00e9conomie informelle et la statistique<\/p>\n<p>Dans les diff\u00e9rents domaines statistiques, l\u2019analyse de l\u2019emploi informel et des travailleuses et travailleurs de l\u2019informel s\u2019est introduit tr\u00e8s r\u00e9cemment. Nous examinons sous cette rubrique des donn\u00e9es disponibles, ainsi que des concepts, d\u00e9finitions et m\u00e9thodes \u00e9tayant ce domaine de recherche en pleine croissance.<\/p>\n","protected":false},"author":2,"featured_media":0,"parent":0,"menu_order":0,"comment_status":"closed","ping_status":"closed","template":"","meta":{"_acf_changed":false,"_relevanssi_hide_post":"","_relevanssi_hide_content":"","_relevanssi_pin_for_all":"","_relevanssi_pin_keywords":"","_relevanssi_unpin_keywords":"","_relevanssi_related_keywords":"","_relevanssi_related_include_ids":"","_relevanssi_related_exclude_ids":"","_relevanssi_related_no_append":"","_relevanssi_related_not_related":"","_relevanssi_related_posts":"","_relevanssi_noindex_reason":"","footnotes":""},"class_list":["post-26092","page","type-page","status-publish","hentry"],"acf":[],"yoast_head":"<!-- This site is optimized with the Yoast SEO Premium plugin v23.8 (Yoast SEO v27.0) - https:\/\/yoast.com\/product\/yoast-seo-premium-wordpress\/ -->\n<title>Statistiques - WIEGO<\/title>\n<meta name=\"robots\" content=\"index, follow, max-snippet:-1, max-image-preview:large, max-video-preview:-1\" \/>\n<link rel=\"canonical\" href=\"https:\/\/www.wiego.org\/fr\/statistiques\/\" \/>\n<meta property=\"og:locale\" content=\"fr_FR\" \/>\n<meta property=\"og:type\" content=\"article\" \/>\n<meta property=\"og:title\" content=\"Statistiques\" \/>\n<meta property=\"og:description\" content=\"L\u2019\u00e9conomie informelle et la statistique Dans les diff\u00e9rents domaines statistiques, l\u2019analyse de l\u2019emploi informel et des travailleuses et travailleurs de l\u2019informel s\u2019est introduit tr\u00e8s r\u00e9cemment. Nous examinons sous cette rubrique des donn\u00e9es disponibles, ainsi que des concepts, d\u00e9finitions et m\u00e9thodes \u00e9tayant ce domaine de recherche en pleine croissance.\" \/>\n<meta property=\"og:url\" content=\"https:\/\/www.wiego.org\/fr\/statistiques\/\" \/>\n<meta property=\"og:site_name\" content=\"WIEGO\" \/>\n<meta property=\"article:publisher\" content=\"https:\/\/www.facebook.com\/wiegoglobal\/\" \/>\n<meta property=\"article:modified_time\" content=\"2024-07-11T14:44:29+00:00\" \/>\n<meta property=\"og:image\" content=\"https:\/\/www.wiego.org\/wp-content\/uploads\/2024\/12\/WIEGO_Open-Graph_option-1-1024x538.png\" \/>\n\t<meta property=\"og:image:width\" content=\"1024\" \/>\n\t<meta property=\"og:image:height\" content=\"538\" \/>\n\t<meta property=\"og:image:type\" content=\"image\/png\" \/>\n<meta name=\"twitter:card\" content=\"summary_large_image\" \/>\n<meta name=\"twitter:site\" content=\"@wiegoglobal\" \/>\n<meta name=\"twitter:label1\" content=\"Est. reading time\" \/>\n\t<meta name=\"twitter:data1\" content=\"2 minutes\" \/>\n<script type=\"application\/ld+json\" class=\"yoast-schema-graph\">{\"@context\":\"https:\/\/schema.org\",\"@graph\":[{\"@type\":\"WebPage\",\"@id\":\"https:\/\/www.wiego.org\/fr\/statistiques\/\",\"url\":\"https:\/\/www.wiego.org\/fr\/statistiques\/\",\"name\":\"Statistiques - WIEGO\",\"isPartOf\":{\"@id\":\"https:\/\/www.wiego.org\/fr\/#website\"},\"datePublished\":\"2019-07-30T19:56:40+00:00\",\"dateModified\":\"2024-07-11T14:44:29+00:00\",\"breadcrumb\":{\"@id\":\"https:\/\/www.wiego.org\/fr\/statistiques\/#breadcrumb\"},\"inLanguage\":\"fr-FR\",\"potentialAction\":[{\"@type\":\"ReadAction\",\"target\":[\"https:\/\/www.wiego.org\/fr\/statistiques\/\"]}]},{\"@type\":\"WebSite\",\"@id\":\"https:\/\/www.wiego.org\/fr\/#website\",\"url\":\"https:\/\/www.wiego.org\/fr\/\",\"name\":\"WIEGO\",\"description\":\"\",\"publisher\":{\"@id\":\"https:\/\/www.wiego.org\/fr\/#organization\"},\"potentialAction\":[{\"@type\":\"SearchAction\",\"target\":{\"@type\":\"EntryPoint\",\"urlTemplate\":\"https:\/\/www.wiego.org\/fr\/?s={search_term_string}\"},\"query-input\":{\"@type\":\"PropertyValueSpecification\",\"valueRequired\":true,\"valueName\":\"search_term_string\"}}],\"inLanguage\":\"fr-FR\"},{\"@type\":\"Organization\",\"@id\":\"https:\/\/www.wiego.org\/fr\/#organization\",\"name\":\"WIEGO\",\"url\":\"https:\/\/www.wiego.org\/fr\/\",\"logo\":{\"@type\":\"ImageObject\",\"inLanguage\":\"fr-FR\",\"@id\":\"https:\/\/www.wiego.org\/fr\/#\/schema\/logo\/image\/\",\"url\":\"https:\/\/www.wiego.org\/wp-content\/uploads\/2024\/12\/logo.svg\",\"contentUrl\":\"https:\/\/www.wiego.org\/wp-content\/uploads\/2024\/12\/logo.svg\",\"width\":142,\"height\":90,\"caption\":\"WIEGO\"},\"image\":{\"@id\":\"https:\/\/www.wiego.org\/fr\/#\/schema\/logo\/image\/\"},\"sameAs\":[\"https:\/\/www.facebook.com\/wiegoglobal\/\",\"https:\/\/x.com\/wiegoglobal\",\"https:\/\/www.linkedin.com\/company\/wiego\/\",\"https:\/\/www.youtube.com\/user\/wiegoglobal\"],\"description\":\"WIEGO is a global network that supports the movement of workers in informal employment.\"},{\"@type\":\"BreadcrumbList\",\"itemListElement\":[{\"@type\":\"ListItem\",\"position\":1,\"item\":{\"@id\":\"https:\/\/www.wiego.org\/fr\/\",\"name\":\"WIEGO\"}},{\"@type\":\"ListItem\",\"position\":2,\"item\":{\"@id\":\"https:\/\/www.wiego.org\/fr\/blog\/\",\"name\":\"Blog WIEGO\"}}],\"@id\":\"\/#breadcrumb\"}]}<\/script>\n<!-- \/ Yoast SEO Premium plugin. -->","yoast_head_json":{"title":"Statistiques - WIEGO","robots":{"index":"index","follow":"follow","max-snippet":"max-snippet:-1","max-image-preview":"max-image-preview:large","max-video-preview":"max-video-preview:-1"},"canonical":"https:\/\/www.wiego.org\/fr\/statistiques\/","og_locale":"fr_FR","og_type":"article","og_title":"Statistiques","og_description":"L\u2019\u00e9conomie informelle et la statistique Dans les diff\u00e9rents domaines statistiques, l\u2019analyse de l\u2019emploi informel et des travailleuses et travailleurs de l\u2019informel s\u2019est introduit tr\u00e8s r\u00e9cemment. Nous examinons sous cette rubrique des donn\u00e9es disponibles, ainsi que des concepts, d\u00e9finitions et m\u00e9thodes \u00e9tayant ce domaine de recherche en pleine croissance.","og_url":"https:\/\/www.wiego.org\/fr\/statistiques\/","og_site_name":"WIEGO","article_publisher":"https:\/\/www.facebook.com\/wiegoglobal\/","article_modified_time":"2024-07-11T14:44:29+00:00","og_image":[{"width":1024,"height":538,"url":"https:\/\/www.wiego.org\/wp-content\/uploads\/2024\/12\/WIEGO_Open-Graph_option-1-1024x538.png","type":"image\/png"}],"twitter_card":"summary_large_image","twitter_site":"@wiegoglobal","twitter_misc":{"Est. reading time":"2 minutes"},"schema":{"@context":"https:\/\/schema.org","@graph":[{"@type":"WebPage","@id":"https:\/\/www.wiego.org\/fr\/statistiques\/","url":"https:\/\/www.wiego.org\/fr\/statistiques\/","name":"Statistiques - WIEGO","isPartOf":{"@id":"https:\/\/www.wiego.org\/fr\/#website"},"datePublished":"2019-07-30T19:56:40+00:00","dateModified":"2024-07-11T14:44:29+00:00","breadcrumb":{"@id":"https:\/\/www.wiego.org\/fr\/statistiques\/#breadcrumb"},"inLanguage":"fr-FR","potentialAction":[{"@type":"ReadAction","target":["https:\/\/www.wiego.org\/fr\/statistiques\/"]}]},{"@type":"WebSite","@id":"https:\/\/www.wiego.org\/fr\/#website","url":"https:\/\/www.wiego.org\/fr\/","name":"WIEGO","description":"","publisher":{"@id":"https:\/\/www.wiego.org\/fr\/#organization"},"potentialAction":[{"@type":"SearchAction","target":{"@type":"EntryPoint","urlTemplate":"https:\/\/www.wiego.org\/fr\/?s={search_term_string}"},"query-input":{"@type":"PropertyValueSpecification","valueRequired":true,"valueName":"search_term_string"}}],"inLanguage":"fr-FR"},{"@type":"Organization","@id":"https:\/\/www.wiego.org\/fr\/#organization","name":"WIEGO","url":"https:\/\/www.wiego.org\/fr\/","logo":{"@type":"ImageObject","inLanguage":"fr-FR","@id":"https:\/\/www.wiego.org\/fr\/#\/schema\/logo\/image\/","url":"https:\/\/www.wiego.org\/wp-content\/uploads\/2024\/12\/logo.svg","contentUrl":"https:\/\/www.wiego.org\/wp-content\/uploads\/2024\/12\/logo.svg","width":142,"height":90,"caption":"WIEGO"},"image":{"@id":"https:\/\/www.wiego.org\/fr\/#\/schema\/logo\/image\/"},"sameAs":["https:\/\/www.facebook.com\/wiegoglobal\/","https:\/\/x.com\/wiegoglobal","https:\/\/www.linkedin.com\/company\/wiego\/","https:\/\/www.youtube.com\/user\/wiegoglobal"],"description":"WIEGO is a global network that supports the movement of workers in informal employment."},{"@type":"BreadcrumbList","itemListElement":[{"@type":"ListItem","position":1,"item":{"@id":"https:\/\/www.wiego.org\/fr\/","name":"WIEGO"}},{"@type":"ListItem","position":2,"item":{"@id":"https:\/\/www.wiego.org\/fr\/blog\/","name":"Blog WIEGO"}}],"@id":"\/#breadcrumb"}]}},"_links":{"self":[{"href":"https:\/\/www.wiego.org\/fr\/wp-json\/wp\/v2\/pages\/26092","targetHints":{"allow":["GET"]}}],"collection":[{"href":"https:\/\/www.wiego.org\/fr\/wp-json\/wp\/v2\/pages"}],"about":[{"href":"https:\/\/www.wiego.org\/fr\/wp-json\/wp\/v2\/types\/page"}],"author":[{"embeddable":true,"href":"https:\/\/www.wiego.org\/fr\/wp-json\/wp\/v2\/users\/2"}],"replies":[{"embeddable":true,"href":"https:\/\/www.wiego.org\/fr\/wp-json\/wp\/v2\/comments?post=26092"}],"version-history":[{"count":0,"href":"https:\/\/www.wiego.org\/fr\/wp-json\/wp\/v2\/pages\/26092\/revisions"}],"wp:attachment":[{"href":"https:\/\/www.wiego.org\/fr\/wp-json\/wp\/v2\/media?parent=26092"}],"curies":[{"name":"wp","href":"https:\/\/api.w.org\/{rel}","templated":true}]}}