{"id":26091,"date":"2019-07-29T18:44:37","date_gmt":"2019-07-29T22:44:37","guid":{"rendered":"https:\/\/wiego.local\/fr-que-faisons-nous\/"},"modified":"2024-07-11T10:44:29","modified_gmt":"2024-07-11T14:44:29","slug":"que-faisons-nous","status":"publish","type":"page","link":"https:\/\/www.wiego.org\/fr\/que-faisons-nous\/","title":{"rendered":"Que faisons-nous"},"content":{"rendered":"<h2>Le travail de WIEGO<\/h2>\n<p style=\"margin-right:15px; margin-bottom:11px; text-align:justify\">WIEGO soutient, renforce et connecte les organisations de travailleuse\u00b7eur\u00b7s d\u00e9muni\u00b7e\u00b7s pour leur permettre d\u2019amplifier leur voix collective dans les organes d\u2019\u00e9laboration des politiques et d\u2019\u00e9tablissement de r\u00e8gles qui affectent leur travail et leur vie.<\/p>\n<p>WIEGO m\u00e8ne et sponsorise des recherches et aide \u00e0 l\u2019\u00e9laboration et \u00e0 <a data-entity-substitution=\"canonical\" data-entity-type=\"node\" data-entity-uuid=\"de6677b1-83d9-4aab-b29a-21981946665f\" href=\"\/fr\/portrait-statistique\">l\u2019am\u00e9lioration des statistiques officielles<\/a> sur l\u2019emploi informel et l\u2019\u00e9conomie informelle afin d\u2019accro\u00eetre la visibilit\u00e9 des travailleuse\u00b7eur\u00b7s de ce secteur. Nos <a data-entity-substitution=\"canonical\" data-entity-type=\"node\" data-entity-uuid=\"95791102-f975-4a50-9baf-3ffe31887625\" href=\"\/node\/353\">publications<\/a> et notre site Web offrent une grande richesse de donn\u00e9es sur l\u2019\u00e9conomie informelle.<\/p>\n<p>WIEGO promeut la validit\u00e9 des travailleuse\u00b7eur\u00b7s de l\u2019\u00e9conomie informelle en tant qu\u2019agent\u00b7e\u00b7s \u00e9conomiques l\u00e9gitimes qui contribuent \u00e0 l\u2019\u00e9conomie mondiale et en tant que b\u00e9n\u00e9ficiaires l\u00e9gitimes des politiques \u00e9conomiques et sociales. Nous faisons \u00e9galement progresser leur int\u00e9gration dans les processus d\u2019\u00e9laboration des politiques et d\u2019\u00e9tablissement des r\u00e8gles.<\/p>\n<p>Notre travail se concentre principalement sur l\u2019emploi informel urbain dans le monde entier, qui inclut ces quatre secteurs dans lesquels travaille un grand nombre de travailleuses d\u00e9munies\u00a0: <a data-entity-substitution=\"canonical\" data-entity-type=\"node\" data-entity-uuid=\"52b9d005-cf4d-41e8-86a2-d505edfda42b\" href=\"\/fr\/informal-economy\/occupational-groups\/domestic-workers\">les travailleuses domestiques,<\/a> <a data-entity-substitution=\"canonical\" data-entity-type=\"node\" data-entity-uuid=\"99c39e7e-c3e7-47b6-9402-ec3c09d85861\" href=\"\/fr\/les-travailleuseeurs-domicile\">les travailleuse\u00b7eur\u00b7s \u00e0 domicile<\/a> (y compris <a data-entity-substitution=\"canonical\" data-entity-type=\"node\" data-entity-uuid=\"2c9b3172-e468-4ced-9f09-113f487b26cc\" href=\"\/garment-workers\">les travailleuse\u00b7eur\u00b7s de l\u2019industrie du v\u00eatement<\/a>), <a data-entity-substitution=\"canonical\" data-entity-type=\"node\" data-entity-uuid=\"6f62416f-7310-4c44-8cc4-39102f85fc75\" href=\"\/fr\/les-vendeuseeurs-de-rue-et-les-commercantes-de-marche\">les vendeuse\u00b7eur\u00b7s de rue<\/a> et <a data-entity-substitution=\"canonical\" data-entity-type=\"node\" data-entity-uuid=\"a6b171fe-4f7b-4b37-b1b5-e8f131e1f0f1\" href=\"\/fr\/recuperatriceeurs-de-materiaux\">les r\u00e9cup\u00e9ratrice\u00b7eur\u00b7s de mat\u00e9riaux<\/a>.<\/p>\n<p>WIEGO effectue ce travail dans cinq <a data-entity-substitution=\"canonical\" data-entity-type=\"node\" data-entity-uuid=\"e7c79792-f330-4d44-9af4-97f1ff0c3e21\" href=\"\/fr\/principaux-programmes\">Programmes<\/a> et cinq <a data-entity-substitution=\"canonical\" data-entity-type=\"node\" data-entity-uuid=\"f0d6d673-8787-4737-962d-a8e6e9dbdb8f\" href=\"\/fr\/villes-focales\">Villes Focales<\/a>, ainsi que par le biais de nombreuses <a data-entity-substitution=\"canonical\" data-entity-type=\"node\" data-entity-uuid=\"dabd9ef3-18d1-4f5d-aaca-92efcb79f2e1\" href=\"\/our-work-impact\/special-initiatives\">Initiatives sp\u00e9ciales<\/a>.<\/p>\n<hr \/>\n<h2>Comment nous le faisons ?<\/h2>\n<p style=\"margin-right:15px; margin-bottom:11px; text-align:justify\">WIEGO se distingue des autres organisations mondiales de recherche ou de plaidoyer dans la fa\u00e7on dont nous mobilisons des recherches cr\u00e9dibles, des statistiques et des analyses politiques en soutien de la lutte quotidienne pour les droits et la dignit\u00e9 des travailleuse\u00b7eur\u00b7s d\u00e9muni\u00b7e\u00b7s \u2013\u00a0en particulier les femmes\u00a0\u2013 dans l\u2019\u00e9conomie informelle.<\/p>\n<p>En raison de notre engagement direct avec les organisations de travailleuse\u00b7eur\u00b7s de l\u2019\u00e9conomie informelle, l\u2019analyse de WIEGO se concentre sur <a data-entity-substitution=\"canonical\" data-entity-type=\"node\" data-entity-uuid=\"d5ed7866-17bf-4d9c-b145-9cd8aa73b910\" href=\"\/node\/75\">la r\u00e9alit\u00e9 concr\u00e8te des travailleuse\u00b7eur\u00b7s d\u00e9muni\u00b7e\u00b7s<\/a>, en particulier les femmes, dans l\u2019\u00e9conomie informelle et notre programme de recherche et de politique refl\u00e8te leurs besoins et leurs demandes.<\/p>\n<p>Les alliances entre nos trois groupes \u2013\u00a0organisations de travailleuse\u00b7eur\u00b7s, chercheuse\u00b7eur\u00b7s, statisticien\u00b7ne\u00b7s et praticien\u00b7ne\u00b7s du d\u00e9veloppement\u00a0\u2013 ont permis de mieux comprendre l\u2019\u00e9conomie informelle, de tirer des conclusions rigoureuses et d\u2019analyser en connaissance de cause, ainsi que de tirer parti et d\u2019influencer des d\u00e9cideuse\u00b7eur\u00b7s inform\u00e9\u00b7e\u00b7s.<\/p>\n","protected":false},"excerpt":{"rendered":"<p>Le travail de WIEGO<\/p>\n<p>WIEGO soutient, renforce et connecte les organisations de travailleuse\u00b7eur\u00b7s d\u00e9muni\u00b7e\u00b7s pour leur permettre d\u2019amplifier leur voix collective dans les organes d\u2019\u00e9laboration des politiques et d\u2019\u00e9tablissement de r\u00e8gles qui affectent leur travail et leur vie.<\/p>\n","protected":false},"author":2,"featured_media":11952,"parent":0,"menu_order":0,"comment_status":"closed","ping_status":"closed","template":"","meta":{"_acf_changed":false,"_relevanssi_hide_post":"","_relevanssi_hide_content":"","_relevanssi_pin_for_all":"","_relevanssi_pin_keywords":"","_relevanssi_unpin_keywords":"","_relevanssi_related_keywords":"","_relevanssi_related_include_ids":"","_relevanssi_related_exclude_ids":"","_relevanssi_related_no_append":"","_relevanssi_related_not_related":"","_relevanssi_related_posts":"","_relevanssi_noindex_reason":"","footnotes":""},"class_list":["post-26091","page","type-page","status-publish","has-post-thumbnail","hentry"],"acf":[],"yoast_head":"<!-- This site is optimized with the Yoast SEO Premium plugin v23.8 (Yoast SEO v27.0) - https:\/\/yoast.com\/product\/yoast-seo-premium-wordpress\/ -->\n<title>Que faisons-nous - WIEGO<\/title>\n<meta name=\"robots\" content=\"index, follow, max-snippet:-1, max-image-preview:large, max-video-preview:-1\" \/>\n<link rel=\"canonical\" href=\"https:\/\/www.wiego.org\/fr\/que-faisons-nous\/\" \/>\n<meta property=\"og:locale\" content=\"fr_FR\" \/>\n<meta property=\"og:type\" content=\"article\" \/>\n<meta property=\"og:title\" content=\"Que faisons-nous\" \/>\n<meta property=\"og:description\" content=\"Le travail de WIEGO WIEGO soutient, renforce et connecte les organisations de travailleuse\u00b7eur\u00b7s d\u00e9muni\u00b7e\u00b7s pour leur permettre d\u2019amplifier leur voix collective dans les organes d\u2019\u00e9laboration des politiques et d\u2019\u00e9tablissement de r\u00e8gles qui affectent leur travail et leur vie.\" \/>\n<meta property=\"og:url\" content=\"https:\/\/www.wiego.org\/fr\/que-faisons-nous\/\" \/>\n<meta property=\"og:site_name\" content=\"WIEGO\" \/>\n<meta property=\"article:publisher\" content=\"https:\/\/www.facebook.com\/wiegoglobal\/\" \/>\n<meta property=\"article:modified_time\" content=\"2024-07-11T14:44:29+00:00\" \/>\n<meta property=\"og:image\" content=\"http:\/\/www.wiego.org\/wp-content\/uploads\/2019\/09\/HeadLoaders_Ahmedabad_2015_Bronstein_1.jpg\" \/>\n\t<meta property=\"og:image:width\" content=\"1140\" \/>\n\t<meta property=\"og:image:height\" content=\"430\" \/>\n\t<meta property=\"og:image:type\" content=\"image\/jpeg\" \/>\n<meta name=\"twitter:card\" content=\"summary_large_image\" \/>\n<meta name=\"twitter:site\" content=\"@wiegoglobal\" \/>\n<meta name=\"twitter:label1\" content=\"Est. reading time\" \/>\n\t<meta name=\"twitter:data1\" content=\"2 minutes\" \/>\n<script type=\"application\/ld+json\" class=\"yoast-schema-graph\">{\"@context\":\"https:\/\/schema.org\",\"@graph\":[{\"@type\":\"WebPage\",\"@id\":\"https:\/\/www.wiego.org\/fr\/que-faisons-nous\/\",\"url\":\"https:\/\/www.wiego.org\/fr\/que-faisons-nous\/\",\"name\":\"Que faisons-nous - WIEGO\",\"isPartOf\":{\"@id\":\"https:\/\/www.wiego.org\/fr\/#website\"},\"primaryImageOfPage\":{\"@id\":\"https:\/\/www.wiego.org\/fr\/que-faisons-nous\/#primaryimage\"},\"image\":{\"@id\":\"https:\/\/www.wiego.org\/fr\/que-faisons-nous\/#primaryimage\"},\"thumbnailUrl\":\"https:\/\/www.wiego.org\/wp-content\/uploads\/2019\/09\/HeadLoaders_Ahmedabad_2015_Bronstein_1.jpg\",\"datePublished\":\"2019-07-29T22:44:37+00:00\",\"dateModified\":\"2024-07-11T14:44:29+00:00\",\"breadcrumb\":{\"@id\":\"https:\/\/www.wiego.org\/fr\/que-faisons-nous\/#breadcrumb\"},\"inLanguage\":\"fr-FR\",\"potentialAction\":[{\"@type\":\"ReadAction\",\"target\":[\"https:\/\/www.wiego.org\/fr\/que-faisons-nous\/\"]}]},{\"@type\":\"ImageObject\",\"inLanguage\":\"fr-FR\",\"@id\":\"https:\/\/www.wiego.org\/fr\/que-faisons-nous\/#primaryimage\",\"url\":\"https:\/\/www.wiego.org\/wp-content\/uploads\/2019\/09\/HeadLoaders_Ahmedabad_2015_Bronstein_1.jpg\",\"contentUrl\":\"https:\/\/www.wiego.org\/wp-content\/uploads\/2019\/09\/HeadLoaders_Ahmedabad_2015_Bronstein_1.jpg\",\"width\":1140,\"height\":430},{\"@type\":\"WebSite\",\"@id\":\"https:\/\/www.wiego.org\/fr\/#website\",\"url\":\"https:\/\/www.wiego.org\/fr\/\",\"name\":\"WIEGO\",\"description\":\"\",\"publisher\":{\"@id\":\"https:\/\/www.wiego.org\/fr\/#organization\"},\"potentialAction\":[{\"@type\":\"SearchAction\",\"target\":{\"@type\":\"EntryPoint\",\"urlTemplate\":\"https:\/\/www.wiego.org\/fr\/?s={search_term_string}\"},\"query-input\":{\"@type\":\"PropertyValueSpecification\",\"valueRequired\":true,\"valueName\":\"search_term_string\"}}],\"inLanguage\":\"fr-FR\"},{\"@type\":\"Organization\",\"@id\":\"https:\/\/www.wiego.org\/fr\/#organization\",\"name\":\"WIEGO\",\"url\":\"https:\/\/www.wiego.org\/fr\/\",\"logo\":{\"@type\":\"ImageObject\",\"inLanguage\":\"fr-FR\",\"@id\":\"https:\/\/www.wiego.org\/fr\/#\/schema\/logo\/image\/\",\"url\":\"https:\/\/www.wiego.org\/wp-content\/uploads\/2024\/12\/logo.svg\",\"contentUrl\":\"https:\/\/www.wiego.org\/wp-content\/uploads\/2024\/12\/logo.svg\",\"width\":142,\"height\":90,\"caption\":\"WIEGO\"},\"image\":{\"@id\":\"https:\/\/www.wiego.org\/fr\/#\/schema\/logo\/image\/\"},\"sameAs\":[\"https:\/\/www.facebook.com\/wiegoglobal\/\",\"https:\/\/x.com\/wiegoglobal\",\"https:\/\/www.linkedin.com\/company\/wiego\/\",\"https:\/\/www.youtube.com\/user\/wiegoglobal\"],\"description\":\"WIEGO is a global network that supports the movement of workers in informal employment.\"},{\"@type\":\"BreadcrumbList\",\"itemListElement\":[{\"@type\":\"ListItem\",\"position\":1,\"item\":{\"@id\":\"https:\/\/www.wiego.org\/fr\/\",\"name\":\"WIEGO\"}},{\"@type\":\"ListItem\",\"position\":2,\"item\":{\"@id\":\"https:\/\/www.wiego.org\/fr\/blog\/\",\"name\":\"Blog WIEGO\"}}],\"@id\":\"\/#breadcrumb\"}]}<\/script>\n<!-- \/ Yoast SEO Premium plugin. -->","yoast_head_json":{"title":"Que faisons-nous - WIEGO","robots":{"index":"index","follow":"follow","max-snippet":"max-snippet:-1","max-image-preview":"max-image-preview:large","max-video-preview":"max-video-preview:-1"},"canonical":"https:\/\/www.wiego.org\/fr\/que-faisons-nous\/","og_locale":"fr_FR","og_type":"article","og_title":"Que faisons-nous","og_description":"Le travail de WIEGO WIEGO soutient, renforce et connecte les organisations de travailleuse\u00b7eur\u00b7s d\u00e9muni\u00b7e\u00b7s pour leur permettre d\u2019amplifier leur voix collective dans les organes d\u2019\u00e9laboration des politiques et d\u2019\u00e9tablissement de r\u00e8gles qui affectent leur travail et leur vie.","og_url":"https:\/\/www.wiego.org\/fr\/que-faisons-nous\/","og_site_name":"WIEGO","article_publisher":"https:\/\/www.facebook.com\/wiegoglobal\/","article_modified_time":"2024-07-11T14:44:29+00:00","og_image":[{"width":1140,"height":430,"url":"http:\/\/www.wiego.org\/wp-content\/uploads\/2019\/09\/HeadLoaders_Ahmedabad_2015_Bronstein_1.jpg","type":"image\/jpeg"}],"twitter_card":"summary_large_image","twitter_site":"@wiegoglobal","twitter_misc":{"Est. reading time":"2 minutes"},"schema":{"@context":"https:\/\/schema.org","@graph":[{"@type":"WebPage","@id":"https:\/\/www.wiego.org\/fr\/que-faisons-nous\/","url":"https:\/\/www.wiego.org\/fr\/que-faisons-nous\/","name":"Que faisons-nous - WIEGO","isPartOf":{"@id":"https:\/\/www.wiego.org\/fr\/#website"},"primaryImageOfPage":{"@id":"https:\/\/www.wiego.org\/fr\/que-faisons-nous\/#primaryimage"},"image":{"@id":"https:\/\/www.wiego.org\/fr\/que-faisons-nous\/#primaryimage"},"thumbnailUrl":"https:\/\/www.wiego.org\/wp-content\/uploads\/2019\/09\/HeadLoaders_Ahmedabad_2015_Bronstein_1.jpg","datePublished":"2019-07-29T22:44:37+00:00","dateModified":"2024-07-11T14:44:29+00:00","breadcrumb":{"@id":"https:\/\/www.wiego.org\/fr\/que-faisons-nous\/#breadcrumb"},"inLanguage":"fr-FR","potentialAction":[{"@type":"ReadAction","target":["https:\/\/www.wiego.org\/fr\/que-faisons-nous\/"]}]},{"@type":"ImageObject","inLanguage":"fr-FR","@id":"https:\/\/www.wiego.org\/fr\/que-faisons-nous\/#primaryimage","url":"https:\/\/www.wiego.org\/wp-content\/uploads\/2019\/09\/HeadLoaders_Ahmedabad_2015_Bronstein_1.jpg","contentUrl":"https:\/\/www.wiego.org\/wp-content\/uploads\/2019\/09\/HeadLoaders_Ahmedabad_2015_Bronstein_1.jpg","width":1140,"height":430},{"@type":"WebSite","@id":"https:\/\/www.wiego.org\/fr\/#website","url":"https:\/\/www.wiego.org\/fr\/","name":"WIEGO","description":"","publisher":{"@id":"https:\/\/www.wiego.org\/fr\/#organization"},"potentialAction":[{"@type":"SearchAction","target":{"@type":"EntryPoint","urlTemplate":"https:\/\/www.wiego.org\/fr\/?s={search_term_string}"},"query-input":{"@type":"PropertyValueSpecification","valueRequired":true,"valueName":"search_term_string"}}],"inLanguage":"fr-FR"},{"@type":"Organization","@id":"https:\/\/www.wiego.org\/fr\/#organization","name":"WIEGO","url":"https:\/\/www.wiego.org\/fr\/","logo":{"@type":"ImageObject","inLanguage":"fr-FR","@id":"https:\/\/www.wiego.org\/fr\/#\/schema\/logo\/image\/","url":"https:\/\/www.wiego.org\/wp-content\/uploads\/2024\/12\/logo.svg","contentUrl":"https:\/\/www.wiego.org\/wp-content\/uploads\/2024\/12\/logo.svg","width":142,"height":90,"caption":"WIEGO"},"image":{"@id":"https:\/\/www.wiego.org\/fr\/#\/schema\/logo\/image\/"},"sameAs":["https:\/\/www.facebook.com\/wiegoglobal\/","https:\/\/x.com\/wiegoglobal","https:\/\/www.linkedin.com\/company\/wiego\/","https:\/\/www.youtube.com\/user\/wiegoglobal"],"description":"WIEGO is a global network that supports the movement of workers in informal employment."},{"@type":"BreadcrumbList","itemListElement":[{"@type":"ListItem","position":1,"item":{"@id":"https:\/\/www.wiego.org\/fr\/","name":"WIEGO"}},{"@type":"ListItem","position":2,"item":{"@id":"https:\/\/www.wiego.org\/fr\/blog\/","name":"Blog WIEGO"}}],"@id":"\/#breadcrumb"}]}},"_links":{"self":[{"href":"https:\/\/www.wiego.org\/fr\/wp-json\/wp\/v2\/pages\/26091","targetHints":{"allow":["GET"]}}],"collection":[{"href":"https:\/\/www.wiego.org\/fr\/wp-json\/wp\/v2\/pages"}],"about":[{"href":"https:\/\/www.wiego.org\/fr\/wp-json\/wp\/v2\/types\/page"}],"author":[{"embeddable":true,"href":"https:\/\/www.wiego.org\/fr\/wp-json\/wp\/v2\/users\/2"}],"replies":[{"embeddable":true,"href":"https:\/\/www.wiego.org\/fr\/wp-json\/wp\/v2\/comments?post=26091"}],"version-history":[{"count":0,"href":"https:\/\/www.wiego.org\/fr\/wp-json\/wp\/v2\/pages\/26091\/revisions"}],"wp:featuredmedia":[{"embeddable":true,"href":"https:\/\/www.wiego.org\/fr\/wp-json\/wp\/v2\/media\/11952"}],"wp:attachment":[{"href":"https:\/\/www.wiego.org\/fr\/wp-json\/wp\/v2\/media?parent=26091"}],"curies":[{"name":"wp","href":"https:\/\/api.w.org\/{rel}","templated":true}]}}