{"id":26088,"date":"2019-06-25T20:26:24","date_gmt":"2019-06-26T00:26:24","guid":{"rendered":"https:\/\/wiego.local\/fr-leconomie-informelle\/"},"modified":"2024-07-11T10:44:29","modified_gmt":"2024-07-11T14:44:29","slug":"leconomie-informelle","status":"publish","type":"page","link":"https:\/\/www.wiego.org\/fr\/leconomie-informelle\/","title":{"rendered":"L\u2019\u00e9conomie informelle"},"content":{"rendered":"<figure role=\"group\"><img decoding=\"async\" alt=\"femme sur un march\u00e9\" data-entity-type=\"file\" data-entity-uuid=\"793c9231-4b46-4b0b-a741-8a28c0ab53f8\" src=\"\/sites\/default\/files\/inline-images\/2017-blog-OAbizaid-Dakar-SV.jpg\" width=\"580\" height=\"435\" loading=\"lazy\" \/><figcaption>Photo by Olga Abizaid<\/figcaption><\/figure>\n<h2>Qu\u2019est-ce que l\u2019\u00e9conomie informelle ?<\/h2>\n<p>L\u2019\u00e9conomie informelle est l\u2019ensemble diversifi\u00e9 d\u2019activit\u00e9s \u00e9conomiques, d\u2019entreprises, d\u2019emplois et de travailleuse\u00b7eur\u00b7s qui ne sont pas r\u00e9glement\u00e9\u00b7e\u00b7s ou prot\u00e9g\u00e9\u00b7e\u00b7s par l\u2019\u00c9tat. Le concept s\u2019appliquait \u00e0 l\u2019origine au travail ind\u00e9pendant dans les petites entreprises non enregistr\u00e9es. Il a \u00e9t\u00e9 \u00e9largi pour inclure l\u2019emploi salari\u00e9 dans les emplois non prot\u00e9g\u00e9s.<\/p>\n<p>Ce r\u00e9sum\u00e9 explique pourquoi <a href=\"https:\/\/www.wiego.org\/about-us\/what-we-do\/wiego-manifesto\">le soutien aux travailleuse\u00b7eur\u00b7s de l\u2019informel est essentiel \u00e0 la r\u00e9duction de la pauvret\u00e9<\/a>.<\/p>\n<h3><b>Mettre fin au mythe de l&#8217;\u00ab \u00e9conomie parall\u00e8le \u00bb<\/b><\/h3>\n<p>L\u2019\u00e9conomie informelle tend \u00e0 \u00eatre stigmatis\u00e9e comme \u00ab ill\u00e9gale \u00bb, \u00ab souterraine \u00bb, \u00ab march\u00e9 noir \u00bb ou \u00ab march\u00e9 gris \u00bb. On l\u2019appelle souvent \u00ab \u00e9conomie parall\u00e8le \u00bb et on la qualifie d\u2019activit\u00e9 ill\u00e9gale ou contraire \u00e0 l\u2019\u00e9thique.<\/p>\n<p>Cette g\u00e9n\u00e9ralisation est injuste. La grande majorit\u00e9 des travailleuse\u00b7eur\u00b7s informelle\u00b7el\u00b7s essaient de gagner honn\u00eatement leur vie au prix d\u00b4\u00e9normes difficult\u00e9s. Plut\u00f4t que de travailler dans l\u2019ombre, un grand nombre travaillent dans les <a href=\"\/public-space-all\">espaces publiques<\/a> et font d\u2019\u00e9normes contributions aux communaut\u00e9s et aux \u00e9conomies.<\/p>\n<p><b>Obtenez les faits sur l\u2019\u00e9conomie informelle : <a href=\"http:\/\/www.wiego.org\/sites\/default\/files\/resources\/files\/WIEGO-Myths-Facts-Informal-Economy-francais.pdf\" target=\"_blank\" rel=\"noopener\">Mythes et r\u00e9alit\u00e9s<\/a><\/b><\/p>\n<p>Pour obtenir des renseignements d\u00e9taill\u00e9s sur l\u2019\u00e9conomie informelle, lisez le document de travail no 1 de WIEGO, <a href=\"https:\/\/www.wiego.org\/sites\/default\/files\/publications\/files\/Chen_WIEGO_WP1.pdf\" target=\"_blank\" rel=\"noopener\">L\u2019\u00c9conomie Informelle : D\u00e9finitions, Th\u00e9ories et Politiques<\/a> par Martha A. Chen.<\/p>\n<p>Lisez <a href=\"https:\/\/www.wiego.org\/blog\/can-informal-employment-actually-reduce-poverty\/\">Le travail informel peut-il r\u00e9duire la pauvret\u00e9<\/a><\/p>\n<hr \/>\n<h2>Quelle est l\u2019ampleur de l\u2019\u00e9conomie informelle?<\/h2>\n<h4>La majorit\u00e9 de la main-d\u2019\u0153uvre mondiale est informelle<\/h4>\n<p>L\u2019Organisation internationale du Travail a publi\u00e9 les toutes premi\u00e8res estimations de la main-d\u2019\u0153uvre informelle mondiale en 2018 : <a href=\"https:\/\/www.wiego.org\/informal-economy\/statistics\/statistical-picture\">61% des travailleuse\u00b7eur\u00b7s dans le monde gagnent leur vie dans l\u2019\u00e9conomie informelle<\/a>.<\/p>\n<h3>Pour en savoir plus sur l\u2019\u00e9conomie informell<\/h3>\n<ul>\n<li>Depuis sa \u00ab\u00a0d\u00e9couverte\u00a0\u00bb au d\u00e9but des ann\u00e9es 1970, l\u2019\u00e9conomie informelle et son r\u00f4le dans le d\u00e9veloppement \u00e9conomique ont fait l\u2019objet de vifs d\u00e9bats.\u00a0<a href=\"https:\/\/www.wiego.org\/informal-economy\/history-debates\/\">Histoires et D\u00e9bats<\/a>\u00a0pr\u00e9sente un bref aper\u00e7u et examine les d\u00e9bats ult\u00e9rieurs et les \u00e9coles de pens\u00e9e dominantes au sujet de l\u2019\u00e9conomie informelle.<\/li>\n<li>Au cours des derni\u00e8res d\u00e9cennies, la croissance des statistiques sur l\u2019\u00e9conomie informelle a mis en lumi\u00e8re l\u2019augmentation de la main-d\u2019\u0153uvre informelle <strong>\u2013 2 milliards de travailleuse\u00b7eur\u00b7s dans le monde \u2013<\/strong> et l\u2019importance de leurs contributions. Visitez la sous-section\u00a0<a href=\"https:\/\/www.wiego.org\/fr\/statistiques\/\">Statistiques<\/a>\u00a0pour obtenir des donn\u00e9es, des d\u00e9tails et des discussions.<\/li>\n<li>L\u2019\u00e9conomie informelle se d\u00e9veloppe dans de nombreux contextes, apparaissant dans de nouveaux endroits et sous de nouvelles formes. Elle joue un r\u00f4le important dans l\u2019\u00e9conomie mondiale et, si elle est soutenue, dans la r\u00e9duction de la pauvret\u00e9 et des in\u00e9galit\u00e9s. L\u2019\u00e9conomie informelle n\u2019offre toutefois pas de \u00ab\u00a0coussin\u00a0\u00bb en p\u00e9riode de crise \u00e9conomique.\u00a0Dans la sous-section Liens entre <a href=\"https:\/\/www.wiego.org\/informal-economy\/poverty-growth-linkages\/\">Pauvret\u00e9 et Croissance<\/a>,\u00a0explorez ces sujets interd\u00e9pendants.<\/li>\n<li><a href=\"https:\/\/www.wiego.org\/fr\/comprendre-economie-informelle\/groupes-de-travailleurs\/\">Les groupes professionnels<\/a>\u00a0pr\u00e9sente des informations sur la taille, les contributions et les conditions de travail de certains des groupes de travailleuse\u00b7eur\u00b7s les plus importants de l\u2019\u00e9conomie informelle. (Toute\u00b7tous\u00b7s les travailleuse\u00b7eur\u00b7s ne peuvent pas \u00eatre facilement regroup\u00e9\u00b7e\u00b7s en un seul groupe professionnel. Par exemple, un\u00b7e travailleuse\u00b7eur \u00e0 domicile peut produire, selon le cas, une vari\u00e9t\u00e9 de biens et de services dans de nombreuses industries, ou alors peut s\u2019engager dans le commerce de rue pour vendre ce qu\u2019elle\u00b7il fabrique.)<\/li>\n<\/ul>\n","protected":false},"excerpt":{"rendered":"<p>Photo by Olga AbizaidQu\u2019est-ce que l\u2019\u00e9conomie informelle ?<\/p>\n<p>L\u2019\u00e9conomie informelle est l\u2019ensemble diversifi\u00e9 d\u2019activit\u00e9s \u00e9conomiques, d\u2019entreprises, d\u2019emplois et de travailleuse\u00b7eur\u00b7s qui ne sont pas r\u00e9glement\u00e9\u00b7e\u00b7s ou prot\u00e9g\u00e9\u00b7e\u00b7s par l\u2019\u00c9tat.<\/p>\n","protected":false},"author":2,"featured_media":0,"parent":0,"menu_order":0,"comment_status":"closed","ping_status":"closed","template":"","meta":{"_acf_changed":false,"_relevanssi_hide_post":"","_relevanssi_hide_content":"","_relevanssi_pin_for_all":"","_relevanssi_pin_keywords":"","_relevanssi_unpin_keywords":"","_relevanssi_related_keywords":"","_relevanssi_related_include_ids":"","_relevanssi_related_exclude_ids":"","_relevanssi_related_no_append":"","_relevanssi_related_not_related":"","_relevanssi_related_posts":"","_relevanssi_noindex_reason":"","footnotes":""},"class_list":["post-26088","page","type-page","status-publish","hentry","economy-theme-histoire-debats-theorie","economy-theme-pauvrete-inegalite"],"acf":[],"yoast_head":"<!-- This site is optimized with the Yoast SEO Premium plugin v23.8 (Yoast SEO v27.0) - https:\/\/yoast.com\/product\/yoast-seo-premium-wordpress\/ -->\n<title>L\u2019\u00e9conomie informelle - WIEGO<\/title>\n<meta name=\"robots\" content=\"index, follow, max-snippet:-1, max-image-preview:large, max-video-preview:-1\" \/>\n<link rel=\"canonical\" href=\"https:\/\/www.wiego.org\/fr\/leconomie-informelle\/\" \/>\n<meta property=\"og:locale\" content=\"fr_FR\" \/>\n<meta property=\"og:type\" content=\"article\" \/>\n<meta property=\"og:title\" content=\"L\u2019\u00e9conomie informelle\" \/>\n<meta property=\"og:description\" content=\"Photo by Olga AbizaidQu\u2019est-ce que l\u2019\u00e9conomie informelle ? L\u2019\u00e9conomie informelle est l\u2019ensemble diversifi\u00e9 d\u2019activit\u00e9s \u00e9conomiques, d\u2019entreprises, d\u2019emplois et de travailleuse\u00b7eur\u00b7s qui ne sont pas r\u00e9glement\u00e9\u00b7e\u00b7s ou prot\u00e9g\u00e9\u00b7e\u00b7s par l\u2019\u00c9tat.\" \/>\n<meta property=\"og:url\" content=\"https:\/\/www.wiego.org\/fr\/leconomie-informelle\/\" \/>\n<meta property=\"og:site_name\" content=\"WIEGO\" \/>\n<meta property=\"article:publisher\" content=\"https:\/\/www.facebook.com\/wiegoglobal\/\" \/>\n<meta property=\"article:modified_time\" content=\"2024-07-11T14:44:29+00:00\" \/>\n<meta property=\"og:image\" content=\"https:\/\/www.wiego.org\/wp-content\/uploads\/2024\/12\/WIEGO_Open-Graph_option-1-1024x538.png\" \/>\n\t<meta property=\"og:image:width\" content=\"1024\" \/>\n\t<meta property=\"og:image:height\" content=\"538\" \/>\n\t<meta property=\"og:image:type\" content=\"image\/png\" \/>\n<meta name=\"twitter:card\" content=\"summary_large_image\" \/>\n<meta name=\"twitter:site\" content=\"@wiegoglobal\" \/>\n<meta name=\"twitter:label1\" content=\"Est. reading time\" \/>\n\t<meta name=\"twitter:data1\" content=\"3 minutes\" \/>\n<script type=\"application\/ld+json\" class=\"yoast-schema-graph\">{\"@context\":\"https:\/\/schema.org\",\"@graph\":[{\"@type\":\"WebPage\",\"@id\":\"https:\/\/www.wiego.org\/fr\/leconomie-informelle\/\",\"url\":\"https:\/\/www.wiego.org\/fr\/leconomie-informelle\/\",\"name\":\"L\u2019\u00e9conomie informelle - WIEGO\",\"isPartOf\":{\"@id\":\"https:\/\/www.wiego.org\/fr\/#website\"},\"datePublished\":\"2019-06-26T00:26:24+00:00\",\"dateModified\":\"2024-07-11T14:44:29+00:00\",\"breadcrumb\":{\"@id\":\"https:\/\/www.wiego.org\/fr\/leconomie-informelle\/#breadcrumb\"},\"inLanguage\":\"fr-FR\",\"potentialAction\":[{\"@type\":\"ReadAction\",\"target\":[\"https:\/\/www.wiego.org\/fr\/leconomie-informelle\/\"]}]},{\"@type\":\"WebSite\",\"@id\":\"https:\/\/www.wiego.org\/fr\/#website\",\"url\":\"https:\/\/www.wiego.org\/fr\/\",\"name\":\"WIEGO\",\"description\":\"\",\"publisher\":{\"@id\":\"https:\/\/www.wiego.org\/fr\/#organization\"},\"potentialAction\":[{\"@type\":\"SearchAction\",\"target\":{\"@type\":\"EntryPoint\",\"urlTemplate\":\"https:\/\/www.wiego.org\/fr\/?s={search_term_string}\"},\"query-input\":{\"@type\":\"PropertyValueSpecification\",\"valueRequired\":true,\"valueName\":\"search_term_string\"}}],\"inLanguage\":\"fr-FR\"},{\"@type\":\"Organization\",\"@id\":\"https:\/\/www.wiego.org\/fr\/#organization\",\"name\":\"WIEGO\",\"url\":\"https:\/\/www.wiego.org\/fr\/\",\"logo\":{\"@type\":\"ImageObject\",\"inLanguage\":\"fr-FR\",\"@id\":\"https:\/\/www.wiego.org\/fr\/#\/schema\/logo\/image\/\",\"url\":\"https:\/\/www.wiego.org\/wp-content\/uploads\/2024\/12\/logo.svg\",\"contentUrl\":\"https:\/\/www.wiego.org\/wp-content\/uploads\/2024\/12\/logo.svg\",\"width\":142,\"height\":90,\"caption\":\"WIEGO\"},\"image\":{\"@id\":\"https:\/\/www.wiego.org\/fr\/#\/schema\/logo\/image\/\"},\"sameAs\":[\"https:\/\/www.facebook.com\/wiegoglobal\/\",\"https:\/\/x.com\/wiegoglobal\",\"https:\/\/www.linkedin.com\/company\/wiego\/\",\"https:\/\/www.youtube.com\/user\/wiegoglobal\"],\"description\":\"WIEGO is a global network that supports the movement of workers in informal employment.\"},{\"@type\":\"BreadcrumbList\",\"itemListElement\":[{\"@type\":\"ListItem\",\"position\":1,\"item\":{\"@id\":\"https:\/\/www.wiego.org\/fr\/\",\"name\":\"WIEGO\"}},{\"@type\":\"ListItem\",\"position\":2,\"item\":{\"@id\":\"https:\/\/www.wiego.org\/fr\/blog\/\",\"name\":\"Blog WIEGO\"}}],\"@id\":\"\/#breadcrumb\"}]}<\/script>\n<!-- \/ Yoast SEO Premium plugin. -->","yoast_head_json":{"title":"L\u2019\u00e9conomie informelle - WIEGO","robots":{"index":"index","follow":"follow","max-snippet":"max-snippet:-1","max-image-preview":"max-image-preview:large","max-video-preview":"max-video-preview:-1"},"canonical":"https:\/\/www.wiego.org\/fr\/leconomie-informelle\/","og_locale":"fr_FR","og_type":"article","og_title":"L\u2019\u00e9conomie informelle","og_description":"Photo by Olga AbizaidQu\u2019est-ce que l\u2019\u00e9conomie informelle ? L\u2019\u00e9conomie informelle est l\u2019ensemble diversifi\u00e9 d\u2019activit\u00e9s \u00e9conomiques, d\u2019entreprises, d\u2019emplois et de travailleuse\u00b7eur\u00b7s qui ne sont pas r\u00e9glement\u00e9\u00b7e\u00b7s ou prot\u00e9g\u00e9\u00b7e\u00b7s par l\u2019\u00c9tat.","og_url":"https:\/\/www.wiego.org\/fr\/leconomie-informelle\/","og_site_name":"WIEGO","article_publisher":"https:\/\/www.facebook.com\/wiegoglobal\/","article_modified_time":"2024-07-11T14:44:29+00:00","og_image":[{"width":1024,"height":538,"url":"https:\/\/www.wiego.org\/wp-content\/uploads\/2024\/12\/WIEGO_Open-Graph_option-1-1024x538.png","type":"image\/png"}],"twitter_card":"summary_large_image","twitter_site":"@wiegoglobal","twitter_misc":{"Est. reading time":"3 minutes"},"schema":{"@context":"https:\/\/schema.org","@graph":[{"@type":"WebPage","@id":"https:\/\/www.wiego.org\/fr\/leconomie-informelle\/","url":"https:\/\/www.wiego.org\/fr\/leconomie-informelle\/","name":"L\u2019\u00e9conomie informelle - WIEGO","isPartOf":{"@id":"https:\/\/www.wiego.org\/fr\/#website"},"datePublished":"2019-06-26T00:26:24+00:00","dateModified":"2024-07-11T14:44:29+00:00","breadcrumb":{"@id":"https:\/\/www.wiego.org\/fr\/leconomie-informelle\/#breadcrumb"},"inLanguage":"fr-FR","potentialAction":[{"@type":"ReadAction","target":["https:\/\/www.wiego.org\/fr\/leconomie-informelle\/"]}]},{"@type":"WebSite","@id":"https:\/\/www.wiego.org\/fr\/#website","url":"https:\/\/www.wiego.org\/fr\/","name":"WIEGO","description":"","publisher":{"@id":"https:\/\/www.wiego.org\/fr\/#organization"},"potentialAction":[{"@type":"SearchAction","target":{"@type":"EntryPoint","urlTemplate":"https:\/\/www.wiego.org\/fr\/?s={search_term_string}"},"query-input":{"@type":"PropertyValueSpecification","valueRequired":true,"valueName":"search_term_string"}}],"inLanguage":"fr-FR"},{"@type":"Organization","@id":"https:\/\/www.wiego.org\/fr\/#organization","name":"WIEGO","url":"https:\/\/www.wiego.org\/fr\/","logo":{"@type":"ImageObject","inLanguage":"fr-FR","@id":"https:\/\/www.wiego.org\/fr\/#\/schema\/logo\/image\/","url":"https:\/\/www.wiego.org\/wp-content\/uploads\/2024\/12\/logo.svg","contentUrl":"https:\/\/www.wiego.org\/wp-content\/uploads\/2024\/12\/logo.svg","width":142,"height":90,"caption":"WIEGO"},"image":{"@id":"https:\/\/www.wiego.org\/fr\/#\/schema\/logo\/image\/"},"sameAs":["https:\/\/www.facebook.com\/wiegoglobal\/","https:\/\/x.com\/wiegoglobal","https:\/\/www.linkedin.com\/company\/wiego\/","https:\/\/www.youtube.com\/user\/wiegoglobal"],"description":"WIEGO is a global network that supports the movement of workers in informal employment."},{"@type":"BreadcrumbList","itemListElement":[{"@type":"ListItem","position":1,"item":{"@id":"https:\/\/www.wiego.org\/fr\/","name":"WIEGO"}},{"@type":"ListItem","position":2,"item":{"@id":"https:\/\/www.wiego.org\/fr\/blog\/","name":"Blog WIEGO"}}],"@id":"\/#breadcrumb"}]}},"_links":{"self":[{"href":"https:\/\/www.wiego.org\/fr\/wp-json\/wp\/v2\/pages\/26088","targetHints":{"allow":["GET"]}}],"collection":[{"href":"https:\/\/www.wiego.org\/fr\/wp-json\/wp\/v2\/pages"}],"about":[{"href":"https:\/\/www.wiego.org\/fr\/wp-json\/wp\/v2\/types\/page"}],"author":[{"embeddable":true,"href":"https:\/\/www.wiego.org\/fr\/wp-json\/wp\/v2\/users\/2"}],"replies":[{"embeddable":true,"href":"https:\/\/www.wiego.org\/fr\/wp-json\/wp\/v2\/comments?post=26088"}],"version-history":[{"count":0,"href":"https:\/\/www.wiego.org\/fr\/wp-json\/wp\/v2\/pages\/26088\/revisions"}],"wp:attachment":[{"href":"https:\/\/www.wiego.org\/fr\/wp-json\/wp\/v2\/media?parent=26088"}],"curies":[{"name":"wp","href":"https:\/\/api.w.org\/{rel}","templated":true}]}}