{"id":26087,"date":"2019-06-20T18:15:06","date_gmt":"2019-06-20T22:15:06","guid":{"rendered":"https:\/\/wiego.local\/fr-propos\/"},"modified":"2024-07-11T10:44:29","modified_gmt":"2024-07-11T14:44:29","slug":"propos","status":"publish","type":"page","link":"https:\/\/www.wiego.org\/fr\/propos\/","title":{"rendered":"\u00c0 propos"},"content":{"rendered":"<h2>Notre mission<\/h2>\n<p>Femmes dans l\u2019Emploi Informel : Globalisation et Organisation (WIEGO, pour son sigle en anglais) est un r\u00e9seau mondial consacr\u00e9 \u00e0 promouvoir l\u2019autonomisation des travailleuse\u00b7eur\u00b7s d\u00e9muni\u00b7e\u00b7s \u2013 en particulier des femmes \u2013 dans l&#8217;\u00e9conomie informelle. Nous luttons pour que toutes les personnes travailleuses aient les m\u00eames droits, opportunit\u00e9s \u00e9conomiques et protections, et pour qu\u2019elles soient en mesure de s&#8217;exprimer sur un pied d&#8217;\u00e9galit\u00e9.<\/p>\n<p>Aujourd\u2019hui, <a data-entity-substitution=\"canonical\" data-entity-type=\"node\" data-entity-uuid=\"255af0ca-e024-4730-b264-7b3f06b73345\" href=\"\/publications\/women-and-men-informal-economy-statistical-picture-3rd-edition\">61 % des travailleuse\u00b7eur\u00b7s du monde<\/a> gagnent leur vie dans l\u2019\u00e9conomie informelle, dans des emplois et des entreprises qui ne sont pas r\u00e9glement\u00e9s ou prot\u00e9g\u00e9s par le gouvernement, mais qui offrent des opportunit\u00e9s \u00e9conomiques essentielles aux travailleuse\u00b7eur\u00b7s d\u00e9muni\u00b7e\u00b7s. Dans ces emplois, les taux de pauvret\u00e9 sont \u00e9lev\u00e9s et le respect des droits humains et des droits des travailleuse\u00b7eur\u00b7s est faible.<\/p>\n<h4>Regardez cette br\u00e8ve explication sur l\u2019\u00e9conomie informelle :<\/h4>\n<div class=\"video-embed-field-provider-youtube video-embed-field-responsive-video form-group\"><iframe loading=\"lazy\" width=\"854\" height=\"480\" frameborder=\"0\" allowfullscreen=\"allowfullscreen\" src=\"https:\/\/www.youtube.com\/embed\/7k8ABCTluHM?autoplay=0&#038;start=0&#038;rel=0\"><\/iframe>\n<\/div>\n<hr \/>\n<p>Depuis 1997, WIEGO a mis en contact des organisations de base (OB) de travailleuse\u00b7eur\u00b7s de l\u2019\u00e9conomie informelle \u2013 y compris des syndicats, des coop\u00e9ratives et des associations de travailleuse\u00b7eur\u00b7s \u2013 avec des chercheuse\u00b7eur\u00b7s, des statisticien\u00b7ne\u00b7s et des praticien\u00b7ne\u00b7s du d\u00e9veloppement, afin de r\u00e9pondre aux pr\u00e9occupations fondamentales des travailleuse\u00b7eur\u00b7s de base.<\/p>\n<p>WIEGO s\u2019efforce d\u2019assurer des revenus \u00e9quitables et des environnements de travail s\u00fbrs pour les travailleuse\u00b7eur\u00b7s, et de r\u00e9duire leur vuln\u00e9rabilit\u00e9 aux maladies, au ch\u00f4mage et aux chocs externes \u2013 comme une pand\u00e9mie ou une crise \u00e9conomique \u2013 gr\u00e2ce \u00e0 la mise en \u0153uvre de politiques et de programmes gouvernementaux con\u00e7us pour r\u00e9duire et pr\u00e9venir ces risques.<\/p>\n<p>WIEGO promeut ce changement en am\u00e9liorant les statistiques et en \u00e9largissant les connaissances sur l\u2019\u00e9conomie informelle, en renfor\u00e7ant les r\u00e9seaux et les capacit\u00e9s entre les organisations de travailleuse\u00b7eur\u00b7s et en leurs offrant un soutien alors qu\u2019elles luttent pour influencer les politiques locales, nationales et internationales.<\/p>\n<p>Cliquez ici pour en savoir plus sur la mission de WIEGO dans notre <a data-entity-substitution=\"canonical\" data-entity-type=\"node\" data-entity-uuid=\"1fddf47f-b6c9-4fcf-a31a-7002e959e719\" href=\"\/fr\/about-us\/what-we-do\/wiego-manifesto\">Manifeste<\/a>.<\/p>\n<hr \/>\n<h5>Photo du haut : Paula Bronstein\/Getty Images Reportage<\/h5>\n","protected":false},"excerpt":{"rendered":"<p>Notre mission<\/p>\n<p>Femmes dans l\u2019Emploi Informel : Globalisation et Organisation (WIEGO, pour son sigle en anglais) est un r\u00e9seau mondial consacr\u00e9 \u00e0 promouvoir l\u2019autonomisation des travailleuse\u00b7eur\u00b7s d\u00e9muni\u00b7e\u00b7s \u2013 en particulier des femmes \u2013 dans l&#8217;\u00e9conomie informelle. Nous luttons pour que toutes les personnes travailleuses aient les m\u00eames droits, opportunit\u00e9s \u00e9conomiques et protections, et pour qu\u2019elles soient en mesure de s&#8217;exprimer sur un pied d&#8217;\u00e9galit\u00e9.<\/p>\n","protected":false},"author":2,"featured_media":18435,"parent":0,"menu_order":0,"comment_status":"closed","ping_status":"closed","template":"","meta":{"_acf_changed":false,"_relevanssi_hide_post":"","_relevanssi_hide_content":"","_relevanssi_pin_for_all":"","_relevanssi_pin_keywords":"","_relevanssi_unpin_keywords":"","_relevanssi_related_keywords":"","_relevanssi_related_include_ids":"","_relevanssi_related_exclude_ids":"","_relevanssi_related_no_append":"","_relevanssi_related_not_related":"","_relevanssi_related_posts":"","_relevanssi_noindex_reason":"","footnotes":""},"class_list":["post-26087","page","type-page","status-publish","has-post-thumbnail","hentry"],"acf":[],"yoast_head":"<!-- This site is optimized with the Yoast SEO Premium plugin v23.8 (Yoast SEO v27.0) - https:\/\/yoast.com\/product\/yoast-seo-premium-wordpress\/ -->\n<title>\u00c0 propos - WIEGO<\/title>\n<meta name=\"robots\" content=\"index, follow, max-snippet:-1, max-image-preview:large, max-video-preview:-1\" \/>\n<link rel=\"canonical\" href=\"https:\/\/www.wiego.org\/fr\/propos\/\" \/>\n<meta property=\"og:locale\" content=\"fr_FR\" \/>\n<meta property=\"og:type\" content=\"article\" \/>\n<meta property=\"og:title\" content=\"\u00c0 propos\" \/>\n<meta property=\"og:description\" content=\"Notre mission Femmes dans l\u2019Emploi Informel : Globalisation et Organisation (WIEGO, pour son sigle en anglais) est un r\u00e9seau mondial consacr\u00e9 \u00e0 promouvoir l\u2019autonomisation des travailleuse\u00b7eur\u00b7s d\u00e9muni\u00b7e\u00b7s \u2013 en particulier des femmes \u2013 dans l&#039;\u00e9conomie informelle. Nous luttons pour que toutes les personnes travailleuses aient les m\u00eames droits, opportunit\u00e9s \u00e9conomiques et protections, et pour qu\u2019elles soient en mesure de s&#039;exprimer sur un pied d&#039;\u00e9galit\u00e9.\" \/>\n<meta property=\"og:url\" content=\"https:\/\/www.wiego.org\/fr\/propos\/\" \/>\n<meta property=\"og:site_name\" content=\"WIEGO\" \/>\n<meta property=\"article:publisher\" content=\"https:\/\/www.facebook.com\/wiegoglobal\/\" \/>\n<meta property=\"article:modified_time\" content=\"2024-07-11T14:44:29+00:00\" \/>\n<meta property=\"og:image\" content=\"https:\/\/www.wiego.org\/wp-content\/uploads\/2021\/11\/about_wiego.jpg\" \/>\n\t<meta property=\"og:image:width\" content=\"1130\" \/>\n\t<meta property=\"og:image:height\" content=\"426\" \/>\n\t<meta property=\"og:image:type\" content=\"image\/jpeg\" \/>\n<meta name=\"twitter:card\" content=\"summary_large_image\" \/>\n<meta name=\"twitter:site\" content=\"@wiegoglobal\" \/>\n<meta name=\"twitter:label1\" content=\"Est. reading time\" \/>\n\t<meta name=\"twitter:data1\" content=\"2 minutes\" \/>\n<script type=\"application\/ld+json\" class=\"yoast-schema-graph\">{\"@context\":\"https:\/\/schema.org\",\"@graph\":[{\"@type\":\"WebPage\",\"@id\":\"https:\/\/www.wiego.org\/fr\/propos\/\",\"url\":\"https:\/\/www.wiego.org\/fr\/propos\/\",\"name\":\"\u00c0 propos - WIEGO\",\"isPartOf\":{\"@id\":\"https:\/\/www.wiego.org\/fr\/#website\"},\"primaryImageOfPage\":{\"@id\":\"https:\/\/www.wiego.org\/fr\/propos\/#primaryimage\"},\"image\":{\"@id\":\"https:\/\/www.wiego.org\/fr\/propos\/#primaryimage\"},\"thumbnailUrl\":\"https:\/\/www.wiego.org\/wp-content\/uploads\/2021\/11\/about_wiego.jpg\",\"datePublished\":\"2019-06-20T22:15:06+00:00\",\"dateModified\":\"2024-07-11T14:44:29+00:00\",\"breadcrumb\":{\"@id\":\"https:\/\/www.wiego.org\/fr\/propos\/#breadcrumb\"},\"inLanguage\":\"fr-FR\",\"potentialAction\":[{\"@type\":\"ReadAction\",\"target\":[\"https:\/\/www.wiego.org\/fr\/propos\/\"]}]},{\"@type\":\"ImageObject\",\"inLanguage\":\"fr-FR\",\"@id\":\"https:\/\/www.wiego.org\/fr\/propos\/#primaryimage\",\"url\":\"https:\/\/www.wiego.org\/wp-content\/uploads\/2021\/11\/about_wiego.jpg\",\"contentUrl\":\"https:\/\/www.wiego.org\/wp-content\/uploads\/2021\/11\/about_wiego.jpg\",\"width\":1130,\"height\":426},{\"@type\":\"WebSite\",\"@id\":\"https:\/\/www.wiego.org\/fr\/#website\",\"url\":\"https:\/\/www.wiego.org\/fr\/\",\"name\":\"WIEGO\",\"description\":\"\",\"publisher\":{\"@id\":\"https:\/\/www.wiego.org\/fr\/#organization\"},\"potentialAction\":[{\"@type\":\"SearchAction\",\"target\":{\"@type\":\"EntryPoint\",\"urlTemplate\":\"https:\/\/www.wiego.org\/fr\/?s={search_term_string}\"},\"query-input\":{\"@type\":\"PropertyValueSpecification\",\"valueRequired\":true,\"valueName\":\"search_term_string\"}}],\"inLanguage\":\"fr-FR\"},{\"@type\":\"Organization\",\"@id\":\"https:\/\/www.wiego.org\/fr\/#organization\",\"name\":\"WIEGO\",\"url\":\"https:\/\/www.wiego.org\/fr\/\",\"logo\":{\"@type\":\"ImageObject\",\"inLanguage\":\"fr-FR\",\"@id\":\"https:\/\/www.wiego.org\/fr\/#\/schema\/logo\/image\/\",\"url\":\"https:\/\/www.wiego.org\/wp-content\/uploads\/2024\/12\/logo.svg\",\"contentUrl\":\"https:\/\/www.wiego.org\/wp-content\/uploads\/2024\/12\/logo.svg\",\"width\":142,\"height\":90,\"caption\":\"WIEGO\"},\"image\":{\"@id\":\"https:\/\/www.wiego.org\/fr\/#\/schema\/logo\/image\/\"},\"sameAs\":[\"https:\/\/www.facebook.com\/wiegoglobal\/\",\"https:\/\/x.com\/wiegoglobal\",\"https:\/\/www.linkedin.com\/company\/wiego\/\",\"https:\/\/www.youtube.com\/user\/wiegoglobal\"],\"description\":\"WIEGO is a global network that supports the movement of workers in informal employment.\"},{\"@type\":\"BreadcrumbList\",\"itemListElement\":[{\"@type\":\"ListItem\",\"position\":1,\"item\":{\"@id\":\"https:\/\/www.wiego.org\/fr\/\",\"name\":\"WIEGO\"}},{\"@type\":\"ListItem\",\"position\":2,\"item\":{\"@id\":\"https:\/\/www.wiego.org\/fr\/blog\/\",\"name\":\"Blog WIEGO\"}}],\"@id\":\"\/#breadcrumb\"}]}<\/script>\n<!-- \/ Yoast SEO Premium plugin. -->","yoast_head_json":{"title":"\u00c0 propos - WIEGO","robots":{"index":"index","follow":"follow","max-snippet":"max-snippet:-1","max-image-preview":"max-image-preview:large","max-video-preview":"max-video-preview:-1"},"canonical":"https:\/\/www.wiego.org\/fr\/propos\/","og_locale":"fr_FR","og_type":"article","og_title":"\u00c0 propos","og_description":"Notre mission Femmes dans l\u2019Emploi Informel : Globalisation et Organisation (WIEGO, pour son sigle en anglais) est un r\u00e9seau mondial consacr\u00e9 \u00e0 promouvoir l\u2019autonomisation des travailleuse\u00b7eur\u00b7s d\u00e9muni\u00b7e\u00b7s \u2013 en particulier des femmes \u2013 dans l'\u00e9conomie informelle. Nous luttons pour que toutes les personnes travailleuses aient les m\u00eames droits, opportunit\u00e9s \u00e9conomiques et protections, et pour qu\u2019elles soient en mesure de s'exprimer sur un pied d'\u00e9galit\u00e9.","og_url":"https:\/\/www.wiego.org\/fr\/propos\/","og_site_name":"WIEGO","article_publisher":"https:\/\/www.facebook.com\/wiegoglobal\/","article_modified_time":"2024-07-11T14:44:29+00:00","og_image":[{"width":1130,"height":426,"url":"https:\/\/www.wiego.org\/wp-content\/uploads\/2021\/11\/about_wiego.jpg","type":"image\/jpeg"}],"twitter_card":"summary_large_image","twitter_site":"@wiegoglobal","twitter_misc":{"Est. reading time":"2 minutes"},"schema":{"@context":"https:\/\/schema.org","@graph":[{"@type":"WebPage","@id":"https:\/\/www.wiego.org\/fr\/propos\/","url":"https:\/\/www.wiego.org\/fr\/propos\/","name":"\u00c0 propos - WIEGO","isPartOf":{"@id":"https:\/\/www.wiego.org\/fr\/#website"},"primaryImageOfPage":{"@id":"https:\/\/www.wiego.org\/fr\/propos\/#primaryimage"},"image":{"@id":"https:\/\/www.wiego.org\/fr\/propos\/#primaryimage"},"thumbnailUrl":"https:\/\/www.wiego.org\/wp-content\/uploads\/2021\/11\/about_wiego.jpg","datePublished":"2019-06-20T22:15:06+00:00","dateModified":"2024-07-11T14:44:29+00:00","breadcrumb":{"@id":"https:\/\/www.wiego.org\/fr\/propos\/#breadcrumb"},"inLanguage":"fr-FR","potentialAction":[{"@type":"ReadAction","target":["https:\/\/www.wiego.org\/fr\/propos\/"]}]},{"@type":"ImageObject","inLanguage":"fr-FR","@id":"https:\/\/www.wiego.org\/fr\/propos\/#primaryimage","url":"https:\/\/www.wiego.org\/wp-content\/uploads\/2021\/11\/about_wiego.jpg","contentUrl":"https:\/\/www.wiego.org\/wp-content\/uploads\/2021\/11\/about_wiego.jpg","width":1130,"height":426},{"@type":"WebSite","@id":"https:\/\/www.wiego.org\/fr\/#website","url":"https:\/\/www.wiego.org\/fr\/","name":"WIEGO","description":"","publisher":{"@id":"https:\/\/www.wiego.org\/fr\/#organization"},"potentialAction":[{"@type":"SearchAction","target":{"@type":"EntryPoint","urlTemplate":"https:\/\/www.wiego.org\/fr\/?s={search_term_string}"},"query-input":{"@type":"PropertyValueSpecification","valueRequired":true,"valueName":"search_term_string"}}],"inLanguage":"fr-FR"},{"@type":"Organization","@id":"https:\/\/www.wiego.org\/fr\/#organization","name":"WIEGO","url":"https:\/\/www.wiego.org\/fr\/","logo":{"@type":"ImageObject","inLanguage":"fr-FR","@id":"https:\/\/www.wiego.org\/fr\/#\/schema\/logo\/image\/","url":"https:\/\/www.wiego.org\/wp-content\/uploads\/2024\/12\/logo.svg","contentUrl":"https:\/\/www.wiego.org\/wp-content\/uploads\/2024\/12\/logo.svg","width":142,"height":90,"caption":"WIEGO"},"image":{"@id":"https:\/\/www.wiego.org\/fr\/#\/schema\/logo\/image\/"},"sameAs":["https:\/\/www.facebook.com\/wiegoglobal\/","https:\/\/x.com\/wiegoglobal","https:\/\/www.linkedin.com\/company\/wiego\/","https:\/\/www.youtube.com\/user\/wiegoglobal"],"description":"WIEGO is a global network that supports the movement of workers in informal employment."},{"@type":"BreadcrumbList","itemListElement":[{"@type":"ListItem","position":1,"item":{"@id":"https:\/\/www.wiego.org\/fr\/","name":"WIEGO"}},{"@type":"ListItem","position":2,"item":{"@id":"https:\/\/www.wiego.org\/fr\/blog\/","name":"Blog WIEGO"}}],"@id":"\/#breadcrumb"}]}},"_links":{"self":[{"href":"https:\/\/www.wiego.org\/fr\/wp-json\/wp\/v2\/pages\/26087","targetHints":{"allow":["GET"]}}],"collection":[{"href":"https:\/\/www.wiego.org\/fr\/wp-json\/wp\/v2\/pages"}],"about":[{"href":"https:\/\/www.wiego.org\/fr\/wp-json\/wp\/v2\/types\/page"}],"author":[{"embeddable":true,"href":"https:\/\/www.wiego.org\/fr\/wp-json\/wp\/v2\/users\/2"}],"replies":[{"embeddable":true,"href":"https:\/\/www.wiego.org\/fr\/wp-json\/wp\/v2\/comments?post=26087"}],"version-history":[{"count":0,"href":"https:\/\/www.wiego.org\/fr\/wp-json\/wp\/v2\/pages\/26087\/revisions"}],"wp:featuredmedia":[{"embeddable":true,"href":"https:\/\/www.wiego.org\/fr\/wp-json\/wp\/v2\/media\/18435"}],"wp:attachment":[{"href":"https:\/\/www.wiego.org\/fr\/wp-json\/wp\/v2\/media?parent=26087"}],"curies":[{"name":"wp","href":"https:\/\/api.w.org\/{rel}","templated":true}]}}