{"id":26086,"date":"2019-06-20T18:13:32","date_gmt":"2019-06-20T22:13:32","guid":{"rendered":"https:\/\/wiego.local\/fr-notre-travail-et-son-impact\/"},"modified":"2024-07-11T10:44:29","modified_gmt":"2024-07-11T14:44:29","slug":"notre-travail-et-son-impact","status":"publish","type":"page","link":"https:\/\/www.wiego.org\/fr\/notre-travail-et-son-impact\/","title":{"rendered":"Notre travail et son Impact"},"content":{"rendered":"<p class=\"emphasized-intro-text\"><strong>Le travail de WIEGO a un impact dans les communaut\u00e9s urbaines et sur la sc\u00e8ne mondiale.<\/strong><\/p>\n<p>Tout notre travail se fait en collaboration et en appui aux organisations de travailleuse\u00b7eur\u00b7s de l\u2019informel &#8212; les organisations locales, nationales, r\u00e9gionales et internationales mobilisent leurs membres et plaident pour de meilleures conditions de travail, pour des protections sociales et juridiques et pour la reconnaissance des travailleuse\u00b7eur\u00b7s de l\u2019informel en tant que travailleuse\u00b7eur\u00b7s.<\/p>\n<p>WIEGO a trois objectifs : contribuer \u00e0 amplifier la <strong>voix<\/strong> de ces travailleuse\u00b7eur\u00b7s, augmenter leur <strong>visibilit\u00e9<\/strong> par le biais de statistiques officielles et d\u2019engagements publics et garantir leur <strong>validit\u00e9<\/strong> dans les forums d\u2019\u00e9laboration de politiques<\/p>\n<ul>\n<li>Histoires sp\u00e9cifiques sur notre impact<\/li>\n<li>Impact r\u00e9gional de WIEGO en <a href=\"https:\/\/www.wiego.org\/sites\/default\/files\/resources\/files\/WIEGO-in-Asia-Eng-2017.pdf\" target=\"_blank\" rel=\"noopener\">Asie<\/a>, en <a href=\"https:\/\/www.wiego.org\/sites\/default\/files\/resources\/files\/WIEGO-in-Latin-America-Eng2-2017.pdf\" target=\"_blank\" rel=\"noopener\">Am\u00e9rique latine<\/a> et en <a href=\"https:\/\/www.wiego.org\/sites\/default\/files\/resources\/files\/WIEGO-in-Africa-Eng-2017.pdf\" target=\"_blank\" rel=\"noopener\">Afrique<\/a><\/li>\n<\/ul>\n<hr \/>\n<h2>Complexit\u00e9s<\/h2>\n<p>L\u2019\u00e9conomie informelle est multiforme et englobe des travailleuse\u00b7eur\u00b7s de nombreux secteurs dans tous les pays qui sont confront\u00e9s \u00e0 une myriade de d\u00e9fis. Le travail de WIEGO est donc n\u00e9cessairement complexe.<\/p>\n<p>Nos cinq <a href=\"https:\/\/www.wiego.org\/fr\/our-work-impact\/core-programmes\">programmes principaux<\/a> s\u2019entrecroisent avec six grand th\u00e8mes <a href=\"https:\/\/www.wiego.org\/our-work-impact\/themes\">de l\u2019\u00e9conomie informelle<\/a>. Bien que nous travaillions dans de nombreuses villes, il existe des \u00ab <a href=\"https:\/\/www.wiego.org\/fr\/villes-focales\">villes focales<\/a> \u00bb dans lesquelles nous avons actuellement concentr\u00e9 nos efforts afin d\u2019obtenir des r\u00e9sultats.<\/p>\n<p>Nous concentrons notre travail sur quatre grands <a href=\"https:\/\/www.wiego.org\/fr\/comprendre-economie-informelle\/groupes-de-travailleurs\/\">groupes professionnels<\/a>.<\/p>\n<p>WIEGO entreprend \u00e9galement des <a href=\"https:\/\/www.wiego.org\/our-work-impact\/special-initiatives\">initiatives sp\u00e9ciales<\/a> qui \u00e9largissent les bases de connaissance, notamment en faisant l\u2019exp\u00e9rience de la r\u00e9alit\u00e9 concr\u00e8te des travailleuse\u00b7eur\u00b7s de l\u2019informel.\u00a0<\/p>\n<h2>Projets Internationaux<\/h2>\n<p>WIEGO a coordonn\u00e9 deux projets internationaux qui comprenaient plusieurs secteurs, programmes et r\u00e9gions. Ceux-ci impliquaient des partenariats avec des organisations de base (OB) de travailleuse\u00b7eur\u00b7s de l\u2019informel. WIEGO leur a fourni du soutien technique et de l&#8217;expertise, et a mobilis\u00e9 et g\u00e9r\u00e9 des fonds\u00a0:<\/p>\n<ol>\n<li><a href=\"https:\/\/www.wiego.org\/inclusive-cities-project\">Villes inclusives pour les travailleuse\u00b7eur\u00b7s d\u00e9muni\u00b7e\u00b7s<\/a>\u00a0<\/li>\n<li><a href=\"https:\/\/www.wiego.org\/our-work-impact\/themes\/womens-economic-empowerment\">Autonomisation \u00e9conomique des femmes<\/a><\/li>\n<\/ol>\n<p>\u00a0<\/p>\n","protected":false},"excerpt":{"rendered":"<p>le travail de WIEGO se fait en collaboration avec organisations de travailleuse\u00b7eur\u00b7s de l\u2019informel &#8212; les organisations locales, nationales, r\u00e9gionales et internationales qui mobilisent et qui plaident pour de meilleures conditions de travail et pour des protections sociales et juridiques, et pour la reconnaissance des travailleuse\u00b7eur\u00b7s de l\u2019informel. Notre travail a un impact dans les communaut\u00e9s urbaines et sur la sc\u00e8ne mondiale.<\/p>\n","protected":false},"author":2,"featured_media":12926,"parent":0,"menu_order":0,"comment_status":"closed","ping_status":"closed","template":"","meta":{"_acf_changed":false,"_relevanssi_hide_post":"","_relevanssi_hide_content":"","_relevanssi_pin_for_all":"","_relevanssi_pin_keywords":"","_relevanssi_unpin_keywords":"","_relevanssi_related_keywords":"","_relevanssi_related_include_ids":"","_relevanssi_related_exclude_ids":"","_relevanssi_related_no_append":"","_relevanssi_related_not_related":"","_relevanssi_related_posts":"","_relevanssi_noindex_reason":"","footnotes":""},"class_list":["post-26086","page","type-page","status-publish","has-post-thumbnail","hentry"],"acf":[],"yoast_head":"<!-- This site is optimized with the Yoast SEO Premium plugin v23.8 (Yoast SEO v27.0) - https:\/\/yoast.com\/product\/yoast-seo-premium-wordpress\/ -->\n<title>Notre travail et son Impact - WIEGO<\/title>\n<meta name=\"robots\" content=\"index, follow, max-snippet:-1, max-image-preview:large, max-video-preview:-1\" \/>\n<link rel=\"canonical\" href=\"https:\/\/www.wiego.org\/fr\/notre-travail-et-son-impact\/\" \/>\n<meta property=\"og:locale\" content=\"fr_FR\" \/>\n<meta property=\"og:type\" content=\"article\" \/>\n<meta property=\"og:title\" content=\"Notre travail et son Impact\" \/>\n<meta property=\"og:description\" content=\"le travail de WIEGO se fait en collaboration avec organisations de travailleuse\u00b7eur\u00b7s de l\u2019informel -- les organisations locales, nationales, r\u00e9gionales et internationales qui mobilisent et qui plaident pour de meilleures conditions de travail et pour des protections sociales et juridiques, et pour la reconnaissance des travailleuse\u00b7eur\u00b7s de l\u2019informel. Notre travail a un impact dans les communaut\u00e9s urbaines et sur la sc\u00e8ne mondiale.\" \/>\n<meta property=\"og:url\" content=\"https:\/\/www.wiego.org\/fr\/notre-travail-et-son-impact\/\" \/>\n<meta property=\"og:site_name\" content=\"WIEGO\" \/>\n<meta property=\"article:publisher\" content=\"https:\/\/www.facebook.com\/wiegoglobal\/\" \/>\n<meta property=\"article:modified_time\" content=\"2024-07-11T14:44:29+00:00\" \/>\n<meta property=\"og:image\" content=\"https:\/\/www.wiego.org\/wp-content\/uploads\/2019\/09\/work%20and%20impact%20JPG.JPG\" \/>\n\t<meta property=\"og:image:width\" content=\"1125\" \/>\n\t<meta property=\"og:image:height\" content=\"367\" \/>\n\t<meta property=\"og:image:type\" content=\"image\/jpeg\" \/>\n<meta name=\"twitter:card\" content=\"summary_large_image\" \/>\n<meta name=\"twitter:site\" content=\"@wiegoglobal\" \/>\n<meta name=\"twitter:label1\" content=\"Est. reading time\" \/>\n\t<meta name=\"twitter:data1\" content=\"2 minutes\" \/>\n<script type=\"application\/ld+json\" class=\"yoast-schema-graph\">{\"@context\":\"https:\/\/schema.org\",\"@graph\":[{\"@type\":\"WebPage\",\"@id\":\"https:\/\/www.wiego.org\/fr\/notre-travail-et-son-impact\/\",\"url\":\"https:\/\/www.wiego.org\/fr\/notre-travail-et-son-impact\/\",\"name\":\"Notre travail et son Impact - WIEGO\",\"isPartOf\":{\"@id\":\"https:\/\/www.wiego.org\/fr\/#website\"},\"primaryImageOfPage\":{\"@id\":\"https:\/\/www.wiego.org\/fr\/notre-travail-et-son-impact\/#primaryimage\"},\"image\":{\"@id\":\"https:\/\/www.wiego.org\/fr\/notre-travail-et-son-impact\/#primaryimage\"},\"thumbnailUrl\":\"https:\/\/www.wiego.org\/wp-content\/uploads\/2019\/09\/work and impact JPG.JPG\",\"datePublished\":\"2019-06-20T22:13:32+00:00\",\"dateModified\":\"2024-07-11T14:44:29+00:00\",\"breadcrumb\":{\"@id\":\"https:\/\/www.wiego.org\/fr\/notre-travail-et-son-impact\/#breadcrumb\"},\"inLanguage\":\"fr-FR\",\"potentialAction\":[{\"@type\":\"ReadAction\",\"target\":[\"https:\/\/www.wiego.org\/fr\/notre-travail-et-son-impact\/\"]}]},{\"@type\":\"ImageObject\",\"inLanguage\":\"fr-FR\",\"@id\":\"https:\/\/www.wiego.org\/fr\/notre-travail-et-son-impact\/#primaryimage\",\"url\":\"https:\/\/www.wiego.org\/wp-content\/uploads\/2019\/09\/work and impact JPG.JPG\",\"contentUrl\":\"https:\/\/www.wiego.org\/wp-content\/uploads\/2019\/09\/work and impact JPG.JPG\",\"width\":1125,\"height\":367,\"caption\":\"our work and impact images\"},{\"@type\":\"WebSite\",\"@id\":\"https:\/\/www.wiego.org\/fr\/#website\",\"url\":\"https:\/\/www.wiego.org\/fr\/\",\"name\":\"WIEGO\",\"description\":\"\",\"publisher\":{\"@id\":\"https:\/\/www.wiego.org\/fr\/#organization\"},\"potentialAction\":[{\"@type\":\"SearchAction\",\"target\":{\"@type\":\"EntryPoint\",\"urlTemplate\":\"https:\/\/www.wiego.org\/fr\/?s={search_term_string}\"},\"query-input\":{\"@type\":\"PropertyValueSpecification\",\"valueRequired\":true,\"valueName\":\"search_term_string\"}}],\"inLanguage\":\"fr-FR\"},{\"@type\":\"Organization\",\"@id\":\"https:\/\/www.wiego.org\/fr\/#organization\",\"name\":\"WIEGO\",\"url\":\"https:\/\/www.wiego.org\/fr\/\",\"logo\":{\"@type\":\"ImageObject\",\"inLanguage\":\"fr-FR\",\"@id\":\"https:\/\/www.wiego.org\/fr\/#\/schema\/logo\/image\/\",\"url\":\"https:\/\/www.wiego.org\/wp-content\/uploads\/2024\/12\/logo.svg\",\"contentUrl\":\"https:\/\/www.wiego.org\/wp-content\/uploads\/2024\/12\/logo.svg\",\"width\":142,\"height\":90,\"caption\":\"WIEGO\"},\"image\":{\"@id\":\"https:\/\/www.wiego.org\/fr\/#\/schema\/logo\/image\/\"},\"sameAs\":[\"https:\/\/www.facebook.com\/wiegoglobal\/\",\"https:\/\/x.com\/wiegoglobal\",\"https:\/\/www.linkedin.com\/company\/wiego\/\",\"https:\/\/www.youtube.com\/user\/wiegoglobal\"],\"description\":\"WIEGO is a global network that supports the movement of workers in informal employment.\"},{\"@type\":\"BreadcrumbList\",\"itemListElement\":[{\"@type\":\"ListItem\",\"position\":1,\"item\":{\"@id\":\"https:\/\/www.wiego.org\/fr\/\",\"name\":\"WIEGO\"}},{\"@type\":\"ListItem\",\"position\":2,\"item\":{\"@id\":\"https:\/\/www.wiego.org\/fr\/blog\/\",\"name\":\"Blog WIEGO\"}}],\"@id\":\"\/#breadcrumb\"}]}<\/script>\n<!-- \/ Yoast SEO Premium plugin. -->","yoast_head_json":{"title":"Notre travail et son Impact - WIEGO","robots":{"index":"index","follow":"follow","max-snippet":"max-snippet:-1","max-image-preview":"max-image-preview:large","max-video-preview":"max-video-preview:-1"},"canonical":"https:\/\/www.wiego.org\/fr\/notre-travail-et-son-impact\/","og_locale":"fr_FR","og_type":"article","og_title":"Notre travail et son Impact","og_description":"le travail de WIEGO se fait en collaboration avec organisations de travailleuse\u00b7eur\u00b7s de l\u2019informel -- les organisations locales, nationales, r\u00e9gionales et internationales qui mobilisent et qui plaident pour de meilleures conditions de travail et pour des protections sociales et juridiques, et pour la reconnaissance des travailleuse\u00b7eur\u00b7s de l\u2019informel. Notre travail a un impact dans les communaut\u00e9s urbaines et sur la sc\u00e8ne mondiale.","og_url":"https:\/\/www.wiego.org\/fr\/notre-travail-et-son-impact\/","og_site_name":"WIEGO","article_publisher":"https:\/\/www.facebook.com\/wiegoglobal\/","article_modified_time":"2024-07-11T14:44:29+00:00","og_image":[{"width":1125,"height":367,"url":"https:\/\/www.wiego.org\/wp-content\/uploads\/2019\/09\/work and impact JPG.JPG","type":"image\/jpeg"}],"twitter_card":"summary_large_image","twitter_site":"@wiegoglobal","twitter_misc":{"Est. reading time":"2 minutes"},"schema":{"@context":"https:\/\/schema.org","@graph":[{"@type":"WebPage","@id":"https:\/\/www.wiego.org\/fr\/notre-travail-et-son-impact\/","url":"https:\/\/www.wiego.org\/fr\/notre-travail-et-son-impact\/","name":"Notre travail et son Impact - WIEGO","isPartOf":{"@id":"https:\/\/www.wiego.org\/fr\/#website"},"primaryImageOfPage":{"@id":"https:\/\/www.wiego.org\/fr\/notre-travail-et-son-impact\/#primaryimage"},"image":{"@id":"https:\/\/www.wiego.org\/fr\/notre-travail-et-son-impact\/#primaryimage"},"thumbnailUrl":"https:\/\/www.wiego.org\/wp-content\/uploads\/2019\/09\/work and impact JPG.JPG","datePublished":"2019-06-20T22:13:32+00:00","dateModified":"2024-07-11T14:44:29+00:00","breadcrumb":{"@id":"https:\/\/www.wiego.org\/fr\/notre-travail-et-son-impact\/#breadcrumb"},"inLanguage":"fr-FR","potentialAction":[{"@type":"ReadAction","target":["https:\/\/www.wiego.org\/fr\/notre-travail-et-son-impact\/"]}]},{"@type":"ImageObject","inLanguage":"fr-FR","@id":"https:\/\/www.wiego.org\/fr\/notre-travail-et-son-impact\/#primaryimage","url":"https:\/\/www.wiego.org\/wp-content\/uploads\/2019\/09\/work and impact JPG.JPG","contentUrl":"https:\/\/www.wiego.org\/wp-content\/uploads\/2019\/09\/work and impact JPG.JPG","width":1125,"height":367,"caption":"our work and impact images"},{"@type":"WebSite","@id":"https:\/\/www.wiego.org\/fr\/#website","url":"https:\/\/www.wiego.org\/fr\/","name":"WIEGO","description":"","publisher":{"@id":"https:\/\/www.wiego.org\/fr\/#organization"},"potentialAction":[{"@type":"SearchAction","target":{"@type":"EntryPoint","urlTemplate":"https:\/\/www.wiego.org\/fr\/?s={search_term_string}"},"query-input":{"@type":"PropertyValueSpecification","valueRequired":true,"valueName":"search_term_string"}}],"inLanguage":"fr-FR"},{"@type":"Organization","@id":"https:\/\/www.wiego.org\/fr\/#organization","name":"WIEGO","url":"https:\/\/www.wiego.org\/fr\/","logo":{"@type":"ImageObject","inLanguage":"fr-FR","@id":"https:\/\/www.wiego.org\/fr\/#\/schema\/logo\/image\/","url":"https:\/\/www.wiego.org\/wp-content\/uploads\/2024\/12\/logo.svg","contentUrl":"https:\/\/www.wiego.org\/wp-content\/uploads\/2024\/12\/logo.svg","width":142,"height":90,"caption":"WIEGO"},"image":{"@id":"https:\/\/www.wiego.org\/fr\/#\/schema\/logo\/image\/"},"sameAs":["https:\/\/www.facebook.com\/wiegoglobal\/","https:\/\/x.com\/wiegoglobal","https:\/\/www.linkedin.com\/company\/wiego\/","https:\/\/www.youtube.com\/user\/wiegoglobal"],"description":"WIEGO is a global network that supports the movement of workers in informal employment."},{"@type":"BreadcrumbList","itemListElement":[{"@type":"ListItem","position":1,"item":{"@id":"https:\/\/www.wiego.org\/fr\/","name":"WIEGO"}},{"@type":"ListItem","position":2,"item":{"@id":"https:\/\/www.wiego.org\/fr\/blog\/","name":"Blog WIEGO"}}],"@id":"\/#breadcrumb"}]}},"_links":{"self":[{"href":"https:\/\/www.wiego.org\/fr\/wp-json\/wp\/v2\/pages\/26086","targetHints":{"allow":["GET"]}}],"collection":[{"href":"https:\/\/www.wiego.org\/fr\/wp-json\/wp\/v2\/pages"}],"about":[{"href":"https:\/\/www.wiego.org\/fr\/wp-json\/wp\/v2\/types\/page"}],"author":[{"embeddable":true,"href":"https:\/\/www.wiego.org\/fr\/wp-json\/wp\/v2\/users\/2"}],"replies":[{"embeddable":true,"href":"https:\/\/www.wiego.org\/fr\/wp-json\/wp\/v2\/comments?post=26086"}],"version-history":[{"count":0,"href":"https:\/\/www.wiego.org\/fr\/wp-json\/wp\/v2\/pages\/26086\/revisions"}],"wp:featuredmedia":[{"embeddable":true,"href":"https:\/\/www.wiego.org\/fr\/wp-json\/wp\/v2\/media\/12926"}],"wp:attachment":[{"href":"https:\/\/www.wiego.org\/fr\/wp-json\/wp\/v2\/media?parent=26086"}],"curies":[{"name":"wp","href":"https:\/\/api.w.org\/{rel}","templated":true}]}}