{"id":26084,"date":"2019-06-18T13:59:43","date_gmt":"2019-06-18T17:59:43","guid":{"rendered":"https:\/\/wiego.local\/fr-conditions-dutilisation-du-site-internet\/"},"modified":"2024-07-11T10:44:29","modified_gmt":"2024-07-11T14:44:29","slug":"conditions-dutilisation-du-site-internet","status":"publish","type":"page","link":"https:\/\/www.wiego.org\/fr\/conditions-dutilisation-du-site-internet\/","title":{"rendered":"Conditions d\u2019utilisation du site internet"},"content":{"rendered":"<p style=\"text-align:justify; margin-top:8px; margin-bottom:8px\">En utilisant ou en acc\u00e9dant au site www.wiego.org ou tout contenu qui s\u2019y trouve, vous acceptez d\u2019\u00eatre juridiquement tenu par les pr\u00e9sentes Conditions d\u2019utilisation (qui comprennent la \u00a0<a href=\"https:\/\/www.wiego.org\/fr\/politique-de-confidentialite\/\">Politique de protection des donn\u00e9es et de la vie priv\u00e9e<\/a>). Nos Conditions d\u2019utilisation pourront faire l\u2019objet de mises \u00e0 jour ponctuelles sans pr\u00e9avis, \u00e0 la discr\u00e9tion de WIEGO ; il vous incombe de les consulter r\u00e9guli\u00e8rement et de tenir compte de toute modification qui y serait apport\u00e9e.<\/p>\n<p>Le contenu de ce site internet, www.wiego.org, est assur\u00e9 \u00e0 titre de service public. Tous les particuliers peuvent l\u2019utiliser \u00e0 des fins d\u2019analyse et d\u2019obtention d\u2019informations et de documents.<\/p>\n<p>Tout le contenu d\u2019origine sur ce site internet, ainsi que les dispositifs et les fonctionnalit\u00e9s de celui-ci, appartiennent \u00e0 <em>Women in Informal Employment: Organizing and Globalizing, Ltd.<\/em> (WIEGO) ou \u00e0 des tiers tels que des auteurs, diffuseurs et \u00e9diteurs, selon l\u2019indication. Le Contenu est la propri\u00e9t\u00e9 intellectuelle de WIEGO et il est prot\u00e9g\u00e9 par les accords et conventions internationaux sur les droits d\u2019auteur, des brevets et des marques d\u00e9pos\u00e9es ou par d\u2019autre l\u00e9gislation quelconque sur la propri\u00e9t\u00e9 et sur la propri\u00e9t\u00e9 intellectuelle.<\/p>\n<p>Le contenu de WIEGO sur ce site, y compris les donn\u00e9es statistiques, peut \u00eatre reproduit \u00e0 des fins \u00e9ducatives et d\u2019organisation \u00e0 condition de faire figurer d\u00fbment la source (se reporter \u00e0 \u00a0<a href=\"https:\/\/www.wiego.org\/fr\/utilisation-et-citation-des-documents-de-wiego\/\">Comment utiliser et citer les informations de WIEGO<\/a>). Vous devriez aussi citer correctement tout contenu mentionn\u00e9 ici comme provenant d\u2019auteurs et d\u2019organisations externes\u00a0; puis se mettre en rapport avec le propri\u00e9taire l\u00e9gitime dudit contenu afin d\u2019obtenir de ces tiers les autorisations requises lors de l\u2019utilisation desdits \u00e9l\u00e9ments.<\/p>\n<p>Contactez-nous si vous estimez que l&#8217;un quelconque des \u00e9l\u00e9ments de ce site internet porte atteinte \u00e0 vos droits de propri\u00e9t\u00e9 intellectuelle, vos droits \u00e0 la vie priv\u00e9e ou d\u2019autres droits. Nous traiterons l\u2019objet de votre inqui\u00e9tude sans tarder.<\/p>\n<h3>D\u00e9sistement de responsabilit\u00e9<\/h3>\n<p style=\"text-align:justify; margin-top:8px; margin-bottom:8px\">Sur ce site internet, nous nous effor\u00e7ons de mettre \u00e0 votre disposition les informations les plus r\u00e9centes et les plus exactes, exprim\u00e9es le plus clairement possible. Cependant, certains \u00e9l\u00e9ments peuvent \u00eatre d\u00e9pass\u00e9s ou elles peuvent contenir d\u2019\u00e9ventuelles erreurs involontaires. WIEGO ne garantit en aucune mani\u00e8re ni compara\u00eet nulle part \u00e0 l\u2019\u00e9gard de l\u2019exactitude, la qualit\u00e9, le contenu, l\u2019exhaustivit\u00e9 ou l\u2019ad\u00e9quation des informations et des donn\u00e9es sur ce site internet. En cas de diff\u00e9rence entre les informations fournies dans une publication sous format papier ou PDF appartenant \u00e0 WIEGO, et celles contenues dans ce site internet, consid\u00e9rez que la derni\u00e8re version en date est la plus exacte.<\/p>\n<p>WIEGO peut compl\u00e9ter, modifier, am\u00e9liorer ou mettre \u00e0 jour ce site internet et tout contenu qui s\u2019y trouve sans vous pr\u00e9venir.<\/p>\n<p>Le site internet de WIEGO donne acc\u00e8s au web, y compris des liens vers de sites externes. Lorsque vous le quittez (m\u00eame par des liens se trouvant sur notre site), WIEGO n\u2019a pas de contr\u00f4le sur les informations que vous visitez et ne sera nullement tenue responsable pour des informations contenues dans d\u2019autres sites internet ni pour l\u2019utilisation que vous puissiez en faire. Toutes les mesures raisonnables seront prises afin de corriger ou de supprimer toute information \u00e9quivoque, inexacte ou d\u00e9plac\u00e9e, pour quelque raison que ce soit se trouvant sur notre site\u00a0; et ceci dans les plus brefs d\u00e9lais raisonnables. Veuillez nous contacter \u00e0 l\u2019adresse <a href=\"mailto:wiego@wiego.org\">wiego@wiego.org<\/a> si vous avez des remarques \u00e0 cet \u00e9gard.<\/p>\n<h3>D\u00e9sistement de fiabilit\u00e9<\/h3>\n<p style=\"text-align:justify; margin-top:8px; margin-bottom:8px\">WIEGO ne garantit en aucune mani\u00e8re ni ne compara\u00eet nulle part quant \u00e0 l\u2019\u00e9tat et la fonctionnalit\u00e9 de ce site internet, son aptitude \u00e0 l\u2019utilisation ou en cas d\u2019erreur ou d\u2019interruption.<\/p>\n<p>Nous ne pouvons pas assurer l\u2019adaptabilit\u00e9 ou l\u2019accessibilit\u00e9 du site internet dans tous les territoires du monde. En utilisant ce site internet, vous devez vous assurer que le tout soit conforme aux lois en vigueur dans votre territoire. Vous devez cesser imm\u00e9diatement de l\u2019utiliser si, en agissant de la sorte, vous contrevenez \u00e0 une loi ou un r\u00e8glement dans votre juridiction.<\/p>\n<h3>Les contributions au site internet<\/h3>\n<p style=\"text-align:justify; margin-top:8px; margin-bottom:8px\">En envoyant ou mettant en ligne des informations sur ce site internet, vous reconnaissez d\u2019accepter et d\u2019observer les r\u00e8gles suivantes \u00e0 tout instant. Dans nos Conditions d\u2019utilisation, le \u00ab\u00a0contenu\u00a0\u00bb comprend tout commentaire, publication, ressource ou contenu quelconque g\u00e9n\u00e9r\u00e9 par l\u2019utilisateur.<\/p>\n<p>Nous ne garantissons pas la mod\u00e9ration du contenu mis en ligne sur le site, mais nous nous r\u00e9servons le droit de r\u00e9viser, corriger ou supprimer tout contenu \u00e0 tout instant. Nous nous r\u00e9servons \u00e9galement le droit de vous emp\u00eacher d\u2019acc\u00e9der au site internet, dans sa totalit\u00e9 ou en partie. Aucune opinion exprim\u00e9e sur le site ne fait l\u2019objet d\u2019une mod\u00e9ration. N\u2019h\u00e9sitez pas \u00e0 nous contacter si vous souhaitez signaler du contenu mis en ligne sur notre site.<\/p>\n<p>Les contributions de nos utilisateurs mises en ligne sur ce site internet repr\u00e9sentent leur informations et opinions personnelles, et non celles de WIEGO. WIEGO n\u2019adh\u00e8re pas \u00e0 l&#8217;exactitude ou la fiabilit\u00e9 d\u2019aucun conseil, avis, affirmation ou information se trouvant dans du contenu g\u00e9n\u00e9r\u00e9 par les utilisateurs, et d\u00e9cline donc toute responsabilit\u00e9 \u00e0 cet \u00e9gard.<\/p>\n<p>WIEGO peut utiliser, \u00e0 quelque fin que ce soit, tout contenu publi\u00e9 sur ce site internet (y compris tout commentaire), sur tout site connexe ou dans des publications sur support papier, sous r\u00e9serve que l\u2019utilisation soit conforme \u00e0 notre <a href=\"https:\/\/www.wiego.org\/fr\/politique-de-confidentialite\/\">Politique de protection des donn\u00e9es et de la vie priv\u00e9e<\/a>.<\/p>\n<h3>D\u00e9sistement de dommages<\/h3>\n<p style=\"text-align:justify; margin-top:8px; margin-bottom:8px\">En utilisant ce site internet, dans sa totalit\u00e9 ou en partie, vous endossez tous les risques li\u00e9s \u00e0 son utilisation, notamment le risque de se baser sur des informations ou contenus y publi\u00e9s\u00a0; ou le risque de dommage sur votre ordinateur, mat\u00e9riel informatique, logiciels ou donn\u00e9es. WIEGO d\u00e9cline toute responsabilit\u00e9 envers vous pour des dommages directs, indirects, sp\u00e9ciaux, accessoires ou cons\u00e9cutifs, en particulier (mais non exclusivement) la perte de revenu ou de b\u00e9n\u00e9fices, entra\u00een\u00e9e par l\u2019utilisation ou le mauvais usage du site internet de WIEGO ou des informations qui s\u2019y trouvent.<\/p>\n<p>Si votre utilisation du site internet entra\u00eene des pertes pour WIEGO, vous l\u2019indemniserez pour toutes les pertes en d\u00e9coulant (y compris tout pr\u00e9judice direct et indirect, tous les frais et tous les dommages).<\/p>\n<h3>DISCLAIMER OF ENDORSEMENT<\/h3>\n<p style=\"text-align:justify; margin-top:8px; margin-bottom:8px\">Les avis par des auteurs sur ce site internet n\u2019expriment ni ne repr\u00e9sentent pas n\u00e9cessairement les points de vue de WIEGO et ne doivent pas \u00eatre utilis\u00e9s \u00e0 des fins de publicit\u00e9 ou d&#8217;approbation de produits.<\/p>\n<p>Toute r\u00e9f\u00e9rence faite sur ce site internet \u00e0 un produit commercial sp\u00e9cifique, \u00e0 un processus ou \u00e0 un service par nom commercial, marque d\u00e9pos\u00e9e, fabricant ou autre, ne constitue nullement une approbation, une recommandation ni un avis favorable de la part de WIEGO.<\/p>\n<h4>Des questions ou des remarques ?\u00a0<a href=\"https:\/\/www.wiego.org\/contact-us\/\">Contactez-nous<\/a>.<\/h4>\n","protected":false},"excerpt":{"rendered":"<p>En utilisant ou en acc\u00e9dant au site www.wiego.org ou tout contenu qui s\u2019y trouve, vous acceptez d\u2019\u00eatre juridiquement tenu par les pr\u00e9sentes Conditions d\u2019utilisation (qui comprennent la \u00a0Politique de protection des donn\u00e9es et de la vie priv\u00e9e).<\/p>\n","protected":false},"author":2,"featured_media":0,"parent":0,"menu_order":0,"comment_status":"closed","ping_status":"closed","template":"","meta":{"_acf_changed":false,"_relevanssi_hide_post":"","_relevanssi_hide_content":"","_relevanssi_pin_for_all":"","_relevanssi_pin_keywords":"","_relevanssi_unpin_keywords":"","_relevanssi_related_keywords":"","_relevanssi_related_include_ids":"","_relevanssi_related_exclude_ids":"","_relevanssi_related_no_append":"","_relevanssi_related_not_related":"","_relevanssi_related_posts":"","_relevanssi_noindex_reason":"","footnotes":""},"class_list":["post-26084","page","type-page","status-publish","hentry"],"acf":[],"yoast_head":"<!-- This site is optimized with the Yoast SEO Premium plugin v23.8 (Yoast SEO v27.0) - https:\/\/yoast.com\/product\/yoast-seo-premium-wordpress\/ -->\n<title>Conditions d\u2019utilisation du site internet - WIEGO<\/title>\n<meta name=\"robots\" content=\"index, follow, max-snippet:-1, max-image-preview:large, max-video-preview:-1\" \/>\n<link rel=\"canonical\" href=\"https:\/\/www.wiego.org\/fr\/conditions-dutilisation-du-site-internet\/\" \/>\n<meta property=\"og:locale\" content=\"fr_FR\" \/>\n<meta property=\"og:type\" content=\"article\" \/>\n<meta property=\"og:title\" content=\"Conditions d\u2019utilisation du site internet\" \/>\n<meta property=\"og:description\" content=\"En utilisant ou en acc\u00e9dant au site www.wiego.org ou tout contenu qui s\u2019y trouve, vous acceptez d\u2019\u00eatre juridiquement tenu par les pr\u00e9sentes Conditions d\u2019utilisation (qui comprennent la \u00a0Politique de protection des donn\u00e9es et de la vie priv\u00e9e).\" \/>\n<meta property=\"og:url\" content=\"https:\/\/www.wiego.org\/fr\/conditions-dutilisation-du-site-internet\/\" \/>\n<meta property=\"og:site_name\" content=\"WIEGO\" \/>\n<meta property=\"article:publisher\" content=\"https:\/\/www.facebook.com\/wiegoglobal\/\" \/>\n<meta property=\"article:modified_time\" content=\"2024-07-11T14:44:29+00:00\" \/>\n<meta property=\"og:image\" content=\"https:\/\/www.wiego.org\/wp-content\/uploads\/2024\/12\/WIEGO_Open-Graph_option-1-1024x538.png\" \/>\n\t<meta property=\"og:image:width\" content=\"1024\" \/>\n\t<meta property=\"og:image:height\" content=\"538\" \/>\n\t<meta property=\"og:image:type\" content=\"image\/png\" \/>\n<meta name=\"twitter:card\" content=\"summary_large_image\" \/>\n<meta name=\"twitter:site\" content=\"@wiegoglobal\" \/>\n<meta name=\"twitter:label1\" content=\"Est. reading time\" \/>\n\t<meta name=\"twitter:data1\" content=\"6 minutes\" \/>\n<script type=\"application\/ld+json\" class=\"yoast-schema-graph\">{\"@context\":\"https:\/\/schema.org\",\"@graph\":[{\"@type\":\"WebPage\",\"@id\":\"https:\/\/www.wiego.org\/fr\/conditions-dutilisation-du-site-internet\/\",\"url\":\"https:\/\/www.wiego.org\/fr\/conditions-dutilisation-du-site-internet\/\",\"name\":\"Conditions d\u2019utilisation du site internet - WIEGO\",\"isPartOf\":{\"@id\":\"https:\/\/www.wiego.org\/fr\/#website\"},\"datePublished\":\"2019-06-18T17:59:43+00:00\",\"dateModified\":\"2024-07-11T14:44:29+00:00\",\"breadcrumb\":{\"@id\":\"https:\/\/www.wiego.org\/fr\/conditions-dutilisation-du-site-internet\/#breadcrumb\"},\"inLanguage\":\"fr-FR\",\"potentialAction\":[{\"@type\":\"ReadAction\",\"target\":[\"https:\/\/www.wiego.org\/fr\/conditions-dutilisation-du-site-internet\/\"]}]},{\"@type\":\"WebSite\",\"@id\":\"https:\/\/www.wiego.org\/fr\/#website\",\"url\":\"https:\/\/www.wiego.org\/fr\/\",\"name\":\"WIEGO\",\"description\":\"\",\"publisher\":{\"@id\":\"https:\/\/www.wiego.org\/fr\/#organization\"},\"potentialAction\":[{\"@type\":\"SearchAction\",\"target\":{\"@type\":\"EntryPoint\",\"urlTemplate\":\"https:\/\/www.wiego.org\/fr\/?s={search_term_string}\"},\"query-input\":{\"@type\":\"PropertyValueSpecification\",\"valueRequired\":true,\"valueName\":\"search_term_string\"}}],\"inLanguage\":\"fr-FR\"},{\"@type\":\"Organization\",\"@id\":\"https:\/\/www.wiego.org\/fr\/#organization\",\"name\":\"WIEGO\",\"url\":\"https:\/\/www.wiego.org\/fr\/\",\"logo\":{\"@type\":\"ImageObject\",\"inLanguage\":\"fr-FR\",\"@id\":\"https:\/\/www.wiego.org\/fr\/#\/schema\/logo\/image\/\",\"url\":\"https:\/\/www.wiego.org\/wp-content\/uploads\/2024\/12\/logo.svg\",\"contentUrl\":\"https:\/\/www.wiego.org\/wp-content\/uploads\/2024\/12\/logo.svg\",\"width\":142,\"height\":90,\"caption\":\"WIEGO\"},\"image\":{\"@id\":\"https:\/\/www.wiego.org\/fr\/#\/schema\/logo\/image\/\"},\"sameAs\":[\"https:\/\/www.facebook.com\/wiegoglobal\/\",\"https:\/\/x.com\/wiegoglobal\",\"https:\/\/www.linkedin.com\/company\/wiego\/\",\"https:\/\/www.youtube.com\/user\/wiegoglobal\"],\"description\":\"WIEGO is a global network that supports the movement of workers in informal employment.\"},{\"@type\":\"BreadcrumbList\",\"itemListElement\":[{\"@type\":\"ListItem\",\"position\":1,\"item\":{\"@id\":\"https:\/\/www.wiego.org\/fr\/\",\"name\":\"WIEGO\"}},{\"@type\":\"ListItem\",\"position\":2,\"item\":{\"@id\":\"https:\/\/www.wiego.org\/fr\/blog\/\",\"name\":\"Blog WIEGO\"}}],\"@id\":\"\/#breadcrumb\"}]}<\/script>\n<!-- \/ Yoast SEO Premium plugin. -->","yoast_head_json":{"title":"Conditions d\u2019utilisation du site internet - WIEGO","robots":{"index":"index","follow":"follow","max-snippet":"max-snippet:-1","max-image-preview":"max-image-preview:large","max-video-preview":"max-video-preview:-1"},"canonical":"https:\/\/www.wiego.org\/fr\/conditions-dutilisation-du-site-internet\/","og_locale":"fr_FR","og_type":"article","og_title":"Conditions d\u2019utilisation du site internet","og_description":"En utilisant ou en acc\u00e9dant au site www.wiego.org ou tout contenu qui s\u2019y trouve, vous acceptez d\u2019\u00eatre juridiquement tenu par les pr\u00e9sentes Conditions d\u2019utilisation (qui comprennent la \u00a0Politique de protection des donn\u00e9es et de la vie priv\u00e9e).","og_url":"https:\/\/www.wiego.org\/fr\/conditions-dutilisation-du-site-internet\/","og_site_name":"WIEGO","article_publisher":"https:\/\/www.facebook.com\/wiegoglobal\/","article_modified_time":"2024-07-11T14:44:29+00:00","og_image":[{"width":1024,"height":538,"url":"https:\/\/www.wiego.org\/wp-content\/uploads\/2024\/12\/WIEGO_Open-Graph_option-1-1024x538.png","type":"image\/png"}],"twitter_card":"summary_large_image","twitter_site":"@wiegoglobal","twitter_misc":{"Est. reading time":"6 minutes"},"schema":{"@context":"https:\/\/schema.org","@graph":[{"@type":"WebPage","@id":"https:\/\/www.wiego.org\/fr\/conditions-dutilisation-du-site-internet\/","url":"https:\/\/www.wiego.org\/fr\/conditions-dutilisation-du-site-internet\/","name":"Conditions d\u2019utilisation du site internet - WIEGO","isPartOf":{"@id":"https:\/\/www.wiego.org\/fr\/#website"},"datePublished":"2019-06-18T17:59:43+00:00","dateModified":"2024-07-11T14:44:29+00:00","breadcrumb":{"@id":"https:\/\/www.wiego.org\/fr\/conditions-dutilisation-du-site-internet\/#breadcrumb"},"inLanguage":"fr-FR","potentialAction":[{"@type":"ReadAction","target":["https:\/\/www.wiego.org\/fr\/conditions-dutilisation-du-site-internet\/"]}]},{"@type":"WebSite","@id":"https:\/\/www.wiego.org\/fr\/#website","url":"https:\/\/www.wiego.org\/fr\/","name":"WIEGO","description":"","publisher":{"@id":"https:\/\/www.wiego.org\/fr\/#organization"},"potentialAction":[{"@type":"SearchAction","target":{"@type":"EntryPoint","urlTemplate":"https:\/\/www.wiego.org\/fr\/?s={search_term_string}"},"query-input":{"@type":"PropertyValueSpecification","valueRequired":true,"valueName":"search_term_string"}}],"inLanguage":"fr-FR"},{"@type":"Organization","@id":"https:\/\/www.wiego.org\/fr\/#organization","name":"WIEGO","url":"https:\/\/www.wiego.org\/fr\/","logo":{"@type":"ImageObject","inLanguage":"fr-FR","@id":"https:\/\/www.wiego.org\/fr\/#\/schema\/logo\/image\/","url":"https:\/\/www.wiego.org\/wp-content\/uploads\/2024\/12\/logo.svg","contentUrl":"https:\/\/www.wiego.org\/wp-content\/uploads\/2024\/12\/logo.svg","width":142,"height":90,"caption":"WIEGO"},"image":{"@id":"https:\/\/www.wiego.org\/fr\/#\/schema\/logo\/image\/"},"sameAs":["https:\/\/www.facebook.com\/wiegoglobal\/","https:\/\/x.com\/wiegoglobal","https:\/\/www.linkedin.com\/company\/wiego\/","https:\/\/www.youtube.com\/user\/wiegoglobal"],"description":"WIEGO is a global network that supports the movement of workers in informal employment."},{"@type":"BreadcrumbList","itemListElement":[{"@type":"ListItem","position":1,"item":{"@id":"https:\/\/www.wiego.org\/fr\/","name":"WIEGO"}},{"@type":"ListItem","position":2,"item":{"@id":"https:\/\/www.wiego.org\/fr\/blog\/","name":"Blog WIEGO"}}],"@id":"\/#breadcrumb"}]}},"_links":{"self":[{"href":"https:\/\/www.wiego.org\/fr\/wp-json\/wp\/v2\/pages\/26084","targetHints":{"allow":["GET"]}}],"collection":[{"href":"https:\/\/www.wiego.org\/fr\/wp-json\/wp\/v2\/pages"}],"about":[{"href":"https:\/\/www.wiego.org\/fr\/wp-json\/wp\/v2\/types\/page"}],"author":[{"embeddable":true,"href":"https:\/\/www.wiego.org\/fr\/wp-json\/wp\/v2\/users\/2"}],"replies":[{"embeddable":true,"href":"https:\/\/www.wiego.org\/fr\/wp-json\/wp\/v2\/comments?post=26084"}],"version-history":[{"count":0,"href":"https:\/\/www.wiego.org\/fr\/wp-json\/wp\/v2\/pages\/26084\/revisions"}],"wp:attachment":[{"href":"https:\/\/www.wiego.org\/fr\/wp-json\/wp\/v2\/media?parent=26084"}],"curies":[{"name":"wp","href":"https:\/\/api.w.org\/{rel}","templated":true}]}}