{"id":26082,"date":"2019-06-12T17:25:13","date_gmt":"2019-06-12T21:25:13","guid":{"rendered":"https:\/\/wiego.local\/fr-publications-et-ressources\/"},"modified":"2024-07-11T10:44:29","modified_gmt":"2024-07-11T14:44:29","slug":"publications-et-ressources","status":"publish","type":"page","link":"https:\/\/www.wiego.org\/fr\/publications-et-ressources\/","title":{"rendered":"Publications et ressources"},"content":{"rendered":"<p class=\"emphasized-intro-text\"><strong>WIEGO r\u00e9alise un grand nombre de publications et de ressources \u2013 allant de livres aux notes d\u2019information, vid\u00e9os, et mallettes p\u00e9dagogiques pour la formation de travailleuses et travailleurs. \u00c0 t\u00e9l\u00e9charger gratuitement.<\/strong><\/p>\n<h2>Retrouvez les publications de WIEGO<\/h2>\n<ul>\n<li><strong><a href=\"https:\/\/www.wiego.org\/wiego-publication-series\">S\u00c9RIE DE PUBLICATIONS DE WIEGO<\/a><\/strong>: elle contient des <strong>documents de travail<\/strong> coll\u00e9giaux, un \u00e9ventail de <strong>notes d\u2019information<\/strong> et de <strong>documents de base<\/strong> autour de l\u2019\u00e9conomie informelle, \u00e9labor\u00e9s par l\u2019\u00e9quipe de recherche de WIEGO et d\u2019autres \u00e9quipes d\u2019expertise.<\/li>\n<li><strong><a href=\"https:\/\/www.wiego.org\/workers-education-capacity-building-materials\">RESSOURCES EN MATI\u00c8RE D&#8217;\u00c9DUCATION ET RENFORCEMENT DES CAPACIT\u00c9S DE TRAVAILLEUSES<\/a><\/strong>\u00a0cr\u00e9\u00e9es par WIEGO conjointement avec nos membres et partenaires. \u00c0 t\u00e9l\u00e9charger et partager gratuitement.<\/li>\n<li><strong><a href=\"https:\/\/www.wiego.org\/peer-reviewed-publications-wiego-team-members-2019-2021\">PUBLICATIONS \u00c9VALU\u00c9ES PAR DES PAIRS de l&#8217;\u00e9quipe de recherche de WIEGO<\/a><\/strong>. Certaines ressources sont disponibles gratuitement, alors que d&#8217;autres le sont \u00e0 acc\u00e8s restreint.<\/li>\n<li><strong><a href=\"https:\/\/www.wiego.org\/informal-economy\/worker-stories\">HISTOIRES DE TRAVAILLEUSES<\/a><\/strong>\u00a0qui donnent une dimension humaine aux enjeux de l\u2019\u00e9conomie informelle.<\/li>\n<\/ul>\n<hr \/>\n<h3>Publications et ressources par sujet<\/h3>\n<div class=\"btgrid\">\n<div class=\"row row-1\">\n<div class=\"col col-md-4\">\n<div class=\"content\"><img decoding=\"async\" alt=\"Une femme avec enfant\" data-entity-type=\"file\" data-entity-uuid=\"18e67959-72e6-44fe-a400-dca2eabf8c9e\" src=\"\/sites\/default\/files\/inline-images\/Child%20care.jpg\" class=\"align-center\" width=\"248\" height=\"173\" loading=\"lazy\" \/><\/p>\n<h3><a href=\"https:\/\/www.wiego.org\/search?search_api_fulltext=&#038;field_informal_economy_topic%5B379%5D=379&#038;field_informal_economy_topic%5B106%5D=106&#038;type%5Bpublications%5D=publications&#038;type%5Bresource%5D=resource&#038;field_language%5B82%5D=82&#038;field_authors=\">Child care and care workers<\/a><\/h3>\n<\/div>\n<\/div>\n<div class=\"col col-md-4\">\n<div class=\"content\"><img decoding=\"async\" alt=\"Une femme au march\u00e9 au Ghana\" data-entity-type=\"file\" data-entity-uuid=\"3cf82481-c824-42a5-83e5-b1875a6b5c96\" src=\"\/sites\/default\/files\/inline-images\/Public%20Space.jpg\" class=\"align-center\" width=\"248\" height=\"173\" loading=\"lazy\" \/><\/p>\n<h3><a href=\"https:\/\/www.wiego.org\/search?search_api_fulltext=&#038;field_informal_economy_topic%5B112%5D=112&#038;type%5Bpublications%5D=publications&#038;type%5Bresource%5D=resource&#038;field_language%5B82%5D=82&#038;field_authors=\">Les espaces publics<\/a>\u00a0<\/h3>\n<\/div>\n<\/div>\n<div class=\"col col-md-4\">\n<div class=\"content\"><img decoding=\"async\" alt=\"Des \u00e9tudiantes \/ \u00e9l\u00e8ves\" data-entity-type=\"file\" data-entity-uuid=\"5083df1f-a01c-4adb-9c79-71b47ad2fa41\" src=\"\/sites\/default\/files\/inline-images\/Statistics-on-the-informal-economy_1.jpg\" class=\"align-center\" width=\"248\" height=\"173\" loading=\"lazy\" \/><\/p>\n<h3><a href=\"https:\/\/www.wiego.org\/ilo-wiego-statistical-reports\">Statistiques sur l&#8217;\u00e9conomie informelle<\/a><\/h3>\n<\/div>\n<\/div>\n<\/div>\n<div class=\"row row-2\">\n<div class=\"col col-md-4\">\n<div class=\"content\"><img decoding=\"async\" alt=\"Une femme au march\u00e9 vendant des produits alimentaires au Bangkok\" data-entity-type=\"file\" data-entity-uuid=\"fec94a02-4dd2-4b9f-b0ad-e451bcba4dbd\" src=\"\/sites\/default\/files\/inline-images\/Bangkok%20streetvendors%203%20Pailin%20Wedel-HERO.jpg\" class=\"align-center\" width=\"248\" height=\"173\" loading=\"lazy\" \/><\/p>\n<h3><a href=\"https:\/\/www.wiego.org\/search?search_api_fulltext=&#038;field_informal_economy_topic%5B117%5D=117&#038;field_informal_economy_topic%5B109%5D=109&#038;field_informal_economy_topic%5B110%5D=110&#038;field_informal_economy_topic%5B102%5D=102&#038;type%5Bpublications%5D=publications&#038;type%5Bresource%5D=resource&#038;field_language%5B82%5D=82&#038;field_authors=\">L&#8217;autonomisation \u00e9conomique des femmes<\/a><\/h3>\n<\/div>\n<\/div>\n<div class=\"col col-md-4\">\n<div class=\"content\"><img decoding=\"async\" alt=\"R\u00e9cup\u00e9ratrice de mat\u00e9riaux dans une coop\u00e9rative au Br\u00e9sil\" data-entity-type=\"file\" data-entity-uuid=\"2e3869d1-2462-4af3-82dd-f9ed801680e7\" src=\"\/sites\/default\/files\/inline-images\/cooperation.jpg\" class=\"align-center\" width=\"248\" height=\"173\" loading=\"lazy\" \/><\/p>\n<h3><a href=\"https:\/\/www.wiego.org\/search?search_api_fulltext=&#038;field_informal_economy_topic%5B100%5D=100&#038;field_informal_economy_topic%5B116%5D=116&#038;type%5Bpublications%5D=publications&#038;type%5Bresource%5D=resource&#038;field_language%5B82%5D=82&#038;field_authors=\">Les coop\u00e9ratives et le travail d&#8217;organisation des travailleuses de l&#8217;informel<\/a><\/h3>\n<\/div>\n<\/div>\n<div class=\"col col-md-4\">\n<div class=\"content\"><img decoding=\"async\" alt=\"R\u00e9cup\u00e9ratrice de mat\u00e9riaux dans un site de d\u00e9charge \u00e0 Accra\" data-entity-type=\"file\" data-entity-uuid=\"4a02225b-a20c-48fa-94be-07d6f23e2b5e\" src=\"\/sites\/default\/files\/inline-images\/Workers%20health.jpeg\" class=\"align-center\" width=\"248\" height=\"173\" loading=\"lazy\" \/><\/p>\n<h3><a href=\"https:\/\/www.wiego.org\/search?search_api_fulltext=&#038;field_informal_economy_topic%5B114%5D=114&#038;field_informal_economy_topic%5B115%5D=115&#038;type%5Bpublications%5D=publications&#038;type%5Bresource%5D=resource&#038;field_language%5B82%5D=82&#038;field_authors=\">La sant\u00e9 et la s\u00e9curit\u00e9 au travail des travailleuses de l&#8217;informel<\/a><\/h3>\n<\/div>\n<\/div>\n<\/div>\n<\/div>\n<hr \/>\n<h3><strong>Recherche par groupes professionnels<\/strong><\/h3>\n<div class=\"btgrid\">\n<div class=\"row row-1\">\n<div class=\"col col-md-3\">\n<div class=\"content\">\n<p class=\"text-align-center\"><strong><a class=\"btn btn-orange\" href=\"https:\/\/www.wiego.org\/search?search_api_fulltext=&#038;field_occupational_group%5B7%5D=7&#038;type%5Bpublications%5D=publications&#038;type%5Bresource%5D=resource&#038;field_language%5B82%5D=82&#038;field_authors=\">Travailleuses domestiques<\/a><\/strong><\/p>\n<\/div>\n<\/div>\n<div class=\"col col-md-3\">\n<div class=\"content\">\n<p class=\"text-align-center\"><a class=\"btn btn-orange\" href=\"https:\/\/www.wiego.org\/search?search_api_fulltext=&#038;field_occupational_group%5B8%5D=8&#038;type%5Bpublications%5D=publications&#038;type%5Bresource%5D=resource&#038;field_language%5B82%5D=82&#038;field_authors=\"><strong>Travailleuses \u00e0 domicile<\/strong><\/a><\/p>\n<\/div>\n<\/div>\n<div class=\"col col-md-3\">\n<div class=\"content\">\n<p class=\"text-align-center\"><a class=\"btn btn-orange\" href=\"https:\/\/www.wiego.org\/search?search_api_fulltext=&#038;field_occupational_group%5B10%5D=10&#038;type%5Bpublications%5D=publications&#038;type%5Bresource%5D=resource&#038;field_language%5B82%5D=82&#038;field_authors=\"><strong>R\u00e9cup\u00e9ratrices de mat\u00e9riaux<\/strong><\/a><\/p>\n<p class=\"text-align-center\">\u00a0 \u00a0 \u00a0 \u00a0<\/p>\n<\/div>\n<\/div>\n<div class=\"col col-md-3\">\n<div class=\"content\">\n<p class=\"text-align-center\">\u00a0<\/p>\n<\/div>\n<\/div>\n<\/div>\n<\/div>\n<div class=\"btgrid\">\n<div class=\"row row-1\">\n<div class=\"col col-md-6\">\n<div class=\"content\">\n<p><a class=\"btn btn-orange\" href=\"https:\/\/www.wiego.org\/search?search_api_fulltext=&#038;field_occupational_group%5B9%5D=9&#038;type%5Bpublications%5D=publications&#038;type%5Bresource%5D=resource&#038;field_language%5B82%5D=82&#038;field_authors=\"><strong>Vendeuses de rue et sur les march\u00e9s<\/strong><\/a><\/p>\n<\/div>\n<\/div>\n<div class=\"col col-md-6\">\n<div class=\"content\">\n<p><a class=\"btn btn-orange\" href=\"https:\/\/www.wiego.org\/search?search_api_fulltext=&#038;field_occupational_group%5B11%5D=11&#038;type%5Bpublications%5D=publications&#038;type%5Bresource%5D=resource&#038;field_language%5B82%5D=82&#038;field_authors=\"><strong>Travailleuses de l&#8217;industrie du v\u00eatement<\/strong><\/a><strong>\u00a0 \u00a0<\/strong><\/p>\n<\/div>\n<\/div>\n<\/div>\n<\/div>\n<p><strong>EN SAVOIR PLUS &#8211; Notre fonctionnalit\u00e9 de recherche avanc\u00e9e propose l&#8217;utilisation de crit\u00e8res para th\u00e8mes et par sujets.<\/strong><\/p>\n","protected":false},"excerpt":{"rendered":"<p>WIEGO r\u00e9alise un grand nombre de publications et de ressources \u2013 notamment des livres, des notes d\u2019information, des vid\u00e9os, et des mallettes p\u00e9dagogiques pour la formation de travailleuses et travailleurs. Vous les trouverez toutes gratuitement sur notre site internet.<\/p>\n","protected":false},"author":2,"featured_media":0,"parent":0,"menu_order":0,"comment_status":"closed","ping_status":"closed","template":"","meta":{"_acf_changed":false,"_relevanssi_hide_post":"","_relevanssi_hide_content":"","_relevanssi_pin_for_all":"","_relevanssi_pin_keywords":"","_relevanssi_unpin_keywords":"","_relevanssi_related_keywords":"","_relevanssi_related_include_ids":"","_relevanssi_related_exclude_ids":"","_relevanssi_related_no_append":"","_relevanssi_related_not_related":"","_relevanssi_related_posts":"","_relevanssi_noindex_reason":"","footnotes":""},"class_list":["post-26082","page","type-page","status-publish","hentry"],"acf":[],"yoast_head":"<!-- This site is optimized with the Yoast SEO Premium plugin v23.8 (Yoast SEO v27.4) - https:\/\/yoast.com\/product\/yoast-seo-premium-wordpress\/ -->\n<title>Publications et ressources - WIEGO<\/title>\n<meta name=\"robots\" content=\"index, follow, max-snippet:-1, max-image-preview:large, max-video-preview:-1\" \/>\n<link rel=\"canonical\" href=\"https:\/\/www.wiego.org\/fr\/publications-et-ressources\/\" \/>\n<meta property=\"og:locale\" content=\"fr_FR\" \/>\n<meta property=\"og:type\" content=\"article\" \/>\n<meta property=\"og:title\" content=\"Publications et ressources\" \/>\n<meta property=\"og:description\" content=\"WIEGO r\u00e9alise un grand nombre de publications et de ressources \u2013 notamment des livres, des notes d\u2019information, des vid\u00e9os, et des mallettes p\u00e9dagogiques pour la formation de travailleuses et travailleurs. Vous les trouverez toutes gratuitement sur notre site internet.\" \/>\n<meta property=\"og:url\" content=\"https:\/\/www.wiego.org\/fr\/publications-et-ressources\/\" \/>\n<meta property=\"og:site_name\" content=\"WIEGO\" \/>\n<meta property=\"article:publisher\" content=\"https:\/\/www.facebook.com\/wiegoglobal\/\" \/>\n<meta property=\"article:modified_time\" content=\"2024-07-11T14:44:29+00:00\" \/>\n<meta property=\"og:image\" content=\"https:\/\/www.wiego.org\/wp-content\/uploads\/2024\/12\/WIEGO_Open-Graph_option-1-1024x538.png\" \/>\n\t<meta property=\"og:image:width\" content=\"1024\" \/>\n\t<meta property=\"og:image:height\" content=\"538\" \/>\n\t<meta property=\"og:image:type\" content=\"image\/png\" \/>\n<meta name=\"twitter:card\" content=\"summary_large_image\" \/>\n<meta name=\"twitter:site\" content=\"@wiegoglobal\" \/>\n<meta name=\"twitter:label1\" content=\"Est. reading time\" \/>\n\t<meta name=\"twitter:data1\" content=\"1 minute\" \/>\n<script type=\"application\/ld+json\" class=\"yoast-schema-graph\">{\"@context\":\"https:\\\/\\\/schema.org\",\"@graph\":[{\"@type\":\"WebPage\",\"@id\":\"https:\\\/\\\/www.wiego.org\\\/fr\\\/publications-et-ressources\\\/\",\"url\":\"https:\\\/\\\/www.wiego.org\\\/fr\\\/publications-et-ressources\\\/\",\"name\":\"Publications et ressources - WIEGO\",\"isPartOf\":{\"@id\":\"https:\\\/\\\/www.wiego.org\\\/fr\\\/#website\"},\"datePublished\":\"2019-06-12T21:25:13+00:00\",\"dateModified\":\"2024-07-11T14:44:29+00:00\",\"breadcrumb\":{\"@id\":\"https:\\\/\\\/www.wiego.org\\\/fr\\\/publications-et-ressources\\\/#breadcrumb\"},\"inLanguage\":\"fr-FR\",\"potentialAction\":[{\"@type\":\"ReadAction\",\"target\":[\"https:\\\/\\\/www.wiego.org\\\/fr\\\/publications-et-ressources\\\/\"]}]},{\"@type\":\"WebSite\",\"@id\":\"https:\\\/\\\/www.wiego.org\\\/fr\\\/#website\",\"url\":\"https:\\\/\\\/www.wiego.org\\\/fr\\\/\",\"name\":\"WIEGO\",\"description\":\"\",\"publisher\":{\"@id\":\"https:\\\/\\\/www.wiego.org\\\/fr\\\/#organization\"},\"potentialAction\":[{\"@type\":\"SearchAction\",\"target\":{\"@type\":\"EntryPoint\",\"urlTemplate\":\"https:\\\/\\\/www.wiego.org\\\/fr\\\/?s={search_term_string}\"},\"query-input\":{\"@type\":\"PropertyValueSpecification\",\"valueRequired\":true,\"valueName\":\"search_term_string\"}}],\"inLanguage\":\"fr-FR\"},{\"@type\":\"Organization\",\"@id\":\"https:\\\/\\\/www.wiego.org\\\/fr\\\/#organization\",\"name\":\"WIEGO\",\"url\":\"https:\\\/\\\/www.wiego.org\\\/fr\\\/\",\"logo\":{\"@type\":\"ImageObject\",\"inLanguage\":\"fr-FR\",\"@id\":\"https:\\\/\\\/www.wiego.org\\\/fr\\\/#\\\/schema\\\/logo\\\/image\\\/\",\"url\":\"https:\\\/\\\/www.wiego.org\\\/wp-content\\\/uploads\\\/2024\\\/12\\\/logo.svg\",\"contentUrl\":\"https:\\\/\\\/www.wiego.org\\\/wp-content\\\/uploads\\\/2024\\\/12\\\/logo.svg\",\"width\":142,\"height\":90,\"caption\":\"WIEGO\"},\"image\":{\"@id\":\"https:\\\/\\\/www.wiego.org\\\/fr\\\/#\\\/schema\\\/logo\\\/image\\\/\"},\"sameAs\":[\"https:\\\/\\\/www.facebook.com\\\/wiegoglobal\\\/\",\"https:\\\/\\\/x.com\\\/wiegoglobal\",\"https:\\\/\\\/www.linkedin.com\\\/company\\\/wiego\\\/\",\"https:\\\/\\\/www.youtube.com\\\/user\\\/wiegoglobal\"],\"description\":\"WIEGO is a global network that supports the movement of workers in informal employment.\"},{\"@type\":\"BreadcrumbList\",\"itemListElement\":[{\"@type\":\"ListItem\",\"position\":1,\"item\":{\"@id\":\"https:\\\/\\\/www.wiego.org\\\/fr\\\/\",\"name\":\"WIEGO\"}},{\"@type\":\"ListItem\",\"position\":2,\"item\":{\"@id\":\"https:\\\/\\\/www.wiego.org\\\/fr\\\/blog\\\/\",\"name\":\"Blog WIEGO\"}}],\"@id\":\"\\\/#breadcrumb\"}]}<\/script>\n<!-- \/ Yoast SEO Premium plugin. -->","yoast_head_json":{"title":"Publications et ressources - WIEGO","robots":{"index":"index","follow":"follow","max-snippet":"max-snippet:-1","max-image-preview":"max-image-preview:large","max-video-preview":"max-video-preview:-1"},"canonical":"https:\/\/www.wiego.org\/fr\/publications-et-ressources\/","og_locale":"fr_FR","og_type":"article","og_title":"Publications et ressources","og_description":"WIEGO r\u00e9alise un grand nombre de publications et de ressources \u2013 notamment des livres, des notes d\u2019information, des vid\u00e9os, et des mallettes p\u00e9dagogiques pour la formation de travailleuses et travailleurs. Vous les trouverez toutes gratuitement sur notre site internet.","og_url":"https:\/\/www.wiego.org\/fr\/publications-et-ressources\/","og_site_name":"WIEGO","article_publisher":"https:\/\/www.facebook.com\/wiegoglobal\/","article_modified_time":"2024-07-11T14:44:29+00:00","og_image":[{"width":1024,"height":538,"url":"https:\/\/www.wiego.org\/wp-content\/uploads\/2024\/12\/WIEGO_Open-Graph_option-1-1024x538.png","type":"image\/png"}],"twitter_card":"summary_large_image","twitter_site":"@wiegoglobal","twitter_misc":{"Est. reading time":"1 minute"},"schema":{"@context":"https:\/\/schema.org","@graph":[{"@type":"WebPage","@id":"https:\/\/www.wiego.org\/fr\/publications-et-ressources\/","url":"https:\/\/www.wiego.org\/fr\/publications-et-ressources\/","name":"Publications et ressources - WIEGO","isPartOf":{"@id":"https:\/\/www.wiego.org\/fr\/#website"},"datePublished":"2019-06-12T21:25:13+00:00","dateModified":"2024-07-11T14:44:29+00:00","breadcrumb":{"@id":"https:\/\/www.wiego.org\/fr\/publications-et-ressources\/#breadcrumb"},"inLanguage":"fr-FR","potentialAction":[{"@type":"ReadAction","target":["https:\/\/www.wiego.org\/fr\/publications-et-ressources\/"]}]},{"@type":"WebSite","@id":"https:\/\/www.wiego.org\/fr\/#website","url":"https:\/\/www.wiego.org\/fr\/","name":"WIEGO","description":"","publisher":{"@id":"https:\/\/www.wiego.org\/fr\/#organization"},"potentialAction":[{"@type":"SearchAction","target":{"@type":"EntryPoint","urlTemplate":"https:\/\/www.wiego.org\/fr\/?s={search_term_string}"},"query-input":{"@type":"PropertyValueSpecification","valueRequired":true,"valueName":"search_term_string"}}],"inLanguage":"fr-FR"},{"@type":"Organization","@id":"https:\/\/www.wiego.org\/fr\/#organization","name":"WIEGO","url":"https:\/\/www.wiego.org\/fr\/","logo":{"@type":"ImageObject","inLanguage":"fr-FR","@id":"https:\/\/www.wiego.org\/fr\/#\/schema\/logo\/image\/","url":"https:\/\/www.wiego.org\/wp-content\/uploads\/2024\/12\/logo.svg","contentUrl":"https:\/\/www.wiego.org\/wp-content\/uploads\/2024\/12\/logo.svg","width":142,"height":90,"caption":"WIEGO"},"image":{"@id":"https:\/\/www.wiego.org\/fr\/#\/schema\/logo\/image\/"},"sameAs":["https:\/\/www.facebook.com\/wiegoglobal\/","https:\/\/x.com\/wiegoglobal","https:\/\/www.linkedin.com\/company\/wiego\/","https:\/\/www.youtube.com\/user\/wiegoglobal"],"description":"WIEGO is a global network that supports the movement of workers in informal employment."},{"@type":"BreadcrumbList","itemListElement":[{"@type":"ListItem","position":1,"item":{"@id":"https:\/\/www.wiego.org\/fr\/","name":"WIEGO"}},{"@type":"ListItem","position":2,"item":{"@id":"https:\/\/www.wiego.org\/fr\/blog\/","name":"Blog WIEGO"}}],"@id":"\/#breadcrumb"}]}},"_links":{"self":[{"href":"https:\/\/www.wiego.org\/fr\/wp-json\/wp\/v2\/pages\/26082","targetHints":{"allow":["GET"]}}],"collection":[{"href":"https:\/\/www.wiego.org\/fr\/wp-json\/wp\/v2\/pages"}],"about":[{"href":"https:\/\/www.wiego.org\/fr\/wp-json\/wp\/v2\/types\/page"}],"author":[{"embeddable":true,"href":"https:\/\/www.wiego.org\/fr\/wp-json\/wp\/v2\/users\/2"}],"replies":[{"embeddable":true,"href":"https:\/\/www.wiego.org\/fr\/wp-json\/wp\/v2\/comments?post=26082"}],"version-history":[{"count":0,"href":"https:\/\/www.wiego.org\/fr\/wp-json\/wp\/v2\/pages\/26082\/revisions"}],"wp:attachment":[{"href":"https:\/\/www.wiego.org\/fr\/wp-json\/wp\/v2\/media?parent=26082"}],"curies":[{"name":"wp","href":"https:\/\/api.w.org\/{rel}","templated":true}]}}