{"id":51899,"date":"2025-12-05T13:17:50","date_gmt":"2025-12-05T18:17:50","guid":{"rendered":"https:\/\/www.wiego.org\/?page_id=51899"},"modified":"2025-12-09T16:02:29","modified_gmt":"2025-12-09T21:02:29","slug":"denuncia-irregularidades","status":"publish","type":"page","link":"https:\/\/www.wiego.org\/es\/denuncia-irregularidades\/","title":{"rendered":"Pol\u00edtica y procedimiento de denuncia de irregularidades en WIEGO"},"content":{"rendered":"<p>En WIEGO, nos comprometemos con los m\u00e1s altos est\u00e1ndares de integridad, rendici\u00f3n de cuentas y conducta \u00e9tica. Queremos asegurarnos de que toda anomal\u00eda en nuestra organizaci\u00f3n pueda denunciarse de manera segura y sea atendida adecuadamente. A continuaci\u00f3n, se explica tanto la pol\u00edtica como el procedimiento para denunciar cualquier irregularidad, as\u00ed como la manera en que se tratar\u00e1 la denuncia.<\/p>\n<p>Si consideras que ha ocurrido alguna irregularidad, falta profesional o conducta poco \u00e9tica en cualquier aspecto del trabajo de WIEGO, te exhortamos a compartir tu inquietud lo antes posible. Todas las denuncias ser\u00e1n tratadas de forma confidencial y las personas que las presenten ser\u00e1n protegidas de cualquier represalia.<\/p>\n<h3>\u00bfQu\u00e9 es la denuncia de irregularidades?<\/h3>\n<p>La denuncia de irregularidades consiste en manifestar una seria preocupaci\u00f3n por conductas susceptibles de causar da\u00f1o a WIEGO, a miembros del equipo, a sus aliados estrat\u00e9gicos o a las personas y comunidades con las que la organizaci\u00f3n colabora. Puede tratarse de actividades criminales, uso indebido de fondos, incumplimiento de obligaciones legales, riesgos para la salud y la seguridad, perjuicios al medio ambiente o intentos de ocultar cualquier anomal\u00eda. La denuncia de irregularidades va m\u00e1s all\u00e1 de los agravios personales y se relaciona con asuntos que afectan a toda la organizaci\u00f3n.<\/p>\n<h3>C\u00f3mo atiende WIEGO la denuncia de irregularidades<\/h3>\n<p>Cuando se manifiesta una inquietud, WIEGO garantiza un trato cuidadoso, confidencial e imparcial. Tras recibirla, la persona defensora del Consejo Directivo acusa recibo y revisa la informaci\u00f3n para determinar si corresponde iniciar una investigaci\u00f3n formal. Si as\u00ed fuera, una persona investigadora imparcial \u2014interna o externa\u2014 examina el caso, re\u00fane la evidencia pertinente y presenta sus conclusiones al Consejo Directivo. Cuando la situaci\u00f3n lo exige, se toman medidas correctivas y se protege a quien haya compartido su inquietud de buena fe. Las denuncias an\u00f3nimas tambi\u00e9n se analizan, pero su seguimiento puede resultar limitado.<\/p>\n<h6>Si deseas compartir alguna preocupaci\u00f3n, te invitamos a escribir a <a href=\"mailto:whistleblowing@wiego.org\">whistleblowing@wiego.org<\/a>. Tu mensaje ser\u00e1 atendido con apertura y confidencialidad. Por favor, no dudes en compartir tanta informaci\u00f3n como consideres oportuno para que podamos responder debidamente.<\/h6>\n","protected":false},"excerpt":{"rendered":"<p>En WIEGO queremos garantizar la protecci\u00f3n de todas las personas que entran en contacto con nuestra organizaci\u00f3n. Nos hemos comprometido a salvaguardar la dignidad, la seguridad y los derechos de las personas trabajadoras en empleo informal y, como tomamos en serio este compromiso, queremos escucharte y saber si sientes que tu dignidad, seguridad o derechos han sido da\u00f1ados de alg\u00fan modo durante tu interacci\u00f3n con WIEGO. Llamamos &#8220;Protecci\u00f3n&#8221; [Safeguarding] a este aspecto de nuestra labor.<\/p>\n","protected":false},"author":10,"featured_media":0,"parent":0,"menu_order":0,"comment_status":"closed","ping_status":"closed","template":"","meta":{"_acf_changed":false,"_relevanssi_hide_post":"","_relevanssi_hide_content":"","_relevanssi_pin_for_all":"","_relevanssi_pin_keywords":"","_relevanssi_unpin_keywords":"","_relevanssi_related_keywords":"","_relevanssi_related_include_ids":"0","_relevanssi_related_exclude_ids":"","_relevanssi_related_no_append":"","_relevanssi_related_not_related":"","_relevanssi_related_posts":"40205,40258,39743,26309,39750,45833,39734,40351,40375,47152","_relevanssi_noindex_reason":"","footnotes":""},"class_list":["post-51899","page","type-page","status-publish","hentry"],"acf":[],"yoast_head":"<!-- This site is optimized with the Yoast SEO Premium plugin v23.8 (Yoast SEO v27.4) - https:\/\/yoast.com\/product\/yoast-seo-premium-wordpress\/ -->\n<title>Pol\u00edtica y procedimiento de denuncia de irregularidades en WIEGO - WIEGO<\/title>\n<meta name=\"robots\" content=\"index, follow, max-snippet:-1, max-image-preview:large, max-video-preview:-1\" \/>\n<link rel=\"canonical\" href=\"https:\/\/www.wiego.org\/es\/denuncia-irregularidades\/\" \/>\n<meta property=\"og:locale\" content=\"es_ES\" \/>\n<meta property=\"og:type\" content=\"article\" \/>\n<meta property=\"og:title\" content=\"Pol\u00edtica y procedimiento de denuncia de irregularidades en WIEGO\" \/>\n<meta property=\"og:description\" content=\"En WIEGO queremos garantizar la protecci\u00f3n de todas las personas que entran en contacto con nuestra organizaci\u00f3n. Nos hemos comprometido a salvaguardar la dignidad, la seguridad y los derechos de las personas trabajadoras en empleo informal y, como tomamos en serio este compromiso, queremos escucharte y saber si sientes que tu dignidad, seguridad o derechos han sido da\u00f1ados de alg\u00fan modo durante tu interacci\u00f3n con WIEGO. Llamamos &quot;Protecci\u00f3n&quot; [Safeguarding] a este aspecto de nuestra labor.\" \/>\n<meta property=\"og:url\" content=\"https:\/\/www.wiego.org\/es\/denuncia-irregularidades\/\" \/>\n<meta property=\"og:site_name\" content=\"WIEGO\" \/>\n<meta property=\"article:publisher\" content=\"https:\/\/www.facebook.com\/wiegoglobal\/\" \/>\n<meta property=\"article:modified_time\" content=\"2025-12-09T21:02:29+00:00\" \/>\n<meta property=\"og:image\" content=\"https:\/\/www.wiego.org\/wp-content\/uploads\/2024\/12\/WIEGO_Open-Graph_option-1-1024x538.png\" \/>\n\t<meta property=\"og:image:width\" content=\"1024\" \/>\n\t<meta property=\"og:image:height\" content=\"538\" \/>\n\t<meta property=\"og:image:type\" content=\"image\/png\" \/>\n<meta name=\"twitter:card\" content=\"summary_large_image\" \/>\n<meta name=\"twitter:site\" content=\"@wiegoglobal\" \/>\n<meta name=\"twitter:label1\" content=\"Est. reading time\" \/>\n\t<meta name=\"twitter:data1\" content=\"2 minutes\" \/>\n<script type=\"application\/ld+json\" class=\"yoast-schema-graph\">{\"@context\":\"https:\\\/\\\/schema.org\",\"@graph\":[{\"@type\":\"WebPage\",\"@id\":\"https:\\\/\\\/www.wiego.org\\\/es\\\/denuncia-irregularidades\\\/\",\"url\":\"https:\\\/\\\/www.wiego.org\\\/es\\\/denuncia-irregularidades\\\/\",\"name\":\"Pol\u00edtica y procedimiento de denuncia de irregularidades en WIEGO - WIEGO\",\"isPartOf\":{\"@id\":\"https:\\\/\\\/www.wiego.org\\\/es\\\/#website\"},\"datePublished\":\"2025-12-05T18:17:50+00:00\",\"dateModified\":\"2025-12-09T21:02:29+00:00\",\"breadcrumb\":{\"@id\":\"https:\\\/\\\/www.wiego.org\\\/es\\\/denuncia-irregularidades\\\/#breadcrumb\"},\"inLanguage\":\"es-ES\",\"potentialAction\":[{\"@type\":\"ReadAction\",\"target\":[\"https:\\\/\\\/www.wiego.org\\\/es\\\/denuncia-irregularidades\\\/\"]}]},{\"@type\":\"WebSite\",\"@id\":\"https:\\\/\\\/www.wiego.org\\\/es\\\/#website\",\"url\":\"https:\\\/\\\/www.wiego.org\\\/es\\\/\",\"name\":\"WIEGO\",\"description\":\"\",\"publisher\":{\"@id\":\"https:\\\/\\\/www.wiego.org\\\/es\\\/#organization\"},\"potentialAction\":[{\"@type\":\"SearchAction\",\"target\":{\"@type\":\"EntryPoint\",\"urlTemplate\":\"https:\\\/\\\/www.wiego.org\\\/es\\\/?s={search_term_string}\"},\"query-input\":{\"@type\":\"PropertyValueSpecification\",\"valueRequired\":true,\"valueName\":\"search_term_string\"}}],\"inLanguage\":\"es-ES\"},{\"@type\":\"Organization\",\"@id\":\"https:\\\/\\\/www.wiego.org\\\/es\\\/#organization\",\"name\":\"WIEGO\",\"url\":\"https:\\\/\\\/www.wiego.org\\\/es\\\/\",\"logo\":{\"@type\":\"ImageObject\",\"inLanguage\":\"es-ES\",\"@id\":\"https:\\\/\\\/www.wiego.org\\\/es\\\/#\\\/schema\\\/logo\\\/image\\\/\",\"url\":\"https:\\\/\\\/www.wiego.org\\\/wp-content\\\/uploads\\\/2024\\\/12\\\/logo.svg\",\"contentUrl\":\"https:\\\/\\\/www.wiego.org\\\/wp-content\\\/uploads\\\/2024\\\/12\\\/logo.svg\",\"width\":142,\"height\":90,\"caption\":\"WIEGO\"},\"image\":{\"@id\":\"https:\\\/\\\/www.wiego.org\\\/es\\\/#\\\/schema\\\/logo\\\/image\\\/\"},\"sameAs\":[\"https:\\\/\\\/www.facebook.com\\\/wiegoglobal\\\/\",\"https:\\\/\\\/x.com\\\/wiegoglobal\",\"https:\\\/\\\/www.linkedin.com\\\/company\\\/wiego\\\/\",\"https:\\\/\\\/www.youtube.com\\\/user\\\/wiegoglobal\"],\"description\":\"WIEGO is a global network that supports the movement of workers in informal employment.\"},{\"@type\":\"BreadcrumbList\",\"itemListElement\":[{\"@type\":\"ListItem\",\"position\":1,\"item\":{\"@id\":\"https:\\\/\\\/www.wiego.org\\\/es\\\/\",\"name\":\"WIEGO\"}},{\"@type\":\"ListItem\",\"position\":2,\"item\":{\"@id\":\"https:\\\/\\\/www.wiego.org\\\/es\\\/blog\\\/\",\"name\":\"Blog WIEGO\"}}],\"@id\":\"\\\/#breadcrumb\"}]}<\/script>\n<!-- \/ Yoast SEO Premium plugin. -->","yoast_head_json":{"title":"Pol\u00edtica y procedimiento de denuncia de irregularidades en WIEGO - WIEGO","robots":{"index":"index","follow":"follow","max-snippet":"max-snippet:-1","max-image-preview":"max-image-preview:large","max-video-preview":"max-video-preview:-1"},"canonical":"https:\/\/www.wiego.org\/es\/denuncia-irregularidades\/","og_locale":"es_ES","og_type":"article","og_title":"Pol\u00edtica y procedimiento de denuncia de irregularidades en WIEGO","og_description":"En WIEGO queremos garantizar la protecci\u00f3n de todas las personas que entran en contacto con nuestra organizaci\u00f3n. Nos hemos comprometido a salvaguardar la dignidad, la seguridad y los derechos de las personas trabajadoras en empleo informal y, como tomamos en serio este compromiso, queremos escucharte y saber si sientes que tu dignidad, seguridad o derechos han sido da\u00f1ados de alg\u00fan modo durante tu interacci\u00f3n con WIEGO. Llamamos \"Protecci\u00f3n\" [Safeguarding] a este aspecto de nuestra labor.","og_url":"https:\/\/www.wiego.org\/es\/denuncia-irregularidades\/","og_site_name":"WIEGO","article_publisher":"https:\/\/www.facebook.com\/wiegoglobal\/","article_modified_time":"2025-12-09T21:02:29+00:00","og_image":[{"width":1024,"height":538,"url":"https:\/\/www.wiego.org\/wp-content\/uploads\/2024\/12\/WIEGO_Open-Graph_option-1-1024x538.png","type":"image\/png"}],"twitter_card":"summary_large_image","twitter_site":"@wiegoglobal","twitter_misc":{"Est. reading time":"2 minutes"},"schema":{"@context":"https:\/\/schema.org","@graph":[{"@type":"WebPage","@id":"https:\/\/www.wiego.org\/es\/denuncia-irregularidades\/","url":"https:\/\/www.wiego.org\/es\/denuncia-irregularidades\/","name":"Pol\u00edtica y procedimiento de denuncia de irregularidades en WIEGO - WIEGO","isPartOf":{"@id":"https:\/\/www.wiego.org\/es\/#website"},"datePublished":"2025-12-05T18:17:50+00:00","dateModified":"2025-12-09T21:02:29+00:00","breadcrumb":{"@id":"https:\/\/www.wiego.org\/es\/denuncia-irregularidades\/#breadcrumb"},"inLanguage":"es-ES","potentialAction":[{"@type":"ReadAction","target":["https:\/\/www.wiego.org\/es\/denuncia-irregularidades\/"]}]},{"@type":"WebSite","@id":"https:\/\/www.wiego.org\/es\/#website","url":"https:\/\/www.wiego.org\/es\/","name":"WIEGO","description":"","publisher":{"@id":"https:\/\/www.wiego.org\/es\/#organization"},"potentialAction":[{"@type":"SearchAction","target":{"@type":"EntryPoint","urlTemplate":"https:\/\/www.wiego.org\/es\/?s={search_term_string}"},"query-input":{"@type":"PropertyValueSpecification","valueRequired":true,"valueName":"search_term_string"}}],"inLanguage":"es-ES"},{"@type":"Organization","@id":"https:\/\/www.wiego.org\/es\/#organization","name":"WIEGO","url":"https:\/\/www.wiego.org\/es\/","logo":{"@type":"ImageObject","inLanguage":"es-ES","@id":"https:\/\/www.wiego.org\/es\/#\/schema\/logo\/image\/","url":"https:\/\/www.wiego.org\/wp-content\/uploads\/2024\/12\/logo.svg","contentUrl":"https:\/\/www.wiego.org\/wp-content\/uploads\/2024\/12\/logo.svg","width":142,"height":90,"caption":"WIEGO"},"image":{"@id":"https:\/\/www.wiego.org\/es\/#\/schema\/logo\/image\/"},"sameAs":["https:\/\/www.facebook.com\/wiegoglobal\/","https:\/\/x.com\/wiegoglobal","https:\/\/www.linkedin.com\/company\/wiego\/","https:\/\/www.youtube.com\/user\/wiegoglobal"],"description":"WIEGO is a global network that supports the movement of workers in informal employment."},{"@type":"BreadcrumbList","itemListElement":[{"@type":"ListItem","position":1,"item":{"@id":"https:\/\/www.wiego.org\/es\/","name":"WIEGO"}},{"@type":"ListItem","position":2,"item":{"@id":"https:\/\/www.wiego.org\/es\/blog\/","name":"Blog WIEGO"}}],"@id":"\/#breadcrumb"}]}},"_links":{"self":[{"href":"https:\/\/www.wiego.org\/es\/wp-json\/wp\/v2\/pages\/51899","targetHints":{"allow":["GET"]}}],"collection":[{"href":"https:\/\/www.wiego.org\/es\/wp-json\/wp\/v2\/pages"}],"about":[{"href":"https:\/\/www.wiego.org\/es\/wp-json\/wp\/v2\/types\/page"}],"author":[{"embeddable":true,"href":"https:\/\/www.wiego.org\/es\/wp-json\/wp\/v2\/users\/10"}],"replies":[{"embeddable":true,"href":"https:\/\/www.wiego.org\/es\/wp-json\/wp\/v2\/comments?post=51899"}],"version-history":[{"count":6,"href":"https:\/\/www.wiego.org\/es\/wp-json\/wp\/v2\/pages\/51899\/revisions"}],"predecessor-version":[{"id":51978,"href":"https:\/\/www.wiego.org\/es\/wp-json\/wp\/v2\/pages\/51899\/revisions\/51978"}],"wp:attachment":[{"href":"https:\/\/www.wiego.org\/es\/wp-json\/wp\/v2\/media?parent=51899"}],"curies":[{"name":"wp","href":"https:\/\/api.w.org\/{rel}","templated":true}]}}