{"id":39741,"date":"2024-07-12T15:41:26","date_gmt":"2024-07-12T19:41:26","guid":{"rendered":"https:\/\/www.wiego.org\/?page_id=39741"},"modified":"2025-01-20T18:19:37","modified_gmt":"2025-01-20T23:19:37","slug":"mision","status":"publish","type":"page","link":"https:\/\/www.wiego.org\/es\/mision\/","title":{"rendered":"Nuestra misi\u00f3n"},"content":{"rendered":"<p>WIEGO es una red mundial que apoya a los movimientos de personas trabajadoras en empleo informal, acompa\u00f1amos particularmente a las mujeres y a las personas que viven en situaci\u00f3n de pobreza.<\/p>\n<p>Nuestra misi\u00f3n es mejorar sus condiciones de trabajo y desafiar los sistemas que causan pobreza y desigualdad para construir un mundo del trabajo mucho m\u00e1s justo.<\/p>\n<p>Creemos que, en manos de las personas trabajadoras, la informaci\u00f3n es poder. WIEGO desarrolla estad\u00edsticas, investigaciones y an\u00e1lisis de pol\u00edticas que esta poblaci\u00f3n puede utilizar en su trabajo de incidencia.<\/p>\n<p>Nuestros valores, que se centran en el respeto, la solidaridad, el cuidado y la inclusi\u00f3n, dejan ver la manera en la que acompa\u00f1amos a las personas trabajadoras en empleo informal y c\u00f3mo trabajamos para el movimiento sindical en general.<\/p>\n","protected":false},"excerpt":{"rendered":"<p>WIEGO es una red mundial que apoya a los movimientos de personas trabajadoras en empleo informal, acompa\u00f1amos particularmente a las mujeres y a las personas que viven en situaci\u00f3n de pobreza. Nuestra misi\u00f3n es mejorar sus condiciones de trabajo y desafiar los sistemas que causan pobreza y desigualdad para construir un mundo del trabajo mucho [&hellip;]<\/p>\n","protected":false},"author":10,"featured_media":39558,"parent":0,"menu_order":0,"comment_status":"closed","ping_status":"closed","template":"","meta":{"_acf_changed":false,"_relevanssi_hide_post":"","_relevanssi_hide_content":"","_relevanssi_pin_for_all":"","_relevanssi_pin_keywords":"","_relevanssi_unpin_keywords":"","_relevanssi_related_keywords":"","_relevanssi_related_include_ids":"0","_relevanssi_related_exclude_ids":"","_relevanssi_related_no_append":"","_relevanssi_related_not_related":"","_relevanssi_related_posts":"26281,40040,40249,40179,26244,26282,39753,26240,40307,40189","_relevanssi_noindex_reason":"","footnotes":""},"class_list":["post-39741","page","type-page","status-publish","has-post-thumbnail","hentry"],"acf":[],"yoast_head":"<!-- This site is optimized with the Yoast SEO Premium plugin v23.8 (Yoast SEO v27.4) - https:\/\/yoast.com\/product\/yoast-seo-premium-wordpress\/ -->\n<title>Nuestra misi\u00f3n - WIEGO<\/title>\n<meta name=\"robots\" content=\"index, follow, max-snippet:-1, max-image-preview:large, max-video-preview:-1\" \/>\n<link rel=\"canonical\" href=\"https:\/\/www.wiego.org\/es\/mision\/\" \/>\n<meta property=\"og:locale\" content=\"es_ES\" \/>\n<meta property=\"og:type\" content=\"article\" \/>\n<meta property=\"og:title\" content=\"Nuestra misi\u00f3n\" \/>\n<meta property=\"og:description\" content=\"WIEGO es una red mundial que apoya a los movimientos de personas trabajadoras en empleo informal, acompa\u00f1amos particularmente a las mujeres y a las personas que viven en situaci\u00f3n de pobreza. Nuestra misi\u00f3n es mejorar sus condiciones de trabajo y desafiar los sistemas que causan pobreza y desigualdad para construir un mundo del trabajo mucho [&hellip;]\" \/>\n<meta property=\"og:url\" content=\"https:\/\/www.wiego.org\/es\/mision\/\" \/>\n<meta property=\"og:site_name\" content=\"WIEGO\" \/>\n<meta property=\"article:publisher\" content=\"https:\/\/www.facebook.com\/wiegoglobal\/\" \/>\n<meta property=\"article:modified_time\" content=\"2025-01-20T23:19:37+00:00\" \/>\n<meta property=\"og:image\" content=\"https:\/\/www.wiego.org\/wp-content\/uploads\/2024\/10\/south-african-domestic-service-allied-workers-union-sadsawu.jpg\" \/>\n\t<meta property=\"og:image:width\" content=\"2560\" \/>\n\t<meta property=\"og:image:height\" content=\"1707\" \/>\n\t<meta property=\"og:image:type\" content=\"image\/jpeg\" \/>\n<meta name=\"twitter:card\" content=\"summary_large_image\" \/>\n<meta name=\"twitter:site\" content=\"@wiegoglobal\" \/>\n<meta name=\"twitter:label1\" content=\"Est. reading time\" \/>\n\t<meta name=\"twitter:data1\" content=\"1 minute\" \/>\n<script type=\"application\/ld+json\" class=\"yoast-schema-graph\">{\"@context\":\"https:\\\/\\\/schema.org\",\"@graph\":[{\"@type\":\"WebPage\",\"@id\":\"https:\\\/\\\/www.wiego.org\\\/es\\\/mision\\\/\",\"url\":\"https:\\\/\\\/www.wiego.org\\\/es\\\/mision\\\/\",\"name\":\"Nuestra misi\u00f3n - WIEGO\",\"isPartOf\":{\"@id\":\"https:\\\/\\\/www.wiego.org\\\/es\\\/#website\"},\"primaryImageOfPage\":{\"@id\":\"https:\\\/\\\/www.wiego.org\\\/es\\\/mision\\\/#primaryimage\"},\"image\":{\"@id\":\"https:\\\/\\\/www.wiego.org\\\/es\\\/mision\\\/#primaryimage\"},\"thumbnailUrl\":\"https:\\\/\\\/www.wiego.org\\\/wp-content\\\/uploads\\\/2024\\\/10\\\/south-african-domestic-service-allied-workers-union-sadsawu.jpg\",\"datePublished\":\"2024-07-12T19:41:26+00:00\",\"dateModified\":\"2025-01-20T23:19:37+00:00\",\"breadcrumb\":{\"@id\":\"https:\\\/\\\/www.wiego.org\\\/es\\\/mision\\\/#breadcrumb\"},\"inLanguage\":\"es-ES\",\"potentialAction\":[{\"@type\":\"ReadAction\",\"target\":[\"https:\\\/\\\/www.wiego.org\\\/es\\\/mision\\\/\"]}]},{\"@type\":\"ImageObject\",\"inLanguage\":\"es-ES\",\"@id\":\"https:\\\/\\\/www.wiego.org\\\/es\\\/mision\\\/#primaryimage\",\"url\":\"https:\\\/\\\/www.wiego.org\\\/wp-content\\\/uploads\\\/2024\\\/10\\\/south-african-domestic-service-allied-workers-union-sadsawu.jpg\",\"contentUrl\":\"https:\\\/\\\/www.wiego.org\\\/wp-content\\\/uploads\\\/2024\\\/10\\\/south-african-domestic-service-allied-workers-union-sadsawu.jpg\",\"width\":2560,\"height\":1707,\"caption\":\"Many members of the South African Domestic Service and Allied Workers Union (SADSAWU) gathered at a Saturday meeting to talk about problems with their employers, ranging from underpayment, unpaid overtime, and high charges for accommodations. The union offers guidance to its more than 8,000 members, tries to negotiate with employers, and helps workers make complaints to the labour board. FULLY RELEASED - GROUP CONSENT NUMBER: JHB013 (ALL WOMEN IN PICTURE SIGNED CONSENT FORMS)\"},{\"@type\":\"WebSite\",\"@id\":\"https:\\\/\\\/www.wiego.org\\\/es\\\/#website\",\"url\":\"https:\\\/\\\/www.wiego.org\\\/es\\\/\",\"name\":\"WIEGO\",\"description\":\"\",\"publisher\":{\"@id\":\"https:\\\/\\\/www.wiego.org\\\/es\\\/#organization\"},\"potentialAction\":[{\"@type\":\"SearchAction\",\"target\":{\"@type\":\"EntryPoint\",\"urlTemplate\":\"https:\\\/\\\/www.wiego.org\\\/es\\\/?s={search_term_string}\"},\"query-input\":{\"@type\":\"PropertyValueSpecification\",\"valueRequired\":true,\"valueName\":\"search_term_string\"}}],\"inLanguage\":\"es-ES\"},{\"@type\":\"Organization\",\"@id\":\"https:\\\/\\\/www.wiego.org\\\/es\\\/#organization\",\"name\":\"WIEGO\",\"url\":\"https:\\\/\\\/www.wiego.org\\\/es\\\/\",\"logo\":{\"@type\":\"ImageObject\",\"inLanguage\":\"es-ES\",\"@id\":\"https:\\\/\\\/www.wiego.org\\\/es\\\/#\\\/schema\\\/logo\\\/image\\\/\",\"url\":\"https:\\\/\\\/www.wiego.org\\\/wp-content\\\/uploads\\\/2024\\\/12\\\/logo.svg\",\"contentUrl\":\"https:\\\/\\\/www.wiego.org\\\/wp-content\\\/uploads\\\/2024\\\/12\\\/logo.svg\",\"width\":142,\"height\":90,\"caption\":\"WIEGO\"},\"image\":{\"@id\":\"https:\\\/\\\/www.wiego.org\\\/es\\\/#\\\/schema\\\/logo\\\/image\\\/\"},\"sameAs\":[\"https:\\\/\\\/www.facebook.com\\\/wiegoglobal\\\/\",\"https:\\\/\\\/x.com\\\/wiegoglobal\",\"https:\\\/\\\/www.linkedin.com\\\/company\\\/wiego\\\/\",\"https:\\\/\\\/www.youtube.com\\\/user\\\/wiegoglobal\"],\"description\":\"WIEGO is a global network that supports the movement of workers in informal employment.\"},{\"@type\":\"BreadcrumbList\",\"itemListElement\":[{\"@type\":\"ListItem\",\"position\":1,\"item\":{\"@id\":\"https:\\\/\\\/www.wiego.org\\\/es\\\/\",\"name\":\"WIEGO\"}},{\"@type\":\"ListItem\",\"position\":2,\"item\":{\"@id\":\"https:\\\/\\\/www.wiego.org\\\/es\\\/blog\\\/\",\"name\":\"Blog WIEGO\"}}],\"@id\":\"\\\/#breadcrumb\"}]}<\/script>\n<!-- \/ Yoast SEO Premium plugin. -->","yoast_head_json":{"title":"Nuestra misi\u00f3n - WIEGO","robots":{"index":"index","follow":"follow","max-snippet":"max-snippet:-1","max-image-preview":"max-image-preview:large","max-video-preview":"max-video-preview:-1"},"canonical":"https:\/\/www.wiego.org\/es\/mision\/","og_locale":"es_ES","og_type":"article","og_title":"Nuestra misi\u00f3n","og_description":"WIEGO es una red mundial que apoya a los movimientos de personas trabajadoras en empleo informal, acompa\u00f1amos particularmente a las mujeres y a las personas que viven en situaci\u00f3n de pobreza. Nuestra misi\u00f3n es mejorar sus condiciones de trabajo y desafiar los sistemas que causan pobreza y desigualdad para construir un mundo del trabajo mucho [&hellip;]","og_url":"https:\/\/www.wiego.org\/es\/mision\/","og_site_name":"WIEGO","article_publisher":"https:\/\/www.facebook.com\/wiegoglobal\/","article_modified_time":"2025-01-20T23:19:37+00:00","og_image":[{"width":2560,"height":1707,"url":"https:\/\/www.wiego.org\/wp-content\/uploads\/2024\/10\/south-african-domestic-service-allied-workers-union-sadsawu.jpg","type":"image\/jpeg"}],"twitter_card":"summary_large_image","twitter_site":"@wiegoglobal","twitter_misc":{"Est. reading time":"1 minute"},"schema":{"@context":"https:\/\/schema.org","@graph":[{"@type":"WebPage","@id":"https:\/\/www.wiego.org\/es\/mision\/","url":"https:\/\/www.wiego.org\/es\/mision\/","name":"Nuestra misi\u00f3n - WIEGO","isPartOf":{"@id":"https:\/\/www.wiego.org\/es\/#website"},"primaryImageOfPage":{"@id":"https:\/\/www.wiego.org\/es\/mision\/#primaryimage"},"image":{"@id":"https:\/\/www.wiego.org\/es\/mision\/#primaryimage"},"thumbnailUrl":"https:\/\/www.wiego.org\/wp-content\/uploads\/2024\/10\/south-african-domestic-service-allied-workers-union-sadsawu.jpg","datePublished":"2024-07-12T19:41:26+00:00","dateModified":"2025-01-20T23:19:37+00:00","breadcrumb":{"@id":"https:\/\/www.wiego.org\/es\/mision\/#breadcrumb"},"inLanguage":"es-ES","potentialAction":[{"@type":"ReadAction","target":["https:\/\/www.wiego.org\/es\/mision\/"]}]},{"@type":"ImageObject","inLanguage":"es-ES","@id":"https:\/\/www.wiego.org\/es\/mision\/#primaryimage","url":"https:\/\/www.wiego.org\/wp-content\/uploads\/2024\/10\/south-african-domestic-service-allied-workers-union-sadsawu.jpg","contentUrl":"https:\/\/www.wiego.org\/wp-content\/uploads\/2024\/10\/south-african-domestic-service-allied-workers-union-sadsawu.jpg","width":2560,"height":1707,"caption":"Many members of the South African Domestic Service and Allied Workers Union (SADSAWU) gathered at a Saturday meeting to talk about problems with their employers, ranging from underpayment, unpaid overtime, and high charges for accommodations. The union offers guidance to its more than 8,000 members, tries to negotiate with employers, and helps workers make complaints to the labour board. FULLY RELEASED - GROUP CONSENT NUMBER: JHB013 (ALL WOMEN IN PICTURE SIGNED CONSENT FORMS)"},{"@type":"WebSite","@id":"https:\/\/www.wiego.org\/es\/#website","url":"https:\/\/www.wiego.org\/es\/","name":"WIEGO","description":"","publisher":{"@id":"https:\/\/www.wiego.org\/es\/#organization"},"potentialAction":[{"@type":"SearchAction","target":{"@type":"EntryPoint","urlTemplate":"https:\/\/www.wiego.org\/es\/?s={search_term_string}"},"query-input":{"@type":"PropertyValueSpecification","valueRequired":true,"valueName":"search_term_string"}}],"inLanguage":"es-ES"},{"@type":"Organization","@id":"https:\/\/www.wiego.org\/es\/#organization","name":"WIEGO","url":"https:\/\/www.wiego.org\/es\/","logo":{"@type":"ImageObject","inLanguage":"es-ES","@id":"https:\/\/www.wiego.org\/es\/#\/schema\/logo\/image\/","url":"https:\/\/www.wiego.org\/wp-content\/uploads\/2024\/12\/logo.svg","contentUrl":"https:\/\/www.wiego.org\/wp-content\/uploads\/2024\/12\/logo.svg","width":142,"height":90,"caption":"WIEGO"},"image":{"@id":"https:\/\/www.wiego.org\/es\/#\/schema\/logo\/image\/"},"sameAs":["https:\/\/www.facebook.com\/wiegoglobal\/","https:\/\/x.com\/wiegoglobal","https:\/\/www.linkedin.com\/company\/wiego\/","https:\/\/www.youtube.com\/user\/wiegoglobal"],"description":"WIEGO is a global network that supports the movement of workers in informal employment."},{"@type":"BreadcrumbList","itemListElement":[{"@type":"ListItem","position":1,"item":{"@id":"https:\/\/www.wiego.org\/es\/","name":"WIEGO"}},{"@type":"ListItem","position":2,"item":{"@id":"https:\/\/www.wiego.org\/es\/blog\/","name":"Blog WIEGO"}}],"@id":"\/#breadcrumb"}]}},"_links":{"self":[{"href":"https:\/\/www.wiego.org\/es\/wp-json\/wp\/v2\/pages\/39741","targetHints":{"allow":["GET"]}}],"collection":[{"href":"https:\/\/www.wiego.org\/es\/wp-json\/wp\/v2\/pages"}],"about":[{"href":"https:\/\/www.wiego.org\/es\/wp-json\/wp\/v2\/types\/page"}],"author":[{"embeddable":true,"href":"https:\/\/www.wiego.org\/es\/wp-json\/wp\/v2\/users\/10"}],"replies":[{"embeddable":true,"href":"https:\/\/www.wiego.org\/es\/wp-json\/wp\/v2\/comments?post=39741"}],"version-history":[{"count":2,"href":"https:\/\/www.wiego.org\/es\/wp-json\/wp\/v2\/pages\/39741\/revisions"}],"predecessor-version":[{"id":44634,"href":"https:\/\/www.wiego.org\/es\/wp-json\/wp\/v2\/pages\/39741\/revisions\/44634"}],"wp:featuredmedia":[{"embeddable":true,"href":"https:\/\/www.wiego.org\/es\/wp-json\/wp\/v2\/media\/39558"}],"wp:attachment":[{"href":"https:\/\/www.wiego.org\/es\/wp-json\/wp\/v2\/media?parent=39741"}],"curies":[{"name":"wp","href":"https:\/\/api.w.org\/{rel}","templated":true}]}}