{"id":26298,"date":"2021-09-10T18:35:27","date_gmt":"2021-09-10T22:35:27","guid":{"rendered":"https:\/\/wiego.local\/impacto-del-proyecto-ciudades-focales-en-accra\/"},"modified":"2021-09-10T18:35:27","modified_gmt":"2021-09-10T22:35:27","slug":"impacto-del-proyecto-ciudades-focales-en-accra","status":"publish","type":"page","link":"https:\/\/www.wiego.org\/es\/impacto-del-proyecto-ciudades-focales-en-accra\/","title":{"rendered":"Impacto del proyecto Ciudades Focales en Accra"},"content":{"rendered":"<h3 style=\"line-height: 1.2; background-color: rgb(255, 255, 255); padding: 0pt 0pt 8pt;\">Negociando para mejorar las condiciones de trabajo y las prestaciones sociales<\/h3>\n<p style=\"line-height: 1.2; background-color: rgb(255, 255, 255); padding: 0pt 0pt 8pt;\">En 2011, a trav\u00e9s de un taller con m\u00faltiples partes interesadas, las personas trabajadoras de la econom\u00eda informal entablaron negociaciones con representantes de la ciudad y del gobierno nacional para mejorar la salud y la seguridad en el trabajo en los mercados informales. Las negociaciones se centraron en el suministro de extintores en los mercados de propiedad p\u00fablica, en la mejora de la gesti\u00f3n de residuos y en la limpieza de los desag\u00fces obstruidos en las zonas de los mercados y sus alrededores. Las concesiones del gobierno incluyeron extintores para los mercados p\u00fablicos, limpieza de un desag\u00fce obstruido y el establecimiento de un comit\u00e9 de supervisi\u00f3n para evaluar la efectividad de las empresas privadas de gesti\u00f3n de residuos.<\/p>\n<p><a href=\"\/node\/187\">M\u00e1s informaci\u00f3n sobre los logros en salud y seguridad en el trabajo en Ghana<\/a>.<\/p>\n<h3>Acceso a la atenci\u00f3n m\u00e9dica para las personas estibadoras<\/h3>\n<p>En 2012, WIEGO facilit\u00f3 un di\u00e1logo sobre pol\u00edticas de salud entre las personas estibadoras (conocidas como kayayei en Ghana) y representantes de la Autoridad Nacional del Seguro de Salud y del Ministerio de Salud de Ghana; durante el cual, las kayayei compartieron sus frustraciones por la dificultad que enfrentan para acceder a los servicios de salud debido a las elevadas cuotas y a la falta de informaci\u00f3n clara. De las conversaciones surgieron dos compromisos importantes: el Sistema Nacional del Seguro de Salud acord\u00f3 una reducci\u00f3n negociada de la cuota anual (a $2.50 USD) y la realizaci\u00f3n de un registro designado para las <em>kayayei<\/em>, durante el \u00a0que \u00a0se inscribieron m\u00e1s de 1000. <a href=\"\/node\/7675\">M\u00e1s informaci\u00f3n<\/a> acerca del di\u00e1logo sobre pol\u00edticas de salud.<\/p>\n<h3>Di\u00e1logo entre las autoridades municipales y las personas vendedoras ambulantes<\/h3>\n<p>En 2013, WIEGO facilit\u00f3 un di\u00e1logo sobre pol\u00edticas entre personas vendedoras ambulantes en empleo informal y personas funcionarias de la Asamblea del \u00c1rea Metropolitana de Accra y de la Asamblea Municipal de Ga Este.<\/p>\n<p><a href=\"\/node\/257\">M\u00e1s informaci\u00f3n<\/a> sobre c\u00f3mo las personas vendedoras ambulantes lograron que la municipalidad escuchase sus preocupaciones.<\/p>\n<h3>Defensa de la supresi\u00f3n del peaje para las <em>kayayei<\/em><\/h3>\n<p>En 2016, las OBM se reunieron con representantes de todos los partidos pol\u00edticos en un encuentro entre las autoridades y la ciudadan\u00eda sobre pol\u00edticas p\u00fablicas; durante el cual, candidatos y candidatas presentaron propuestas de pol\u00edticas y programas de apoyo a la econom\u00eda informal. Las OBM detallaron, en respuesta, sus propias propuestas y preocupaciones: la principal de ellas, un peaje que impone la municipalidad de Accra a las kayayei. El peaje da por sentado que estas personas trabajadoras son independientes, cuando en realidad son asalariadas contratadas por comerciantes y la clientela del mercado. El Nuevo Partido Patri\u00f3tico (NPP) se comprometi\u00f3 a suprimirlo y \u00a0tambi\u00e9n detall\u00f3 otras propuestas destinadas a las personas trabajadoras en empleo informal. \u00c9stas incluyen un proyecto de desarrollo de capacidades para las personas estibadoras de los mercados, el establecimiento de fondos para la concesi\u00f3n de cr\u00e9ditos a las personas vendedoras de mercado, renovaciones y mejoras de las infraestructuras de los mercados y la elaboraci\u00f3n de esquemas de p\u00f3lizas de seguros.<\/p>\n<p>Tras la elecci\u00f3n del NPP en 2016, las <em>kayayeis<\/em> iniciaron una colaboraci\u00f3n con el nuevo gobierno para recordarles cumplir la promesa de suprimir el peaje. Una de sus primeras acciones fue organizar una marcha de la victoria. Los esfuerzos de las personas estibadoras de mercado dieron sus frutos y el nuevo ministro de Econom\u00eda anunci\u00f3 la supresi\u00f3n el 2 de marzo de 2017.<\/p>\n","protected":false},"excerpt":{"rendered":"<p>Negociando para mejorar las condiciones de trabajo y las prestaciones sociales<\/p>\n<p>En 2011, a trav\u00e9s de un taller con m\u00faltiples partes interesadas, las personas trabajadoras de la econom\u00eda informal entablaron negociaciones con representantes de la ciudad y del gobierno nacional para mejorar la salud y la seguridad en el trabajo en los mercados informales.<\/p>\n","protected":false},"author":2,"featured_media":14252,"parent":0,"menu_order":0,"comment_status":"closed","ping_status":"closed","template":"","meta":{"_acf_changed":false,"_relevanssi_hide_post":"","_relevanssi_hide_content":"","_relevanssi_pin_for_all":"","_relevanssi_pin_keywords":"","_relevanssi_unpin_keywords":"","_relevanssi_related_keywords":"","_relevanssi_related_include_ids":"","_relevanssi_related_exclude_ids":"","_relevanssi_related_no_append":"","_relevanssi_related_not_related":"","_relevanssi_related_posts":"","_relevanssi_noindex_reason":"","footnotes":""},"class_list":["post-26298","page","type-page","status-publish","has-post-thumbnail","hentry","region-accra","region-africa"],"acf":[],"yoast_head":"<!-- This site is optimized with the Yoast SEO Premium plugin v23.8 (Yoast SEO v27.0) - https:\/\/yoast.com\/product\/yoast-seo-premium-wordpress\/ -->\n<title>Impacto del proyecto Ciudades Focales en Accra - WIEGO<\/title>\n<meta name=\"robots\" content=\"index, follow, max-snippet:-1, max-image-preview:large, max-video-preview:-1\" \/>\n<link rel=\"canonical\" href=\"https:\/\/www.wiego.org\/es\/impacto-del-proyecto-ciudades-focales-en-accra\/\" \/>\n<meta property=\"og:locale\" content=\"es_ES\" \/>\n<meta property=\"og:type\" content=\"article\" \/>\n<meta property=\"og:title\" content=\"Impacto del proyecto Ciudades Focales en Accra\" \/>\n<meta property=\"og:description\" content=\"Negociando para mejorar las condiciones de trabajo y las prestaciones sociales En 2011, a trav\u00e9s de un taller con m\u00faltiples partes interesadas, las personas trabajadoras de la econom\u00eda informal entablaron negociaciones con representantes de la ciudad y del gobierno nacional para mejorar la salud y la seguridad en el trabajo en los mercados informales.\" \/>\n<meta property=\"og:url\" content=\"https:\/\/www.wiego.org\/es\/impacto-del-proyecto-ciudades-focales-en-accra\/\" \/>\n<meta property=\"og:site_name\" content=\"WIEGO\" \/>\n<meta property=\"article:publisher\" content=\"https:\/\/www.facebook.com\/wiegoglobal\/\" \/>\n<meta property=\"og:image\" content=\"https:\/\/www.wiego.org\/wp-content\/uploads\/2020\/04\/mamuna-mohammed-kayayei-agbogbloshie-market-accra-ghana-scaled.jpg\" \/>\n\t<meta property=\"og:image:width\" content=\"2880\" \/>\n\t<meta property=\"og:image:height\" content=\"1920\" \/>\n\t<meta property=\"og:image:type\" content=\"image\/jpeg\" \/>\n<meta name=\"twitter:card\" content=\"summary_large_image\" \/>\n<meta name=\"twitter:site\" content=\"@wiegoglobal\" \/>\n<meta name=\"twitter:label1\" content=\"Est. reading time\" \/>\n\t<meta name=\"twitter:data1\" content=\"3 minutes\" \/>\n<script type=\"application\/ld+json\" class=\"yoast-schema-graph\">{\"@context\":\"https:\/\/schema.org\",\"@graph\":[{\"@type\":\"WebPage\",\"@id\":\"https:\/\/www.wiego.org\/es\/impacto-del-proyecto-ciudades-focales-en-accra\/\",\"url\":\"https:\/\/www.wiego.org\/es\/impacto-del-proyecto-ciudades-focales-en-accra\/\",\"name\":\"Impacto del proyecto Ciudades Focales en Accra - WIEGO\",\"isPartOf\":{\"@id\":\"https:\/\/www.wiego.org\/es\/#website\"},\"primaryImageOfPage\":{\"@id\":\"https:\/\/www.wiego.org\/es\/impacto-del-proyecto-ciudades-focales-en-accra\/#primaryimage\"},\"image\":{\"@id\":\"https:\/\/www.wiego.org\/es\/impacto-del-proyecto-ciudades-focales-en-accra\/#primaryimage\"},\"thumbnailUrl\":\"https:\/\/www.wiego.org\/wp-content\/uploads\/2020\/04\/mamuna-mohammed-kayayei-agbogbloshie-market-accra-ghana-scaled.jpg\",\"datePublished\":\"2021-09-10T22:35:27+00:00\",\"breadcrumb\":{\"@id\":\"https:\/\/www.wiego.org\/es\/impacto-del-proyecto-ciudades-focales-en-accra\/#breadcrumb\"},\"inLanguage\":\"es-ES\",\"potentialAction\":[{\"@type\":\"ReadAction\",\"target\":[\"https:\/\/www.wiego.org\/es\/impacto-del-proyecto-ciudades-focales-en-accra\/\"]}]},{\"@type\":\"ImageObject\",\"inLanguage\":\"es-ES\",\"@id\":\"https:\/\/www.wiego.org\/es\/impacto-del-proyecto-ciudades-focales-en-accra\/#primaryimage\",\"url\":\"https:\/\/www.wiego.org\/wp-content\/uploads\/2020\/04\/mamuna-mohammed-kayayei-agbogbloshie-market-accra-ghana-scaled.jpg\",\"contentUrl\":\"https:\/\/www.wiego.org\/wp-content\/uploads\/2020\/04\/mamuna-mohammed-kayayei-agbogbloshie-market-accra-ghana-scaled.jpg\",\"width\":2880,\"height\":1920,\"caption\":\"Mamuna Mohammed, a head load porter (or kayayei) carries bananas through Agbogbloshie Market, a thriving central market for fruits and vegetables in Accra. With support from WIEGO, many kayayei at Agbogbloshie have experienced improved social protection. In 2012, WIEGO facilitated a Health Policy Dialogue in Accra with key government, civil society, and informal sector stakeholders, including the kayayei themselves. This allowed the kayayei to discuss and share experiences of Ghana\u2019s National Health Insurance Scheme (NHIS) with key health policymakers, who identified possible ways to incorporate these workers into the scheme and explore strategies to provide them with support in accessing health services. It was a successful result: 1,000 kayayei were able to register and gain better information on available health care services through the Ghanaian National Insurance Scheme.\"},{\"@type\":\"WebSite\",\"@id\":\"https:\/\/www.wiego.org\/es\/#website\",\"url\":\"https:\/\/www.wiego.org\/es\/\",\"name\":\"WIEGO\",\"description\":\"\",\"publisher\":{\"@id\":\"https:\/\/www.wiego.org\/es\/#organization\"},\"potentialAction\":[{\"@type\":\"SearchAction\",\"target\":{\"@type\":\"EntryPoint\",\"urlTemplate\":\"https:\/\/www.wiego.org\/es\/?s={search_term_string}\"},\"query-input\":{\"@type\":\"PropertyValueSpecification\",\"valueRequired\":true,\"valueName\":\"search_term_string\"}}],\"inLanguage\":\"es-ES\"},{\"@type\":\"Organization\",\"@id\":\"https:\/\/www.wiego.org\/es\/#organization\",\"name\":\"WIEGO\",\"url\":\"https:\/\/www.wiego.org\/es\/\",\"logo\":{\"@type\":\"ImageObject\",\"inLanguage\":\"es-ES\",\"@id\":\"https:\/\/www.wiego.org\/es\/#\/schema\/logo\/image\/\",\"url\":\"https:\/\/www.wiego.org\/wp-content\/uploads\/2024\/12\/logo.svg\",\"contentUrl\":\"https:\/\/www.wiego.org\/wp-content\/uploads\/2024\/12\/logo.svg\",\"width\":142,\"height\":90,\"caption\":\"WIEGO\"},\"image\":{\"@id\":\"https:\/\/www.wiego.org\/es\/#\/schema\/logo\/image\/\"},\"sameAs\":[\"https:\/\/www.facebook.com\/wiegoglobal\/\",\"https:\/\/x.com\/wiegoglobal\",\"https:\/\/www.linkedin.com\/company\/wiego\/\",\"https:\/\/www.youtube.com\/user\/wiegoglobal\"],\"description\":\"WIEGO is a global network that supports the movement of workers in informal employment.\"},{\"@type\":\"BreadcrumbList\",\"itemListElement\":[{\"@type\":\"ListItem\",\"position\":1,\"item\":{\"@id\":\"https:\/\/www.wiego.org\/es\/\",\"name\":\"WIEGO\"}},{\"@type\":\"ListItem\",\"position\":2,\"item\":{\"@id\":\"https:\/\/www.wiego.org\/es\/blog\/\",\"name\":\"Blog WIEGO\"}}],\"@id\":\"\/#breadcrumb\"}]}<\/script>\n<!-- \/ Yoast SEO Premium plugin. -->","yoast_head_json":{"title":"Impacto del proyecto Ciudades Focales en Accra - WIEGO","robots":{"index":"index","follow":"follow","max-snippet":"max-snippet:-1","max-image-preview":"max-image-preview:large","max-video-preview":"max-video-preview:-1"},"canonical":"https:\/\/www.wiego.org\/es\/impacto-del-proyecto-ciudades-focales-en-accra\/","og_locale":"es_ES","og_type":"article","og_title":"Impacto del proyecto Ciudades Focales en Accra","og_description":"Negociando para mejorar las condiciones de trabajo y las prestaciones sociales En 2011, a trav\u00e9s de un taller con m\u00faltiples partes interesadas, las personas trabajadoras de la econom\u00eda informal entablaron negociaciones con representantes de la ciudad y del gobierno nacional para mejorar la salud y la seguridad en el trabajo en los mercados informales.","og_url":"https:\/\/www.wiego.org\/es\/impacto-del-proyecto-ciudades-focales-en-accra\/","og_site_name":"WIEGO","article_publisher":"https:\/\/www.facebook.com\/wiegoglobal\/","og_image":[{"width":2880,"height":1920,"url":"https:\/\/www.wiego.org\/wp-content\/uploads\/2020\/04\/mamuna-mohammed-kayayei-agbogbloshie-market-accra-ghana-scaled.jpg","type":"image\/jpeg"}],"twitter_card":"summary_large_image","twitter_site":"@wiegoglobal","twitter_misc":{"Est. reading time":"3 minutes"},"schema":{"@context":"https:\/\/schema.org","@graph":[{"@type":"WebPage","@id":"https:\/\/www.wiego.org\/es\/impacto-del-proyecto-ciudades-focales-en-accra\/","url":"https:\/\/www.wiego.org\/es\/impacto-del-proyecto-ciudades-focales-en-accra\/","name":"Impacto del proyecto Ciudades Focales en Accra - WIEGO","isPartOf":{"@id":"https:\/\/www.wiego.org\/es\/#website"},"primaryImageOfPage":{"@id":"https:\/\/www.wiego.org\/es\/impacto-del-proyecto-ciudades-focales-en-accra\/#primaryimage"},"image":{"@id":"https:\/\/www.wiego.org\/es\/impacto-del-proyecto-ciudades-focales-en-accra\/#primaryimage"},"thumbnailUrl":"https:\/\/www.wiego.org\/wp-content\/uploads\/2020\/04\/mamuna-mohammed-kayayei-agbogbloshie-market-accra-ghana-scaled.jpg","datePublished":"2021-09-10T22:35:27+00:00","breadcrumb":{"@id":"https:\/\/www.wiego.org\/es\/impacto-del-proyecto-ciudades-focales-en-accra\/#breadcrumb"},"inLanguage":"es-ES","potentialAction":[{"@type":"ReadAction","target":["https:\/\/www.wiego.org\/es\/impacto-del-proyecto-ciudades-focales-en-accra\/"]}]},{"@type":"ImageObject","inLanguage":"es-ES","@id":"https:\/\/www.wiego.org\/es\/impacto-del-proyecto-ciudades-focales-en-accra\/#primaryimage","url":"https:\/\/www.wiego.org\/wp-content\/uploads\/2020\/04\/mamuna-mohammed-kayayei-agbogbloshie-market-accra-ghana-scaled.jpg","contentUrl":"https:\/\/www.wiego.org\/wp-content\/uploads\/2020\/04\/mamuna-mohammed-kayayei-agbogbloshie-market-accra-ghana-scaled.jpg","width":2880,"height":1920,"caption":"Mamuna Mohammed, a head load porter (or kayayei) carries bananas through Agbogbloshie Market, a thriving central market for fruits and vegetables in Accra. With support from WIEGO, many kayayei at Agbogbloshie have experienced improved social protection. In 2012, WIEGO facilitated a Health Policy Dialogue in Accra with key government, civil society, and informal sector stakeholders, including the kayayei themselves. This allowed the kayayei to discuss and share experiences of Ghana\u2019s National Health Insurance Scheme (NHIS) with key health policymakers, who identified possible ways to incorporate these workers into the scheme and explore strategies to provide them with support in accessing health services. It was a successful result: 1,000 kayayei were able to register and gain better information on available health care services through the Ghanaian National Insurance Scheme."},{"@type":"WebSite","@id":"https:\/\/www.wiego.org\/es\/#website","url":"https:\/\/www.wiego.org\/es\/","name":"WIEGO","description":"","publisher":{"@id":"https:\/\/www.wiego.org\/es\/#organization"},"potentialAction":[{"@type":"SearchAction","target":{"@type":"EntryPoint","urlTemplate":"https:\/\/www.wiego.org\/es\/?s={search_term_string}"},"query-input":{"@type":"PropertyValueSpecification","valueRequired":true,"valueName":"search_term_string"}}],"inLanguage":"es-ES"},{"@type":"Organization","@id":"https:\/\/www.wiego.org\/es\/#organization","name":"WIEGO","url":"https:\/\/www.wiego.org\/es\/","logo":{"@type":"ImageObject","inLanguage":"es-ES","@id":"https:\/\/www.wiego.org\/es\/#\/schema\/logo\/image\/","url":"https:\/\/www.wiego.org\/wp-content\/uploads\/2024\/12\/logo.svg","contentUrl":"https:\/\/www.wiego.org\/wp-content\/uploads\/2024\/12\/logo.svg","width":142,"height":90,"caption":"WIEGO"},"image":{"@id":"https:\/\/www.wiego.org\/es\/#\/schema\/logo\/image\/"},"sameAs":["https:\/\/www.facebook.com\/wiegoglobal\/","https:\/\/x.com\/wiegoglobal","https:\/\/www.linkedin.com\/company\/wiego\/","https:\/\/www.youtube.com\/user\/wiegoglobal"],"description":"WIEGO is a global network that supports the movement of workers in informal employment."},{"@type":"BreadcrumbList","itemListElement":[{"@type":"ListItem","position":1,"item":{"@id":"https:\/\/www.wiego.org\/es\/","name":"WIEGO"}},{"@type":"ListItem","position":2,"item":{"@id":"https:\/\/www.wiego.org\/es\/blog\/","name":"Blog WIEGO"}}],"@id":"\/#breadcrumb"}]}},"_links":{"self":[{"href":"https:\/\/www.wiego.org\/es\/wp-json\/wp\/v2\/pages\/26298","targetHints":{"allow":["GET"]}}],"collection":[{"href":"https:\/\/www.wiego.org\/es\/wp-json\/wp\/v2\/pages"}],"about":[{"href":"https:\/\/www.wiego.org\/es\/wp-json\/wp\/v2\/types\/page"}],"author":[{"embeddable":true,"href":"https:\/\/www.wiego.org\/es\/wp-json\/wp\/v2\/users\/2"}],"replies":[{"embeddable":true,"href":"https:\/\/www.wiego.org\/es\/wp-json\/wp\/v2\/comments?post=26298"}],"version-history":[{"count":0,"href":"https:\/\/www.wiego.org\/es\/wp-json\/wp\/v2\/pages\/26298\/revisions"}],"wp:featuredmedia":[{"embeddable":true,"href":"https:\/\/www.wiego.org\/es\/wp-json\/wp\/v2\/media\/14252"}],"wp:attachment":[{"href":"https:\/\/www.wiego.org\/es\/wp-json\/wp\/v2\/media?parent=26298"}],"curies":[{"name":"wp","href":"https:\/\/api.w.org\/{rel}","templated":true}]}}