{"id":26282,"date":"2021-01-29T00:07:17","date_gmt":"2021-01-29T05:07:17","guid":{"rendered":"https:\/\/wiego.local\/estudio-sobre-la-crisis-de-la-covid-19-y-la-economia-informal-blogs\/"},"modified":"2021-01-29T00:07:17","modified_gmt":"2021-01-29T05:07:17","slug":"estudio-sobre-la-crisis-de-la-covid-19-y-la-economia-informal-blogs","status":"publish","type":"page","link":"https:\/\/www.wiego.org\/es\/estudio-sobre-la-crisis-de-la-covid-19-y-la-economia-informal-blogs\/","title":{"rendered":"Estudio sobre la crisis de la COVID-19 y la econom\u00eda informal: Blogs"},"content":{"rendered":"<h3>Blogs:<\/h3>\n<table border=\"0\" cellpadding=\"0\" cellspacing=\"0\" style=\"width: 100%;\">\n<tbody>\n<tr>\n<td>\n<h4><img decoding=\"async\" alt=\"Street vendor in Accra, Ghana\" data-entity-type=\"file\" data-entity-uuid=\"f8c33381-3181-49da-8035-ad97a7fa5370\" src=\"\/sites\/default\/files\/inline-images\/Accra_SV_Benjamin-Forson_1034_thumb.jpg\" class=\"align-right\" width=\"276\" height=\"179\" loading=\"lazy\" \/>Aspectos cruciales sobre la COVID-19: Testimonios de trabajadorxs en la econom\u00eda informal<\/h4>\n<nav aria-label=\"Tabs\" role=\"navigation\">\n<p>Como consecuencia de la pandemia, lxs trabajadorxs en la econom\u00eda informal perdieron cerca del 80 % de sus ingresos. Durante la crisis, cumplieron un rol esencial en el sostenimiento de los sistemas de gesti\u00f3n de alimentos, cuidados y residuos. Y, sin embargo, fueron lxs m\u00e1s golpeadxs, ya que no pueden contribuir a los esquemas de seguridad social ni acceder a los beneficios destinados a los sectores m\u00e1s vulnerables.<\/p>\n<p><a class=\"btn btn-orange\" data-entity-substitution=\"canonical\" data-entity-type=\"node\" data-entity-uuid=\"8396ede4-a217-4c1b-ad13-e70497cddc6b\" href=\"\/es\/blog\/Aspectos%20cruciales%20sobre%20la%20COVID-19%3A%20Testimonios%20de%20trabajadorxs%20en%20la%20econom%C3%ADa%20informal\">English<\/a> \u00a0\u00a0\u00a0\u00a0\u00a0\u00a0 <a class=\"btn btn-orange\" href=\"https:\/\/www.wiego.org\/blog\/aspectos-cruciales-sobre-la-covid-19-testimonios-de-trabajadorxs-en-la-economia-informal\/\">Espa\u00f1ol<\/a> \u00a0\u00a0\u00a0\u00a0\u00a0\u00a0 <a class=\"btn btn-orange\" href=\"https:\/\/www.wiego.org\/blog\/des-travailleuseeurs-de-leconomie-informelle-temoignent-des-enjeux-cruciaux-relatifs-la-covid\/\">Fran\u00e7ais<\/a><\/p>\n<\/nav>\n<\/td>\n<\/tr>\n<\/tbody>\n<\/table>\n<hr \/>\n<table border=\"0\" cellpadding=\"0\" cellspacing=\"0\" style=\"width: 100%;\">\n<tbody>\n<tr>\n<td>\n<h4><img decoding=\"async\" alt=\"Abena Konadu, a trader at Tema Lorry Station Market, along the footpath to the station.\" data-entity-type=\"file\" data-entity-uuid=\"b8203f06-d128-40f5-b9cc-d90295243dd1\" src=\"\/sites\/default\/files\/inline-images\/Accra_SV_Benjamin-Forson_0973-thumb.jpg\" class=\"align-right\" width=\"276\" height=\"179\" loading=\"lazy\" \/>Tomar impulso para ampliar la protecci\u00f3n social<\/h4>\n<nav aria-label=\"Tabs\" role=\"navigation\">\n<p>Mike Rogan y Laura Alfers de WIEGO discuten acerca de c\u00f3mo la pandemia ha subrayado la importancia de la protecci\u00f3n social y los servicios p\u00fablicos para garantizar los medios de vida de las mujeres y los hombres que trabajan en la econom\u00eda informal, mientras WIEGO se prepara para participar en la Conferencia Internacional del Trabajo donde se debatir\u00e1n estos temas.<\/p>\n<p><a class=\"btn btn-orange\" data-entity-substitution=\"canonical\" data-entity-type=\"node\" data-entity-uuid=\"050dbdbf-fa3e-4ca8-a2db-829b65d458a1\" href=\"\/es\/blog\/Tomar%20impulso%20para%20ampliar%20la%20protecci%C3%B3n%20social\">English<\/a> \u00a0\u00a0\u00a0\u00a0\u00a0\u00a0 <a class=\"btn btn-orange\" href=\"https:\/\/www.wiego.org\/es\/blog\/tomar-impulso-para-ampliar-la-proteccion-social\/\">Espa\u00f1ol<\/a> \u00a0\u00a0\u00a0\u00a0\u00a0\u00a0 <a class=\"btn btn-orange\" href=\"https:\/\/www.wiego.org\/blog\/creer-un-elan-pour-elargir-la-protection-sociale\/\">Fran\u00e7ais<\/a><\/p>\n<\/nav>\n<\/td>\n<\/tr>\n<\/tbody>\n<\/table>\n<hr \/>\n<table border=\"0\" cellpadding=\"0\" cellspacing=\"0\" style=\"width: 100%;\">\n<tbody>\n<tr>\n<td>\n<h4><img decoding=\"async\" alt=\"Informal Workers See a Long Road to Recovery Ahead \u2014 Unless Governments Act\" data-entity-type=\"file\" data-entity-uuid=\"4bdb1781-d788-428f-9bc0-d3d706590ae9\" src=\"\/sites\/default\/files\/inline-images\/Accra_SV_Benjamin-Forson.jpg\" class=\"align-right\" width=\"276\" height=\"179\" loading=\"lazy\" \/>Trabajadoras y trabajadores en empleo informal ven un largo camino hacia la recuperaci\u00f3n, a menos que los gobiernos act\u00faen<\/h4>\n<nav aria-label=\"Tabs\" role=\"navigation\">\n<p>Los datos arrojados por la primera fase del estudio sobre la crisis de la COVID-19 y la econom\u00eda informal, dirigido por WIEGO en 12 ciudades, se\u00f1alan tres patrones comunes a los grupos ocupacionales en todos los continentes. El primero es una ca\u00edda repentina y masiva de los ingresos. Dado que muchas personas trabajadoras en empleo informal dependen de los ingresos que generan d\u00eda a d\u00eda para saciar sus necesidades b\u00e1sicas, y dadas las relaciones entre el trabajo informal y la pobreza incluso previas a la pandemia, la interrupci\u00f3n de los ingresos tuvo graves consecuencias para las trabajadoras y trabajadores y sus hogares. El segundo patr\u00f3n es que el alcance de las transferencias en efectivo de emergencia y la ayuda alimentaria en los primeros meses de la crisis fue limitado y desigual. El tercero, en consecuencia, es que las personas trabajadoras han recurrido a diversas estrategias para afrontar esta crisis que agotaron los recursos que hab\u00edan podido acumular, dejando por delante un largo camino hacia la recuperaci\u00f3n.<\/p>\n<p><a class=\"btn btn-orange\" href=\"https:\/\/www.wiego.org\/blog\/informal-workers-see-long-road-recovery-ahead-unless-governments-act\/\">English<\/a> \u00a0\u00a0\u00a0\u00a0\u00a0\u00a0 <a class=\"btn btn-orange\" href=\"https:\/\/www.wiego.org\/blog\/trabajadoras-y-trabajadores-en-empleo-informal-ven-un-largo-camino-hacia-la-recuperacion-menos\/\">Espa\u00f1ol<\/a> \u00a0\u00a0\u00a0\u00a0\u00a0\u00a0 <a class=\"btn btn-orange\" href=\"https:\/\/www.wiego.org\/blog\/les-travailleuseeurs-de-linformel-prevoient-un-long-chemin-vers-la-reprise-moins-que-les\/\">Fran\u00e7ais<\/a><\/p>\n<\/nav>\n<\/td>\n<\/tr>\n<\/tbody>\n<\/table>\n<hr \/>\n<table border=\"0\" cellpadding=\"0\" cellspacing=\"0\" style=\"width: 100%;\">\n<tbody>\n<tr>\n<td>\n<h4><img decoding=\"async\" alt=\"We need to listen to the workers: WIEGO partners conduct COVID-19 Global Impact Study\" data-entity-type=\"file\" data-entity-uuid=\"969392c7-33fb-443c-8142-9fca66bf5ed9\" src=\"\/sites\/default\/files\/inline-images\/We_need_to_listen_to_the_workers.jpg\" class=\"align-right\" width=\"276\" height=\"179\" loading=\"lazy\" \/>Debemos escuchar a lxs trabajadorxs: Aliados de WIEGO realizan un estudio sobre el impacto mundial de COVID-19<\/h4>\n<nav aria-label=\"Tabs\" role=\"navigation\">\n<p>No hay indicadores econ\u00f3micos m\u00e1s importantes o reveladores que las palabras de lxs trabajadorxs. Actualmente, las voces de lxs trabajadorxs de la econom\u00eda informal, que representan el 60% de lxs trabajadorxs en el mundo, nos ayudan a comprender las dificultades, la injusticia y la posibilidad de transformaci\u00f3n dentro de nuestro sistema econ\u00f3mico, puesto al descubierto por la COVID-19. Desde WIEGO, junto a nuestros socios, lxs escuchamos atentamente a trav\u00e9s de nuestro estudio: La Crisis de COVID-19 y la Econom\u00eda Informal.<\/p>\n<p><a class=\"btn btn-orange\" href=\"https:\/\/www.wiego.org\/blog\/we-need-listen-workers-wiego-partners-conduct-covid-19-global-impact-study\/\">English<\/a> \u00a0\u00a0\u00a0\u00a0\u00a0\u00a0 <a class=\"btn btn-orange\" href=\"https:\/\/www.wiego.org\/blog\/debemos-escuchar-lxs-trabajadorxs-aliados-de-wiego-realizan-un-estudio-sobre-el-impacto\/\">Espa\u00f1ol<\/a> \u00a0\u00a0\u00a0\u00a0\u00a0\u00a0 <a class=\"btn btn-orange\" href=\"https:\/\/www.wiego.org\/blog\/nous-devons-ecouter-les-travailleuseeurs-allies-de-wiego-menent-une-etude-sur-limpact-mondial\/\">Fran\u00e7ais<\/a><\/p>\n<\/nav>\n<\/td>\n<\/tr>\n<\/tbody>\n<\/table>\n<hr \/>\n<h3>Solicitudes de prensa:<\/h3>\n<p>General:\u00a0<a href=\"mailto:Media@wiego.org\">media@wiego.org<\/a><\/p>\n<p>Contacto en ingl\u00e9s: Nicole Pryor:\u00a0<a href=\"mailto:nicole.pryor@wiego.org\">nicole.pryor@wiego.org<\/a>\u00a0&#8211; +64 27 239 2575 (NZT)<br \/>\nContacto en espa\u00f1ol: Graciela Mora:\u00a0<a href=\"mailto:graciela.mora@wiego.org\">graciela.mora@wiego.org<\/a>\u00a0&#8211; +506 8358 5592 (UTC\/GMT -6)<\/p>\n<hr \/>\n<p class=\"text-align-center\"><a class=\"btn btn-orange\" data-entity-substitution=\"canonical\" data-entity-type=\"node\" data-entity-uuid=\"fd95cba1-56fe-4df9-941f-ab64baf23713\" href=\"\/es\/estudio-sobre-la-crisis-de-la-covid-19-y-la-economia-informal\">Estudio sobre la crisis de la COVID-19 y la econom\u00eda informal<\/a><\/p>\n","protected":false},"excerpt":{"rendered":"<p>Blogs:<\/p>\n<p>\t\t\tAspectos cruciales sobre la COVID-19: Testimonios de trabajadorxs en la econom\u00eda informal<\/p>\n<p>\t\t\tComo consecuencia de la pandemia, lxs trabajadorxs en la econom\u00eda informal perdier<\/p>\n","protected":false},"author":2,"featured_media":18782,"parent":0,"menu_order":0,"comment_status":"closed","ping_status":"closed","template":"","meta":{"_acf_changed":false,"_relevanssi_hide_post":"","_relevanssi_hide_content":"","_relevanssi_pin_for_all":"","_relevanssi_pin_keywords":"","_relevanssi_unpin_keywords":"","_relevanssi_related_keywords":"","_relevanssi_related_include_ids":"","_relevanssi_related_exclude_ids":"","_relevanssi_related_no_append":"","_relevanssi_related_not_related":"","_relevanssi_related_posts":"","_relevanssi_noindex_reason":"","footnotes":""},"class_list":["post-26282","page","type-page","status-publish","has-post-thumbnail","hentry","economy-theme-enlaces-con-el-crecimiento-economico-la-crisis","economy-theme-etude-crise-covid-19","economy-theme-incidencia-negociaciones-mundial","economy-theme-medios-de-subsistencia","economy-theme-pobreza-desigualdad"],"acf":[],"yoast_head":"<!-- This site is optimized with the Yoast SEO Premium plugin v23.8 (Yoast SEO v27.0) - https:\/\/yoast.com\/product\/yoast-seo-premium-wordpress\/ -->\n<title>Estudio sobre la crisis de la COVID-19 y la econom\u00eda informal: Blogs - WIEGO<\/title>\n<meta name=\"robots\" content=\"index, follow, max-snippet:-1, max-image-preview:large, max-video-preview:-1\" \/>\n<link rel=\"canonical\" href=\"https:\/\/www.wiego.org\/es\/estudio-sobre-la-crisis-de-la-covid-19-y-la-economia-informal-blogs\/\" \/>\n<meta property=\"og:locale\" content=\"es_ES\" \/>\n<meta property=\"og:type\" content=\"article\" \/>\n<meta property=\"og:title\" content=\"Estudio sobre la crisis de la COVID-19 y la econom\u00eda informal: Blogs\" \/>\n<meta property=\"og:description\" content=\"Blogs:   Aspectos cruciales sobre la COVID-19: Testimonios de trabajadorxs en la econom\u00eda informal   Como consecuencia de la pandemia, lxs trabajadorxs en la econom\u00eda informal perdier\" \/>\n<meta property=\"og:url\" content=\"https:\/\/www.wiego.org\/es\/estudio-sobre-la-crisis-de-la-covid-19-y-la-economia-informal-blogs\/\" \/>\n<meta property=\"og:site_name\" content=\"WIEGO\" \/>\n<meta property=\"article:publisher\" content=\"https:\/\/www.facebook.com\/wiegoglobal\/\" \/>\n<meta property=\"og:image\" content=\"https:\/\/www.wiego.org\/wp-content\/uploads\/2021\/12\/Policy_Insights_No_8_Hero.jpg\" \/>\n\t<meta property=\"og:image:width\" content=\"1140\" \/>\n\t<meta property=\"og:image:height\" content=\"430\" \/>\n\t<meta property=\"og:image:type\" content=\"image\/jpeg\" \/>\n<meta name=\"twitter:card\" content=\"summary_large_image\" \/>\n<meta name=\"twitter:site\" content=\"@wiegoglobal\" \/>\n<meta name=\"twitter:label1\" content=\"Est. reading time\" \/>\n\t<meta name=\"twitter:data1\" content=\"3 minutes\" \/>\n<script type=\"application\/ld+json\" class=\"yoast-schema-graph\">{\"@context\":\"https:\/\/schema.org\",\"@graph\":[{\"@type\":\"WebPage\",\"@id\":\"https:\/\/www.wiego.org\/es\/estudio-sobre-la-crisis-de-la-covid-19-y-la-economia-informal-blogs\/\",\"url\":\"https:\/\/www.wiego.org\/es\/estudio-sobre-la-crisis-de-la-covid-19-y-la-economia-informal-blogs\/\",\"name\":\"Estudio sobre la crisis de la COVID-19 y la econom\u00eda informal: Blogs - WIEGO\",\"isPartOf\":{\"@id\":\"https:\/\/www.wiego.org\/es\/#website\"},\"primaryImageOfPage\":{\"@id\":\"https:\/\/www.wiego.org\/es\/estudio-sobre-la-crisis-de-la-covid-19-y-la-economia-informal-blogs\/#primaryimage\"},\"image\":{\"@id\":\"https:\/\/www.wiego.org\/es\/estudio-sobre-la-crisis-de-la-covid-19-y-la-economia-informal-blogs\/#primaryimage\"},\"thumbnailUrl\":\"https:\/\/www.wiego.org\/wp-content\/uploads\/2021\/12\/Policy_Insights_No_8_Hero.jpg\",\"datePublished\":\"2021-01-29T05:07:17+00:00\",\"breadcrumb\":{\"@id\":\"https:\/\/www.wiego.org\/es\/estudio-sobre-la-crisis-de-la-covid-19-y-la-economia-informal-blogs\/#breadcrumb\"},\"inLanguage\":\"es-ES\",\"potentialAction\":[{\"@type\":\"ReadAction\",\"target\":[\"https:\/\/www.wiego.org\/es\/estudio-sobre-la-crisis-de-la-covid-19-y-la-economia-informal-blogs\/\"]}]},{\"@type\":\"ImageObject\",\"inLanguage\":\"es-ES\",\"@id\":\"https:\/\/www.wiego.org\/es\/estudio-sobre-la-crisis-de-la-covid-19-y-la-economia-informal-blogs\/#primaryimage\",\"url\":\"https:\/\/www.wiego.org\/wp-content\/uploads\/2021\/12\/Policy_Insights_No_8_Hero.jpg\",\"contentUrl\":\"https:\/\/www.wiego.org\/wp-content\/uploads\/2021\/12\/Policy_Insights_No_8_Hero.jpg\",\"width\":1140,\"height\":430,\"caption\":\"Four working women wearing masks\"},{\"@type\":\"WebSite\",\"@id\":\"https:\/\/www.wiego.org\/es\/#website\",\"url\":\"https:\/\/www.wiego.org\/es\/\",\"name\":\"WIEGO\",\"description\":\"\",\"publisher\":{\"@id\":\"https:\/\/www.wiego.org\/es\/#organization\"},\"potentialAction\":[{\"@type\":\"SearchAction\",\"target\":{\"@type\":\"EntryPoint\",\"urlTemplate\":\"https:\/\/www.wiego.org\/es\/?s={search_term_string}\"},\"query-input\":{\"@type\":\"PropertyValueSpecification\",\"valueRequired\":true,\"valueName\":\"search_term_string\"}}],\"inLanguage\":\"es-ES\"},{\"@type\":\"Organization\",\"@id\":\"https:\/\/www.wiego.org\/es\/#organization\",\"name\":\"WIEGO\",\"url\":\"https:\/\/www.wiego.org\/es\/\",\"logo\":{\"@type\":\"ImageObject\",\"inLanguage\":\"es-ES\",\"@id\":\"https:\/\/www.wiego.org\/es\/#\/schema\/logo\/image\/\",\"url\":\"https:\/\/www.wiego.org\/wp-content\/uploads\/2024\/12\/logo.svg\",\"contentUrl\":\"https:\/\/www.wiego.org\/wp-content\/uploads\/2024\/12\/logo.svg\",\"width\":142,\"height\":90,\"caption\":\"WIEGO\"},\"image\":{\"@id\":\"https:\/\/www.wiego.org\/es\/#\/schema\/logo\/image\/\"},\"sameAs\":[\"https:\/\/www.facebook.com\/wiegoglobal\/\",\"https:\/\/x.com\/wiegoglobal\",\"https:\/\/www.linkedin.com\/company\/wiego\/\",\"https:\/\/www.youtube.com\/user\/wiegoglobal\"],\"description\":\"WIEGO is a global network that supports the movement of workers in informal employment.\"},{\"@type\":\"BreadcrumbList\",\"itemListElement\":[{\"@type\":\"ListItem\",\"position\":1,\"item\":{\"@id\":\"https:\/\/www.wiego.org\/es\/\",\"name\":\"WIEGO\"}},{\"@type\":\"ListItem\",\"position\":2,\"item\":{\"@id\":\"https:\/\/www.wiego.org\/es\/blog\/\",\"name\":\"Blog WIEGO\"}}],\"@id\":\"\/#breadcrumb\"}]}<\/script>\n<!-- \/ Yoast SEO Premium plugin. -->","yoast_head_json":{"title":"Estudio sobre la crisis de la COVID-19 y la econom\u00eda informal: Blogs - WIEGO","robots":{"index":"index","follow":"follow","max-snippet":"max-snippet:-1","max-image-preview":"max-image-preview:large","max-video-preview":"max-video-preview:-1"},"canonical":"https:\/\/www.wiego.org\/es\/estudio-sobre-la-crisis-de-la-covid-19-y-la-economia-informal-blogs\/","og_locale":"es_ES","og_type":"article","og_title":"Estudio sobre la crisis de la COVID-19 y la econom\u00eda informal: Blogs","og_description":"Blogs:   Aspectos cruciales sobre la COVID-19: Testimonios de trabajadorxs en la econom\u00eda informal   Como consecuencia de la pandemia, lxs trabajadorxs en la econom\u00eda informal perdier","og_url":"https:\/\/www.wiego.org\/es\/estudio-sobre-la-crisis-de-la-covid-19-y-la-economia-informal-blogs\/","og_site_name":"WIEGO","article_publisher":"https:\/\/www.facebook.com\/wiegoglobal\/","og_image":[{"width":1140,"height":430,"url":"https:\/\/www.wiego.org\/wp-content\/uploads\/2021\/12\/Policy_Insights_No_8_Hero.jpg","type":"image\/jpeg"}],"twitter_card":"summary_large_image","twitter_site":"@wiegoglobal","twitter_misc":{"Est. reading time":"3 minutes"},"schema":{"@context":"https:\/\/schema.org","@graph":[{"@type":"WebPage","@id":"https:\/\/www.wiego.org\/es\/estudio-sobre-la-crisis-de-la-covid-19-y-la-economia-informal-blogs\/","url":"https:\/\/www.wiego.org\/es\/estudio-sobre-la-crisis-de-la-covid-19-y-la-economia-informal-blogs\/","name":"Estudio sobre la crisis de la COVID-19 y la econom\u00eda informal: Blogs - WIEGO","isPartOf":{"@id":"https:\/\/www.wiego.org\/es\/#website"},"primaryImageOfPage":{"@id":"https:\/\/www.wiego.org\/es\/estudio-sobre-la-crisis-de-la-covid-19-y-la-economia-informal-blogs\/#primaryimage"},"image":{"@id":"https:\/\/www.wiego.org\/es\/estudio-sobre-la-crisis-de-la-covid-19-y-la-economia-informal-blogs\/#primaryimage"},"thumbnailUrl":"https:\/\/www.wiego.org\/wp-content\/uploads\/2021\/12\/Policy_Insights_No_8_Hero.jpg","datePublished":"2021-01-29T05:07:17+00:00","breadcrumb":{"@id":"https:\/\/www.wiego.org\/es\/estudio-sobre-la-crisis-de-la-covid-19-y-la-economia-informal-blogs\/#breadcrumb"},"inLanguage":"es-ES","potentialAction":[{"@type":"ReadAction","target":["https:\/\/www.wiego.org\/es\/estudio-sobre-la-crisis-de-la-covid-19-y-la-economia-informal-blogs\/"]}]},{"@type":"ImageObject","inLanguage":"es-ES","@id":"https:\/\/www.wiego.org\/es\/estudio-sobre-la-crisis-de-la-covid-19-y-la-economia-informal-blogs\/#primaryimage","url":"https:\/\/www.wiego.org\/wp-content\/uploads\/2021\/12\/Policy_Insights_No_8_Hero.jpg","contentUrl":"https:\/\/www.wiego.org\/wp-content\/uploads\/2021\/12\/Policy_Insights_No_8_Hero.jpg","width":1140,"height":430,"caption":"Four working women wearing masks"},{"@type":"WebSite","@id":"https:\/\/www.wiego.org\/es\/#website","url":"https:\/\/www.wiego.org\/es\/","name":"WIEGO","description":"","publisher":{"@id":"https:\/\/www.wiego.org\/es\/#organization"},"potentialAction":[{"@type":"SearchAction","target":{"@type":"EntryPoint","urlTemplate":"https:\/\/www.wiego.org\/es\/?s={search_term_string}"},"query-input":{"@type":"PropertyValueSpecification","valueRequired":true,"valueName":"search_term_string"}}],"inLanguage":"es-ES"},{"@type":"Organization","@id":"https:\/\/www.wiego.org\/es\/#organization","name":"WIEGO","url":"https:\/\/www.wiego.org\/es\/","logo":{"@type":"ImageObject","inLanguage":"es-ES","@id":"https:\/\/www.wiego.org\/es\/#\/schema\/logo\/image\/","url":"https:\/\/www.wiego.org\/wp-content\/uploads\/2024\/12\/logo.svg","contentUrl":"https:\/\/www.wiego.org\/wp-content\/uploads\/2024\/12\/logo.svg","width":142,"height":90,"caption":"WIEGO"},"image":{"@id":"https:\/\/www.wiego.org\/es\/#\/schema\/logo\/image\/"},"sameAs":["https:\/\/www.facebook.com\/wiegoglobal\/","https:\/\/x.com\/wiegoglobal","https:\/\/www.linkedin.com\/company\/wiego\/","https:\/\/www.youtube.com\/user\/wiegoglobal"],"description":"WIEGO is a global network that supports the movement of workers in informal employment."},{"@type":"BreadcrumbList","itemListElement":[{"@type":"ListItem","position":1,"item":{"@id":"https:\/\/www.wiego.org\/es\/","name":"WIEGO"}},{"@type":"ListItem","position":2,"item":{"@id":"https:\/\/www.wiego.org\/es\/blog\/","name":"Blog WIEGO"}}],"@id":"\/#breadcrumb"}]}},"_links":{"self":[{"href":"https:\/\/www.wiego.org\/es\/wp-json\/wp\/v2\/pages\/26282","targetHints":{"allow":["GET"]}}],"collection":[{"href":"https:\/\/www.wiego.org\/es\/wp-json\/wp\/v2\/pages"}],"about":[{"href":"https:\/\/www.wiego.org\/es\/wp-json\/wp\/v2\/types\/page"}],"author":[{"embeddable":true,"href":"https:\/\/www.wiego.org\/es\/wp-json\/wp\/v2\/users\/2"}],"replies":[{"embeddable":true,"href":"https:\/\/www.wiego.org\/es\/wp-json\/wp\/v2\/comments?post=26282"}],"version-history":[{"count":0,"href":"https:\/\/www.wiego.org\/es\/wp-json\/wp\/v2\/pages\/26282\/revisions"}],"wp:featuredmedia":[{"embeddable":true,"href":"https:\/\/www.wiego.org\/es\/wp-json\/wp\/v2\/media\/18782"}],"wp:attachment":[{"href":"https:\/\/www.wiego.org\/es\/wp-json\/wp\/v2\/media?parent=26282"}],"curies":[{"name":"wp","href":"https:\/\/api.w.org\/{rel}","templated":true}]}}