{"id":26280,"date":"2020-12-16T16:52:54","date_gmt":"2020-12-16T21:52:54","guid":{"rendered":"https:\/\/wiego.local\/estudio-sobre-la-crisis-de-la-covid-19-y-la-economia-informal-analisis-de-politicas\/"},"modified":"2020-12-16T16:52:54","modified_gmt":"2020-12-16T21:52:54","slug":"estudio-sobre-la-crisis-de-la-covid-19-y-la-economia-informal-analisis-de-politicas","status":"publish","type":"page","link":"https:\/\/www.wiego.org\/es\/estudio-sobre-la-crisis-de-la-covid-19-y-la-economia-informal-analisis-de-politicas\/","title":{"rendered":"Estudio sobre la crisis de la COVID-19 y la econom\u00eda informal: An\u00e1lisis de pol\u00edticas"},"content":{"rendered":"<h3>An\u00e1lisis de pol\u00edticas:<\/h3>\n<table border=\"0\" cellpadding=\"0\" cellspacing=\"0\" style=\"width: 100%;\">\n<tbody>\n<tr>\n<td>\n<p><img decoding=\"async\" alt=\"Policy Insights No. 9 - COVID-19 Vaccination and Informal Workers: Immunize, Don\u2019t Marginalize thumbnail\" height=\"195.5\" src=\"https:\/\/www.wiego.org\/sites\/default\/files\/2022-02\/policy-insights-9-thumbnail.png\" width=\"138\" class=\"align-left\" \/><\/p>\n<h5>Conclusiones principales y recomendaciones de pol\u00edticas<\/h5>\n<p><strong>La vacunaci\u00f3n contra la COVID-19 y las personas trabajadoras en empleo informal: inmunizar y no marginalizar\u00a0<\/strong>Febrero 2022. Christy Braham. <em>An\u00e1lisis de pol\u00edticas N\u00fam. 9<\/em><\/p>\n<p><a class=\"btn btn-orange\" href=\"https:\/\/www.wiego.org\/resources\/covid-19-vaccination-and-informal-workers-immunize-dont-marginalize\">English<\/a>\u00a0\u00a0\u00a0\u00a0\u00a0\u00a0 <a class=\"btn btn-orange\" data-entity-substitution=\"canonical\" data-entity-type=\"node\" data-entity-uuid=\"046e1cd6-e219-432d-bc6b-f741c3eea17e\" href=\"\/es\/recursos\/la-vacunacion-contra-la-covid-19-y-las-personas-trabajadoras-en-empleo-informal-inmunizar\">Espa\u00f1ol<\/a> \u00a0\u00a0\u00a0\u00a0\u00a0\u00a0 <a class=\"btn btn-orange\" href=\"\/fr\/node\/9000\">Fran\u00e7ais<\/a><\/p>\n<\/td>\n<\/tr>\n<\/tbody>\n<\/table>\n<table border=\"0\" cellpadding=\"0\" cellspacing=\"0\" style=\"width: 100%;\">\n<tbody>\n<tr>\n<td>\n<p><img decoding=\"async\" alt=\"Policy Insights No. 8 thumbnail\" height=\"195.5\" src=\"https:\/\/www.wiego.org\/sites\/default\/files\/inline-images\/Policy_Insights_No_8_thumbnail.jpg\" width=\"138\" class=\"align-left\" \/><\/p>\n<h5>Conclusiones principales y recomendaciones de pol\u00edticas<\/h5>\n<p><strong>The Crisis is Far from Over for Informal Workers (Global Findings, Round 2)\u00a0<\/strong>November 2021. Sarah Orleans Reed, Michael Rogan, Erofili Grapsa, Ghida Ismail and Marcela Valdivia.\u00a0<em>Policy Insights No. 8<\/em><\/p>\n<p><a class=\"btn btn-orange\" href=\"https:\/\/www.wiego.org\/resources\/COVID-Global-policy-insights\">English<\/a><\/p>\n<p><em>Resumen<\/em> disponible en\u00a0<a data-entity-substitution=\"canonical\" data-entity-type=\"node\" data-entity-uuid=\"5eb8c83a-f5be-4ac1-94ec-3b35708076f9\" href=\"\/es\/recursos\/resumen-la-crisis-no-ha-terminado-para-las-personas-trabajadoras-en-empleo-informal-0\">English<\/a>, <a href=\"\/es\/node\/8926\">Espa\u00f1ol<\/a>, <a href=\"\/fr\/node\/8926\">Fran\u00e7ais<\/a><\/p>\n<\/td>\n<\/tr>\n<\/tbody>\n<\/table>\n<table border=\"0\" cellpadding=\"0\" cellspacing=\"0\" style=\"width: 100%;\">\n<tbody>\n<tr>\n<td>\n<p><img decoding=\"async\" alt=\"Policy Insights No. 7 - Understanding the Immediate Impacts on Waste Pickers thumbnail\" height=\"195.5\" src=\"https:\/\/www.wiego.org\/sites\/default\/files\/2021-06\/PolicyInsights7.png\" width=\"138\" class=\"align-left\" \/><\/p>\n<h5>Conclusiones principales y recomendaciones de pol\u00edticas<\/h5>\n<p><strong>Dilucidar el impacto directo de la crisis en las recicladoras y recicladores\u00a0<\/strong>Mayo 2021. Chris Hartmann, Christine Hegel, Owusu Boampong and Erofili Grapsa.\u00a0<em>An\u00e1lisis de pol\u00edticas N\u00fam. 7<\/em><\/p>\n<p><a class=\"btn btn-orange\" href=\"https:\/\/www.wiego.org\/resources\/covid-19-crisis-understanding-immediate-impacts-waste-pickers\">English<\/a>\u00a0\u00a0\u00a0\u00a0\u00a0\u00a0 <a class=\"btn btn-orange\" href=\"https:\/\/www.wiego.org\/resources\/dilucidar-el-impacto-directo-de-la-crisis-en-las-recicladoras-y-recicladores\">Espa\u00f1ol<\/a> \u00a0\u00a0\u00a0\u00a0\u00a0\u00a0 <a class=\"btn btn-orange\" href=\"https:\/\/www.wiego.org\/resources\/les-e-ets-directs-de-la-crise-sur-les-recuperatriceeurs-de-materiaux\">Fran\u00e7ais<\/a><\/p>\n<\/td>\n<\/tr>\n<\/tbody>\n<\/table>\n<table border=\"0\" cellpadding=\"0\" cellspacing=\"0\" style=\"width: 100%;\">\n<tbody>\n<tr>\n<td>\n<p><img decoding=\"async\" alt=\"Policy Insights No. 6 - Internal Migrants in the Informal Economy: COVID-19 Lessons thumbnail\" height=\"195.5\" src=\"https:\/\/www.wiego.org\/sites\/default\/files\/2021-05\/PolicyInsights6.png\" width=\"138\" class=\"align-left\" \/><\/p>\n<h5>Conclusiones principales y recomendaciones de pol\u00edticas<\/h5>\n<p><strong>Internal Migrants in the Informal Economy: COVID-19 Lessons\u00a0<\/strong>May 2021. Ghida Ismail and Marcela Valdivia.\u00a0<em>Policy Insights No. 6<\/em><\/p>\n<p><a class=\"btn btn-orange\" href=\"https:\/\/www.wiego.org\/resources\/internal-migrants-informal-economy-covid-19-lessons\">English<\/a><\/p>\n<\/td>\n<\/tr>\n<\/tbody>\n<\/table>\n<table border=\"0\" cellpadding=\"0\" cellspacing=\"0\" style=\"width: 100%;\">\n<tbody>\n<tr>\n<td>\n<p><img decoding=\"async\" alt=\"Policy Insights No. 5 - Older Informal Workers in the COVID-19 Crisis thumbnail\" height=\"195.5\" src=\"https:\/\/www.wiego.org\/sites\/default\/files\/2021-05\/PolicyInsights5.png\" width=\"138\" class=\"align-left\" \/><\/p>\n<h5>Conclusiones principales y recomendaciones de pol\u00edticas<\/h5>\n<p><strong>Older Informal Workers in the COVID-19 Crisis\u00a0<\/strong>May 2021. Laura Alfers, Flavia Galvani, Erofili Grapsa, Florian Juergens-Grant and Aura Sevilla.\u00a0<em>Policy Insights No. 5<\/em><\/p>\n<p><a class=\"btn btn-orange\" href=\"https:\/\/www.wiego.org\/resources\/older-informal-workers-covid-19-crisis\">English<\/a><\/p>\n<\/td>\n<\/tr>\n<\/tbody>\n<\/table>\n<table border=\"0\" cellpadding=\"0\" cellspacing=\"0\" style=\"width: 100%;\">\n<tbody>\n<tr>\n<td>\n<p><img decoding=\"async\" alt=\"The Triple Crisis: Impact of COVID-19 on Informal Workers\u2019 Care Responsibilities, Paid Work and Earnings thumbnail\" height=\"195.5\" src=\"https:\/\/www.wiego.org\/sites\/default\/files\/2021-05\/PolicyInsights4_0.png\" width=\"138\" class=\"align-left\" \/><\/p>\n<h5>Conclusiones principales y recomendaciones de pol\u00edticas<\/h5>\n<p><strong>Imprescindibles, pero desprotegidas: \u00bfc\u00f3mo han sorteado las personas trabajadoras en empleo informal los riesgos sanitarios de la pandemia?<\/strong><strong>\u00a0<\/strong>Abril 2021. Christy Braham and Ana Carolina Ogando.\u00a0<em>An\u00e1lisis de pol\u00edticas N\u00fam. 4<\/em><\/p>\n<p><a class=\"btn btn-orange\" href=\"https:\/\/www.wiego.org\/resources\/essential-unprotected-how-have-informal-workers-navigated-health-risks-pandemic\">English<\/a>\u00a0\u00a0\u00a0\u00a0\u00a0\u00a0 <a class=\"btn btn-orange\" href=\"https:\/\/www.wiego.org\/resources\/imprescindibles-pero-desprotegidas-como-han-sorteado-las-personas-trabajadoras-en-empleo\">Espa\u00f1ol<\/a> \u00a0\u00a0\u00a0\u00a0\u00a0\u00a0 <a class=\"btn btn-orange\" href=\"https:\/\/www.wiego.org\/resources\/essentielles-mais-non-protegees-comment-les-travailleuseeurs-de-linformel-ont-ellesils\">Fran\u00e7ais<\/a><\/p>\n<\/td>\n<\/tr>\n<\/tbody>\n<\/table>\n<table border=\"0\" cellpadding=\"0\" cellspacing=\"0\" style=\"width: 100%;\">\n<tbody>\n<tr>\n<td>\n<p><img decoding=\"async\" alt=\"The Triple Crisis: Impact of COVID-19 on Informal Workers\u2019 Care Responsibilities, Paid Work and Earnings thumbnail\" height=\"195.5\" src=\"https:\/\/www.wiego.org\/sites\/default\/files\/2021-03\/PolicyInsights3.png\" width=\"138\" class=\"align-left\" \/><\/p>\n<h5>Conclusiones principales y recomendaciones de pol\u00edticas<\/h5>\n<p><strong>La triple crisis: El impacto de la COVID-19 en las responsabilidades de cuidado, el trabajo remunerado y los ingresos de las personas trabajadoras en empleo informal<\/strong><strong>.\u00a0<\/strong>Marzo 2021. Ana Carolina Ogando, Michael Rogan and Rachel Moussi\u00e9.\u00a0<em>An\u00e1lisis de pol\u00edticas N\u00fam. 3<\/em><\/p>\n<p><a class=\"btn btn-orange\" href=\"https:\/\/www.wiego.org\/resources\/triple-crisis-impact-covid-19-informal-workers-care-responsibilities-paid-work-and\">English<\/a>\u00a0\u00a0\u00a0\u00a0\u00a0\u00a0 <a class=\"btn btn-orange\" href=\"https:\/\/www.wiego.org\/resources\/la-triple-crisis-el-impacto-de-la-covid-19-en-las-responsabilidades-de-cuidado-el-trabajo\">Espa\u00f1ol<\/a> \u00a0\u00a0\u00a0\u00a0\u00a0\u00a0 <a class=\"btn btn-orange\" href=\"https:\/\/www.wiego.org\/resources\/la-triple-crise-les-responsabilites-de-soin-le-travail-remunere-et-les-revenus-des\">Fran\u00e7ais<\/a><\/p>\n<\/td>\n<\/tr>\n<\/tbody>\n<\/table>\n<table border=\"0\" cellpadding=\"0\" cellspacing=\"0\" style=\"width: 100%;\">\n<tbody>\n<tr>\n<td>\n<p><img decoding=\"async\" alt=\"Informal Workers and the Social Protection Response to COVID-19:  Who got relief? How? And did it make a difference? thumbnail\" data-entity-type=\"file\" data-entity-uuid=\"f9a171b6-f6d9-47a1-8b50-58b4877ddde9\" height=\"195.5\" src=\"\/sites\/default\/files\/inline-images\/Alfers-workers-COVID19-social-protection-policy-insight-2-Dec-2020.png\" width=\"138\" class=\"align-left\" loading=\"lazy\" \/><\/p>\n<h5>Conclusiones principales y recomendaciones de pol\u00edticas<\/h5>\n<p><strong>Las personas trabajadoras en empleo informal y la respuesta de protecci\u00f3n social a la COVID-19: \u00bfQui\u00e9n recibi\u00f3 medidas de alivio? \u00bfC\u00f3mo? \u00bfMarcaron la diferencia?\u00a0<\/strong>Diciembre 2020. Laura Alfers, Ghida Ismail and Marcela Valdivia.\u00a0<em>An\u00e1lisis de pol\u00edticas N\u00fam. 2<\/em><\/p>\n<p><a class=\"btn btn-orange\" href=\"https:\/\/www.wiego.org\/publications\/informal-workers-and-social-protection-response-covid-19-policy-implications-2\">English<\/a> \u00a0\u00a0\u00a0\u00a0\u00a0\u00a0 <a class=\"btn btn-orange\" href=\"https:\/\/www.wiego.org\/resources\/las-personas-trabajadoras-en-empleo-informal-y-la-respuesta-de-proteccion-social-la-covid\">Espa\u00f1ol<\/a> \u00a0\u00a0\u00a0\u00a0\u00a0\u00a0 <a class=\"btn btn-orange\" href=\"https:\/\/www.wiego.org\/resources\/les-travailleuseeurs-de-linformel-et-la-reponse-de-la-protection-sociale-la-covid-19-qui\">Fran\u00e7ais<\/a><\/p>\n<\/td>\n<\/tr>\n<\/tbody>\n<\/table>\n<table border=\"0\" cellpadding=\"0\" cellspacing=\"0\" style=\"width: 100%;\">\n<tbody>\n<tr>\n<td>\n<p><img decoding=\"async\" alt=\"Informal Workers See a Long Road to Recovery Ahead \u2014 Unless Governments Act thumbnail\" data-entity-type=\"file\" data-entity-uuid=\"f4431c9a-1e0b-4789-bdd9-690c15e64538\" height=\"195.5\" src=\"\/sites\/default\/files\/inline-images\/Informal-Workers-See-a-Long-Road-to-Recovery-Ahead-Unless-Governments-Act.png\" width=\"138\" class=\"align-left\" loading=\"lazy\" \/><\/p>\n<h5>Conclusiones principales y recomendaciones de pol\u00edticas<\/h5>\n<p><strong>Trabajadoras y trabajadores en empleo informal ven un largo camino hacia la recuperaci\u00f3n, a menos que los gobiernos act\u00faen<\/strong><strong>.\u00a0<\/strong>Noviembre 2020.<strong> <\/strong>Sally Roever and Michael Rogan. <em>An\u00e1lisis de pol\u00edticas N\u00fam. 1<\/em><\/p>\n<p><a class=\"btn btn-orange\" href=\"https:\/\/www.wiego.org\/resources\/informal-workers-see-long-road-recovery-ahead-unless-governments-act\">English<\/a> \u00a0\u00a0\u00a0\u00a0\u00a0\u00a0 <a class=\"btn btn-orange\" href=\"https:\/\/www.wiego.org\/resources\/trabajadoras-y-trabajadores-en-empleo-informal-ven-un-largo-camino-hacia-la-recuperacion\">Espa\u00f1ol<\/a> \u00a0\u00a0\u00a0\u00a0\u00a0\u00a0 <a class=\"btn btn-orange\" href=\"https:\/\/www.wiego.org\/resources\/les-travailleuseeurs-de-linformel-prevoient-un-long-chemin-vers-la-reprise-moins-que-les\">Fran\u00e7ais<\/a><\/p>\n<\/td>\n<\/tr>\n<\/tbody>\n<\/table>\n<h3>Solicitudes de prensa:<\/h3>\n<p>General:\u00a0<a href=\"mailto:Media@wiego.org\">media@wiego.org<\/a><\/p>\n<p>Contacto en ingl\u00e9s: Nicole Pryor:\u00a0<a href=\"mailto:nicole.pryor@wiego.org\">nicole.pryor@wiego.org<\/a>\u00a0&#8211; +64 27 239 2575 (NZT)<br \/>\nContacto en espa\u00f1ol: Graciela Mora:\u00a0<a href=\"mailto:graciela.mora@wiego.org\">graciela.mora@wiego.org<\/a>\u00a0&#8211; +506 8358 5592 (UTC\/GMT -6)<\/p>\n<hr \/>\n<p class=\"text-align-center\"><a class=\"btn btn-orange\" data-entity-substitution=\"canonical\" data-entity-type=\"node\" data-entity-uuid=\"fd95cba1-56fe-4df9-941f-ab64baf23713\" href=\"\/es\/estudio-sobre-la-crisis-de-la-covid-19-y-la-economia-informal\">Estudio sobre la crisis de la COVID-19 y la econom\u00eda informal<\/a><\/p>\n","protected":false},"excerpt":{"rendered":"<p>An\u00e1lisis de pol\u00edticas:<\/p>\n","protected":false},"author":2,"featured_media":18782,"parent":0,"menu_order":0,"comment_status":"closed","ping_status":"closed","template":"","meta":{"_acf_changed":false,"_relevanssi_hide_post":"","_relevanssi_hide_content":"","_relevanssi_pin_for_all":"","_relevanssi_pin_keywords":"","_relevanssi_unpin_keywords":"","_relevanssi_related_keywords":"","_relevanssi_related_include_ids":"","_relevanssi_related_exclude_ids":"","_relevanssi_related_no_append":"","_relevanssi_related_not_related":"","_relevanssi_related_posts":"","_relevanssi_noindex_reason":"","footnotes":""},"class_list":["post-26280","page","type-page","status-publish","has-post-thumbnail","hentry","economy-theme-etude-crise-covid-19","economy-theme-historia-debates-teoria","economy-theme-incidencia-negociaciones-mundial","economy-theme-medios-de-subsistencia"],"acf":[],"yoast_head":"<!-- This site is optimized with the Yoast SEO Premium plugin v23.8 (Yoast SEO v27.0) - https:\/\/yoast.com\/product\/yoast-seo-premium-wordpress\/ -->\n<title>Estudio sobre la crisis de la COVID-19 y la econom\u00eda informal: An\u00e1lisis de pol\u00edticas - WIEGO<\/title>\n<meta name=\"robots\" content=\"index, follow, max-snippet:-1, max-image-preview:large, max-video-preview:-1\" \/>\n<link rel=\"canonical\" href=\"https:\/\/www.wiego.org\/es\/estudio-sobre-la-crisis-de-la-covid-19-y-la-economia-informal-analisis-de-politicas\/\" \/>\n<meta property=\"og:locale\" content=\"es_ES\" \/>\n<meta property=\"og:type\" content=\"article\" \/>\n<meta property=\"og:title\" content=\"Estudio sobre la crisis de la COVID-19 y la econom\u00eda informal: An\u00e1lisis de pol\u00edticas\" \/>\n<meta property=\"og:description\" content=\"An\u00e1lisis de pol\u00edticas:\" \/>\n<meta property=\"og:url\" content=\"https:\/\/www.wiego.org\/es\/estudio-sobre-la-crisis-de-la-covid-19-y-la-economia-informal-analisis-de-politicas\/\" \/>\n<meta property=\"og:site_name\" content=\"WIEGO\" \/>\n<meta property=\"article:publisher\" content=\"https:\/\/www.facebook.com\/wiegoglobal\/\" \/>\n<meta property=\"og:image\" content=\"https:\/\/www.wiego.org\/wp-content\/uploads\/2021\/12\/Policy_Insights_No_8_Hero.jpg\" \/>\n\t<meta property=\"og:image:width\" content=\"1140\" \/>\n\t<meta property=\"og:image:height\" content=\"430\" \/>\n\t<meta property=\"og:image:type\" content=\"image\/jpeg\" \/>\n<meta name=\"twitter:card\" content=\"summary_large_image\" \/>\n<meta name=\"twitter:site\" content=\"@wiegoglobal\" \/>\n<meta name=\"twitter:label1\" content=\"Est. reading time\" \/>\n\t<meta name=\"twitter:data1\" content=\"2 minutes\" \/>\n<script type=\"application\/ld+json\" class=\"yoast-schema-graph\">{\"@context\":\"https:\/\/schema.org\",\"@graph\":[{\"@type\":\"WebPage\",\"@id\":\"https:\/\/www.wiego.org\/es\/estudio-sobre-la-crisis-de-la-covid-19-y-la-economia-informal-analisis-de-politicas\/\",\"url\":\"https:\/\/www.wiego.org\/es\/estudio-sobre-la-crisis-de-la-covid-19-y-la-economia-informal-analisis-de-politicas\/\",\"name\":\"Estudio sobre la crisis de la COVID-19 y la econom\u00eda informal: An\u00e1lisis de pol\u00edticas - WIEGO\",\"isPartOf\":{\"@id\":\"https:\/\/www.wiego.org\/es\/#website\"},\"primaryImageOfPage\":{\"@id\":\"https:\/\/www.wiego.org\/es\/estudio-sobre-la-crisis-de-la-covid-19-y-la-economia-informal-analisis-de-politicas\/#primaryimage\"},\"image\":{\"@id\":\"https:\/\/www.wiego.org\/es\/estudio-sobre-la-crisis-de-la-covid-19-y-la-economia-informal-analisis-de-politicas\/#primaryimage\"},\"thumbnailUrl\":\"https:\/\/www.wiego.org\/wp-content\/uploads\/2021\/12\/Policy_Insights_No_8_Hero.jpg\",\"datePublished\":\"2020-12-16T21:52:54+00:00\",\"breadcrumb\":{\"@id\":\"https:\/\/www.wiego.org\/es\/estudio-sobre-la-crisis-de-la-covid-19-y-la-economia-informal-analisis-de-politicas\/#breadcrumb\"},\"inLanguage\":\"es-ES\",\"potentialAction\":[{\"@type\":\"ReadAction\",\"target\":[\"https:\/\/www.wiego.org\/es\/estudio-sobre-la-crisis-de-la-covid-19-y-la-economia-informal-analisis-de-politicas\/\"]}]},{\"@type\":\"ImageObject\",\"inLanguage\":\"es-ES\",\"@id\":\"https:\/\/www.wiego.org\/es\/estudio-sobre-la-crisis-de-la-covid-19-y-la-economia-informal-analisis-de-politicas\/#primaryimage\",\"url\":\"https:\/\/www.wiego.org\/wp-content\/uploads\/2021\/12\/Policy_Insights_No_8_Hero.jpg\",\"contentUrl\":\"https:\/\/www.wiego.org\/wp-content\/uploads\/2021\/12\/Policy_Insights_No_8_Hero.jpg\",\"width\":1140,\"height\":430,\"caption\":\"Four working women wearing masks\"},{\"@type\":\"WebSite\",\"@id\":\"https:\/\/www.wiego.org\/es\/#website\",\"url\":\"https:\/\/www.wiego.org\/es\/\",\"name\":\"WIEGO\",\"description\":\"\",\"publisher\":{\"@id\":\"https:\/\/www.wiego.org\/es\/#organization\"},\"potentialAction\":[{\"@type\":\"SearchAction\",\"target\":{\"@type\":\"EntryPoint\",\"urlTemplate\":\"https:\/\/www.wiego.org\/es\/?s={search_term_string}\"},\"query-input\":{\"@type\":\"PropertyValueSpecification\",\"valueRequired\":true,\"valueName\":\"search_term_string\"}}],\"inLanguage\":\"es-ES\"},{\"@type\":\"Organization\",\"@id\":\"https:\/\/www.wiego.org\/es\/#organization\",\"name\":\"WIEGO\",\"url\":\"https:\/\/www.wiego.org\/es\/\",\"logo\":{\"@type\":\"ImageObject\",\"inLanguage\":\"es-ES\",\"@id\":\"https:\/\/www.wiego.org\/es\/#\/schema\/logo\/image\/\",\"url\":\"https:\/\/www.wiego.org\/wp-content\/uploads\/2024\/12\/logo.svg\",\"contentUrl\":\"https:\/\/www.wiego.org\/wp-content\/uploads\/2024\/12\/logo.svg\",\"width\":142,\"height\":90,\"caption\":\"WIEGO\"},\"image\":{\"@id\":\"https:\/\/www.wiego.org\/es\/#\/schema\/logo\/image\/\"},\"sameAs\":[\"https:\/\/www.facebook.com\/wiegoglobal\/\",\"https:\/\/x.com\/wiegoglobal\",\"https:\/\/www.linkedin.com\/company\/wiego\/\",\"https:\/\/www.youtube.com\/user\/wiegoglobal\"],\"description\":\"WIEGO is a global network that supports the movement of workers in informal employment.\"},{\"@type\":\"BreadcrumbList\",\"itemListElement\":[{\"@type\":\"ListItem\",\"position\":1,\"item\":{\"@id\":\"https:\/\/www.wiego.org\/es\/\",\"name\":\"WIEGO\"}},{\"@type\":\"ListItem\",\"position\":2,\"item\":{\"@id\":\"https:\/\/www.wiego.org\/es\/blog\/\",\"name\":\"Blog WIEGO\"}}],\"@id\":\"\/#breadcrumb\"}]}<\/script>\n<!-- \/ Yoast SEO Premium plugin. -->","yoast_head_json":{"title":"Estudio sobre la crisis de la COVID-19 y la econom\u00eda informal: An\u00e1lisis de pol\u00edticas - WIEGO","robots":{"index":"index","follow":"follow","max-snippet":"max-snippet:-1","max-image-preview":"max-image-preview:large","max-video-preview":"max-video-preview:-1"},"canonical":"https:\/\/www.wiego.org\/es\/estudio-sobre-la-crisis-de-la-covid-19-y-la-economia-informal-analisis-de-politicas\/","og_locale":"es_ES","og_type":"article","og_title":"Estudio sobre la crisis de la COVID-19 y la econom\u00eda informal: An\u00e1lisis de pol\u00edticas","og_description":"An\u00e1lisis de pol\u00edticas:","og_url":"https:\/\/www.wiego.org\/es\/estudio-sobre-la-crisis-de-la-covid-19-y-la-economia-informal-analisis-de-politicas\/","og_site_name":"WIEGO","article_publisher":"https:\/\/www.facebook.com\/wiegoglobal\/","og_image":[{"width":1140,"height":430,"url":"https:\/\/www.wiego.org\/wp-content\/uploads\/2021\/12\/Policy_Insights_No_8_Hero.jpg","type":"image\/jpeg"}],"twitter_card":"summary_large_image","twitter_site":"@wiegoglobal","twitter_misc":{"Est. reading time":"2 minutes"},"schema":{"@context":"https:\/\/schema.org","@graph":[{"@type":"WebPage","@id":"https:\/\/www.wiego.org\/es\/estudio-sobre-la-crisis-de-la-covid-19-y-la-economia-informal-analisis-de-politicas\/","url":"https:\/\/www.wiego.org\/es\/estudio-sobre-la-crisis-de-la-covid-19-y-la-economia-informal-analisis-de-politicas\/","name":"Estudio sobre la crisis de la COVID-19 y la econom\u00eda informal: An\u00e1lisis de pol\u00edticas - WIEGO","isPartOf":{"@id":"https:\/\/www.wiego.org\/es\/#website"},"primaryImageOfPage":{"@id":"https:\/\/www.wiego.org\/es\/estudio-sobre-la-crisis-de-la-covid-19-y-la-economia-informal-analisis-de-politicas\/#primaryimage"},"image":{"@id":"https:\/\/www.wiego.org\/es\/estudio-sobre-la-crisis-de-la-covid-19-y-la-economia-informal-analisis-de-politicas\/#primaryimage"},"thumbnailUrl":"https:\/\/www.wiego.org\/wp-content\/uploads\/2021\/12\/Policy_Insights_No_8_Hero.jpg","datePublished":"2020-12-16T21:52:54+00:00","breadcrumb":{"@id":"https:\/\/www.wiego.org\/es\/estudio-sobre-la-crisis-de-la-covid-19-y-la-economia-informal-analisis-de-politicas\/#breadcrumb"},"inLanguage":"es-ES","potentialAction":[{"@type":"ReadAction","target":["https:\/\/www.wiego.org\/es\/estudio-sobre-la-crisis-de-la-covid-19-y-la-economia-informal-analisis-de-politicas\/"]}]},{"@type":"ImageObject","inLanguage":"es-ES","@id":"https:\/\/www.wiego.org\/es\/estudio-sobre-la-crisis-de-la-covid-19-y-la-economia-informal-analisis-de-politicas\/#primaryimage","url":"https:\/\/www.wiego.org\/wp-content\/uploads\/2021\/12\/Policy_Insights_No_8_Hero.jpg","contentUrl":"https:\/\/www.wiego.org\/wp-content\/uploads\/2021\/12\/Policy_Insights_No_8_Hero.jpg","width":1140,"height":430,"caption":"Four working women wearing masks"},{"@type":"WebSite","@id":"https:\/\/www.wiego.org\/es\/#website","url":"https:\/\/www.wiego.org\/es\/","name":"WIEGO","description":"","publisher":{"@id":"https:\/\/www.wiego.org\/es\/#organization"},"potentialAction":[{"@type":"SearchAction","target":{"@type":"EntryPoint","urlTemplate":"https:\/\/www.wiego.org\/es\/?s={search_term_string}"},"query-input":{"@type":"PropertyValueSpecification","valueRequired":true,"valueName":"search_term_string"}}],"inLanguage":"es-ES"},{"@type":"Organization","@id":"https:\/\/www.wiego.org\/es\/#organization","name":"WIEGO","url":"https:\/\/www.wiego.org\/es\/","logo":{"@type":"ImageObject","inLanguage":"es-ES","@id":"https:\/\/www.wiego.org\/es\/#\/schema\/logo\/image\/","url":"https:\/\/www.wiego.org\/wp-content\/uploads\/2024\/12\/logo.svg","contentUrl":"https:\/\/www.wiego.org\/wp-content\/uploads\/2024\/12\/logo.svg","width":142,"height":90,"caption":"WIEGO"},"image":{"@id":"https:\/\/www.wiego.org\/es\/#\/schema\/logo\/image\/"},"sameAs":["https:\/\/www.facebook.com\/wiegoglobal\/","https:\/\/x.com\/wiegoglobal","https:\/\/www.linkedin.com\/company\/wiego\/","https:\/\/www.youtube.com\/user\/wiegoglobal"],"description":"WIEGO is a global network that supports the movement of workers in informal employment."},{"@type":"BreadcrumbList","itemListElement":[{"@type":"ListItem","position":1,"item":{"@id":"https:\/\/www.wiego.org\/es\/","name":"WIEGO"}},{"@type":"ListItem","position":2,"item":{"@id":"https:\/\/www.wiego.org\/es\/blog\/","name":"Blog WIEGO"}}],"@id":"\/#breadcrumb"}]}},"_links":{"self":[{"href":"https:\/\/www.wiego.org\/es\/wp-json\/wp\/v2\/pages\/26280","targetHints":{"allow":["GET"]}}],"collection":[{"href":"https:\/\/www.wiego.org\/es\/wp-json\/wp\/v2\/pages"}],"about":[{"href":"https:\/\/www.wiego.org\/es\/wp-json\/wp\/v2\/types\/page"}],"author":[{"embeddable":true,"href":"https:\/\/www.wiego.org\/es\/wp-json\/wp\/v2\/users\/2"}],"replies":[{"embeddable":true,"href":"https:\/\/www.wiego.org\/es\/wp-json\/wp\/v2\/comments?post=26280"}],"version-history":[{"count":0,"href":"https:\/\/www.wiego.org\/es\/wp-json\/wp\/v2\/pages\/26280\/revisions"}],"wp:featuredmedia":[{"embeddable":true,"href":"https:\/\/www.wiego.org\/es\/wp-json\/wp\/v2\/media\/18782"}],"wp:attachment":[{"href":"https:\/\/www.wiego.org\/es\/wp-json\/wp\/v2\/media?parent=26280"}],"curies":[{"name":"wp","href":"https:\/\/api.w.org\/{rel}","templated":true}]}}