{"id":26278,"date":"2020-12-15T16:07:07","date_gmt":"2020-12-15T21:07:07","guid":{"rendered":"https:\/\/wiego.local\/estudio-sobre-la-crisis-de-la-covid-19-y-la-economia-informal-conclusiones-globales\/"},"modified":"2020-12-15T16:07:07","modified_gmt":"2020-12-15T21:07:07","slug":"estudio-sobre-la-crisis-de-la-covid-19-y-la-economia-informal-conclusiones-globales","status":"publish","type":"page","link":"https:\/\/www.wiego.org\/es\/estudio-sobre-la-crisis-de-la-covid-19-y-la-economia-informal-conclusiones-globales\/","title":{"rendered":"Estudio sobre la crisis de la COVID-19 y la econom\u00eda informal: Conclusiones globales"},"content":{"rendered":"<h3>Conclusiones globales:<\/h3>\n<p>El <strong>Estudio sobre la crisis de la COVID-19 y la econom\u00eda informal<\/strong> es un estudio longitudinal coordinado por WIEGO que eval\u00faa el impacto de la crisis de la COVID-19 en grupos profesionales espec\u00edficos de personas trabajadoras en empleo informal y sus hogares, con un enfoque en las trabajadoras del hogar, las personas trabajadoras en domicilio, las vendedoras ambulantes y las recicladoras. El resumen global de la primera fase presenta los principales resultados de la primera etapa de la encuesta y las entrevistas \u2013realizadas en junio y julio de 2020 (a mediados de a\u00f1o)\u2013 en 12 ciudades y acompa\u00f1a a las <a data-entity-substitution=\"canonical\" data-entity-type=\"node\" data-entity-uuid=\"62d00481-9ba6-4e86-88f9-f4b80606ab2a\" href=\"https:\/\/www.wiego.org\/es\/estudio-sobre-la-crisis-de-la-covid-19-y-la-economia-informal-ficha-informativa\/\">hojas informativas<\/a> que proporcionan resultados a nivel de ciudad con mayor detalle. A mediados de 2021 se llev\u00f3 a cabo una segunda etapa de investigaci\u00f3n sobre el terreno para medir el <a data-entity-substitution=\"canonical\" data-entity-type=\"node\" data-entity-uuid=\"27f9a1f5-2118-426a-8e42-988a51ae454b\" href=\"\/resources\/COVID-Global-policy-insights\">impacto actual<\/a> de la crisis.<\/p>\n<table border=\"0\" cellpadding=\"0\" cellspacing=\"0\" style=\"width: 100%;\">\n<tbody>\n<tr>\n<td>\n<p><img loading=\"lazy\" decoding=\"async\" alt=\"Infographic thumbnail\" data-entity-type=\"file\" height=\"195\" src=\"\/sites\/default\/files\/2022-06\/infographic-thumbnail.png\" width=\"138\" class=\"align-left\" \/><br \/><strong>Una COVID econ\u00f3mica prolongada para lxs trabajadorxs en empleo informal &#8211; Infograf\u00eda<\/strong> Julio 2022.<\/p>\n<p>English:\u00a0 \u00a0 \u00a0<a class=\"btn btn-orange\" href=\"https:\/\/www.wiego.org\/resources\/long-economic-covid-worlds-working-class-infographic\">Resumen<\/a>\u00a0\u00a0\u00a0\u00a0\u00a0\u00a0 <a class=\"btn btn-orange\" href=\"https:\/\/www.wiego.org\/sites\/default\/files\/resources\/file\/long-economic-covid-for-the-world%E2%80%99s-working-class-infographic.pdf\">Infograf\u00eda (PDF)<\/a><\/p>\n<p>Espa\u00f1ol:\u00a0 \u00a0\u00a0<a class=\"btn btn-orange\" href=\"\/es\/node\/9076\">Resumen<\/a>\u00a0\u00a0\u00a0\u00a0\u00a0\u00a0 <a class=\"btn btn-orange\" href=\"https:\/\/www.wiego.org\/sites\/default\/files\/resources\/file\/una-covid-economica-prolongada-para-la-clase-trabajadora-en-el-mundo-infografia.pdf\">Infograf\u00eda (PDF)<\/a><\/p>\n<p>Fran\u00e7ais:\u00a0 \u00a0<a class=\"btn btn-orange\" href=\"\/fr\/node\/9076\">Resumen<\/a>\u00a0\u00a0\u00a0\u00a0\u00a0\u00a0 <a class=\"btn btn-orange\" href=\"https:\/\/www.wiego.org\/sites\/default\/files\/resources\/file\/le-long-covid-economique-pour-la-classe-ouvriere-du-monde-infographie.pdf\"> Infograf\u00eda (PDF)<\/a><\/p>\n<\/td>\n<\/tr>\n<\/tbody>\n<\/table>\n<table border=\"0\" cellpadding=\"0\" cellspacing=\"0\" style=\"width: 100%;\">\n<tbody>\n<tr>\n<td>\n<p><img decoding=\"async\" alt=\"COVID-19 and Informal Work in 11 Cities: Recovery Pathways Amidst Continued Crisis thumbnail\" data-entity-type=\"file\" data-entity-uuid=\"179700d0-6d1c-49ea-88f0-69fc756c34b9\" height=\"195.5\" src=\"\/sites\/default\/files\/inline-images\/11-cities-report-2022.jpg\" width=\"138\" class=\"align-left\" loading=\"lazy\" \/><br \/><strong>COVID-19 and Informal Work in 11 Cities: Recovery Pathways Amidst Continued Crisis<\/strong>\u00a0July\u00a02022. WIEGO. 2022. COVID-19 and Informal Work in 11 Cities: Recovery Pathways Amidst Continued Crisis. WIEGO Working Paper No. 43. Manchester, UK: WIEGO.<\/p>\n<p>\u00a0<\/p>\n<p><a class=\"btn btn-orange\" data-entity-substitution=\"canonical\" data-entity-type=\"node\" data-entity-uuid=\"4e6841e5-02f7-497a-a531-65df5eea27e3\" href=\"\/publications\/covid-19-and-informal-work-11-cities-recovery-pathways-amidst-continued-crisis\">Resumen<\/a>\u00a0\u00a0\u00a0\u00a0\u00a0\u00a0 <a class=\"btn btn-orange\" href=\"https:\/\/www.wiego.org\/sites\/default\/files\/publications\/file\/WIEGO_Working%20Paper%20No%2043.pdf\">Ir a la publicaci\u00f3n (PDF)<\/a><\/p>\n<\/td>\n<\/tr>\n<\/tbody>\n<\/table>\n<table border=\"0\" cellpadding=\"0\" cellspacing=\"0\" style=\"width: 100%;\">\n<tbody>\n<tr>\n<td>\n<p><img decoding=\"async\" alt=\"COVID-19 and Informal Work in 11 Cities \u2013 Executive Summary\" data-entity-type=\"file\" data-entity-uuid=\"7cf518b6-f678-4e3a-aba4-1109ebe3ed77\" height=\"195.5\" src=\"\/sites\/default\/files\/inline-images\/11-cities-executive-summary-2022.jpg\" width=\"138\" class=\"align-left\" loading=\"lazy\" \/><br \/><strong>La COVID-19 y el trabajo informal en once ciudades: Resumen ejecutivo<\/strong> Julio de 2022.<\/p>\n<p>English:\u00a0 \u00a0 \u00a0<a class=\"btn btn-orange\" href=\"https:\/\/www.wiego.org\/publications\/covid-19-and-informal-work-11-cities-executive-summary\">Resumen<\/a>\u00a0\u00a0\u00a0\u00a0\u00a0\u00a0 <a class=\"btn btn-orange\" href=\"https:\/\/www.wiego.org\/sites\/default\/files\/publications\/file\/COVID-19%20Executive%20Summary%20Round%202%20for%20web.pdf\">Ir a la publicaci\u00f3n (PDF)<\/a><\/p>\n<p>Espa\u00f1ol:\u00a0 \u00a0\u00a0<a class=\"btn btn-orange\" href=\"\/es\/node\/9075\">Resumen<\/a>\u00a0\u00a0\u00a0\u00a0\u00a0\u00a0 <a class=\"btn btn-orange\" href=\"https:\/\/www.wiego.org\/sites\/default\/files\/publications\/file\/covid-19-la-crisis-continua-11-ciudades.pdf\">Ir a la publicaci\u00f3n (PDF)<\/a><\/p>\n<p>Fran\u00e7ais:\u00a0 \u00a0<a class=\"btn btn-orange\" href=\"\/fr\/node\/9075\">Resumen<\/a>\u00a0\u00a0\u00a0\u00a0\u00a0\u00a0 <a class=\"btn btn-orange\" href=\"https:\/\/www.wiego.org\/sites\/default\/files\/publications\/file\/covid-19-la%20crise-persistante-11-villes.pdf\">Ir a la publicaci\u00f3n (PDF)<\/a><\/p>\n<\/td>\n<\/tr>\n<\/tbody>\n<\/table>\n<table border=\"0\" cellpadding=\"0\" cellspacing=\"0\" style=\"width: 100%;\">\n<tbody>\n<tr>\n<td>\n<p><img decoding=\"async\" alt=\"COVID-19 and the Informal Economy: Round 1 Global Summary thumbnail\" data-entity-type=\"file\" data-entity-uuid=\"170524d4-a92b-4bd2-828a-8fc1d4c87d76\" height=\"195.5\" src=\"\/sites\/default\/files\/inline-images\/COVID-10-Global-Summary_Report-thumbnail.jpg\" width=\"138\" class=\"align-left\" loading=\"lazy\" \/><br \/><strong>COVID-19 Crisis and the Informal Economy: Round 1 Global Summary<\/strong> July\u00a02021. WIEGO.2021.COVID-19 and the Informal Economy: Round 1 Global Summary. Manchester, UK: WIEGO.<\/p>\n<p>\u00a0<\/p>\n<p><a class=\"btn btn-orange\" href=\"https:\/\/www.wiego.org\/publications\/covid-19-and-informal-economy-round-1-global-summary\">Resumen<\/a>\u00a0\u00a0\u00a0\u00a0\u00a0\u00a0 <a class=\"btn btn-orange\" href=\"https:\/\/www.wiego.org\/sites\/default\/files\/publications\/file\/IDRC-WIEGO%20COVID-19%20Study%20Round%201%20Global%20Summary%20for%20web_0.pdf\">Ir a la publicaci\u00f3n (PDF)<\/a><\/p>\n<\/td>\n<\/tr>\n<\/tbody>\n<\/table>\n<table border=\"0\" cellpadding=\"0\" cellspacing=\"0\" style=\"width: 100%;\">\n<tbody>\n<tr>\n<td>\n<p><img decoding=\"async\" alt=\"COVID-19 Crisis and the Informal Economy: Executive Summary thumbnail\" data-entity-type=\"file\" data-entity-uuid=\"17586271-d725-491d-8176-7c0b03a02e11\" height=\"195.5\" src=\"\/sites\/default\/files\/inline-images\/COVID-19-Executive-Summary-thumbnail.jpg\" width=\"138\" class=\"align-left\" loading=\"lazy\" \/><br \/><strong>La crisis de la COVID-19 y la econom\u00eda informal: Resumen ejecutivo<\/strong> Julio 2021.<\/p>\n<p>English:\u00a0 \u00a0 \u00a0<a class=\"btn btn-orange\" href=\"https:\/\/www.wiego.org\/publications\/covid-19-crisis-and-informal-economy-executive-summary\">Resumen<\/a>\u00a0\u00a0\u00a0\u00a0\u00a0\u00a0 <a class=\"btn btn-orange\" href=\"https:\/\/www.wiego.org\/sites\/default\/files\/publications\/file\/COVID-19%20Crisis%20-%20Executive%20Summary%20-%20July%202021%20-%20web_0.pdf\">Ir a la publicaci\u00f3n (PDF)<\/a><\/p>\n<p>Espa\u00f1ol:\u00a0 \u00a0\u00a0<a class=\"btn btn-orange\" href=\"https:\/\/www.wiego.org\/publications\/la-crisis-de-la-covid-19-y-la-economia-informal-resumen-ejecutivo\">Resumen<\/a>\u00a0\u00a0\u00a0\u00a0\u00a0\u00a0 <a class=\"btn btn-orange\" href=\"https:\/\/www.wiego.org\/sites\/default\/files\/publications\/file\/La%20crisis%20de%20la%20COVID-19%20-%20Resumen%20ejecutivo%20-%20Julio%202021%20-web_0.pdf\">Ir a la publicaci\u00f3n (PDF)<\/a><\/p>\n<p>Fran\u00e7ais:\u00a0 \u00a0<a class=\"btn btn-orange\" href=\"https:\/\/www.wiego.org\/publications\/la-crise-de-la-covid-19-et-leconomie-informelle-resume\">Resumen<\/a>\u00a0\u00a0\u00a0\u00a0\u00a0\u00a0 <a class=\"btn btn-orange\" href=\"https:\/\/www.wiego.org\/sites\/default\/files\/publications\/file\/La%20crise%20de%20la%20COVID-19%20-%20Re%CC%81sume%CC%81%20-%20Juillet%202021%20-%20web.pdf\">Ir a la publicaci\u00f3n (PDF)<\/a><\/p>\n<\/td>\n<\/tr>\n<\/tbody>\n<\/table>\n<table border=\"0\" cellpadding=\"0\" cellspacing=\"0\" style=\"width: 100%;\">\n<tbody>\n<tr>\n<td>\n<p><img decoding=\"async\" alt=\"COVID-19 and Informal Work: Distinct Pathways of Impact and Recovery in 11 Cities Around the World\" data-entity-type=\"file\" data-entity-uuid=\"c9f4fa96-cc7a-47bc-b87b-71fafdd0fd7d\" height=\"195.5\" src=\"\/sites\/default\/files\/inline-images\/COVID-19_Informal_Work_Distinct_Pathways_of_Impact_and_Recovery_in_11_Cities_Around_the_World.jpg\" width=\"138\" class=\"align-left\" loading=\"lazy\" \/><br \/><strong>COVID-19 and Informal Work: Distinct Pathways of Impact and Recovery in 11 Cities Around the World<\/strong> May 2021. Chen, Marty, Erofili Grapsa, Ghida Ismail, Mike Rogan, Marcela Valdivia, Laura Alfers, Jenna Harvey, Ana Carolina Ogando, Sarah Orleans Reed and Sally Roever. WIEGO Working Paper No. 42<\/p>\n<p><a class=\"btn btn-orange\" href=\"https:\/\/www.wiego.org\/publications\/covid-19-and-informal-work-distinct-pathways-impact-and-recovery-11-cities-around\">Resumen<\/a>\u00a0\u00a0\u00a0\u00a0\u00a0\u00a0 <a class=\"btn btn-orange\" href=\"https:\/\/www.wiego.org\/sites\/default\/files\/publications\/file\/WIEGO_Working%20Paper%20No%2042%20May%202021.pdf\">Ir a la publicaci\u00f3n (PDF)<\/a><\/p>\n<\/td>\n<\/tr>\n<\/tbody>\n<\/table>\n<table border=\"0\" cellpadding=\"0\" cellspacing=\"0\" style=\"width: 100%;\">\n<tbody>\n<tr>\n<td>\n<p><img decoding=\"async\" alt=\"COVID-19 and informal work: Evidence from 11 cities thumbnail\" data-entity-type=\"file\" data-entity-uuid=\"85c09342-828c-46ea-8e03-91654a0adfa6\" height=\"195.5\" src=\"\/sites\/default\/files\/inline-images\/COVID-19_and_informal_work-_Evidence_from_11_cities_thumbnail.jpg\" width=\"138\" class=\"align-left\" loading=\"lazy\" \/><br \/><strong>COVID-19 and informal work: Evidence from 11 cities<\/strong> &#8211; 26 June 2021.<\/p>\n<p>Chen, M., Grapsa, E., Ismail, G., Rogan, M., Valdivia, M., Alfers, L., Harvey, J., Ogando, A.C., Reed, S.O. and Roever, S. (2021), COVID-19 and informal work: Evidence from 11 cities. International Labour Review. Accepted Author Manuscript. <a href=\"https:\/\/doi.org\/10.1111\/ilr.12221\">https:\/\/doi.org\/10.1111\/ilr.12221<\/a><\/p>\n<p>This article presents the findings of a study in 11 cities across five geographic regions on the impacts of the COVID-19 crisis on different groups of informal workers and their households. Four domains of impact are detailed: impact on work and income, food and hunger, care and other household responsibilities and on the coping strategies of informal workers households. The article also compares the role of government and of organizations of informal workers in providing relief and other support to informal workers and considers worker demands for a better deal for informal workers going forward.<\/p>\n<p><a class=\"btn btn-orange\" href=\"https:\/\/onlinelibrary.wiley.com\/doi\/full\/10.1111\/ilr.12221\">Enlace externo con muro de pago<\/a><\/p>\n<\/td>\n<\/tr>\n<\/tbody>\n<\/table>\n<hr \/>\n<h3>Solicitudes de prensa:<\/h3>\n<p>General: <a href=\"mailto:Media@wiego.org\">media@wiego.org<\/a><\/p>\n<p>Contacto en ingl\u00e9s: Nicole Pryor: <a href=\"mailto:nicole.pryor@wiego.org\">nicole.pryor@wiego.org<\/a> &#8211; +64 27 239 2575 (NZT)<br \/>\nContacto en espa\u00f1ol: Graciela Mora: <a href=\"mailto:graciela.mora@wiego.org\">graciela.mora@wiego.org<\/a> &#8211; +506 8358 5592 (UTC\/GMT -6)<\/p>\n<hr \/>\n<p class=\"text-align-center\"><a class=\"btn btn-orange\" data-entity-substitution=\"canonical\" data-entity-type=\"node\" data-entity-uuid=\"fd95cba1-56fe-4df9-941f-ab64baf23713\" href=\"\/es\/estudio-sobre-la-crisis-de-la-covid-19-y-la-economia-informal\">Estudio sobre la crisis de la COVID-19 y la econom\u00eda informal<\/a><\/p>\n","protected":false},"excerpt":{"rendered":"<p>Conclusiones globales:<\/p>\n<p>El Estudio sobre la crisis de la COVID-19 y la econom\u00eda informal es un estudio longitudinal coordinado por WIEGO que eval\u00faa el impacto de la crisis de la COVID-19 en grupos profesionales espec\u00edficos de personas trabajadoras en empleo informal y sus hogares, con un enfoque en las trabajadoras del hogar, las personas trabajadoras en domicilio, las vendedoras ambulantes y las recicladoras.<\/p>\n","protected":false},"author":2,"featured_media":18782,"parent":0,"menu_order":0,"comment_status":"closed","ping_status":"closed","template":"","meta":{"_acf_changed":false,"_relevanssi_hide_post":"","_relevanssi_hide_content":"","_relevanssi_pin_for_all":"","_relevanssi_pin_keywords":"","_relevanssi_unpin_keywords":"","_relevanssi_related_keywords":"","_relevanssi_related_include_ids":"","_relevanssi_related_exclude_ids":"","_relevanssi_related_no_append":"","_relevanssi_related_not_related":"","_relevanssi_related_posts":"","_relevanssi_noindex_reason":"","footnotes":""},"class_list":["post-26278","page","type-page","status-publish","has-post-thumbnail","hentry","economy-theme-etude-crise-covid-19","economy-theme-historia-debates-teoria","economy-theme-incidencia-negociaciones-mundial","economy-theme-medios-de-subsistencia"],"acf":[],"yoast_head":"<!-- This site is optimized with the Yoast SEO Premium plugin v23.8 (Yoast SEO v27.0) - https:\/\/yoast.com\/product\/yoast-seo-premium-wordpress\/ -->\n<title>Estudio sobre la crisis de la COVID-19 y la econom\u00eda informal: Conclusiones globales - WIEGO<\/title>\n<meta name=\"robots\" content=\"index, follow, max-snippet:-1, max-image-preview:large, max-video-preview:-1\" \/>\n<link rel=\"canonical\" href=\"https:\/\/www.wiego.org\/es\/estudio-sobre-la-crisis-de-la-covid-19-y-la-economia-informal-conclusiones-globales\/\" \/>\n<meta property=\"og:locale\" content=\"es_ES\" \/>\n<meta property=\"og:type\" content=\"article\" \/>\n<meta property=\"og:title\" content=\"Estudio sobre la crisis de la COVID-19 y la econom\u00eda informal: Conclusiones globales\" \/>\n<meta property=\"og:description\" content=\"Conclusiones globales: El Estudio sobre la crisis de la COVID-19 y la econom\u00eda informal es un estudio longitudinal coordinado por WIEGO que eval\u00faa el impacto de la crisis de la COVID-19 en grupos profesionales espec\u00edficos de personas trabajadoras en empleo informal y sus hogares, con un enfoque en las trabajadoras del hogar, las personas trabajadoras en domicilio, las vendedoras ambulantes y las recicladoras.\" \/>\n<meta property=\"og:url\" content=\"https:\/\/www.wiego.org\/es\/estudio-sobre-la-crisis-de-la-covid-19-y-la-economia-informal-conclusiones-globales\/\" \/>\n<meta property=\"og:site_name\" content=\"WIEGO\" \/>\n<meta property=\"article:publisher\" content=\"https:\/\/www.facebook.com\/wiegoglobal\/\" \/>\n<meta property=\"og:image\" content=\"http:\/\/www.wiego.org\/wp-content\/uploads\/2021\/12\/Policy_Insights_No_8_Hero.jpg\" \/>\n\t<meta property=\"og:image:width\" content=\"1140\" \/>\n\t<meta property=\"og:image:height\" content=\"430\" \/>\n\t<meta property=\"og:image:type\" content=\"image\/jpeg\" \/>\n<meta name=\"twitter:card\" content=\"summary_large_image\" \/>\n<meta name=\"twitter:site\" content=\"@wiegoglobal\" \/>\n<meta name=\"twitter:label1\" content=\"Est. reading time\" \/>\n\t<meta name=\"twitter:data1\" content=\"3 minutes\" \/>\n<script type=\"application\/ld+json\" class=\"yoast-schema-graph\">{\"@context\":\"https:\/\/schema.org\",\"@graph\":[{\"@type\":\"WebPage\",\"@id\":\"https:\/\/www.wiego.org\/es\/estudio-sobre-la-crisis-de-la-covid-19-y-la-economia-informal-conclusiones-globales\/\",\"url\":\"https:\/\/www.wiego.org\/es\/estudio-sobre-la-crisis-de-la-covid-19-y-la-economia-informal-conclusiones-globales\/\",\"name\":\"Estudio sobre la crisis de la COVID-19 y la econom\u00eda informal: Conclusiones globales - WIEGO\",\"isPartOf\":{\"@id\":\"https:\/\/www.wiego.org\/es\/#website\"},\"primaryImageOfPage\":{\"@id\":\"https:\/\/www.wiego.org\/es\/estudio-sobre-la-crisis-de-la-covid-19-y-la-economia-informal-conclusiones-globales\/#primaryimage\"},\"image\":{\"@id\":\"https:\/\/www.wiego.org\/es\/estudio-sobre-la-crisis-de-la-covid-19-y-la-economia-informal-conclusiones-globales\/#primaryimage\"},\"thumbnailUrl\":\"https:\/\/www.wiego.org\/wp-content\/uploads\/2021\/12\/Policy_Insights_No_8_Hero.jpg\",\"datePublished\":\"2020-12-15T21:07:07+00:00\",\"breadcrumb\":{\"@id\":\"https:\/\/www.wiego.org\/es\/estudio-sobre-la-crisis-de-la-covid-19-y-la-economia-informal-conclusiones-globales\/#breadcrumb\"},\"inLanguage\":\"es-ES\",\"potentialAction\":[{\"@type\":\"ReadAction\",\"target\":[\"https:\/\/www.wiego.org\/es\/estudio-sobre-la-crisis-de-la-covid-19-y-la-economia-informal-conclusiones-globales\/\"]}]},{\"@type\":\"ImageObject\",\"inLanguage\":\"es-ES\",\"@id\":\"https:\/\/www.wiego.org\/es\/estudio-sobre-la-crisis-de-la-covid-19-y-la-economia-informal-conclusiones-globales\/#primaryimage\",\"url\":\"https:\/\/www.wiego.org\/wp-content\/uploads\/2021\/12\/Policy_Insights_No_8_Hero.jpg\",\"contentUrl\":\"https:\/\/www.wiego.org\/wp-content\/uploads\/2021\/12\/Policy_Insights_No_8_Hero.jpg\",\"width\":1140,\"height\":430,\"caption\":\"Four working women wearing masks\"},{\"@type\":\"WebSite\",\"@id\":\"https:\/\/www.wiego.org\/es\/#website\",\"url\":\"https:\/\/www.wiego.org\/es\/\",\"name\":\"WIEGO\",\"description\":\"\",\"publisher\":{\"@id\":\"https:\/\/www.wiego.org\/es\/#organization\"},\"potentialAction\":[{\"@type\":\"SearchAction\",\"target\":{\"@type\":\"EntryPoint\",\"urlTemplate\":\"https:\/\/www.wiego.org\/es\/?s={search_term_string}\"},\"query-input\":{\"@type\":\"PropertyValueSpecification\",\"valueRequired\":true,\"valueName\":\"search_term_string\"}}],\"inLanguage\":\"es-ES\"},{\"@type\":\"Organization\",\"@id\":\"https:\/\/www.wiego.org\/es\/#organization\",\"name\":\"WIEGO\",\"url\":\"https:\/\/www.wiego.org\/es\/\",\"logo\":{\"@type\":\"ImageObject\",\"inLanguage\":\"es-ES\",\"@id\":\"https:\/\/www.wiego.org\/es\/#\/schema\/logo\/image\/\",\"url\":\"https:\/\/www.wiego.org\/wp-content\/uploads\/2024\/12\/logo.svg\",\"contentUrl\":\"https:\/\/www.wiego.org\/wp-content\/uploads\/2024\/12\/logo.svg\",\"width\":142,\"height\":90,\"caption\":\"WIEGO\"},\"image\":{\"@id\":\"https:\/\/www.wiego.org\/es\/#\/schema\/logo\/image\/\"},\"sameAs\":[\"https:\/\/www.facebook.com\/wiegoglobal\/\",\"https:\/\/x.com\/wiegoglobal\",\"https:\/\/www.linkedin.com\/company\/wiego\/\",\"https:\/\/www.youtube.com\/user\/wiegoglobal\"],\"description\":\"WIEGO is a global network that supports the movement of workers in informal employment.\"},{\"@type\":\"BreadcrumbList\",\"itemListElement\":[{\"@type\":\"ListItem\",\"position\":1,\"item\":{\"@id\":\"https:\/\/www.wiego.org\/es\/\",\"name\":\"WIEGO\"}},{\"@type\":\"ListItem\",\"position\":2,\"item\":{\"@id\":\"https:\/\/www.wiego.org\/es\/blog\/\",\"name\":\"Blog WIEGO\"}}],\"@id\":\"\/#breadcrumb\"}]}<\/script>\n<!-- \/ Yoast SEO Premium plugin. -->","yoast_head_json":{"title":"Estudio sobre la crisis de la COVID-19 y la econom\u00eda informal: Conclusiones globales - WIEGO","robots":{"index":"index","follow":"follow","max-snippet":"max-snippet:-1","max-image-preview":"max-image-preview:large","max-video-preview":"max-video-preview:-1"},"canonical":"https:\/\/www.wiego.org\/es\/estudio-sobre-la-crisis-de-la-covid-19-y-la-economia-informal-conclusiones-globales\/","og_locale":"es_ES","og_type":"article","og_title":"Estudio sobre la crisis de la COVID-19 y la econom\u00eda informal: Conclusiones globales","og_description":"Conclusiones globales: El Estudio sobre la crisis de la COVID-19 y la econom\u00eda informal es un estudio longitudinal coordinado por WIEGO que eval\u00faa el impacto de la crisis de la COVID-19 en grupos profesionales espec\u00edficos de personas trabajadoras en empleo informal y sus hogares, con un enfoque en las trabajadoras del hogar, las personas trabajadoras en domicilio, las vendedoras ambulantes y las recicladoras.","og_url":"https:\/\/www.wiego.org\/es\/estudio-sobre-la-crisis-de-la-covid-19-y-la-economia-informal-conclusiones-globales\/","og_site_name":"WIEGO","article_publisher":"https:\/\/www.facebook.com\/wiegoglobal\/","og_image":[{"width":1140,"height":430,"url":"http:\/\/www.wiego.org\/wp-content\/uploads\/2021\/12\/Policy_Insights_No_8_Hero.jpg","type":"image\/jpeg"}],"twitter_card":"summary_large_image","twitter_site":"@wiegoglobal","twitter_misc":{"Est. reading time":"3 minutes"},"schema":{"@context":"https:\/\/schema.org","@graph":[{"@type":"WebPage","@id":"https:\/\/www.wiego.org\/es\/estudio-sobre-la-crisis-de-la-covid-19-y-la-economia-informal-conclusiones-globales\/","url":"https:\/\/www.wiego.org\/es\/estudio-sobre-la-crisis-de-la-covid-19-y-la-economia-informal-conclusiones-globales\/","name":"Estudio sobre la crisis de la COVID-19 y la econom\u00eda informal: Conclusiones globales - WIEGO","isPartOf":{"@id":"https:\/\/www.wiego.org\/es\/#website"},"primaryImageOfPage":{"@id":"https:\/\/www.wiego.org\/es\/estudio-sobre-la-crisis-de-la-covid-19-y-la-economia-informal-conclusiones-globales\/#primaryimage"},"image":{"@id":"https:\/\/www.wiego.org\/es\/estudio-sobre-la-crisis-de-la-covid-19-y-la-economia-informal-conclusiones-globales\/#primaryimage"},"thumbnailUrl":"https:\/\/www.wiego.org\/wp-content\/uploads\/2021\/12\/Policy_Insights_No_8_Hero.jpg","datePublished":"2020-12-15T21:07:07+00:00","breadcrumb":{"@id":"https:\/\/www.wiego.org\/es\/estudio-sobre-la-crisis-de-la-covid-19-y-la-economia-informal-conclusiones-globales\/#breadcrumb"},"inLanguage":"es-ES","potentialAction":[{"@type":"ReadAction","target":["https:\/\/www.wiego.org\/es\/estudio-sobre-la-crisis-de-la-covid-19-y-la-economia-informal-conclusiones-globales\/"]}]},{"@type":"ImageObject","inLanguage":"es-ES","@id":"https:\/\/www.wiego.org\/es\/estudio-sobre-la-crisis-de-la-covid-19-y-la-economia-informal-conclusiones-globales\/#primaryimage","url":"https:\/\/www.wiego.org\/wp-content\/uploads\/2021\/12\/Policy_Insights_No_8_Hero.jpg","contentUrl":"https:\/\/www.wiego.org\/wp-content\/uploads\/2021\/12\/Policy_Insights_No_8_Hero.jpg","width":1140,"height":430,"caption":"Four working women wearing masks"},{"@type":"WebSite","@id":"https:\/\/www.wiego.org\/es\/#website","url":"https:\/\/www.wiego.org\/es\/","name":"WIEGO","description":"","publisher":{"@id":"https:\/\/www.wiego.org\/es\/#organization"},"potentialAction":[{"@type":"SearchAction","target":{"@type":"EntryPoint","urlTemplate":"https:\/\/www.wiego.org\/es\/?s={search_term_string}"},"query-input":{"@type":"PropertyValueSpecification","valueRequired":true,"valueName":"search_term_string"}}],"inLanguage":"es-ES"},{"@type":"Organization","@id":"https:\/\/www.wiego.org\/es\/#organization","name":"WIEGO","url":"https:\/\/www.wiego.org\/es\/","logo":{"@type":"ImageObject","inLanguage":"es-ES","@id":"https:\/\/www.wiego.org\/es\/#\/schema\/logo\/image\/","url":"https:\/\/www.wiego.org\/wp-content\/uploads\/2024\/12\/logo.svg","contentUrl":"https:\/\/www.wiego.org\/wp-content\/uploads\/2024\/12\/logo.svg","width":142,"height":90,"caption":"WIEGO"},"image":{"@id":"https:\/\/www.wiego.org\/es\/#\/schema\/logo\/image\/"},"sameAs":["https:\/\/www.facebook.com\/wiegoglobal\/","https:\/\/x.com\/wiegoglobal","https:\/\/www.linkedin.com\/company\/wiego\/","https:\/\/www.youtube.com\/user\/wiegoglobal"],"description":"WIEGO is a global network that supports the movement of workers in informal employment."},{"@type":"BreadcrumbList","itemListElement":[{"@type":"ListItem","position":1,"item":{"@id":"https:\/\/www.wiego.org\/es\/","name":"WIEGO"}},{"@type":"ListItem","position":2,"item":{"@id":"https:\/\/www.wiego.org\/es\/blog\/","name":"Blog WIEGO"}}],"@id":"\/#breadcrumb"}]}},"_links":{"self":[{"href":"https:\/\/www.wiego.org\/es\/wp-json\/wp\/v2\/pages\/26278","targetHints":{"allow":["GET"]}}],"collection":[{"href":"https:\/\/www.wiego.org\/es\/wp-json\/wp\/v2\/pages"}],"about":[{"href":"https:\/\/www.wiego.org\/es\/wp-json\/wp\/v2\/types\/page"}],"author":[{"embeddable":true,"href":"https:\/\/www.wiego.org\/es\/wp-json\/wp\/v2\/users\/2"}],"replies":[{"embeddable":true,"href":"https:\/\/www.wiego.org\/es\/wp-json\/wp\/v2\/comments?post=26278"}],"version-history":[{"count":0,"href":"https:\/\/www.wiego.org\/es\/wp-json\/wp\/v2\/pages\/26278\/revisions"}],"wp:featuredmedia":[{"embeddable":true,"href":"https:\/\/www.wiego.org\/es\/wp-json\/wp\/v2\/media\/18782"}],"wp:attachment":[{"href":"https:\/\/www.wiego.org\/es\/wp-json\/wp\/v2\/media?parent=26278"}],"curies":[{"name":"wp","href":"https:\/\/api.w.org\/{rel}","templated":true}]}}