{"id":26277,"date":"2020-10-30T20:37:59","date_gmt":"2020-10-31T00:37:59","guid":{"rendered":"https:\/\/wiego.local\/recicladoresyderechoshumanos\/"},"modified":"2026-04-08T00:59:02","modified_gmt":"2026-04-08T04:59:02","slug":"recicladores-derechos-humanos","status":"publish","type":"page","link":"https:\/\/www.wiego.org\/es\/recicladores-derechos-humanos\/","title":{"rendered":"Caja de herramientas sobre los derechos de los recicladores"},"content":{"rendered":"<p><strong>En 2017 WIEGO (Women in Informal Employment: Globalizing and Organizing) inici\u00f3 el \u201cProyecto de reconocimiento de la situaci\u00f3n de los derechos humanos de los recicladores en Am\u00e9rica Latina\u201d, a trav\u00e9s del cual se document\u00f3 la situaci\u00f3n y violaciones a los derechos humanos de los recicladores en 6 pa\u00edses de Am\u00e9rica Latina: M\u00e9xico, Uruguay, Argentina, Rep\u00fablica Dominicana, Guatemala y Nicaragua.<\/strong><\/p>\n<p><strong>En el marco de este proyecto se generaron informes de contexto por pa\u00eds, un informe general desde la perspectiva del derecho internacional de los derechos humanos y la presente caja de herramientas.<\/strong><\/p>\n<p>El objetivo de esta caja de herramientas es que por medio de diversos materiales dida\u0301cticos y lu\u0301dicos los recicladores conozcan sus derechos como personas y como trabajadores, identifiquen situaciones que los vulneren y con ello, sepan co\u0301mo defender sus derechos.<\/p>\n<p>Junto con esta caja de herramientas deber\u00e1 entregarse <a href=\"#poster\">un p\u00f3ster<\/a> que ilustra las diferentes situaciones a las que se enfrentan los recicladores informales en los seis pa\u00edses de enfoque: Argentina, Guatemala, M\u00e9xico, Nicaragua, Rep\u00fablica Dominicana y Uruguay.<\/p>\n<p>Todos los materiales contenidos en esta caja pueden jugarse o leerse, seg\u00fan sea el caso, con apoyo de un capacitador que acompa\u00f1ar\u00e1 a los diversos grupos de trabajo en la ruta del conocimiento de sus derechos, no obstante, los materiales no necesitan de la gu\u00eda forzosa de un capacitador.<\/p>\n<p>Tiene la opci\u00f3n de descargar todos los materiales en un archivo\u00a0(<a href=\"https:\/\/www.wiego.org\/sites\/default\/files\/2020-11\/Archivo-Caja-de-herramientas-formato-para-impresion.zip\">para impresi\u00f3n<\/a> o <a href=\"https:\/\/www.wiego.org\/sites\/default\/files\/2020-11\/Archivo-Caja-de-herramientas-formato-digital.zip\">para uso digital<\/a>), o en forma individual.<\/p>\n\n\t\t\t<div class=\"shortcode freeform-promo container grid style1\">\n\t\t\t\t<div class=\"promo-container\">\n\t\t\t\t\t<div class=\"content\">\n\t\t\t\t\t\t<h2 class=\"heading-4\">Gu\u00eda de los derechos de las personas recicladoras<\/h2>\n\t\t\t\t\t\t<p class=\"small\">La Gu\u00eda de derechos de las personas recicladoras es un documento vivo did\u00e1ctico que guiar\u00e1 a los recicladores por el reconocimiento de sus derechos como trabajadores y como seres humanos.<\/p>\n\n\t\t\t\t\t\t<ul class=\"flex-container\">\n\t\t<li><a href=\"https:\/\/www.wiego.org\/es\/centro-educativo-incidencia-materiales-referencia\/guia-derechos-personas-recicladoras\/\" class=\"btn tertiary round-icon\" target=\"_blank\">Descargar<span class=\"btn icon medium\"><svg role=\"presentation\" class=\"svg-inline--fa fa-up-right-from-square\" xmlns=\"http:\/\/www.w3.org\/2000\/svg\" viewBox=\"0 0 512 512\"><!--! Font Awesome Pro 6.5.2 by @fontawesome - https:\/\/fontawesome.com License - https:\/\/fontawesome.com\/license (Commercial License) Copyright 2024 Fonticons, Inc. --><path d=\"M352 0c-12.9 0-24.6 7.8-29.6 19.8s-2.2 25.7 6.9 34.9L370.7 96 201.4 265.4c-12.5 12.5-12.5 32.8 0 45.3s32.8 12.5 45.3 0L416 141.3l41.4 41.4c9.2 9.2 22.9 11.9 34.9 6.9s19.8-16.6 19.8-29.6V32c0-17.7-14.3-32-32-32H352zM80 32C35.8 32 0 67.8 0 112V432c0 44.2 35.8 80 80 80H400c44.2 0 80-35.8 80-80V320c0-17.7-14.3-32-32-32s-32 14.3-32 32V432c0 8.8-7.2 16-16 16H80c-8.8 0-16-7.2-16-16V112c0-8.8 7.2-16 16-16H192c17.7 0 32-14.3 32-32s-14.3-32-32-32H80z\"\/><\/svg><\/span><span class=\"accessibility\">(Este enlace se abre en una nueva ventana)<\/span><\/a><\/li>\n\t\t\t\t\t\t<\/ul>\n\t\t\t\t\t<\/div>\n\n\t\t\t\t\t<div class=\"media\"><img loading=\"lazy\" decoding=\"async\" width=\"744\" height=\"420\" src=\"https:\/\/www.wiego.org\/wp-content\/uploads\/2026\/03\/guia-recicladores-744x420.jpg\" class=\"attachment-card-featured-post size-card-featured-post\" alt=\"\" \/><\/div>\n\t\t\t\t<\/div>\n\t\t\t<\/div>\n\t\t\n\n\t\t\t<div class=\"shortcode freeform-promo container grid style1\">\n\t\t\t\t<div class=\"promo-container\">\n\t\t\t\t\t<div class=\"content\">\n\t\t\t\t\t\t<h2 class=\"heading-4\">Memorama<\/h2>\n\t\t\t\t\t\t<p class=\"small\">\u201cMemorama para la identificacio\u0301n de violaciones a los derechos de los recicladores\u201d con 17 pares de tarjetas (34 tarjetas en total).<\/p>\n\n\t\t\t\t\t\t<ul class=\"flex-container\">\n\t\t<li><a href=\"https:\/\/www.wiego.org\/es\/centro-educativo-incidencia-materiales-referencia\/memorama-derechos-recicladores\/\" class=\"btn tertiary round-icon\" target=\"_blank\">Descargar<span class=\"btn icon medium\"><svg role=\"presentation\" class=\"svg-inline--fa fa-up-right-from-square\" xmlns=\"http:\/\/www.w3.org\/2000\/svg\" viewBox=\"0 0 512 512\"><!--! Font Awesome Pro 6.5.2 by @fontawesome - https:\/\/fontawesome.com License - https:\/\/fontawesome.com\/license (Commercial License) Copyright 2024 Fonticons, Inc. --><path d=\"M352 0c-12.9 0-24.6 7.8-29.6 19.8s-2.2 25.7 6.9 34.9L370.7 96 201.4 265.4c-12.5 12.5-12.5 32.8 0 45.3s32.8 12.5 45.3 0L416 141.3l41.4 41.4c9.2 9.2 22.9 11.9 34.9 6.9s19.8-16.6 19.8-29.6V32c0-17.7-14.3-32-32-32H352zM80 32C35.8 32 0 67.8 0 112V432c0 44.2 35.8 80 80 80H400c44.2 0 80-35.8 80-80V320c0-17.7-14.3-32-32-32s-32 14.3-32 32V432c0 8.8-7.2 16-16 16H80c-8.8 0-16-7.2-16-16V112c0-8.8 7.2-16 16-16H192c17.7 0 32-14.3 32-32s-14.3-32-32-32H80z\"\/><\/svg><\/span><span class=\"accessibility\">(Este enlace se abre en una nueva ventana)<\/span><\/a><\/li>\n\t\t\t\t\t\t<\/ul>\n\t\t\t\t\t<\/div>\n\n\t\t\t\t\t<div class=\"media\"><img loading=\"lazy\" decoding=\"async\" width=\"744\" height=\"420\" src=\"https:\/\/www.wiego.org\/wp-content\/uploads\/2026\/03\/memorama-recicladores-744x420.jpg\" class=\"attachment-card-featured-post size-card-featured-post\" alt=\"\" \/><\/div>\n\t\t\t\t<\/div>\n\t\t\t<\/div>\n\t\t\n\n\t\t\t<div class=\"shortcode freeform-promo container grid style1\">\n\t\t\t\t<div class=\"promo-container\">\n\t\t\t\t\t<div class=\"content\">\n\t\t\t\t\t\t<h2 class=\"heading-4\">C\u00f3mic \u201cSomos recicladores\u201d<\/h2>\n\t\t\t\t\t\t<p class=\"small\">El c\u00f3mic \"\u00a1Somos recicladores!\" sobre las situaciones de violencia que enfrentan los recicladores informales.<\/p>\n\n\t\t\t\t\t\t<ul class=\"flex-container\">\n\t\t<li><a href=\"https:\/\/www.wiego.org\/es\/centro-educativo-incidencia-materiales-referencia\/comic-somos-recicladores\/\" class=\"btn tertiary round-icon\" target=\"\">Descargar<span class=\"btn icon medium\"><svg role=\"presentation\" class=\"svg-inline--fa fa-arrow-right\" xmlns=\"http:\/\/www.w3.org\/2000\/svg\" viewBox=\"0 0 448 512\"><!--! Font Awesome Pro 6.5.2 by @fontawesome - https:\/\/fontawesome.com License - https:\/\/fontawesome.com\/license (Commercial License) Copyright 2024 Fonticons, Inc. --><path d=\"M440.6 273.4c4.7-4.5 7.4-10.8 7.4-17.4s-2.7-12.8-7.4-17.4l-176-168c-9.6-9.2-24.8-8.8-33.9 .8s-8.8 24.8 .8 33.9L364.1 232 24 232c-13.3 0-24 10.7-24 24s10.7 24 24 24l340.1 0L231.4 406.6c-9.6 9.2-9.9 24.3-.8 33.9s24.3 9.9 33.9 .8l176-168z\"\/><\/svg><\/span><\/a><\/li>\n\t\t\t\t\t\t<\/ul>\n\t\t\t\t\t<\/div>\n\n\t\t\t\t\t<div class=\"media\"><img loading=\"lazy\" decoding=\"async\" width=\"744\" height=\"420\" src=\"https:\/\/www.wiego.org\/wp-content\/uploads\/2026\/03\/comic-recicladores-744x420.jpg\" class=\"attachment-card-featured-post size-card-featured-post\" alt=\"\" \/><\/div>\n\t\t\t\t<\/div>\n\t\t\t<\/div>\n\t\t\n\n\t\t\t<div class=\"shortcode freeform-promo container grid style1\">\n\t\t\t\t<div class=\"promo-container\">\n\t\t\t\t\t<div class=\"content\">\n\t\t\t\t\t\t<h2 class=\"heading-4\">Juego de serpientes y escaleras<\/h2>\n\t\t\t\t\t\t<p class=\"small\">Este juego educativo de tablero, inspirado en Serpientes y Escaleras, ayuda a las personas recicladoras a aprender sobre sus derechos humanos y laborales de manera participativa y divertida.<\/p>\n\n\t\t\t\t\t\t<ul class=\"flex-container\">\n\t\t<li><a href=\"https:\/\/www.wiego.org\/es\/centro-educativo-incidencia-materiales-referencia\/juego-serpientes-escaleras\/\" class=\"btn tertiary round-icon\" target=\"\">Descargar<span class=\"btn icon medium\"><svg role=\"presentation\" class=\"svg-inline--fa fa-arrow-right\" xmlns=\"http:\/\/www.w3.org\/2000\/svg\" viewBox=\"0 0 448 512\"><!--! Font Awesome Pro 6.5.2 by @fontawesome - https:\/\/fontawesome.com License - https:\/\/fontawesome.com\/license (Commercial License) Copyright 2024 Fonticons, Inc. --><path d=\"M440.6 273.4c4.7-4.5 7.4-10.8 7.4-17.4s-2.7-12.8-7.4-17.4l-176-168c-9.6-9.2-24.8-8.8-33.9 .8s-8.8 24.8 .8 33.9L364.1 232 24 232c-13.3 0-24 10.7-24 24s10.7 24 24 24l340.1 0L231.4 406.6c-9.6 9.2-9.9 24.3-.8 33.9s24.3 9.9 33.9 .8l176-168z\"\/><\/svg><\/span><\/a><\/li>\n\t\t\t\t\t\t<\/ul>\n\t\t\t\t\t<\/div>\n\n\t\t\t\t\t<div class=\"media\"><img loading=\"lazy\" decoding=\"async\" width=\"744\" height=\"420\" src=\"https:\/\/www.wiego.org\/wp-content\/uploads\/2026\/03\/serpientes-y-escaleras-recicladores-744x420.jpg\" class=\"attachment-card-featured-post size-card-featured-post\" alt=\"\" \/><\/div>\n\t\t\t\t<\/div>\n\t\t\t<\/div>\n\t\t\n\n\t\t\t<div class=\"shortcode freeform-promo container grid style1\">\n\t\t\t\t<div class=\"promo-container\">\n\t\t\t\t\t<div class=\"content\">\n\t\t\t\t\t\t<h2 class=\"heading-4\">Po\u0301ster \u201cTenemos derecho al trabajo y la vida digna\u201d<\/h2>\n\t\t\t\t\t\t<p class=\"small\">Este p\u00f3ster busca amplificar las voces de las y los recicladores en Am\u00e9rica Latina, quienes comparten sus testimonios sobre las dificultades que enfrentan para acceder a la salud, la precariedad laboral y su lucha por una vida y un trabajo dignos.<\/p>\n\n\t\t\t\t\t\t<ul class=\"flex-container\">\n\t\t<li><a href=\"https:\/\/www.wiego.org\/es\/centro-educativo-incidencia-materiales-referencia\/poster-tenemos-derecho-trabajo-vida-digna\/\" class=\"btn tertiary round-icon\" target=\"\">Descargar<span class=\"btn icon medium\"><svg role=\"presentation\" class=\"svg-inline--fa fa-arrow-right\" xmlns=\"http:\/\/www.w3.org\/2000\/svg\" viewBox=\"0 0 448 512\"><!--! Font Awesome Pro 6.5.2 by @fontawesome - https:\/\/fontawesome.com License - https:\/\/fontawesome.com\/license (Commercial License) Copyright 2024 Fonticons, Inc. --><path d=\"M440.6 273.4c4.7-4.5 7.4-10.8 7.4-17.4s-2.7-12.8-7.4-17.4l-176-168c-9.6-9.2-24.8-8.8-33.9 .8s-8.8 24.8 .8 33.9L364.1 232 24 232c-13.3 0-24 10.7-24 24s10.7 24 24 24l340.1 0L231.4 406.6c-9.6 9.2-9.9 24.3-.8 33.9s24.3 9.9 33.9 .8l176-168z\"\/><\/svg><\/span><\/a><\/li>\n\t\t\t\t\t\t<\/ul>\n\t\t\t\t\t<\/div>\n\n\t\t\t\t\t<div class=\"media\"><img loading=\"lazy\" decoding=\"async\" width=\"744\" height=\"420\" src=\"https:\/\/www.wiego.org\/wp-content\/uploads\/2026\/03\/poster-tenemos-derecho-al-trabajo-y-la-vida-digna-744x420.jpg\" class=\"attachment-card-featured-post size-card-featured-post\" alt=\"\" \/><\/div>\n\t\t\t\t<\/div>\n\t\t\t<\/div>\n\t\t\n<hr \/>\n<h2>Instrucciones<\/h2>\n<h3>Instrucciones para el memorama<\/h3>\n<ol>\n<li>Las cartas deben ser barajadas.<\/li>\n<li>Poner boca abajo las tarjetas y volver a revolverlas.<\/li>\n<li>El primer jugador voltea dos tarjetas consecutivamente.<\/li>\n<li>Si son iguales se las queda y su turno continu\u0301a para sacar otro par.<\/li>\n<li>Si son diferentes las vuelve a voltear tal y como estaban y termina su turno.<\/li>\n<li>El siguiente jugador tambie\u0301n voltea dos cartas consecutivamente, si son iguales se las queda y su turno continu\u0301a para voltear otro par, pero si son diferentes seguira\u0301 el turno del siguiente jugador.<\/li>\n<li>Una vez que no queden tarjetas que voltear terminara\u0301 el juego y el ganador sera\u0301 quien tenga el mayor nu\u0301mero de pares.<\/li>\n<\/ol>\n<p>Uno a ma\u0301s jugadores.<\/p>\n<h3>Instrucciones para el serpientes y escaleras<\/h3>\n<ol>\n<li>El tablero consta de cien casillas que se numeran desde a parte inferior izquierda hasta la parte superior izquierda. Desde all\u00ed los jugadores comenzar\u00e1n a jugar.<\/li>\n<li>Los jugadores tirar\u00e1n el dado para acomodar sus lugares, quien tenga el n\u00famero m\u00e1s grande ser\u00e1 el primer jugador en lanzar y as\u00ed sucesivamente.<\/li>\n<li>Las fichas se mueven seg\u00fan la numeraci\u00f3n del table- ro, en sentido ascendente.<\/li>\n<li>Si al finalizar un movimiento un jugador cae en una casilla donde comienza una escalera, sube por ella hasta donde termina la escalera.<\/li>\n<li>Si al terminar un movimiento cae donde comienza la cabeza de una serpiente, desciende por \u00e9sta hasta el final de su cola.<\/li>\n<li>Si un jugador obtiene un 6 podr\u00e1 mover dos veces en un solo turno.<\/li>\n<li>El jugador que logra llegar al casillero final es el ganador.<\/li>\n<\/ol>\n<p>Dos o m\u00e1s jugadores.<\/p>\n<hr \/>\n<h3>Queremos tu opini\u00f3n<\/h3>\n<p>Queremos que nos envies tu opini\u00f3n sobre estos materiales. Nos gustar\u00eda actualizarlos con regularidad, basados en tus comentarios y experiencia con ellos. Por favor, env\u00edanos un correo a <a href=\"mailto:cajadeherramientas@wiego.org?subject=Retroalimentaci%C3%B3n%20-%20Caja%20de%20herramientas\">cajadeherramientas@wiego.org<\/a>.<\/p>\n","protected":false},"excerpt":{"rendered":"<p>En 2017 WIEGO (Women in Informal Employment: Globalizing and Organizing) inici\u00f3 el \u201cProyecto de reconocimiento de la situaci\u00f3n de los derechos humanos de los recicladores en Am\u00e9rica Latina\u201d, a trav\u00e9s del cual se document\u00f3 la situaci\u00f3n y violaciones a los derechos humanos de los recicladores en 6 pa\u00edses de Am\u00e9rica Latina: M\u00e9xico, Uruguay, Argentina, Rep\u00fablica Dominicana, Guatemala y Nicaragua.<\/p>\n","protected":false},"author":2,"featured_media":15989,"parent":0,"menu_order":0,"comment_status":"closed","ping_status":"closed","template":"","meta":{"_acf_changed":false,"_relevanssi_hide_post":"","_relevanssi_hide_content":"","_relevanssi_pin_for_all":"","_relevanssi_pin_keywords":"","_relevanssi_unpin_keywords":"","_relevanssi_related_keywords":"","_relevanssi_related_include_ids":"0","_relevanssi_related_exclude_ids":"","_relevanssi_related_no_append":"","_relevanssi_related_not_related":"","_relevanssi_related_posts":"47158,40375,40034,40042,39488,40160,53186,39750,45863,47133","_relevanssi_noindex_reason":"","footnotes":""},"class_list":["post-26277","page","type-page","status-publish","has-post-thumbnail","hentry","programmes-programa-derecho","programmes-programa-organizacion-representacion","economy-theme-empoderamiento-juridico","economy-theme-proteger-derechos-humanos-empleo-informal","occupational-group-recicladorxs"],"acf":[],"yoast_head":"<!-- This site is optimized with the Yoast SEO Premium plugin v23.8 (Yoast SEO v27.0) - https:\/\/yoast.com\/product\/yoast-seo-premium-wordpress\/ -->\n<title>Caja de herramientas sobre los derechos de los recicladores - WIEGO<\/title>\n<meta name=\"robots\" content=\"index, follow, max-snippet:-1, max-image-preview:large, max-video-preview:-1\" \/>\n<link rel=\"canonical\" href=\"https:\/\/www.wiego.org\/es\/recicladores-derechos-humanos\/\" \/>\n<meta property=\"og:locale\" content=\"es_ES\" \/>\n<meta property=\"og:type\" content=\"article\" \/>\n<meta property=\"og:title\" content=\"Caja de herramientas sobre los derechos de los recicladores\" \/>\n<meta property=\"og:description\" content=\"En 2017 WIEGO (Women in Informal Employment: Globalizing and Organizing) inici\u00f3 el \u201cProyecto de reconocimiento de la situaci\u00f3n de los derechos humanos de los recicladores en Am\u00e9rica Latina\u201d, a trav\u00e9s del cual se document\u00f3 la situaci\u00f3n y violaciones a los derechos humanos de los recicladores en 6 pa\u00edses de Am\u00e9rica Latina: M\u00e9xico, Uruguay, Argentina, Rep\u00fablica Dominicana, Guatemala y Nicaragua.\" \/>\n<meta property=\"og:url\" content=\"https:\/\/www.wiego.org\/es\/recicladores-derechos-humanos\/\" \/>\n<meta property=\"og:site_name\" content=\"WIEGO\" \/>\n<meta property=\"article:publisher\" content=\"https:\/\/www.facebook.com\/wiegoglobal\/\" \/>\n<meta property=\"article:modified_time\" content=\"2026-04-08T04:59:02+00:00\" \/>\n<meta property=\"og:image\" content=\"https:\/\/www.wiego.org\/wp-content\/uploads\/2020\/11\/Somos-Recicladores-Hero.png\" \/>\n\t<meta property=\"og:image:width\" content=\"1170\" \/>\n\t<meta property=\"og:image:height\" content=\"450\" \/>\n\t<meta property=\"og:image:type\" content=\"image\/png\" \/>\n<meta name=\"twitter:card\" content=\"summary_large_image\" \/>\n<meta name=\"twitter:site\" content=\"@wiegoglobal\" \/>\n<meta name=\"twitter:label1\" content=\"Est. reading time\" \/>\n\t<meta name=\"twitter:data1\" content=\"3 minutes\" \/>\n<script type=\"application\/ld+json\" class=\"yoast-schema-graph\">{\"@context\":\"https:\/\/schema.org\",\"@graph\":[{\"@type\":\"WebPage\",\"@id\":\"https:\/\/www.wiego.org\/es\/recicladores-derechos-humanos\/\",\"url\":\"https:\/\/www.wiego.org\/es\/recicladores-derechos-humanos\/\",\"name\":\"Caja de herramientas sobre los derechos de los recicladores - WIEGO\",\"isPartOf\":{\"@id\":\"https:\/\/www.wiego.org\/es\/#website\"},\"primaryImageOfPage\":{\"@id\":\"https:\/\/www.wiego.org\/es\/recicladores-derechos-humanos\/#primaryimage\"},\"image\":{\"@id\":\"https:\/\/www.wiego.org\/es\/recicladores-derechos-humanos\/#primaryimage\"},\"thumbnailUrl\":\"https:\/\/www.wiego.org\/wp-content\/uploads\/2020\/11\/Somos-Recicladores-Hero.png\",\"datePublished\":\"2020-10-31T00:37:59+00:00\",\"dateModified\":\"2026-04-08T04:59:02+00:00\",\"breadcrumb\":{\"@id\":\"https:\/\/www.wiego.org\/es\/recicladores-derechos-humanos\/#breadcrumb\"},\"inLanguage\":\"es-ES\",\"potentialAction\":[{\"@type\":\"ReadAction\",\"target\":[\"https:\/\/www.wiego.org\/es\/recicladores-derechos-humanos\/\"]}]},{\"@type\":\"ImageObject\",\"inLanguage\":\"es-ES\",\"@id\":\"https:\/\/www.wiego.org\/es\/recicladores-derechos-humanos\/#primaryimage\",\"url\":\"https:\/\/www.wiego.org\/wp-content\/uploads\/2020\/11\/Somos-Recicladores-Hero.png\",\"contentUrl\":\"https:\/\/www.wiego.org\/wp-content\/uploads\/2020\/11\/Somos-Recicladores-Hero.png\",\"width\":1170,\"height\":450,\"caption\":\"Somos Recicladores Im\u00e1gen H\u00e9roe\"},{\"@type\":\"WebSite\",\"@id\":\"https:\/\/www.wiego.org\/es\/#website\",\"url\":\"https:\/\/www.wiego.org\/es\/\",\"name\":\"WIEGO\",\"description\":\"\",\"publisher\":{\"@id\":\"https:\/\/www.wiego.org\/es\/#organization\"},\"potentialAction\":[{\"@type\":\"SearchAction\",\"target\":{\"@type\":\"EntryPoint\",\"urlTemplate\":\"https:\/\/www.wiego.org\/es\/?s={search_term_string}\"},\"query-input\":{\"@type\":\"PropertyValueSpecification\",\"valueRequired\":true,\"valueName\":\"search_term_string\"}}],\"inLanguage\":\"es-ES\"},{\"@type\":\"Organization\",\"@id\":\"https:\/\/www.wiego.org\/es\/#organization\",\"name\":\"WIEGO\",\"url\":\"https:\/\/www.wiego.org\/es\/\",\"logo\":{\"@type\":\"ImageObject\",\"inLanguage\":\"es-ES\",\"@id\":\"https:\/\/www.wiego.org\/es\/#\/schema\/logo\/image\/\",\"url\":\"https:\/\/www.wiego.org\/wp-content\/uploads\/2024\/12\/logo.svg\",\"contentUrl\":\"https:\/\/www.wiego.org\/wp-content\/uploads\/2024\/12\/logo.svg\",\"width\":142,\"height\":90,\"caption\":\"WIEGO\"},\"image\":{\"@id\":\"https:\/\/www.wiego.org\/es\/#\/schema\/logo\/image\/\"},\"sameAs\":[\"https:\/\/www.facebook.com\/wiegoglobal\/\",\"https:\/\/x.com\/wiegoglobal\",\"https:\/\/www.linkedin.com\/company\/wiego\/\",\"https:\/\/www.youtube.com\/user\/wiegoglobal\"],\"description\":\"WIEGO is a global network that supports the movement of workers in informal employment.\"},{\"@type\":\"BreadcrumbList\",\"itemListElement\":[{\"@type\":\"ListItem\",\"position\":1,\"item\":{\"@id\":\"https:\/\/www.wiego.org\/es\/\",\"name\":\"WIEGO\"}},{\"@type\":\"ListItem\",\"position\":2,\"item\":{\"@id\":\"https:\/\/www.wiego.org\/es\/blog\/\",\"name\":\"Blog WIEGO\"}}],\"@id\":\"\/#breadcrumb\"}]}<\/script>\n<!-- \/ Yoast SEO Premium plugin. -->","yoast_head_json":{"title":"Caja de herramientas sobre los derechos de los recicladores - WIEGO","robots":{"index":"index","follow":"follow","max-snippet":"max-snippet:-1","max-image-preview":"max-image-preview:large","max-video-preview":"max-video-preview:-1"},"canonical":"https:\/\/www.wiego.org\/es\/recicladores-derechos-humanos\/","og_locale":"es_ES","og_type":"article","og_title":"Caja de herramientas sobre los derechos de los recicladores","og_description":"En 2017 WIEGO (Women in Informal Employment: Globalizing and Organizing) inici\u00f3 el \u201cProyecto de reconocimiento de la situaci\u00f3n de los derechos humanos de los recicladores en Am\u00e9rica Latina\u201d, a trav\u00e9s del cual se document\u00f3 la situaci\u00f3n y violaciones a los derechos humanos de los recicladores en 6 pa\u00edses de Am\u00e9rica Latina: M\u00e9xico, Uruguay, Argentina, Rep\u00fablica Dominicana, Guatemala y Nicaragua.","og_url":"https:\/\/www.wiego.org\/es\/recicladores-derechos-humanos\/","og_site_name":"WIEGO","article_publisher":"https:\/\/www.facebook.com\/wiegoglobal\/","article_modified_time":"2026-04-08T04:59:02+00:00","og_image":[{"width":1170,"height":450,"url":"https:\/\/www.wiego.org\/wp-content\/uploads\/2020\/11\/Somos-Recicladores-Hero.png","type":"image\/png"}],"twitter_card":"summary_large_image","twitter_site":"@wiegoglobal","twitter_misc":{"Est. reading time":"3 minutes"},"schema":{"@context":"https:\/\/schema.org","@graph":[{"@type":"WebPage","@id":"https:\/\/www.wiego.org\/es\/recicladores-derechos-humanos\/","url":"https:\/\/www.wiego.org\/es\/recicladores-derechos-humanos\/","name":"Caja de herramientas sobre los derechos de los recicladores - WIEGO","isPartOf":{"@id":"https:\/\/www.wiego.org\/es\/#website"},"primaryImageOfPage":{"@id":"https:\/\/www.wiego.org\/es\/recicladores-derechos-humanos\/#primaryimage"},"image":{"@id":"https:\/\/www.wiego.org\/es\/recicladores-derechos-humanos\/#primaryimage"},"thumbnailUrl":"https:\/\/www.wiego.org\/wp-content\/uploads\/2020\/11\/Somos-Recicladores-Hero.png","datePublished":"2020-10-31T00:37:59+00:00","dateModified":"2026-04-08T04:59:02+00:00","breadcrumb":{"@id":"https:\/\/www.wiego.org\/es\/recicladores-derechos-humanos\/#breadcrumb"},"inLanguage":"es-ES","potentialAction":[{"@type":"ReadAction","target":["https:\/\/www.wiego.org\/es\/recicladores-derechos-humanos\/"]}]},{"@type":"ImageObject","inLanguage":"es-ES","@id":"https:\/\/www.wiego.org\/es\/recicladores-derechos-humanos\/#primaryimage","url":"https:\/\/www.wiego.org\/wp-content\/uploads\/2020\/11\/Somos-Recicladores-Hero.png","contentUrl":"https:\/\/www.wiego.org\/wp-content\/uploads\/2020\/11\/Somos-Recicladores-Hero.png","width":1170,"height":450,"caption":"Somos Recicladores Im\u00e1gen H\u00e9roe"},{"@type":"WebSite","@id":"https:\/\/www.wiego.org\/es\/#website","url":"https:\/\/www.wiego.org\/es\/","name":"WIEGO","description":"","publisher":{"@id":"https:\/\/www.wiego.org\/es\/#organization"},"potentialAction":[{"@type":"SearchAction","target":{"@type":"EntryPoint","urlTemplate":"https:\/\/www.wiego.org\/es\/?s={search_term_string}"},"query-input":{"@type":"PropertyValueSpecification","valueRequired":true,"valueName":"search_term_string"}}],"inLanguage":"es-ES"},{"@type":"Organization","@id":"https:\/\/www.wiego.org\/es\/#organization","name":"WIEGO","url":"https:\/\/www.wiego.org\/es\/","logo":{"@type":"ImageObject","inLanguage":"es-ES","@id":"https:\/\/www.wiego.org\/es\/#\/schema\/logo\/image\/","url":"https:\/\/www.wiego.org\/wp-content\/uploads\/2024\/12\/logo.svg","contentUrl":"https:\/\/www.wiego.org\/wp-content\/uploads\/2024\/12\/logo.svg","width":142,"height":90,"caption":"WIEGO"},"image":{"@id":"https:\/\/www.wiego.org\/es\/#\/schema\/logo\/image\/"},"sameAs":["https:\/\/www.facebook.com\/wiegoglobal\/","https:\/\/x.com\/wiegoglobal","https:\/\/www.linkedin.com\/company\/wiego\/","https:\/\/www.youtube.com\/user\/wiegoglobal"],"description":"WIEGO is a global network that supports the movement of workers in informal employment."},{"@type":"BreadcrumbList","itemListElement":[{"@type":"ListItem","position":1,"item":{"@id":"https:\/\/www.wiego.org\/es\/","name":"WIEGO"}},{"@type":"ListItem","position":2,"item":{"@id":"https:\/\/www.wiego.org\/es\/blog\/","name":"Blog WIEGO"}}],"@id":"\/#breadcrumb"}]}},"_links":{"self":[{"href":"https:\/\/www.wiego.org\/es\/wp-json\/wp\/v2\/pages\/26277","targetHints":{"allow":["GET"]}}],"collection":[{"href":"https:\/\/www.wiego.org\/es\/wp-json\/wp\/v2\/pages"}],"about":[{"href":"https:\/\/www.wiego.org\/es\/wp-json\/wp\/v2\/types\/page"}],"author":[{"embeddable":true,"href":"https:\/\/www.wiego.org\/es\/wp-json\/wp\/v2\/users\/2"}],"replies":[{"embeddable":true,"href":"https:\/\/www.wiego.org\/es\/wp-json\/wp\/v2\/comments?post=26277"}],"version-history":[{"count":17,"href":"https:\/\/www.wiego.org\/es\/wp-json\/wp\/v2\/pages\/26277\/revisions"}],"predecessor-version":[{"id":54031,"href":"https:\/\/www.wiego.org\/es\/wp-json\/wp\/v2\/pages\/26277\/revisions\/54031"}],"wp:featuredmedia":[{"embeddable":true,"href":"https:\/\/www.wiego.org\/es\/wp-json\/wp\/v2\/media\/15989"}],"wp:attachment":[{"href":"https:\/\/www.wiego.org\/es\/wp-json\/wp\/v2\/media?parent=26277"}],"curies":[{"name":"wp","href":"https:\/\/api.w.org\/{rel}","templated":true}]}}