{"id":26254,"date":"2019-08-08T14:11:27","date_gmt":"2019-08-08T18:11:27","guid":{"rendered":"https:\/\/wiego.local\/politicas-urbanas-actividades-pasadas\/"},"modified":"2019-08-08T14:11:27","modified_gmt":"2019-08-08T18:11:27","slug":"politicas-urbanas-actividades-pasadas","status":"publish","type":"page","link":"https:\/\/www.wiego.org\/es\/politicas-urbanas-actividades-pasadas\/","title":{"rendered":"Pol\u00edticas Urbanas: Actividades pasadas"},"content":{"rendered":"<p><img decoding=\"async\" alt=\"head porter\" data-entity-type=\"file\" data-entity-uuid=\"6b3931e7-cc65-432c-bc9c-da9f60a497d3\" height=\"319\" src=\"\/sites\/default\/files\/inline-images\/UrbanPolicies_ActivitiesAccomplishments.jpg\" width=\"303\" class=\"align-left\" loading=\"lazy\" \/><\/p>\n<p>\u00a0<\/p>\n<p><a data-entity-substitution=\"canonical\" data-entity-type=\"node\" data-entity-uuid=\"43748836-fcbb-45fe-9640-702304046999\" href=\"\/inclusive-cities-project\">El Proyecto ciudades inclusivas<\/a>: El PPU fue clave para implementar un proyecto multinacional que se ejecut\u00f3 desde 2008-14 con socios de Asia, \u00c1frica y Am\u00e9rica Latina. <a data-entity-substitution=\"canonical\" data-entity-type=\"node\" data-entity-uuid=\"43748836-fcbb-45fe-9640-702304046999\" href=\"\/inclusive-cities-project\">Conoc\u00e9 m\u00e1s<\/a>. <a data-entity-substitution=\"canonical\" data-entity-type=\"node\" data-entity-uuid=\"f6cb5f84-727d-49b6-9672-14845557e1b8\" href=\"\/es\/publications\/building-inclusive-cities-highlights-inclusive-cities-project\">Construyendo Ciudades Inclusivas: Lo m\u00e1s destacado del Proyecto de Ciudades Inclusivas<\/a>, refleja los impactos del proyecto.<\/p>\n<p><a data-entity-substitution=\"canonical\" data-entity-type=\"node\" data-entity-uuid=\"2b9a2ef3-e7ef-4c78-9690-df632c0b5ac2\" href=\"\/informal-economy-monitoring-study-iems\">Estudio de monitoreo de la econom\u00eda informal<\/a>: Este estudio de diez ciudades evalu\u00f3 las realidades que enfrentan las personas trabajadoras en empleo informal. La investigaci\u00f3n cualitativa y cuantitativa realizada en 2012 se combin\u00f3 para ofrecer una comprensi\u00f3n profunda de c\u00f3mo las personas trabajadoras en domicilio, las personas vendedoras ambulantes y recicladoras se ven afectadas por las tendencias econ\u00f3micas, las pol\u00edticas y pr\u00e1cticas urbanas, la din\u00e1mica de la cadena de valor y otras fuerzas econ\u00f3micas y sociales. Hasta la fecha, ning\u00fan otro estudio ha hecho que estos impulsores sean visibles tanto para las personas trabajadoras en empleo informal como para las personas formuladoras de pol\u00edticas p\u00fablicas a trav\u00e9s de investigaciones comparativas sistem\u00e1ticas que combinen m\u00e9todos cualitativos (participativos) y cuantitativos. El IEMS (Estudio de monitoreo de la econom\u00eda informal) tambi\u00e9n es \u00fanico en el hecho de que pone los resultados de la investigaci\u00f3n en manos de las personas trabajadoras en empleo informal y sus organizaciones.<\/p>\n<p><a data-entity-substitution=\"canonical\" data-entity-type=\"node\" data-entity-uuid=\"1a7fd899-b15c-4908-a49a-a60baaea1c27\" href=\"\/informal-economy-budget-analysis\">An\u00e1lisis presupuestario de la econom\u00eda informal<\/a>: Iniciado por el movimiento de mujeres, el cuestionamiento de la asignaci\u00f3n de recursos dentro de los presupuestos gubernamentales ha demostrado ser una poderosa herramienta de an\u00e1lisis y promoci\u00f3n de pol\u00edticas. WIEGO ha trabajado para adaptar estas t\u00e9cnicas para la econom\u00eda informal. El an\u00e1lisis de las asignaciones presupuestarias para las personas trabajadoras de la econom\u00eda informal se ha llevado a cabo en Brasil, Pakist\u00e1n, Per\u00fa y Filipinas y m\u00e1s recientemente en Accra, Ghana y Durban, Sud\u00e1frica.<\/p>\n<p><a data-entity-substitution=\"canonical\" data-entity-type=\"node\" data-entity-uuid=\"e6f8fba5-68a4-4a56-8dca-ce7edb39039f\" href=\"https:\/\/www.wiego.org\/es\/politicas-urbanas-actividades-pasadas\/\">Primeros trabajos de WIEGO sobre la venta ambulante<\/a>: El PPU complet\u00f3 un conjunto de proyectos de investigaci\u00f3n comparativa sobre el estado de las personas vendedoras ambulantes y sus asociaciones en el contexto del entorno regulatorio urbano. Esto fue seguido por un conjunto de di\u00e1logos de pol\u00edticas locales, nacionales e internacionales para difundir los hallazgos y las lecciones de estos estudios.<\/p>\n","protected":false},"excerpt":{"rendered":"<p>\u00a0<\/p>\n","protected":false},"author":2,"featured_media":0,"parent":0,"menu_order":0,"comment_status":"closed","ping_status":"closed","template":"","meta":{"_acf_changed":false,"_relevanssi_hide_post":"","_relevanssi_hide_content":"","_relevanssi_pin_for_all":"","_relevanssi_pin_keywords":"","_relevanssi_unpin_keywords":"","_relevanssi_related_keywords":"","_relevanssi_related_include_ids":"","_relevanssi_related_exclude_ids":"","_relevanssi_related_no_append":"","_relevanssi_related_not_related":"","_relevanssi_related_posts":"","_relevanssi_noindex_reason":"","footnotes":""},"class_list":["post-26254","page","type-page","status-publish","hentry","economy-theme-diseno-planificacion-urbana"],"acf":[],"yoast_head":"<!-- This site is optimized with the Yoast SEO Premium plugin v23.8 (Yoast SEO v27.0) - https:\/\/yoast.com\/product\/yoast-seo-premium-wordpress\/ -->\n<title>Pol\u00edticas Urbanas: Actividades pasadas - WIEGO<\/title>\n<meta name=\"robots\" content=\"index, follow, max-snippet:-1, max-image-preview:large, max-video-preview:-1\" \/>\n<link rel=\"canonical\" href=\"https:\/\/www.wiego.org\/es\/politicas-urbanas-actividades-pasadas\/\" \/>\n<meta property=\"og:locale\" content=\"es_ES\" \/>\n<meta property=\"og:type\" content=\"article\" \/>\n<meta property=\"og:title\" content=\"Pol\u00edticas Urbanas: Actividades pasadas\" \/>\n<meta property=\"og:description\" content=\"\u00a0\" \/>\n<meta property=\"og:url\" content=\"https:\/\/www.wiego.org\/es\/politicas-urbanas-actividades-pasadas\/\" \/>\n<meta property=\"og:site_name\" content=\"WIEGO\" \/>\n<meta property=\"article:publisher\" content=\"https:\/\/www.facebook.com\/wiegoglobal\/\" \/>\n<meta property=\"og:image\" content=\"https:\/\/www.wiego.org\/wp-content\/uploads\/2024\/12\/WIEGO_Open-Graph_option-1-1024x538.png\" \/>\n\t<meta property=\"og:image:width\" content=\"1024\" \/>\n\t<meta property=\"og:image:height\" content=\"538\" \/>\n\t<meta property=\"og:image:type\" content=\"image\/png\" \/>\n<meta name=\"twitter:card\" content=\"summary_large_image\" \/>\n<meta name=\"twitter:site\" content=\"@wiegoglobal\" \/>\n<meta name=\"twitter:label1\" content=\"Est. reading time\" \/>\n\t<meta name=\"twitter:data1\" content=\"2 minutes\" \/>\n<script type=\"application\/ld+json\" class=\"yoast-schema-graph\">{\"@context\":\"https:\/\/schema.org\",\"@graph\":[{\"@type\":\"WebPage\",\"@id\":\"https:\/\/www.wiego.org\/es\/politicas-urbanas-actividades-pasadas\/\",\"url\":\"https:\/\/www.wiego.org\/es\/politicas-urbanas-actividades-pasadas\/\",\"name\":\"Pol\u00edticas Urbanas: Actividades pasadas - WIEGO\",\"isPartOf\":{\"@id\":\"https:\/\/www.wiego.org\/es\/#website\"},\"datePublished\":\"2019-08-08T18:11:27+00:00\",\"breadcrumb\":{\"@id\":\"https:\/\/www.wiego.org\/es\/politicas-urbanas-actividades-pasadas\/#breadcrumb\"},\"inLanguage\":\"es-ES\",\"potentialAction\":[{\"@type\":\"ReadAction\",\"target\":[\"https:\/\/www.wiego.org\/es\/politicas-urbanas-actividades-pasadas\/\"]}]},{\"@type\":\"WebSite\",\"@id\":\"https:\/\/www.wiego.org\/es\/#website\",\"url\":\"https:\/\/www.wiego.org\/es\/\",\"name\":\"WIEGO\",\"description\":\"\",\"publisher\":{\"@id\":\"https:\/\/www.wiego.org\/es\/#organization\"},\"potentialAction\":[{\"@type\":\"SearchAction\",\"target\":{\"@type\":\"EntryPoint\",\"urlTemplate\":\"https:\/\/www.wiego.org\/es\/?s={search_term_string}\"},\"query-input\":{\"@type\":\"PropertyValueSpecification\",\"valueRequired\":true,\"valueName\":\"search_term_string\"}}],\"inLanguage\":\"es-ES\"},{\"@type\":\"Organization\",\"@id\":\"https:\/\/www.wiego.org\/es\/#organization\",\"name\":\"WIEGO\",\"url\":\"https:\/\/www.wiego.org\/es\/\",\"logo\":{\"@type\":\"ImageObject\",\"inLanguage\":\"es-ES\",\"@id\":\"https:\/\/www.wiego.org\/es\/#\/schema\/logo\/image\/\",\"url\":\"https:\/\/www.wiego.org\/wp-content\/uploads\/2024\/12\/logo.svg\",\"contentUrl\":\"https:\/\/www.wiego.org\/wp-content\/uploads\/2024\/12\/logo.svg\",\"width\":142,\"height\":90,\"caption\":\"WIEGO\"},\"image\":{\"@id\":\"https:\/\/www.wiego.org\/es\/#\/schema\/logo\/image\/\"},\"sameAs\":[\"https:\/\/www.facebook.com\/wiegoglobal\/\",\"https:\/\/x.com\/wiegoglobal\",\"https:\/\/www.linkedin.com\/company\/wiego\/\",\"https:\/\/www.youtube.com\/user\/wiegoglobal\"],\"description\":\"WIEGO is a global network that supports the movement of workers in informal employment.\"},{\"@type\":\"BreadcrumbList\",\"itemListElement\":[{\"@type\":\"ListItem\",\"position\":1,\"item\":{\"@id\":\"https:\/\/www.wiego.org\/es\/\",\"name\":\"WIEGO\"}},{\"@type\":\"ListItem\",\"position\":2,\"item\":{\"@id\":\"https:\/\/www.wiego.org\/es\/blog\/\",\"name\":\"Blog WIEGO\"}}],\"@id\":\"\/#breadcrumb\"}]}<\/script>\n<!-- \/ Yoast SEO Premium plugin. -->","yoast_head_json":{"title":"Pol\u00edticas Urbanas: Actividades pasadas - WIEGO","robots":{"index":"index","follow":"follow","max-snippet":"max-snippet:-1","max-image-preview":"max-image-preview:large","max-video-preview":"max-video-preview:-1"},"canonical":"https:\/\/www.wiego.org\/es\/politicas-urbanas-actividades-pasadas\/","og_locale":"es_ES","og_type":"article","og_title":"Pol\u00edticas Urbanas: Actividades pasadas","og_description":"\u00a0","og_url":"https:\/\/www.wiego.org\/es\/politicas-urbanas-actividades-pasadas\/","og_site_name":"WIEGO","article_publisher":"https:\/\/www.facebook.com\/wiegoglobal\/","og_image":[{"width":1024,"height":538,"url":"https:\/\/www.wiego.org\/wp-content\/uploads\/2024\/12\/WIEGO_Open-Graph_option-1-1024x538.png","type":"image\/png"}],"twitter_card":"summary_large_image","twitter_site":"@wiegoglobal","twitter_misc":{"Est. reading time":"2 minutes"},"schema":{"@context":"https:\/\/schema.org","@graph":[{"@type":"WebPage","@id":"https:\/\/www.wiego.org\/es\/politicas-urbanas-actividades-pasadas\/","url":"https:\/\/www.wiego.org\/es\/politicas-urbanas-actividades-pasadas\/","name":"Pol\u00edticas Urbanas: Actividades pasadas - WIEGO","isPartOf":{"@id":"https:\/\/www.wiego.org\/es\/#website"},"datePublished":"2019-08-08T18:11:27+00:00","breadcrumb":{"@id":"https:\/\/www.wiego.org\/es\/politicas-urbanas-actividades-pasadas\/#breadcrumb"},"inLanguage":"es-ES","potentialAction":[{"@type":"ReadAction","target":["https:\/\/www.wiego.org\/es\/politicas-urbanas-actividades-pasadas\/"]}]},{"@type":"WebSite","@id":"https:\/\/www.wiego.org\/es\/#website","url":"https:\/\/www.wiego.org\/es\/","name":"WIEGO","description":"","publisher":{"@id":"https:\/\/www.wiego.org\/es\/#organization"},"potentialAction":[{"@type":"SearchAction","target":{"@type":"EntryPoint","urlTemplate":"https:\/\/www.wiego.org\/es\/?s={search_term_string}"},"query-input":{"@type":"PropertyValueSpecification","valueRequired":true,"valueName":"search_term_string"}}],"inLanguage":"es-ES"},{"@type":"Organization","@id":"https:\/\/www.wiego.org\/es\/#organization","name":"WIEGO","url":"https:\/\/www.wiego.org\/es\/","logo":{"@type":"ImageObject","inLanguage":"es-ES","@id":"https:\/\/www.wiego.org\/es\/#\/schema\/logo\/image\/","url":"https:\/\/www.wiego.org\/wp-content\/uploads\/2024\/12\/logo.svg","contentUrl":"https:\/\/www.wiego.org\/wp-content\/uploads\/2024\/12\/logo.svg","width":142,"height":90,"caption":"WIEGO"},"image":{"@id":"https:\/\/www.wiego.org\/es\/#\/schema\/logo\/image\/"},"sameAs":["https:\/\/www.facebook.com\/wiegoglobal\/","https:\/\/x.com\/wiegoglobal","https:\/\/www.linkedin.com\/company\/wiego\/","https:\/\/www.youtube.com\/user\/wiegoglobal"],"description":"WIEGO is a global network that supports the movement of workers in informal employment."},{"@type":"BreadcrumbList","itemListElement":[{"@type":"ListItem","position":1,"item":{"@id":"https:\/\/www.wiego.org\/es\/","name":"WIEGO"}},{"@type":"ListItem","position":2,"item":{"@id":"https:\/\/www.wiego.org\/es\/blog\/","name":"Blog WIEGO"}}],"@id":"\/#breadcrumb"}]}},"_links":{"self":[{"href":"https:\/\/www.wiego.org\/es\/wp-json\/wp\/v2\/pages\/26254","targetHints":{"allow":["GET"]}}],"collection":[{"href":"https:\/\/www.wiego.org\/es\/wp-json\/wp\/v2\/pages"}],"about":[{"href":"https:\/\/www.wiego.org\/es\/wp-json\/wp\/v2\/types\/page"}],"author":[{"embeddable":true,"href":"https:\/\/www.wiego.org\/es\/wp-json\/wp\/v2\/users\/2"}],"replies":[{"embeddable":true,"href":"https:\/\/www.wiego.org\/es\/wp-json\/wp\/v2\/comments?post=26254"}],"version-history":[{"count":0,"href":"https:\/\/www.wiego.org\/es\/wp-json\/wp\/v2\/pages\/26254\/revisions"}],"wp:attachment":[{"href":"https:\/\/www.wiego.org\/es\/wp-json\/wp\/v2\/media?parent=26254"}],"curies":[{"name":"wp","href":"https:\/\/api.w.org\/{rel}","templated":true}]}}