{"id":26252,"date":"2019-08-08T13:32:17","date_gmt":"2019-08-08T17:32:17","guid":{"rendered":"https:\/\/wiego.local\/our-work-impact-core-programmes-social-protection\/"},"modified":"2019-08-08T13:32:17","modified_gmt":"2019-08-08T17:32:17","slug":"our-work-impact-core-programmes-social-protection","status":"publish","type":"page","link":"https:\/\/www.wiego.org\/es\/our-work-impact-core-programmes-social-protection\/","title":{"rendered":"Protecci\u00f3n social"},"content":{"rendered":"<p class=\"emphasized-intro-text\"><em><strong>Las personas trabajadoras en empleo informal necesitan contar con acceso a una seguridad social que las proteja y mitigue los riesgos que puedan sufrir sus ingresos, as\u00ed como tambi\u00e9n que las ayude a sobrellevar los momentos posteriores a diferentes hechos o conmociones. El programa de protecci\u00f3n social de WIEGO asume el compromiso de ayudar a las personas trabajadoras para que puedan tener acceso a dichos derechos.<\/strong><\/em><\/p>\n<ul>\n<li><a href=\"\/es\/our-work-impact\/core-programmes\/social-protection#objetivos\"><strong>Objetivos<\/strong><\/a><\/li>\n<li><a href=\"\/es\/our-work-impact\/core-programmes\/social-protection#actividades\"><b>Actividades<\/b><\/a><\/li>\n<li><a href=\"\/es\/our-work-impact\/core-programmes\/social-protection#impacto\"><strong>Avances notables<\/strong><\/a><\/li>\n<li><a href=\"\/es\/our-work-impact\/core-programmes\/social-protection#actividades-realizadas\"><b>Actividades realizadas<\/b><\/a><\/li>\n<li><a href=\"\/es\/our-work-impact\/core-programmes\/social-protection#equipo\"><b>Equipo<\/b><\/a><\/li>\n<\/ul>\n<hr \/>\n<h2>Enfoque integral del sistema<\/h2>\n<p>La falta de acceso a la protecci\u00f3n social constituye un problema estructural a largo t\u00e9rmino con consecuencias terribles para las personas trabajadoras en situaci\u00f3n de pobreza, especialmente las mujeres, de la econom\u00eda informal. La protecci\u00f3n social comprende un conjunto de beneficios que ofrece seguridad frente a vulnerabilidades y conmociones \u2014tales como crisis econ\u00f3micas, el colapso de industrias espec\u00edficas, cambios del clima y desastres naturales\u2014 que suele ser provisto por el estado. Estos beneficios incluyen el acceso al cuidado de la salud, un entorno laboral seguro y cuidado para las infancias y las personas mayores.<\/p>\n<p>El trabajo de las mujeres en la econom\u00eda informal se caracteriza por tener ingresos bajos, largas jornadas laborales y condiciones laborales precarias. Sus responsabilidades relacionadas con el trabajo de cuidado no remunerado reducen sus ingresos al mismo tiempo que extienden sus jornadas laborales, tanto remuneradas como no remuneradas. Estos factores hacen que las mujeres tengan dificultad para ahorrar dinero para cuando sean mayores y para cubrir los costos de salud y de los servicios de cuidado infantil mientras trabajan. <strong>Se necesita un enfoque integral del sistema de protecci\u00f3n social que incluya todas las clases sociales de la poblaci\u00f3n y la poblaci\u00f3n ocupada.\u00a0<\/strong><\/p>\n<figure role=\"group\" class=\"align-center\"><img decoding=\"async\" alt=\"Market porters in Accra, Ghana often complain of pain and other medical issues caused by their work. Credit: Jonathan Torgovnik\/Getty Images Reportage\" data-entity-type=\"file\" data-entity-uuid=\"24d51929-679b-4e99-b39a-71105828d0a6\" src=\"\/sites\/default\/files\/inline-images\/Picture1_SocialProtection_Small.jpg\" width=\"1280\" height=\"650\" loading=\"lazy\" \/><figcaption><em>Las personas estibadoras en Accra, Ghana, suelen quejarse de dolor y de otras cuestiones m\u00e9dicas causadas por su trabajo. Foto de Jonathan Torgovnik\/Getty Images Reportage<\/em><\/figcaption><\/figure>\n<hr \/>\n<h2><a id=\"objetivos\" name=\"objetivos\"><\/a>Objetivos<\/h2>\n<p>A trav\u00e9s de la investigaci\u00f3n buscamos:<\/p>\n<ul>\n<li>desafiar a la ortodoxia pol\u00edtica que socava la provisi\u00f3n de protecci\u00f3n social universal ,de servicios en el lugar de trabajo y de cuidados p\u00fablicos que las personas trabajadoras en empleo informal necesitan para asegurar sus medios de subsistencia;<\/li>\n<li>remarcar los obst\u00e1culos que enfrentan las personas trabajadoras en empleo informal al intentar acceder a esquemas existentes de protecci\u00f3n social, incluidos los riesgos y costos en los que incurren cuando los esquemas no se adaptan a sus realidades;<\/li>\n<li>documentar ejemplos de buenas pr\u00e1cticas de ampliaci\u00f3n de la protecci\u00f3n social , de los servicios en el lugar de trabajo y de cuidados p\u00fablicos para las personas trabajadoras en empleo informal , centr\u00e1ndonos en las voces y experiencias de las personas trabajadoras.<\/li>\n<\/ul>\n<p>A trav\u00e9s de la abogac\u00eda, la creaci\u00f3n de redes y el apoyo a organizaciones territoriales de base de miembros de personas trabajadoras en empleo informal buscamos:<\/p>\n<ul>\n<li>desarrollar la capacidad de las personas trabajadoras para que aboguen por una protecci\u00f3n social , por servicios en el lugar de trabajo y de cuidados p\u00fablicos que sean mejores para ellas y sus familias.<\/li>\n<li>desarrollar espacios de di\u00e1logo y v\u00ednculos entre las personas responsables de la formulaci\u00f3n de pol\u00edticas p\u00fablicas, las personas expertas en protecci\u00f3n social y las personas trabajadoras.<\/li>\n<\/ul>\n<p><a data-entity-substitution=\"\" data-entity-type=\"\" data-entity-uuid=\"\" href=\"https:\/\/www.wiego.org\/informal-economy-podcast\"><img decoding=\"async\" alt=\"Photo: Podcast host Cyrus Afshar (photo by R. Hernandez)\" data-entity-type=\"file\" data-entity-uuid=\"b2275fc7-28b8-4497-8ce7-f9ad00e33031\" height=\"226\" src=\"\/sites\/default\/files\/inline-images\/WIEGO_Podcast_SocialProtection_November19_0.png\" width=\"348\" class=\"align-center\" loading=\"lazy\" \/><\/a><\/p>\n<hr \/>\n<h2 style=\"line-height:1.32; margin-right:15px; margin-top:23px; margin-bottom:11px; padding:7.5pt 0pt 0pt\"><a id=\"actividades\" name=\"actividades\"><\/a>Actividades<\/h2>\n<h3 style=\"line-height:1.32; margin-right:15px; margin-top:23px; margin-bottom:11px; padding:7.5pt 0pt 0pt\">Extensi\u00f3n de la protecci\u00f3n social para las personas trabajadoras en empleo informal<\/h3>\n<p>La extensi\u00f3n de la protecci\u00f3n social para las personas trabajadoras en empleo informal ha sido una de las cuestiones de pol\u00edtica global m\u00e1s importantes que la pandemia del COVID-19 ha sacado a la luz. Nuestro trabajo se centra en apoyar a las organizaciones de personas trabajadoras para que puedan participar m\u00e1s eficazmente en espacios de pol\u00edticas a nivel regional, nacional y global, a trav\u00e9s de la investigaci\u00f3n, la abogac\u00eda y la educaci\u00f3n de las personas trabajadoras. Consulte nuestros\u00a0<a data-entity-substitution=\"canonical\" data-entity-type=\"node\" data-entity-uuid=\"6a5ac41c-4f83-4fce-83f0-2b97223bab3e\" href=\"\/social-protection-responses-covid-19\">informes sobre las <\/a><sdt id=\"429868894\" sdttag=\"goog_rdk_1\"><\/sdt><a data-entity-substitution=\"canonical\" data-entity-type=\"node\" data-entity-uuid=\"6a5ac41c-4f83-4fce-83f0-2b97223bab3e\" href=\"\/social-protection-responses-covid-19\">Respuestas de protecci\u00f3n social para la COVID-19<\/a>. Consulte, tambi\u00e9n, este informe sobre la Informalidad y\u00a0<a href=\"https:\/\/www.africa.undp.org\/content\/rba\/en\/home\/library\/reports\/informality-and-social-protection-in-african-countries--a-forwar.html\">Protecci\u00f3n social en pa\u00edses africanos: una evaluaci\u00f3n de cara al futuro<\/a>.<\/p>\n<h3>La salud de las personas trabajadoras<\/h3>\n<p>A trav\u00e9s de nuestro trabajo en la salud de las personas trabajadoras, ofrecemos un punto central de informaci\u00f3n, investigaci\u00f3n, actividades y creaci\u00f3n de redes relacionado con el fomento de una mejor salud y de un mejor acceso a los servicios de salud para las personas trabajadoras en empleo informal. <a data-entity-substitution=\"canonical\" data-entity-type=\"node\" data-entity-uuid=\"61e786a7-798e-4b42-a6fc-33a65fc00d18\" href=\"\/workers-health\">Lea m\u00e1s<\/a>.<\/p>\n<h3>Cuidado infantil<\/h3>\n<p>Un elemento esencial de la Iniciativa sobre cuidado infantil de WIEGO es la forma en la que la calidad y la provisi\u00f3n del cuidado infantil apoyado por el estado pueden mejorar los resultados econ\u00f3micos para las trabajadoras en empleo informal . Lea m\u00e1s sobre la <a data-entity-substitution=\"canonical\" data-entity-type=\"node\" data-entity-uuid=\"92989d5f-95ff-4288-bd84-d658c35a6139\" href=\"\/child-care-and-informal-workers\">Iniciativa sobre cuidado infantil aqu\u00ed<\/a>.<\/p>\n<h3>Seguridad de los ingresos para las personas trabajadoras mayores<\/h3>\n<p>Nuestro trabajo en la <a data-entity-substitution=\"canonical\" data-entity-type=\"node\" data-entity-uuid=\"a16f73d7-3eda-4900-b776-a44d8517093d\" href=\"\/income-security-older-workers\">Seguridad de los ingresos de las personas trabajadores mayores<\/a> busca entender m\u00e1s acerca de los desaf\u00edos que enfrentan las personas trabajadoras mayores en empleo informal al intentar acceder a los servicios de protecci\u00f3n social y de cuidados p\u00fablicos, as\u00ed como tambi\u00e9n cu\u00e1les son sus necesidades actuales.<\/p>\n<hr \/>\n<h2><a id=\"impacto\" name=\"impacto\"><\/a>Avances notables<\/h2>\n<p>Conozca m\u00e1s sobre los Avances notables del Programa de protecci\u00f3n social <a data-entity-substitution=\"canonical\" data-entity-type=\"node\" data-entity-uuid=\"c98e96e1-a776-4afb-85d6-32568b43d4e3\" href=\"\/es\/proteccion-social-avances-notables\">aqu\u00ed<\/a>.<\/p>\n<hr \/>\n<h2><a id=\"actividades-realizadas\" name=\"actividades-realizadas\"><\/a>Actividades realizadas<\/h2>\n<p>Conozca m\u00e1s sobre las Actividades realizadas en relaci\u00f3n con el Programa de protecci\u00f3n social <a data-entity-substitution=\"canonical\" data-entity-type=\"node\" data-entity-uuid=\"e719bce4-4f73-4dcd-bc08-d7d622ceccca\" href=\"\/social-protection-programme-past-activities\">aqu\u00ed<\/a>.<\/p>\n<hr \/>\n<h2><a id=\"equipo\" name=\"equipo\"><\/a>Equipo del programa<\/h2>\n<p><a href=\"https:\/\/www.wiego.org\/specialist\/laura-alfers\"><strong>Laura Alfers<\/strong><\/a><br \/>\nDirectora, Programa de Protecci\u00f3n Social<\/p>\n<p><a href=\"https:\/\/www.wiego.org\/specialists\/rachel-moussie-0\"><strong>Rachel Moussi\u00e9\u00a0<\/strong><\/a><br \/>\nDirectora Adjunta, Programa de Protecci\u00f3n Social<\/p>\n<p><a href=\"https:\/\/www.wiego.org\/wiego-team-bios#lund\"><strong>Francie Lund\u00a0<\/strong><\/a><br \/>\nConsejera S\u00e9nior, Miembro em\u00e9rito del equipo, Programa de Protecci\u00f3n Social<\/p>\n<p><strong>Cyrus Afshar<\/strong><br \/>\nMiembro del Programa de Protecci\u00f3n Social<\/p>\n<p><strong>Christy Braham<\/strong><br \/>\nCoordinadora de Salud de las Personas Trabajadoras<\/p>\n<p><strong>Aura Sevilla<\/strong><br \/>\nPunto Focal para el Sureste de Asia y las personas trabajadoras mayores<\/p>\n<hr \/>\n<h5><em>Foto superior: las mujeres trabajadoras en empleo informal de India se re\u00fanen para recibir una capacitaci\u00f3n. Foto de Paula Bronstein\/Getty Images Reportage<\/em><\/h5>\n","protected":false},"excerpt":{"rendered":"<p>Las personas trabajadoras en empleo informal necesitan contar con acceso a una seguridad social que las proteja y mitigue los riesgos que puedan sufrir sus ingresos, as\u00ed como tambi\u00e9n que las ayude a sobrellevar los momentos posteriores a diferentes hechos o conmociones. El programa de protecci\u00f3n social de WIEGO asume el compromiso de ayudar a las personas trabajadoras para que puedan tener acceso a dichos derechos.<\/p>\n","protected":false},"author":2,"featured_media":18389,"parent":0,"menu_order":0,"comment_status":"closed","ping_status":"closed","template":"","meta":{"_acf_changed":false,"_relevanssi_hide_post":"","_relevanssi_hide_content":"","_relevanssi_pin_for_all":"","_relevanssi_pin_keywords":"","_relevanssi_unpin_keywords":"","_relevanssi_related_keywords":"","_relevanssi_related_include_ids":"","_relevanssi_related_exclude_ids":"","_relevanssi_related_no_append":"","_relevanssi_related_not_related":"","_relevanssi_related_posts":"","_relevanssi_noindex_reason":"","footnotes":""},"class_list":["post-26252","page","type-page","status-publish","has-post-thumbnail","hentry"],"acf":[],"yoast_head":"<!-- This site is optimized with the Yoast SEO Premium plugin v23.8 (Yoast SEO v27.0) - https:\/\/yoast.com\/product\/yoast-seo-premium-wordpress\/ -->\n<title>Protecci\u00f3n social - WIEGO<\/title>\n<meta name=\"robots\" content=\"index, follow, max-snippet:-1, max-image-preview:large, max-video-preview:-1\" \/>\n<link rel=\"canonical\" href=\"https:\/\/www.wiego.org\/es\/our-work-impact-core-programmes-social-protection\/\" \/>\n<meta property=\"og:locale\" content=\"es_ES\" \/>\n<meta property=\"og:type\" content=\"article\" \/>\n<meta property=\"og:title\" content=\"Protecci\u00f3n social\" \/>\n<meta property=\"og:description\" content=\"Las personas trabajadoras en empleo informal necesitan contar con acceso a una seguridad social que las proteja y mitigue los riesgos que puedan sufrir sus ingresos, as\u00ed como tambi\u00e9n que las ayude a sobrellevar los momentos posteriores a diferentes hechos o conmociones. El programa de protecci\u00f3n social de WIEGO asume el compromiso de ayudar a las personas trabajadoras para que puedan tener acceso a dichos derechos.\" \/>\n<meta property=\"og:url\" content=\"https:\/\/www.wiego.org\/es\/our-work-impact-core-programmes-social-protection\/\" \/>\n<meta property=\"og:site_name\" content=\"WIEGO\" \/>\n<meta property=\"article:publisher\" content=\"https:\/\/www.facebook.com\/wiegoglobal\/\" \/>\n<meta property=\"og:image\" content=\"https:\/\/www.wiego.org\/wp-content\/uploads\/2021\/10\/HeroImage_SocialProtection.jpg\" \/>\n\t<meta property=\"og:image:width\" content=\"1140\" \/>\n\t<meta property=\"og:image:height\" content=\"430\" \/>\n\t<meta property=\"og:image:type\" content=\"image\/jpeg\" \/>\n<meta name=\"twitter:card\" content=\"summary_large_image\" \/>\n<meta name=\"twitter:site\" content=\"@wiegoglobal\" \/>\n<meta name=\"twitter:label1\" content=\"Est. reading time\" \/>\n\t<meta name=\"twitter:data1\" content=\"5 minutes\" \/>\n<script type=\"application\/ld+json\" class=\"yoast-schema-graph\">{\"@context\":\"https:\/\/schema.org\",\"@graph\":[{\"@type\":\"WebPage\",\"@id\":\"https:\/\/www.wiego.org\/es\/our-work-impact-core-programmes-social-protection\/\",\"url\":\"https:\/\/www.wiego.org\/es\/our-work-impact-core-programmes-social-protection\/\",\"name\":\"Protecci\u00f3n social - WIEGO\",\"isPartOf\":{\"@id\":\"https:\/\/www.wiego.org\/es\/#website\"},\"primaryImageOfPage\":{\"@id\":\"https:\/\/www.wiego.org\/es\/our-work-impact-core-programmes-social-protection\/#primaryimage\"},\"image\":{\"@id\":\"https:\/\/www.wiego.org\/es\/our-work-impact-core-programmes-social-protection\/#primaryimage\"},\"thumbnailUrl\":\"https:\/\/www.wiego.org\/wp-content\/uploads\/2021\/10\/HeroImage_SocialProtection.jpg\",\"datePublished\":\"2019-08-08T17:32:17+00:00\",\"breadcrumb\":{\"@id\":\"https:\/\/www.wiego.org\/es\/our-work-impact-core-programmes-social-protection\/#breadcrumb\"},\"inLanguage\":\"es-ES\",\"potentialAction\":[{\"@type\":\"ReadAction\",\"target\":[\"https:\/\/www.wiego.org\/es\/our-work-impact-core-programmes-social-protection\/\"]}]},{\"@type\":\"ImageObject\",\"inLanguage\":\"es-ES\",\"@id\":\"https:\/\/www.wiego.org\/es\/our-work-impact-core-programmes-social-protection\/#primaryimage\",\"url\":\"https:\/\/www.wiego.org\/wp-content\/uploads\/2021\/10\/HeroImage_SocialProtection.jpg\",\"contentUrl\":\"https:\/\/www.wiego.org\/wp-content\/uploads\/2021\/10\/HeroImage_SocialProtection.jpg\",\"width\":1140,\"height\":430,\"caption\":\"Informal women workers in India gather for training. Credit: Paula Bronstein\/Getty Images Reportage\"},{\"@type\":\"WebSite\",\"@id\":\"https:\/\/www.wiego.org\/es\/#website\",\"url\":\"https:\/\/www.wiego.org\/es\/\",\"name\":\"WIEGO\",\"description\":\"\",\"publisher\":{\"@id\":\"https:\/\/www.wiego.org\/es\/#organization\"},\"potentialAction\":[{\"@type\":\"SearchAction\",\"target\":{\"@type\":\"EntryPoint\",\"urlTemplate\":\"https:\/\/www.wiego.org\/es\/?s={search_term_string}\"},\"query-input\":{\"@type\":\"PropertyValueSpecification\",\"valueRequired\":true,\"valueName\":\"search_term_string\"}}],\"inLanguage\":\"es-ES\"},{\"@type\":\"Organization\",\"@id\":\"https:\/\/www.wiego.org\/es\/#organization\",\"name\":\"WIEGO\",\"url\":\"https:\/\/www.wiego.org\/es\/\",\"logo\":{\"@type\":\"ImageObject\",\"inLanguage\":\"es-ES\",\"@id\":\"https:\/\/www.wiego.org\/es\/#\/schema\/logo\/image\/\",\"url\":\"https:\/\/www.wiego.org\/wp-content\/uploads\/2024\/12\/logo.svg\",\"contentUrl\":\"https:\/\/www.wiego.org\/wp-content\/uploads\/2024\/12\/logo.svg\",\"width\":142,\"height\":90,\"caption\":\"WIEGO\"},\"image\":{\"@id\":\"https:\/\/www.wiego.org\/es\/#\/schema\/logo\/image\/\"},\"sameAs\":[\"https:\/\/www.facebook.com\/wiegoglobal\/\",\"https:\/\/x.com\/wiegoglobal\",\"https:\/\/www.linkedin.com\/company\/wiego\/\",\"https:\/\/www.youtube.com\/user\/wiegoglobal\"],\"description\":\"WIEGO is a global network that supports the movement of workers in informal employment.\"},{\"@type\":\"BreadcrumbList\",\"itemListElement\":[{\"@type\":\"ListItem\",\"position\":1,\"item\":{\"@id\":\"https:\/\/www.wiego.org\/es\/\",\"name\":\"WIEGO\"}},{\"@type\":\"ListItem\",\"position\":2,\"item\":{\"@id\":\"https:\/\/www.wiego.org\/es\/blog\/\",\"name\":\"Blog WIEGO\"}}],\"@id\":\"\/#breadcrumb\"}]}<\/script>\n<!-- \/ Yoast SEO Premium plugin. -->","yoast_head_json":{"title":"Protecci\u00f3n social - WIEGO","robots":{"index":"index","follow":"follow","max-snippet":"max-snippet:-1","max-image-preview":"max-image-preview:large","max-video-preview":"max-video-preview:-1"},"canonical":"https:\/\/www.wiego.org\/es\/our-work-impact-core-programmes-social-protection\/","og_locale":"es_ES","og_type":"article","og_title":"Protecci\u00f3n social","og_description":"Las personas trabajadoras en empleo informal necesitan contar con acceso a una seguridad social que las proteja y mitigue los riesgos que puedan sufrir sus ingresos, as\u00ed como tambi\u00e9n que las ayude a sobrellevar los momentos posteriores a diferentes hechos o conmociones. El programa de protecci\u00f3n social de WIEGO asume el compromiso de ayudar a las personas trabajadoras para que puedan tener acceso a dichos derechos.","og_url":"https:\/\/www.wiego.org\/es\/our-work-impact-core-programmes-social-protection\/","og_site_name":"WIEGO","article_publisher":"https:\/\/www.facebook.com\/wiegoglobal\/","og_image":[{"width":1140,"height":430,"url":"https:\/\/www.wiego.org\/wp-content\/uploads\/2021\/10\/HeroImage_SocialProtection.jpg","type":"image\/jpeg"}],"twitter_card":"summary_large_image","twitter_site":"@wiegoglobal","twitter_misc":{"Est. reading time":"5 minutes"},"schema":{"@context":"https:\/\/schema.org","@graph":[{"@type":"WebPage","@id":"https:\/\/www.wiego.org\/es\/our-work-impact-core-programmes-social-protection\/","url":"https:\/\/www.wiego.org\/es\/our-work-impact-core-programmes-social-protection\/","name":"Protecci\u00f3n social - WIEGO","isPartOf":{"@id":"https:\/\/www.wiego.org\/es\/#website"},"primaryImageOfPage":{"@id":"https:\/\/www.wiego.org\/es\/our-work-impact-core-programmes-social-protection\/#primaryimage"},"image":{"@id":"https:\/\/www.wiego.org\/es\/our-work-impact-core-programmes-social-protection\/#primaryimage"},"thumbnailUrl":"https:\/\/www.wiego.org\/wp-content\/uploads\/2021\/10\/HeroImage_SocialProtection.jpg","datePublished":"2019-08-08T17:32:17+00:00","breadcrumb":{"@id":"https:\/\/www.wiego.org\/es\/our-work-impact-core-programmes-social-protection\/#breadcrumb"},"inLanguage":"es-ES","potentialAction":[{"@type":"ReadAction","target":["https:\/\/www.wiego.org\/es\/our-work-impact-core-programmes-social-protection\/"]}]},{"@type":"ImageObject","inLanguage":"es-ES","@id":"https:\/\/www.wiego.org\/es\/our-work-impact-core-programmes-social-protection\/#primaryimage","url":"https:\/\/www.wiego.org\/wp-content\/uploads\/2021\/10\/HeroImage_SocialProtection.jpg","contentUrl":"https:\/\/www.wiego.org\/wp-content\/uploads\/2021\/10\/HeroImage_SocialProtection.jpg","width":1140,"height":430,"caption":"Informal women workers in India gather for training. Credit: Paula Bronstein\/Getty Images Reportage"},{"@type":"WebSite","@id":"https:\/\/www.wiego.org\/es\/#website","url":"https:\/\/www.wiego.org\/es\/","name":"WIEGO","description":"","publisher":{"@id":"https:\/\/www.wiego.org\/es\/#organization"},"potentialAction":[{"@type":"SearchAction","target":{"@type":"EntryPoint","urlTemplate":"https:\/\/www.wiego.org\/es\/?s={search_term_string}"},"query-input":{"@type":"PropertyValueSpecification","valueRequired":true,"valueName":"search_term_string"}}],"inLanguage":"es-ES"},{"@type":"Organization","@id":"https:\/\/www.wiego.org\/es\/#organization","name":"WIEGO","url":"https:\/\/www.wiego.org\/es\/","logo":{"@type":"ImageObject","inLanguage":"es-ES","@id":"https:\/\/www.wiego.org\/es\/#\/schema\/logo\/image\/","url":"https:\/\/www.wiego.org\/wp-content\/uploads\/2024\/12\/logo.svg","contentUrl":"https:\/\/www.wiego.org\/wp-content\/uploads\/2024\/12\/logo.svg","width":142,"height":90,"caption":"WIEGO"},"image":{"@id":"https:\/\/www.wiego.org\/es\/#\/schema\/logo\/image\/"},"sameAs":["https:\/\/www.facebook.com\/wiegoglobal\/","https:\/\/x.com\/wiegoglobal","https:\/\/www.linkedin.com\/company\/wiego\/","https:\/\/www.youtube.com\/user\/wiegoglobal"],"description":"WIEGO is a global network that supports the movement of workers in informal employment."},{"@type":"BreadcrumbList","itemListElement":[{"@type":"ListItem","position":1,"item":{"@id":"https:\/\/www.wiego.org\/es\/","name":"WIEGO"}},{"@type":"ListItem","position":2,"item":{"@id":"https:\/\/www.wiego.org\/es\/blog\/","name":"Blog WIEGO"}}],"@id":"\/#breadcrumb"}]}},"_links":{"self":[{"href":"https:\/\/www.wiego.org\/es\/wp-json\/wp\/v2\/pages\/26252","targetHints":{"allow":["GET"]}}],"collection":[{"href":"https:\/\/www.wiego.org\/es\/wp-json\/wp\/v2\/pages"}],"about":[{"href":"https:\/\/www.wiego.org\/es\/wp-json\/wp\/v2\/types\/page"}],"author":[{"embeddable":true,"href":"https:\/\/www.wiego.org\/es\/wp-json\/wp\/v2\/users\/2"}],"replies":[{"embeddable":true,"href":"https:\/\/www.wiego.org\/es\/wp-json\/wp\/v2\/comments?post=26252"}],"version-history":[{"count":0,"href":"https:\/\/www.wiego.org\/es\/wp-json\/wp\/v2\/pages\/26252\/revisions"}],"wp:featuredmedia":[{"embeddable":true,"href":"https:\/\/www.wiego.org\/es\/wp-json\/wp\/v2\/media\/18389"}],"wp:attachment":[{"href":"https:\/\/www.wiego.org\/es\/wp-json\/wp\/v2\/media?parent=26252"}],"curies":[{"name":"wp","href":"https:\/\/api.w.org\/{rel}","templated":true}]}}