{"id":26244,"date":"2019-07-30T21:51:53","date_gmt":"2019-07-31T01:51:53","guid":{"rendered":"https:\/\/wiego.local\/about-us-what-we-do-wiego-manifesto\/"},"modified":"2019-07-30T21:51:53","modified_gmt":"2019-07-31T01:51:53","slug":"about-us-what-we-do-wiego-manifesto","status":"publish","type":"page","link":"https:\/\/www.wiego.org\/es\/que-hacemos\/about-us-what-we-do-wiego-manifesto\/","title":{"rendered":"Manifiesto de WIEGO"},"content":{"rendered":"<p class=\"emphasized-intro-text\">\u201cEn la mayor\u00eda de los pa\u00edses en desarrollo, m\u00e1s de la mitad de la poblaci\u00f3n urbana ocupada trabaja en el sector informal. Sin embargo, las personas trabajadoras en empleo informal \u2013y sus medios de subsistencia\u2013 tienden a ser ignoradas o excluidas de la planificaci\u00f3n urbana y el desarrollo econ\u00f3mico local. No habr\u00e1 inclusi\u00f3n social o financiera alguna que pueda compensar esta exclusi\u00f3n de la planificaci\u00f3n urbana y de las pol\u00edticas econ\u00f3micas. La poblaci\u00f3n urbana ocupada en empleo informal, particularmente la que se encuentra en situaci\u00f3n de pobreza, debe ser reconocida, valorada y apoyada como agente econ\u00f3mico que contribuye a la econom\u00eda y la sociedad.\u201d<\/p>\n<p class=\"text-align-right\">\u2013 <a data-entity-substitution=\"canonical\" data-entity-type=\"node\" data-entity-uuid=\"4d3d0346-c942-4a46-a5d2-66f2e30a842a\" href=\"\/specialists\/marty-chen\">Marty Chen<\/a>, Coordinadora internacional de la Red WIEGO y Profesora de Pol\u00edticas P\u00fablicas en la Harvard Kennedy School, Profesora afiliada de la Harvard Graduate School of Design.<\/p>\n<hr \/>\n<h2>Principio n.\u00b0 1<\/h2>\n<p>El desempleo y subempleo generalizados, adem\u00e1s de la creciente desigualdad de ingresos, constituyen el n\u00facleo del desaf\u00edo actual al que se enfrenta el desarrollo. El apoyo a la poblaci\u00f3n ocupada en empleo informal es clave para abordar el desempleo y subempleo y la desigualdad de ingresos, dado que la mayor parte de las personas trabajadoras en situaci\u00f3n de pobreza est\u00e1n empleadas en la econom\u00eda informal, donde los ingresos tienden a ser bajos y los riesgos y costos, elevados. Esto hace que las personas trabajadoras en situaci\u00f3n de pobreza tengan dificultades para salir de la pobreza sin servicios de apoyo ni un entorno pol\u00edtico propicio.<\/p>\n<hr \/>\n<h2>Principio n.\u00b0 2<\/h2>\n<p>Se deber\u00eda reconocer que el empleo informal representa la mayor parte del empleo total \u2013que constituye la norma en el mundo en desarrollo\u2013 y la econom\u00eda informal deber\u00eda ser considerada como parte de la soluci\u00f3n y no como un obst\u00e1culo para el desarrollo econ\u00f3mico y humano. No obstante, la econom\u00eda informal est\u00e1 estigmatizada en la teor\u00eda econ\u00f3mica y las personas responsables de la planificaci\u00f3n econ\u00f3mica la tildan de ilegal, clandestina, o incluso de negra o gris. Pero no toda la econom\u00eda informal deber\u00eda ser tratada de la misma forma, ya que la mayor parte de la poblaci\u00f3n ocupada en empleo informal est\u00e1 compuesta por personas trabajadoras en situaci\u00f3n de pobreza que intentan ganarse la vida honradamente enfrent\u00e1ndose a grandes contratiempos. Las personas trabajadoras independientes de la econom\u00eda informal deben ser consideradas inocentes hasta que se demuestren culpables de evadir normas e impuestos, y no al rev\u00e9s. Por ejemplo, relativamente pocas personas trabajadoras independientes de la econom\u00eda informal contratan a otras personas, es decir que relativamente pocas infringen disposiciones laborales. En cambio, un porcentaje creciente de empresas del sector formal, tanto p\u00fablicas como privadas, contrata a personas de manera informal, sin beneficios ni contribuciones de protecci\u00f3n social. En otras palabras, evaden regulaciones laborales. Esto sucede tanto en pa\u00edses donde las normas laborales son estrictas como en pa\u00edses donde son m\u00e1s flexibles, y tambi\u00e9n en pa\u00edses donde las disposiciones laborales no se han modificado por muchos a\u00f1os.<\/p>\n<hr \/>\n<h2>Principio n.\u00b0 3<\/h2>\n<p>No habr\u00e1 inclusi\u00f3n social de las personas trabajadoras en situaci\u00f3n de pobreza que pueda compensar las consecuencias de su exclusi\u00f3n de las oportunidades econ\u00f3micas, de los mercados financieros y de productos, y de la planificaci\u00f3n econ\u00f3mica; ni siquiera una inclusi\u00f3n en condiciones desfavorables. Asimismo, no habr\u00e1 inclusi\u00f3n social de las personas trabajadoras en situaci\u00f3n de pobreza que pueda compensar la ausencia de poder y derechos econ\u00f3micos. En otras palabras, lo que se necesita son pol\u00edticas e intervenciones que integren los medios de subsistencia informales en la planificaci\u00f3n urbana y econ\u00f3mica, que aborden las barreras institucionales a las que estas personas se enfrentan y que aumenten la demanda de sus productos y servicios.<\/p>\n<hr \/>\n<h2>Principio n.\u00b0 4<\/h2>\n<p>Las leyes, normas y pol\u00edticas existentes parten de premisas v\u00e1lidas para los empleos y empresas formales, o tienden a basarse en ellas. Tomemos el caso de las ciudades y las personas trabajadoras en empleo informal urbano. Esta es la forma en la que WIEGO entiende y aborda el reto del desarrollo urbano para las personas trabajadoras en situaci\u00f3n de pobreza:<\/p>\n<h4>Informalidad urbana, exclusi\u00f3n y desigualdad<\/h4>\n<ul>\n<li>Empresas informales = amplia base de la econom\u00eda urbana. Sin embargo, deben operar en condiciones desfavorables y compiten por el acceso a un espacio p\u00fablico y recursos desde una posici\u00f3n de invisibilidad y sin poder.<\/li>\n<li>Asentamientos informales = lugares de producci\u00f3n\/centros industriales. Sin embargo, suelen ser expulsados con poca antelaci\u00f3n a la periferia de las ciudades, lejos de los mercados y de su clientela.<\/li>\n<li>Las personas trabajadores en situaci\u00f3n de pobreza no tienen derecho a acceder a la ciudad, al espacio p\u00fablico ni a los recursos. Sus medios de subsistencia no est\u00e1n integrados en la planificaci\u00f3n urbana ni en el desarrollo econ\u00f3mico local.<\/li>\n<li>Los gobiernos municipales a menudo confabulan con los promotores inmobiliarios y otros poderosos intereses econ\u00f3micos. As\u00ed, el espacio p\u00fablico se convierte en un campo de batalla entre quienes tienen poder y quienes no lo tienen; se privilegia el consumo del segmento con m\u00e1s riqueza por sobre la producci\u00f3n de quienes est\u00e1n en situaci\u00f3n de pobreza (un ejemplo de esto es la proliferaci\u00f3n de centros comerciales donde antes hab\u00eda mercados naturales de personas vendedoras ambulantes).\u00a0<\/li>\n<\/ul>\n<h4>El enfoque de WIEGO<\/h4>\n<ul>\n<li>Comprender y destacar la econom\u00eda pol\u00edtica de las ciudades.<\/li>\n<li>Especificar los derechos econ\u00f3micos de grupos espec\u00edficos de personas trabajadoras en situaci\u00f3n de pobreza en la econom\u00eda informal, especialmente las personas productoras a domicilio, las vendedoras ambulantes, las trabajadoras del hogar y las personas recicladoras.<\/li>\n<li>Mediar entre las personas responsables de la planificaci\u00f3n urbana y autoridades municipales y las personas trabajadoras en situaci\u00f3n de pobreza.<\/li>\n<li>Superar las brechas entre los debates y discursos urbanos dominantes y la realidad y personas trabajadoras en situaci\u00f3n de pobreza.<\/li>\n<\/ul>\n","protected":false},"excerpt":{"rendered":"<p>\u201cEn la mayor\u00eda de los pa\u00edses en desarrollo, m\u00e1s de la mitad de la poblaci\u00f3n urbana ocupada trabaja en el sector informal. Sin embargo, las personas trabajadoras en empleo informal \u2013y sus medios de subsistencia\u2013 tienden a ser ignoradas o excluidas de la planificaci\u00f3n urbana y el desarrollo econ\u00f3mico local. No habr\u00e1 inclusi\u00f3n social o financiera alguna que pueda compensar esta exclusi\u00f3n de la planificaci\u00f3n urbana y de las pol\u00edticas econ\u00f3micas.<\/p>\n","protected":false},"author":2,"featured_media":0,"parent":40046,"menu_order":0,"comment_status":"closed","ping_status":"closed","template":"","meta":{"_acf_changed":false,"_relevanssi_hide_post":"","_relevanssi_hide_content":"","_relevanssi_pin_for_all":"","_relevanssi_pin_keywords":"","_relevanssi_unpin_keywords":"","_relevanssi_related_keywords":"","_relevanssi_related_include_ids":"","_relevanssi_related_exclude_ids":"","_relevanssi_related_no_append":"","_relevanssi_related_not_related":"","_relevanssi_related_posts":"","_relevanssi_noindex_reason":"","footnotes":""},"class_list":["post-26244","page","type-page","status-publish","hentry"],"acf":[],"yoast_head":"<!-- This site is optimized with the Yoast SEO Premium plugin v23.8 (Yoast SEO v27.0) - https:\/\/yoast.com\/product\/yoast-seo-premium-wordpress\/ -->\n<title>Manifiesto de WIEGO - WIEGO<\/title>\n<meta name=\"robots\" content=\"index, follow, max-snippet:-1, max-image-preview:large, max-video-preview:-1\" \/>\n<link rel=\"canonical\" href=\"https:\/\/www.wiego.org\/es\/que-hacemos\/about-us-what-we-do-wiego-manifesto\/\" \/>\n<meta property=\"og:locale\" content=\"es_ES\" \/>\n<meta property=\"og:type\" content=\"article\" \/>\n<meta property=\"og:title\" content=\"Manifiesto de WIEGO\" \/>\n<meta property=\"og:description\" content=\"\u201cEn la mayor\u00eda de los pa\u00edses en desarrollo, m\u00e1s de la mitad de la poblaci\u00f3n urbana ocupada trabaja en el sector informal. Sin embargo, las personas trabajadoras en empleo informal \u2013y sus medios de subsistencia\u2013 tienden a ser ignoradas o excluidas de la planificaci\u00f3n urbana y el desarrollo econ\u00f3mico local. No habr\u00e1 inclusi\u00f3n social o financiera alguna que pueda compensar esta exclusi\u00f3n de la planificaci\u00f3n urbana y de las pol\u00edticas econ\u00f3micas.\" \/>\n<meta property=\"og:url\" content=\"https:\/\/www.wiego.org\/es\/que-hacemos\/about-us-what-we-do-wiego-manifesto\/\" \/>\n<meta property=\"og:site_name\" content=\"WIEGO\" \/>\n<meta property=\"article:publisher\" content=\"https:\/\/www.facebook.com\/wiegoglobal\/\" \/>\n<meta property=\"og:image\" content=\"https:\/\/www.wiego.org\/wp-content\/uploads\/2024\/12\/WIEGO_Open-Graph_option-1-1024x538.png\" \/>\n\t<meta property=\"og:image:width\" content=\"1024\" \/>\n\t<meta property=\"og:image:height\" content=\"538\" \/>\n\t<meta property=\"og:image:type\" content=\"image\/png\" \/>\n<meta name=\"twitter:card\" content=\"summary_large_image\" \/>\n<meta name=\"twitter:site\" content=\"@wiegoglobal\" \/>\n<meta name=\"twitter:label1\" content=\"Est. reading time\" \/>\n\t<meta name=\"twitter:data1\" content=\"5 minutes\" \/>\n<script type=\"application\/ld+json\" class=\"yoast-schema-graph\">{\"@context\":\"https:\/\/schema.org\",\"@graph\":[{\"@type\":\"WebPage\",\"@id\":\"https:\/\/www.wiego.org\/es\/que-hacemos\/about-us-what-we-do-wiego-manifesto\/\",\"url\":\"https:\/\/www.wiego.org\/es\/que-hacemos\/about-us-what-we-do-wiego-manifesto\/\",\"name\":\"Manifiesto de WIEGO - WIEGO\",\"isPartOf\":{\"@id\":\"https:\/\/www.wiego.org\/es\/#website\"},\"datePublished\":\"2019-07-31T01:51:53+00:00\",\"breadcrumb\":{\"@id\":\"https:\/\/www.wiego.org\/es\/que-hacemos\/about-us-what-we-do-wiego-manifesto\/#breadcrumb\"},\"inLanguage\":\"es-ES\",\"potentialAction\":[{\"@type\":\"ReadAction\",\"target\":[\"https:\/\/www.wiego.org\/es\/que-hacemos\/about-us-what-we-do-wiego-manifesto\/\"]}]},{\"@type\":\"WebSite\",\"@id\":\"https:\/\/www.wiego.org\/es\/#website\",\"url\":\"https:\/\/www.wiego.org\/es\/\",\"name\":\"WIEGO\",\"description\":\"\",\"publisher\":{\"@id\":\"https:\/\/www.wiego.org\/es\/#organization\"},\"potentialAction\":[{\"@type\":\"SearchAction\",\"target\":{\"@type\":\"EntryPoint\",\"urlTemplate\":\"https:\/\/www.wiego.org\/es\/?s={search_term_string}\"},\"query-input\":{\"@type\":\"PropertyValueSpecification\",\"valueRequired\":true,\"valueName\":\"search_term_string\"}}],\"inLanguage\":\"es-ES\"},{\"@type\":\"Organization\",\"@id\":\"https:\/\/www.wiego.org\/es\/#organization\",\"name\":\"WIEGO\",\"url\":\"https:\/\/www.wiego.org\/es\/\",\"logo\":{\"@type\":\"ImageObject\",\"inLanguage\":\"es-ES\",\"@id\":\"https:\/\/www.wiego.org\/es\/#\/schema\/logo\/image\/\",\"url\":\"https:\/\/www.wiego.org\/wp-content\/uploads\/2024\/12\/logo.svg\",\"contentUrl\":\"https:\/\/www.wiego.org\/wp-content\/uploads\/2024\/12\/logo.svg\",\"width\":142,\"height\":90,\"caption\":\"WIEGO\"},\"image\":{\"@id\":\"https:\/\/www.wiego.org\/es\/#\/schema\/logo\/image\/\"},\"sameAs\":[\"https:\/\/www.facebook.com\/wiegoglobal\/\",\"https:\/\/x.com\/wiegoglobal\",\"https:\/\/www.linkedin.com\/company\/wiego\/\",\"https:\/\/www.youtube.com\/user\/wiegoglobal\"],\"description\":\"WIEGO is a global network that supports the movement of workers in informal employment.\"},{\"@type\":\"BreadcrumbList\",\"itemListElement\":[{\"@type\":\"ListItem\",\"position\":1,\"item\":{\"@id\":\"https:\/\/www.wiego.org\/es\/\",\"name\":\"WIEGO\"}},{\"@type\":\"ListItem\",\"position\":2,\"item\":{\"@id\":\"https:\/\/www.wiego.org\/es\/blog\/\",\"name\":\"Blog WIEGO\"}}],\"@id\":\"\/#breadcrumb\"}]}<\/script>\n<!-- \/ Yoast SEO Premium plugin. -->","yoast_head_json":{"title":"Manifiesto de WIEGO - WIEGO","robots":{"index":"index","follow":"follow","max-snippet":"max-snippet:-1","max-image-preview":"max-image-preview:large","max-video-preview":"max-video-preview:-1"},"canonical":"https:\/\/www.wiego.org\/es\/que-hacemos\/about-us-what-we-do-wiego-manifesto\/","og_locale":"es_ES","og_type":"article","og_title":"Manifiesto de WIEGO","og_description":"\u201cEn la mayor\u00eda de los pa\u00edses en desarrollo, m\u00e1s de la mitad de la poblaci\u00f3n urbana ocupada trabaja en el sector informal. Sin embargo, las personas trabajadoras en empleo informal \u2013y sus medios de subsistencia\u2013 tienden a ser ignoradas o excluidas de la planificaci\u00f3n urbana y el desarrollo econ\u00f3mico local. No habr\u00e1 inclusi\u00f3n social o financiera alguna que pueda compensar esta exclusi\u00f3n de la planificaci\u00f3n urbana y de las pol\u00edticas econ\u00f3micas.","og_url":"https:\/\/www.wiego.org\/es\/que-hacemos\/about-us-what-we-do-wiego-manifesto\/","og_site_name":"WIEGO","article_publisher":"https:\/\/www.facebook.com\/wiegoglobal\/","og_image":[{"width":1024,"height":538,"url":"https:\/\/www.wiego.org\/wp-content\/uploads\/2024\/12\/WIEGO_Open-Graph_option-1-1024x538.png","type":"image\/png"}],"twitter_card":"summary_large_image","twitter_site":"@wiegoglobal","twitter_misc":{"Est. reading time":"5 minutes"},"schema":{"@context":"https:\/\/schema.org","@graph":[{"@type":"WebPage","@id":"https:\/\/www.wiego.org\/es\/que-hacemos\/about-us-what-we-do-wiego-manifesto\/","url":"https:\/\/www.wiego.org\/es\/que-hacemos\/about-us-what-we-do-wiego-manifesto\/","name":"Manifiesto de WIEGO - WIEGO","isPartOf":{"@id":"https:\/\/www.wiego.org\/es\/#website"},"datePublished":"2019-07-31T01:51:53+00:00","breadcrumb":{"@id":"https:\/\/www.wiego.org\/es\/que-hacemos\/about-us-what-we-do-wiego-manifesto\/#breadcrumb"},"inLanguage":"es-ES","potentialAction":[{"@type":"ReadAction","target":["https:\/\/www.wiego.org\/es\/que-hacemos\/about-us-what-we-do-wiego-manifesto\/"]}]},{"@type":"WebSite","@id":"https:\/\/www.wiego.org\/es\/#website","url":"https:\/\/www.wiego.org\/es\/","name":"WIEGO","description":"","publisher":{"@id":"https:\/\/www.wiego.org\/es\/#organization"},"potentialAction":[{"@type":"SearchAction","target":{"@type":"EntryPoint","urlTemplate":"https:\/\/www.wiego.org\/es\/?s={search_term_string}"},"query-input":{"@type":"PropertyValueSpecification","valueRequired":true,"valueName":"search_term_string"}}],"inLanguage":"es-ES"},{"@type":"Organization","@id":"https:\/\/www.wiego.org\/es\/#organization","name":"WIEGO","url":"https:\/\/www.wiego.org\/es\/","logo":{"@type":"ImageObject","inLanguage":"es-ES","@id":"https:\/\/www.wiego.org\/es\/#\/schema\/logo\/image\/","url":"https:\/\/www.wiego.org\/wp-content\/uploads\/2024\/12\/logo.svg","contentUrl":"https:\/\/www.wiego.org\/wp-content\/uploads\/2024\/12\/logo.svg","width":142,"height":90,"caption":"WIEGO"},"image":{"@id":"https:\/\/www.wiego.org\/es\/#\/schema\/logo\/image\/"},"sameAs":["https:\/\/www.facebook.com\/wiegoglobal\/","https:\/\/x.com\/wiegoglobal","https:\/\/www.linkedin.com\/company\/wiego\/","https:\/\/www.youtube.com\/user\/wiegoglobal"],"description":"WIEGO is a global network that supports the movement of workers in informal employment."},{"@type":"BreadcrumbList","itemListElement":[{"@type":"ListItem","position":1,"item":{"@id":"https:\/\/www.wiego.org\/es\/","name":"WIEGO"}},{"@type":"ListItem","position":2,"item":{"@id":"https:\/\/www.wiego.org\/es\/blog\/","name":"Blog WIEGO"}}],"@id":"\/#breadcrumb"}]}},"_links":{"self":[{"href":"https:\/\/www.wiego.org\/es\/wp-json\/wp\/v2\/pages\/26244","targetHints":{"allow":["GET"]}}],"collection":[{"href":"https:\/\/www.wiego.org\/es\/wp-json\/wp\/v2\/pages"}],"about":[{"href":"https:\/\/www.wiego.org\/es\/wp-json\/wp\/v2\/types\/page"}],"author":[{"embeddable":true,"href":"https:\/\/www.wiego.org\/es\/wp-json\/wp\/v2\/users\/2"}],"replies":[{"embeddable":true,"href":"https:\/\/www.wiego.org\/es\/wp-json\/wp\/v2\/comments?post=26244"}],"version-history":[{"count":0,"href":"https:\/\/www.wiego.org\/es\/wp-json\/wp\/v2\/pages\/26244\/revisions"}],"up":[{"embeddable":true,"href":"https:\/\/www.wiego.org\/es\/wp-json\/wp\/v2\/pages\/40046"}],"wp:attachment":[{"href":"https:\/\/www.wiego.org\/es\/wp-json\/wp\/v2\/media?parent=26244"}],"curies":[{"name":"wp","href":"https:\/\/api.w.org\/{rel}","templated":true}]}}