{"id":26242,"date":"2019-07-30T18:58:27","date_gmt":"2019-07-30T22:58:27","guid":{"rendered":"https:\/\/wiego.local\/miembros-institucionales-de-wiego\/"},"modified":"2019-07-30T18:58:27","modified_gmt":"2019-07-30T22:58:27","slug":"miembros-institucionales-de-wiego","status":"publish","type":"page","link":"https:\/\/www.wiego.org\/es\/miembros-institucionales-de-wiego\/","title":{"rendered":"Miembros institucionales de WIEGO"},"content":{"rendered":"<p>Los sindicatos, las cooperativas y las asociaciones de trabajadorxs en empleo informal que han participado activamente en WIEGO est\u00e1n invitadxs a convertirse en miembros institucionales. En septiembre de 2018, las siguientes organizaciones de trabajadorxs en empleo informal eran miembros institucionales de WIEGO.<\/p>\n<h2>International<\/h2>\n<ul>\n<li><a href=\"https:\/\/idwfed.org\/es\" target=\"_blank\" rel=\"noopener\">Federaci\u00f3n Internacional de Trabajadores del Hogar (FITH)<\/a><\/li>\n<li><a href=\"https:\/\/www.iuf.org\/es\/\" target=\"_blank\" rel=\"noopener\">Uni\u00f3n Internacional de Trabajadores de la Alimentaci\u00f3n y Afines (UITA)<\/a><\/li>\n<li><a href=\"http:\/\/streetnet.org.za\/es\/\" target=\"_blank\" rel=\"noopener\">StreetNet Internacional<\/a><\/li>\n<\/ul>\n<h2>Regional<\/h2>\n<ul>\n<li><a href=\"https:\/\/hnsa.org.in\" target=\"_blank\" rel=\"noopener\">HomeNet del Sur de Asia (HNSA)<\/a><\/li>\n<li><a href=\"https:\/\/hnsa.org.in\" target=\"_blank\" rel=\"noopener\">HomeNet del Sureste de Asia (HNSEA)<\/a><\/li>\n<li><a href=\"https:\/\/www.facebook.com\/RedRecicladores\/\" target=\"_blank\" rel=\"noopener\">La Red Latinoamericana de Recicladores (Red Lacre)<\/a><\/li>\n<\/ul>\n<h2>Por regiones<\/h2>\n<ul>\n<li><a href=\"#africa\">\u00c1frica<\/a><\/li>\n<li><a href=\"#asia\">Asia<\/a><\/li>\n<li><a href=\"#europa\">Europa<\/a><\/li>\n<li><a href=\"#latina\">Am\u00e9rica Latina<\/a><\/li>\n<\/ul>\n<hr \/>\n<h3><a id=\"africa\" name=\"africa\"><\/a>\u00c1frica<\/h3>\n<h4>Rep\u00fablica Democr\u00e1tica del Congo<\/h4>\n<ul>\n<li><a href=\"https:\/\/www.wiego.org\/ligue-pour-le-droit-de-la-femme-congolaise-ldfc\">Liga por los Derechos de la Mujer Congole\u00f1a (LDFC)<\/a><\/li>\n<\/ul>\n<h4>Ghana<\/h4>\n<ul>\n<li><a href=\"https:\/\/www.ghanatuc.org\/\" target=\"_blank\" rel=\"noopener\">Congreso de Sindicatos (Ghana)<\/a><\/li>\n<li><a href=\"https:\/\/www.wiego.org\/informal-hawkers-and-vendors-association-ghana-ihvag\">Asociaci\u00f3n de Vendedores y Vendedores Ambulantes Informales de Ghana (IHVAG)<\/a><\/li>\n<\/ul>\n<h4>Guinea<\/h4>\n<ul>\n<li><a href=\"https:\/\/www.wiego.org\/confederation-nationale-des-travailleurs-de-guinee-cntg\">Confederaci\u00f3n Nacional de Trabajadores de Guinea (CNTG)<\/a><\/li>\n<\/ul>\n<h4>Kenia<\/h4>\n<ul>\n<li><a href=\"https:\/\/kenasvit.wordpress.com\" target=\"_blank\" rel=\"noopener\">Alianza Nacional de Vendedores Ambulantes y Comerciantes Informales de Kenia (KENASVIT)<\/a><\/li>\n<\/ul>\n<h4>Malawi<\/h4>\n<ul>\n<li><a href=\"https:\/\/www.wiego.org\/malawi-union-informal-sector-mufis\">Sindicato del Sector Informal de Malawi (MUFIS)<\/a><\/li>\n<\/ul>\n<h4>Mozambique<\/h4>\n<ul>\n<li><a href=\"https:\/\/www.wiego.org\/associacao-da-economia-informal-de-mocambique-aeimo\">Asociaci\u00f3n de la Econom\u00eda Informal de Mozambique (AEIMO)<\/a><\/li>\n<\/ul>\n<h4>N\u00edger<\/h4>\n<ul>\n<li><a href=\"https:\/\/www.wiego.org\/federation-nationale-des-syndicats-fenasein\">Federaci\u00f3n Nacional de Sindicatos (FENASEIN)<\/a><\/li>\n<li><a href=\"https:\/\/www.wiego.org\/union-general-de-syndicats-de-leconomie-informelle-du-niger-ugsein\">Uni\u00f3n General de Sindicatos de la Econom\u00eda Informal de N\u00edger (UGSEIN)<\/a><\/li>\n<\/ul>\n<h4>Senegal<\/h4>\n<ul>\n<li><a href=\"http:\/\/www.cnts.sn\/\" target=\"_blank\" rel=\"noopener\">Confederaci\u00f3n Nacional de Trabajadores Senegaleses (CNTS)<\/a><\/li>\n<li><a href=\"https:\/\/www.wiego.org\/syndicat-unique-et-democratique-du-mareyeurs-du-senegal-sudems\">Sindicato \u00danico y Democr\u00e1tico de Pescadores Senegaleses (SUDEMS)<\/a><\/li>\n<\/ul>\n<h4>Suazilandia<\/h4>\n<ul>\n<li><a href=\"https:\/\/www.wiego.org\/coalition-informal-economy-associations-swaziland-cieas\">Coalici\u00f3n de Asociaciones de la Econom\u00eda Informal de Suazilandia (CIEAS)<\/a><\/li>\n<\/ul>\n<h4>Togo<\/h4>\n<ul>\n<li><a href=\"https:\/\/www.wiego.org\/le-syndicat-des-vendeurs-de-materiaux-de-construction-du-togo-syvemacot\">Sindicato de Vendedores de Materiales de Construcci\u00f3n de Togo (SYVEMACOT)<\/a><\/li>\n<\/ul>\n<h4>Zambia<\/h4>\n<ul>\n<li><a href=\"https:\/\/www.wiego.org\/alliance-zambian-informal-economy-associations-aziea\">Alianza de Asociaciones de la Econom\u00eda Informal de Zambia (AZIEA)<\/a><\/li>\n<\/ul>\n<h4>Zimbabue<\/h4>\n<ul>\n<li><a href=\"https:\/\/www.wiego.org\/zimbabwe-chamber-informal-economy-associations-zciea\">C\u00e1mara de Asociaciones de la Econom\u00eda Informal de Zimbabue (ZCIEA)<\/a><\/li>\n<\/ul>\n<h3><a id=\"asia\" name=\"asia\"><\/a>Asia<\/h3>\n<h4>Bangladesh<\/h4>\n<ul>\n<li><a href=\"https:\/\/www.wiego.org\/labour-informal-economy-lie\">Labour at Informal Economy (LIE)<\/a><\/li>\n<\/ul>\n<h4>India<\/h4>\n<ul>\n<li><a href=\"http:\/\/sewabharat.org\/\" target=\"_blank\" rel=\"noopener\">Federaci\u00f3n de Asociaciones de Mujeres Autoempleadas de India (SEWA Bharat)<\/a><\/li>\n<li><a href=\"http:\/\/www.kkpkp-pune.org\/\" target=\"_blank\" rel=\"noopener\">Kagad Kach Patra Kashtakari Panchayat (KKPKP)<\/a><\/li>\n<li><a href=\"http:\/\/nasvinet.org\" target=\"_blank\" rel=\"noopener\">Asociaci\u00f3n Nacional de Vendedores Ambulantes de India (NASVI)<\/a><\/li>\n<li><a href=\"http:\/\/www.sewa.org\/\" target=\"_blank\" rel=\"noopener\">Asociaci\u00f3n de Mujeres Autoempleadas (SEWA)<\/a><\/li>\n<\/ul>\n<h4>Nepal<\/h4>\n<ul>\n<li><a href=\"http:\/\/www.gefont.org\/\" target=\"_blank\" rel=\"noopener\">Federaci\u00f3n General de Sindicatos de Nepal (GEFONT)<\/a><\/li>\n<\/ul>\n<h4>Filipinas<\/h4>\n<ul>\n<li><a href=\"http:\/\/patamaba.net\/\" target=\"_blank\" rel=\"noopener\">Pambansang Kalipunan ng mga Manggagawang Impormal sa Pilipinas (PATAMABA)<\/a><\/li>\n<\/ul>\n<h4>Tailandia<\/h4>\n<ul>\n<li><a href=\"https:\/\/www.wiego.org\/homenet-thailand\">HomeNet Tailandia<\/a><\/li>\n<\/ul>\n<h3><a id=\"europa\" name=\"europa\"><\/a>Europa<\/h3>\n<h4>Bulgaria<\/h4>\n<ul>\n<li><a href=\"https:\/\/www.wiego.org\/association-home-based-workers-bulgaria-ahbw\">Asociaci\u00f3n de Trabajadores en Domicilio, Bulgaria (AHBW)<\/a><\/li>\n<\/ul>\n<h3><a id=\"latina\" name=\"latina\"><\/a>Am\u00e9rica Latina<\/h3>\n<h4>Argentina<\/h4>\n<ul>\n<li><a href=\"http:\/\/ctepargentina.org\/\" target=\"_blank\" rel=\"noopener\">Uni\u00f3n de Trabajadores y Trabajadoras de la Econom\u00eda Popular (UTEP)<\/a><\/li>\n<li><a href=\"https:\/\/www.wiego.org\/sindicato-de-vendedores-ambulantes-de-la-republica-argentina-sivara\">Sindicato de Vendedores Ambulantes de la Republica Argentina (SIVARA)<\/a><\/li>\n<\/ul>\n<h4>Brasil<\/h4>\n<ul>\n<li><a href=\"http:\/\/mncr.org.br\/\" target=\"_blank\" rel=\"noopener\">Movimiento Nacional de Catadores (MNCR)<\/a><\/li>\n<\/ul>\n<h4>Chile<\/h4>\n<ul>\n<li><a href=\"https:\/\/www.wiego.org\/sindicato-de-trabajadores-independientes-ambulantes-del-transporte-y-anexos-sintraloc\">Sindicato de Trabajadores Independientes Ambulantes del Transporte y Anexos (SINTRALOC)<\/a><\/li>\n<\/ul>\n<h4>Colombia<\/h4>\n<ul>\n<li><a href=\"https:\/\/www.anrcolombia.org\/\" target=\"_blank\" rel=\"noopener\">Asociaci\u00f3n Nacional de Recicladores (ANR)<\/a><\/li>\n<\/ul>\n<h4>Per\u00fa<\/h4>\n<ul>\n<li><a href=\"https:\/\/www.youtube.com\/watch?v=ZgP_6upsmnI\" target=\"_blank\" rel=\"noopener\">Red Nacional de Trabajadores y Trabajadoras Autoempleadas (RENATTA)<\/a><\/li>\n<\/ul>\n<h4>Venezuela<\/h4>\n<ul>\n<li><a href=\"https:\/\/www.wiego.org\/federacion-unica-de-trabajadores-no-dependientes-de-venezuela-futrand\">Federaci\u00f3n \u00danica de Trabajadores No Dependientes de Venezuela (FUTRAND)<\/a><\/li>\n<\/ul>\n<hr \/>\n<p>Lea el <a href=\"https:\/\/www.wiego.org\/wiego-mbo-newsletter\">Bolet\u00edn de las OBM de WIEGO<\/a>, un bolet\u00edn para las organizaciones de base de miembros (OBM) de trabajadorxs en empleo informal.<\/p>\n","protected":false},"excerpt":{"rendered":"<p>Los sindicatos, las cooperativas y las asociaciones de trabajadorxs en empleo informal que han participado activamente en WIEGO est\u00e1n invitadxs a convertirse en miembros institucionales. En septiembre de 2018, las siguientes organizaciones de trabajadorxs en empleo informal eran miembros institucionales de WIEGO.<\/p>\n","protected":false},"author":2,"featured_media":0,"parent":0,"menu_order":0,"comment_status":"closed","ping_status":"closed","template":"","meta":{"_acf_changed":false,"_relevanssi_hide_post":"","_relevanssi_hide_content":"","_relevanssi_pin_for_all":"","_relevanssi_pin_keywords":"","_relevanssi_unpin_keywords":"","_relevanssi_related_keywords":"","_relevanssi_related_include_ids":"","_relevanssi_related_exclude_ids":"","_relevanssi_related_no_append":"","_relevanssi_related_not_related":"","_relevanssi_related_posts":"","_relevanssi_noindex_reason":"","footnotes":""},"class_list":["post-26242","page","type-page","status-publish","hentry"],"acf":[],"yoast_head":"<!-- This site is optimized with the Yoast SEO Premium plugin v23.8 (Yoast SEO v27.0) - https:\/\/yoast.com\/product\/yoast-seo-premium-wordpress\/ -->\n<title>Miembros institucionales de WIEGO - WIEGO<\/title>\n<meta name=\"robots\" content=\"index, follow, max-snippet:-1, max-image-preview:large, max-video-preview:-1\" \/>\n<link rel=\"canonical\" href=\"https:\/\/www.wiego.org\/es\/miembros-institucionales-de-wiego\/\" \/>\n<meta property=\"og:locale\" content=\"es_ES\" \/>\n<meta property=\"og:type\" content=\"article\" \/>\n<meta property=\"og:title\" content=\"Miembros institucionales de WIEGO\" \/>\n<meta property=\"og:description\" content=\"Los sindicatos, las cooperativas y las asociaciones de trabajadorxs en empleo informal que han participado activamente en WIEGO est\u00e1n invitadxs a convertirse en miembros institucionales. En septiembre de 2018, las siguientes organizaciones de trabajadorxs en empleo informal eran miembros institucionales de WIEGO.\" \/>\n<meta property=\"og:url\" content=\"https:\/\/www.wiego.org\/es\/miembros-institucionales-de-wiego\/\" \/>\n<meta property=\"og:site_name\" content=\"WIEGO\" \/>\n<meta property=\"article:publisher\" content=\"https:\/\/www.facebook.com\/wiegoglobal\/\" \/>\n<meta property=\"og:image\" content=\"https:\/\/www.wiego.org\/wp-content\/uploads\/2024\/12\/WIEGO_Open-Graph_option-1-1024x538.png\" \/>\n\t<meta property=\"og:image:width\" content=\"1024\" \/>\n\t<meta property=\"og:image:height\" content=\"538\" \/>\n\t<meta property=\"og:image:type\" content=\"image\/png\" \/>\n<meta name=\"twitter:card\" content=\"summary_large_image\" \/>\n<meta name=\"twitter:site\" content=\"@wiegoglobal\" \/>\n<meta name=\"twitter:label1\" content=\"Est. reading time\" \/>\n\t<meta name=\"twitter:data1\" content=\"2 minutes\" \/>\n<script type=\"application\/ld+json\" class=\"yoast-schema-graph\">{\"@context\":\"https:\/\/schema.org\",\"@graph\":[{\"@type\":\"WebPage\",\"@id\":\"https:\/\/www.wiego.org\/es\/miembros-institucionales-de-wiego\/\",\"url\":\"https:\/\/www.wiego.org\/es\/miembros-institucionales-de-wiego\/\",\"name\":\"Miembros institucionales de WIEGO - WIEGO\",\"isPartOf\":{\"@id\":\"https:\/\/www.wiego.org\/es\/#website\"},\"datePublished\":\"2019-07-30T22:58:27+00:00\",\"breadcrumb\":{\"@id\":\"https:\/\/www.wiego.org\/es\/miembros-institucionales-de-wiego\/#breadcrumb\"},\"inLanguage\":\"es-ES\",\"potentialAction\":[{\"@type\":\"ReadAction\",\"target\":[\"https:\/\/www.wiego.org\/es\/miembros-institucionales-de-wiego\/\"]}]},{\"@type\":\"WebSite\",\"@id\":\"https:\/\/www.wiego.org\/es\/#website\",\"url\":\"https:\/\/www.wiego.org\/es\/\",\"name\":\"WIEGO\",\"description\":\"\",\"publisher\":{\"@id\":\"https:\/\/www.wiego.org\/es\/#organization\"},\"potentialAction\":[{\"@type\":\"SearchAction\",\"target\":{\"@type\":\"EntryPoint\",\"urlTemplate\":\"https:\/\/www.wiego.org\/es\/?s={search_term_string}\"},\"query-input\":{\"@type\":\"PropertyValueSpecification\",\"valueRequired\":true,\"valueName\":\"search_term_string\"}}],\"inLanguage\":\"es-ES\"},{\"@type\":\"Organization\",\"@id\":\"https:\/\/www.wiego.org\/es\/#organization\",\"name\":\"WIEGO\",\"url\":\"https:\/\/www.wiego.org\/es\/\",\"logo\":{\"@type\":\"ImageObject\",\"inLanguage\":\"es-ES\",\"@id\":\"https:\/\/www.wiego.org\/es\/#\/schema\/logo\/image\/\",\"url\":\"https:\/\/www.wiego.org\/wp-content\/uploads\/2024\/12\/logo.svg\",\"contentUrl\":\"https:\/\/www.wiego.org\/wp-content\/uploads\/2024\/12\/logo.svg\",\"width\":142,\"height\":90,\"caption\":\"WIEGO\"},\"image\":{\"@id\":\"https:\/\/www.wiego.org\/es\/#\/schema\/logo\/image\/\"},\"sameAs\":[\"https:\/\/www.facebook.com\/wiegoglobal\/\",\"https:\/\/x.com\/wiegoglobal\",\"https:\/\/www.linkedin.com\/company\/wiego\/\",\"https:\/\/www.youtube.com\/user\/wiegoglobal\"],\"description\":\"WIEGO is a global network that supports the movement of workers in informal employment.\"},{\"@type\":\"BreadcrumbList\",\"itemListElement\":[{\"@type\":\"ListItem\",\"position\":1,\"item\":{\"@id\":\"https:\/\/www.wiego.org\/es\/\",\"name\":\"WIEGO\"}},{\"@type\":\"ListItem\",\"position\":2,\"item\":{\"@id\":\"https:\/\/www.wiego.org\/es\/blog\/\",\"name\":\"Blog WIEGO\"}}],\"@id\":\"\/#breadcrumb\"}]}<\/script>\n<!-- \/ Yoast SEO Premium plugin. -->","yoast_head_json":{"title":"Miembros institucionales de WIEGO - WIEGO","robots":{"index":"index","follow":"follow","max-snippet":"max-snippet:-1","max-image-preview":"max-image-preview:large","max-video-preview":"max-video-preview:-1"},"canonical":"https:\/\/www.wiego.org\/es\/miembros-institucionales-de-wiego\/","og_locale":"es_ES","og_type":"article","og_title":"Miembros institucionales de WIEGO","og_description":"Los sindicatos, las cooperativas y las asociaciones de trabajadorxs en empleo informal que han participado activamente en WIEGO est\u00e1n invitadxs a convertirse en miembros institucionales. En septiembre de 2018, las siguientes organizaciones de trabajadorxs en empleo informal eran miembros institucionales de WIEGO.","og_url":"https:\/\/www.wiego.org\/es\/miembros-institucionales-de-wiego\/","og_site_name":"WIEGO","article_publisher":"https:\/\/www.facebook.com\/wiegoglobal\/","og_image":[{"width":1024,"height":538,"url":"https:\/\/www.wiego.org\/wp-content\/uploads\/2024\/12\/WIEGO_Open-Graph_option-1-1024x538.png","type":"image\/png"}],"twitter_card":"summary_large_image","twitter_site":"@wiegoglobal","twitter_misc":{"Est. reading time":"2 minutes"},"schema":{"@context":"https:\/\/schema.org","@graph":[{"@type":"WebPage","@id":"https:\/\/www.wiego.org\/es\/miembros-institucionales-de-wiego\/","url":"https:\/\/www.wiego.org\/es\/miembros-institucionales-de-wiego\/","name":"Miembros institucionales de WIEGO - WIEGO","isPartOf":{"@id":"https:\/\/www.wiego.org\/es\/#website"},"datePublished":"2019-07-30T22:58:27+00:00","breadcrumb":{"@id":"https:\/\/www.wiego.org\/es\/miembros-institucionales-de-wiego\/#breadcrumb"},"inLanguage":"es-ES","potentialAction":[{"@type":"ReadAction","target":["https:\/\/www.wiego.org\/es\/miembros-institucionales-de-wiego\/"]}]},{"@type":"WebSite","@id":"https:\/\/www.wiego.org\/es\/#website","url":"https:\/\/www.wiego.org\/es\/","name":"WIEGO","description":"","publisher":{"@id":"https:\/\/www.wiego.org\/es\/#organization"},"potentialAction":[{"@type":"SearchAction","target":{"@type":"EntryPoint","urlTemplate":"https:\/\/www.wiego.org\/es\/?s={search_term_string}"},"query-input":{"@type":"PropertyValueSpecification","valueRequired":true,"valueName":"search_term_string"}}],"inLanguage":"es-ES"},{"@type":"Organization","@id":"https:\/\/www.wiego.org\/es\/#organization","name":"WIEGO","url":"https:\/\/www.wiego.org\/es\/","logo":{"@type":"ImageObject","inLanguage":"es-ES","@id":"https:\/\/www.wiego.org\/es\/#\/schema\/logo\/image\/","url":"https:\/\/www.wiego.org\/wp-content\/uploads\/2024\/12\/logo.svg","contentUrl":"https:\/\/www.wiego.org\/wp-content\/uploads\/2024\/12\/logo.svg","width":142,"height":90,"caption":"WIEGO"},"image":{"@id":"https:\/\/www.wiego.org\/es\/#\/schema\/logo\/image\/"},"sameAs":["https:\/\/www.facebook.com\/wiegoglobal\/","https:\/\/x.com\/wiegoglobal","https:\/\/www.linkedin.com\/company\/wiego\/","https:\/\/www.youtube.com\/user\/wiegoglobal"],"description":"WIEGO is a global network that supports the movement of workers in informal employment."},{"@type":"BreadcrumbList","itemListElement":[{"@type":"ListItem","position":1,"item":{"@id":"https:\/\/www.wiego.org\/es\/","name":"WIEGO"}},{"@type":"ListItem","position":2,"item":{"@id":"https:\/\/www.wiego.org\/es\/blog\/","name":"Blog WIEGO"}}],"@id":"\/#breadcrumb"}]}},"_links":{"self":[{"href":"https:\/\/www.wiego.org\/es\/wp-json\/wp\/v2\/pages\/26242","targetHints":{"allow":["GET"]}}],"collection":[{"href":"https:\/\/www.wiego.org\/es\/wp-json\/wp\/v2\/pages"}],"about":[{"href":"https:\/\/www.wiego.org\/es\/wp-json\/wp\/v2\/types\/page"}],"author":[{"embeddable":true,"href":"https:\/\/www.wiego.org\/es\/wp-json\/wp\/v2\/users\/2"}],"replies":[{"embeddable":true,"href":"https:\/\/www.wiego.org\/es\/wp-json\/wp\/v2\/comments?post=26242"}],"version-history":[{"count":0,"href":"https:\/\/www.wiego.org\/es\/wp-json\/wp\/v2\/pages\/26242\/revisions"}],"wp:attachment":[{"href":"https:\/\/www.wiego.org\/es\/wp-json\/wp\/v2\/media?parent=26242"}],"curies":[{"name":"wp","href":"https:\/\/api.w.org\/{rel}","templated":true}]}}