{"id":26240,"date":"2019-07-30T15:56:40","date_gmt":"2019-07-30T19:56:40","guid":{"rendered":"https:\/\/wiego.local\/estadisticas\/"},"modified":"2019-07-30T15:56:40","modified_gmt":"2019-07-30T19:56:40","slug":"estadisticas","status":"publish","type":"page","link":"https:\/\/www.wiego.org\/es\/estadisticas\/","title":{"rendered":"Estad\u00edsticas"},"content":{"rendered":"<h2>Datos estad\u00edsticos sobre la econom\u00eda informal<\/h2>\n<p>La estad\u00edstica ha encontrado un nuevo campo de expansi\u00f3n en el an\u00e1lisis del empleo informal y de las trabajadoras y trabajadores en dicho sector. En esta secci\u00f3n, examinamos los datos disponibles, as\u00ed como los conceptos, las definiciones y los m\u00e9todos que forman la base de un \u00e1rea de investigaci\u00f3n en crecimiento.<\/p>\n<h3>Panorama estad\u00edstico<\/h3>\n<p style=\"text-align:justify; margin-top:8px; margin-bottom:8px\">Con el fin de proveer de informaci\u00f3n las pol\u00edticas econ\u00f3micas y sociales, necesitamos estad\u00edsticas acerca de las distintas dimensiones de la econom\u00eda informal: su volumen, su composici\u00f3n o su contribuci\u00f3n, por ejemplo. Hasta hace poco, s\u00f3lo dispon\u00edamos de datos escasos sobre el empleo y la econom\u00eda informales. En esta secci\u00f3n, encontrar\u00e1 indicadores clave acerca del volumen y los componentes de la econom\u00eda informal en los pa\u00edses desarrollados y en v\u00edas de desarrollo.<\/p>\n<p>Leer m\u00e1s en nuestro\u00a0<a href=\"\/informal-economy\/statistics\/statistical-picture\">Panorama estad\u00edstico<\/a>.\u00a0<br \/>\nTambi\u00e9n puede leer la nota informativa sobre <a href=\"https:\/\/www.wiego.org\/resources\/women-and-paid-work-key-facts\">Las mujeres y el trabajo remunerado<\/a>\u00a0(2016).<\/p>\n<h3>Conceptos, definiciones y m\u00e9todos estad\u00edsticos<\/h3>\n<p style=\"text-align:justify; margin-top:8px; margin-bottom:8px\">El di\u00e1logo y la colaboraci\u00f3n entre los especialistas en estad\u00edstica y las personas que utilizan esas estad\u00edsticas resultan cruciales para que puedan producirse datos oportunos que sustenten el dise\u00f1o de pol\u00edticas. En esta secci\u00f3n, los usuarios que se interesen en las estad\u00edsticas sobre empleo informal encontrar\u00e1n la informaci\u00f3n necesaria para aprovechar al m\u00e1ximo los datos disponibles, as\u00ed como para entablar un di\u00e1logo acerca de sus necesidades en materia de datos con quienes los proveen.<\/p>\n<p>Leer m\u00e1s aqu\u00ed:\u00a0<a href=\"https:\/\/www.wiego.org\/informal-economy\/statistics\/concepts-definitions-methods\">Conceptos, Definiciones y M\u00e9todos<\/a>.<\/p>\n<h3>El desarrollo de estad\u00edsticas acerca de la econom\u00eda informal<\/h3>\n<p>Los datos estad\u00edsticos sobre la econom\u00eda informal son un campo de la estad\u00edstica relativamente nuevo. En esta secci\u00f3n, delineamos los avances significativos que se han logrado en la elaboraci\u00f3n de este tipo de datos desde 1993, cuando la Conferencia Internacional de Estad\u00edsticos del Trabajo recomend\u00f3 una definici\u00f3n estad\u00edstica del sector informal. Destacamos tambi\u00e9n los esfuerzos de colaboraci\u00f3n entre las fuentes p\u00fablicas de estad\u00edsticas y quienes las usan o buscan incidir en ellas\u2014esfuerzos que han sido importantes para lograr dichos avances.\u00a0<\/p>\n<p style=\"margin-top:8px; margin-bottom:8px\">Puede leer m\u00e1s en \u00a0<a href=\"https:\/\/www.wiego.org\/informal-economy\/statistics\/development-statistics-informal-economy\">Desarrollo de estad\u00edsticas sobre la econom\u00eda informal<\/a>.<\/p>\n<p>\u00a0<\/p>\n<p><strong>Puede leer los\u00a0<a href=\"https:\/\/www.wiego.org\/search?search_api_fulltext=&#038;field_informal_economy_topic%5B105%5D=105&#038;field_language%5B83%5D=83&#038;field_authors=\">Blogs de WIEGO sobre estad\u00edsticas<\/a><\/strong><\/p>\n<p>\u00a0<\/p>\n","protected":false},"excerpt":{"rendered":"<p>Datos estad\u00edsticos sobre la econom\u00eda informal<\/p>\n<p>La estad\u00edstica ha encontrado un nuevo campo de expansi\u00f3n en el an\u00e1lisis del empleo informal y de las trabajadoras y trabajadores en dicho sector. En esta secci\u00f3n, examinamos los datos disponibles, as\u00ed como los conceptos, las definiciones y los m\u00e9todos que forman la base de un \u00e1rea de investigaci\u00f3n en crecimiento.<\/p>\n","protected":false},"author":2,"featured_media":0,"parent":0,"menu_order":0,"comment_status":"closed","ping_status":"closed","template":"","meta":{"_acf_changed":false,"_relevanssi_hide_post":"","_relevanssi_hide_content":"","_relevanssi_pin_for_all":"","_relevanssi_pin_keywords":"","_relevanssi_unpin_keywords":"","_relevanssi_related_keywords":"","_relevanssi_related_include_ids":"","_relevanssi_related_exclude_ids":"","_relevanssi_related_no_append":"","_relevanssi_related_not_related":"","_relevanssi_related_posts":"","_relevanssi_noindex_reason":"","footnotes":""},"class_list":["post-26240","page","type-page","status-publish","hentry"],"acf":[],"yoast_head":"<!-- This site is optimized with the Yoast SEO Premium plugin v23.8 (Yoast SEO v27.0) - https:\/\/yoast.com\/product\/yoast-seo-premium-wordpress\/ -->\n<title>Estad\u00edsticas - WIEGO<\/title>\n<meta name=\"robots\" content=\"index, follow, max-snippet:-1, max-image-preview:large, max-video-preview:-1\" \/>\n<link rel=\"canonical\" href=\"https:\/\/www.wiego.org\/es\/estadisticas\/\" \/>\n<meta property=\"og:locale\" content=\"es_ES\" \/>\n<meta property=\"og:type\" content=\"article\" \/>\n<meta property=\"og:title\" content=\"Estad\u00edsticas\" \/>\n<meta property=\"og:description\" content=\"Datos estad\u00edsticos sobre la econom\u00eda informal La estad\u00edstica ha encontrado un nuevo campo de expansi\u00f3n en el an\u00e1lisis del empleo informal y de las trabajadoras y trabajadores en dicho sector. En esta secci\u00f3n, examinamos los datos disponibles, as\u00ed como los conceptos, las definiciones y los m\u00e9todos que forman la base de un \u00e1rea de investigaci\u00f3n en crecimiento.\" \/>\n<meta property=\"og:url\" content=\"https:\/\/www.wiego.org\/es\/estadisticas\/\" \/>\n<meta property=\"og:site_name\" content=\"WIEGO\" \/>\n<meta property=\"article:publisher\" content=\"https:\/\/www.facebook.com\/wiegoglobal\/\" \/>\n<meta property=\"og:image\" content=\"https:\/\/www.wiego.org\/wp-content\/uploads\/2024\/12\/WIEGO_Open-Graph_option-1-1024x538.png\" \/>\n\t<meta property=\"og:image:width\" content=\"1024\" \/>\n\t<meta property=\"og:image:height\" content=\"538\" \/>\n\t<meta property=\"og:image:type\" content=\"image\/png\" \/>\n<meta name=\"twitter:card\" content=\"summary_large_image\" \/>\n<meta name=\"twitter:site\" content=\"@wiegoglobal\" \/>\n<meta name=\"twitter:label1\" content=\"Est. reading time\" \/>\n\t<meta name=\"twitter:data1\" content=\"2 minutes\" \/>\n<script type=\"application\/ld+json\" class=\"yoast-schema-graph\">{\"@context\":\"https:\/\/schema.org\",\"@graph\":[{\"@type\":\"WebPage\",\"@id\":\"https:\/\/www.wiego.org\/es\/estadisticas\/\",\"url\":\"https:\/\/www.wiego.org\/es\/estadisticas\/\",\"name\":\"Estad\u00edsticas - WIEGO\",\"isPartOf\":{\"@id\":\"https:\/\/www.wiego.org\/es\/#website\"},\"datePublished\":\"2019-07-30T19:56:40+00:00\",\"breadcrumb\":{\"@id\":\"https:\/\/www.wiego.org\/es\/estadisticas\/#breadcrumb\"},\"inLanguage\":\"es-ES\",\"potentialAction\":[{\"@type\":\"ReadAction\",\"target\":[\"https:\/\/www.wiego.org\/es\/estadisticas\/\"]}]},{\"@type\":\"WebSite\",\"@id\":\"https:\/\/www.wiego.org\/es\/#website\",\"url\":\"https:\/\/www.wiego.org\/es\/\",\"name\":\"WIEGO\",\"description\":\"\",\"publisher\":{\"@id\":\"https:\/\/www.wiego.org\/es\/#organization\"},\"potentialAction\":[{\"@type\":\"SearchAction\",\"target\":{\"@type\":\"EntryPoint\",\"urlTemplate\":\"https:\/\/www.wiego.org\/es\/?s={search_term_string}\"},\"query-input\":{\"@type\":\"PropertyValueSpecification\",\"valueRequired\":true,\"valueName\":\"search_term_string\"}}],\"inLanguage\":\"es-ES\"},{\"@type\":\"Organization\",\"@id\":\"https:\/\/www.wiego.org\/es\/#organization\",\"name\":\"WIEGO\",\"url\":\"https:\/\/www.wiego.org\/es\/\",\"logo\":{\"@type\":\"ImageObject\",\"inLanguage\":\"es-ES\",\"@id\":\"https:\/\/www.wiego.org\/es\/#\/schema\/logo\/image\/\",\"url\":\"https:\/\/www.wiego.org\/wp-content\/uploads\/2024\/12\/logo.svg\",\"contentUrl\":\"https:\/\/www.wiego.org\/wp-content\/uploads\/2024\/12\/logo.svg\",\"width\":142,\"height\":90,\"caption\":\"WIEGO\"},\"image\":{\"@id\":\"https:\/\/www.wiego.org\/es\/#\/schema\/logo\/image\/\"},\"sameAs\":[\"https:\/\/www.facebook.com\/wiegoglobal\/\",\"https:\/\/x.com\/wiegoglobal\",\"https:\/\/www.linkedin.com\/company\/wiego\/\",\"https:\/\/www.youtube.com\/user\/wiegoglobal\"],\"description\":\"WIEGO is a global network that supports the movement of workers in informal employment.\"},{\"@type\":\"BreadcrumbList\",\"itemListElement\":[{\"@type\":\"ListItem\",\"position\":1,\"item\":{\"@id\":\"https:\/\/www.wiego.org\/es\/\",\"name\":\"WIEGO\"}},{\"@type\":\"ListItem\",\"position\":2,\"item\":{\"@id\":\"https:\/\/www.wiego.org\/es\/blog\/\",\"name\":\"Blog WIEGO\"}}],\"@id\":\"\/#breadcrumb\"}]}<\/script>\n<!-- \/ Yoast SEO Premium plugin. -->","yoast_head_json":{"title":"Estad\u00edsticas - WIEGO","robots":{"index":"index","follow":"follow","max-snippet":"max-snippet:-1","max-image-preview":"max-image-preview:large","max-video-preview":"max-video-preview:-1"},"canonical":"https:\/\/www.wiego.org\/es\/estadisticas\/","og_locale":"es_ES","og_type":"article","og_title":"Estad\u00edsticas","og_description":"Datos estad\u00edsticos sobre la econom\u00eda informal La estad\u00edstica ha encontrado un nuevo campo de expansi\u00f3n en el an\u00e1lisis del empleo informal y de las trabajadoras y trabajadores en dicho sector. En esta secci\u00f3n, examinamos los datos disponibles, as\u00ed como los conceptos, las definiciones y los m\u00e9todos que forman la base de un \u00e1rea de investigaci\u00f3n en crecimiento.","og_url":"https:\/\/www.wiego.org\/es\/estadisticas\/","og_site_name":"WIEGO","article_publisher":"https:\/\/www.facebook.com\/wiegoglobal\/","og_image":[{"width":1024,"height":538,"url":"https:\/\/www.wiego.org\/wp-content\/uploads\/2024\/12\/WIEGO_Open-Graph_option-1-1024x538.png","type":"image\/png"}],"twitter_card":"summary_large_image","twitter_site":"@wiegoglobal","twitter_misc":{"Est. reading time":"2 minutes"},"schema":{"@context":"https:\/\/schema.org","@graph":[{"@type":"WebPage","@id":"https:\/\/www.wiego.org\/es\/estadisticas\/","url":"https:\/\/www.wiego.org\/es\/estadisticas\/","name":"Estad\u00edsticas - WIEGO","isPartOf":{"@id":"https:\/\/www.wiego.org\/es\/#website"},"datePublished":"2019-07-30T19:56:40+00:00","breadcrumb":{"@id":"https:\/\/www.wiego.org\/es\/estadisticas\/#breadcrumb"},"inLanguage":"es-ES","potentialAction":[{"@type":"ReadAction","target":["https:\/\/www.wiego.org\/es\/estadisticas\/"]}]},{"@type":"WebSite","@id":"https:\/\/www.wiego.org\/es\/#website","url":"https:\/\/www.wiego.org\/es\/","name":"WIEGO","description":"","publisher":{"@id":"https:\/\/www.wiego.org\/es\/#organization"},"potentialAction":[{"@type":"SearchAction","target":{"@type":"EntryPoint","urlTemplate":"https:\/\/www.wiego.org\/es\/?s={search_term_string}"},"query-input":{"@type":"PropertyValueSpecification","valueRequired":true,"valueName":"search_term_string"}}],"inLanguage":"es-ES"},{"@type":"Organization","@id":"https:\/\/www.wiego.org\/es\/#organization","name":"WIEGO","url":"https:\/\/www.wiego.org\/es\/","logo":{"@type":"ImageObject","inLanguage":"es-ES","@id":"https:\/\/www.wiego.org\/es\/#\/schema\/logo\/image\/","url":"https:\/\/www.wiego.org\/wp-content\/uploads\/2024\/12\/logo.svg","contentUrl":"https:\/\/www.wiego.org\/wp-content\/uploads\/2024\/12\/logo.svg","width":142,"height":90,"caption":"WIEGO"},"image":{"@id":"https:\/\/www.wiego.org\/es\/#\/schema\/logo\/image\/"},"sameAs":["https:\/\/www.facebook.com\/wiegoglobal\/","https:\/\/x.com\/wiegoglobal","https:\/\/www.linkedin.com\/company\/wiego\/","https:\/\/www.youtube.com\/user\/wiegoglobal"],"description":"WIEGO is a global network that supports the movement of workers in informal employment."},{"@type":"BreadcrumbList","itemListElement":[{"@type":"ListItem","position":1,"item":{"@id":"https:\/\/www.wiego.org\/es\/","name":"WIEGO"}},{"@type":"ListItem","position":2,"item":{"@id":"https:\/\/www.wiego.org\/es\/blog\/","name":"Blog WIEGO"}}],"@id":"\/#breadcrumb"}]}},"_links":{"self":[{"href":"https:\/\/www.wiego.org\/es\/wp-json\/wp\/v2\/pages\/26240","targetHints":{"allow":["GET"]}}],"collection":[{"href":"https:\/\/www.wiego.org\/es\/wp-json\/wp\/v2\/pages"}],"about":[{"href":"https:\/\/www.wiego.org\/es\/wp-json\/wp\/v2\/types\/page"}],"author":[{"embeddable":true,"href":"https:\/\/www.wiego.org\/es\/wp-json\/wp\/v2\/users\/2"}],"replies":[{"embeddable":true,"href":"https:\/\/www.wiego.org\/es\/wp-json\/wp\/v2\/comments?post=26240"}],"version-history":[{"count":0,"href":"https:\/\/www.wiego.org\/es\/wp-json\/wp\/v2\/pages\/26240\/revisions"}],"wp:attachment":[{"href":"https:\/\/www.wiego.org\/es\/wp-json\/wp\/v2\/media?parent=26240"}],"curies":[{"name":"wp","href":"https:\/\/api.w.org\/{rel}","templated":true}]}}