{"id":26236,"date":"2019-06-25T20:26:24","date_gmt":"2019-06-26T00:26:24","guid":{"rendered":"https:\/\/wiego.local\/economia-informal\/"},"modified":"2019-06-25T20:26:24","modified_gmt":"2019-06-26T00:26:24","slug":"economia-informal","status":"publish","type":"page","link":"https:\/\/www.wiego.org\/es\/economia-informal\/","title":{"rendered":"Econom\u00eda informal"},"content":{"rendered":"<figure role=\"group\"><img decoding=\"async\" alt=\"mujere en el mercado\" data-entity-type=\"file\" data-entity-uuid=\"793c9231-4b46-4b0b-a741-8a28c0ab53f8\" src=\"\/sites\/default\/files\/inline-images\/2017-blog-OAbizaid-Dakar-SV.jpg\" width=\"580\" height=\"435\" loading=\"lazy\" \/><figcaption>Photo by Olga Abizaid<\/figcaption><\/figure>\n<h2>\u00bfQu\u00e9 es la econom\u00eda informal?<\/h2>\n<p>La econom\u00eda informal constituye el conjunto diversificado de actividades econ\u00f3micas, empresas y trabajadorxs no reguladxs o protegidxs por el estado. Originalmente, el concepto se utilizaba para hacer referencia al empleo aut\u00f3nomo en peque\u00f1as empresas no registradas. El concepto se ha ampliado para incluir tambi\u00e9n al empleo asalariado en trabajos no protegidos.<\/p>\n<p>Este resumen explica por qu\u00e9 <a href=\"https:\/\/www.wiego.org\/about-us\/what-we-do\/wiego-manifesto\">el apoyo a lxs trabajadorxs en empleo informal es clave para reducir la pobreza<\/a>.<\/p>\n<h3><b>Acabar con el mito de la &#8220;econom\u00eda sumergida&#8221;<\/b><\/h3>\n<p>La econom\u00eda informal tiende a ser estigmatizada como \u201cilegal\u201d, \u201csubterr\u00e1nea\u201d, \u201cmercado negro\u201d o \u201cmercado paralelo\u201d. A menudo se la llama la \u201ceconom\u00eda sumergida\u201d y se la caracteriza como ilegal o como una actividad poco \u00e9tica.<\/p>\n<p>Esta generalizaci\u00f3n es injusta. La gran mayor\u00eda de lxs trabajadorxs en empleo informal intentan ganarse la vida de una manera honesta, a pesar de los grandes contratiempos. En vez de trabajar de manera oculta, muchxs trabajan en <a href=\"https:\/\/www.wiego.org\/public-space-all\">espacios p\u00fablicos<\/a> y hacen grandes aportes a las comunidades y a las econom\u00edas.<\/p>\n<p><b>Conozca la realidad sobre la econom\u00eda informal: <a href=\"\/sites\/default\/files\/resources\/files\/WIEGO-Myths-Facts-Informal-Economy-espanol.pdf\" target=\"_blank\" rel=\"noopener\">Mitos y realidades<\/a><\/b><\/p>\n<p>Para acceder a informaci\u00f3n m\u00e1s completa sobre la econom\u00eda informal, lea el Documento de trabajo n.\u00b0 1 de WIEGO,\u00a0<a href=\"\/sites\/default\/files\/publications\/files\/Chen-Informal-Economy-Definitions-WIEGO-WP1-Espanol.pdf\" target=\"_blank\" rel=\"noopener\">La econom\u00eda informal: definiciones, teor\u00edas y pol\u00edticas<\/a> de Martha A. Chen.<\/p>\n<p>Lea\u00a0<a href=\"https:\/\/www.wiego.org\/blog\/can-informal-employment-actually-reduce-poverty\/\">\u00bfPuede el empleo informal realmente reducir la pobreza?<\/a><\/p>\n<hr \/>\n<h2>\u00bfCu\u00e1n grande es la econom\u00eda informal?<\/h2>\n<h4>La mayor parte de la poblaci\u00f3n ocupada a nivel mundial trabaja en el sector informal<\/h4>\n<p>La Organizaci\u00f3n Internacional del Trabajo public\u00f3 las primeras estad\u00edsticas sobre la fuerza de trabajo en empleo informal mundial en 2018:\u00a0<a href=\"https:\/\/www.wiego.org\/informal-economy\/statistics\/statistical-picture\">El 61\u00a0% de lxs trabajadorxs del mundo se gana la vida en la econom\u00eda informal<\/a>.<\/p>\n<h3>M\u00e1s sobre la econom\u00eda informal<\/h3>\n<ul>\n<li>Desde su \u201cdescubrimiento\u201d a principios de los a\u00f1os 70, se debati\u00f3 en\u00e9rgicamente sobre la econom\u00eda informal y su rol en el desarrollo de la econom\u00eda.\u00a0<a href=\"https:\/\/www.wiego.org\/informal-economy\/history-debates\/\">Historia y debates<\/a>\u00a0presenta un breve panorama general y observa los debates posteriores y las escuelas de pensamiento dominantes en materia de econom\u00eda informal.<\/li>\n<li>En las d\u00e9cadas recientes, las crecientes estad\u00edsticas sobre la econom\u00eda informal han explicado cu\u00e1n grande es la poblaci\u00f3n ocupada en la econom\u00eda informal\u00a0<strong>\u2013 2 mil millones de lxs trabajadorxs del mundo\u00a0\u2013<\/strong>\u00a0y cu\u00e1n significativas son sus contribuciones. Visite la pesta\u00f1a de\u00a0<a href=\"https:\/\/www.wiego.org\/es\/entender-la-economia-informal\/estadisticas\/\">Estad\u00edsticas<\/a>\u00a0para acceder a m\u00e1s informaci\u00f3n, detalles y debates.<\/li>\n<li>La econom\u00eda informal est\u00e1 en expansi\u00f3n en muchos contextos, surge en nuevos lugares y de diferentes formas. Juega un rol significativo en la econom\u00eda mundial y, si se la apoya, tambi\u00e9n juega un rol significativo en la reducci\u00f3n de la pobreza y la desigualdad. Sin embargo, la econom\u00eda informal no ofrece una \u201cprotecci\u00f3n\u201d durante las crisis econ\u00f3micas.\u00a0La publicaci\u00f3n, <a href=\"https:\/\/www.wiego.org\/informal-economy\/poverty-growth-linkages\/\">El v\u00ednculo entre la pobreza y el crecimiento\u00a0<\/a>, analiza estos temas que est\u00e1n interrelacionados.<\/li>\n<li><a href=\"https:\/\/www.wiego.org\/es\/entender-la-economia-informal\/grupos-ocupacionales\/\">Grupos ocupacionales<\/a>\u00a0presenta informaci\u00f3n sobre el tama\u00f1o, las contribuciones y las condiciones laborales de algunos de los grupos m\u00e1s significativos de trabajadorxs de la econom\u00eda informal (No se puede encasillar f\u00e1cilmente a todxs lxs trabajadorxs en un grupo ocupacional.) Por ejemplo, una trabajadora en domicilio puede producir una variedad de productos y servicios de diferentes industrias o puede involucrarse en el comercio ambulante para vender lo que produce.<\/li>\n<\/ul>\n","protected":false},"excerpt":{"rendered":"<p>Photo by Olga Abizaid\u00bfQu\u00e9 es la econom\u00eda informal?<\/p>\n<p>La econom\u00eda informal constituye el conjunto diversificado de actividades econ\u00f3micas, empresas y trabajadorxs no reguladxs o protegidxs por el estado.<\/p>\n","protected":false},"author":2,"featured_media":0,"parent":0,"menu_order":0,"comment_status":"closed","ping_status":"closed","template":"","meta":{"_acf_changed":false,"_relevanssi_hide_post":"","_relevanssi_hide_content":"","_relevanssi_pin_for_all":"","_relevanssi_pin_keywords":"","_relevanssi_unpin_keywords":"","_relevanssi_related_keywords":"","_relevanssi_related_include_ids":"","_relevanssi_related_exclude_ids":"","_relevanssi_related_no_append":"","_relevanssi_related_not_related":"","_relevanssi_related_posts":"","_relevanssi_noindex_reason":"","footnotes":""},"class_list":["post-26236","page","type-page","status-publish","hentry","economy-theme-historia-debates-teoria","economy-theme-pobreza-desigualdad"],"acf":[],"yoast_head":"<!-- This site is optimized with the Yoast SEO Premium plugin v23.8 (Yoast SEO v27.0) - https:\/\/yoast.com\/product\/yoast-seo-premium-wordpress\/ -->\n<title>Econom\u00eda informal - WIEGO<\/title>\n<meta name=\"robots\" content=\"index, follow, max-snippet:-1, max-image-preview:large, max-video-preview:-1\" \/>\n<link rel=\"canonical\" href=\"https:\/\/www.wiego.org\/es\/economia-informal\/\" \/>\n<meta property=\"og:locale\" content=\"es_ES\" \/>\n<meta property=\"og:type\" content=\"article\" \/>\n<meta property=\"og:title\" content=\"Econom\u00eda informal\" \/>\n<meta property=\"og:description\" content=\"Photo by Olga Abizaid\u00bfQu\u00e9 es la econom\u00eda informal? La econom\u00eda informal constituye el conjunto diversificado de actividades econ\u00f3micas, empresas y trabajadorxs no reguladxs o protegidxs por el estado.\" \/>\n<meta property=\"og:url\" content=\"https:\/\/www.wiego.org\/es\/economia-informal\/\" \/>\n<meta property=\"og:site_name\" content=\"WIEGO\" \/>\n<meta property=\"article:publisher\" content=\"https:\/\/www.facebook.com\/wiegoglobal\/\" \/>\n<meta property=\"og:image\" content=\"https:\/\/www.wiego.org\/wp-content\/uploads\/2024\/12\/WIEGO_Open-Graph_option-1-1024x538.png\" \/>\n\t<meta property=\"og:image:width\" content=\"1024\" \/>\n\t<meta property=\"og:image:height\" content=\"538\" \/>\n\t<meta property=\"og:image:type\" content=\"image\/png\" \/>\n<meta name=\"twitter:card\" content=\"summary_large_image\" \/>\n<meta name=\"twitter:site\" content=\"@wiegoglobal\" \/>\n<meta name=\"twitter:label1\" content=\"Est. reading time\" \/>\n\t<meta name=\"twitter:data1\" content=\"3 minutes\" \/>\n<script type=\"application\/ld+json\" class=\"yoast-schema-graph\">{\"@context\":\"https:\/\/schema.org\",\"@graph\":[{\"@type\":\"WebPage\",\"@id\":\"https:\/\/www.wiego.org\/es\/economia-informal\/\",\"url\":\"https:\/\/www.wiego.org\/es\/economia-informal\/\",\"name\":\"Econom\u00eda informal - WIEGO\",\"isPartOf\":{\"@id\":\"https:\/\/www.wiego.org\/es\/#website\"},\"datePublished\":\"2019-06-26T00:26:24+00:00\",\"breadcrumb\":{\"@id\":\"https:\/\/www.wiego.org\/es\/economia-informal\/#breadcrumb\"},\"inLanguage\":\"es-ES\",\"potentialAction\":[{\"@type\":\"ReadAction\",\"target\":[\"https:\/\/www.wiego.org\/es\/economia-informal\/\"]}]},{\"@type\":\"WebSite\",\"@id\":\"https:\/\/www.wiego.org\/es\/#website\",\"url\":\"https:\/\/www.wiego.org\/es\/\",\"name\":\"WIEGO\",\"description\":\"\",\"publisher\":{\"@id\":\"https:\/\/www.wiego.org\/es\/#organization\"},\"potentialAction\":[{\"@type\":\"SearchAction\",\"target\":{\"@type\":\"EntryPoint\",\"urlTemplate\":\"https:\/\/www.wiego.org\/es\/?s={search_term_string}\"},\"query-input\":{\"@type\":\"PropertyValueSpecification\",\"valueRequired\":true,\"valueName\":\"search_term_string\"}}],\"inLanguage\":\"es-ES\"},{\"@type\":\"Organization\",\"@id\":\"https:\/\/www.wiego.org\/es\/#organization\",\"name\":\"WIEGO\",\"url\":\"https:\/\/www.wiego.org\/es\/\",\"logo\":{\"@type\":\"ImageObject\",\"inLanguage\":\"es-ES\",\"@id\":\"https:\/\/www.wiego.org\/es\/#\/schema\/logo\/image\/\",\"url\":\"https:\/\/www.wiego.org\/wp-content\/uploads\/2024\/12\/logo.svg\",\"contentUrl\":\"https:\/\/www.wiego.org\/wp-content\/uploads\/2024\/12\/logo.svg\",\"width\":142,\"height\":90,\"caption\":\"WIEGO\"},\"image\":{\"@id\":\"https:\/\/www.wiego.org\/es\/#\/schema\/logo\/image\/\"},\"sameAs\":[\"https:\/\/www.facebook.com\/wiegoglobal\/\",\"https:\/\/x.com\/wiegoglobal\",\"https:\/\/www.linkedin.com\/company\/wiego\/\",\"https:\/\/www.youtube.com\/user\/wiegoglobal\"],\"description\":\"WIEGO is a global network that supports the movement of workers in informal employment.\"},{\"@type\":\"BreadcrumbList\",\"itemListElement\":[{\"@type\":\"ListItem\",\"position\":1,\"item\":{\"@id\":\"https:\/\/www.wiego.org\/es\/\",\"name\":\"WIEGO\"}},{\"@type\":\"ListItem\",\"position\":2,\"item\":{\"@id\":\"https:\/\/www.wiego.org\/es\/blog\/\",\"name\":\"Blog WIEGO\"}}],\"@id\":\"\/#breadcrumb\"}]}<\/script>\n<!-- \/ Yoast SEO Premium plugin. -->","yoast_head_json":{"title":"Econom\u00eda informal - WIEGO","robots":{"index":"index","follow":"follow","max-snippet":"max-snippet:-1","max-image-preview":"max-image-preview:large","max-video-preview":"max-video-preview:-1"},"canonical":"https:\/\/www.wiego.org\/es\/economia-informal\/","og_locale":"es_ES","og_type":"article","og_title":"Econom\u00eda informal","og_description":"Photo by Olga Abizaid\u00bfQu\u00e9 es la econom\u00eda informal? La econom\u00eda informal constituye el conjunto diversificado de actividades econ\u00f3micas, empresas y trabajadorxs no reguladxs o protegidxs por el estado.","og_url":"https:\/\/www.wiego.org\/es\/economia-informal\/","og_site_name":"WIEGO","article_publisher":"https:\/\/www.facebook.com\/wiegoglobal\/","og_image":[{"width":1024,"height":538,"url":"https:\/\/www.wiego.org\/wp-content\/uploads\/2024\/12\/WIEGO_Open-Graph_option-1-1024x538.png","type":"image\/png"}],"twitter_card":"summary_large_image","twitter_site":"@wiegoglobal","twitter_misc":{"Est. reading time":"3 minutes"},"schema":{"@context":"https:\/\/schema.org","@graph":[{"@type":"WebPage","@id":"https:\/\/www.wiego.org\/es\/economia-informal\/","url":"https:\/\/www.wiego.org\/es\/economia-informal\/","name":"Econom\u00eda informal - WIEGO","isPartOf":{"@id":"https:\/\/www.wiego.org\/es\/#website"},"datePublished":"2019-06-26T00:26:24+00:00","breadcrumb":{"@id":"https:\/\/www.wiego.org\/es\/economia-informal\/#breadcrumb"},"inLanguage":"es-ES","potentialAction":[{"@type":"ReadAction","target":["https:\/\/www.wiego.org\/es\/economia-informal\/"]}]},{"@type":"WebSite","@id":"https:\/\/www.wiego.org\/es\/#website","url":"https:\/\/www.wiego.org\/es\/","name":"WIEGO","description":"","publisher":{"@id":"https:\/\/www.wiego.org\/es\/#organization"},"potentialAction":[{"@type":"SearchAction","target":{"@type":"EntryPoint","urlTemplate":"https:\/\/www.wiego.org\/es\/?s={search_term_string}"},"query-input":{"@type":"PropertyValueSpecification","valueRequired":true,"valueName":"search_term_string"}}],"inLanguage":"es-ES"},{"@type":"Organization","@id":"https:\/\/www.wiego.org\/es\/#organization","name":"WIEGO","url":"https:\/\/www.wiego.org\/es\/","logo":{"@type":"ImageObject","inLanguage":"es-ES","@id":"https:\/\/www.wiego.org\/es\/#\/schema\/logo\/image\/","url":"https:\/\/www.wiego.org\/wp-content\/uploads\/2024\/12\/logo.svg","contentUrl":"https:\/\/www.wiego.org\/wp-content\/uploads\/2024\/12\/logo.svg","width":142,"height":90,"caption":"WIEGO"},"image":{"@id":"https:\/\/www.wiego.org\/es\/#\/schema\/logo\/image\/"},"sameAs":["https:\/\/www.facebook.com\/wiegoglobal\/","https:\/\/x.com\/wiegoglobal","https:\/\/www.linkedin.com\/company\/wiego\/","https:\/\/www.youtube.com\/user\/wiegoglobal"],"description":"WIEGO is a global network that supports the movement of workers in informal employment."},{"@type":"BreadcrumbList","itemListElement":[{"@type":"ListItem","position":1,"item":{"@id":"https:\/\/www.wiego.org\/es\/","name":"WIEGO"}},{"@type":"ListItem","position":2,"item":{"@id":"https:\/\/www.wiego.org\/es\/blog\/","name":"Blog WIEGO"}}],"@id":"\/#breadcrumb"}]}},"_links":{"self":[{"href":"https:\/\/www.wiego.org\/es\/wp-json\/wp\/v2\/pages\/26236","targetHints":{"allow":["GET"]}}],"collection":[{"href":"https:\/\/www.wiego.org\/es\/wp-json\/wp\/v2\/pages"}],"about":[{"href":"https:\/\/www.wiego.org\/es\/wp-json\/wp\/v2\/types\/page"}],"author":[{"embeddable":true,"href":"https:\/\/www.wiego.org\/es\/wp-json\/wp\/v2\/users\/2"}],"replies":[{"embeddable":true,"href":"https:\/\/www.wiego.org\/es\/wp-json\/wp\/v2\/comments?post=26236"}],"version-history":[{"count":0,"href":"https:\/\/www.wiego.org\/es\/wp-json\/wp\/v2\/pages\/26236\/revisions"}],"wp:attachment":[{"href":"https:\/\/www.wiego.org\/es\/wp-json\/wp\/v2\/media?parent=26236"}],"curies":[{"name":"wp","href":"https:\/\/api.w.org\/{rel}","templated":true}]}}