{"id":26235,"date":"2019-06-20T18:15:06","date_gmt":"2019-06-20T22:15:06","guid":{"rendered":"https:\/\/wiego.local\/acerca-de-nosotrxs\/"},"modified":"2019-06-20T18:15:06","modified_gmt":"2019-06-20T22:15:06","slug":"acerca-de-nosotrxs","status":"publish","type":"page","link":"https:\/\/www.wiego.org\/es\/acerca-de-nosotrxs\/","title":{"rendered":"Acerca de nosotrxs"},"content":{"rendered":"<h2>Nuestra misi\u00f3n<\/h2>\n<p>Mujeres en Empleo Informal: Globalizando y Organizando (WIEGO, por sus siglas en ingl\u00e9s) es una red global que busca mejorar las condiciones laborales de las personas trabajadoras \u2013particularmente de las mujeres\u2013 en situaci\u00f3n de pobreza en la econom\u00eda informal. Creemos que todas las personas trabajadoras deber\u00edan tener igualdad de oportunidades y derechos econ\u00f3micos, contar con protecci\u00f3n y tener una voz.<\/p>\n<p>En la actualidad, <a data-entity-substitution=\"canonical\" data-entity-type=\"node\" data-entity-uuid=\"255af0ca-e024-4730-b264-7b3f06b73345\" href=\"\/publications\/women-and-men-informal-economy-statistical-picture-3rd-edition\">el 61 por ciento de las personas trabajadoras<\/a> se gana la vida en la econom\u00eda informal \u2013ya sea en trabajos o empresas que no est\u00e1n regulados ni protegidos por el gobierno, pero que representan oportunidades econ\u00f3micas cruciales para las personas trabajadoras en situaci\u00f3n de pobreza\u2013. En estos trabajos, los \u00edndices de pobreza son elevados y el respeto de los derechos humanos y de las personas trabajadoras es bajo.<\/p>\n<h4>Vea este breve video explicativo sobre la econom\u00eda informal:<\/h4>\n<div class=\"video-embed-field-provider-youtube video-embed-field-responsive-video form-group\"><iframe loading=\"lazy\" width=\"854\" height=\"480\" frameborder=\"0\" allowfullscreen=\"allowfullscreen\" src=\"https:\/\/www.youtube.com\/embed\/7k8ABCTluHM?autoplay=0&#038;start=0&#038;rel=0\"><\/iframe>\n<\/div>\n<hr \/>\n<p>Desde 1997, WIEGO ha conectado organizaciones de base de miembros (OBM) de personas trabajadoras en la econom\u00eda informal \u2013incluidos sindicatos, cooperativas y asociaciones de personas trabajadoras\u2013 con profesionales del \u00e1mbito de la investigaci\u00f3n, de la estad\u00edstica y del desarrollo para abordar las inquietudes de las personas trabajadoras en sus bases.<\/p>\n<p>WIEGO trabaja para asegurar ingresos justos y condiciones de trabajo seguras para las personas trabajadoras; busca tambi\u00e9n reducir su vulnerabilidad frente a enfermedades, al desempleo y a impactos externos (como una pandemia o una crisis econ\u00f3mica) mediante la implementaci\u00f3n de pol\u00edticas gubernamentales y programas dise\u00f1ados para reducir y prevenir estos riesgos.<\/p>\n<p>WIEGO promueve dicho cambio mejorando la elaboraci\u00f3n de estad\u00edsticas y expandiendo el conocimiento sobre la econom\u00eda informal, creando redes y capacidades entre las organizaciones de personas trabajadoras, adem\u00e1s de brindar asistencia en su lucha para lograr incidir en pol\u00edticas locales, nacionales e internacionales.<\/p>\n<p>Lea m\u00e1s sobre la misi\u00f3n de WIEGO en nuestro <a data-entity-substitution=\"canonical\" data-entity-type=\"node\" data-entity-uuid=\"1fddf47f-b6c9-4fcf-a31a-7002e959e719\" href=\"\/es\/about-us\/what-we-do\/wiego-manifesto\">Manifiesto<\/a>.<\/p>\n<hr \/>\n<h5>Foto principal: Paula Bronstein\/Getty Images Reportage<\/h5>\n","protected":false},"excerpt":{"rendered":"<p>Nuestra misi\u00f3n<\/p>\n<p>Mujeres en Empleo Informal: Globalizando y Organizando (WIEGO, por sus siglas en ingl\u00e9s) es una red global que busca mejorar las condiciones laborales de las personas trabajadoras \u2013particularmente de las mujeres\u2013 en situaci\u00f3n de pobreza en la econom\u00eda informal. Creemos que todas las personas trabajadoras deber\u00edan tener igualdad de oportunidades y derechos econ\u00f3micos, contar con protecci\u00f3n y tener una voz.<\/p>\n","protected":false},"author":2,"featured_media":18436,"parent":0,"menu_order":0,"comment_status":"closed","ping_status":"closed","template":"","meta":{"_acf_changed":false,"_relevanssi_hide_post":"","_relevanssi_hide_content":"","_relevanssi_pin_for_all":"","_relevanssi_pin_keywords":"","_relevanssi_unpin_keywords":"","_relevanssi_related_keywords":"","_relevanssi_related_include_ids":"","_relevanssi_related_exclude_ids":"","_relevanssi_related_no_append":"","_relevanssi_related_not_related":"","_relevanssi_related_posts":"","_relevanssi_noindex_reason":"","footnotes":""},"class_list":["post-26235","page","type-page","status-publish","has-post-thumbnail","hentry"],"acf":[],"yoast_head":"<!-- This site is optimized with the Yoast SEO Premium plugin v23.8 (Yoast SEO v27.0) - https:\/\/yoast.com\/product\/yoast-seo-premium-wordpress\/ -->\n<title>Acerca de nosotrxs - WIEGO<\/title>\n<meta name=\"robots\" content=\"index, follow, max-snippet:-1, max-image-preview:large, max-video-preview:-1\" \/>\n<link rel=\"canonical\" href=\"https:\/\/www.wiego.org\/es\/acerca-de-nosotrxs\/\" \/>\n<meta property=\"og:locale\" content=\"es_ES\" \/>\n<meta property=\"og:type\" content=\"article\" \/>\n<meta property=\"og:title\" content=\"Acerca de nosotrxs\" \/>\n<meta property=\"og:description\" content=\"Nuestra misi\u00f3n Mujeres en Empleo Informal: Globalizando y Organizando (WIEGO, por sus siglas en ingl\u00e9s) es una red global que busca mejorar las condiciones laborales de las personas trabajadoras \u2013particularmente de las mujeres\u2013 en situaci\u00f3n de pobreza en la econom\u00eda informal. Creemos que todas las personas trabajadoras deber\u00edan tener igualdad de oportunidades y derechos econ\u00f3micos, contar con protecci\u00f3n y tener una voz.\" \/>\n<meta property=\"og:url\" content=\"https:\/\/www.wiego.org\/es\/acerca-de-nosotrxs\/\" \/>\n<meta property=\"og:site_name\" content=\"WIEGO\" \/>\n<meta property=\"article:publisher\" content=\"https:\/\/www.facebook.com\/wiegoglobal\/\" \/>\n<meta property=\"og:image\" content=\"https:\/\/www.wiego.org\/wp-content\/uploads\/2021\/11\/about_wiego.jpg\" \/>\n\t<meta property=\"og:image:width\" content=\"1130\" \/>\n\t<meta property=\"og:image:height\" content=\"426\" \/>\n\t<meta property=\"og:image:type\" content=\"image\/jpeg\" \/>\n<meta name=\"twitter:card\" content=\"summary_large_image\" \/>\n<meta name=\"twitter:site\" content=\"@wiegoglobal\" \/>\n<meta name=\"twitter:label1\" content=\"Est. reading time\" \/>\n\t<meta name=\"twitter:data1\" content=\"2 minutes\" \/>\n<script type=\"application\/ld+json\" class=\"yoast-schema-graph\">{\"@context\":\"https:\/\/schema.org\",\"@graph\":[{\"@type\":\"WebPage\",\"@id\":\"https:\/\/www.wiego.org\/es\/acerca-de-nosotrxs\/\",\"url\":\"https:\/\/www.wiego.org\/es\/acerca-de-nosotrxs\/\",\"name\":\"Acerca de nosotrxs - WIEGO\",\"isPartOf\":{\"@id\":\"https:\/\/www.wiego.org\/es\/#website\"},\"primaryImageOfPage\":{\"@id\":\"https:\/\/www.wiego.org\/es\/acerca-de-nosotrxs\/#primaryimage\"},\"image\":{\"@id\":\"https:\/\/www.wiego.org\/es\/acerca-de-nosotrxs\/#primaryimage\"},\"thumbnailUrl\":\"https:\/\/www.wiego.org\/wp-content\/uploads\/2021\/11\/about_wiego.jpg\",\"datePublished\":\"2019-06-20T22:15:06+00:00\",\"breadcrumb\":{\"@id\":\"https:\/\/www.wiego.org\/es\/acerca-de-nosotrxs\/#breadcrumb\"},\"inLanguage\":\"es-ES\",\"potentialAction\":[{\"@type\":\"ReadAction\",\"target\":[\"https:\/\/www.wiego.org\/es\/acerca-de-nosotrxs\/\"]}]},{\"@type\":\"ImageObject\",\"inLanguage\":\"es-ES\",\"@id\":\"https:\/\/www.wiego.org\/es\/acerca-de-nosotrxs\/#primaryimage\",\"url\":\"https:\/\/www.wiego.org\/wp-content\/uploads\/2021\/11\/about_wiego.jpg\",\"contentUrl\":\"https:\/\/www.wiego.org\/wp-content\/uploads\/2021\/11\/about_wiego.jpg\",\"width\":1130,\"height\":426},{\"@type\":\"WebSite\",\"@id\":\"https:\/\/www.wiego.org\/es\/#website\",\"url\":\"https:\/\/www.wiego.org\/es\/\",\"name\":\"WIEGO\",\"description\":\"\",\"publisher\":{\"@id\":\"https:\/\/www.wiego.org\/es\/#organization\"},\"potentialAction\":[{\"@type\":\"SearchAction\",\"target\":{\"@type\":\"EntryPoint\",\"urlTemplate\":\"https:\/\/www.wiego.org\/es\/?s={search_term_string}\"},\"query-input\":{\"@type\":\"PropertyValueSpecification\",\"valueRequired\":true,\"valueName\":\"search_term_string\"}}],\"inLanguage\":\"es-ES\"},{\"@type\":\"Organization\",\"@id\":\"https:\/\/www.wiego.org\/es\/#organization\",\"name\":\"WIEGO\",\"url\":\"https:\/\/www.wiego.org\/es\/\",\"logo\":{\"@type\":\"ImageObject\",\"inLanguage\":\"es-ES\",\"@id\":\"https:\/\/www.wiego.org\/es\/#\/schema\/logo\/image\/\",\"url\":\"https:\/\/www.wiego.org\/wp-content\/uploads\/2024\/12\/logo.svg\",\"contentUrl\":\"https:\/\/www.wiego.org\/wp-content\/uploads\/2024\/12\/logo.svg\",\"width\":142,\"height\":90,\"caption\":\"WIEGO\"},\"image\":{\"@id\":\"https:\/\/www.wiego.org\/es\/#\/schema\/logo\/image\/\"},\"sameAs\":[\"https:\/\/www.facebook.com\/wiegoglobal\/\",\"https:\/\/x.com\/wiegoglobal\",\"https:\/\/www.linkedin.com\/company\/wiego\/\",\"https:\/\/www.youtube.com\/user\/wiegoglobal\"],\"description\":\"WIEGO is a global network that supports the movement of workers in informal employment.\"},{\"@type\":\"BreadcrumbList\",\"itemListElement\":[{\"@type\":\"ListItem\",\"position\":1,\"item\":{\"@id\":\"https:\/\/www.wiego.org\/es\/\",\"name\":\"WIEGO\"}},{\"@type\":\"ListItem\",\"position\":2,\"item\":{\"@id\":\"https:\/\/www.wiego.org\/es\/blog\/\",\"name\":\"Blog WIEGO\"}}],\"@id\":\"\/#breadcrumb\"}]}<\/script>\n<!-- \/ Yoast SEO Premium plugin. -->","yoast_head_json":{"title":"Acerca de nosotrxs - WIEGO","robots":{"index":"index","follow":"follow","max-snippet":"max-snippet:-1","max-image-preview":"max-image-preview:large","max-video-preview":"max-video-preview:-1"},"canonical":"https:\/\/www.wiego.org\/es\/acerca-de-nosotrxs\/","og_locale":"es_ES","og_type":"article","og_title":"Acerca de nosotrxs","og_description":"Nuestra misi\u00f3n Mujeres en Empleo Informal: Globalizando y Organizando (WIEGO, por sus siglas en ingl\u00e9s) es una red global que busca mejorar las condiciones laborales de las personas trabajadoras \u2013particularmente de las mujeres\u2013 en situaci\u00f3n de pobreza en la econom\u00eda informal. Creemos que todas las personas trabajadoras deber\u00edan tener igualdad de oportunidades y derechos econ\u00f3micos, contar con protecci\u00f3n y tener una voz.","og_url":"https:\/\/www.wiego.org\/es\/acerca-de-nosotrxs\/","og_site_name":"WIEGO","article_publisher":"https:\/\/www.facebook.com\/wiegoglobal\/","og_image":[{"width":1130,"height":426,"url":"https:\/\/www.wiego.org\/wp-content\/uploads\/2021\/11\/about_wiego.jpg","type":"image\/jpeg"}],"twitter_card":"summary_large_image","twitter_site":"@wiegoglobal","twitter_misc":{"Est. reading time":"2 minutes"},"schema":{"@context":"https:\/\/schema.org","@graph":[{"@type":"WebPage","@id":"https:\/\/www.wiego.org\/es\/acerca-de-nosotrxs\/","url":"https:\/\/www.wiego.org\/es\/acerca-de-nosotrxs\/","name":"Acerca de nosotrxs - WIEGO","isPartOf":{"@id":"https:\/\/www.wiego.org\/es\/#website"},"primaryImageOfPage":{"@id":"https:\/\/www.wiego.org\/es\/acerca-de-nosotrxs\/#primaryimage"},"image":{"@id":"https:\/\/www.wiego.org\/es\/acerca-de-nosotrxs\/#primaryimage"},"thumbnailUrl":"https:\/\/www.wiego.org\/wp-content\/uploads\/2021\/11\/about_wiego.jpg","datePublished":"2019-06-20T22:15:06+00:00","breadcrumb":{"@id":"https:\/\/www.wiego.org\/es\/acerca-de-nosotrxs\/#breadcrumb"},"inLanguage":"es-ES","potentialAction":[{"@type":"ReadAction","target":["https:\/\/www.wiego.org\/es\/acerca-de-nosotrxs\/"]}]},{"@type":"ImageObject","inLanguage":"es-ES","@id":"https:\/\/www.wiego.org\/es\/acerca-de-nosotrxs\/#primaryimage","url":"https:\/\/www.wiego.org\/wp-content\/uploads\/2021\/11\/about_wiego.jpg","contentUrl":"https:\/\/www.wiego.org\/wp-content\/uploads\/2021\/11\/about_wiego.jpg","width":1130,"height":426},{"@type":"WebSite","@id":"https:\/\/www.wiego.org\/es\/#website","url":"https:\/\/www.wiego.org\/es\/","name":"WIEGO","description":"","publisher":{"@id":"https:\/\/www.wiego.org\/es\/#organization"},"potentialAction":[{"@type":"SearchAction","target":{"@type":"EntryPoint","urlTemplate":"https:\/\/www.wiego.org\/es\/?s={search_term_string}"},"query-input":{"@type":"PropertyValueSpecification","valueRequired":true,"valueName":"search_term_string"}}],"inLanguage":"es-ES"},{"@type":"Organization","@id":"https:\/\/www.wiego.org\/es\/#organization","name":"WIEGO","url":"https:\/\/www.wiego.org\/es\/","logo":{"@type":"ImageObject","inLanguage":"es-ES","@id":"https:\/\/www.wiego.org\/es\/#\/schema\/logo\/image\/","url":"https:\/\/www.wiego.org\/wp-content\/uploads\/2024\/12\/logo.svg","contentUrl":"https:\/\/www.wiego.org\/wp-content\/uploads\/2024\/12\/logo.svg","width":142,"height":90,"caption":"WIEGO"},"image":{"@id":"https:\/\/www.wiego.org\/es\/#\/schema\/logo\/image\/"},"sameAs":["https:\/\/www.facebook.com\/wiegoglobal\/","https:\/\/x.com\/wiegoglobal","https:\/\/www.linkedin.com\/company\/wiego\/","https:\/\/www.youtube.com\/user\/wiegoglobal"],"description":"WIEGO is a global network that supports the movement of workers in informal employment."},{"@type":"BreadcrumbList","itemListElement":[{"@type":"ListItem","position":1,"item":{"@id":"https:\/\/www.wiego.org\/es\/","name":"WIEGO"}},{"@type":"ListItem","position":2,"item":{"@id":"https:\/\/www.wiego.org\/es\/blog\/","name":"Blog WIEGO"}}],"@id":"\/#breadcrumb"}]}},"_links":{"self":[{"href":"https:\/\/www.wiego.org\/es\/wp-json\/wp\/v2\/pages\/26235","targetHints":{"allow":["GET"]}}],"collection":[{"href":"https:\/\/www.wiego.org\/es\/wp-json\/wp\/v2\/pages"}],"about":[{"href":"https:\/\/www.wiego.org\/es\/wp-json\/wp\/v2\/types\/page"}],"author":[{"embeddable":true,"href":"https:\/\/www.wiego.org\/es\/wp-json\/wp\/v2\/users\/2"}],"replies":[{"embeddable":true,"href":"https:\/\/www.wiego.org\/es\/wp-json\/wp\/v2\/comments?post=26235"}],"version-history":[{"count":0,"href":"https:\/\/www.wiego.org\/es\/wp-json\/wp\/v2\/pages\/26235\/revisions"}],"wp:featuredmedia":[{"embeddable":true,"href":"https:\/\/www.wiego.org\/es\/wp-json\/wp\/v2\/media\/18436"}],"wp:attachment":[{"href":"https:\/\/www.wiego.org\/es\/wp-json\/wp\/v2\/media?parent=26235"}],"curies":[{"name":"wp","href":"https:\/\/api.w.org\/{rel}","templated":true}]}}