{"id":26234,"date":"2019-06-20T18:13:32","date_gmt":"2019-06-20T22:13:32","guid":{"rendered":"https:\/\/wiego.local\/nuestro-trabajo-e-impacto\/"},"modified":"2019-06-20T18:13:32","modified_gmt":"2019-06-20T22:13:32","slug":"nuestro-trabajo-e-impacto","status":"publish","type":"page","link":"https:\/\/www.wiego.org\/es\/nuestro-trabajo-e-impacto\/","title":{"rendered":"Nuestro trabajo e impacto"},"content":{"rendered":"<p class=\"emphasized-intro-text\"><strong>El trabajo de WIEGO est\u00e1 generando un impacto en las comunidades urbanas y en el escenario mundial.<\/strong><\/p>\n<p style=\"text-indent:-.1pt; margin-top:8px; margin-bottom:8px\">Todo nuestro trabajo se lleva a cabo en sinton\u00eda con y a favor de organizaciones de trabajadorxs &#8212; organizaciones locales, nacionales, regionales e internacionales que movilizan a sus miembros y abogan por mejores condiciones laborales, protecci\u00f3n social y legal y por el reconocimiento de lxs trabajadorxs en empleo informal y en situaci\u00f3n de pobreza como trabajadorxs.<\/p>\n<p>WIEGO tiene tres objetivos: ayudar a intensificar la voz de estxs trabajadorxs, aumentar su visibilidad a trav\u00e9s de las estad\u00edsticas oficiales y el compromiso p\u00fablico y garantizar que tengan poder en los espacios de formulaci\u00f3n de pol\u00edticas.<\/p>\n<ul>\n<li>Historias de impacto espec\u00edfico<\/li>\n<li>Impacto regional de WIEGO en\u00a0<a href=\"https:\/\/www.wiego.org\/sites\/default\/files\/resources\/files\/WIEGO-in-Asia-Eng-2017.pdf\" target=\"_blank\" rel=\"noopener\">Asia<\/a>,\u00a0<a href=\"https:\/\/www.wiego.org\/sites\/default\/files\/resources\/files\/WIEGO-in-Latin-America-Eng2-2017.pdf\" target=\"_blank\" rel=\"noopener\">Am\u00e9rica Latina<\/a>\u00a0y\u00a0<a href=\"https:\/\/www.wiego.org\/sites\/default\/files\/resources\/files\/WIEGO-in-Africa-Eng-2017.pdf\" target=\"_blank\" rel=\"noopener\">\u00c1frica<\/a><\/li>\n<\/ul>\n<h2>Complejidad<\/h2>\n<p style=\"text-indent:-.1pt; margin-top:8px; margin-bottom:8px\">La econom\u00eda informal es multifac\u00e9tica e incluye a trabajadorxs de muchos sectores de todos los pa\u00edses que enfrentan innumerables desaf\u00edos. Por lo tanto, el trabajo de WIEGO es necesariamente complejo.<\/p>\n<p>Nuestros cinco\u00a0<a data-entity-substitution=\"canonical\" data-entity-type=\"node\" data-entity-uuid=\"e7c79792-f330-4d44-9af4-97f1ff0c3e21\" href=\"\/es\/programas-principales\">programas esenciales<\/a>\u00a0atraviesan seis\u00a0<a href=\"https:\/\/www.wiego.org\/our-work-impact\/themes\">temas principales de la econom\u00eda informal<\/a>. Aunque trabajamos en muchas ciudades, hay cinco &#8220;<a href=\"https:\/\/www.wiego.org\/es\/ciudades-focales\">ciudades focales<\/a>&#8221; en las que en la actualidad hemos concentrado nuestros esfuerzos para lograr resultados.<\/p>\n<p>Concentramos nuestro trabajo en cuatro\u00a0<a href=\"https:\/\/www.wiego.org\/es\/entender-la-economia-informal\/grupos-ocupacionales\/\">grupos ocupacionales<\/a> importantes.<\/p>\n<p>WIEGO tambi\u00e9n lleva a cabo\u00a0<a href=\"https:\/\/www.wiego.org\/our-work-impact\/special-initiatives\">iniciativas especiales<\/a>\u00a0que ampl\u00edan la base del conocimiento, incluso a trav\u00e9s de la vivencia de la dif\u00edcil realidad de lxs trabajadorxs en empleo informal.<\/p>\n<h2>Proyectos globales<\/h2>\n<p style=\"text-indent:-.1pt; margin-top:8px; margin-bottom:8px\">WIEGO coordin\u00f3 dos Proyectos globales que inclu\u00edan a m\u00faltiples sectores, programas y regiones. Estos supon\u00edan sociedades con organizaciones de base de miembros (OBM) de trabajadorxs en empleo informal. WIEGO les brind\u00f3 soporte t\u00e9cnico y experiencia, los apalanc\u00f3 y gestion\u00f3 el financiamiento:<\/p>\n<ol>\n<li><a href=\"https:\/\/www.wiego.org\/inclusive-cities-project\">Ciudades inclusivas para lxs trabajadorxs en situaci\u00f3n de pobreza<\/a>\u00a0<\/li>\n<li><a href=\"https:\/\/www.wiego.org\/our-work-impact\/themes\/womens-economic-empowerment\">Empoderamiento econ\u00f3mico de las mujeres<\/a><\/li>\n<\/ol>\n<p>\u00a0<\/p>\n","protected":false},"excerpt":{"rendered":"<p>el trabajo de WIEGO se lleva a cabo en sinton\u00eda con y a favor de organizaciones de trabajadorxs en empleo informal &#8212; organizaciones locales, nacionales, regionales e internacionales que movilizan a sus miembros y abogan por mejores condiciones laborales, protecci\u00f3n social y legal y por el reconocimiento de lxs trabajadorxs en empleo informal como trabajadorxs. Nuestro trabajo est\u00e1 generando un impacto en las comunidades urbanas y en el escenario mundial.<\/p>\n","protected":false},"author":2,"featured_media":12926,"parent":0,"menu_order":0,"comment_status":"closed","ping_status":"closed","template":"","meta":{"_acf_changed":false,"_relevanssi_hide_post":"","_relevanssi_hide_content":"","_relevanssi_pin_for_all":"","_relevanssi_pin_keywords":"","_relevanssi_unpin_keywords":"","_relevanssi_related_keywords":"","_relevanssi_related_include_ids":"","_relevanssi_related_exclude_ids":"","_relevanssi_related_no_append":"","_relevanssi_related_not_related":"","_relevanssi_related_posts":"","_relevanssi_noindex_reason":"","footnotes":""},"class_list":["post-26234","page","type-page","status-publish","has-post-thumbnail","hentry"],"acf":[],"yoast_head":"<!-- This site is optimized with the Yoast SEO Premium plugin v23.8 (Yoast SEO v27.0) - https:\/\/yoast.com\/product\/yoast-seo-premium-wordpress\/ -->\n<title>Nuestro trabajo e impacto - WIEGO<\/title>\n<meta name=\"robots\" content=\"index, follow, max-snippet:-1, max-image-preview:large, max-video-preview:-1\" \/>\n<link rel=\"canonical\" href=\"https:\/\/www.wiego.org\/es\/nuestro-trabajo-e-impacto\/\" \/>\n<meta property=\"og:locale\" content=\"es_ES\" \/>\n<meta property=\"og:type\" content=\"article\" \/>\n<meta property=\"og:title\" content=\"Nuestro trabajo e impacto\" \/>\n<meta property=\"og:description\" content=\"el trabajo de WIEGO se lleva a cabo en sinton\u00eda con y a favor de organizaciones de trabajadorxs en empleo informal -- organizaciones locales, nacionales, regionales e internacionales que movilizan a sus miembros y abogan por mejores condiciones laborales, protecci\u00f3n social y legal y por el reconocimiento de lxs trabajadorxs en empleo informal como trabajadorxs. Nuestro trabajo est\u00e1 generando un impacto en las comunidades urbanas y en el escenario mundial.\" \/>\n<meta property=\"og:url\" content=\"https:\/\/www.wiego.org\/es\/nuestro-trabajo-e-impacto\/\" \/>\n<meta property=\"og:site_name\" content=\"WIEGO\" \/>\n<meta property=\"article:publisher\" content=\"https:\/\/www.facebook.com\/wiegoglobal\/\" \/>\n<meta property=\"og:image\" content=\"http:\/\/www.wiego.org\/wp-content\/uploads\/2019\/09\/work%20and%20impact%20JPG.JPG\" \/>\n\t<meta property=\"og:image:width\" content=\"1125\" \/>\n\t<meta property=\"og:image:height\" content=\"367\" \/>\n\t<meta property=\"og:image:type\" content=\"image\/jpeg\" \/>\n<meta name=\"twitter:card\" content=\"summary_large_image\" \/>\n<meta name=\"twitter:site\" content=\"@wiegoglobal\" \/>\n<meta name=\"twitter:label1\" content=\"Est. reading time\" \/>\n\t<meta name=\"twitter:data1\" content=\"2 minutes\" \/>\n<script type=\"application\/ld+json\" class=\"yoast-schema-graph\">{\"@context\":\"https:\/\/schema.org\",\"@graph\":[{\"@type\":\"WebPage\",\"@id\":\"https:\/\/www.wiego.org\/es\/nuestro-trabajo-e-impacto\/\",\"url\":\"https:\/\/www.wiego.org\/es\/nuestro-trabajo-e-impacto\/\",\"name\":\"Nuestro trabajo e impacto - WIEGO\",\"isPartOf\":{\"@id\":\"https:\/\/www.wiego.org\/es\/#website\"},\"primaryImageOfPage\":{\"@id\":\"https:\/\/www.wiego.org\/es\/nuestro-trabajo-e-impacto\/#primaryimage\"},\"image\":{\"@id\":\"https:\/\/www.wiego.org\/es\/nuestro-trabajo-e-impacto\/#primaryimage\"},\"thumbnailUrl\":\"https:\/\/www.wiego.org\/wp-content\/uploads\/2019\/09\/work and impact JPG.JPG\",\"datePublished\":\"2019-06-20T22:13:32+00:00\",\"breadcrumb\":{\"@id\":\"https:\/\/www.wiego.org\/es\/nuestro-trabajo-e-impacto\/#breadcrumb\"},\"inLanguage\":\"es-ES\",\"potentialAction\":[{\"@type\":\"ReadAction\",\"target\":[\"https:\/\/www.wiego.org\/es\/nuestro-trabajo-e-impacto\/\"]}]},{\"@type\":\"ImageObject\",\"inLanguage\":\"es-ES\",\"@id\":\"https:\/\/www.wiego.org\/es\/nuestro-trabajo-e-impacto\/#primaryimage\",\"url\":\"https:\/\/www.wiego.org\/wp-content\/uploads\/2019\/09\/work and impact JPG.JPG\",\"contentUrl\":\"https:\/\/www.wiego.org\/wp-content\/uploads\/2019\/09\/work and impact JPG.JPG\",\"width\":1125,\"height\":367,\"caption\":\"our work and impact images\"},{\"@type\":\"WebSite\",\"@id\":\"https:\/\/www.wiego.org\/es\/#website\",\"url\":\"https:\/\/www.wiego.org\/es\/\",\"name\":\"WIEGO\",\"description\":\"\",\"publisher\":{\"@id\":\"https:\/\/www.wiego.org\/es\/#organization\"},\"potentialAction\":[{\"@type\":\"SearchAction\",\"target\":{\"@type\":\"EntryPoint\",\"urlTemplate\":\"https:\/\/www.wiego.org\/es\/?s={search_term_string}\"},\"query-input\":{\"@type\":\"PropertyValueSpecification\",\"valueRequired\":true,\"valueName\":\"search_term_string\"}}],\"inLanguage\":\"es-ES\"},{\"@type\":\"Organization\",\"@id\":\"https:\/\/www.wiego.org\/es\/#organization\",\"name\":\"WIEGO\",\"url\":\"https:\/\/www.wiego.org\/es\/\",\"logo\":{\"@type\":\"ImageObject\",\"inLanguage\":\"es-ES\",\"@id\":\"https:\/\/www.wiego.org\/es\/#\/schema\/logo\/image\/\",\"url\":\"https:\/\/www.wiego.org\/wp-content\/uploads\/2024\/12\/logo.svg\",\"contentUrl\":\"https:\/\/www.wiego.org\/wp-content\/uploads\/2024\/12\/logo.svg\",\"width\":142,\"height\":90,\"caption\":\"WIEGO\"},\"image\":{\"@id\":\"https:\/\/www.wiego.org\/es\/#\/schema\/logo\/image\/\"},\"sameAs\":[\"https:\/\/www.facebook.com\/wiegoglobal\/\",\"https:\/\/x.com\/wiegoglobal\",\"https:\/\/www.linkedin.com\/company\/wiego\/\",\"https:\/\/www.youtube.com\/user\/wiegoglobal\"],\"description\":\"WIEGO is a global network that supports the movement of workers in informal employment.\"},{\"@type\":\"BreadcrumbList\",\"itemListElement\":[{\"@type\":\"ListItem\",\"position\":1,\"item\":{\"@id\":\"https:\/\/www.wiego.org\/es\/\",\"name\":\"WIEGO\"}},{\"@type\":\"ListItem\",\"position\":2,\"item\":{\"@id\":\"https:\/\/www.wiego.org\/es\/blog\/\",\"name\":\"Blog WIEGO\"}}],\"@id\":\"\/#breadcrumb\"}]}<\/script>\n<!-- \/ Yoast SEO Premium plugin. -->","yoast_head_json":{"title":"Nuestro trabajo e impacto - WIEGO","robots":{"index":"index","follow":"follow","max-snippet":"max-snippet:-1","max-image-preview":"max-image-preview:large","max-video-preview":"max-video-preview:-1"},"canonical":"https:\/\/www.wiego.org\/es\/nuestro-trabajo-e-impacto\/","og_locale":"es_ES","og_type":"article","og_title":"Nuestro trabajo e impacto","og_description":"el trabajo de WIEGO se lleva a cabo en sinton\u00eda con y a favor de organizaciones de trabajadorxs en empleo informal -- organizaciones locales, nacionales, regionales e internacionales que movilizan a sus miembros y abogan por mejores condiciones laborales, protecci\u00f3n social y legal y por el reconocimiento de lxs trabajadorxs en empleo informal como trabajadorxs. Nuestro trabajo est\u00e1 generando un impacto en las comunidades urbanas y en el escenario mundial.","og_url":"https:\/\/www.wiego.org\/es\/nuestro-trabajo-e-impacto\/","og_site_name":"WIEGO","article_publisher":"https:\/\/www.facebook.com\/wiegoglobal\/","og_image":[{"width":1125,"height":367,"url":"http:\/\/www.wiego.org\/wp-content\/uploads\/2019\/09\/work and impact JPG.JPG","type":"image\/jpeg"}],"twitter_card":"summary_large_image","twitter_site":"@wiegoglobal","twitter_misc":{"Est. reading time":"2 minutes"},"schema":{"@context":"https:\/\/schema.org","@graph":[{"@type":"WebPage","@id":"https:\/\/www.wiego.org\/es\/nuestro-trabajo-e-impacto\/","url":"https:\/\/www.wiego.org\/es\/nuestro-trabajo-e-impacto\/","name":"Nuestro trabajo e impacto - WIEGO","isPartOf":{"@id":"https:\/\/www.wiego.org\/es\/#website"},"primaryImageOfPage":{"@id":"https:\/\/www.wiego.org\/es\/nuestro-trabajo-e-impacto\/#primaryimage"},"image":{"@id":"https:\/\/www.wiego.org\/es\/nuestro-trabajo-e-impacto\/#primaryimage"},"thumbnailUrl":"https:\/\/www.wiego.org\/wp-content\/uploads\/2019\/09\/work and impact JPG.JPG","datePublished":"2019-06-20T22:13:32+00:00","breadcrumb":{"@id":"https:\/\/www.wiego.org\/es\/nuestro-trabajo-e-impacto\/#breadcrumb"},"inLanguage":"es-ES","potentialAction":[{"@type":"ReadAction","target":["https:\/\/www.wiego.org\/es\/nuestro-trabajo-e-impacto\/"]}]},{"@type":"ImageObject","inLanguage":"es-ES","@id":"https:\/\/www.wiego.org\/es\/nuestro-trabajo-e-impacto\/#primaryimage","url":"https:\/\/www.wiego.org\/wp-content\/uploads\/2019\/09\/work and impact JPG.JPG","contentUrl":"https:\/\/www.wiego.org\/wp-content\/uploads\/2019\/09\/work and impact JPG.JPG","width":1125,"height":367,"caption":"our work and impact images"},{"@type":"WebSite","@id":"https:\/\/www.wiego.org\/es\/#website","url":"https:\/\/www.wiego.org\/es\/","name":"WIEGO","description":"","publisher":{"@id":"https:\/\/www.wiego.org\/es\/#organization"},"potentialAction":[{"@type":"SearchAction","target":{"@type":"EntryPoint","urlTemplate":"https:\/\/www.wiego.org\/es\/?s={search_term_string}"},"query-input":{"@type":"PropertyValueSpecification","valueRequired":true,"valueName":"search_term_string"}}],"inLanguage":"es-ES"},{"@type":"Organization","@id":"https:\/\/www.wiego.org\/es\/#organization","name":"WIEGO","url":"https:\/\/www.wiego.org\/es\/","logo":{"@type":"ImageObject","inLanguage":"es-ES","@id":"https:\/\/www.wiego.org\/es\/#\/schema\/logo\/image\/","url":"https:\/\/www.wiego.org\/wp-content\/uploads\/2024\/12\/logo.svg","contentUrl":"https:\/\/www.wiego.org\/wp-content\/uploads\/2024\/12\/logo.svg","width":142,"height":90,"caption":"WIEGO"},"image":{"@id":"https:\/\/www.wiego.org\/es\/#\/schema\/logo\/image\/"},"sameAs":["https:\/\/www.facebook.com\/wiegoglobal\/","https:\/\/x.com\/wiegoglobal","https:\/\/www.linkedin.com\/company\/wiego\/","https:\/\/www.youtube.com\/user\/wiegoglobal"],"description":"WIEGO is a global network that supports the movement of workers in informal employment."},{"@type":"BreadcrumbList","itemListElement":[{"@type":"ListItem","position":1,"item":{"@id":"https:\/\/www.wiego.org\/es\/","name":"WIEGO"}},{"@type":"ListItem","position":2,"item":{"@id":"https:\/\/www.wiego.org\/es\/blog\/","name":"Blog WIEGO"}}],"@id":"\/#breadcrumb"}]}},"_links":{"self":[{"href":"https:\/\/www.wiego.org\/es\/wp-json\/wp\/v2\/pages\/26234","targetHints":{"allow":["GET"]}}],"collection":[{"href":"https:\/\/www.wiego.org\/es\/wp-json\/wp\/v2\/pages"}],"about":[{"href":"https:\/\/www.wiego.org\/es\/wp-json\/wp\/v2\/types\/page"}],"author":[{"embeddable":true,"href":"https:\/\/www.wiego.org\/es\/wp-json\/wp\/v2\/users\/2"}],"replies":[{"embeddable":true,"href":"https:\/\/www.wiego.org\/es\/wp-json\/wp\/v2\/comments?post=26234"}],"version-history":[{"count":0,"href":"https:\/\/www.wiego.org\/es\/wp-json\/wp\/v2\/pages\/26234\/revisions"}],"wp:featuredmedia":[{"embeddable":true,"href":"https:\/\/www.wiego.org\/es\/wp-json\/wp\/v2\/media\/12926"}],"wp:attachment":[{"href":"https:\/\/www.wiego.org\/es\/wp-json\/wp\/v2\/media?parent=26234"}],"curies":[{"name":"wp","href":"https:\/\/api.w.org\/{rel}","templated":true}]}}