{"id":26232,"date":"2019-06-18T13:59:43","date_gmt":"2019-06-18T17:59:43","guid":{"rendered":"https:\/\/wiego.local\/condiciones-de-uso-del-sitio-web\/"},"modified":"2019-06-18T13:59:43","modified_gmt":"2019-06-18T17:59:43","slug":"condiciones-de-uso-del-sitio-web","status":"publish","type":"page","link":"https:\/\/www.wiego.org\/es\/condiciones-de-uso-del-sitio-web\/","title":{"rendered":"Condiciones de uso del sitio web"},"content":{"rendered":"<p style=\"margin-top:8px; margin-bottom:8px\">Tanto la utilizaci\u00f3n como el acceso a www.wiego.org o a cualquier material aqu\u00ed publicado entra\u00f1an su acuerdo para obligarse jur\u00eddicamente a las presentes Condiciones de uso del sitio web (incluyendo la <a href=\"https:\/\/www.wiego.org\/es\/politica-de-privacidad\/\">Pol\u00edtica de privacidad<\/a>), mismas que se actualizan sin previo aviso; por lo que le rogamos que las revise peri\u00f3dicamente.<\/p>\n<p>Facilitamos este sitio web, www.wiego.org, como un servicio p\u00fablico. Cualquier particular puede utilizarlo para obtener y revisar informaci\u00f3n y documentos.<\/p>\n<p><em>Women in Informal Employment: Organizing and Globalizing, Ltd.<\/em> (WIEGO) o las y los autores, publicadores o editores, seg\u00fan se indique, son propietarios de todos los contenidos originales del sitio web, sus herramientas y funcionalidades. Todos los materiales de WIEGO quedan protegidos por las leyes internacionales de derechos de autor, marca de f\u00e1brica o de comercio, patentes y dem\u00e1s legislaci\u00f3n en materia de propiedad intelectual y derechos de propiedad.<\/p>\n<p>Las personas que utilicen el material de WIEGO provenientes de este sitio web tienen permitido reproducirlo, incluyendo los datos estad\u00edsticos, con fines educativos y de organizaci\u00f3n siempre y cuando dejen clara la fuente (consulte c\u00f3mo \u00a0<a href=\"https:\/\/www.wiego.org\/es\/como-utilizar-y-citar-el-material-de-wiego\/\">Usar y citar materiales de WIEGO<\/a>). El material referido como propiedad de autoras, autores u organizaciones externas deber\u00e1 citarse adecuadamente; y, al utilizarlo, usted deber\u00e1 ponerse en contacto con quien posea la leg\u00edtima propiedad, con el fin de obtener el permiso que corresponda.<\/p>\n<p>No dude en contactarnos si considera que una o m\u00e1s partes del contenido de este sitio web trasgreden sus derechos en materia de propiedad intelectual, privacidad u otra. Atenderemos su preocupaci\u00f3n lo antes posible.<\/p>\n<h3>Descargos de responsabilidad<\/h3>\n<p>A pesar de nuestros esfuerzos para poner a su disposici\u00f3n la informaci\u00f3n m\u00e1s reciente y exacta en un lenguaje claro y comprensible, existe la posibilidad de que algunos de los materiales publicados en este sitio est\u00e9n desactualizados o contengan errores involuntarios. WIEGO no se hace responsable ni da garant\u00edas en cuanto a la exactitud, la calidad, el contenido, la cabalidad o la aceptabilidad de la informaci\u00f3n y los datos de este sitio web. En el caso de que la informaci\u00f3n contenida en el sitio web difiriese de la contenida en las publicaciones impresas o en formato PDF de WIEGO, refi\u00e9rase al material con la fecha de publicaci\u00f3n m\u00e1s reciente para obtener mayor precisi\u00f3n.<\/p>\n<p>WIEGO podr\u00e1 modificar este sitio web, o cualquiera de los materiales contenidos en \u00e9l, en cualquier sentido y en cualquier momento sin previo aviso y a su discreci\u00f3n.<\/p>\n<p>Este sitio puede contener enlaces y referencias a la web, incluidos sitios de terceros\u2014que no se encuentran bajo el control WIEGO. Al salir de nuestro sitio, WIEGO no puede controlar la informaci\u00f3n que dichos sitios ponen a su disposici\u00f3n y no es responsable de su contenido ni de la utilizaci\u00f3n que usted haga de ellos. En el caso de que exista, en nuestro sitio web, informaci\u00f3n err\u00f3nea, inexacta o impropia por cualquier otro motivo, dedicaremos los esfuerzos pertinentes para corregir o eliminarla tan pronto como sea razonablemente posible. Para todo asunto relacionado, favor de comunicarse con nosotros a la direcci\u00f3n wiego@wiego.org.<\/p>\n<h3>Descargo de fiabilidad<\/h3>\n<p>WIEGO no se hace responsable ni da garant\u00edas del estado, las funcionalidades o la idoneidad de este sitio web; ni en lo que se refiere a interrupciones, demoras o fallos del servicio.<\/p>\n<p>No podemos asegurar que el sitio web sea apropiado o accesible en todos los territorios alrededor del mundo. Desde el momento en que lo utiliza, usted debe respetar las disposiciones legales vigentes en su territorio. Cese inmediatamente en la utilizaci\u00f3n de este sitio web si con ello infringe alguna ley o reglamento de su jurisdicci\u00f3n.<\/p>\n<h3>Contribuciones al sitio web<\/h3>\n<p>Cargar en el sitio o enviar cualquier contenido entra\u00f1a su acuerdo para aceptar y cumplir las siguientes reglas en todo momento. A lo largo de las presentes Condiciones de uso del sitio web, se entiende por \u201ccontenido\u201d cualquier comentario, publicaci\u00f3n, recurso o material que generen las personas que utilizan el sitio.<\/p>\n<p>No garantizamos moderar el contenido que se publique en el sitio web, pero nos reservamos el derecho de revisar, editar o eliminar cualquier contenido en todo momento. Asimismo, nos reservamos el derecho de impedir su acceso al sitio web o a cualquiera de sus partes. No editamos ni moderamos ning\u00fan comentario enviado a nuestro sitio web, pero puede usted contactarnos v\u00eda correo electr\u00f3nico si desea notificarnos de contenidos que se hallen en nuestro sitio.<\/p>\n<p>El sitio puede contener contribuciones procedentes de diversas personas que lo utilizan y que expresan informaci\u00f3n propia u opiniones personales, no las de WIEGO. WIEGO no responde por, ni respalda la exactitud o la fiabilidad de las sugerencias, opiniones, declaraciones u otras informaciones que se hallen en \u00e9l, provenientes de ning\u00fan usuario o usuaria del sitio.<\/p>\n<p>Cualquiera que sea la finalidad, WIEGO puede utilizar todo el contenido (incluidos los comentarios) enviado a este sitio web, los sitios web anexos y las publicaciones en papel, siempre que con ello se act\u00fae de conformidad con nuestra\u00a0<a href=\"https:\/\/www.wiego.org\/es\/politica-de-privacidad\/\">Pol\u00edtica de privacidad<\/a>.<\/p>\n<h3>Descarga de da\u00f1os<\/h3>\n<p>Usted asume todos los riesgos asociados al uso del sitio web o a cualesquiera partes, incluidos el riesgo de basarse en la informaci\u00f3n o los contenidos que figuran en \u00e9l; o el riesgo que la utilizaci\u00f3n del sitio supone para su hardware y software, o para la integridad de sus datos. En ning\u00fan caso, WIEGO ser\u00e1 responsable de da\u00f1os directos, indirectos, incidentales, cuantificables o consecuentes, incluidas (pero sin limitarse a ellas) las p\u00e9rdidas de ingresos o de ganancias que pudieren derivarse del uso o de la mala utilizaci\u00f3n del sitio web de WIEGO o de la informaci\u00f3n que en \u00e9l figura.<\/p>\n<p>El uso de este sitio est\u00e1 sujeto a la aceptaci\u00f3n por las personas que lo utilicen de la condici\u00f3n de indemnizar a WIEGO por cualquier uso del sitio que derive en p\u00e9rdidas para WIEGO (incluidas las p\u00e9rdidas directas e indirectas, los da\u00f1os y los gastos).<\/p>\n<h3>Descargo de aval<\/h3>\n<p>Las interpretaciones y opiniones expresadas en los materiales que figuran en este sitio ser\u00e1n las de las diversas personas que colaboran con WIEGO y no reflejar\u00e1n ni representar\u00e1n necesariamente las opiniones de esta \u00faltima; por lo que no deber\u00e1n utilizarse con fines publicitarios o para avalar productos.<\/p>\n<p>Las alusiones hechas en este sitio web a cualquier producto comercial, proceso o servicio ya sea por su nombre comercial, marca registrada, fabricante o de otro modo, no constituye ni implica un aval, recomendaci\u00f3n o preferencia por parte de WIEGO.\u00a0<\/p>\n<h4>\u00bfTiene preguntas o inquietudes?\u00a0<a href=\"https:\/\/www.wiego.org\/contact-us\/\">Comun\u00edquese con nosotros<\/a>.<\/h4>\n","protected":false},"excerpt":{"rendered":"<p>Tanto la utilizaci\u00f3n como el acceso a www.wiego.org o a cualquier material aqu\u00ed publicado entra\u00f1an su acuerdo para obligarse jur\u00eddicamente a las presentes Condiciones de uso del sitio web (incluyendo la Pol\u00edtica de privacidad), mismas que se actualizan sin previo aviso; por lo que le rogamos que las revise peri\u00f3dicamente.<\/p>\n<p>Facilitamos este sitio web, www.wiego.org, como un servicio p\u00fablico. Cualquier particular puede utilizarlo para obtener y revisar informaci\u00f3n y documentos.<\/p>\n","protected":false},"author":2,"featured_media":0,"parent":0,"menu_order":0,"comment_status":"closed","ping_status":"closed","template":"","meta":{"_acf_changed":false,"_relevanssi_hide_post":"","_relevanssi_hide_content":"","_relevanssi_pin_for_all":"","_relevanssi_pin_keywords":"","_relevanssi_unpin_keywords":"","_relevanssi_related_keywords":"","_relevanssi_related_include_ids":"","_relevanssi_related_exclude_ids":"","_relevanssi_related_no_append":"","_relevanssi_related_not_related":"","_relevanssi_related_posts":"","_relevanssi_noindex_reason":"","footnotes":""},"class_list":["post-26232","page","type-page","status-publish","hentry"],"acf":[],"yoast_head":"<!-- This site is optimized with the Yoast SEO Premium plugin v23.8 (Yoast SEO v27.0) - https:\/\/yoast.com\/product\/yoast-seo-premium-wordpress\/ -->\n<title>Condiciones de uso del sitio web - WIEGO<\/title>\n<meta name=\"robots\" content=\"index, follow, max-snippet:-1, max-image-preview:large, max-video-preview:-1\" \/>\n<link rel=\"canonical\" href=\"https:\/\/www.wiego.org\/es\/condiciones-de-uso-del-sitio-web\/\" \/>\n<meta property=\"og:locale\" content=\"es_ES\" \/>\n<meta property=\"og:type\" content=\"article\" \/>\n<meta property=\"og:title\" content=\"Condiciones de uso del sitio web\" \/>\n<meta property=\"og:description\" content=\"Tanto la utilizaci\u00f3n como el acceso a www.wiego.org o a cualquier material aqu\u00ed publicado entra\u00f1an su acuerdo para obligarse jur\u00eddicamente a las presentes Condiciones de uso del sitio web (incluyendo la Pol\u00edtica de privacidad), mismas que se actualizan sin previo aviso; por lo que le rogamos que las revise peri\u00f3dicamente. Facilitamos este sitio web, www.wiego.org, como un servicio p\u00fablico. Cualquier particular puede utilizarlo para obtener y revisar informaci\u00f3n y documentos.\" \/>\n<meta property=\"og:url\" content=\"https:\/\/www.wiego.org\/es\/condiciones-de-uso-del-sitio-web\/\" \/>\n<meta property=\"og:site_name\" content=\"WIEGO\" \/>\n<meta property=\"article:publisher\" content=\"https:\/\/www.facebook.com\/wiegoglobal\/\" \/>\n<meta property=\"og:image\" content=\"https:\/\/www.wiego.org\/wp-content\/uploads\/2024\/12\/WIEGO_Open-Graph_option-1-1024x538.png\" \/>\n\t<meta property=\"og:image:width\" content=\"1024\" \/>\n\t<meta property=\"og:image:height\" content=\"538\" \/>\n\t<meta property=\"og:image:type\" content=\"image\/png\" \/>\n<meta name=\"twitter:card\" content=\"summary_large_image\" \/>\n<meta name=\"twitter:site\" content=\"@wiegoglobal\" \/>\n<meta name=\"twitter:label1\" content=\"Est. reading time\" \/>\n\t<meta name=\"twitter:data1\" content=\"6 minutes\" \/>\n<script type=\"application\/ld+json\" class=\"yoast-schema-graph\">{\"@context\":\"https:\/\/schema.org\",\"@graph\":[{\"@type\":\"WebPage\",\"@id\":\"https:\/\/www.wiego.org\/es\/condiciones-de-uso-del-sitio-web\/\",\"url\":\"https:\/\/www.wiego.org\/es\/condiciones-de-uso-del-sitio-web\/\",\"name\":\"Condiciones de uso del sitio web - WIEGO\",\"isPartOf\":{\"@id\":\"https:\/\/www.wiego.org\/es\/#website\"},\"datePublished\":\"2019-06-18T17:59:43+00:00\",\"breadcrumb\":{\"@id\":\"https:\/\/www.wiego.org\/es\/condiciones-de-uso-del-sitio-web\/#breadcrumb\"},\"inLanguage\":\"es-ES\",\"potentialAction\":[{\"@type\":\"ReadAction\",\"target\":[\"https:\/\/www.wiego.org\/es\/condiciones-de-uso-del-sitio-web\/\"]}]},{\"@type\":\"WebSite\",\"@id\":\"https:\/\/www.wiego.org\/es\/#website\",\"url\":\"https:\/\/www.wiego.org\/es\/\",\"name\":\"WIEGO\",\"description\":\"\",\"publisher\":{\"@id\":\"https:\/\/www.wiego.org\/es\/#organization\"},\"potentialAction\":[{\"@type\":\"SearchAction\",\"target\":{\"@type\":\"EntryPoint\",\"urlTemplate\":\"https:\/\/www.wiego.org\/es\/?s={search_term_string}\"},\"query-input\":{\"@type\":\"PropertyValueSpecification\",\"valueRequired\":true,\"valueName\":\"search_term_string\"}}],\"inLanguage\":\"es-ES\"},{\"@type\":\"Organization\",\"@id\":\"https:\/\/www.wiego.org\/es\/#organization\",\"name\":\"WIEGO\",\"url\":\"https:\/\/www.wiego.org\/es\/\",\"logo\":{\"@type\":\"ImageObject\",\"inLanguage\":\"es-ES\",\"@id\":\"https:\/\/www.wiego.org\/es\/#\/schema\/logo\/image\/\",\"url\":\"https:\/\/www.wiego.org\/wp-content\/uploads\/2024\/12\/logo.svg\",\"contentUrl\":\"https:\/\/www.wiego.org\/wp-content\/uploads\/2024\/12\/logo.svg\",\"width\":142,\"height\":90,\"caption\":\"WIEGO\"},\"image\":{\"@id\":\"https:\/\/www.wiego.org\/es\/#\/schema\/logo\/image\/\"},\"sameAs\":[\"https:\/\/www.facebook.com\/wiegoglobal\/\",\"https:\/\/x.com\/wiegoglobal\",\"https:\/\/www.linkedin.com\/company\/wiego\/\",\"https:\/\/www.youtube.com\/user\/wiegoglobal\"],\"description\":\"WIEGO is a global network that supports the movement of workers in informal employment.\"},{\"@type\":\"BreadcrumbList\",\"itemListElement\":[{\"@type\":\"ListItem\",\"position\":1,\"item\":{\"@id\":\"https:\/\/www.wiego.org\/es\/\",\"name\":\"WIEGO\"}},{\"@type\":\"ListItem\",\"position\":2,\"item\":{\"@id\":\"https:\/\/www.wiego.org\/es\/blog\/\",\"name\":\"Blog WIEGO\"}}],\"@id\":\"\/#breadcrumb\"}]}<\/script>\n<!-- \/ Yoast SEO Premium plugin. -->","yoast_head_json":{"title":"Condiciones de uso del sitio web - WIEGO","robots":{"index":"index","follow":"follow","max-snippet":"max-snippet:-1","max-image-preview":"max-image-preview:large","max-video-preview":"max-video-preview:-1"},"canonical":"https:\/\/www.wiego.org\/es\/condiciones-de-uso-del-sitio-web\/","og_locale":"es_ES","og_type":"article","og_title":"Condiciones de uso del sitio web","og_description":"Tanto la utilizaci\u00f3n como el acceso a www.wiego.org o a cualquier material aqu\u00ed publicado entra\u00f1an su acuerdo para obligarse jur\u00eddicamente a las presentes Condiciones de uso del sitio web (incluyendo la Pol\u00edtica de privacidad), mismas que se actualizan sin previo aviso; por lo que le rogamos que las revise peri\u00f3dicamente. Facilitamos este sitio web, www.wiego.org, como un servicio p\u00fablico. Cualquier particular puede utilizarlo para obtener y revisar informaci\u00f3n y documentos.","og_url":"https:\/\/www.wiego.org\/es\/condiciones-de-uso-del-sitio-web\/","og_site_name":"WIEGO","article_publisher":"https:\/\/www.facebook.com\/wiegoglobal\/","og_image":[{"width":1024,"height":538,"url":"https:\/\/www.wiego.org\/wp-content\/uploads\/2024\/12\/WIEGO_Open-Graph_option-1-1024x538.png","type":"image\/png"}],"twitter_card":"summary_large_image","twitter_site":"@wiegoglobal","twitter_misc":{"Est. reading time":"6 minutes"},"schema":{"@context":"https:\/\/schema.org","@graph":[{"@type":"WebPage","@id":"https:\/\/www.wiego.org\/es\/condiciones-de-uso-del-sitio-web\/","url":"https:\/\/www.wiego.org\/es\/condiciones-de-uso-del-sitio-web\/","name":"Condiciones de uso del sitio web - WIEGO","isPartOf":{"@id":"https:\/\/www.wiego.org\/es\/#website"},"datePublished":"2019-06-18T17:59:43+00:00","breadcrumb":{"@id":"https:\/\/www.wiego.org\/es\/condiciones-de-uso-del-sitio-web\/#breadcrumb"},"inLanguage":"es-ES","potentialAction":[{"@type":"ReadAction","target":["https:\/\/www.wiego.org\/es\/condiciones-de-uso-del-sitio-web\/"]}]},{"@type":"WebSite","@id":"https:\/\/www.wiego.org\/es\/#website","url":"https:\/\/www.wiego.org\/es\/","name":"WIEGO","description":"","publisher":{"@id":"https:\/\/www.wiego.org\/es\/#organization"},"potentialAction":[{"@type":"SearchAction","target":{"@type":"EntryPoint","urlTemplate":"https:\/\/www.wiego.org\/es\/?s={search_term_string}"},"query-input":{"@type":"PropertyValueSpecification","valueRequired":true,"valueName":"search_term_string"}}],"inLanguage":"es-ES"},{"@type":"Organization","@id":"https:\/\/www.wiego.org\/es\/#organization","name":"WIEGO","url":"https:\/\/www.wiego.org\/es\/","logo":{"@type":"ImageObject","inLanguage":"es-ES","@id":"https:\/\/www.wiego.org\/es\/#\/schema\/logo\/image\/","url":"https:\/\/www.wiego.org\/wp-content\/uploads\/2024\/12\/logo.svg","contentUrl":"https:\/\/www.wiego.org\/wp-content\/uploads\/2024\/12\/logo.svg","width":142,"height":90,"caption":"WIEGO"},"image":{"@id":"https:\/\/www.wiego.org\/es\/#\/schema\/logo\/image\/"},"sameAs":["https:\/\/www.facebook.com\/wiegoglobal\/","https:\/\/x.com\/wiegoglobal","https:\/\/www.linkedin.com\/company\/wiego\/","https:\/\/www.youtube.com\/user\/wiegoglobal"],"description":"WIEGO is a global network that supports the movement of workers in informal employment."},{"@type":"BreadcrumbList","itemListElement":[{"@type":"ListItem","position":1,"item":{"@id":"https:\/\/www.wiego.org\/es\/","name":"WIEGO"}},{"@type":"ListItem","position":2,"item":{"@id":"https:\/\/www.wiego.org\/es\/blog\/","name":"Blog WIEGO"}}],"@id":"\/#breadcrumb"}]}},"_links":{"self":[{"href":"https:\/\/www.wiego.org\/es\/wp-json\/wp\/v2\/pages\/26232","targetHints":{"allow":["GET"]}}],"collection":[{"href":"https:\/\/www.wiego.org\/es\/wp-json\/wp\/v2\/pages"}],"about":[{"href":"https:\/\/www.wiego.org\/es\/wp-json\/wp\/v2\/types\/page"}],"author":[{"embeddable":true,"href":"https:\/\/www.wiego.org\/es\/wp-json\/wp\/v2\/users\/2"}],"replies":[{"embeddable":true,"href":"https:\/\/www.wiego.org\/es\/wp-json\/wp\/v2\/comments?post=26232"}],"version-history":[{"count":0,"href":"https:\/\/www.wiego.org\/es\/wp-json\/wp\/v2\/pages\/26232\/revisions"}],"wp:attachment":[{"href":"https:\/\/www.wiego.org\/es\/wp-json\/wp\/v2\/media?parent=26232"}],"curies":[{"name":"wp","href":"https:\/\/api.w.org\/{rel}","templated":true}]}}