{"id":26231,"date":"2019-06-18T13:58:44","date_gmt":"2019-06-18T17:58:44","guid":{"rendered":"https:\/\/wiego.local\/politica-de-privacidad\/"},"modified":"2025-02-18T23:00:03","modified_gmt":"2025-02-19T04:00:03","slug":"politica-de-privacidad","status":"publish","type":"page","link":"https:\/\/www.wiego.org\/es\/politica-de-privacidad\/","title":{"rendered":"Pol\u00edtica de privacidad de WIEGO"},"content":{"rendered":"<p>En WIEGO (primera persona del plural en este texto), nos comprometemos con la protecci\u00f3n de la privacidad y la seguridad de los datos personales. La presente Declaraci\u00f3n de Privacidad esboza nuestras pr\u00e1cticas de recopilaci\u00f3n, uso y gesti\u00f3n de la informaci\u00f3n personal de quienes visitan nuestro sitio web, trabajan con WIEGO (personas asalariadas o consultoras independientes) o se postulan para un empleo o consultor\u00eda. La declaraci\u00f3n abarca todos los datos recopilados a trav\u00e9s de nuestro sitio web (www.wiego.org\/es\/) y aquellos relacionados con contratos laborales y de consultor\u00eda.<\/p>\n<h2>Pr\u00e1cticas de privacidad del sitio web<\/h2>\n<p>Esta secci\u00f3n explica las pr\u00e1cticas de manejo de datos para las personas que visitan nuestro sitio web o se suscriben a nuestros boletines informativos.<\/p>\n<ul>\n<li><strong>Alcance: <\/strong>esta declaraci\u00f3n aplica a todo el sitio web de WIEGO, excluyendo aquellas p\u00e1ginas alojadas por otras organizaciones, incluso si se las visita desde nuestro sitio.<\/li>\n<li><strong>Recopilaci\u00f3n y uso de la informaci\u00f3n:<\/strong> es posible navegar nuestro sitio sin proporcionar datos personales. No obstante, para acceder a ciertos servicios y funciones, como los boletines o la publicaci\u00f3n de comentarios, se requiere informaci\u00f3n personal. Recopilamos y utilizamos tus datos \u00fanicamente para los fines a los que has dado tu consentimiento expl\u00edcito.<\/li>\n<li><strong>Cookies:<\/strong> con el fin de mejorar tu experiencia en nuestro sitio, almacenamos peque\u00f1os archivos de datos (llamados cookies) en tu dispositivo que nos ayudan a rastrear tus interacciones y optimizar nuestro sitio. Esto incluye la utilizaci\u00f3n de procesadores externos de datos, como Google Analytics, para recabar informaci\u00f3n sobre la ubicaci\u00f3n geogr\u00e1fica, el tipo de dispositivo, el navegador y el sistema operativo. La informaci\u00f3n recopilada tiene fines anal\u00edticos y no permite identificarte personalmente.<\/li>\n<li><strong>Boletines informativos:<\/strong> nuestro sitio web ofrece a las personas visitantes la opci\u00f3n de suscribirse a boletines informativos, para lo cual deben proporcionar una direcci\u00f3n v\u00e1lida de correo electr\u00f3nico, nombre, apellido e idioma preferido. De manera adicional, pueden brindar informaci\u00f3n opcional como la ubicaci\u00f3n y la afiliaci\u00f3n profesional. Dado que utilizamos MailChimp para gestionar las campa\u00f1as de correo electr\u00f3nico, tus datos se conservan en nuestras bases de datos mientras sigamos usando MailChimp o hasta que solicites que los eliminemos. La suscripci\u00f3n puede cancelarse en cualquier momento mediante el enlace disponible en nuestros mensajes electr\u00f3nicos.<\/li>\n<li><strong>Redes sociales:<\/strong> WIEGO dispone de cuentas en redes sociales como Facebook, LinkedIn, X (anteriormente Twitter) y YouTube. Las interacciones de las personas usuarias de estas redes se rigen por las pol\u00edticas de privacidad de cada plataforma, de las que WIEGO no es responsable, por lo que te recomendamos revisarlas.<\/li>\n<li><strong>Almacenamiento de datos de las personas usuarias del sitio web:<\/strong>\n<ul>\n<li>Cookies: conservamos las cookies en tu dispositivo conforme a las pr\u00e1cticas est\u00e1ndar de la industria. Puedes controlar o eliminar estas cookies en cualquier momento, configurando tu navegador.<\/li>\n<li>Suscripciones a boletines informativos: conservamos los datos personales asociados a las suscripciones mientras estas se mantengan activas. Puedes darte de baja cuando gustes, en cuyo caso, tus datos ser\u00e1n eliminados de nuestras listas de correo en uso.<\/li>\n<\/ul>\n<\/li>\n<\/ul>\n<h2>Pr\u00e1cticas de privacidad de empleo y consultor\u00eda<\/h2>\n<p>Esta secci\u00f3n detalla la recopilaci\u00f3n y el uso de la informaci\u00f3n personal de quienes solicitan empleo o consultor\u00eda, as\u00ed como de las personas contratadas para trabajar con WIEGO, ya sea como personas asalariadas o profesionales independientes.<\/p>\n<p>Ten en cuenta que la Intranet de WIEGO podr\u00eda albergar <a href=\"https:\/\/www.thoughtfarmer.com\/privacy-policy\/\">pautas adicionales sobre privacidad<\/a>, las cuales pueden consultarse en dicha plataforma.<\/p>\n<h3>Informaci\u00f3n recabada<\/h3>\n<p>Es posible que recopilemos y procesemos los siguientes datos personales de las personas candidatas, asalariadas o consultoras:<\/p>\n<ul>\n<li><strong>Informaci\u00f3n de identificaci\u00f3n personal:<\/strong> nombre, domicilio, correo electr\u00f3nico, n\u00famero de tel\u00e9fono, fecha de nacimiento, sexo, g\u00e9nero y nacionalidad.<\/li>\n<li><strong>Informaci\u00f3n profesional:<\/strong> curr\u00edculum vitae u hoja de vida, carta de presentaci\u00f3n, t\u00edtulos profesionales, historial laboral, referencias, detalles del contrato de empleo o de consultor\u00eda y cualquier otra informaci\u00f3n que proporciones durante el proceso de solicitud o contrataci\u00f3n.<\/li>\n<li><strong>Informaci\u00f3n confidencial:<\/strong> cuando sea necesario, es posible que recopilemos informaci\u00f3n relacionada con tu salud, antecedentes penales (cuando proceda) y otros datos confidenciales, conforme a la legislaci\u00f3n del Reino Unido.<\/li>\n<li><strong>Informaci\u00f3n financiera:<\/strong> detalles de la cuenta bancaria, situaci\u00f3n fiscal, salario e informaci\u00f3n del m\u00e9todo de pago.<\/li>\n<li><strong>Datos t\u00e9cnicos:<\/strong> direcci\u00f3n IP, tipo de navegador y sistema operativo utilizados para acceder a nuestras solicitudes de empleo y servicios en l\u00ednea.<\/li>\n<li><strong>Gesti\u00f3n de contratos y datos de rendimiento:<\/strong> evaluaciones, retroalimentaci\u00f3n y registros disciplinarios o sobre capacitaciones profesionales.<\/li>\n<\/ul>\n<h3>Uso de la informaci\u00f3n<\/h3>\n<p>Utilizamos tus datos personales para los siguientes fines:<\/p>\n<ul>\n<li><strong>Reclutamiento y selecci\u00f3n:<\/strong> evaluar tu idoneidad para el puesto o contrato, comunicarnos contigo durante todo el proceso de selecci\u00f3n y tomar decisiones de contrataci\u00f3n basadas en hechos.<\/li>\n<li><strong>Gesti\u00f3n de contratos:<\/strong> gestionar y administrar tu contrato de empleo o consultor\u00eda, incluido el procesamiento de facturas, n\u00f3minas, beneficios, prestaci\u00f3n de servicios o evaluaciones de desempe\u00f1o, as\u00ed como el cumplimiento de nuestras pol\u00edticas.<\/li>\n<li><strong>Asuntos jur\u00eddicos y de conformidad legal:<\/strong> cumplir con las obligaciones legales y defenderse de acciones legales.<\/li>\n<li><strong>Cuidado de la diversidad:<\/strong> dar seguimiento a nuestra pol\u00edtica de diversidad e igualdad de oportunidades (de forma an\u00f3nima cuando sea posible).<\/li>\n<\/ul>\n<h3>Fundamento jur\u00eddico del manejo de datos<\/h3>\n<p>Tratamos sus datos personales con base en las siguientes razones legales:<\/p>\n<ul>\n<li><strong>Consentimiento:<\/strong> cuando nos proporcionas tu informaci\u00f3n como parte de un proceso de solicitud o contrataci\u00f3n.<\/li>\n<li><strong>Necesidad contractual:<\/strong> para cumplir nuestras obligaciones derivadas de tu contrato de empleo o consultor\u00eda.<\/li>\n<li><strong>Obligaciones legales:<\/strong> para acatar las leyes y los reglamentos correspondientes.<\/li>\n<li><strong>Intereses leg\u00edtimos:<\/strong> para nuestro inter\u00e9s leg\u00edtimo en gestionar y administrar de manera eficaz nuestros procesos de contrataci\u00f3n y gesti\u00f3n de contratos.<\/li>\n<\/ul>\n<h3>Intercambio y divulgaci\u00f3n de datos<\/h3>\n<p>Es posible que compartamos tus datos personales con las entidades a continuaci\u00f3n:<\/p>\n<ul>\n<li><strong>Personas proveedoras de servicios:<\/strong> entidades externas que asisten en nuestros procesos de contrataci\u00f3n y gesti\u00f3n de contratos, por ejemplo, brindando programas inform\u00e1ticos financieros, procesando la n\u00f3mina o verificando antecedentes.<\/li>\n<li><strong>Autoridades legales y reguladoras:<\/strong> cuando lo exija la ley o para salvaguardar nuestros derechos.<\/li>\n<li><strong>Transferencias internacionales:<\/strong> en caso de trabajar o postularse fuera del Reino Unido, tus datos podr\u00edan ser transferidos y procesados en pa\u00edses con diferentes est\u00e1ndares de protecci\u00f3n de datos. En WIEGO, garantizamos las medidas de seguridad necesarias para proteger tu informaci\u00f3n.<\/li>\n<\/ul>\n<h3>Seguridad de los datos<\/h3>\n<p>Implementamos las medidas t\u00e9cnicas y organizativas necesarias para resguardar tus datos personales de cualquier consulta, alteraci\u00f3n, publicaci\u00f3n o destrucci\u00f3n indebida. Toda la documentaci\u00f3n relacionada con el reclutamiento, la selecci\u00f3n y la gesti\u00f3n de contratos se conservar\u00e1 de forma segura y confidencial, limitando el acceso \u00fanicamente a las personas involucradas en dichos procesos.<\/p>\n<h3>Almacenamiento de datos<\/h3>\n<p>Conservamos tus datos personales durante el tiempo necesario para los fines con que fueron recopilados o seg\u00fan lo exija la ley, a saber:<\/p>\n<ul>\n<li><strong>Datos de contrataci\u00f3n:<\/strong> todos los registros se eliminar\u00e1n seis meses despu\u00e9s de la finalizaci\u00f3n de un proceso de selecci\u00f3n, salvo que la persona candidata haya otorgado su consentimiento para un per\u00edodo m\u00e1s prolongado.<\/li>\n<li><strong>Datos contractuales:<\/strong> la informaci\u00f3n relacionada con tu contrato de empleo o consultor\u00eda se almacenar\u00e1 durante la vigencia del contrato y por el tiempo adicional que exija la legislaci\u00f3n correspondiente o nuestra pol\u00edtica interna de almacenamiento de datos.<\/li>\n<li><strong>Tanto las personas contratadas como las candidatas tienen derecho a solicitar la eliminaci\u00f3n de sus datos en cualquier momento.<\/strong><\/li>\n<\/ul>\n<h3>Tus derechos<\/h3>\n<p>Tienes derecho a solicitar las siguientes acciones con respecto a tus datos personales:<\/p>\n<ul>\n<li><strong>Acceso:<\/strong> acceder a los datos almacenados.<\/li>\n<li><strong>Rectificaci\u00f3n:<\/strong> corregir datos inexactos o incompletos.<\/li>\n<li><strong>Eliminaci\u00f3n:<\/strong> eliminar tus datos personales.<\/li>\n<li><strong>Restricci\u00f3n:<\/strong> limitar el manejo de tus datos.<\/li>\n<li><strong>Portabilidad:<\/strong> transferir tus datos personales a otra entidad.<\/li>\n<li><strong>Oposici\u00f3n:<\/strong> oponerte al procesamiento de tus datos en ciertas circunstancias.<\/li>\n<\/ul>\n<p>Para ejercer tus derechos, no dudes en escribirnos a esta direcci\u00f3n: wiego@wiego.org<\/p>\n<h3>Cambios en la pol\u00edtica de privacidad<\/h3>\n<p>Es posible que actualicemos esta pol\u00edtica de privacidad con regularidad. De ser as\u00ed, publicaremos la versi\u00f3n revisada en nuestro sitio web e indicaremos la fecha de la \u00faltima actualizaci\u00f3n.<\/p>\n<h3>Cont\u00e1ctanos<\/h3>\n<p>Si tienes alguna pregunta o inquietud acerca de esta pol\u00edtica de privacidad o sobre nuestras pr\u00e1cticas de manejo de datos, te invitamos a contactarnos:<\/p>\n<p>Women in Informal Employment: Globalizing and Organizing (WIEGO) Limited<br \/>\n521 Royal Exchange<br \/>\nManchester M2 7EN<br \/>\nReino Unido<br \/>\n<strong>Tel\u00e9fono:<\/strong> 44-161-819-1200 | <strong>Correo electr\u00f3nico:<\/strong>\u00a0wiego@wiego.org<\/p>\n","protected":false},"excerpt":{"rendered":"<p>La presente pol\u00edtica de privacidad se refiere a todo el sitio web de WIEGO, www.wiego.org. No se aplica a las p\u00e1ginas web de otras organizaciones, incluidas aquellas a las que se acceda a trav\u00e9s de un enlace desde el sitio de WIEGO.<\/p>\n<p>Podr\u00e1 navegar por nuestro sitio web sin la necesidad de ingresar su informaci\u00f3n personal.<\/p>\n","protected":false},"author":2,"featured_media":0,"parent":0,"menu_order":0,"comment_status":"closed","ping_status":"closed","template":"","meta":{"_acf_changed":false,"_relevanssi_hide_post":"","_relevanssi_hide_content":"","_relevanssi_pin_for_all":"","_relevanssi_pin_keywords":"","_relevanssi_unpin_keywords":"","_relevanssi_related_keywords":"","_relevanssi_related_include_ids":"0","_relevanssi_related_exclude_ids":"","_relevanssi_related_no_append":"","_relevanssi_related_not_related":"","_relevanssi_related_posts":"26261,39519,26283,40046,39742,40759,40238,26258,40239,40245","_relevanssi_noindex_reason":"","footnotes":""},"class_list":["post-26231","page","type-page","status-publish","hentry"],"acf":[],"yoast_head":"<!-- This site is optimized with the Yoast SEO Premium plugin v23.8 (Yoast SEO v27.0) - https:\/\/yoast.com\/product\/yoast-seo-premium-wordpress\/ -->\n<title>Pol\u00edtica de privacidad de WIEGO - WIEGO<\/title>\n<meta name=\"robots\" content=\"index, follow, max-snippet:-1, max-image-preview:large, max-video-preview:-1\" \/>\n<link rel=\"canonical\" href=\"https:\/\/www.wiego.org\/es\/politica-de-privacidad\/\" \/>\n<meta property=\"og:locale\" content=\"es_ES\" \/>\n<meta property=\"og:type\" content=\"article\" \/>\n<meta property=\"og:title\" content=\"Pol\u00edtica de privacidad de WIEGO\" \/>\n<meta property=\"og:description\" content=\"La presente pol\u00edtica de privacidad se refiere a todo el sitio web de WIEGO, www.wiego.org. No se aplica a las p\u00e1ginas web de otras organizaciones, incluidas aquellas a las que se acceda a trav\u00e9s de un enlace desde el sitio de WIEGO.  Podr\u00e1 navegar por nuestro sitio web sin la necesidad de ingresar su informaci\u00f3n personal.\" \/>\n<meta property=\"og:url\" content=\"https:\/\/www.wiego.org\/es\/politica-de-privacidad\/\" \/>\n<meta property=\"og:site_name\" content=\"WIEGO\" \/>\n<meta property=\"article:publisher\" content=\"https:\/\/www.facebook.com\/wiegoglobal\/\" \/>\n<meta property=\"article:modified_time\" content=\"2025-02-19T04:00:03+00:00\" \/>\n<meta property=\"og:image\" content=\"https:\/\/www.wiego.org\/wp-content\/uploads\/2024\/12\/WIEGO_Open-Graph_option-1-1024x538.png\" \/>\n\t<meta property=\"og:image:width\" content=\"1024\" \/>\n\t<meta property=\"og:image:height\" content=\"538\" \/>\n\t<meta property=\"og:image:type\" content=\"image\/png\" \/>\n<meta name=\"twitter:card\" content=\"summary_large_image\" \/>\n<meta name=\"twitter:site\" content=\"@wiegoglobal\" \/>\n<meta name=\"twitter:label1\" content=\"Est. reading time\" \/>\n\t<meta name=\"twitter:data1\" content=\"3 minutes\" \/>\n<script type=\"application\/ld+json\" class=\"yoast-schema-graph\">{\"@context\":\"https:\/\/schema.org\",\"@graph\":[{\"@type\":\"WebPage\",\"@id\":\"https:\/\/www.wiego.org\/es\/politica-de-privacidad\/\",\"url\":\"https:\/\/www.wiego.org\/es\/politica-de-privacidad\/\",\"name\":\"Pol\u00edtica de privacidad de WIEGO - WIEGO\",\"isPartOf\":{\"@id\":\"https:\/\/www.wiego.org\/es\/#website\"},\"datePublished\":\"2019-06-18T17:58:44+00:00\",\"dateModified\":\"2025-02-19T04:00:03+00:00\",\"breadcrumb\":{\"@id\":\"https:\/\/www.wiego.org\/es\/politica-de-privacidad\/#breadcrumb\"},\"inLanguage\":\"es-ES\",\"potentialAction\":[{\"@type\":\"ReadAction\",\"target\":[\"https:\/\/www.wiego.org\/es\/politica-de-privacidad\/\"]}]},{\"@type\":\"WebSite\",\"@id\":\"https:\/\/www.wiego.org\/es\/#website\",\"url\":\"https:\/\/www.wiego.org\/es\/\",\"name\":\"WIEGO\",\"description\":\"\",\"publisher\":{\"@id\":\"https:\/\/www.wiego.org\/es\/#organization\"},\"potentialAction\":[{\"@type\":\"SearchAction\",\"target\":{\"@type\":\"EntryPoint\",\"urlTemplate\":\"https:\/\/www.wiego.org\/es\/?s={search_term_string}\"},\"query-input\":{\"@type\":\"PropertyValueSpecification\",\"valueRequired\":true,\"valueName\":\"search_term_string\"}}],\"inLanguage\":\"es-ES\"},{\"@type\":\"Organization\",\"@id\":\"https:\/\/www.wiego.org\/es\/#organization\",\"name\":\"WIEGO\",\"url\":\"https:\/\/www.wiego.org\/es\/\",\"logo\":{\"@type\":\"ImageObject\",\"inLanguage\":\"es-ES\",\"@id\":\"https:\/\/www.wiego.org\/es\/#\/schema\/logo\/image\/\",\"url\":\"https:\/\/www.wiego.org\/wp-content\/uploads\/2024\/12\/logo.svg\",\"contentUrl\":\"https:\/\/www.wiego.org\/wp-content\/uploads\/2024\/12\/logo.svg\",\"width\":142,\"height\":90,\"caption\":\"WIEGO\"},\"image\":{\"@id\":\"https:\/\/www.wiego.org\/es\/#\/schema\/logo\/image\/\"},\"sameAs\":[\"https:\/\/www.facebook.com\/wiegoglobal\/\",\"https:\/\/x.com\/wiegoglobal\",\"https:\/\/www.linkedin.com\/company\/wiego\/\",\"https:\/\/www.youtube.com\/user\/wiegoglobal\"],\"description\":\"WIEGO is a global network that supports the movement of workers in informal employment.\"},{\"@type\":\"BreadcrumbList\",\"itemListElement\":[{\"@type\":\"ListItem\",\"position\":1,\"item\":{\"@id\":\"https:\/\/www.wiego.org\/es\/\",\"name\":\"WIEGO\"}},{\"@type\":\"ListItem\",\"position\":2,\"item\":{\"@id\":\"https:\/\/www.wiego.org\/es\/blog\/\",\"name\":\"Blog WIEGO\"}}],\"@id\":\"\/#breadcrumb\"}]}<\/script>\n<!-- \/ Yoast SEO Premium plugin. -->","yoast_head_json":{"title":"Pol\u00edtica de privacidad de WIEGO - WIEGO","robots":{"index":"index","follow":"follow","max-snippet":"max-snippet:-1","max-image-preview":"max-image-preview:large","max-video-preview":"max-video-preview:-1"},"canonical":"https:\/\/www.wiego.org\/es\/politica-de-privacidad\/","og_locale":"es_ES","og_type":"article","og_title":"Pol\u00edtica de privacidad de WIEGO","og_description":"La presente pol\u00edtica de privacidad se refiere a todo el sitio web de WIEGO, www.wiego.org. No se aplica a las p\u00e1ginas web de otras organizaciones, incluidas aquellas a las que se acceda a trav\u00e9s de un enlace desde el sitio de WIEGO.  Podr\u00e1 navegar por nuestro sitio web sin la necesidad de ingresar su informaci\u00f3n personal.","og_url":"https:\/\/www.wiego.org\/es\/politica-de-privacidad\/","og_site_name":"WIEGO","article_publisher":"https:\/\/www.facebook.com\/wiegoglobal\/","article_modified_time":"2025-02-19T04:00:03+00:00","og_image":[{"width":1024,"height":538,"url":"https:\/\/www.wiego.org\/wp-content\/uploads\/2024\/12\/WIEGO_Open-Graph_option-1-1024x538.png","type":"image\/png"}],"twitter_card":"summary_large_image","twitter_site":"@wiegoglobal","twitter_misc":{"Est. reading time":"3 minutes"},"schema":{"@context":"https:\/\/schema.org","@graph":[{"@type":"WebPage","@id":"https:\/\/www.wiego.org\/es\/politica-de-privacidad\/","url":"https:\/\/www.wiego.org\/es\/politica-de-privacidad\/","name":"Pol\u00edtica de privacidad de WIEGO - WIEGO","isPartOf":{"@id":"https:\/\/www.wiego.org\/es\/#website"},"datePublished":"2019-06-18T17:58:44+00:00","dateModified":"2025-02-19T04:00:03+00:00","breadcrumb":{"@id":"https:\/\/www.wiego.org\/es\/politica-de-privacidad\/#breadcrumb"},"inLanguage":"es-ES","potentialAction":[{"@type":"ReadAction","target":["https:\/\/www.wiego.org\/es\/politica-de-privacidad\/"]}]},{"@type":"WebSite","@id":"https:\/\/www.wiego.org\/es\/#website","url":"https:\/\/www.wiego.org\/es\/","name":"WIEGO","description":"","publisher":{"@id":"https:\/\/www.wiego.org\/es\/#organization"},"potentialAction":[{"@type":"SearchAction","target":{"@type":"EntryPoint","urlTemplate":"https:\/\/www.wiego.org\/es\/?s={search_term_string}"},"query-input":{"@type":"PropertyValueSpecification","valueRequired":true,"valueName":"search_term_string"}}],"inLanguage":"es-ES"},{"@type":"Organization","@id":"https:\/\/www.wiego.org\/es\/#organization","name":"WIEGO","url":"https:\/\/www.wiego.org\/es\/","logo":{"@type":"ImageObject","inLanguage":"es-ES","@id":"https:\/\/www.wiego.org\/es\/#\/schema\/logo\/image\/","url":"https:\/\/www.wiego.org\/wp-content\/uploads\/2024\/12\/logo.svg","contentUrl":"https:\/\/www.wiego.org\/wp-content\/uploads\/2024\/12\/logo.svg","width":142,"height":90,"caption":"WIEGO"},"image":{"@id":"https:\/\/www.wiego.org\/es\/#\/schema\/logo\/image\/"},"sameAs":["https:\/\/www.facebook.com\/wiegoglobal\/","https:\/\/x.com\/wiegoglobal","https:\/\/www.linkedin.com\/company\/wiego\/","https:\/\/www.youtube.com\/user\/wiegoglobal"],"description":"WIEGO is a global network that supports the movement of workers in informal employment."},{"@type":"BreadcrumbList","itemListElement":[{"@type":"ListItem","position":1,"item":{"@id":"https:\/\/www.wiego.org\/es\/","name":"WIEGO"}},{"@type":"ListItem","position":2,"item":{"@id":"https:\/\/www.wiego.org\/es\/blog\/","name":"Blog WIEGO"}}],"@id":"\/#breadcrumb"}]}},"_links":{"self":[{"href":"https:\/\/www.wiego.org\/es\/wp-json\/wp\/v2\/pages\/26231","targetHints":{"allow":["GET"]}}],"collection":[{"href":"https:\/\/www.wiego.org\/es\/wp-json\/wp\/v2\/pages"}],"about":[{"href":"https:\/\/www.wiego.org\/es\/wp-json\/wp\/v2\/types\/page"}],"author":[{"embeddable":true,"href":"https:\/\/www.wiego.org\/es\/wp-json\/wp\/v2\/users\/2"}],"replies":[{"embeddable":true,"href":"https:\/\/www.wiego.org\/es\/wp-json\/wp\/v2\/comments?post=26231"}],"version-history":[{"count":3,"href":"https:\/\/www.wiego.org\/es\/wp-json\/wp\/v2\/pages\/26231\/revisions"}],"predecessor-version":[{"id":45676,"href":"https:\/\/www.wiego.org\/es\/wp-json\/wp\/v2\/pages\/26231\/revisions\/45676"}],"wp:attachment":[{"href":"https:\/\/www.wiego.org\/es\/wp-json\/wp\/v2\/media?parent=26231"}],"curies":[{"name":"wp","href":"https:\/\/api.w.org\/{rel}","templated":true}]}}