{"id":26230,"date":"2019-06-12T17:25:13","date_gmt":"2019-06-12T21:25:13","guid":{"rendered":"https:\/\/wiego.local\/publicaciones-y-materiales-de-referencia\/"},"modified":"2019-06-12T17:25:13","modified_gmt":"2019-06-12T21:25:13","slug":"publicaciones-y-materiales-de-referencia","status":"publish","type":"page","link":"https:\/\/www.wiego.org\/es\/publicaciones-y-materiales-de-referencia\/","title":{"rendered":"Publicaciones y materiales de referencia"},"content":{"rendered":"<p class=\"emphasized-intro-text\"><strong>WIEGO elabora varias publicaciones y diversos materiales de referencia \u2013 desde libros hasta notas informativas, videos y paquetes de capacitaci\u00f3n para las trabajadoras y trabajadores. Pueden descargarse de forma gratuita.<\/strong><\/p>\n<h2>Publicaciones destacadas de WIEGO<\/h2>\n<ul>\n<li><strong><a href=\"https:\/\/www.wiego.org\/wiego-publication-series\">SERIE DE PUBLICACIONES DE WIEGO<\/a><\/strong>. La serie contiene documentos de <strong>trabajo arbitrados<\/strong>, una variedad de <strong>notas informativas<\/strong> y <strong>documentos de referencia<\/strong> que elabora el equipo de investigaci\u00f3n de WIEGO, as\u00ed como otras autoridades en el campo de la econom\u00eda informal.<\/li>\n<li><strong><a href=\"https:\/\/www.wiego.org\/workers-education-capacity-building-materials\">MATERIALES DE EDUCACI\u00d3N Y CAPACITACI\u00d3N PARA TRABAJADORAS Y TRABAJADORES<\/a><\/strong>\u00a0que dise\u00f1amos en WIEGO de la mano de nuestra membres\u00eda y organizaciones socias. Pueden descargarse y compartirse de forma gratuita.<\/li>\n<li><strong><a href=\"https:\/\/www.wiego.org\/peer-reviewed-publications-wiego-team-members-2019-2021\">PUBLICACIONES ARBRITRADAS de nuestro equipo WIEGO<\/a><\/strong>, de acceso libre o restringido.<\/li>\n<li><strong><a href=\"https:\/\/www.wiego.org\/informal-economy\/worker-stories\">HISTORIAS DE LAS TRABAJADORAS<\/a><\/strong>\u00a0que muestran el lado humano de los problemas de la econom\u00eda informal.<\/li>\n<\/ul>\n<h3>Publicaciones y materiales de referencia por tema<\/h3>\n<div class=\"btgrid\">\n<div class=\"row row-1\">\n<div class=\"col col-md-4\">\n<div class=\"content\"><img decoding=\"async\" alt=\"Mujer con ni\u00f1a\/ni\u00f1o\" data-entity-type=\"file\" data-entity-uuid=\"18e67959-72e6-44fe-a400-dca2eabf8c9e\" src=\"\/sites\/default\/files\/inline-images\/Child%20care.jpg\" class=\"align-center\" width=\"248\" height=\"173\" loading=\"lazy\" \/><\/p>\n<h3><a href=\"https:\/\/www.wiego.org\/search?search_api_fulltext=&#038;field_informal_economy_topic%5B379%5D=379&#038;field_informal_economy_topic%5B106%5D=106&#038;type%5Bpublications%5D=publications&#038;type%5Bresource%5D=resource&#038;field_language%5B83%5D=83&#038;field_authors=\">Cuidado infantil y de cuidado a la persona<\/a><\/h3>\n<\/div>\n<\/div>\n<div class=\"col col-md-4\">\n<div class=\"content\"><img decoding=\"async\" alt=\"Mujer en mercado ghan\u00e9s\" data-entity-type=\"file\" data-entity-uuid=\"3cf82481-c824-42a5-83e5-b1875a6b5c96\" src=\"\/sites\/default\/files\/inline-images\/Public%20Space.jpg\" class=\"align-center\" width=\"248\" height=\"173\" loading=\"lazy\" \/><\/p>\n<h3><a href=\"https:\/\/www.wiego.org\/search?search_api_fulltext=&#038;field_informal_economy_topic%5B112%5D=112&#038;type%5Bpublications%5D=publications&#038;type%5Bresource%5D=resource&#038;field_language%5B83%5D=83&#038;field_authors=\">Espacio p\u00fablico<\/a>\u00a0<\/h3>\n<\/div>\n<\/div>\n<div class=\"col col-md-4\">\n<div class=\"content\"><img decoding=\"async\" alt=\"Mujeres estudiantes\" data-entity-type=\"file\" data-entity-uuid=\"5083df1f-a01c-4adb-9c79-71b47ad2fa41\" src=\"\/sites\/default\/files\/inline-images\/Statistics-on-the-informal-economy_1.jpg\" class=\"align-center\" width=\"248\" height=\"173\" loading=\"lazy\" \/><\/p>\n<h3><a href=\"https:\/\/www.wiego.org\/ilo-wiego-statistical-reports\">Estad\u00edsticas sobre la econom\u00eda informal<\/a><\/h3>\n<\/div>\n<\/div>\n<\/div>\n<div class=\"row row-2\">\n<div class=\"col col-md-4\">\n<div class=\"content\"><img decoding=\"async\" alt=\"Mujer vendiendo comida en mercado de Bangkok\" data-entity-type=\"file\" data-entity-uuid=\"fec94a02-4dd2-4b9f-b0ad-e451bcba4dbd\" src=\"\/sites\/default\/files\/inline-images\/Bangkok%20streetvendors%203%20Pailin%20Wedel-HERO.jpg\" class=\"align-center\" width=\"248\" height=\"173\" loading=\"lazy\" \/><\/p>\n<h3><a href=\"https:\/\/www.wiego.org\/search?search_api_fulltext=&#038;field_informal_economy_topic%5B117%5D=117&#038;field_informal_economy_topic%5B109%5D=109&#038;field_informal_economy_topic%5B110%5D=110&#038;field_informal_economy_topic%5B102%5D=102&#038;type%5Bpublications%5D=publications&#038;type%5Bresource%5D=resource&#038;field_language%5B83%5D=83&#038;field_authors=\">Empoderamiento econ\u00f3mico de las mujeres<\/a><\/h3>\n<\/div>\n<\/div>\n<div class=\"col col-md-4\">\n<div class=\"content\"><img decoding=\"async\" alt=\"Recicladora en una cooperativa en Brasil\" data-entity-type=\"file\" data-entity-uuid=\"2e3869d1-2462-4af3-82dd-f9ed801680e7\" src=\"\/sites\/default\/files\/inline-images\/cooperation.jpg\" class=\"align-center\" width=\"248\" height=\"173\" loading=\"lazy\" \/><\/p>\n<h3><a href=\"https:\/\/www.wiego.org\/search?search_api_fulltext=&#038;field_informal_economy_topic%5B100%5D=100&#038;field_informal_economy_topic%5B116%5D=116&#038;type%5Bpublications%5D=publications&#038;type%5Bresource%5D=resource&#038;field_language%5B83%5D=83&#038;field_authors=\">Cooperativas y formas de organizaci\u00f3n entre las trabajadoras en empleo informal<\/a><\/h3>\n<\/div>\n<\/div>\n<div class=\"col col-md-4\">\n<div class=\"content\"><img decoding=\"async\" alt=\"Recicladoras y recicladores en un vertedero en Acra\" data-entity-type=\"file\" data-entity-uuid=\"4a02225b-a20c-48fa-94be-07d6f23e2b5e\" src=\"\/sites\/default\/files\/inline-images\/Workers%20health.jpeg\" class=\"align-center\" width=\"248\" height=\"173\" loading=\"lazy\" \/><\/p>\n<h3><a href=\"https:\/\/www.wiego.org\/search?search_api_fulltext=&#038;field_informal_economy_topic%5B114%5D=114&#038;field_informal_economy_topic%5B115%5D=115&#038;type%5Bpublications%5D=publications&#038;type%5Bresource%5D=resource&#038;field_language%5B83%5D=83&#038;field_authors=\">Seguridad y salud en el lugar de trabajo (de las trabajadoras en empleo informal)<\/a><\/h3>\n<\/div>\n<\/div>\n<\/div>\n<\/div>\n<h3><strong>B\u00fasqueda por grupo ocupacional<\/strong><\/h3>\n<div class=\"btgrid\">\n<div class=\"row row-1\">\n<div class=\"col col-md-3\">\n<div class=\"content\">\n<p class=\"text-align-center\"><strong><a class=\"btn btn-orange\" href=\"https:\/\/www.wiego.org\/search?search_api_fulltext=&#038;field_occupational_group%5B7%5D=7&#038;type%5Bpublications%5D=publications&#038;type%5Bresource%5D=resource&#038;field_language%5B83%5D=83&#038;field_authors=\">Trabajadoras del hogar<\/a><\/strong><\/p>\n<\/div>\n<\/div>\n<div class=\"col col-md-3\">\n<div class=\"content\">\n<p class=\"text-align-center\"><a class=\"btn btn-orange\" href=\"https:\/\/www.wiego.org\/search?search_api_fulltext=&#038;field_occupational_group%5B8%5D=8&#038;type%5Bpublications%5D=publications&#038;type%5Bresource%5D=resource&#038;field_language%5B83%5D=83&#038;field_authors=\"><strong>Trabajadoras a domicilio<\/strong><\/a><\/p>\n<\/div>\n<\/div>\n<div class=\"col col-md-3\">\n<div class=\"content\">\n<p class=\"text-align-center\"><a class=\"btn btn-orange\" href=\"https:\/\/www.wiego.org\/search?search_api_fulltext=&#038;field_occupational_group%5B10%5D=10&#038;type%5Bpublications%5D=publications&#038;type%5Bresource%5D=resource&#038;field_language%5B83%5D=83&#038;field_authors=\"><strong>Recicladoras<\/strong><\/a><\/p>\n<p class=\"text-align-center\">\u00a0 \u00a0 \u00a0 \u00a0<\/p>\n<\/div>\n<\/div>\n<div class=\"col col-md-3\">\n<div class=\"content\">\n<p class=\"text-align-center\">\u00a0<\/p>\n<\/div>\n<\/div>\n<\/div>\n<\/div>\n<div class=\"btgrid\">\n<div class=\"row row-1\">\n<div class=\"col col-md-6\">\n<div class=\"content\">\n<p><a class=\"btn btn-orange\" href=\"https:\/\/www.wiego.org\/search?search_api_fulltext=&#038;field_occupational_group%5B9%5D=9&#038;type%5Bpublications%5D=publications&#038;type%5Bresource%5D=resource&#038;field_language%5B83%5D=83&#038;field_authors=\"><strong>Vendedoras ambulantes y en los mercados<\/strong><\/a><\/p>\n<\/div>\n<\/div>\n<div class=\"col col-md-6\">\n<div class=\"content\">\n<p><a class=\"btn btn-orange\" href=\"https:\/\/www.wiego.org\/search?search_api_fulltext=&#038;field_occupational_group%5B11%5D=11&#038;type%5Bpublications%5D=publications&#038;type%5Bresource%5D=resource&#038;field_language%5B83%5D=83&#038;field_authors=\"><strong>Trabajadoras de la industria del vestido<\/strong><\/a><strong>\u00a0 \u00a0<\/strong><\/p>\n<\/div>\n<\/div>\n<\/div>\n<\/div>\n<div class=\"content\">\n<p class=\"text-align-center\"><strong>\u00a0 \u00a0\u00a0<\/strong><\/p>\n<\/div>\n<p><strong>M\u00c1S INFORMACI\u00d3N \u2013 Puede utilizar nuestro sistema de b\u00fasqueda avanzada para hallar materiales sobre otras \u00e1reas de trabajo de WIEGO y tem\u00e1ticas de la econom\u00eda informal.<\/strong><\/p>\n","protected":false},"excerpt":{"rendered":"<p>WIEGO elabora varias publicaciones y diversos materiales de referencia, incluidos libros, notas informativas, videos y paquetes de capacitaci\u00f3n para las trabajadoras y trabajadores. Todos los materiales se encuentran disponibles de forma gratuita en nuestro sitio web.<\/p>\n","protected":false},"author":2,"featured_media":0,"parent":0,"menu_order":0,"comment_status":"closed","ping_status":"closed","template":"","meta":{"_acf_changed":false,"_relevanssi_hide_post":"","_relevanssi_hide_content":"","_relevanssi_pin_for_all":"","_relevanssi_pin_keywords":"","_relevanssi_unpin_keywords":"","_relevanssi_related_keywords":"","_relevanssi_related_include_ids":"","_relevanssi_related_exclude_ids":"","_relevanssi_related_no_append":"","_relevanssi_related_not_related":"","_relevanssi_related_posts":"","_relevanssi_noindex_reason":"","footnotes":""},"class_list":["post-26230","page","type-page","status-publish","hentry"],"acf":[],"yoast_head":"<!-- This site is optimized with the Yoast SEO Premium plugin v23.8 (Yoast SEO v27.0) - https:\/\/yoast.com\/product\/yoast-seo-premium-wordpress\/ -->\n<title>Publicaciones y materiales de referencia - WIEGO<\/title>\n<meta name=\"robots\" content=\"index, follow, max-snippet:-1, max-image-preview:large, max-video-preview:-1\" \/>\n<link rel=\"canonical\" href=\"https:\/\/www.wiego.org\/es\/publicaciones-y-materiales-de-referencia\/\" \/>\n<meta property=\"og:locale\" content=\"es_ES\" \/>\n<meta property=\"og:type\" content=\"article\" \/>\n<meta property=\"og:title\" content=\"Publicaciones y materiales de referencia\" \/>\n<meta property=\"og:description\" content=\"WIEGO elabora varias publicaciones y diversos materiales de referencia, incluidos libros, notas informativas, videos y paquetes de capacitaci\u00f3n para las trabajadoras y trabajadores. Todos los materiales se encuentran disponibles de forma gratuita en nuestro sitio web.\" \/>\n<meta property=\"og:url\" content=\"https:\/\/www.wiego.org\/es\/publicaciones-y-materiales-de-referencia\/\" \/>\n<meta property=\"og:site_name\" content=\"WIEGO\" \/>\n<meta property=\"article:publisher\" content=\"https:\/\/www.facebook.com\/wiegoglobal\/\" \/>\n<meta property=\"og:image\" content=\"https:\/\/www.wiego.org\/wp-content\/uploads\/2024\/12\/WIEGO_Open-Graph_option-1-1024x538.png\" \/>\n\t<meta property=\"og:image:width\" content=\"1024\" \/>\n\t<meta property=\"og:image:height\" content=\"538\" \/>\n\t<meta property=\"og:image:type\" content=\"image\/png\" \/>\n<meta name=\"twitter:card\" content=\"summary_large_image\" \/>\n<meta name=\"twitter:site\" content=\"@wiegoglobal\" \/>\n<meta name=\"twitter:label1\" content=\"Est. reading time\" \/>\n\t<meta name=\"twitter:data1\" content=\"1 minute\" \/>\n<script type=\"application\/ld+json\" class=\"yoast-schema-graph\">{\"@context\":\"https:\/\/schema.org\",\"@graph\":[{\"@type\":\"WebPage\",\"@id\":\"https:\/\/www.wiego.org\/es\/publicaciones-y-materiales-de-referencia\/\",\"url\":\"https:\/\/www.wiego.org\/es\/publicaciones-y-materiales-de-referencia\/\",\"name\":\"Publicaciones y materiales de referencia - WIEGO\",\"isPartOf\":{\"@id\":\"https:\/\/www.wiego.org\/es\/#website\"},\"datePublished\":\"2019-06-12T21:25:13+00:00\",\"breadcrumb\":{\"@id\":\"https:\/\/www.wiego.org\/es\/publicaciones-y-materiales-de-referencia\/#breadcrumb\"},\"inLanguage\":\"es-ES\",\"potentialAction\":[{\"@type\":\"ReadAction\",\"target\":[\"https:\/\/www.wiego.org\/es\/publicaciones-y-materiales-de-referencia\/\"]}]},{\"@type\":\"WebSite\",\"@id\":\"https:\/\/www.wiego.org\/es\/#website\",\"url\":\"https:\/\/www.wiego.org\/es\/\",\"name\":\"WIEGO\",\"description\":\"\",\"publisher\":{\"@id\":\"https:\/\/www.wiego.org\/es\/#organization\"},\"potentialAction\":[{\"@type\":\"SearchAction\",\"target\":{\"@type\":\"EntryPoint\",\"urlTemplate\":\"https:\/\/www.wiego.org\/es\/?s={search_term_string}\"},\"query-input\":{\"@type\":\"PropertyValueSpecification\",\"valueRequired\":true,\"valueName\":\"search_term_string\"}}],\"inLanguage\":\"es-ES\"},{\"@type\":\"Organization\",\"@id\":\"https:\/\/www.wiego.org\/es\/#organization\",\"name\":\"WIEGO\",\"url\":\"https:\/\/www.wiego.org\/es\/\",\"logo\":{\"@type\":\"ImageObject\",\"inLanguage\":\"es-ES\",\"@id\":\"https:\/\/www.wiego.org\/es\/#\/schema\/logo\/image\/\",\"url\":\"https:\/\/www.wiego.org\/wp-content\/uploads\/2024\/12\/logo.svg\",\"contentUrl\":\"https:\/\/www.wiego.org\/wp-content\/uploads\/2024\/12\/logo.svg\",\"width\":142,\"height\":90,\"caption\":\"WIEGO\"},\"image\":{\"@id\":\"https:\/\/www.wiego.org\/es\/#\/schema\/logo\/image\/\"},\"sameAs\":[\"https:\/\/www.facebook.com\/wiegoglobal\/\",\"https:\/\/x.com\/wiegoglobal\",\"https:\/\/www.linkedin.com\/company\/wiego\/\",\"https:\/\/www.youtube.com\/user\/wiegoglobal\"],\"description\":\"WIEGO is a global network that supports the movement of workers in informal employment.\"},{\"@type\":\"BreadcrumbList\",\"itemListElement\":[{\"@type\":\"ListItem\",\"position\":1,\"item\":{\"@id\":\"https:\/\/www.wiego.org\/es\/\",\"name\":\"WIEGO\"}},{\"@type\":\"ListItem\",\"position\":2,\"item\":{\"@id\":\"https:\/\/www.wiego.org\/es\/blog\/\",\"name\":\"Blog WIEGO\"}}],\"@id\":\"\/#breadcrumb\"}]}<\/script>\n<!-- \/ Yoast SEO Premium plugin. -->","yoast_head_json":{"title":"Publicaciones y materiales de referencia - WIEGO","robots":{"index":"index","follow":"follow","max-snippet":"max-snippet:-1","max-image-preview":"max-image-preview:large","max-video-preview":"max-video-preview:-1"},"canonical":"https:\/\/www.wiego.org\/es\/publicaciones-y-materiales-de-referencia\/","og_locale":"es_ES","og_type":"article","og_title":"Publicaciones y materiales de referencia","og_description":"WIEGO elabora varias publicaciones y diversos materiales de referencia, incluidos libros, notas informativas, videos y paquetes de capacitaci\u00f3n para las trabajadoras y trabajadores. Todos los materiales se encuentran disponibles de forma gratuita en nuestro sitio web.","og_url":"https:\/\/www.wiego.org\/es\/publicaciones-y-materiales-de-referencia\/","og_site_name":"WIEGO","article_publisher":"https:\/\/www.facebook.com\/wiegoglobal\/","og_image":[{"width":1024,"height":538,"url":"https:\/\/www.wiego.org\/wp-content\/uploads\/2024\/12\/WIEGO_Open-Graph_option-1-1024x538.png","type":"image\/png"}],"twitter_card":"summary_large_image","twitter_site":"@wiegoglobal","twitter_misc":{"Est. reading time":"1 minute"},"schema":{"@context":"https:\/\/schema.org","@graph":[{"@type":"WebPage","@id":"https:\/\/www.wiego.org\/es\/publicaciones-y-materiales-de-referencia\/","url":"https:\/\/www.wiego.org\/es\/publicaciones-y-materiales-de-referencia\/","name":"Publicaciones y materiales de referencia - WIEGO","isPartOf":{"@id":"https:\/\/www.wiego.org\/es\/#website"},"datePublished":"2019-06-12T21:25:13+00:00","breadcrumb":{"@id":"https:\/\/www.wiego.org\/es\/publicaciones-y-materiales-de-referencia\/#breadcrumb"},"inLanguage":"es-ES","potentialAction":[{"@type":"ReadAction","target":["https:\/\/www.wiego.org\/es\/publicaciones-y-materiales-de-referencia\/"]}]},{"@type":"WebSite","@id":"https:\/\/www.wiego.org\/es\/#website","url":"https:\/\/www.wiego.org\/es\/","name":"WIEGO","description":"","publisher":{"@id":"https:\/\/www.wiego.org\/es\/#organization"},"potentialAction":[{"@type":"SearchAction","target":{"@type":"EntryPoint","urlTemplate":"https:\/\/www.wiego.org\/es\/?s={search_term_string}"},"query-input":{"@type":"PropertyValueSpecification","valueRequired":true,"valueName":"search_term_string"}}],"inLanguage":"es-ES"},{"@type":"Organization","@id":"https:\/\/www.wiego.org\/es\/#organization","name":"WIEGO","url":"https:\/\/www.wiego.org\/es\/","logo":{"@type":"ImageObject","inLanguage":"es-ES","@id":"https:\/\/www.wiego.org\/es\/#\/schema\/logo\/image\/","url":"https:\/\/www.wiego.org\/wp-content\/uploads\/2024\/12\/logo.svg","contentUrl":"https:\/\/www.wiego.org\/wp-content\/uploads\/2024\/12\/logo.svg","width":142,"height":90,"caption":"WIEGO"},"image":{"@id":"https:\/\/www.wiego.org\/es\/#\/schema\/logo\/image\/"},"sameAs":["https:\/\/www.facebook.com\/wiegoglobal\/","https:\/\/x.com\/wiegoglobal","https:\/\/www.linkedin.com\/company\/wiego\/","https:\/\/www.youtube.com\/user\/wiegoglobal"],"description":"WIEGO is a global network that supports the movement of workers in informal employment."},{"@type":"BreadcrumbList","itemListElement":[{"@type":"ListItem","position":1,"item":{"@id":"https:\/\/www.wiego.org\/es\/","name":"WIEGO"}},{"@type":"ListItem","position":2,"item":{"@id":"https:\/\/www.wiego.org\/es\/blog\/","name":"Blog WIEGO"}}],"@id":"\/#breadcrumb"}]}},"_links":{"self":[{"href":"https:\/\/www.wiego.org\/es\/wp-json\/wp\/v2\/pages\/26230","targetHints":{"allow":["GET"]}}],"collection":[{"href":"https:\/\/www.wiego.org\/es\/wp-json\/wp\/v2\/pages"}],"about":[{"href":"https:\/\/www.wiego.org\/es\/wp-json\/wp\/v2\/types\/page"}],"author":[{"embeddable":true,"href":"https:\/\/www.wiego.org\/es\/wp-json\/wp\/v2\/users\/2"}],"replies":[{"embeddable":true,"href":"https:\/\/www.wiego.org\/es\/wp-json\/wp\/v2\/comments?post=26230"}],"version-history":[{"count":0,"href":"https:\/\/www.wiego.org\/es\/wp-json\/wp\/v2\/pages\/26230\/revisions"}],"wp:attachment":[{"href":"https:\/\/www.wiego.org\/es\/wp-json\/wp\/v2\/media?parent=26230"}],"curies":[{"name":"wp","href":"https:\/\/api.w.org\/{rel}","templated":true}]}}